{"id":3480,"date":"2018-07-20T10:06:20","date_gmt":"2018-07-20T10:06:20","guid":{"rendered":"https:\/\/www.sendblaster.com\/?page_id=3480"},"modified":"2018-07-20T10:06:20","modified_gmt":"2018-07-20T10:06:20","slug":"buelten-yazilimi-tekrar-eden-uecretler-olmadan-toplu-e-posta-goenderimi","status":"publish","type":"page","link":"https:\/\/www.sendblaster.com\/tr\/buelten-yazilimi-tekrar-eden-uecretler-olmadan-toplu-e-posta-goenderimi\/","title":{"rendered":"B\u00fclten yaz\u0131l\u0131m\u0131: tekrar eden \u00fccretler olmadan toplu e-posta g\u00f6nderimi"},"content":{"rendered":"<p style=\"text-align: center;\"><img decoding=\"async\" width=\"800\" height=\"509\" src=\"https:\/\/www.sendblaster.com\/wp-content\/uploads\/2018\/04\/100_free_newsletter-software.png\" alt=\"B\u00fclten yaz\u0131l\u0131m\u0131: tekrar eden \u00fccretler olmadan toplu e-posta g\u00f6nderimi\" class=\"features-image\" \/><\/p>\n<p>The <strong>Email newsletter software<\/strong> is a <strong>software that manages a mailing list<\/strong> and sends <strong>mass newsletter emailings<\/strong>. That&#8217;s why a newsletter software is also called bulk emailing software. An email newsletter software is used to communicate with customers and friends by creating and sending personalized bulk e-mails to the contacts in a mailing list database.  A complete newsletter software suite is, in fact, an <strong>email marketing software<\/strong>: it integrates the mailing list <strong>subscription<\/strong> modules within a website to gather new recipients automatically. Each mass email can include an <a href=\"https:\/\/www.sendblaster.com\/..\/support\/newsletter-creation\/how-insert-unsubscribe-link-your-e-mail\" title=\"support, newsletter creation, how insert unsubscribe link your email\">unsubscribe link<\/a>, to let users cancel their newsletter subscription.  We feature 2 different bulk emailer softwares:<\/p>\n<ul>\n<li><a href=\"indir\" title=\"indir\"><strong>Download e-newsletter software freeware<\/strong><\/a> version (sends 100 emails daily) price: <strong>Free<\/strong>.<\/li>\n<li><a href=\"satin-al\" title=\"satin al\"><strong>Pro bulk email newsletter software<\/strong><\/a> (unlimited emails and sends attachments) lifetime license price:<strong> 85 Euro<\/strong>.<\/li>\n<\/ul>\n<p>&nbsp;<\/p>\n<p>\nStarting your <strong>e-mail marketing newsletter campaign<\/strong> is a matter of minutes with SendBlaster Bulk eMailer: <a href=\"indir\" title=\"indir\">download <strong>Free email marketing Newsletter Software<\/strong><\/a> and:<\/p>\n<ol>\n<li><strong>Compose<\/strong> your email message or choose one of the free newsletters template<\/li>\n<li><a href=\"destek\/listeler-aktarma\/liste-aktarimi\" title=\"destek, listeler aktarma, liste aktarimi\"><strong>Import<\/strong> .csv contact list<\/a> and create an email marketing database from scratch<\/li>\n<li><strong>Send<\/strong> newsletters advertising and bulk emailings, pause and re-start<\/li>\n<li><strong>Clean<\/strong> the mailing list from bounce-backs and bad email addresses<\/li>\n<\/ol>\n<p>SendBlaster program is an email newsletter software <a href=\"indir\" title=\"indir\">complete solution to <strong>send bulk emails<\/strong><\/a>:<\/p>\n<ul>\n<li>a <strong>email composer<\/strong> (comes with plenty of ready to send <a href=\"email-newsletter-templates-0\" title=\"email newsletter templates 0\">email templates<\/a>)<\/li>\n<li>send to inbox your <strong>spam free emails<\/strong> (using the <a href=\"http:\/\/www.mailingcheck.com\" title=\"free spam check rate software\">free spam check utility<\/a>)<\/li>\n<li>the newsletter mailing list manager that sends mass advertisement emails with <a href=\"https:\/\/www.sendblaster.com\/..\/support\/newsletter-creation\/images-embedding\" title=\"support, newsletter creation, images embedding\">embedded images .gif and .jpg<\/a><\/li>\n<li>a <strong>fast SMTP bulk e-mail sender<\/strong> with mass <a href=\"https:\/\/www.sendblaster.com\/..\/support\/newsletter-creation\/email-personalization-using-email-merge\" title=\"support, newsletter creation, email personalization using email merge\"><strong>email merging<\/strong><\/a><\/li>\n<\/ul>\n<p>SendBlaster software for newsletter imports mailing list prospects from Yahoo!, Gmail and MSN<\/p>\n<ul>\n<li><a href=\"https:\/\/www.sendblaster.com\/..\/support\/lists-importing\/importing-email-contacts-csv-yahoo\" title=\"support, lists importing, importing email contacts csv yahoo\">send bulk emailings to Yahoo! exported contacts<\/a><\/li>\n<li><a href=\"https:\/\/www.sendblaster.com\/..\/support\/lists-importing\/import-msn-contacts-csv\" title=\"support, lists importing, import msn contacts csv\">send newsletter emails to MSN Live exported contacts<\/a><\/li>\n<li><a href=\"https:\/\/www.sendblaster.com\/..\/support\/lists-importing\/import-gmail-contacts\" title=\"support, lists importing, import gmail contacts\">send mass emails to Google Gmail exported contacts<\/a><\/li>\n<\/ul>\n","protected":false},"excerpt":{"rendered":"<p>The Email newsletter software is a software that manages a mailing list and sends mass newsletter emailings. That&#8217;s why a newsletter software is also called bulk emailing software. An email newsletter software is used to communicate with customers and friends <\/p>\n<p class=\"read-more-container\"><a class=\"button read-more\" href=\"https:\/\/www.sendblaster.com\/tr\/buelten-yazilimi-tekrar-eden-uecretler-olmadan-toplu-e-posta-goenderimi\/\" title=\"\">Okumaya devam et<\/a><\/p>\n","protected":false},"author":1,"featured_media":0,"parent":0,"menu_order":0,"comment_status":"closed","ping_status":"closed","template":"","meta":{"_monsterinsights_skip_tracking":false,"_monsterinsights_sitenote_active":false,"_monsterinsights_sitenote_note":"","_monsterinsights_sitenote_category":0,"footnotes":""},"class_list":["post-3480","page","type-page","status-publish"],"yoast_head":"<!-- This site is optimized with the Yoast SEO plugin v23.5 - https:\/\/yoast.com\/wordpress\/plugins\/seo\/ -->\n<title>B\u00fclten yaz\u0131l\u0131m\u0131: tekrar eden \u00fccretler olmadan toplu e-posta g\u00f6nderimi - SendBlaster Toplu mesaj g\u00f6nderim yaz\u0131l\u0131m\u0131<\/title>\n<meta name=\"description\" content=\"SendBlaster Toplu mesaj g\u00f6nderim yaz\u0131l\u0131m\u0131 B\u00fclten yaz\u0131l\u0131m\u0131: tekrar eden \u00fccretler olmadan toplu e-posta g\u00f6nderimi The Email newsletter software is a software that manages a mailing list and sends mass newsletter emailings. That&#039;s why a newsletter software is also\" \/>\n<meta name=\"robots\" content=\"index, follow, max-snippet:-1, max-image-preview:large, max-video-preview:-1\" \/>\n<link rel=\"canonical\" href=\"https:\/\/www.sendblaster.com\/tr\/buelten-yazilimi-tekrar-eden-uecretler-olmadan-toplu-e-posta-goenderimi\/\" \/>\n<meta property=\"og:locale\" content=\"tr_TR\" \/>\n<meta property=\"og:type\" content=\"article\" \/>\n<meta property=\"og:title\" content=\"B\u00fclten yaz\u0131l\u0131m\u0131: tekrar eden \u00fccretler olmadan toplu e-posta g\u00f6nderimi - SendBlaster Toplu mesaj g\u00f6nderim yaz\u0131l\u0131m\u0131\" \/>\n<meta property=\"og:description\" content=\"SendBlaster Toplu mesaj g\u00f6nderim yaz\u0131l\u0131m\u0131 B\u00fclten yaz\u0131l\u0131m\u0131: tekrar eden \u00fccretler olmadan toplu e-posta g\u00f6nderimi The Email newsletter software is a software that manages a mailing list and sends mass newsletter emailings. That&#039;s why a newsletter software is also\" \/>\n<meta property=\"og:url\" content=\"https:\/\/www.sendblaster.com\/tr\/buelten-yazilimi-tekrar-eden-uecretler-olmadan-toplu-e-posta-goenderimi\/\" \/>\n<meta property=\"og:site_name\" content=\"SendBlaster Toplu mesaj g\u00f6nderim yaz\u0131l\u0131m\u0131\" \/>\n<meta property=\"og:image\" content=\"https:\/\/www.sendblaster.com\/wp-content\/uploads\/2018\/04\/100_free_newsletter-software.png\" \/>\n<meta name=\"twitter:card\" content=\"summary_large_image\" \/>\n<meta name=\"twitter:label1\" content=\"Tahmini okuma s\u00fcresi\" \/>\n\t<meta name=\"twitter:data1\" content=\"1 dakika\" \/>\n<script type=\"application\/ld+json\" class=\"yoast-schema-graph\">{\"@context\":\"https:\/\/schema.org\",\"@graph\":[{\"@type\":\"WebPage\",\"@id\":\"https:\/\/www.sendblaster.com\/tr\/buelten-yazilimi-tekrar-eden-uecretler-olmadan-toplu-e-posta-goenderimi\/\",\"url\":\"https:\/\/www.sendblaster.com\/tr\/buelten-yazilimi-tekrar-eden-uecretler-olmadan-toplu-e-posta-goenderimi\/\",\"name\":\"B\u00fclten yaz\u0131l\u0131m\u0131: tekrar eden \u00fccretler olmadan toplu e-posta g\u00f6nderimi - SendBlaster Toplu mesaj g\u00f6nderim yaz\u0131l\u0131m\u0131\",\"isPartOf\":{\"@id\":\"https:\/\/www.sendblaster.com\/#website\"},\"primaryImageOfPage\":{\"@id\":\"https:\/\/www.sendblaster.com\/tr\/buelten-yazilimi-tekrar-eden-uecretler-olmadan-toplu-e-posta-goenderimi\/#primaryimage\"},\"image\":{\"@id\":\"https:\/\/www.sendblaster.com\/tr\/buelten-yazilimi-tekrar-eden-uecretler-olmadan-toplu-e-posta-goenderimi\/#primaryimage\"},\"thumbnailUrl\":\"https:\/\/www.sendblaster.com\/wp-content\/uploads\/2018\/04\/100_free_newsletter-software.png\",\"datePublished\":\"2018-07-20T10:06:20+00:00\",\"dateModified\":\"2018-07-20T10:06:20+00:00\",\"description\":\"SendBlaster Toplu mesaj g\u00f6nderim yaz\u0131l\u0131m\u0131 B\u00fclten yaz\u0131l\u0131m\u0131: tekrar eden \u00fccretler olmadan toplu e-posta g\u00f6nderimi The Email newsletter software is a software that manages a mailing list and sends mass newsletter emailings. That's why a newsletter software is also\",\"breadcrumb\":{\"@id\":\"https:\/\/www.sendblaster.com\/tr\/buelten-yazilimi-tekrar-eden-uecretler-olmadan-toplu-e-posta-goenderimi\/#breadcrumb\"},\"inLanguage\":\"tr\",\"potentialAction\":[{\"@type\":\"ReadAction\",\"target\":[\"https:\/\/www.sendblaster.com\/tr\/buelten-yazilimi-tekrar-eden-uecretler-olmadan-toplu-e-posta-goenderimi\/\"]}]},{\"@type\":\"ImageObject\",\"inLanguage\":\"tr\",\"@id\":\"https:\/\/www.sendblaster.com\/tr\/buelten-yazilimi-tekrar-eden-uecretler-olmadan-toplu-e-posta-goenderimi\/#primaryimage\",\"url\":\"https:\/\/www.sendblaster.com\/wp-content\/uploads\/2018\/04\/100_free_newsletter-software.png\",\"contentUrl\":\"https:\/\/www.sendblaster.com\/wp-content\/uploads\/2018\/04\/100_free_newsletter-software.png\"},{\"@type\":\"BreadcrumbList\",\"@id\":\"https:\/\/www.sendblaster.com\/tr\/buelten-yazilimi-tekrar-eden-uecretler-olmadan-toplu-e-posta-goenderimi\/#breadcrumb\",\"itemListElement\":[{\"@type\":\"ListItem\",\"position\":1,\"name\":\"Home\",\"item\":\"https:\/\/www.sendblaster.com\/tr\/\"},{\"@type\":\"ListItem\",\"position\":2,\"name\":\"B\u00fclten yaz\u0131l\u0131m\u0131: tekrar eden \u00fccretler olmadan toplu e-posta g\u00f6nderimi\"}]},{\"@type\":\"WebSite\",\"@id\":\"https:\/\/www.sendblaster.com\/#website\",\"url\":\"https:\/\/www.sendblaster.com\/\",\"name\":\"SendBlaster Toplu mesaj g\u00f6nderim yaz\u0131l\u0131m\u0131\",\"description\":\"\",\"publisher\":{\"@id\":\"https:\/\/www.sendblaster.com\/#organization\"},\"potentialAction\":[{\"@type\":\"SearchAction\",\"target\":{\"@type\":\"EntryPoint\",\"urlTemplate\":\"https:\/\/www.sendblaster.com\/?s={search_term_string}\"},\"query-input\":{\"@type\":\"PropertyValueSpecification\",\"valueRequired\":true,\"valueName\":\"search_term_string\"}}],\"inLanguage\":\"tr\"},{\"@type\":\"Organization\",\"@id\":\"https:\/\/www.sendblaster.com\/#organization\",\"name\":\"SendBlaster Toplu mesaj g\u00f6nderim yaz\u0131l\u0131m\u0131\",\"url\":\"https:\/\/www.sendblaster.com\/\",\"logo\":{\"@type\":\"ImageObject\",\"inLanguage\":\"tr\",\"@id\":\"https:\/\/www.sendblaster.com\/#\/schema\/logo\/image\/\",\"url\":\"https:\/\/www.sendblaster.com\/wp-content\/uploads\/2021\/09\/logo-svg-2021.svg\",\"contentUrl\":\"https:\/\/www.sendblaster.com\/wp-content\/uploads\/2021\/09\/logo-svg-2021.svg\",\"width\":350,\"height\":70,\"caption\":\"SendBlaster Toplu mesaj g\u00f6nderim yaz\u0131l\u0131m\u0131\"},\"image\":{\"@id\":\"https:\/\/www.sendblaster.com\/#\/schema\/logo\/image\/\"}}]}<\/script>\n<!-- \/ Yoast SEO plugin. -->","yoast_head_json":{"title":"B\u00fclten yaz\u0131l\u0131m\u0131: tekrar eden \u00fccretler olmadan toplu e-posta g\u00f6nderimi - SendBlaster Toplu mesaj g\u00f6nderim yaz\u0131l\u0131m\u0131","description":"SendBlaster Toplu mesaj g\u00f6nderim yaz\u0131l\u0131m\u0131 B\u00fclten yaz\u0131l\u0131m\u0131: tekrar eden \u00fccretler olmadan toplu e-posta g\u00f6nderimi The Email newsletter software is a software that manages a mailing list and sends mass newsletter emailings. That's why a newsletter software is also","robots":{"index":"index","follow":"follow","max-snippet":"max-snippet:-1","max-image-preview":"max-image-preview:large","max-video-preview":"max-video-preview:-1"},"canonical":"https:\/\/www.sendblaster.com\/tr\/buelten-yazilimi-tekrar-eden-uecretler-olmadan-toplu-e-posta-goenderimi\/","og_locale":"tr_TR","og_type":"article","og_title":"B\u00fclten yaz\u0131l\u0131m\u0131: tekrar eden \u00fccretler olmadan toplu e-posta g\u00f6nderimi - SendBlaster Toplu mesaj g\u00f6nderim yaz\u0131l\u0131m\u0131","og_description":"SendBlaster Toplu mesaj g\u00f6nderim yaz\u0131l\u0131m\u0131 B\u00fclten yaz\u0131l\u0131m\u0131: tekrar eden \u00fccretler olmadan toplu e-posta g\u00f6nderimi The Email newsletter software is a software that manages a mailing list and sends mass newsletter emailings. That's why a newsletter software is also","og_url":"https:\/\/www.sendblaster.com\/tr\/buelten-yazilimi-tekrar-eden-uecretler-olmadan-toplu-e-posta-goenderimi\/","og_site_name":"SendBlaster Toplu mesaj g\u00f6nderim yaz\u0131l\u0131m\u0131","og_image":[{"url":"https:\/\/www.sendblaster.com\/wp-content\/uploads\/2018\/04\/100_free_newsletter-software.png"}],"twitter_card":"summary_large_image","twitter_misc":{"Tahmini okuma s\u00fcresi":"1 dakika"},"schema":{"@context":"https:\/\/schema.org","@graph":[{"@type":"WebPage","@id":"https:\/\/www.sendblaster.com\/tr\/buelten-yazilimi-tekrar-eden-uecretler-olmadan-toplu-e-posta-goenderimi\/","url":"https:\/\/www.sendblaster.com\/tr\/buelten-yazilimi-tekrar-eden-uecretler-olmadan-toplu-e-posta-goenderimi\/","name":"B\u00fclten yaz\u0131l\u0131m\u0131: tekrar eden \u00fccretler olmadan toplu e-posta g\u00f6nderimi - SendBlaster Toplu mesaj g\u00f6nderim yaz\u0131l\u0131m\u0131","isPartOf":{"@id":"https:\/\/www.sendblaster.com\/#website"},"primaryImageOfPage":{"@id":"https:\/\/www.sendblaster.com\/tr\/buelten-yazilimi-tekrar-eden-uecretler-olmadan-toplu-e-posta-goenderimi\/#primaryimage"},"image":{"@id":"https:\/\/www.sendblaster.com\/tr\/buelten-yazilimi-tekrar-eden-uecretler-olmadan-toplu-e-posta-goenderimi\/#primaryimage"},"thumbnailUrl":"https:\/\/www.sendblaster.com\/wp-content\/uploads\/2018\/04\/100_free_newsletter-software.png","datePublished":"2018-07-20T10:06:20+00:00","dateModified":"2018-07-20T10:06:20+00:00","description":"SendBlaster Toplu mesaj g\u00f6nderim yaz\u0131l\u0131m\u0131 B\u00fclten yaz\u0131l\u0131m\u0131: tekrar eden \u00fccretler olmadan toplu e-posta g\u00f6nderimi The Email newsletter software is a software that manages a mailing list and sends mass newsletter emailings. That's why a newsletter software is also","breadcrumb":{"@id":"https:\/\/www.sendblaster.com\/tr\/buelten-yazilimi-tekrar-eden-uecretler-olmadan-toplu-e-posta-goenderimi\/#breadcrumb"},"inLanguage":"tr","potentialAction":[{"@type":"ReadAction","target":["https:\/\/www.sendblaster.com\/tr\/buelten-yazilimi-tekrar-eden-uecretler-olmadan-toplu-e-posta-goenderimi\/"]}]},{"@type":"ImageObject","inLanguage":"tr","@id":"https:\/\/www.sendblaster.com\/tr\/buelten-yazilimi-tekrar-eden-uecretler-olmadan-toplu-e-posta-goenderimi\/#primaryimage","url":"https:\/\/www.sendblaster.com\/wp-content\/uploads\/2018\/04\/100_free_newsletter-software.png","contentUrl":"https:\/\/www.sendblaster.com\/wp-content\/uploads\/2018\/04\/100_free_newsletter-software.png"},{"@type":"BreadcrumbList","@id":"https:\/\/www.sendblaster.com\/tr\/buelten-yazilimi-tekrar-eden-uecretler-olmadan-toplu-e-posta-goenderimi\/#breadcrumb","itemListElement":[{"@type":"ListItem","position":1,"name":"Home","item":"https:\/\/www.sendblaster.com\/tr\/"},{"@type":"ListItem","position":2,"name":"B\u00fclten yaz\u0131l\u0131m\u0131: tekrar eden \u00fccretler olmadan toplu e-posta g\u00f6nderimi"}]},{"@type":"WebSite","@id":"https:\/\/www.sendblaster.com\/#website","url":"https:\/\/www.sendblaster.com\/","name":"SendBlaster Toplu mesaj g\u00f6nderim yaz\u0131l\u0131m\u0131","description":"","publisher":{"@id":"https:\/\/www.sendblaster.com\/#organization"},"potentialAction":[{"@type":"SearchAction","target":{"@type":"EntryPoint","urlTemplate":"https:\/\/www.sendblaster.com\/?s={search_term_string}"},"query-input":{"@type":"PropertyValueSpecification","valueRequired":true,"valueName":"search_term_string"}}],"inLanguage":"tr"},{"@type":"Organization","@id":"https:\/\/www.sendblaster.com\/#organization","name":"SendBlaster Toplu mesaj g\u00f6nderim yaz\u0131l\u0131m\u0131","url":"https:\/\/www.sendblaster.com\/","logo":{"@type":"ImageObject","inLanguage":"tr","@id":"https:\/\/www.sendblaster.com\/#\/schema\/logo\/image\/","url":"https:\/\/www.sendblaster.com\/wp-content\/uploads\/2021\/09\/logo-svg-2021.svg","contentUrl":"https:\/\/www.sendblaster.com\/wp-content\/uploads\/2021\/09\/logo-svg-2021.svg","width":350,"height":70,"caption":"SendBlaster Toplu mesaj g\u00f6nderim yaz\u0131l\u0131m\u0131"},"image":{"@id":"https:\/\/www.sendblaster.com\/#\/schema\/logo\/image\/"}}]}},"_links":{"self":[{"href":"https:\/\/www.sendblaster.com\/tr\/wp-json\/wp\/v2\/pages\/3480"}],"collection":[{"href":"https:\/\/www.sendblaster.com\/tr\/wp-json\/wp\/v2\/pages"}],"about":[{"href":"https:\/\/www.sendblaster.com\/tr\/wp-json\/wp\/v2\/types\/page"}],"author":[{"embeddable":true,"href":"https:\/\/www.sendblaster.com\/tr\/wp-json\/wp\/v2\/users\/1"}],"replies":[{"embeddable":true,"href":"https:\/\/www.sendblaster.com\/tr\/wp-json\/wp\/v2\/comments?post=3480"}],"version-history":[{"count":1,"href":"https:\/\/www.sendblaster.com\/tr\/wp-json\/wp\/v2\/pages\/3480\/revisions"}],"predecessor-version":[{"id":3481,"href":"https:\/\/www.sendblaster.com\/tr\/wp-json\/wp\/v2\/pages\/3480\/revisions\/3481"}],"wp:attachment":[{"href":"https:\/\/www.sendblaster.com\/tr\/wp-json\/wp\/v2\/media?parent=3480"}],"curies":[{"name":"wp","href":"https:\/\/api.w.org\/{rel}","templated":true}]}}