{"id":3478,"date":"2018-07-20T10:00:18","date_gmt":"2018-07-20T10:00:18","guid":{"rendered":"https:\/\/www.sendblaster.com\/?page_id=3478"},"modified":"2018-07-20T10:00:18","modified_gmt":"2018-07-20T10:00:18","slug":"asp-tek-opt-ve-cift-opt-form-mesajlasma-programlari","status":"publish","type":"page","link":"https:\/\/www.sendblaster.com\/tr\/asp-tek-opt-ve-cift-opt-form-mesajlasma-programlari\/","title":{"rendered":"ASP tek opt-in ve \u00e7ift opt-in form mesajla\u015fma programlar\u0131"},"content":{"rendered":"<p>PHP is supported by Windows too, and most providers offer PHP with their Windows server; we encourage using our PHP scripts both on Linux (Apache) and on Windows (Apache or IIS) servers as they are multi-platform and more frequently maintained. We also give <strong>Classic ASP formmail<\/strong> versions of some of the scripts, here are the ASP form mail double optin and single optin download links for newsletter subscription:<\/p>\n<ul>\n<li><a href=\"https:\/\/www.sendblaster.com\/services\/download\/download.php?program=newsletterasp\" title=\"formail asp modules newsletter subscription\"><strong>ASP newsletter subscription formail script<\/strong><\/a><\/li>\n<li><a href=\"https:\/\/www.sendblaster.com\/services\/download\/download.php?program=allfieldsasp\"><strong>ASP opt-in form mail script all fields<\/strong><\/a><\/li>\n<li><a href=\"https:\/\/www.sendblaster.com\/services\/download\/download.php?program=doubleoptinasp\"><strong>ASP double opt-in form mail scripts with all field<\/strong><\/a><\/li>\n<\/ul>\n<p>Each script works with SendBlaster Bulk Emailer software and gathers inside SendBlaster your new mailing list members subscriptions.<\/p>\n","protected":false},"excerpt":{"rendered":"<p>PHP is supported by Windows too, and most providers offer PHP with their Windows server; we encourage using our PHP scripts both on Linux (Apache) and on Windows (Apache or IIS) servers as they are multi-platform and more frequently maintained. <\/p>\n<p class=\"read-more-container\"><a class=\"button read-more\" href=\"https:\/\/www.sendblaster.com\/tr\/asp-tek-opt-ve-cift-opt-form-mesajlasma-programlari\/\" title=\"\">Okumaya devam et<\/a><\/p>\n","protected":false},"author":1,"featured_media":0,"parent":0,"menu_order":0,"comment_status":"closed","ping_status":"closed","template":"g1_template_page_sidebar_right.php","meta":{"_monsterinsights_skip_tracking":false,"_monsterinsights_sitenote_active":false,"_monsterinsights_sitenote_note":"","_monsterinsights_sitenote_category":0,"footnotes":""},"class_list":["post-3478","page","type-page","status-publish"],"yoast_head":"<!-- This site is optimized with the Yoast SEO plugin v23.5 - https:\/\/yoast.com\/wordpress\/plugins\/seo\/ -->\n<title>ASP tek opt-in ve \u00e7ift opt-in form mesajla\u015fma programlar\u0131 - SendBlaster Toplu mesaj g\u00f6nderim yaz\u0131l\u0131m\u0131<\/title>\n<meta name=\"description\" content=\"SendBlaster Toplu mesaj g\u00f6nderim yaz\u0131l\u0131m\u0131 ASP tek opt-in ve \u00e7ift opt-in form mesajla\u015fma programlar\u0131 PHP is supported by Windows too, and most providers offer PHP with their Windows server; we encourage using our PHP scripts both on Linux (Apache) and on\" \/>\n<meta name=\"robots\" content=\"index, follow, max-snippet:-1, max-image-preview:large, max-video-preview:-1\" \/>\n<link rel=\"canonical\" href=\"https:\/\/www.sendblaster.com\/tr\/asp-tek-opt-ve-cift-opt-form-mesajlasma-programlari\/\" \/>\n<meta property=\"og:locale\" content=\"tr_TR\" \/>\n<meta property=\"og:type\" content=\"article\" \/>\n<meta property=\"og:title\" content=\"ASP tek opt-in ve \u00e7ift opt-in form mesajla\u015fma programlar\u0131 - SendBlaster Toplu mesaj g\u00f6nderim yaz\u0131l\u0131m\u0131\" \/>\n<meta property=\"og:description\" content=\"SendBlaster Toplu mesaj g\u00f6nderim yaz\u0131l\u0131m\u0131 ASP tek opt-in ve \u00e7ift opt-in form mesajla\u015fma programlar\u0131 PHP is supported by Windows too, and most providers offer PHP with their Windows server; we encourage using our PHP scripts both on Linux (Apache) and on\" \/>\n<meta property=\"og:url\" content=\"https:\/\/www.sendblaster.com\/tr\/asp-tek-opt-ve-cift-opt-form-mesajlasma-programlari\/\" \/>\n<meta property=\"og:site_name\" content=\"SendBlaster Toplu mesaj g\u00f6nderim yaz\u0131l\u0131m\u0131\" \/>\n<meta name=\"twitter:card\" content=\"summary_large_image\" \/>\n<meta name=\"twitter:label1\" content=\"Tahmini okuma s\u00fcresi\" \/>\n\t<meta name=\"twitter:data1\" content=\"1 dakika\" \/>\n<script type=\"application\/ld+json\" class=\"yoast-schema-graph\">{\"@context\":\"https:\/\/schema.org\",\"@graph\":[{\"@type\":\"WebPage\",\"@id\":\"https:\/\/www.sendblaster.com\/tr\/asp-tek-opt-ve-cift-opt-form-mesajlasma-programlari\/\",\"url\":\"https:\/\/www.sendblaster.com\/tr\/asp-tek-opt-ve-cift-opt-form-mesajlasma-programlari\/\",\"name\":\"ASP tek opt-in ve \u00e7ift opt-in form mesajla\u015fma programlar\u0131 - SendBlaster Toplu mesaj g\u00f6nderim yaz\u0131l\u0131m\u0131\",\"isPartOf\":{\"@id\":\"https:\/\/www.sendblaster.com\/#website\"},\"datePublished\":\"2018-07-20T10:00:18+00:00\",\"dateModified\":\"2018-07-20T10:00:18+00:00\",\"description\":\"SendBlaster Toplu mesaj g\u00f6nderim yaz\u0131l\u0131m\u0131 ASP tek opt-in ve \u00e7ift opt-in form mesajla\u015fma programlar\u0131 PHP is supported by Windows too, and most providers offer PHP with their Windows server; we encourage using our PHP scripts both on Linux (Apache) and on\",\"breadcrumb\":{\"@id\":\"https:\/\/www.sendblaster.com\/tr\/asp-tek-opt-ve-cift-opt-form-mesajlasma-programlari\/#breadcrumb\"},\"inLanguage\":\"tr\",\"potentialAction\":[{\"@type\":\"ReadAction\",\"target\":[\"https:\/\/www.sendblaster.com\/tr\/asp-tek-opt-ve-cift-opt-form-mesajlasma-programlari\/\"]}]},{\"@type\":\"BreadcrumbList\",\"@id\":\"https:\/\/www.sendblaster.com\/tr\/asp-tek-opt-ve-cift-opt-form-mesajlasma-programlari\/#breadcrumb\",\"itemListElement\":[{\"@type\":\"ListItem\",\"position\":1,\"name\":\"Home\",\"item\":\"https:\/\/www.sendblaster.com\/tr\/\"},{\"@type\":\"ListItem\",\"position\":2,\"name\":\"ASP tek opt-in ve \u00e7ift opt-in form mesajla\u015fma programlar\u0131\"}]},{\"@type\":\"WebSite\",\"@id\":\"https:\/\/www.sendblaster.com\/#website\",\"url\":\"https:\/\/www.sendblaster.com\/\",\"name\":\"SendBlaster Toplu mesaj g\u00f6nderim yaz\u0131l\u0131m\u0131\",\"description\":\"\",\"publisher\":{\"@id\":\"https:\/\/www.sendblaster.com\/#organization\"},\"potentialAction\":[{\"@type\":\"SearchAction\",\"target\":{\"@type\":\"EntryPoint\",\"urlTemplate\":\"https:\/\/www.sendblaster.com\/?s={search_term_string}\"},\"query-input\":{\"@type\":\"PropertyValueSpecification\",\"valueRequired\":true,\"valueName\":\"search_term_string\"}}],\"inLanguage\":\"tr\"},{\"@type\":\"Organization\",\"@id\":\"https:\/\/www.sendblaster.com\/#organization\",\"name\":\"SendBlaster Toplu mesaj g\u00f6nderim yaz\u0131l\u0131m\u0131\",\"url\":\"https:\/\/www.sendblaster.com\/\",\"logo\":{\"@type\":\"ImageObject\",\"inLanguage\":\"tr\",\"@id\":\"https:\/\/www.sendblaster.com\/#\/schema\/logo\/image\/\",\"url\":\"https:\/\/www.sendblaster.com\/wp-content\/uploads\/2021\/09\/logo-svg-2021.svg\",\"contentUrl\":\"https:\/\/www.sendblaster.com\/wp-content\/uploads\/2021\/09\/logo-svg-2021.svg\",\"width\":350,\"height\":70,\"caption\":\"SendBlaster Toplu mesaj g\u00f6nderim yaz\u0131l\u0131m\u0131\"},\"image\":{\"@id\":\"https:\/\/www.sendblaster.com\/#\/schema\/logo\/image\/\"}}]}<\/script>\n<!-- \/ Yoast SEO plugin. -->","yoast_head_json":{"title":"ASP tek opt-in ve \u00e7ift opt-in form mesajla\u015fma programlar\u0131 - SendBlaster Toplu mesaj g\u00f6nderim yaz\u0131l\u0131m\u0131","description":"SendBlaster Toplu mesaj g\u00f6nderim yaz\u0131l\u0131m\u0131 ASP tek opt-in ve \u00e7ift opt-in form mesajla\u015fma programlar\u0131 PHP is supported by Windows too, and most providers offer PHP with their Windows server; we encourage using our PHP scripts both on Linux (Apache) and on","robots":{"index":"index","follow":"follow","max-snippet":"max-snippet:-1","max-image-preview":"max-image-preview:large","max-video-preview":"max-video-preview:-1"},"canonical":"https:\/\/www.sendblaster.com\/tr\/asp-tek-opt-ve-cift-opt-form-mesajlasma-programlari\/","og_locale":"tr_TR","og_type":"article","og_title":"ASP tek opt-in ve \u00e7ift opt-in form mesajla\u015fma programlar\u0131 - SendBlaster Toplu mesaj g\u00f6nderim yaz\u0131l\u0131m\u0131","og_description":"SendBlaster Toplu mesaj g\u00f6nderim yaz\u0131l\u0131m\u0131 ASP tek opt-in ve \u00e7ift opt-in form mesajla\u015fma programlar\u0131 PHP is supported by Windows too, and most providers offer PHP with their Windows server; we encourage using our PHP scripts both on Linux (Apache) and on","og_url":"https:\/\/www.sendblaster.com\/tr\/asp-tek-opt-ve-cift-opt-form-mesajlasma-programlari\/","og_site_name":"SendBlaster Toplu mesaj g\u00f6nderim yaz\u0131l\u0131m\u0131","twitter_card":"summary_large_image","twitter_misc":{"Tahmini okuma s\u00fcresi":"1 dakika"},"schema":{"@context":"https:\/\/schema.org","@graph":[{"@type":"WebPage","@id":"https:\/\/www.sendblaster.com\/tr\/asp-tek-opt-ve-cift-opt-form-mesajlasma-programlari\/","url":"https:\/\/www.sendblaster.com\/tr\/asp-tek-opt-ve-cift-opt-form-mesajlasma-programlari\/","name":"ASP tek opt-in ve \u00e7ift opt-in form mesajla\u015fma programlar\u0131 - SendBlaster Toplu mesaj g\u00f6nderim yaz\u0131l\u0131m\u0131","isPartOf":{"@id":"https:\/\/www.sendblaster.com\/#website"},"datePublished":"2018-07-20T10:00:18+00:00","dateModified":"2018-07-20T10:00:18+00:00","description":"SendBlaster Toplu mesaj g\u00f6nderim yaz\u0131l\u0131m\u0131 ASP tek opt-in ve \u00e7ift opt-in form mesajla\u015fma programlar\u0131 PHP is supported by Windows too, and most providers offer PHP with their Windows server; we encourage using our PHP scripts both on Linux (Apache) and on","breadcrumb":{"@id":"https:\/\/www.sendblaster.com\/tr\/asp-tek-opt-ve-cift-opt-form-mesajlasma-programlari\/#breadcrumb"},"inLanguage":"tr","potentialAction":[{"@type":"ReadAction","target":["https:\/\/www.sendblaster.com\/tr\/asp-tek-opt-ve-cift-opt-form-mesajlasma-programlari\/"]}]},{"@type":"BreadcrumbList","@id":"https:\/\/www.sendblaster.com\/tr\/asp-tek-opt-ve-cift-opt-form-mesajlasma-programlari\/#breadcrumb","itemListElement":[{"@type":"ListItem","position":1,"name":"Home","item":"https:\/\/www.sendblaster.com\/tr\/"},{"@type":"ListItem","position":2,"name":"ASP tek opt-in ve \u00e7ift opt-in form mesajla\u015fma programlar\u0131"}]},{"@type":"WebSite","@id":"https:\/\/www.sendblaster.com\/#website","url":"https:\/\/www.sendblaster.com\/","name":"SendBlaster Toplu mesaj g\u00f6nderim yaz\u0131l\u0131m\u0131","description":"","publisher":{"@id":"https:\/\/www.sendblaster.com\/#organization"},"potentialAction":[{"@type":"SearchAction","target":{"@type":"EntryPoint","urlTemplate":"https:\/\/www.sendblaster.com\/?s={search_term_string}"},"query-input":{"@type":"PropertyValueSpecification","valueRequired":true,"valueName":"search_term_string"}}],"inLanguage":"tr"},{"@type":"Organization","@id":"https:\/\/www.sendblaster.com\/#organization","name":"SendBlaster Toplu mesaj g\u00f6nderim yaz\u0131l\u0131m\u0131","url":"https:\/\/www.sendblaster.com\/","logo":{"@type":"ImageObject","inLanguage":"tr","@id":"https:\/\/www.sendblaster.com\/#\/schema\/logo\/image\/","url":"https:\/\/www.sendblaster.com\/wp-content\/uploads\/2021\/09\/logo-svg-2021.svg","contentUrl":"https:\/\/www.sendblaster.com\/wp-content\/uploads\/2021\/09\/logo-svg-2021.svg","width":350,"height":70,"caption":"SendBlaster Toplu mesaj g\u00f6nderim yaz\u0131l\u0131m\u0131"},"image":{"@id":"https:\/\/www.sendblaster.com\/#\/schema\/logo\/image\/"}}]}},"_links":{"self":[{"href":"https:\/\/www.sendblaster.com\/tr\/wp-json\/wp\/v2\/pages\/3478"}],"collection":[{"href":"https:\/\/www.sendblaster.com\/tr\/wp-json\/wp\/v2\/pages"}],"about":[{"href":"https:\/\/www.sendblaster.com\/tr\/wp-json\/wp\/v2\/types\/page"}],"author":[{"embeddable":true,"href":"https:\/\/www.sendblaster.com\/tr\/wp-json\/wp\/v2\/users\/1"}],"replies":[{"embeddable":true,"href":"https:\/\/www.sendblaster.com\/tr\/wp-json\/wp\/v2\/comments?post=3478"}],"version-history":[{"count":1,"href":"https:\/\/www.sendblaster.com\/tr\/wp-json\/wp\/v2\/pages\/3478\/revisions"}],"predecessor-version":[{"id":3479,"href":"https:\/\/www.sendblaster.com\/tr\/wp-json\/wp\/v2\/pages\/3478\/revisions\/3479"}],"wp:attachment":[{"href":"https:\/\/www.sendblaster.com\/tr\/wp-json\/wp\/v2\/media?parent=3478"}],"curies":[{"name":"wp","href":"https:\/\/api.w.org\/{rel}","templated":true}]}}