{"id":3476,"date":"2018-07-20T09:56:24","date_gmt":"2018-07-20T09:56:24","guid":{"rendered":"https:\/\/www.sendblaster.com\/?page_id=3476"},"modified":"2018-07-20T09:56:24","modified_gmt":"2018-07-20T09:56:24","slug":"orijinal-toplu-e-posta-goenderme-yazilimi","status":"publish","type":"page","link":"https:\/\/www.sendblaster.com\/tr\/orijinal-toplu-e-posta-goenderme-yazilimi\/","title":{"rendered":"Orijinal toplu e-posta g\u00f6nderme yaz\u0131l\u0131m\u0131"},"content":{"rendered":"<p><img decoding=\"async\" width=\"815\" height=\"275\" src=\"https:\/\/www.sendblaster.com\/wp-content\/uploads\/2018\/04\/original-emailing-software.png\" alt=\"Orijinal toplu e-posta g\u00f6nderme yaz\u0131l\u0131m\u0131\" \/><\/p>\n<p><strong>The best bulk email sender software: runs on your PC, <\/strong>not a subscription-based online service You don&#8217;t have to recurrently pay high prices for every email shot you send out, even if your prospect number grows you <strong>pay one time for full bulk email marketing program license<\/strong>.<\/p>\n<blockquote><p>Learn more on <strong><a href=\"masauestue-toplu-e-posta-mesaj-goenderim-oezellikleri\" title=\"masauestue toplu e posta mesaj goenderim oezellikleri\">free html mass e-mail sending<\/a><\/strong><\/p><\/blockquote>\n<blockquote><p><a href=\"indir\" title=\"indir\"><strong>Email Blast Software free<\/strong> download<\/a><\/p><\/blockquote>\n<p>Your activity remains private and safe &#8211; you are not giving away your valuable data to any third party (why should they know who you are, what you are communicating and who you are sending to? How are they managing your data? Are they keeping them secure?).<\/p>\n<ul>\n<li>\n<p><strong>B<\/strong><strong>ulk e-mail system: unlimited lists, unlimited recipients and no recurring fees: <\/strong>Why pay for each contact or email sent? Keep as many email contacts as you wish in your database, and use a bulk e-mail system to send out your e-mails as often as you need, without constantly worrying about how much you are spending. Sending out a small mailing to some hundreds contacts or a large one to 20.000 people have the same cost: a single bulk e-mail software system license of 75 Euro.<\/p>\n<\/li>\n<li>\n<p><strong>Original Email Blast software:<\/strong> easy way to send <strong>massive emails<\/strong> to your mailing list. A mass mailer software is easier and faster-responding than any web tool; and SendBlaster Mass eMailer is designed with user-friendliness in mind. You will be using even the advanced bulk email program merge features minutes after installing it &#8211; try it for yourself: download here <a href=\"indir\" title=\"indir\">free bulk emailer program<\/a> (max 100 email per day) You will agree there is no easier yet feature-packed bulk <strong>mailing software<\/strong> around.<\/p>\n<\/li>\n<li>\n<p><strong><a href=\"http:\/\/www.serversmtp.com\" title=\"Smtp mail server\">SMTP<\/a> delivery<\/strong>: send simultaneous emails with full <a href=\"http:\/\/www.serversmtp.com\" title=\"Fast and cheap smtp mail server\">fast SMTP<\/a> delivery support.<\/p>\n<\/li>\n<li>\n<p><strong>Integrating mailing list Opt-in, double Opt-in (closed loop) subscription features in your website:<\/strong> SendBlaster is a light and cheap Email Marketing program. The free email marketing software is also <strong>Can-Spam Law compliant<\/strong>. The email marketing double opt-in closed loop is done by inserting a <a href=\"destek\/listeler-aktarma\/uecretsiz-cift-opt-php-form-mesaj-programi\" title=\"destek, listeler aktarma, uecretsiz cift opt php form mesaj programi\">mailing list double Opt-in management script<\/a> in your web site (the usual &#8220;subscribe&#8221; form). Creating a spam free mailing list is extremely easy, even on plain HTML sites! &#8211; thanks to the pop3-enabled subscription\/unsubscription features and the ability to import data from any web source: let SendBlaster email marketing program take care of mailing list updating and mass email sendings to the right recipients. And if you are on a PHP, ASP or WordPress website you can enjoy advanced <a href=\"https:\/\/www.sendblaster.com\/..\/support\/newsletter-creation\/email-personalization-using-email-merge\" title=\"support, newsletter creation, email personalization using email merge\">email personalization<\/a> features using the <a href=\"buelten-ueyeligi-icin-wordpress-cift-opt-eklentisi\" title=\"buelten ueyeligi icin wordpress cift opt eklentisi\">bulk email subscription plugin for WordPress<\/a>.<\/p>\n<\/li>\n<li>\n<p><strong>Send pesonalized emails: each recipient<\/strong> <strong>will have his own name<\/strong> in the email subject and body With SendBlaster bulk emailer software you can manage up to 15 customizable fields and thanks to the e-mail merging functionalities each recipient will receive a customized email: &#8220;Dear Mr. Smith&#8230;&#8221; instead of the unfriendly &#8220;Dear customer&#8230;&#8221;. See <a href=\"https:\/\/www.sendblaster.com\/..\/support\/newsletter-creation\/email-personalization-using-email-merge\" title=\"support, newsletter creation, email personalization using email merge\">Email Merge software<\/a> details.<\/p>\n<\/li>\n<li>\n<p><strong>Personalize your mass email program&#8217;s layout and choose between 100 email templates using the bulk email software template engine<\/strong> SendBlaster mass emailer and newsletter software comes with plenty of professionally designed templates and a powerful WSYIWYG visual editor: don&#8217;t let your newsletters mailings look dull and unprofessional, send out appealing and graphically rich email to make your communication more effective.<\/p>\n<\/li>\n<li>\n<p><strong>Manipulate, filter, import and export mailing list data<\/strong> You will be able to import mailing list data inside SendBlaster mass <a href=\"masauestue-toplu-e-posta-mesaj-goenderim-oezellikleri\" title=\"masauestue toplu e posta mesaj goenderim oezellikleri\">emailing software<\/a> from most common sources as Outlook Express, formatted mailing list text files (.CSV format), web pages and the clipboard; it is possible to filter data in a very advanced way, based on the contents of one or more fields, which will allow you to send emails to a specific subgroup of email addresses in a specific list (for instance, only the people living in a certain area, or the contacts that run a specific business) &#8211; and all of this without learning any complex database syntax: just point &amp; click, drag &amp; drop!<\/p>\n<\/li>\n<li>\n<p><strong>Purge lists from bad email addresses<\/strong> Don&#8217;t let your mailing lists be full of non-working email addresses; SendBlaster bulk emailer&#8217;s Mailing List Cleaning automatically downloads and recognizes bounce-backs and purges lists accordingly. Having a &#8220;clean&#8221; list is crucial for fast sending and not being mis-recognized as a spammer by mistake.<\/p>\n<\/li>\n<li>\n<p><strong>Email Blast software with high inbox rates<\/strong> The email blaster software delivers 100.000 different emails to the addresses in your mailing list with <a href=\"http:\/\/www.mailingcheck.com\" title=\"spam rate check free spamassassin software\">spam rate clean email newsletters<\/a>, offers and promotions.<\/p>\n<\/li>\n<\/ul>\n<p>And much more&#8230; SendBlaster Free <strong>Automatic Emailer<\/strong> has everything you would expect in a desktop software solution: <strong>blacklists <\/strong>(single addresses and whole domains), direct (<strong>SMTP-free<\/strong>) delivery, multiple connections (<strong>send multiple emails at once<\/strong>), HTML importing (with images embedding), <strong>international e-mail character sets support<\/strong>, password protection, and many more features.  These are few of the features which made our award-winning bulk <strong>email sender software<\/strong> one of the most popular bulk emailing messaging tools around: if you want to know the full story have a look at the <a href=\"masauestue-toplu-e-posta-mesaj-goenderim-oezellikleri\" title=\"masauestue toplu e posta mesaj goenderim oezellikleri\">full mailing software feature listing<\/a>.  And if you think a good email sender software should cost a lot&#8230; well, have a look at our <a href=\"satin-al\" title=\"satin al\">bulk email sending offer<\/a> and compare to others \ud83d\ude09<\/p>\n","protected":false},"excerpt":{"rendered":"<p>The best bulk email sender software: runs on your PC, not a subscription-based online service You don&#8217;t have to recurrently pay high prices for every email shot you send out, even if your prospect number grows you pay one time <\/p>\n<p class=\"read-more-container\"><a class=\"button read-more\" href=\"https:\/\/www.sendblaster.com\/tr\/orijinal-toplu-e-posta-goenderme-yazilimi\/\" title=\"\">Okumaya devam et<\/a><\/p>\n","protected":false},"author":1,"featured_media":0,"parent":0,"menu_order":0,"comment_status":"closed","ping_status":"closed","template":"g1_template_page_sidebar_right.php","meta":{"_monsterinsights_skip_tracking":false,"_monsterinsights_sitenote_active":false,"_monsterinsights_sitenote_note":"","_monsterinsights_sitenote_category":0,"footnotes":""},"class_list":["post-3476","page","type-page","status-publish"],"yoast_head":"<!-- This site is optimized with the Yoast SEO plugin v23.5 - https:\/\/yoast.com\/wordpress\/plugins\/seo\/ -->\n<title>Orijinal toplu e-posta g\u00f6nderme yaz\u0131l\u0131m\u0131 - SendBlaster Toplu mesaj g\u00f6nderim yaz\u0131l\u0131m\u0131<\/title>\n<meta name=\"description\" content=\"SendBlaster Toplu mesaj g\u00f6nderim yaz\u0131l\u0131m\u0131 Orijinal toplu e-posta g\u00f6nderme yaz\u0131l\u0131m\u0131 The best bulk email sender software: runs on your PC, not a subscription-based online service You don&#039;t have to recurrently pay high prices for every\" \/>\n<meta name=\"robots\" content=\"index, follow, max-snippet:-1, max-image-preview:large, max-video-preview:-1\" \/>\n<link rel=\"canonical\" href=\"https:\/\/www.sendblaster.com\/tr\/orijinal-toplu-e-posta-goenderme-yazilimi\/\" \/>\n<meta property=\"og:locale\" content=\"tr_TR\" \/>\n<meta property=\"og:type\" content=\"article\" \/>\n<meta property=\"og:title\" content=\"Orijinal toplu e-posta g\u00f6nderme yaz\u0131l\u0131m\u0131 - SendBlaster Toplu mesaj g\u00f6nderim yaz\u0131l\u0131m\u0131\" \/>\n<meta property=\"og:description\" content=\"SendBlaster Toplu mesaj g\u00f6nderim yaz\u0131l\u0131m\u0131 Orijinal toplu e-posta g\u00f6nderme yaz\u0131l\u0131m\u0131 The best bulk email sender software: runs on your PC, not a subscription-based online service You don&#039;t have to recurrently pay high prices for every\" \/>\n<meta property=\"og:url\" content=\"https:\/\/www.sendblaster.com\/tr\/orijinal-toplu-e-posta-goenderme-yazilimi\/\" \/>\n<meta property=\"og:site_name\" content=\"SendBlaster Toplu mesaj g\u00f6nderim yaz\u0131l\u0131m\u0131\" \/>\n<meta property=\"og:image\" content=\"https:\/\/www.sendblaster.com\/wp-content\/uploads\/2018\/04\/original-emailing-software.png\" \/>\n<meta name=\"twitter:card\" content=\"summary_large_image\" \/>\n<meta name=\"twitter:label1\" content=\"Tahmini okuma s\u00fcresi\" \/>\n\t<meta name=\"twitter:data1\" content=\"4 dakika\" \/>\n<script type=\"application\/ld+json\" class=\"yoast-schema-graph\">{\"@context\":\"https:\/\/schema.org\",\"@graph\":[{\"@type\":\"WebPage\",\"@id\":\"https:\/\/www.sendblaster.com\/tr\/orijinal-toplu-e-posta-goenderme-yazilimi\/\",\"url\":\"https:\/\/www.sendblaster.com\/tr\/orijinal-toplu-e-posta-goenderme-yazilimi\/\",\"name\":\"Orijinal toplu e-posta g\u00f6nderme yaz\u0131l\u0131m\u0131 - SendBlaster Toplu mesaj g\u00f6nderim yaz\u0131l\u0131m\u0131\",\"isPartOf\":{\"@id\":\"https:\/\/www.sendblaster.com\/#website\"},\"primaryImageOfPage\":{\"@id\":\"https:\/\/www.sendblaster.com\/tr\/orijinal-toplu-e-posta-goenderme-yazilimi\/#primaryimage\"},\"image\":{\"@id\":\"https:\/\/www.sendblaster.com\/tr\/orijinal-toplu-e-posta-goenderme-yazilimi\/#primaryimage\"},\"thumbnailUrl\":\"https:\/\/www.sendblaster.com\/wp-content\/uploads\/2018\/04\/original-emailing-software.png\",\"datePublished\":\"2018-07-20T09:56:24+00:00\",\"dateModified\":\"2018-07-20T09:56:24+00:00\",\"description\":\"SendBlaster Toplu mesaj g\u00f6nderim yaz\u0131l\u0131m\u0131 Orijinal toplu e-posta g\u00f6nderme yaz\u0131l\u0131m\u0131 The best bulk email sender software: runs on your PC, not a subscription-based online service You don't have to recurrently pay high prices for every\",\"breadcrumb\":{\"@id\":\"https:\/\/www.sendblaster.com\/tr\/orijinal-toplu-e-posta-goenderme-yazilimi\/#breadcrumb\"},\"inLanguage\":\"tr\",\"potentialAction\":[{\"@type\":\"ReadAction\",\"target\":[\"https:\/\/www.sendblaster.com\/tr\/orijinal-toplu-e-posta-goenderme-yazilimi\/\"]}]},{\"@type\":\"ImageObject\",\"inLanguage\":\"tr\",\"@id\":\"https:\/\/www.sendblaster.com\/tr\/orijinal-toplu-e-posta-goenderme-yazilimi\/#primaryimage\",\"url\":\"https:\/\/www.sendblaster.com\/wp-content\/uploads\/2018\/04\/original-emailing-software.png\",\"contentUrl\":\"https:\/\/www.sendblaster.com\/wp-content\/uploads\/2018\/04\/original-emailing-software.png\"},{\"@type\":\"BreadcrumbList\",\"@id\":\"https:\/\/www.sendblaster.com\/tr\/orijinal-toplu-e-posta-goenderme-yazilimi\/#breadcrumb\",\"itemListElement\":[{\"@type\":\"ListItem\",\"position\":1,\"name\":\"Home\",\"item\":\"https:\/\/www.sendblaster.com\/tr\/\"},{\"@type\":\"ListItem\",\"position\":2,\"name\":\"Orijinal toplu e-posta g\u00f6nderme yaz\u0131l\u0131m\u0131\"}]},{\"@type\":\"WebSite\",\"@id\":\"https:\/\/www.sendblaster.com\/#website\",\"url\":\"https:\/\/www.sendblaster.com\/\",\"name\":\"SendBlaster Toplu mesaj g\u00f6nderim yaz\u0131l\u0131m\u0131\",\"description\":\"\",\"publisher\":{\"@id\":\"https:\/\/www.sendblaster.com\/#organization\"},\"potentialAction\":[{\"@type\":\"SearchAction\",\"target\":{\"@type\":\"EntryPoint\",\"urlTemplate\":\"https:\/\/www.sendblaster.com\/?s={search_term_string}\"},\"query-input\":{\"@type\":\"PropertyValueSpecification\",\"valueRequired\":true,\"valueName\":\"search_term_string\"}}],\"inLanguage\":\"tr\"},{\"@type\":\"Organization\",\"@id\":\"https:\/\/www.sendblaster.com\/#organization\",\"name\":\"SendBlaster Toplu mesaj g\u00f6nderim yaz\u0131l\u0131m\u0131\",\"url\":\"https:\/\/www.sendblaster.com\/\",\"logo\":{\"@type\":\"ImageObject\",\"inLanguage\":\"tr\",\"@id\":\"https:\/\/www.sendblaster.com\/#\/schema\/logo\/image\/\",\"url\":\"https:\/\/www.sendblaster.com\/wp-content\/uploads\/2021\/09\/logo-svg-2021.svg\",\"contentUrl\":\"https:\/\/www.sendblaster.com\/wp-content\/uploads\/2021\/09\/logo-svg-2021.svg\",\"width\":350,\"height\":70,\"caption\":\"SendBlaster Toplu mesaj g\u00f6nderim yaz\u0131l\u0131m\u0131\"},\"image\":{\"@id\":\"https:\/\/www.sendblaster.com\/#\/schema\/logo\/image\/\"}}]}<\/script>\n<!-- \/ Yoast SEO plugin. -->","yoast_head_json":{"title":"Orijinal toplu e-posta g\u00f6nderme yaz\u0131l\u0131m\u0131 - SendBlaster Toplu mesaj g\u00f6nderim yaz\u0131l\u0131m\u0131","description":"SendBlaster Toplu mesaj g\u00f6nderim yaz\u0131l\u0131m\u0131 Orijinal toplu e-posta g\u00f6nderme yaz\u0131l\u0131m\u0131 The best bulk email sender software: runs on your PC, not a subscription-based online service You don't have to recurrently pay high prices for every","robots":{"index":"index","follow":"follow","max-snippet":"max-snippet:-1","max-image-preview":"max-image-preview:large","max-video-preview":"max-video-preview:-1"},"canonical":"https:\/\/www.sendblaster.com\/tr\/orijinal-toplu-e-posta-goenderme-yazilimi\/","og_locale":"tr_TR","og_type":"article","og_title":"Orijinal toplu e-posta g\u00f6nderme yaz\u0131l\u0131m\u0131 - SendBlaster Toplu mesaj g\u00f6nderim yaz\u0131l\u0131m\u0131","og_description":"SendBlaster Toplu mesaj g\u00f6nderim yaz\u0131l\u0131m\u0131 Orijinal toplu e-posta g\u00f6nderme yaz\u0131l\u0131m\u0131 The best bulk email sender software: runs on your PC, not a subscription-based online service You don't have to recurrently pay high prices for every","og_url":"https:\/\/www.sendblaster.com\/tr\/orijinal-toplu-e-posta-goenderme-yazilimi\/","og_site_name":"SendBlaster Toplu mesaj g\u00f6nderim yaz\u0131l\u0131m\u0131","og_image":[{"url":"https:\/\/www.sendblaster.com\/wp-content\/uploads\/2018\/04\/original-emailing-software.png"}],"twitter_card":"summary_large_image","twitter_misc":{"Tahmini okuma s\u00fcresi":"4 dakika"},"schema":{"@context":"https:\/\/schema.org","@graph":[{"@type":"WebPage","@id":"https:\/\/www.sendblaster.com\/tr\/orijinal-toplu-e-posta-goenderme-yazilimi\/","url":"https:\/\/www.sendblaster.com\/tr\/orijinal-toplu-e-posta-goenderme-yazilimi\/","name":"Orijinal toplu e-posta g\u00f6nderme yaz\u0131l\u0131m\u0131 - SendBlaster Toplu mesaj g\u00f6nderim yaz\u0131l\u0131m\u0131","isPartOf":{"@id":"https:\/\/www.sendblaster.com\/#website"},"primaryImageOfPage":{"@id":"https:\/\/www.sendblaster.com\/tr\/orijinal-toplu-e-posta-goenderme-yazilimi\/#primaryimage"},"image":{"@id":"https:\/\/www.sendblaster.com\/tr\/orijinal-toplu-e-posta-goenderme-yazilimi\/#primaryimage"},"thumbnailUrl":"https:\/\/www.sendblaster.com\/wp-content\/uploads\/2018\/04\/original-emailing-software.png","datePublished":"2018-07-20T09:56:24+00:00","dateModified":"2018-07-20T09:56:24+00:00","description":"SendBlaster Toplu mesaj g\u00f6nderim yaz\u0131l\u0131m\u0131 Orijinal toplu e-posta g\u00f6nderme yaz\u0131l\u0131m\u0131 The best bulk email sender software: runs on your PC, not a subscription-based online service You don't have to recurrently pay high prices for every","breadcrumb":{"@id":"https:\/\/www.sendblaster.com\/tr\/orijinal-toplu-e-posta-goenderme-yazilimi\/#breadcrumb"},"inLanguage":"tr","potentialAction":[{"@type":"ReadAction","target":["https:\/\/www.sendblaster.com\/tr\/orijinal-toplu-e-posta-goenderme-yazilimi\/"]}]},{"@type":"ImageObject","inLanguage":"tr","@id":"https:\/\/www.sendblaster.com\/tr\/orijinal-toplu-e-posta-goenderme-yazilimi\/#primaryimage","url":"https:\/\/www.sendblaster.com\/wp-content\/uploads\/2018\/04\/original-emailing-software.png","contentUrl":"https:\/\/www.sendblaster.com\/wp-content\/uploads\/2018\/04\/original-emailing-software.png"},{"@type":"BreadcrumbList","@id":"https:\/\/www.sendblaster.com\/tr\/orijinal-toplu-e-posta-goenderme-yazilimi\/#breadcrumb","itemListElement":[{"@type":"ListItem","position":1,"name":"Home","item":"https:\/\/www.sendblaster.com\/tr\/"},{"@type":"ListItem","position":2,"name":"Orijinal toplu e-posta g\u00f6nderme yaz\u0131l\u0131m\u0131"}]},{"@type":"WebSite","@id":"https:\/\/www.sendblaster.com\/#website","url":"https:\/\/www.sendblaster.com\/","name":"SendBlaster Toplu mesaj g\u00f6nderim yaz\u0131l\u0131m\u0131","description":"","publisher":{"@id":"https:\/\/www.sendblaster.com\/#organization"},"potentialAction":[{"@type":"SearchAction","target":{"@type":"EntryPoint","urlTemplate":"https:\/\/www.sendblaster.com\/?s={search_term_string}"},"query-input":{"@type":"PropertyValueSpecification","valueRequired":true,"valueName":"search_term_string"}}],"inLanguage":"tr"},{"@type":"Organization","@id":"https:\/\/www.sendblaster.com\/#organization","name":"SendBlaster Toplu mesaj g\u00f6nderim yaz\u0131l\u0131m\u0131","url":"https:\/\/www.sendblaster.com\/","logo":{"@type":"ImageObject","inLanguage":"tr","@id":"https:\/\/www.sendblaster.com\/#\/schema\/logo\/image\/","url":"https:\/\/www.sendblaster.com\/wp-content\/uploads\/2021\/09\/logo-svg-2021.svg","contentUrl":"https:\/\/www.sendblaster.com\/wp-content\/uploads\/2021\/09\/logo-svg-2021.svg","width":350,"height":70,"caption":"SendBlaster Toplu mesaj g\u00f6nderim yaz\u0131l\u0131m\u0131"},"image":{"@id":"https:\/\/www.sendblaster.com\/#\/schema\/logo\/image\/"}}]}},"_links":{"self":[{"href":"https:\/\/www.sendblaster.com\/tr\/wp-json\/wp\/v2\/pages\/3476"}],"collection":[{"href":"https:\/\/www.sendblaster.com\/tr\/wp-json\/wp\/v2\/pages"}],"about":[{"href":"https:\/\/www.sendblaster.com\/tr\/wp-json\/wp\/v2\/types\/page"}],"author":[{"embeddable":true,"href":"https:\/\/www.sendblaster.com\/tr\/wp-json\/wp\/v2\/users\/1"}],"replies":[{"embeddable":true,"href":"https:\/\/www.sendblaster.com\/tr\/wp-json\/wp\/v2\/comments?post=3476"}],"version-history":[{"count":1,"href":"https:\/\/www.sendblaster.com\/tr\/wp-json\/wp\/v2\/pages\/3476\/revisions"}],"predecessor-version":[{"id":3477,"href":"https:\/\/www.sendblaster.com\/tr\/wp-json\/wp\/v2\/pages\/3476\/revisions\/3477"}],"wp:attachment":[{"href":"https:\/\/www.sendblaster.com\/tr\/wp-json\/wp\/v2\/media?parent=3476"}],"curies":[{"name":"wp","href":"https:\/\/api.w.org\/{rel}","templated":true}]}}