{"id":3471,"date":"2018-07-20T09:43:12","date_gmt":"2018-07-20T09:43:12","guid":{"rendered":"https:\/\/www.sendblaster.com\/?page_id=3471"},"modified":"2018-07-20T09:43:12","modified_gmt":"2018-07-20T09:43:12","slug":"buelten-ueyeligi-icin-wordpress-cift-opt-eklentisi","status":"publish","type":"page","link":"https:\/\/www.sendblaster.com\/tr\/buelten-ueyeligi-icin-wordpress-cift-opt-eklentisi\/","title":{"rendered":"B\u00fclten \u00fcyeli\u011fi i\u00e7in WordPress \u00e7ift opt-in eklentisi"},"content":{"rendered":"<p>This simple WordPress mailing list management widget (plugin) sends emails with &ldquo;Subscribe&rdquo; and &ldquo;Unsubscribe&rdquo; subject for newsletter opt-in and double opt-in email list management. New mailing list subscriptions are written in WordPress sidebar and new subscribers details are gathered into your bulk email software or mailing list management software.<\/p>\n<p>The email list widget works with common bulk emailers and with SendBlaster&rsquo;s newsletter software subscription management with custom field integration, for email merge purposes.<\/p>\n<p>The widget adds an options tab to customize settings:<\/p>\n<ul>\n<li>Mailbox for managing subscriptions<\/li>\n<li>Message to subscriber &#8211; subject<\/li>\n<li>Message to subscriber &#8211; content<\/li>\n<li>Double Opt-in<\/li>\n<li>Link Love (disable or enable)<\/li>\n<li>Sidebar Front side messages<\/li>\n<li>Sidebar Front side appearance and custom fields<\/li>\n<li>subscribe and unsubscribe label modify<\/li>\n<li>Temporary database storing for newly mailing list subscribed members<\/li>\n<\/ul>\n<p>This e-mail widget is compatible with K2 and Unsleepable sidebar management<\/p>\n<p><strong><a href=\"..\/..\/services\/download\/download.php?program=wpsb-opt-in\">Download the plugin<\/a><\/strong> (.zip file &#8211; 7,7 KB)<\/p>\n<p>&nbsp;<\/p>\n<h2>WP mailing list management Plugin Features<\/h3>\n<ul>\n<li>users can <strong>subscribe and unsubscribe<\/strong> to your mailing list<\/li>\n<li>closed loop double-opt-in feature for polite and legal bulk email senders<\/li>\n<li>build a mailing list inside WordPress<\/li>\n<li>manage the mailing list inside WordPress<\/li>\n<li>bulk email WordPress newsletter subscribers using a free bulk email software<\/li>\n<li>compatible with email sender softwares<\/p>\n<li>compatible with SendBlaster <a href=\"https:\/\/www.sendblaster.com\/download\" title=\"Download SendBlaster for Free\">email marketing program<\/a><\/li>\n<li>validates w3&rsquo;s xhtml strict<\/li>\n<\/ul>\n<p>&nbsp;<\/p>\n<h2>Plugin installation<\/h2>\n<ul>\n<li><strong>download plugin<\/strong>: <a href=\"https:\/\/www.sendblaster.com\/services\/download\/download.php?program=wpsb-opt-in\" title=\"free wordpress widget for mailing list subscription and newsletter optin and double optin formail\">free wordpress widget for mailing list subscription<\/a><\/li>\n<li>unzip the file <em>wpsb-opt-in.php<\/em><\/li>\n<li><strong>upload via <a href=\"https:\/\/codex.wordpress.org\/FTP_Clients\" rel=\"nofollow\" title=\"ftp instructions for plugin upload\">FTP<\/a> <\/strong>to your WordPress <em>wp-content\/plugins<\/em> directory<\/li>\n<li><strong>enable<\/strong> plugin from WordPress <em>Plug-ins Admin control pane<\/em>l<\/li>\n<li><strong>drag<\/strong> into your sidebar the new widget in <em>Presentation\/widgets control panel<\/em><\/li>\n<li><strong>configure<\/strong> Sendblaster mass email software for automatic new subscriptions download.<\/li>\n<\/ul>\n","protected":false},"excerpt":{"rendered":"<p>This simple WordPress mailing list management widget (plugin) sends emails with &ldquo;Subscribe&rdquo; and &ldquo;Unsubscribe&rdquo; subject for newsletter opt-in and double opt-in email list management. New mailing list subscriptions are written in WordPress sidebar and new subscribers details are gathered into <\/p>\n<p class=\"read-more-container\"><a class=\"button read-more\" href=\"https:\/\/www.sendblaster.com\/tr\/buelten-ueyeligi-icin-wordpress-cift-opt-eklentisi\/\" title=\"\">Okumaya devam et<\/a><\/p>\n","protected":false},"author":1,"featured_media":0,"parent":0,"menu_order":0,"comment_status":"closed","ping_status":"closed","template":"g1_template_page_sidebar_right.php","meta":{"_monsterinsights_skip_tracking":false,"_monsterinsights_sitenote_active":false,"_monsterinsights_sitenote_note":"","_monsterinsights_sitenote_category":0,"footnotes":""},"class_list":["post-3471","page","type-page","status-publish"],"yoast_head":"<!-- This site is optimized with the Yoast SEO plugin v23.5 - https:\/\/yoast.com\/wordpress\/plugins\/seo\/ -->\n<title>B\u00fclten \u00fcyeli\u011fi i\u00e7in Wordpress \u00e7ift opt-in eklentisi - SendBlaster Toplu mesaj g\u00f6nderim yaz\u0131l\u0131m\u0131<\/title>\n<meta name=\"description\" content=\"SendBlaster Toplu mesaj g\u00f6nderim yaz\u0131l\u0131m\u0131 B\u00fclten \u00fcyeli\u011fi i\u00e7in Wordpress \u00e7ift opt-in eklentisi This simple WordPress mailing list management widget (plugin) sends emails with &ldquo;Subscribe&rdquo; and &ldquo;Unsubscribe&rdquo; subject for\" \/>\n<meta name=\"robots\" content=\"index, follow, max-snippet:-1, max-image-preview:large, max-video-preview:-1\" \/>\n<link rel=\"canonical\" href=\"https:\/\/www.sendblaster.com\/tr\/buelten-ueyeligi-icin-wordpress-cift-opt-eklentisi\/\" \/>\n<meta property=\"og:locale\" content=\"tr_TR\" \/>\n<meta property=\"og:type\" content=\"article\" \/>\n<meta property=\"og:title\" content=\"B\u00fclten \u00fcyeli\u011fi i\u00e7in Wordpress \u00e7ift opt-in eklentisi - SendBlaster Toplu mesaj g\u00f6nderim yaz\u0131l\u0131m\u0131\" \/>\n<meta property=\"og:description\" content=\"SendBlaster Toplu mesaj g\u00f6nderim yaz\u0131l\u0131m\u0131 B\u00fclten \u00fcyeli\u011fi i\u00e7in Wordpress \u00e7ift opt-in eklentisi This simple WordPress mailing list management widget (plugin) sends emails with &ldquo;Subscribe&rdquo; and &ldquo;Unsubscribe&rdquo; subject for\" \/>\n<meta property=\"og:url\" content=\"https:\/\/www.sendblaster.com\/tr\/buelten-ueyeligi-icin-wordpress-cift-opt-eklentisi\/\" \/>\n<meta property=\"og:site_name\" content=\"SendBlaster Toplu mesaj g\u00f6nderim yaz\u0131l\u0131m\u0131\" \/>\n<meta name=\"twitter:card\" content=\"summary_large_image\" \/>\n<meta name=\"twitter:label1\" content=\"Tahmini okuma s\u00fcresi\" \/>\n\t<meta name=\"twitter:data1\" content=\"1 dakika\" \/>\n<script type=\"application\/ld+json\" class=\"yoast-schema-graph\">{\"@context\":\"https:\/\/schema.org\",\"@graph\":[{\"@type\":\"WebPage\",\"@id\":\"https:\/\/www.sendblaster.com\/tr\/buelten-ueyeligi-icin-wordpress-cift-opt-eklentisi\/\",\"url\":\"https:\/\/www.sendblaster.com\/tr\/buelten-ueyeligi-icin-wordpress-cift-opt-eklentisi\/\",\"name\":\"B\u00fclten \u00fcyeli\u011fi i\u00e7in Wordpress \u00e7ift opt-in eklentisi - SendBlaster Toplu mesaj g\u00f6nderim yaz\u0131l\u0131m\u0131\",\"isPartOf\":{\"@id\":\"https:\/\/www.sendblaster.com\/#website\"},\"datePublished\":\"2018-07-20T09:43:12+00:00\",\"dateModified\":\"2018-07-20T09:43:12+00:00\",\"description\":\"SendBlaster Toplu mesaj g\u00f6nderim yaz\u0131l\u0131m\u0131 B\u00fclten \u00fcyeli\u011fi i\u00e7in Wordpress \u00e7ift opt-in eklentisi This simple WordPress mailing list management widget (plugin) sends emails with &ldquo;Subscribe&rdquo; and &ldquo;Unsubscribe&rdquo; subject for\",\"breadcrumb\":{\"@id\":\"https:\/\/www.sendblaster.com\/tr\/buelten-ueyeligi-icin-wordpress-cift-opt-eklentisi\/#breadcrumb\"},\"inLanguage\":\"tr\",\"potentialAction\":[{\"@type\":\"ReadAction\",\"target\":[\"https:\/\/www.sendblaster.com\/tr\/buelten-ueyeligi-icin-wordpress-cift-opt-eklentisi\/\"]}]},{\"@type\":\"BreadcrumbList\",\"@id\":\"https:\/\/www.sendblaster.com\/tr\/buelten-ueyeligi-icin-wordpress-cift-opt-eklentisi\/#breadcrumb\",\"itemListElement\":[{\"@type\":\"ListItem\",\"position\":1,\"name\":\"Home\",\"item\":\"https:\/\/www.sendblaster.com\/tr\/\"},{\"@type\":\"ListItem\",\"position\":2,\"name\":\"B\u00fclten \u00fcyeli\u011fi i\u00e7in WordPress \u00e7ift opt-in eklentisi\"}]},{\"@type\":\"WebSite\",\"@id\":\"https:\/\/www.sendblaster.com\/#website\",\"url\":\"https:\/\/www.sendblaster.com\/\",\"name\":\"SendBlaster Toplu mesaj g\u00f6nderim yaz\u0131l\u0131m\u0131\",\"description\":\"\",\"publisher\":{\"@id\":\"https:\/\/www.sendblaster.com\/#organization\"},\"potentialAction\":[{\"@type\":\"SearchAction\",\"target\":{\"@type\":\"EntryPoint\",\"urlTemplate\":\"https:\/\/www.sendblaster.com\/?s={search_term_string}\"},\"query-input\":{\"@type\":\"PropertyValueSpecification\",\"valueRequired\":true,\"valueName\":\"search_term_string\"}}],\"inLanguage\":\"tr\"},{\"@type\":\"Organization\",\"@id\":\"https:\/\/www.sendblaster.com\/#organization\",\"name\":\"SendBlaster Toplu mesaj g\u00f6nderim yaz\u0131l\u0131m\u0131\",\"url\":\"https:\/\/www.sendblaster.com\/\",\"logo\":{\"@type\":\"ImageObject\",\"inLanguage\":\"tr\",\"@id\":\"https:\/\/www.sendblaster.com\/#\/schema\/logo\/image\/\",\"url\":\"https:\/\/www.sendblaster.com\/wp-content\/uploads\/2021\/09\/logo-svg-2021.svg\",\"contentUrl\":\"https:\/\/www.sendblaster.com\/wp-content\/uploads\/2021\/09\/logo-svg-2021.svg\",\"width\":350,\"height\":70,\"caption\":\"SendBlaster Toplu mesaj g\u00f6nderim yaz\u0131l\u0131m\u0131\"},\"image\":{\"@id\":\"https:\/\/www.sendblaster.com\/#\/schema\/logo\/image\/\"}}]}<\/script>\n<!-- \/ Yoast SEO plugin. -->","yoast_head_json":{"title":"B\u00fclten \u00fcyeli\u011fi i\u00e7in Wordpress \u00e7ift opt-in eklentisi - SendBlaster Toplu mesaj g\u00f6nderim yaz\u0131l\u0131m\u0131","description":"SendBlaster Toplu mesaj g\u00f6nderim yaz\u0131l\u0131m\u0131 B\u00fclten \u00fcyeli\u011fi i\u00e7in Wordpress \u00e7ift opt-in eklentisi This simple WordPress mailing list management widget (plugin) sends emails with &ldquo;Subscribe&rdquo; and &ldquo;Unsubscribe&rdquo; subject for","robots":{"index":"index","follow":"follow","max-snippet":"max-snippet:-1","max-image-preview":"max-image-preview:large","max-video-preview":"max-video-preview:-1"},"canonical":"https:\/\/www.sendblaster.com\/tr\/buelten-ueyeligi-icin-wordpress-cift-opt-eklentisi\/","og_locale":"tr_TR","og_type":"article","og_title":"B\u00fclten \u00fcyeli\u011fi i\u00e7in Wordpress \u00e7ift opt-in eklentisi - SendBlaster Toplu mesaj g\u00f6nderim yaz\u0131l\u0131m\u0131","og_description":"SendBlaster Toplu mesaj g\u00f6nderim yaz\u0131l\u0131m\u0131 B\u00fclten \u00fcyeli\u011fi i\u00e7in Wordpress \u00e7ift opt-in eklentisi This simple WordPress mailing list management widget (plugin) sends emails with &ldquo;Subscribe&rdquo; and &ldquo;Unsubscribe&rdquo; subject for","og_url":"https:\/\/www.sendblaster.com\/tr\/buelten-ueyeligi-icin-wordpress-cift-opt-eklentisi\/","og_site_name":"SendBlaster Toplu mesaj g\u00f6nderim yaz\u0131l\u0131m\u0131","twitter_card":"summary_large_image","twitter_misc":{"Tahmini okuma s\u00fcresi":"1 dakika"},"schema":{"@context":"https:\/\/schema.org","@graph":[{"@type":"WebPage","@id":"https:\/\/www.sendblaster.com\/tr\/buelten-ueyeligi-icin-wordpress-cift-opt-eklentisi\/","url":"https:\/\/www.sendblaster.com\/tr\/buelten-ueyeligi-icin-wordpress-cift-opt-eklentisi\/","name":"B\u00fclten \u00fcyeli\u011fi i\u00e7in Wordpress \u00e7ift opt-in eklentisi - SendBlaster Toplu mesaj g\u00f6nderim yaz\u0131l\u0131m\u0131","isPartOf":{"@id":"https:\/\/www.sendblaster.com\/#website"},"datePublished":"2018-07-20T09:43:12+00:00","dateModified":"2018-07-20T09:43:12+00:00","description":"SendBlaster Toplu mesaj g\u00f6nderim yaz\u0131l\u0131m\u0131 B\u00fclten \u00fcyeli\u011fi i\u00e7in Wordpress \u00e7ift opt-in eklentisi This simple WordPress mailing list management widget (plugin) sends emails with &ldquo;Subscribe&rdquo; and &ldquo;Unsubscribe&rdquo; subject for","breadcrumb":{"@id":"https:\/\/www.sendblaster.com\/tr\/buelten-ueyeligi-icin-wordpress-cift-opt-eklentisi\/#breadcrumb"},"inLanguage":"tr","potentialAction":[{"@type":"ReadAction","target":["https:\/\/www.sendblaster.com\/tr\/buelten-ueyeligi-icin-wordpress-cift-opt-eklentisi\/"]}]},{"@type":"BreadcrumbList","@id":"https:\/\/www.sendblaster.com\/tr\/buelten-ueyeligi-icin-wordpress-cift-opt-eklentisi\/#breadcrumb","itemListElement":[{"@type":"ListItem","position":1,"name":"Home","item":"https:\/\/www.sendblaster.com\/tr\/"},{"@type":"ListItem","position":2,"name":"B\u00fclten \u00fcyeli\u011fi i\u00e7in WordPress \u00e7ift opt-in eklentisi"}]},{"@type":"WebSite","@id":"https:\/\/www.sendblaster.com\/#website","url":"https:\/\/www.sendblaster.com\/","name":"SendBlaster Toplu mesaj g\u00f6nderim yaz\u0131l\u0131m\u0131","description":"","publisher":{"@id":"https:\/\/www.sendblaster.com\/#organization"},"potentialAction":[{"@type":"SearchAction","target":{"@type":"EntryPoint","urlTemplate":"https:\/\/www.sendblaster.com\/?s={search_term_string}"},"query-input":{"@type":"PropertyValueSpecification","valueRequired":true,"valueName":"search_term_string"}}],"inLanguage":"tr"},{"@type":"Organization","@id":"https:\/\/www.sendblaster.com\/#organization","name":"SendBlaster Toplu mesaj g\u00f6nderim yaz\u0131l\u0131m\u0131","url":"https:\/\/www.sendblaster.com\/","logo":{"@type":"ImageObject","inLanguage":"tr","@id":"https:\/\/www.sendblaster.com\/#\/schema\/logo\/image\/","url":"https:\/\/www.sendblaster.com\/wp-content\/uploads\/2021\/09\/logo-svg-2021.svg","contentUrl":"https:\/\/www.sendblaster.com\/wp-content\/uploads\/2021\/09\/logo-svg-2021.svg","width":350,"height":70,"caption":"SendBlaster Toplu mesaj g\u00f6nderim yaz\u0131l\u0131m\u0131"},"image":{"@id":"https:\/\/www.sendblaster.com\/#\/schema\/logo\/image\/"}}]}},"_links":{"self":[{"href":"https:\/\/www.sendblaster.com\/tr\/wp-json\/wp\/v2\/pages\/3471"}],"collection":[{"href":"https:\/\/www.sendblaster.com\/tr\/wp-json\/wp\/v2\/pages"}],"about":[{"href":"https:\/\/www.sendblaster.com\/tr\/wp-json\/wp\/v2\/types\/page"}],"author":[{"embeddable":true,"href":"https:\/\/www.sendblaster.com\/tr\/wp-json\/wp\/v2\/users\/1"}],"replies":[{"embeddable":true,"href":"https:\/\/www.sendblaster.com\/tr\/wp-json\/wp\/v2\/comments?post=3471"}],"version-history":[{"count":1,"href":"https:\/\/www.sendblaster.com\/tr\/wp-json\/wp\/v2\/pages\/3471\/revisions"}],"predecessor-version":[{"id":3472,"href":"https:\/\/www.sendblaster.com\/tr\/wp-json\/wp\/v2\/pages\/3471\/revisions\/3472"}],"wp:attachment":[{"href":"https:\/\/www.sendblaster.com\/tr\/wp-json\/wp\/v2\/media?parent=3471"}],"curies":[{"name":"wp","href":"https:\/\/api.w.org\/{rel}","templated":true}]}}