{"id":3467,"date":"2018-07-20T09:37:32","date_gmt":"2018-07-20T09:37:32","guid":{"rendered":"https:\/\/www.sendblaster.com\/?page_id=3467"},"modified":"2021-04-12T12:18:44","modified_gmt":"2021-04-12T12:18:44","slug":"veri-analizi","status":"publish","type":"page","link":"https:\/\/www.sendblaster.com\/tr\/veri-analizi\/","title":{"rendered":"Veri analizi"},"content":{"rendered":"<p style=\"text-align: center;\"><img decoding=\"async\" width=\"1390\" height=\"885\" src=\"https:\/\/www.sendblaster.com\/wp-content\/uploads\/2018\/03\/analyze-results-mailing-large.jpg\" alt=\"Veri analizi\" class=\"features-image\" \/><\/p>\n<p>AEtkili bir e-posta pazarlama i\u015fi, veri analizi i\u00e7in spesifik ara\u00e7lara ihtiya\u00e7 duyar.<\/p>\n<p>SendBlaster &amp; <strong>Google Analytics<\/strong> birle\u015fimi, mesajlar\u0131n\u0131z\u0131 okuduktan sonra m\u00fc\u015fterilerinizin \u00fcr\u00fcnlerinizi sat\u0131n al\u0131p almad\u0131\u011f\u0131n\u0131, web sitenize \u00fcye olup olmad\u0131klar\u0131n\u0131 veya Google Analytics i\u00e7erisinde belirlemi\u015f oldu\u011funuz hedeflere ula\u015f\u0131p ula\u015famad\u0131\u011f\u0131n\u0131z\u0131 \u00f6\u011frenmenize olanak sa\u011flar.<\/p>\n<p>&nbsp;<\/p>\n<h2>Google Analytics<\/h2>\n<p>Mesaj\u0131n\u0131z\u0131 alanlar, mesaj i\u00e7erisindeki bir ba\u011flant\u0131ya t\u0131klad\u0131ktan sonra ne olur? <strong>Google Analytics<\/strong> mesaj\u0131n\u0131z\u0131 alan al\u0131c\u0131lar\u0131n web sitenize ula\u015ft\u0131klar\u0131ndaki eylemlerini izlemenize ve ihtiyac\u0131n\u0131z olan cevaplar\u0131 size sunan  <strong>tamamen \u00fccretsiz<\/strong> bir web analiz arac\u0131d\u0131r.<\/p>\n<ul>\n<li><a href=\"https:\/\/www.sendblaster.com\/..\/support\/email-tracking\/analyze-your-campaigns-with-google-analytics\" title=\"support, email tracking, analyze your campaigns with google analytics\">Google Analytics hakk\u0131nda daha fazla bilgi edinin<\/a><\/li>\n<\/ul><\/div>\n","protected":false},"excerpt":{"rendered":"<p>AEtkili bir e-posta pazarlama i\u015fi, veri analizi i\u00e7in spesifik ara\u00e7lara ihtiya\u00e7 duyar. SendBlaster &amp; Google Analytics birle\u015fimi, mesajlar\u0131n\u0131z\u0131 okuduktan sonra m\u00fc\u015fterilerinizin \u00fcr\u00fcnlerinizi sat\u0131n al\u0131p almad\u0131\u011f\u0131n\u0131, web sitenize \u00fcye olup olmad\u0131klar\u0131n\u0131 veya Google Analytics i\u00e7erisinde belirlemi\u015f oldu\u011funuz hedeflere ula\u015f\u0131p ula\u015famad\u0131\u011f\u0131n\u0131z\u0131 \u00f6\u011frenmenize <\/p>\n<p class=\"read-more-container\"><a class=\"button read-more\" href=\"https:\/\/www.sendblaster.com\/tr\/veri-analizi\/\" title=\"\">Okumaya devam et<\/a><\/p>\n","protected":false},"author":1,"featured_media":0,"parent":0,"menu_order":0,"comment_status":"closed","ping_status":"closed","template":"","meta":{"_monsterinsights_skip_tracking":false,"_monsterinsights_sitenote_active":false,"_monsterinsights_sitenote_note":"","_monsterinsights_sitenote_category":0,"footnotes":""},"class_list":["post-3467","page","type-page","status-publish"],"yoast_head":"<!-- This site is optimized with the Yoast SEO plugin v23.5 - https:\/\/yoast.com\/wordpress\/plugins\/seo\/ -->\n<title>Veri analizi - SendBlaster Toplu mesaj g\u00f6nderim yaz\u0131l\u0131m\u0131<\/title>\n<meta name=\"description\" content=\"SendBlaster Toplu mesaj g\u00f6nderim yaz\u0131l\u0131m\u0131 Veri analizi AEtkili bir e-posta pazarlama i\u015fi, veri analizi i\u00e7in spesifik ara\u00e7lara ihtiya\u00e7 duyar. SendBlaster &amp; Google Analytics birle\u015fimi, mesajlar\u0131n\u0131z\u0131\" \/>\n<meta name=\"robots\" content=\"index, follow, max-snippet:-1, max-image-preview:large, max-video-preview:-1\" \/>\n<link rel=\"canonical\" href=\"https:\/\/www.sendblaster.com\/tr\/veri-analizi\/\" \/>\n<meta property=\"og:locale\" content=\"tr_TR\" \/>\n<meta property=\"og:type\" content=\"article\" \/>\n<meta property=\"og:title\" content=\"Veri analizi - SendBlaster Toplu mesaj g\u00f6nderim yaz\u0131l\u0131m\u0131\" \/>\n<meta property=\"og:description\" content=\"SendBlaster Toplu mesaj g\u00f6nderim yaz\u0131l\u0131m\u0131 Veri analizi AEtkili bir e-posta pazarlama i\u015fi, veri analizi i\u00e7in spesifik ara\u00e7lara ihtiya\u00e7 duyar. SendBlaster &amp; Google Analytics birle\u015fimi, mesajlar\u0131n\u0131z\u0131\" \/>\n<meta property=\"og:url\" content=\"https:\/\/www.sendblaster.com\/tr\/veri-analizi\/\" \/>\n<meta property=\"og:site_name\" content=\"SendBlaster Toplu mesaj g\u00f6nderim yaz\u0131l\u0131m\u0131\" \/>\n<meta property=\"article:modified_time\" content=\"2021-04-12T12:18:44+00:00\" \/>\n<meta property=\"og:image\" content=\"https:\/\/www.sendblaster.com\/wp-content\/uploads\/2018\/03\/analyze-results-mailing-large.jpg\" \/>\n<meta name=\"twitter:card\" content=\"summary_large_image\" \/>\n<meta name=\"twitter:label1\" content=\"Tahmini okuma s\u00fcresi\" \/>\n\t<meta name=\"twitter:data1\" content=\"1 dakika\" \/>\n<script type=\"application\/ld+json\" class=\"yoast-schema-graph\">{\"@context\":\"https:\/\/schema.org\",\"@graph\":[{\"@type\":\"WebPage\",\"@id\":\"https:\/\/www.sendblaster.com\/tr\/veri-analizi\/\",\"url\":\"https:\/\/www.sendblaster.com\/tr\/veri-analizi\/\",\"name\":\"Veri analizi - SendBlaster Toplu mesaj g\u00f6nderim yaz\u0131l\u0131m\u0131\",\"isPartOf\":{\"@id\":\"https:\/\/www.sendblaster.com\/#website\"},\"primaryImageOfPage\":{\"@id\":\"https:\/\/www.sendblaster.com\/tr\/veri-analizi\/#primaryimage\"},\"image\":{\"@id\":\"https:\/\/www.sendblaster.com\/tr\/veri-analizi\/#primaryimage\"},\"thumbnailUrl\":\"https:\/\/www.sendblaster.com\/wp-content\/uploads\/2018\/03\/analyze-results-mailing-large.jpg\",\"datePublished\":\"2018-07-20T09:37:32+00:00\",\"dateModified\":\"2021-04-12T12:18:44+00:00\",\"description\":\"SendBlaster Toplu mesaj g\u00f6nderim yaz\u0131l\u0131m\u0131 Veri analizi AEtkili bir e-posta pazarlama i\u015fi, veri analizi i\u00e7in spesifik ara\u00e7lara ihtiya\u00e7 duyar. SendBlaster &amp; Google Analytics birle\u015fimi, mesajlar\u0131n\u0131z\u0131\",\"breadcrumb\":{\"@id\":\"https:\/\/www.sendblaster.com\/tr\/veri-analizi\/#breadcrumb\"},\"inLanguage\":\"tr\",\"potentialAction\":[{\"@type\":\"ReadAction\",\"target\":[\"https:\/\/www.sendblaster.com\/tr\/veri-analizi\/\"]}]},{\"@type\":\"ImageObject\",\"inLanguage\":\"tr\",\"@id\":\"https:\/\/www.sendblaster.com\/tr\/veri-analizi\/#primaryimage\",\"url\":\"https:\/\/www.sendblaster.com\/wp-content\/uploads\/2018\/03\/analyze-results-mailing-large.jpg\",\"contentUrl\":\"https:\/\/www.sendblaster.com\/wp-content\/uploads\/2018\/03\/analyze-results-mailing-large.jpg\"},{\"@type\":\"BreadcrumbList\",\"@id\":\"https:\/\/www.sendblaster.com\/tr\/veri-analizi\/#breadcrumb\",\"itemListElement\":[{\"@type\":\"ListItem\",\"position\":1,\"name\":\"Home\",\"item\":\"https:\/\/www.sendblaster.com\/tr\/\"},{\"@type\":\"ListItem\",\"position\":2,\"name\":\"Veri analizi\"}]},{\"@type\":\"WebSite\",\"@id\":\"https:\/\/www.sendblaster.com\/#website\",\"url\":\"https:\/\/www.sendblaster.com\/\",\"name\":\"SendBlaster Toplu mesaj g\u00f6nderim yaz\u0131l\u0131m\u0131\",\"description\":\"\",\"publisher\":{\"@id\":\"https:\/\/www.sendblaster.com\/#organization\"},\"potentialAction\":[{\"@type\":\"SearchAction\",\"target\":{\"@type\":\"EntryPoint\",\"urlTemplate\":\"https:\/\/www.sendblaster.com\/?s={search_term_string}\"},\"query-input\":{\"@type\":\"PropertyValueSpecification\",\"valueRequired\":true,\"valueName\":\"search_term_string\"}}],\"inLanguage\":\"tr\"},{\"@type\":\"Organization\",\"@id\":\"https:\/\/www.sendblaster.com\/#organization\",\"name\":\"SendBlaster Toplu mesaj g\u00f6nderim yaz\u0131l\u0131m\u0131\",\"url\":\"https:\/\/www.sendblaster.com\/\",\"logo\":{\"@type\":\"ImageObject\",\"inLanguage\":\"tr\",\"@id\":\"https:\/\/www.sendblaster.com\/#\/schema\/logo\/image\/\",\"url\":\"https:\/\/www.sendblaster.com\/wp-content\/uploads\/2021\/09\/logo-svg-2021.svg\",\"contentUrl\":\"https:\/\/www.sendblaster.com\/wp-content\/uploads\/2021\/09\/logo-svg-2021.svg\",\"width\":350,\"height\":70,\"caption\":\"SendBlaster Toplu mesaj g\u00f6nderim yaz\u0131l\u0131m\u0131\"},\"image\":{\"@id\":\"https:\/\/www.sendblaster.com\/#\/schema\/logo\/image\/\"}}]}<\/script>\n<!-- \/ Yoast SEO plugin. -->","yoast_head_json":{"title":"Veri analizi - SendBlaster Toplu mesaj g\u00f6nderim yaz\u0131l\u0131m\u0131","description":"SendBlaster Toplu mesaj g\u00f6nderim yaz\u0131l\u0131m\u0131 Veri analizi AEtkili bir e-posta pazarlama i\u015fi, veri analizi i\u00e7in spesifik ara\u00e7lara ihtiya\u00e7 duyar. SendBlaster &amp; Google Analytics birle\u015fimi, mesajlar\u0131n\u0131z\u0131","robots":{"index":"index","follow":"follow","max-snippet":"max-snippet:-1","max-image-preview":"max-image-preview:large","max-video-preview":"max-video-preview:-1"},"canonical":"https:\/\/www.sendblaster.com\/tr\/veri-analizi\/","og_locale":"tr_TR","og_type":"article","og_title":"Veri analizi - SendBlaster Toplu mesaj g\u00f6nderim yaz\u0131l\u0131m\u0131","og_description":"SendBlaster Toplu mesaj g\u00f6nderim yaz\u0131l\u0131m\u0131 Veri analizi AEtkili bir e-posta pazarlama i\u015fi, veri analizi i\u00e7in spesifik ara\u00e7lara ihtiya\u00e7 duyar. SendBlaster &amp; Google Analytics birle\u015fimi, mesajlar\u0131n\u0131z\u0131","og_url":"https:\/\/www.sendblaster.com\/tr\/veri-analizi\/","og_site_name":"SendBlaster Toplu mesaj g\u00f6nderim yaz\u0131l\u0131m\u0131","article_modified_time":"2021-04-12T12:18:44+00:00","og_image":[{"url":"https:\/\/www.sendblaster.com\/wp-content\/uploads\/2018\/03\/analyze-results-mailing-large.jpg"}],"twitter_card":"summary_large_image","twitter_misc":{"Tahmini okuma s\u00fcresi":"1 dakika"},"schema":{"@context":"https:\/\/schema.org","@graph":[{"@type":"WebPage","@id":"https:\/\/www.sendblaster.com\/tr\/veri-analizi\/","url":"https:\/\/www.sendblaster.com\/tr\/veri-analizi\/","name":"Veri analizi - SendBlaster Toplu mesaj g\u00f6nderim yaz\u0131l\u0131m\u0131","isPartOf":{"@id":"https:\/\/www.sendblaster.com\/#website"},"primaryImageOfPage":{"@id":"https:\/\/www.sendblaster.com\/tr\/veri-analizi\/#primaryimage"},"image":{"@id":"https:\/\/www.sendblaster.com\/tr\/veri-analizi\/#primaryimage"},"thumbnailUrl":"https:\/\/www.sendblaster.com\/wp-content\/uploads\/2018\/03\/analyze-results-mailing-large.jpg","datePublished":"2018-07-20T09:37:32+00:00","dateModified":"2021-04-12T12:18:44+00:00","description":"SendBlaster Toplu mesaj g\u00f6nderim yaz\u0131l\u0131m\u0131 Veri analizi AEtkili bir e-posta pazarlama i\u015fi, veri analizi i\u00e7in spesifik ara\u00e7lara ihtiya\u00e7 duyar. SendBlaster &amp; Google Analytics birle\u015fimi, mesajlar\u0131n\u0131z\u0131","breadcrumb":{"@id":"https:\/\/www.sendblaster.com\/tr\/veri-analizi\/#breadcrumb"},"inLanguage":"tr","potentialAction":[{"@type":"ReadAction","target":["https:\/\/www.sendblaster.com\/tr\/veri-analizi\/"]}]},{"@type":"ImageObject","inLanguage":"tr","@id":"https:\/\/www.sendblaster.com\/tr\/veri-analizi\/#primaryimage","url":"https:\/\/www.sendblaster.com\/wp-content\/uploads\/2018\/03\/analyze-results-mailing-large.jpg","contentUrl":"https:\/\/www.sendblaster.com\/wp-content\/uploads\/2018\/03\/analyze-results-mailing-large.jpg"},{"@type":"BreadcrumbList","@id":"https:\/\/www.sendblaster.com\/tr\/veri-analizi\/#breadcrumb","itemListElement":[{"@type":"ListItem","position":1,"name":"Home","item":"https:\/\/www.sendblaster.com\/tr\/"},{"@type":"ListItem","position":2,"name":"Veri analizi"}]},{"@type":"WebSite","@id":"https:\/\/www.sendblaster.com\/#website","url":"https:\/\/www.sendblaster.com\/","name":"SendBlaster Toplu mesaj g\u00f6nderim yaz\u0131l\u0131m\u0131","description":"","publisher":{"@id":"https:\/\/www.sendblaster.com\/#organization"},"potentialAction":[{"@type":"SearchAction","target":{"@type":"EntryPoint","urlTemplate":"https:\/\/www.sendblaster.com\/?s={search_term_string}"},"query-input":{"@type":"PropertyValueSpecification","valueRequired":true,"valueName":"search_term_string"}}],"inLanguage":"tr"},{"@type":"Organization","@id":"https:\/\/www.sendblaster.com\/#organization","name":"SendBlaster Toplu mesaj g\u00f6nderim yaz\u0131l\u0131m\u0131","url":"https:\/\/www.sendblaster.com\/","logo":{"@type":"ImageObject","inLanguage":"tr","@id":"https:\/\/www.sendblaster.com\/#\/schema\/logo\/image\/","url":"https:\/\/www.sendblaster.com\/wp-content\/uploads\/2021\/09\/logo-svg-2021.svg","contentUrl":"https:\/\/www.sendblaster.com\/wp-content\/uploads\/2021\/09\/logo-svg-2021.svg","width":350,"height":70,"caption":"SendBlaster Toplu mesaj g\u00f6nderim yaz\u0131l\u0131m\u0131"},"image":{"@id":"https:\/\/www.sendblaster.com\/#\/schema\/logo\/image\/"}}]}},"_links":{"self":[{"href":"https:\/\/www.sendblaster.com\/tr\/wp-json\/wp\/v2\/pages\/3467"}],"collection":[{"href":"https:\/\/www.sendblaster.com\/tr\/wp-json\/wp\/v2\/pages"}],"about":[{"href":"https:\/\/www.sendblaster.com\/tr\/wp-json\/wp\/v2\/types\/page"}],"author":[{"embeddable":true,"href":"https:\/\/www.sendblaster.com\/tr\/wp-json\/wp\/v2\/users\/1"}],"replies":[{"embeddable":true,"href":"https:\/\/www.sendblaster.com\/tr\/wp-json\/wp\/v2\/comments?post=3467"}],"version-history":[{"count":2,"href":"https:\/\/www.sendblaster.com\/tr\/wp-json\/wp\/v2\/pages\/3467\/revisions"}],"predecessor-version":[{"id":5303,"href":"https:\/\/www.sendblaster.com\/tr\/wp-json\/wp\/v2\/pages\/3467\/revisions\/5303"}],"wp:attachment":[{"href":"https:\/\/www.sendblaster.com\/tr\/wp-json\/wp\/v2\/media?parent=3467"}],"curies":[{"name":"wp","href":"https:\/\/api.w.org\/{rel}","templated":true}]}}