{"id":3464,"date":"2018-07-20T09:17:48","date_gmt":"2018-07-20T09:17:48","guid":{"rendered":"https:\/\/www.sendblaster.com\/?page_id=3464"},"modified":"2018-07-20T09:19:08","modified_gmt":"2018-07-20T09:19:08","slug":"sendblaster-icin-600-adet-e-posta-sablonu","status":"publish","type":"page","link":"https:\/\/www.sendblaster.com\/tr\/sendblaster-icin-600-adet-e-posta-sablonu\/","title":{"rendered":"Sendblaster i\u00e7in 300 adet e-posta \u015fablonu"},"content":{"rendered":"<p>Bu \u015fablonlar sizin al\u0131\u015f\u0131k oldu\u011funuz &#8220;Ortalama&#8221; \u015fablonlardan de\u011fil: <strong>Sendblaster E-posta \u015eablonu Paketi<\/strong>, tasar\u0131mc\u0131lar\u0131m\u0131z taraf\u0131ndan profesyonel olarak haz\u0131rlanan \u00e7arp\u0131c\u0131 g\u00f6rsellere sahip birbirinden g\u00fczel 300 adet e-posta \u015fablonu i\u00e7eriyor. <strong>Toplu e-posta kampanyalar\u0131n\u0131z\u0131 300 adet profesyonel HTML e-posta \u015fablonu ile g\u00fc\u00e7lendirin!<\/strong><\/p>\n<p>&nbsp;<\/p>\n<ul class=\"g1-grid\"><li class=\"g1-column g1-one-third g1-valign-top\">\n<p style=\"text-align: center; margin-top: 0px;\"><img decoding=\"async\" width=\"618\" height=\"609\" src=\"https:\/\/www.sendblaster.com\/wp-content\/uploads\/2018\/04\/sendblaster_email_template_collection_1.jpg\" alt=\"SendBlaster Email Templates Collection\" \/><br \/>\n<small><i>Motorlar ve Arabalar e-posta \u015fablonlar\u0131<\/i><\/small><\/p>\n<\/li><!-- -->\n<li class=\"g1-column g1-one-third g1-valign-top\">\n<p style=\"text-align: center; margin-top: 0px;\"><img decoding=\"async\" width=\"909\" height=\"804\" src=\"https:\/\/www.sendblaster.com\/wp-content\/uploads\/2018\/04\/sendblaster_email_template_collection_2.jpg\" alt=\"SendBlaster Email Templates Collection\" \/><br \/>\n<small><i>Spor ve fitness e-posta \u015fablonlar\u0131<\/i><\/small><\/p>\n<\/li><!-- -->\n<li class=\"g1-column g1-one-third g1-valign-top\">\n<p style=\"text-align: center; margin-top: 0px;\"><img decoding=\"async\" width=\"782\" height=\"821\" src=\"https:\/\/www.sendblaster.com\/wp-content\/uploads\/2018\/04\/sendblaster_email_template_collection_9.jpg\" alt=\"SendBlaster Email Templates Collection\" \/><br \/>\n<small><i>Do\u011fa ve hayvanlar e-posta \u015fablonlar\u0131<\/i><\/small><\/p>\n<\/li><!-- --><\/ul>\n<ul class=\"g1-grid\"><li class=\"g1-column g1-one-third g1-valign-top\">\n<p style=\"text-align: center; margin-top: 0px;\"><img decoding=\"async\" width=\"799\" height=\"935\" src=\"https:\/\/www.sendblaster.com\/wp-content\/uploads\/2018\/04\/sendblaster_email_template_collection_4.jpg\" alt=\"SendBlaster Email Templates Collection\" \/><br \/>\n<small><i>\u015eirket ve \u0130\u015f e-posta \u015fablonlar\u0131<\/i><\/small><\/p>\n<\/li><!-- -->\n<li class=\"g1-column g1-one-third g1-valign-top\">\n<p style=\"text-align: center; margin-top: 0px;\"><img decoding=\"async\" width=\"698\" height=\"835\" src=\"https:\/\/www.sendblaster.com\/wp-content\/uploads\/2018\/04\/sendblaster_email_template_collection_5.jpg\" alt=\"SendBlaster Email Templates Collection\" \/><br \/>\n<small><i>Moda e-posta \u015fablonlar\u0131<\/i><\/small><\/p>\n<\/li><!-- -->\n<li class=\"g1-column g1-one-third g1-valign-top\">\n<p style=\"text-align: center; margin-top: 0px;\"><img decoding=\"async\" width=\"909\" height=\"1189\" src=\"https:\/\/www.sendblaster.com\/wp-content\/uploads\/2018\/04\/sendblaster_email_template_collection_6.jpg\" alt=\"SendBlaster Email Templates Collection\" \/><br \/>\n<small><i>Oyunlar ve Kumar e-posta \u015fablonlar\u0131<\/i><\/small><\/p>\n<\/li><!-- --><\/ul>\n<ul class=\"g1-grid\"><li class=\"g1-column g1-one-third g1-valign-top\">\n<p style=\"text-align: center; margin-top: 0px;\"><img decoding=\"async\" width=\"752\" height=\"804\" src=\"https:\/\/www.sendblaster.com\/wp-content\/uploads\/2018\/04\/sendblaster_email_template_collection_12.jpg\" alt=\"SendBlaster Email Templates Collection\" \/><br \/>\n<small><i>Yaz\u0131l\u0131m ve hizmetler e-posta \u015fablonlar\u0131<\/i><\/small><\/p>\n<\/li><!-- -->\n<li class=\"g1-column g1-one-third g1-valign-top\">\n<p style=\"text-align: center; margin-top: 0px;\"><img decoding=\"async\" width=\"814\" height=\"1189\" src=\"https:\/\/www.sendblaster.com\/wp-content\/uploads\/2018\/04\/sendblaster_email_template_collection_8.jpg\" alt=\"SendBlaster Email Templates Collection\" \/><br \/>\n<small><i>E-ticaret e-posta \u015fablonlar\u0131<\/i><\/small><\/p>\n<\/li><!-- -->\n<li class=\"g1-column g1-one-third g1-valign-top\">\n<p style=\"text-align: center; margin-top: 0px;\"><img decoding=\"async\" width=\"698\" height=\"971\" src=\"https:\/\/www.sendblaster.com\/wp-content\/uploads\/2018\/04\/sendblaster_email_template_collection_3.jpg\" alt=\"SendBlaster Email Templates Collection\" \/><br \/>\n<small><i>Yiyecek ve i\u00e7ecek e-posta \u015fablonlar\u0131<\/i><\/small><\/p>\n<\/li><!-- --><\/ul>\n<ul class=\"g1-grid\"><li class=\"g1-column g1-one-third g1-valign-top\">\n<p style=\"text-align: center; margin-top: 0px;\"><img decoding=\"async\" width=\"695\" height=\"1088\" src=\"https:\/\/www.sendblaster.com\/wp-content\/uploads\/2018\/04\/sendblaster_email_template_collection_10.jpg\" alt=\"SendBlaster Email Templates Collection\" \/><br \/>\n<small><i>Seyahatler ve turizm e-posta \u015fablonlar\u0131<\/i><\/small><\/p>\n<\/li><!-- -->\n<li class=\"g1-column g1-one-third g1-valign-top\">\n<p style=\"text-align: center; margin-top: 0px;\"><img decoding=\"async\" width=\"845\" height=\"1223\" src=\"https:\/\/www.sendblaster.com\/wp-content\/uploads\/2018\/04\/sendblaster_email_template_collection_11.jpg\" alt=\"SendBlaster Email Templates Collection\" \/><br \/>\n<small><i>Teknoloji e-posta \u015fablonlar\u0131<\/i><\/small><\/p>\n<\/li><!-- -->\n<li class=\"g1-column g1-one-third g1-valign-top\">\n<p style=\"text-align: center; margin-top: 0px;\"><img decoding=\"async\" width=\"876\" height=\"855\" src=\"https:\/\/www.sendblaster.com\/wp-content\/uploads\/2018\/04\/sendblaster_email_template_collection_7.jpg\" alt=\"SendBlaster Email Templates Collection\" \/><br \/>\n<small><i>Ye\u015fil g\u00fc\u00e7 e-posta \u015fablonlar\u0131<\/i><\/small><\/p>\n<\/li><!-- --><\/ul>\n<p>&nbsp;<\/p>\n<p style=\"text-align: center;\"><a href=\"https:\/\/www.sendblaster.com\/newshop\/?lang=tr&#038;products=ETC1SB\" title=\"Email template Collection Satin Alin\" class=\"buy-cta-big\">Email template Collection Satin Alin<br \/><small>Sendblaster i\u00e7in 300 adet e-posta \u015fablonu<\/small><\/a><\/p>\n","protected":false},"excerpt":{"rendered":"<p>Bu \u015fablonlar sizin al\u0131\u015f\u0131k oldu\u011funuz &#8220;Ortalama&#8221; \u015fablonlardan de\u011fil: Sendblaster E-posta \u015eablonu Paketi, tasar\u0131mc\u0131lar\u0131m\u0131z taraf\u0131ndan profesyonel olarak haz\u0131rlanan \u00e7arp\u0131c\u0131 g\u00f6rsellere sahip birbirinden g\u00fczel 300 adet e-posta \u015fablonu i\u00e7eriyor. Toplu e-posta kampanyalar\u0131n\u0131z\u0131 300 adet profesyonel HTML e-posta \u015fablonu ile g\u00fc\u00e7lendirin! &nbsp; &nbsp; <\/p>\n<p class=\"read-more-container\"><a class=\"button read-more\" href=\"https:\/\/www.sendblaster.com\/tr\/sendblaster-icin-600-adet-e-posta-sablonu\/\" title=\"\">Okumaya devam et<\/a><\/p>\n","protected":false},"author":1,"featured_media":0,"parent":0,"menu_order":0,"comment_status":"closed","ping_status":"closed","template":"","meta":{"_monsterinsights_skip_tracking":false,"_monsterinsights_sitenote_active":false,"_monsterinsights_sitenote_note":"","_monsterinsights_sitenote_category":0,"footnotes":""},"class_list":["post-3464","page","type-page","status-publish"],"yoast_head":"<!-- This site is optimized with the Yoast SEO plugin v23.5 - https:\/\/yoast.com\/wordpress\/plugins\/seo\/ -->\n<title>Sendblaster i\u00e7in 300 adet e-posta \u015fablonu - SendBlaster Toplu mesaj g\u00f6nderim yaz\u0131l\u0131m\u0131<\/title>\n<meta name=\"description\" content=\"SendBlaster Toplu mesaj g\u00f6nderim yaz\u0131l\u0131m\u0131 Sendblaster i\u00e7in 300 adet e-posta \u015fablonu Bu \u015fablonlar sizin al\u0131\u015f\u0131k oldu\u011funuz &quot;Ortalama&quot; \u015fablonlardan de\u011fil: Sendblaster E-posta \u015eablonu Paketi, tasar\u0131mc\u0131lar\u0131m\u0131z taraf\u0131ndan profesyonel olarak\" \/>\n<meta name=\"robots\" content=\"index, follow, max-snippet:-1, max-image-preview:large, max-video-preview:-1\" \/>\n<link rel=\"canonical\" href=\"https:\/\/www.sendblaster.com\/tr\/sendblaster-icin-600-adet-e-posta-sablonu\/\" \/>\n<meta property=\"og:locale\" content=\"tr_TR\" \/>\n<meta property=\"og:type\" content=\"article\" \/>\n<meta property=\"og:title\" content=\"Sendblaster i\u00e7in 300 adet e-posta \u015fablonu - SendBlaster Toplu mesaj g\u00f6nderim yaz\u0131l\u0131m\u0131\" \/>\n<meta property=\"og:description\" content=\"SendBlaster Toplu mesaj g\u00f6nderim yaz\u0131l\u0131m\u0131 Sendblaster i\u00e7in 300 adet e-posta \u015fablonu Bu \u015fablonlar sizin al\u0131\u015f\u0131k oldu\u011funuz &quot;Ortalama&quot; \u015fablonlardan de\u011fil: Sendblaster E-posta \u015eablonu Paketi, tasar\u0131mc\u0131lar\u0131m\u0131z taraf\u0131ndan profesyonel olarak\" \/>\n<meta property=\"og:url\" content=\"https:\/\/www.sendblaster.com\/tr\/sendblaster-icin-600-adet-e-posta-sablonu\/\" \/>\n<meta property=\"og:site_name\" content=\"SendBlaster Toplu mesaj g\u00f6nderim yaz\u0131l\u0131m\u0131\" \/>\n<meta property=\"article:modified_time\" content=\"2018-07-20T09:19:08+00:00\" \/>\n<meta property=\"og:image\" content=\"https:\/\/www.sendblaster.com\/wp-content\/uploads\/2018\/04\/sendblaster_email_template_collection_1.jpg\" \/>\n<meta name=\"twitter:card\" content=\"summary_large_image\" \/>\n<meta name=\"twitter:label1\" content=\"Tahmini okuma s\u00fcresi\" \/>\n\t<meta name=\"twitter:data1\" content=\"1 dakika\" \/>\n<script type=\"application\/ld+json\" class=\"yoast-schema-graph\">{\"@context\":\"https:\/\/schema.org\",\"@graph\":[{\"@type\":\"WebPage\",\"@id\":\"https:\/\/www.sendblaster.com\/tr\/sendblaster-icin-600-adet-e-posta-sablonu\/\",\"url\":\"https:\/\/www.sendblaster.com\/tr\/sendblaster-icin-600-adet-e-posta-sablonu\/\",\"name\":\"Sendblaster i\u00e7in 300 adet e-posta \u015fablonu - SendBlaster Toplu mesaj g\u00f6nderim yaz\u0131l\u0131m\u0131\",\"isPartOf\":{\"@id\":\"https:\/\/www.sendblaster.com\/#website\"},\"primaryImageOfPage\":{\"@id\":\"https:\/\/www.sendblaster.com\/tr\/sendblaster-icin-600-adet-e-posta-sablonu\/#primaryimage\"},\"image\":{\"@id\":\"https:\/\/www.sendblaster.com\/tr\/sendblaster-icin-600-adet-e-posta-sablonu\/#primaryimage\"},\"thumbnailUrl\":\"https:\/\/www.sendblaster.com\/wp-content\/uploads\/2018\/04\/sendblaster_email_template_collection_1.jpg\",\"datePublished\":\"2018-07-20T09:17:48+00:00\",\"dateModified\":\"2018-07-20T09:19:08+00:00\",\"description\":\"SendBlaster Toplu mesaj g\u00f6nderim yaz\u0131l\u0131m\u0131 Sendblaster i\u00e7in 300 adet e-posta \u015fablonu Bu \u015fablonlar sizin al\u0131\u015f\u0131k oldu\u011funuz \\\"Ortalama\\\" \u015fablonlardan de\u011fil: Sendblaster E-posta \u015eablonu Paketi, tasar\u0131mc\u0131lar\u0131m\u0131z taraf\u0131ndan profesyonel olarak\",\"breadcrumb\":{\"@id\":\"https:\/\/www.sendblaster.com\/tr\/sendblaster-icin-600-adet-e-posta-sablonu\/#breadcrumb\"},\"inLanguage\":\"tr\",\"potentialAction\":[{\"@type\":\"ReadAction\",\"target\":[\"https:\/\/www.sendblaster.com\/tr\/sendblaster-icin-600-adet-e-posta-sablonu\/\"]}]},{\"@type\":\"ImageObject\",\"inLanguage\":\"tr\",\"@id\":\"https:\/\/www.sendblaster.com\/tr\/sendblaster-icin-600-adet-e-posta-sablonu\/#primaryimage\",\"url\":\"https:\/\/www.sendblaster.com\/wp-content\/uploads\/2018\/04\/sendblaster_email_template_collection_1.jpg\",\"contentUrl\":\"https:\/\/www.sendblaster.com\/wp-content\/uploads\/2018\/04\/sendblaster_email_template_collection_1.jpg\"},{\"@type\":\"BreadcrumbList\",\"@id\":\"https:\/\/www.sendblaster.com\/tr\/sendblaster-icin-600-adet-e-posta-sablonu\/#breadcrumb\",\"itemListElement\":[{\"@type\":\"ListItem\",\"position\":1,\"name\":\"Home\",\"item\":\"https:\/\/www.sendblaster.com\/tr\/\"},{\"@type\":\"ListItem\",\"position\":2,\"name\":\"Sendblaster i\u00e7in 300 adet e-posta \u015fablonu\"}]},{\"@type\":\"WebSite\",\"@id\":\"https:\/\/www.sendblaster.com\/#website\",\"url\":\"https:\/\/www.sendblaster.com\/\",\"name\":\"SendBlaster Toplu mesaj g\u00f6nderim yaz\u0131l\u0131m\u0131\",\"description\":\"\",\"publisher\":{\"@id\":\"https:\/\/www.sendblaster.com\/#organization\"},\"potentialAction\":[{\"@type\":\"SearchAction\",\"target\":{\"@type\":\"EntryPoint\",\"urlTemplate\":\"https:\/\/www.sendblaster.com\/?s={search_term_string}\"},\"query-input\":{\"@type\":\"PropertyValueSpecification\",\"valueRequired\":true,\"valueName\":\"search_term_string\"}}],\"inLanguage\":\"tr\"},{\"@type\":\"Organization\",\"@id\":\"https:\/\/www.sendblaster.com\/#organization\",\"name\":\"SendBlaster Toplu mesaj g\u00f6nderim yaz\u0131l\u0131m\u0131\",\"url\":\"https:\/\/www.sendblaster.com\/\",\"logo\":{\"@type\":\"ImageObject\",\"inLanguage\":\"tr\",\"@id\":\"https:\/\/www.sendblaster.com\/#\/schema\/logo\/image\/\",\"url\":\"https:\/\/www.sendblaster.com\/wp-content\/uploads\/2021\/09\/logo-svg-2021.svg\",\"contentUrl\":\"https:\/\/www.sendblaster.com\/wp-content\/uploads\/2021\/09\/logo-svg-2021.svg\",\"width\":350,\"height\":70,\"caption\":\"SendBlaster Toplu mesaj g\u00f6nderim yaz\u0131l\u0131m\u0131\"},\"image\":{\"@id\":\"https:\/\/www.sendblaster.com\/#\/schema\/logo\/image\/\"}}]}<\/script>\n<!-- \/ Yoast SEO plugin. -->","yoast_head_json":{"title":"Sendblaster i\u00e7in 300 adet e-posta \u015fablonu - SendBlaster Toplu mesaj g\u00f6nderim yaz\u0131l\u0131m\u0131","description":"SendBlaster Toplu mesaj g\u00f6nderim yaz\u0131l\u0131m\u0131 Sendblaster i\u00e7in 300 adet e-posta \u015fablonu Bu \u015fablonlar sizin al\u0131\u015f\u0131k oldu\u011funuz \"Ortalama\" \u015fablonlardan de\u011fil: Sendblaster E-posta \u015eablonu Paketi, tasar\u0131mc\u0131lar\u0131m\u0131z taraf\u0131ndan profesyonel olarak","robots":{"index":"index","follow":"follow","max-snippet":"max-snippet:-1","max-image-preview":"max-image-preview:large","max-video-preview":"max-video-preview:-1"},"canonical":"https:\/\/www.sendblaster.com\/tr\/sendblaster-icin-600-adet-e-posta-sablonu\/","og_locale":"tr_TR","og_type":"article","og_title":"Sendblaster i\u00e7in 300 adet e-posta \u015fablonu - SendBlaster Toplu mesaj g\u00f6nderim yaz\u0131l\u0131m\u0131","og_description":"SendBlaster Toplu mesaj g\u00f6nderim yaz\u0131l\u0131m\u0131 Sendblaster i\u00e7in 300 adet e-posta \u015fablonu Bu \u015fablonlar sizin al\u0131\u015f\u0131k oldu\u011funuz \"Ortalama\" \u015fablonlardan de\u011fil: Sendblaster E-posta \u015eablonu Paketi, tasar\u0131mc\u0131lar\u0131m\u0131z taraf\u0131ndan profesyonel olarak","og_url":"https:\/\/www.sendblaster.com\/tr\/sendblaster-icin-600-adet-e-posta-sablonu\/","og_site_name":"SendBlaster Toplu mesaj g\u00f6nderim yaz\u0131l\u0131m\u0131","article_modified_time":"2018-07-20T09:19:08+00:00","og_image":[{"url":"https:\/\/www.sendblaster.com\/wp-content\/uploads\/2018\/04\/sendblaster_email_template_collection_1.jpg"}],"twitter_card":"summary_large_image","twitter_misc":{"Tahmini okuma s\u00fcresi":"1 dakika"},"schema":{"@context":"https:\/\/schema.org","@graph":[{"@type":"WebPage","@id":"https:\/\/www.sendblaster.com\/tr\/sendblaster-icin-600-adet-e-posta-sablonu\/","url":"https:\/\/www.sendblaster.com\/tr\/sendblaster-icin-600-adet-e-posta-sablonu\/","name":"Sendblaster i\u00e7in 300 adet e-posta \u015fablonu - SendBlaster Toplu mesaj g\u00f6nderim yaz\u0131l\u0131m\u0131","isPartOf":{"@id":"https:\/\/www.sendblaster.com\/#website"},"primaryImageOfPage":{"@id":"https:\/\/www.sendblaster.com\/tr\/sendblaster-icin-600-adet-e-posta-sablonu\/#primaryimage"},"image":{"@id":"https:\/\/www.sendblaster.com\/tr\/sendblaster-icin-600-adet-e-posta-sablonu\/#primaryimage"},"thumbnailUrl":"https:\/\/www.sendblaster.com\/wp-content\/uploads\/2018\/04\/sendblaster_email_template_collection_1.jpg","datePublished":"2018-07-20T09:17:48+00:00","dateModified":"2018-07-20T09:19:08+00:00","description":"SendBlaster Toplu mesaj g\u00f6nderim yaz\u0131l\u0131m\u0131 Sendblaster i\u00e7in 300 adet e-posta \u015fablonu Bu \u015fablonlar sizin al\u0131\u015f\u0131k oldu\u011funuz \"Ortalama\" \u015fablonlardan de\u011fil: Sendblaster E-posta \u015eablonu Paketi, tasar\u0131mc\u0131lar\u0131m\u0131z taraf\u0131ndan profesyonel olarak","breadcrumb":{"@id":"https:\/\/www.sendblaster.com\/tr\/sendblaster-icin-600-adet-e-posta-sablonu\/#breadcrumb"},"inLanguage":"tr","potentialAction":[{"@type":"ReadAction","target":["https:\/\/www.sendblaster.com\/tr\/sendblaster-icin-600-adet-e-posta-sablonu\/"]}]},{"@type":"ImageObject","inLanguage":"tr","@id":"https:\/\/www.sendblaster.com\/tr\/sendblaster-icin-600-adet-e-posta-sablonu\/#primaryimage","url":"https:\/\/www.sendblaster.com\/wp-content\/uploads\/2018\/04\/sendblaster_email_template_collection_1.jpg","contentUrl":"https:\/\/www.sendblaster.com\/wp-content\/uploads\/2018\/04\/sendblaster_email_template_collection_1.jpg"},{"@type":"BreadcrumbList","@id":"https:\/\/www.sendblaster.com\/tr\/sendblaster-icin-600-adet-e-posta-sablonu\/#breadcrumb","itemListElement":[{"@type":"ListItem","position":1,"name":"Home","item":"https:\/\/www.sendblaster.com\/tr\/"},{"@type":"ListItem","position":2,"name":"Sendblaster i\u00e7in 300 adet e-posta \u015fablonu"}]},{"@type":"WebSite","@id":"https:\/\/www.sendblaster.com\/#website","url":"https:\/\/www.sendblaster.com\/","name":"SendBlaster Toplu mesaj g\u00f6nderim yaz\u0131l\u0131m\u0131","description":"","publisher":{"@id":"https:\/\/www.sendblaster.com\/#organization"},"potentialAction":[{"@type":"SearchAction","target":{"@type":"EntryPoint","urlTemplate":"https:\/\/www.sendblaster.com\/?s={search_term_string}"},"query-input":{"@type":"PropertyValueSpecification","valueRequired":true,"valueName":"search_term_string"}}],"inLanguage":"tr"},{"@type":"Organization","@id":"https:\/\/www.sendblaster.com\/#organization","name":"SendBlaster Toplu mesaj g\u00f6nderim yaz\u0131l\u0131m\u0131","url":"https:\/\/www.sendblaster.com\/","logo":{"@type":"ImageObject","inLanguage":"tr","@id":"https:\/\/www.sendblaster.com\/#\/schema\/logo\/image\/","url":"https:\/\/www.sendblaster.com\/wp-content\/uploads\/2021\/09\/logo-svg-2021.svg","contentUrl":"https:\/\/www.sendblaster.com\/wp-content\/uploads\/2021\/09\/logo-svg-2021.svg","width":350,"height":70,"caption":"SendBlaster Toplu mesaj g\u00f6nderim yaz\u0131l\u0131m\u0131"},"image":{"@id":"https:\/\/www.sendblaster.com\/#\/schema\/logo\/image\/"}}]}},"_links":{"self":[{"href":"https:\/\/www.sendblaster.com\/tr\/wp-json\/wp\/v2\/pages\/3464"}],"collection":[{"href":"https:\/\/www.sendblaster.com\/tr\/wp-json\/wp\/v2\/pages"}],"about":[{"href":"https:\/\/www.sendblaster.com\/tr\/wp-json\/wp\/v2\/types\/page"}],"author":[{"embeddable":true,"href":"https:\/\/www.sendblaster.com\/tr\/wp-json\/wp\/v2\/users\/1"}],"replies":[{"embeddable":true,"href":"https:\/\/www.sendblaster.com\/tr\/wp-json\/wp\/v2\/comments?post=3464"}],"version-history":[{"count":2,"href":"https:\/\/www.sendblaster.com\/tr\/wp-json\/wp\/v2\/pages\/3464\/revisions"}],"predecessor-version":[{"id":3466,"href":"https:\/\/www.sendblaster.com\/tr\/wp-json\/wp\/v2\/pages\/3464\/revisions\/3466"}],"wp:attachment":[{"href":"https:\/\/www.sendblaster.com\/tr\/wp-json\/wp\/v2\/media?parent=3464"}],"curies":[{"name":"wp","href":"https:\/\/api.w.org\/{rel}","templated":true}]}}