{"id":3458,"date":"2018-07-20T09:09:21","date_gmt":"2018-07-20T09:09:21","guid":{"rendered":"https:\/\/www.sendblaster.com\/?page_id=3458"},"modified":"2018-07-20T09:09:21","modified_gmt":"2018-07-20T09:09:21","slug":"nasil-e-posta-pazarlama-kampanyasi-yapilir","status":"publish","type":"page","link":"https:\/\/www.sendblaster.com\/tr\/nasil-e-posta-pazarlama-kampanyasi-yapilir\/","title":{"rendered":"Nas\u0131l E-posta pazarlama kampanyas\u0131 yap\u0131l\u0131r"},"content":{"rendered":"<p>E-posta ile pazarlama m\u00fc\u015fteri ba\u011fl\u0131l\u0131\u011f\u0131n\u0131 kazanmak i\u00e7in ku\u015fkusuz en direkt ve etkili ara\u00e7t\u0131r. E\u011fer bir web sitesiz varsa, az veya \u00e7ok ziyaret\u00e7inizde var demektir ve kesinlikle bu ziyaret\u00e7iler sa\u011flam\u0131\u015f oldu\u011funuz i\u00e7erik ile ilgilidirler.<\/p>\n<p>\u0130lgili m\u00fc\u015fterilerden bir m\u00fc\u015fteri profili olu\u015fturma \u015fans\u0131 b\u00fcy\u00fck bir kazan\u00e7t\u0131r ve e\u011fer \u201ct\u0131klama ba\u015f\u0131na \u00f6de\u201d ara\u00e7lar\u0131 kullan\u0131yorsan\u0131z (\u00f6rne\u011fin Google Adwords) o zaman bu daha b\u00fcy\u00fck bir kazan\u00e7 olur ve ama\u00e7lar\u0131n\u0131za ula\u015fmak i\u00e7in (\u00f6rne\u011fin sat\u0131\u015f veya finansal hedeflere), izin verilen ara\u00e7lar ile m\u00fc\u015fterilerinizin bilgilerini toplamamak \u00e7ok yaz\u0131k olur.<\/p>\n<p>Di\u011fer taraftan, bilinmeyen insanlara talep edilmeyen mesajlar g\u00f6ndermek siteniz i\u00e7in negatif ve de\u011fersiz oldu\u011fu gibi yasa d\u0131\u015f\u0131d\u0131r da. 200 ilgili m\u00fc\u015fteriye mesaj g\u00f6ndermek, ilgisiz 20000 ki\u015fiye mesaj g\u00f6ndermekten daha iyidir.&nbsp;85 Euroya veya \u00fccretsiz olarak e-posta pazarlama i\u015flemine ba\u015flamak (<a href=\"indir\" title=\"indir\">toplu mesaj g\u00f6nderim yaz\u0131l\u0131m\u0131m\u0131z olan SendBlaster\u2019\u0131n \u00fccretsiz s\u00fcr\u00fcm\u00fc ile<\/a> i\u00e7in gerekli olan bir ka\u00e7 gerekli ad\u0131m\u0131 a\u015fa\u011f\u0131da bulabilirsiniz:<\/p>\n<p>&nbsp;<\/p>\n<ul>\n<li><a href=\"destek\/listeler-aktarma\/liste-aktarimi\" title=\"destek, listeler aktarma, liste aktarimi\">Liste aktar\u0131m\u0131 <\/a><\/li>\n<li><a title=\"destek, yzin tabanly liste, izin tabanli bir liste nasil olusturulur\" href=\"destek\/yzin-tabanly-liste\/izin-tabanli-bir-liste-nasil-olusturulur\">\u0130zin tabanl\u0131 bir liste nas\u0131l olu\u015fturulur<\/a><\/li>\n<li><a title=\"destek, oeneriler, daha iyi toplu mesaj goenderme icin kilavuz\" href=\"destek\/oeneriler\/daha-iyi-toplu-mesaj-goenderme-icin-kilavuz\">Daha iyi toplu mesaj g\u00f6nderme i\u00e7in k\u0131lavuz<\/a><\/li>\n<li><a title=\"anti spam kanunu\" href=\"anti-spam-kanunu\">Anti-Spam Kanunu<\/a><\/li>\n<li><a title=\"e posta dagitim orani\" href=\"e-posta-dagitim-orani\">E-posta da\u011f\u0131t\u0131m oran\u0131<\/a><\/li>\n<li><a title=\"veri analizi\" href=\"veri-analizi\">Veri analizi<\/a><\/li>\n<\/ul>\n","protected":false},"excerpt":{"rendered":"<p>E-posta ile pazarlama m\u00fc\u015fteri ba\u011fl\u0131l\u0131\u011f\u0131n\u0131 kazanmak i\u00e7in ku\u015fkusuz en direkt ve etkili ara\u00e7t\u0131r. E\u011fer bir web sitesiz varsa, az veya \u00e7ok ziyaret\u00e7inizde var demektir ve kesinlikle bu ziyaret\u00e7iler sa\u011flam\u0131\u015f oldu\u011funuz i\u00e7erik ile ilgilidirler. \u0130lgili m\u00fc\u015fterilerden bir m\u00fc\u015fteri profili olu\u015fturma \u015fans\u0131 <\/p>\n<p class=\"read-more-container\"><a class=\"button read-more\" href=\"https:\/\/www.sendblaster.com\/tr\/nasil-e-posta-pazarlama-kampanyasi-yapilir\/\" title=\"\">Okumaya devam et<\/a><\/p>\n","protected":false},"author":1,"featured_media":0,"parent":0,"menu_order":0,"comment_status":"closed","ping_status":"closed","template":"g1_template_page_sidebar_right.php","meta":{"_monsterinsights_skip_tracking":false,"_monsterinsights_sitenote_active":false,"_monsterinsights_sitenote_note":"","_monsterinsights_sitenote_category":0,"footnotes":""},"class_list":["post-3458","page","type-page","status-publish"],"yoast_head":"<!-- This site is optimized with the Yoast SEO plugin v23.5 - https:\/\/yoast.com\/wordpress\/plugins\/seo\/ -->\n<title>Nas\u0131l E-posta pazarlama kampanyas\u0131 yap\u0131l\u0131r - SendBlaster Toplu mesaj g\u00f6nderim yaz\u0131l\u0131m\u0131<\/title>\n<meta name=\"description\" content=\"SendBlaster Toplu mesaj g\u00f6nderim yaz\u0131l\u0131m\u0131 Nas\u0131l E-posta pazarlama kampanyas\u0131 yap\u0131l\u0131r E-posta ile pazarlama m\u00fc\u015fteri ba\u011fl\u0131l\u0131\u011f\u0131n\u0131 kazanmak i\u00e7in ku\u015fkusuz en direkt ve etkili ara\u00e7t\u0131r. E\u011fer bir web sitesiz varsa, az veya \u00e7ok ziyaret\u00e7inizde var\" \/>\n<meta name=\"robots\" content=\"index, follow, max-snippet:-1, max-image-preview:large, max-video-preview:-1\" \/>\n<link rel=\"canonical\" href=\"https:\/\/www.sendblaster.com\/tr\/nasil-e-posta-pazarlama-kampanyasi-yapilir\/\" \/>\n<meta property=\"og:locale\" content=\"tr_TR\" \/>\n<meta property=\"og:type\" content=\"article\" \/>\n<meta property=\"og:title\" content=\"Nas\u0131l E-posta pazarlama kampanyas\u0131 yap\u0131l\u0131r - SendBlaster Toplu mesaj g\u00f6nderim yaz\u0131l\u0131m\u0131\" \/>\n<meta property=\"og:description\" content=\"SendBlaster Toplu mesaj g\u00f6nderim yaz\u0131l\u0131m\u0131 Nas\u0131l E-posta pazarlama kampanyas\u0131 yap\u0131l\u0131r E-posta ile pazarlama m\u00fc\u015fteri ba\u011fl\u0131l\u0131\u011f\u0131n\u0131 kazanmak i\u00e7in ku\u015fkusuz en direkt ve etkili ara\u00e7t\u0131r. E\u011fer bir web sitesiz varsa, az veya \u00e7ok ziyaret\u00e7inizde var\" \/>\n<meta property=\"og:url\" content=\"https:\/\/www.sendblaster.com\/tr\/nasil-e-posta-pazarlama-kampanyasi-yapilir\/\" \/>\n<meta property=\"og:site_name\" content=\"SendBlaster Toplu mesaj g\u00f6nderim yaz\u0131l\u0131m\u0131\" \/>\n<meta name=\"twitter:card\" content=\"summary_large_image\" \/>\n<meta name=\"twitter:label1\" content=\"Tahmini okuma s\u00fcresi\" \/>\n\t<meta name=\"twitter:data1\" content=\"1 dakika\" \/>\n<script type=\"application\/ld+json\" class=\"yoast-schema-graph\">{\"@context\":\"https:\/\/schema.org\",\"@graph\":[{\"@type\":\"WebPage\",\"@id\":\"https:\/\/www.sendblaster.com\/tr\/nasil-e-posta-pazarlama-kampanyasi-yapilir\/\",\"url\":\"https:\/\/www.sendblaster.com\/tr\/nasil-e-posta-pazarlama-kampanyasi-yapilir\/\",\"name\":\"Nas\u0131l E-posta pazarlama kampanyas\u0131 yap\u0131l\u0131r - SendBlaster Toplu mesaj g\u00f6nderim yaz\u0131l\u0131m\u0131\",\"isPartOf\":{\"@id\":\"https:\/\/www.sendblaster.com\/#website\"},\"datePublished\":\"2018-07-20T09:09:21+00:00\",\"dateModified\":\"2018-07-20T09:09:21+00:00\",\"description\":\"SendBlaster Toplu mesaj g\u00f6nderim yaz\u0131l\u0131m\u0131 Nas\u0131l E-posta pazarlama kampanyas\u0131 yap\u0131l\u0131r E-posta ile pazarlama m\u00fc\u015fteri ba\u011fl\u0131l\u0131\u011f\u0131n\u0131 kazanmak i\u00e7in ku\u015fkusuz en direkt ve etkili ara\u00e7t\u0131r. E\u011fer bir web sitesiz varsa, az veya \u00e7ok ziyaret\u00e7inizde var\",\"breadcrumb\":{\"@id\":\"https:\/\/www.sendblaster.com\/tr\/nasil-e-posta-pazarlama-kampanyasi-yapilir\/#breadcrumb\"},\"inLanguage\":\"tr\",\"potentialAction\":[{\"@type\":\"ReadAction\",\"target\":[\"https:\/\/www.sendblaster.com\/tr\/nasil-e-posta-pazarlama-kampanyasi-yapilir\/\"]}]},{\"@type\":\"BreadcrumbList\",\"@id\":\"https:\/\/www.sendblaster.com\/tr\/nasil-e-posta-pazarlama-kampanyasi-yapilir\/#breadcrumb\",\"itemListElement\":[{\"@type\":\"ListItem\",\"position\":1,\"name\":\"Home\",\"item\":\"https:\/\/www.sendblaster.com\/tr\/\"},{\"@type\":\"ListItem\",\"position\":2,\"name\":\"Nas\u0131l E-posta pazarlama kampanyas\u0131 yap\u0131l\u0131r\"}]},{\"@type\":\"WebSite\",\"@id\":\"https:\/\/www.sendblaster.com\/#website\",\"url\":\"https:\/\/www.sendblaster.com\/\",\"name\":\"SendBlaster Toplu mesaj g\u00f6nderim yaz\u0131l\u0131m\u0131\",\"description\":\"\",\"publisher\":{\"@id\":\"https:\/\/www.sendblaster.com\/#organization\"},\"potentialAction\":[{\"@type\":\"SearchAction\",\"target\":{\"@type\":\"EntryPoint\",\"urlTemplate\":\"https:\/\/www.sendblaster.com\/?s={search_term_string}\"},\"query-input\":{\"@type\":\"PropertyValueSpecification\",\"valueRequired\":true,\"valueName\":\"search_term_string\"}}],\"inLanguage\":\"tr\"},{\"@type\":\"Organization\",\"@id\":\"https:\/\/www.sendblaster.com\/#organization\",\"name\":\"SendBlaster Toplu mesaj g\u00f6nderim yaz\u0131l\u0131m\u0131\",\"url\":\"https:\/\/www.sendblaster.com\/\",\"logo\":{\"@type\":\"ImageObject\",\"inLanguage\":\"tr\",\"@id\":\"https:\/\/www.sendblaster.com\/#\/schema\/logo\/image\/\",\"url\":\"https:\/\/www.sendblaster.com\/wp-content\/uploads\/2021\/09\/logo-svg-2021.svg\",\"contentUrl\":\"https:\/\/www.sendblaster.com\/wp-content\/uploads\/2021\/09\/logo-svg-2021.svg\",\"width\":350,\"height\":70,\"caption\":\"SendBlaster Toplu mesaj g\u00f6nderim yaz\u0131l\u0131m\u0131\"},\"image\":{\"@id\":\"https:\/\/www.sendblaster.com\/#\/schema\/logo\/image\/\"}}]}<\/script>\n<!-- \/ Yoast SEO plugin. -->","yoast_head_json":{"title":"Nas\u0131l E-posta pazarlama kampanyas\u0131 yap\u0131l\u0131r - SendBlaster Toplu mesaj g\u00f6nderim yaz\u0131l\u0131m\u0131","description":"SendBlaster Toplu mesaj g\u00f6nderim yaz\u0131l\u0131m\u0131 Nas\u0131l E-posta pazarlama kampanyas\u0131 yap\u0131l\u0131r E-posta ile pazarlama m\u00fc\u015fteri ba\u011fl\u0131l\u0131\u011f\u0131n\u0131 kazanmak i\u00e7in ku\u015fkusuz en direkt ve etkili ara\u00e7t\u0131r. E\u011fer bir web sitesiz varsa, az veya \u00e7ok ziyaret\u00e7inizde var","robots":{"index":"index","follow":"follow","max-snippet":"max-snippet:-1","max-image-preview":"max-image-preview:large","max-video-preview":"max-video-preview:-1"},"canonical":"https:\/\/www.sendblaster.com\/tr\/nasil-e-posta-pazarlama-kampanyasi-yapilir\/","og_locale":"tr_TR","og_type":"article","og_title":"Nas\u0131l E-posta pazarlama kampanyas\u0131 yap\u0131l\u0131r - SendBlaster Toplu mesaj g\u00f6nderim yaz\u0131l\u0131m\u0131","og_description":"SendBlaster Toplu mesaj g\u00f6nderim yaz\u0131l\u0131m\u0131 Nas\u0131l E-posta pazarlama kampanyas\u0131 yap\u0131l\u0131r E-posta ile pazarlama m\u00fc\u015fteri ba\u011fl\u0131l\u0131\u011f\u0131n\u0131 kazanmak i\u00e7in ku\u015fkusuz en direkt ve etkili ara\u00e7t\u0131r. E\u011fer bir web sitesiz varsa, az veya \u00e7ok ziyaret\u00e7inizde var","og_url":"https:\/\/www.sendblaster.com\/tr\/nasil-e-posta-pazarlama-kampanyasi-yapilir\/","og_site_name":"SendBlaster Toplu mesaj g\u00f6nderim yaz\u0131l\u0131m\u0131","twitter_card":"summary_large_image","twitter_misc":{"Tahmini okuma s\u00fcresi":"1 dakika"},"schema":{"@context":"https:\/\/schema.org","@graph":[{"@type":"WebPage","@id":"https:\/\/www.sendblaster.com\/tr\/nasil-e-posta-pazarlama-kampanyasi-yapilir\/","url":"https:\/\/www.sendblaster.com\/tr\/nasil-e-posta-pazarlama-kampanyasi-yapilir\/","name":"Nas\u0131l E-posta pazarlama kampanyas\u0131 yap\u0131l\u0131r - SendBlaster Toplu mesaj g\u00f6nderim yaz\u0131l\u0131m\u0131","isPartOf":{"@id":"https:\/\/www.sendblaster.com\/#website"},"datePublished":"2018-07-20T09:09:21+00:00","dateModified":"2018-07-20T09:09:21+00:00","description":"SendBlaster Toplu mesaj g\u00f6nderim yaz\u0131l\u0131m\u0131 Nas\u0131l E-posta pazarlama kampanyas\u0131 yap\u0131l\u0131r E-posta ile pazarlama m\u00fc\u015fteri ba\u011fl\u0131l\u0131\u011f\u0131n\u0131 kazanmak i\u00e7in ku\u015fkusuz en direkt ve etkili ara\u00e7t\u0131r. E\u011fer bir web sitesiz varsa, az veya \u00e7ok ziyaret\u00e7inizde var","breadcrumb":{"@id":"https:\/\/www.sendblaster.com\/tr\/nasil-e-posta-pazarlama-kampanyasi-yapilir\/#breadcrumb"},"inLanguage":"tr","potentialAction":[{"@type":"ReadAction","target":["https:\/\/www.sendblaster.com\/tr\/nasil-e-posta-pazarlama-kampanyasi-yapilir\/"]}]},{"@type":"BreadcrumbList","@id":"https:\/\/www.sendblaster.com\/tr\/nasil-e-posta-pazarlama-kampanyasi-yapilir\/#breadcrumb","itemListElement":[{"@type":"ListItem","position":1,"name":"Home","item":"https:\/\/www.sendblaster.com\/tr\/"},{"@type":"ListItem","position":2,"name":"Nas\u0131l E-posta pazarlama kampanyas\u0131 yap\u0131l\u0131r"}]},{"@type":"WebSite","@id":"https:\/\/www.sendblaster.com\/#website","url":"https:\/\/www.sendblaster.com\/","name":"SendBlaster Toplu mesaj g\u00f6nderim yaz\u0131l\u0131m\u0131","description":"","publisher":{"@id":"https:\/\/www.sendblaster.com\/#organization"},"potentialAction":[{"@type":"SearchAction","target":{"@type":"EntryPoint","urlTemplate":"https:\/\/www.sendblaster.com\/?s={search_term_string}"},"query-input":{"@type":"PropertyValueSpecification","valueRequired":true,"valueName":"search_term_string"}}],"inLanguage":"tr"},{"@type":"Organization","@id":"https:\/\/www.sendblaster.com\/#organization","name":"SendBlaster Toplu mesaj g\u00f6nderim yaz\u0131l\u0131m\u0131","url":"https:\/\/www.sendblaster.com\/","logo":{"@type":"ImageObject","inLanguage":"tr","@id":"https:\/\/www.sendblaster.com\/#\/schema\/logo\/image\/","url":"https:\/\/www.sendblaster.com\/wp-content\/uploads\/2021\/09\/logo-svg-2021.svg","contentUrl":"https:\/\/www.sendblaster.com\/wp-content\/uploads\/2021\/09\/logo-svg-2021.svg","width":350,"height":70,"caption":"SendBlaster Toplu mesaj g\u00f6nderim yaz\u0131l\u0131m\u0131"},"image":{"@id":"https:\/\/www.sendblaster.com\/#\/schema\/logo\/image\/"}}]}},"_links":{"self":[{"href":"https:\/\/www.sendblaster.com\/tr\/wp-json\/wp\/v2\/pages\/3458"}],"collection":[{"href":"https:\/\/www.sendblaster.com\/tr\/wp-json\/wp\/v2\/pages"}],"about":[{"href":"https:\/\/www.sendblaster.com\/tr\/wp-json\/wp\/v2\/types\/page"}],"author":[{"embeddable":true,"href":"https:\/\/www.sendblaster.com\/tr\/wp-json\/wp\/v2\/users\/1"}],"replies":[{"embeddable":true,"href":"https:\/\/www.sendblaster.com\/tr\/wp-json\/wp\/v2\/comments?post=3458"}],"version-history":[{"count":1,"href":"https:\/\/www.sendblaster.com\/tr\/wp-json\/wp\/v2\/pages\/3458\/revisions"}],"predecessor-version":[{"id":3459,"href":"https:\/\/www.sendblaster.com\/tr\/wp-json\/wp\/v2\/pages\/3458\/revisions\/3459"}],"wp:attachment":[{"href":"https:\/\/www.sendblaster.com\/tr\/wp-json\/wp\/v2\/media?parent=3458"}],"curies":[{"name":"wp","href":"https:\/\/api.w.org\/{rel}","templated":true}]}}