{"id":3451,"date":"2018-07-20T08:59:04","date_gmt":"2018-07-20T08:59:04","guid":{"rendered":"https:\/\/www.sendblaster.com\/?page_id=3451"},"modified":"2018-07-20T08:59:22","modified_gmt":"2018-07-20T08:59:22","slug":"karsilastirma-tablosu-uecretsiz-buelten-yazilimi-pro-toplu-e-posta-mesaj-goenderici","status":"publish","type":"page","link":"https:\/\/www.sendblaster.com\/tr\/karsilastirma-tablosu-uecretsiz-buelten-yazilimi-pro-toplu-e-posta-mesaj-goenderici\/","title":{"rendered":"SendBlaster Free &#038; Pro versiyonlar\u0131 kar\u015f\u0131la\u015ft\u0131rma tablosu"},"content":{"rendered":"<table border=\"1\" cellspacing=\"5\" class=\"table-comparative\">\n<tbody>\n<tr>\n<td class=\"grey\"><strong>\u00d6zellikler<\/strong><\/td>\n<td class=\"grey\" style=\"background-color:#15a61c; color:#ffffff; text-align:center;\" width=\"172\"><strong>Free s\u00fcr\u00fcm<\/strong><\/td>\n<td class=\"grey\" style=\"background-color:#ff6c00; color:#ffffff; text-align:center;\" width=\"172\"><strong>PRO s\u00fcr\u00fcm<\/strong><\/td>\n<\/tr>\n<tr>\n<td style=\"vertical-align: top;\">&nbsp;<\/td>\n<td style=\"vertical-align: top;\">&nbsp;<\/td>\n<td style=\"vertical-align: top;\">&nbsp;<\/td>\n<\/tr>\n<tr>\n<td>Ba\u011f\u0131ms\u0131z ba\u011flant\u0131 say\u0131s\u0131<\/td>\n<td align=\"center\"><strong>2<\/strong><\/td>\n<td align=\"center\"><strong>50<\/strong><\/td>\n<\/tr>\n<tr>\n<td class=\"grey\">Bir seferde g\u00f6nderilebilecek maksimum al\u0131c\u0131 say\u0131s\u0131<\/td>\n<td align=\"center\" class=\"grey\"><strong>100<\/strong><\/td>\n<td align=\"center\" class=\"grey\"><strong>S\u0131n\u0131rs\u0131z<\/strong><\/td>\n<\/tr>\n<tr>\n<td>Listeler say\u0131s\u0131<\/td>\n<td align=\"center\"><strong>2<\/strong><\/td>\n<td align=\"center\"><strong>unlimited<\/strong><\/td>\n<\/tr>\n<tr>\n<td class=\"grey\">Dosya eklentilerini destekliyor<\/td>\n<td align=\"center\" class=\"grey\"><strong>Hay\u0131r<\/strong><\/td>\n<td align=\"center\" class=\"grey\"><strong>Evet<\/strong><\/td>\n<\/tr>\n<tr>\n<td>Liste Arama motoru<\/td>\n<td align=\"center\"><strong>Hay\u0131r<\/strong><\/td>\n<td align=\"center\"><strong>Evet<\/strong><\/td>\n<\/tr>\n<tr>\n<td class=\"grey\">Mesaj listesini csv dosyalar\u0131 olarak d\u0131\u015far\u0131 aktarma<\/td>\n<td align=\"center\" class=\"grey\"><strong>Hay\u0131r<\/strong><\/td>\n<td align=\"center\" class=\"grey\"><strong>Evet<\/strong><\/td>\n<\/tr>\n<tr>\n<td>\u015eifre ile koruma<\/td>\n<td align=\"center\"><strong>Hay\u0131r<\/strong><\/td>\n<td align=\"center\"><strong>Evet<\/strong><\/td>\n<\/tr>\n<tr>\n<td class=\"grey\">Alan ad\u0131 blacklist<\/td>\n<td align=\"center\" class=\"grey\"><strong>Hay\u0131r<\/strong><\/td>\n<td align=\"center\" class=\"grey\"><strong>Evet<\/strong><\/td>\n<\/tr>\n<tr>\n<td>E-posta blacklist<\/td>\n<td align=\"center\"><strong>Evet<\/strong><\/td>\n<td align=\"center\"><strong>Evet<\/strong><\/td>\n<\/tr>\n<tr>\n<td class=\"grey\">Bounced e-posta mesajlar\u0131 i\u015fleme<\/td>\n<td align=\"center\" class=\"grey\"><strong>Evet<\/strong><\/td>\n<td align=\"center\" class=\"grey\"><strong>Evet<\/strong><\/td>\n<\/tr>\n<tr>\n<td>Ula\u015f\u0131lamayan adresleri mesaj g\u00f6nderiminden sonra d\u0131\u015fa aktarma<\/td>\n<td align=\"center\"><strong>Evet<\/strong><\/td>\n<td align=\"center\"><strong>Evet<\/strong><\/td>\n<\/tr>\n<tr>\n<td class=\"grey\">Yerle\u015fik SMTP Mesajla\u015fma Sunucusu ile mesaj g\u00f6nderimi<\/td>\n<td align=\"center\" class=\"grey\"><strong>Evet<\/strong><\/td>\n<td align=\"center\" class=\"grey\"><strong>Evet<\/strong><\/td>\n<\/tr>\n<tr>\n<td>ISP \u00fczerinden mesaj g\u00f6nderimi<\/td>\n<td align=\"center\"><strong>Evet<\/strong><\/td>\n<td align=\"center\"><strong>Evet<\/strong><\/td>\n<\/tr>\n<tr>\n<td class=\"grey\">Tekrar eden mesajlar\u0131 g\u00f6nderme<\/td>\n<td align=\"center\" class=\"grey\"><strong>Evet<\/strong><\/td>\n<td align=\"center\" class=\"grey\"><strong>Evet<\/strong><\/td>\n<\/tr>\n<tr>\n<td style=\"vertical-align: top;\">Versiyon 1 ile yeni \u0163ablon kar\u0163\u00fdla\u0163t\u00fdrmas\u00fd<\/td>\n<td class=\"rtecenter\" style=\"vertical-align: top;\"><strong>50<\/strong><\/td>\n<td class=\"rtecenter\" style=\"vertical-align: top;\"><strong>100<\/strong><\/td>\n<\/tr>\n<tr>\n<td>Ki\u015fisel \u015fablon olu\u015fturma ve kaydetme<\/td>\n<td align=\"center\"><strong>Evet<\/strong><\/td>\n<td align=\"center\"><strong>Evet<\/strong><\/td>\n<\/tr>\n<tr>\n<td class=\"grey\">\u00c7ok Dil i\u00e7eren mesajlar i\u00e7in CHARSET ayarlama<\/td>\n<td align=\"center\" class=\"grey\"><strong>Evet<\/strong><\/td>\n<td align=\"center\" class=\"grey\"><strong>Evet<\/strong><\/td>\n<\/tr>\n<tr>\n<td>G\u00f6ndermeden \u00f6nce mesaj \u00f6n izleme<\/td>\n<td align=\"center\"><strong>Evet<\/strong><\/td>\n<td align=\"center\"><strong>Evet<\/strong><\/td>\n<\/tr>\n<tr>\n<td class=\"grey\">Medya i\u00e7eren EML dosyalar\u0131ndan mesajlar\u0131 aktarma<\/td>\n<td align=\"center\" class=\"grey\"><strong>Evet<\/strong><\/td>\n<td align=\"center\" class=\"grey\"><strong>Evet<\/strong><\/td>\n<\/tr>\n<tr>\n<td>Medya i\u00e7eren HTML dosyalar\u0131ndan mesajlar\u0131 aktarma<\/td>\n<td align=\"center\"><strong>Evet<\/strong><\/td>\n<td align=\"center\"><strong>Evet<\/strong><\/td>\n<\/tr>\n<tr>\n<td class=\"grey\">\u00c7oklu ba\u011flant\u0131 (birden fazla mesaj\u0131 ayn\u0131 anda g\u00f6nderme)<\/td>\n<td align=\"center\" class=\"grey\"><strong>Evet<\/strong><\/td>\n<td align=\"center\" class=\"grey\"><strong>Evet<\/strong><\/td>\n<\/tr>\n<tr>\n<td>Web sitesi i\u00e7erisindeki mesajla\u015fma listesi ile entegrasyon<\/td>\n<td align=\"center\"><strong>Evet<\/strong><\/td>\n<td align=\"center\"><strong>Evet<\/strong><\/td>\n<\/tr>\n<tr>\n<td class=\"grey\">Metin \/ csv dosyalar\u0131ndan mesajla\u015fma listesi aktar\u0131m\u0131<\/td>\n<td align=\"center\" class=\"grey\"><strong>Evet<\/strong><\/td>\n<td align=\"center\" class=\"grey\"><strong>Evet<\/strong><\/td>\n<\/tr>\n<tr>\n<td>Outlook Express program\u0131ndan liste aktar\u0131m\u0131<\/td>\n<td align=\"center\"><strong>Evet<\/strong><\/td>\n<td align=\"center\"><strong>Evet<\/strong><\/td>\n<\/tr>\n<tr>\n<td class=\"grey\">Web http:\/\/ \u00fczerinden liste aktar\u0131m\u0131<\/td>\n<td align=\"center\" class=\"grey\"><strong>Evet<\/strong><\/td>\n<td align=\"center\" class=\"grey\"><strong>Evet<\/strong><\/td>\n<\/tr>\n<tr>\n<td>Ta\u015f\u0131ma panosundan liste aktar\u0131m\u0131<\/td>\n<td align=\"center\"><strong>Evet<\/strong><\/td>\n<td align=\"center\"><strong>Evet<\/strong><\/td>\n<\/tr>\n<tr>\n<td class=\"grey\">Geli\u015fmi\u015f liste filtreleri<\/td>\n<td align=\"center\" class=\"grey\"><strong>Evet<\/strong><\/td>\n<td align=\"center\" class=\"grey\"><strong>Evet<\/strong><\/td>\n<\/tr>\n<tr>\n<td>Ki\u015fiselle\u015ftirilmi\u015f veritaban\u0131 alanlar\u0131<\/td>\n<td align=\"center\"><strong>Evet<\/strong><\/td>\n<td align=\"center\"><strong>Evet<\/strong><\/td>\n<\/tr>\n<tr>\n<td class=\"grey\">E-posta birle\u015ftirme (her bir al\u0131c\u0131 i\u00e7in ki\u015fisel mesaj olu\u015fturma)<\/td>\n<td align=\"center\" class=\"grey\"><strong>Evet<\/strong><\/td>\n<td align=\"center\" class=\"grey\"><strong>Evet<\/strong><\/td>\n<\/tr>\n<tr>\n<td>Mesajl listesi d\u00fczenleme<\/td>\n<td align=\"center\"><strong>Evet<\/strong><\/td>\n<td align=\"center\"><strong>Evet<\/strong><\/td>\n<\/tr>\n<tr>\n<td class=\"grey\">Her bir liste i\u00e7in farkl\u0131 bir pop3 hesab\u0131<\/td>\n<td align=\"center\" class=\"grey\"><strong>Evet<\/strong><\/td>\n<td align=\"center\" class=\"grey\"><strong>Evet<\/strong><\/td>\n<\/tr>\n<tr>\n<td>E-posta veya Web Formu ile \u00dcye Yapma\/\u00dcyelikten \u00c7\u0131kma<\/td>\n<td align=\"center\"><strong>Evet<\/strong><\/td>\n<td align=\"center\"><strong>Evet<\/strong><\/td>\n<\/tr>\n<tr>\n<td class=\"grey\">Web formu g\u00f6nderiminden t\u00fcm alanlar\u0131 kaydetme<\/td>\n<td align=\"center\" class=\"grey\"><strong>Evet<\/strong><\/td>\n<td align=\"center\" class=\"grey\"><strong>Evet<\/strong><\/td>\n<\/tr>\n<tr>\n<td>Bask\u0131 \u00f6nizleme ile listelerin yazd\u0131r\u0131lmas\u0131<\/td>\n<td align=\"center\"><strong>Evet<\/strong><\/td>\n<td align=\"center\"><strong>Evet<\/strong><\/td>\n<\/tr>\n<tr>\n<td class=\"grey\">\u00dcye Yapma\/\u00dcyelikten \u00c7\u0131kma  Web Formlar\u0131 i\u00e7in HTML kod olu\u015fturma<\/td>\n<td align=\"center\" class=\"grey\"><strong>Evet<\/strong><\/td>\n<td align=\"center\" class=\"grey\"><strong>Evet<\/strong><\/td>\n<\/tr>\n<tr>\n<td>HTML ve Metin ve\/veya alternatif Text ile mesaj olu\u015fturma<\/td>\n<td align=\"center\"><strong>Evet<\/strong><\/td>\n<td align=\"center\"><strong>Evet<\/strong><\/td>\n<\/tr>\n<tr>\n<td class=\"grey\">WYSYWYG HTML D\u00fczenleyici<\/td>\n<td align=\"center\" class=\"grey\"><strong>Evet<\/strong><\/td>\n<td align=\"center\" class=\"grey\"><strong>Evet<\/strong><\/td>\n<\/tr>\n<tr>\n<td>G\u00f6m\u00fcl\u00fc resimler ile multi-part HTML mesajlar\u0131 g\u00f6nderebilme<\/td>\n<td align=\"center\"><strong>Evet<\/strong><\/td>\n<td align=\"center\"><strong>Evet<\/strong><\/td>\n<\/tr>\n<tr>\n<td class=\"grey\">S\u0131n\u0131r\u0131z mesajla\u015fma projeleri<\/td>\n<td align=\"center\" class=\"grey\"><strong>Evet<\/strong><\/td>\n<td align=\"center\" class=\"grey\"><strong>Evet<\/strong><\/td>\n<\/tr>\n<tr>\n<td>D\u00fcz metin mesajlar\u0131 i\u00e7in HTML\u2019den metin olu\u015fturma<\/td>\n<td align=\"center\"><strong>Evet<\/strong><\/td>\n<td align=\"center\"><strong>Evet<\/strong><\/td>\n<\/tr>\n<tr>\n<td class=\"grey\"><strong>E-POSTA TEKN\u0130K DESTEK<\/strong><\/td>\n<td align=\"center\" class=\"grey\"><strong>Hay\u0131r<\/strong><\/td>\n<td align=\"center\" class=\"grey\"><strong>Evet<\/strong><\/td>\n<\/tr>\n<tr>\n<td>&nbsp;<\/td>\n<td align=\"center\">&nbsp;<\/td>\n<td align=\"center\">&nbsp;<\/td>\n<\/tr>\n<tr>\n<td align=\"right\" class=\"grey\"><strong><em>\u00dccret <\/em><\/strong><\/td>\n<td align=\"center\" class=\"grey\"><strong>\u00dccretsiz<\/strong><\/td>\n<td align=\"center\" class=\"grey\"><strong>Tek seferlik \u00fccret<\/strong><\/td>\n<\/tr>\n<tr>\n<td align=\"right\">&nbsp;<\/td>\n<td style=\"text-align: center;\"><a href=\"https:\/\/www.sendblaster.com\/tr\/indir\" title=\"\u00dccretsiz indirin\" class=\"download-cta table-cta\">\u00dccretsiz indirin<\/a><\/td>\n<td style=\"text-align: center;\"><a href=\"https:\/\/www.sendblaster.com\/tr\/satin-al\" title=\"SendBlaster Pro Sat\u0131n Al\u0131n\" class=\"buy-cta table-cta\">SendBlaster Pro Sat\u0131n Al\u0131n<\/a><\/td>\n<\/tr>\n<\/tbody>\n<\/table>\n","protected":false},"excerpt":{"rendered":"<p>\u00d6zellikler Free s\u00fcr\u00fcm PRO s\u00fcr\u00fcm &nbsp; &nbsp; &nbsp; Ba\u011f\u0131ms\u0131z ba\u011flant\u0131 say\u0131s\u0131 2 50 Bir seferde g\u00f6nderilebilecek maksimum al\u0131c\u0131 say\u0131s\u0131 100 S\u0131n\u0131rs\u0131z Listeler say\u0131s\u0131 2 unlimited Dosya eklentilerini destekliyor Hay\u0131r Evet Liste Arama motoru Hay\u0131r Evet Mesaj listesini csv dosyalar\u0131 olarak <\/p>\n<p class=\"read-more-container\"><a class=\"button read-more\" href=\"https:\/\/www.sendblaster.com\/tr\/karsilastirma-tablosu-uecretsiz-buelten-yazilimi-pro-toplu-e-posta-mesaj-goenderici\/\" title=\"\">Okumaya devam et<\/a><\/p>\n","protected":false},"author":1,"featured_media":0,"parent":0,"menu_order":0,"comment_status":"closed","ping_status":"closed","template":"","meta":{"_monsterinsights_skip_tracking":false,"_monsterinsights_sitenote_active":false,"_monsterinsights_sitenote_note":"","_monsterinsights_sitenote_category":0,"footnotes":""},"class_list":["post-3451","page","type-page","status-publish"],"yoast_head":"<!-- This site is optimized with the Yoast SEO plugin v23.5 - https:\/\/yoast.com\/wordpress\/plugins\/seo\/ -->\n<title>SendBlaster Free &amp; Pro versiyonlar\u0131 kar\u015f\u0131la\u015ft\u0131rma tablosu - SendBlaster Toplu mesaj g\u00f6nderim yaz\u0131l\u0131m\u0131<\/title>\n<meta name=\"description\" content=\"SendBlaster Toplu mesaj g\u00f6nderim yaz\u0131l\u0131m\u0131 SendBlaster Free &amp; Pro versiyonlar\u0131 kar\u015f\u0131la\u015ft\u0131rma tablosu \u00d6zellikler Free s\u00fcr\u00fcm PRO s\u00fcr\u00fcm &nbsp; &nbsp; &nbsp; Ba\u011f\u0131ms\u0131z ba\u011flant\u0131 say\u0131s\u0131 2 50 Bir seferde g\u00f6nderilebilecek maksimum al\u0131c\u0131 say\u0131s\u0131 100 S\u0131n\u0131rs\u0131z\" \/>\n<meta name=\"robots\" content=\"index, follow, max-snippet:-1, max-image-preview:large, max-video-preview:-1\" \/>\n<link rel=\"canonical\" href=\"https:\/\/www.sendblaster.com\/tr\/karsilastirma-tablosu-uecretsiz-buelten-yazilimi-pro-toplu-e-posta-mesaj-goenderici\/\" \/>\n<meta property=\"og:locale\" content=\"tr_TR\" \/>\n<meta property=\"og:type\" content=\"article\" \/>\n<meta property=\"og:title\" content=\"SendBlaster Free &amp; Pro versiyonlar\u0131 kar\u015f\u0131la\u015ft\u0131rma tablosu - SendBlaster Toplu mesaj g\u00f6nderim yaz\u0131l\u0131m\u0131\" \/>\n<meta property=\"og:description\" content=\"SendBlaster Toplu mesaj g\u00f6nderim yaz\u0131l\u0131m\u0131 SendBlaster Free &amp; Pro versiyonlar\u0131 kar\u015f\u0131la\u015ft\u0131rma tablosu \u00d6zellikler Free s\u00fcr\u00fcm PRO s\u00fcr\u00fcm &nbsp; &nbsp; &nbsp; Ba\u011f\u0131ms\u0131z ba\u011flant\u0131 say\u0131s\u0131 2 50 Bir seferde g\u00f6nderilebilecek maksimum al\u0131c\u0131 say\u0131s\u0131 100 S\u0131n\u0131rs\u0131z\" \/>\n<meta property=\"og:url\" content=\"https:\/\/www.sendblaster.com\/tr\/karsilastirma-tablosu-uecretsiz-buelten-yazilimi-pro-toplu-e-posta-mesaj-goenderici\/\" \/>\n<meta property=\"og:site_name\" content=\"SendBlaster Toplu mesaj g\u00f6nderim yaz\u0131l\u0131m\u0131\" \/>\n<meta property=\"article:modified_time\" content=\"2018-07-20T08:59:22+00:00\" \/>\n<meta name=\"twitter:card\" content=\"summary_large_image\" \/>\n<meta name=\"twitter:label1\" content=\"Tahmini okuma s\u00fcresi\" \/>\n\t<meta name=\"twitter:data1\" content=\"2 dakika\" \/>\n<script type=\"application\/ld+json\" class=\"yoast-schema-graph\">{\"@context\":\"https:\/\/schema.org\",\"@graph\":[{\"@type\":\"WebPage\",\"@id\":\"https:\/\/www.sendblaster.com\/tr\/karsilastirma-tablosu-uecretsiz-buelten-yazilimi-pro-toplu-e-posta-mesaj-goenderici\/\",\"url\":\"https:\/\/www.sendblaster.com\/tr\/karsilastirma-tablosu-uecretsiz-buelten-yazilimi-pro-toplu-e-posta-mesaj-goenderici\/\",\"name\":\"SendBlaster Free & Pro versiyonlar\u0131 kar\u015f\u0131la\u015ft\u0131rma tablosu - SendBlaster Toplu mesaj g\u00f6nderim yaz\u0131l\u0131m\u0131\",\"isPartOf\":{\"@id\":\"https:\/\/www.sendblaster.com\/#website\"},\"datePublished\":\"2018-07-20T08:59:04+00:00\",\"dateModified\":\"2018-07-20T08:59:22+00:00\",\"description\":\"SendBlaster Toplu mesaj g\u00f6nderim yaz\u0131l\u0131m\u0131 SendBlaster Free & Pro versiyonlar\u0131 kar\u015f\u0131la\u015ft\u0131rma tablosu \u00d6zellikler Free s\u00fcr\u00fcm PRO s\u00fcr\u00fcm &nbsp; &nbsp; &nbsp; Ba\u011f\u0131ms\u0131z ba\u011flant\u0131 say\u0131s\u0131 2 50 Bir seferde g\u00f6nderilebilecek maksimum al\u0131c\u0131 say\u0131s\u0131 100 S\u0131n\u0131rs\u0131z\",\"breadcrumb\":{\"@id\":\"https:\/\/www.sendblaster.com\/tr\/karsilastirma-tablosu-uecretsiz-buelten-yazilimi-pro-toplu-e-posta-mesaj-goenderici\/#breadcrumb\"},\"inLanguage\":\"tr\",\"potentialAction\":[{\"@type\":\"ReadAction\",\"target\":[\"https:\/\/www.sendblaster.com\/tr\/karsilastirma-tablosu-uecretsiz-buelten-yazilimi-pro-toplu-e-posta-mesaj-goenderici\/\"]}]},{\"@type\":\"BreadcrumbList\",\"@id\":\"https:\/\/www.sendblaster.com\/tr\/karsilastirma-tablosu-uecretsiz-buelten-yazilimi-pro-toplu-e-posta-mesaj-goenderici\/#breadcrumb\",\"itemListElement\":[{\"@type\":\"ListItem\",\"position\":1,\"name\":\"Home\",\"item\":\"https:\/\/www.sendblaster.com\/tr\/\"},{\"@type\":\"ListItem\",\"position\":2,\"name\":\"SendBlaster Free &#038; Pro versiyonlar\u0131 kar\u015f\u0131la\u015ft\u0131rma tablosu\"}]},{\"@type\":\"WebSite\",\"@id\":\"https:\/\/www.sendblaster.com\/#website\",\"url\":\"https:\/\/www.sendblaster.com\/\",\"name\":\"SendBlaster Toplu mesaj g\u00f6nderim yaz\u0131l\u0131m\u0131\",\"description\":\"\",\"publisher\":{\"@id\":\"https:\/\/www.sendblaster.com\/#organization\"},\"potentialAction\":[{\"@type\":\"SearchAction\",\"target\":{\"@type\":\"EntryPoint\",\"urlTemplate\":\"https:\/\/www.sendblaster.com\/?s={search_term_string}\"},\"query-input\":{\"@type\":\"PropertyValueSpecification\",\"valueRequired\":true,\"valueName\":\"search_term_string\"}}],\"inLanguage\":\"tr\"},{\"@type\":\"Organization\",\"@id\":\"https:\/\/www.sendblaster.com\/#organization\",\"name\":\"SendBlaster Toplu mesaj g\u00f6nderim yaz\u0131l\u0131m\u0131\",\"url\":\"https:\/\/www.sendblaster.com\/\",\"logo\":{\"@type\":\"ImageObject\",\"inLanguage\":\"tr\",\"@id\":\"https:\/\/www.sendblaster.com\/#\/schema\/logo\/image\/\",\"url\":\"https:\/\/www.sendblaster.com\/wp-content\/uploads\/2021\/09\/logo-svg-2021.svg\",\"contentUrl\":\"https:\/\/www.sendblaster.com\/wp-content\/uploads\/2021\/09\/logo-svg-2021.svg\",\"width\":350,\"height\":70,\"caption\":\"SendBlaster Toplu mesaj g\u00f6nderim yaz\u0131l\u0131m\u0131\"},\"image\":{\"@id\":\"https:\/\/www.sendblaster.com\/#\/schema\/logo\/image\/\"}}]}<\/script>\n<!-- \/ Yoast SEO plugin. -->","yoast_head_json":{"title":"SendBlaster Free & Pro versiyonlar\u0131 kar\u015f\u0131la\u015ft\u0131rma tablosu - SendBlaster Toplu mesaj g\u00f6nderim yaz\u0131l\u0131m\u0131","description":"SendBlaster Toplu mesaj g\u00f6nderim yaz\u0131l\u0131m\u0131 SendBlaster Free & Pro versiyonlar\u0131 kar\u015f\u0131la\u015ft\u0131rma tablosu \u00d6zellikler Free s\u00fcr\u00fcm PRO s\u00fcr\u00fcm &nbsp; &nbsp; &nbsp; Ba\u011f\u0131ms\u0131z ba\u011flant\u0131 say\u0131s\u0131 2 50 Bir seferde g\u00f6nderilebilecek maksimum al\u0131c\u0131 say\u0131s\u0131 100 S\u0131n\u0131rs\u0131z","robots":{"index":"index","follow":"follow","max-snippet":"max-snippet:-1","max-image-preview":"max-image-preview:large","max-video-preview":"max-video-preview:-1"},"canonical":"https:\/\/www.sendblaster.com\/tr\/karsilastirma-tablosu-uecretsiz-buelten-yazilimi-pro-toplu-e-posta-mesaj-goenderici\/","og_locale":"tr_TR","og_type":"article","og_title":"SendBlaster Free & Pro versiyonlar\u0131 kar\u015f\u0131la\u015ft\u0131rma tablosu - SendBlaster Toplu mesaj g\u00f6nderim yaz\u0131l\u0131m\u0131","og_description":"SendBlaster Toplu mesaj g\u00f6nderim yaz\u0131l\u0131m\u0131 SendBlaster Free & Pro versiyonlar\u0131 kar\u015f\u0131la\u015ft\u0131rma tablosu \u00d6zellikler Free s\u00fcr\u00fcm PRO s\u00fcr\u00fcm &nbsp; &nbsp; &nbsp; Ba\u011f\u0131ms\u0131z ba\u011flant\u0131 say\u0131s\u0131 2 50 Bir seferde g\u00f6nderilebilecek maksimum al\u0131c\u0131 say\u0131s\u0131 100 S\u0131n\u0131rs\u0131z","og_url":"https:\/\/www.sendblaster.com\/tr\/karsilastirma-tablosu-uecretsiz-buelten-yazilimi-pro-toplu-e-posta-mesaj-goenderici\/","og_site_name":"SendBlaster Toplu mesaj g\u00f6nderim yaz\u0131l\u0131m\u0131","article_modified_time":"2018-07-20T08:59:22+00:00","twitter_card":"summary_large_image","twitter_misc":{"Tahmini okuma s\u00fcresi":"2 dakika"},"schema":{"@context":"https:\/\/schema.org","@graph":[{"@type":"WebPage","@id":"https:\/\/www.sendblaster.com\/tr\/karsilastirma-tablosu-uecretsiz-buelten-yazilimi-pro-toplu-e-posta-mesaj-goenderici\/","url":"https:\/\/www.sendblaster.com\/tr\/karsilastirma-tablosu-uecretsiz-buelten-yazilimi-pro-toplu-e-posta-mesaj-goenderici\/","name":"SendBlaster Free & Pro versiyonlar\u0131 kar\u015f\u0131la\u015ft\u0131rma tablosu - SendBlaster Toplu mesaj g\u00f6nderim yaz\u0131l\u0131m\u0131","isPartOf":{"@id":"https:\/\/www.sendblaster.com\/#website"},"datePublished":"2018-07-20T08:59:04+00:00","dateModified":"2018-07-20T08:59:22+00:00","description":"SendBlaster Toplu mesaj g\u00f6nderim yaz\u0131l\u0131m\u0131 SendBlaster Free & Pro versiyonlar\u0131 kar\u015f\u0131la\u015ft\u0131rma tablosu \u00d6zellikler Free s\u00fcr\u00fcm PRO s\u00fcr\u00fcm &nbsp; &nbsp; &nbsp; Ba\u011f\u0131ms\u0131z ba\u011flant\u0131 say\u0131s\u0131 2 50 Bir seferde g\u00f6nderilebilecek maksimum al\u0131c\u0131 say\u0131s\u0131 100 S\u0131n\u0131rs\u0131z","breadcrumb":{"@id":"https:\/\/www.sendblaster.com\/tr\/karsilastirma-tablosu-uecretsiz-buelten-yazilimi-pro-toplu-e-posta-mesaj-goenderici\/#breadcrumb"},"inLanguage":"tr","potentialAction":[{"@type":"ReadAction","target":["https:\/\/www.sendblaster.com\/tr\/karsilastirma-tablosu-uecretsiz-buelten-yazilimi-pro-toplu-e-posta-mesaj-goenderici\/"]}]},{"@type":"BreadcrumbList","@id":"https:\/\/www.sendblaster.com\/tr\/karsilastirma-tablosu-uecretsiz-buelten-yazilimi-pro-toplu-e-posta-mesaj-goenderici\/#breadcrumb","itemListElement":[{"@type":"ListItem","position":1,"name":"Home","item":"https:\/\/www.sendblaster.com\/tr\/"},{"@type":"ListItem","position":2,"name":"SendBlaster Free &#038; Pro versiyonlar\u0131 kar\u015f\u0131la\u015ft\u0131rma tablosu"}]},{"@type":"WebSite","@id":"https:\/\/www.sendblaster.com\/#website","url":"https:\/\/www.sendblaster.com\/","name":"SendBlaster Toplu mesaj g\u00f6nderim yaz\u0131l\u0131m\u0131","description":"","publisher":{"@id":"https:\/\/www.sendblaster.com\/#organization"},"potentialAction":[{"@type":"SearchAction","target":{"@type":"EntryPoint","urlTemplate":"https:\/\/www.sendblaster.com\/?s={search_term_string}"},"query-input":{"@type":"PropertyValueSpecification","valueRequired":true,"valueName":"search_term_string"}}],"inLanguage":"tr"},{"@type":"Organization","@id":"https:\/\/www.sendblaster.com\/#organization","name":"SendBlaster Toplu mesaj g\u00f6nderim yaz\u0131l\u0131m\u0131","url":"https:\/\/www.sendblaster.com\/","logo":{"@type":"ImageObject","inLanguage":"tr","@id":"https:\/\/www.sendblaster.com\/#\/schema\/logo\/image\/","url":"https:\/\/www.sendblaster.com\/wp-content\/uploads\/2021\/09\/logo-svg-2021.svg","contentUrl":"https:\/\/www.sendblaster.com\/wp-content\/uploads\/2021\/09\/logo-svg-2021.svg","width":350,"height":70,"caption":"SendBlaster Toplu mesaj g\u00f6nderim yaz\u0131l\u0131m\u0131"},"image":{"@id":"https:\/\/www.sendblaster.com\/#\/schema\/logo\/image\/"}}]}},"_links":{"self":[{"href":"https:\/\/www.sendblaster.com\/tr\/wp-json\/wp\/v2\/pages\/3451"}],"collection":[{"href":"https:\/\/www.sendblaster.com\/tr\/wp-json\/wp\/v2\/pages"}],"about":[{"href":"https:\/\/www.sendblaster.com\/tr\/wp-json\/wp\/v2\/types\/page"}],"author":[{"embeddable":true,"href":"https:\/\/www.sendblaster.com\/tr\/wp-json\/wp\/v2\/users\/1"}],"replies":[{"embeddable":true,"href":"https:\/\/www.sendblaster.com\/tr\/wp-json\/wp\/v2\/comments?post=3451"}],"version-history":[{"count":2,"href":"https:\/\/www.sendblaster.com\/tr\/wp-json\/wp\/v2\/pages\/3451\/revisions"}],"predecessor-version":[{"id":3453,"href":"https:\/\/www.sendblaster.com\/tr\/wp-json\/wp\/v2\/pages\/3451\/revisions\/3453"}],"wp:attachment":[{"href":"https:\/\/www.sendblaster.com\/tr\/wp-json\/wp\/v2\/media?parent=3451"}],"curies":[{"name":"wp","href":"https:\/\/api.w.org\/{rel}","templated":true}]}}