{"id":3441,"date":"2018-07-11T08:30:35","date_gmt":"2018-07-11T08:30:35","guid":{"rendered":"https:\/\/www.sendblaster.com\/?page_id=3441"},"modified":"2019-03-21T10:22:45","modified_gmt":"2019-03-21T10:22:45","slug":"ucretsiz-e-posta-sablonlar%c4%b1","status":"publish","type":"page","link":"https:\/\/www.sendblaster.com\/tr\/ucretsiz-e-posta-sablonlar%c4%b1\/","title":{"rendered":"\u00dccretsiz E-posta \u015eablonlar\u0131"},"content":{"rendered":"<p>E-postalar\u0131n\u0131za profesyonel ve dikkat \u00e7ekici bir g\u00f6r\u00fcn\u00fcm vermek ister misiniz? <strong>Sendblaster, e-posta b\u00fcltenlerinizi ki\u015fiselle\u015ftirmeniz i\u00e7in 130\u2019<\/strong>dan fazla e-posta \u015fablonu sunuyor. Motor, i\u015f, e-ticaret, pazarlama Sendblaster\u2019da bulunan \u00fccretsiz e-posta \u015fablonu kategorilerinden sadece bir ka\u00e7\u0131n\u0131 olu\u015fturmaktad\u0131r.<\/p>\n<p>Etkileyici i\u00e7eriklere sahip \u015fablonlardan baz\u0131lar\u0131n\u0131 denemek ister misiniz? <a title=\"SendBlaster toplu mesajla\u015fma yaz\u0131l\u0131m\u0131n\u0131 indirin\" href=\"https:\/\/sendblaster.com\/services\/download\/downloadsendblasterfree.php\"><strong>\u015eimdi Sendblaster\u2019\u0131 indirin<\/strong><\/a>.<\/p>\n<p>&nbsp;<\/p>\n<ul class=\"g1-grid\"><li class=\"g1-column g1-one-third g1-valign-top\">\n<p style=\"text-align: center; margin-top: 0px;\"><img decoding=\"async\" width=\"602\" height=\"605\" src=\"https:\/\/www.sendblaster.com\/wp-content\/uploads\/2018\/03\/free-email-template-1.jpg\" alt=\"\u00dccretsiz E-posta \u015eablonlar\u0131\" \/><br \/>\n<small><i>Do\u011fa \u00fccretsiz e-posta \u015fablonlar\u0131<\/i><\/small><\/p>\n<\/li><!-- -->\n<li class=\"g1-column g1-one-third g1-valign-top\">\n<p style=\"text-align: center; margin-top: 0px;\"><img decoding=\"async\" width=\"602\" height=\"605\" src=\"https:\/\/www.sendblaster.com\/wp-content\/uploads\/2018\/03\/free-email-template-2.jpg\" alt=\"\u00dccretsiz E-posta \u015eablonlar\u0131\" \/><br \/>\n<small><i>Emlak \u00fccretsiz e-posta \u015fablonlar\u0131<\/i><\/small><\/p>\n<\/li><!-- -->\n<li class=\"g1-column g1-one-third g1-valign-top\">\n<p style=\"text-align: center; margin-top: 0px;\"><img decoding=\"async\" width=\"602\" height=\"605\" src=\"https:\/\/www.sendblaster.com\/wp-content\/uploads\/2018\/03\/free-email-template-3.jpg\" alt=\"\u00dccretsiz E-posta \u015eablonlar\u0131\" \/><br \/>\n<small><i>Seyahat m\u00fclk \u00fccretsiz e-posta \u015fablonlar\u0131<\/i><\/small><\/p>\n<\/li><!-- --><\/ul>\n<ul class=\"g1-grid\"><li class=\"g1-column g1-one-third g1-valign-top\">\n<p style=\"text-align: center; margin-top: 0px;\"><img decoding=\"async\" width=\"602\" height=\"605\" src=\"https:\/\/www.sendblaster.com\/wp-content\/uploads\/2018\/03\/free-email-template-4.jpg\" alt=\"\u00dccretsiz E-posta \u015eablonlar\u0131\" \/><br \/>\n<small><i>Hobi \u00fccretsiz e-posta \u015fablonlar\u0131<\/i><\/small><\/p>\n<\/li><!-- -->\n<li class=\"g1-column g1-one-third g1-valign-top\">\n<p style=\"text-align: center; margin-top: 0px;\"><img decoding=\"async\" width=\"602\" height=\"605\" src=\"https:\/\/www.sendblaster.com\/wp-content\/uploads\/2018\/03\/free-email-template-5.jpg\" alt=\"\u00dccretsiz E-posta \u015eablonlar\u0131\" \/><br \/>\n<small><i>G\u0131da \u00fccretsiz e-posta \u015fablonlar\u0131<\/i><\/small><\/p>\n<\/li><!-- -->\n<li class=\"g1-column g1-one-third g1-valign-top\">\n<p style=\"text-align: center; margin-top: 0px;\"><img decoding=\"async\" width=\"602\" height=\"605\" src=\"https:\/\/www.sendblaster.com\/wp-content\/uploads\/2018\/03\/free-email-template-6.jpg\" alt=\"\u00dccretsiz E-posta \u015eablonlar\u0131\" \/><br \/>\n<small><i>Teknoloji \u00fccretsiz e-posta \u015fablonlar\u0131<\/i><\/small><\/p>\n<\/li><!-- --><\/ul>\n<p>&nbsp;<\/p>\n<p style=\"text-align: center;\">130 adet profesyonel e-posta \u015fablonu i\u00e7eri\u011finin tamam\u0131n\u0131 \u00fccretsiz kullanmak i\u00e7in hemen <a title=\"SendBlaster toplu mesajla\u015fma yaz\u0131l\u0131m\u0131n\u0131 indirin\" href=\"https:\/\/sendblaster.com\/services\/download\/downloadsendblasterfree.php\"><strong>Sendblaster\u2019I indirin<\/strong><\/a><\/p>\n<p style=\"text-align: center; margin-bottom: 0px;\"><a href=\"https:\/\/www.sendblaster.com\/tr\/indir\" title=\"\u00dccretsiz indirin\" class=\"download-cta\">\u00dccretsiz indirin<\/a><\/p>\n","protected":false},"excerpt":{"rendered":"<p>E-postalar\u0131n\u0131za profesyonel ve dikkat \u00e7ekici bir g\u00f6r\u00fcn\u00fcm vermek ister misiniz? Sendblaster, e-posta b\u00fcltenlerinizi ki\u015fiselle\u015ftirmeniz i\u00e7in 130\u2019dan fazla e-posta \u015fablonu sunuyor. Motor, i\u015f, e-ticaret, pazarlama Sendblaster\u2019da bulunan \u00fccretsiz e-posta \u015fablonu kategorilerinden sadece bir ka\u00e7\u0131n\u0131 olu\u015fturmaktad\u0131r. Etkileyici i\u00e7eriklere sahip \u015fablonlardan baz\u0131lar\u0131n\u0131 denemek <\/p>\n<p class=\"read-more-container\"><a class=\"button read-more\" href=\"https:\/\/www.sendblaster.com\/tr\/ucretsiz-e-posta-sablonlar%c4%b1\/\" title=\"\">Okumaya devam et<\/a><\/p>\n","protected":false},"author":1,"featured_media":0,"parent":0,"menu_order":0,"comment_status":"closed","ping_status":"closed","template":"","meta":{"_monsterinsights_skip_tracking":false,"_monsterinsights_sitenote_active":false,"_monsterinsights_sitenote_note":"","_monsterinsights_sitenote_category":0,"footnotes":""},"class_list":["post-3441","page","type-page","status-publish"],"yoast_head":"<!-- This site is optimized with the Yoast SEO plugin v23.5 - https:\/\/yoast.com\/wordpress\/plugins\/seo\/ -->\n<title>\u00dccretsiz E-posta \u015eablonlar\u0131 - SendBlaster Toplu mesaj g\u00f6nderim yaz\u0131l\u0131m\u0131<\/title>\n<meta name=\"description\" content=\"Motorlar, turizm, e-ticaret, pazarlama, Sendblaster&#039;da bulunan 130&#039;dan fazla \u00fccretsiz e-posta \u015fablonu kategorisinden sadece birka\u00e7\u0131.\" \/>\n<meta name=\"robots\" content=\"index, follow, max-snippet:-1, max-image-preview:large, max-video-preview:-1\" \/>\n<link rel=\"canonical\" href=\"https:\/\/www.sendblaster.com\/tr\/ucretsiz-e-posta-sablonlar\u0131\/\" \/>\n<meta property=\"og:locale\" content=\"tr_TR\" \/>\n<meta property=\"og:type\" content=\"article\" \/>\n<meta property=\"og:title\" content=\"\u00dccretsiz E-posta \u015eablonlar\u0131 - SendBlaster Toplu mesaj g\u00f6nderim yaz\u0131l\u0131m\u0131\" \/>\n<meta property=\"og:description\" content=\"Motorlar, turizm, e-ticaret, pazarlama, Sendblaster&#039;da bulunan 130&#039;dan fazla \u00fccretsiz e-posta \u015fablonu kategorisinden sadece birka\u00e7\u0131.\" \/>\n<meta property=\"og:url\" content=\"https:\/\/www.sendblaster.com\/tr\/ucretsiz-e-posta-sablonlar\u0131\/\" \/>\n<meta property=\"og:site_name\" content=\"SendBlaster Toplu mesaj g\u00f6nderim yaz\u0131l\u0131m\u0131\" \/>\n<meta property=\"article:modified_time\" content=\"2019-03-21T10:22:45+00:00\" \/>\n<meta property=\"og:image\" content=\"https:\/\/www.sendblaster.com\/wp-content\/uploads\/2018\/03\/free-email-template-1.jpg\" \/>\n<meta name=\"twitter:card\" content=\"summary_large_image\" \/>\n<meta name=\"twitter:label1\" content=\"Tahmini okuma s\u00fcresi\" \/>\n\t<meta name=\"twitter:data1\" content=\"1 dakika\" \/>\n<script type=\"application\/ld+json\" class=\"yoast-schema-graph\">{\"@context\":\"https:\/\/schema.org\",\"@graph\":[{\"@type\":\"WebPage\",\"@id\":\"https:\/\/www.sendblaster.com\/tr\/ucretsiz-e-posta-sablonlar%c4%b1\/\",\"url\":\"https:\/\/www.sendblaster.com\/tr\/ucretsiz-e-posta-sablonlar%c4%b1\/\",\"name\":\"\u00dccretsiz E-posta \u015eablonlar\u0131 - SendBlaster Toplu mesaj g\u00f6nderim yaz\u0131l\u0131m\u0131\",\"isPartOf\":{\"@id\":\"https:\/\/www.sendblaster.com\/#website\"},\"primaryImageOfPage\":{\"@id\":\"https:\/\/www.sendblaster.com\/tr\/ucretsiz-e-posta-sablonlar%c4%b1\/#primaryimage\"},\"image\":{\"@id\":\"https:\/\/www.sendblaster.com\/tr\/ucretsiz-e-posta-sablonlar%c4%b1\/#primaryimage\"},\"thumbnailUrl\":\"https:\/\/www.sendblaster.com\/wp-content\/uploads\/2018\/03\/free-email-template-1.jpg\",\"datePublished\":\"2018-07-11T08:30:35+00:00\",\"dateModified\":\"2019-03-21T10:22:45+00:00\",\"description\":\"Motorlar, turizm, e-ticaret, pazarlama, Sendblaster'da bulunan 130'dan fazla \u00fccretsiz e-posta \u015fablonu kategorisinden sadece birka\u00e7\u0131.\",\"breadcrumb\":{\"@id\":\"https:\/\/www.sendblaster.com\/tr\/ucretsiz-e-posta-sablonlar%c4%b1\/#breadcrumb\"},\"inLanguage\":\"tr\",\"potentialAction\":[{\"@type\":\"ReadAction\",\"target\":[\"https:\/\/www.sendblaster.com\/tr\/ucretsiz-e-posta-sablonlar%c4%b1\/\"]}]},{\"@type\":\"ImageObject\",\"inLanguage\":\"tr\",\"@id\":\"https:\/\/www.sendblaster.com\/tr\/ucretsiz-e-posta-sablonlar%c4%b1\/#primaryimage\",\"url\":\"https:\/\/www.sendblaster.com\/wp-content\/uploads\/2018\/03\/free-email-template-1.jpg\",\"contentUrl\":\"https:\/\/www.sendblaster.com\/wp-content\/uploads\/2018\/03\/free-email-template-1.jpg\"},{\"@type\":\"BreadcrumbList\",\"@id\":\"https:\/\/www.sendblaster.com\/tr\/ucretsiz-e-posta-sablonlar%c4%b1\/#breadcrumb\",\"itemListElement\":[{\"@type\":\"ListItem\",\"position\":1,\"name\":\"Home\",\"item\":\"https:\/\/www.sendblaster.com\/tr\/\"},{\"@type\":\"ListItem\",\"position\":2,\"name\":\"\u00dccretsiz E-posta \u015eablonlar\u0131\"}]},{\"@type\":\"WebSite\",\"@id\":\"https:\/\/www.sendblaster.com\/#website\",\"url\":\"https:\/\/www.sendblaster.com\/\",\"name\":\"SendBlaster Toplu mesaj g\u00f6nderim yaz\u0131l\u0131m\u0131\",\"description\":\"\",\"publisher\":{\"@id\":\"https:\/\/www.sendblaster.com\/#organization\"},\"potentialAction\":[{\"@type\":\"SearchAction\",\"target\":{\"@type\":\"EntryPoint\",\"urlTemplate\":\"https:\/\/www.sendblaster.com\/?s={search_term_string}\"},\"query-input\":{\"@type\":\"PropertyValueSpecification\",\"valueRequired\":true,\"valueName\":\"search_term_string\"}}],\"inLanguage\":\"tr\"},{\"@type\":\"Organization\",\"@id\":\"https:\/\/www.sendblaster.com\/#organization\",\"name\":\"SendBlaster Toplu mesaj g\u00f6nderim yaz\u0131l\u0131m\u0131\",\"url\":\"https:\/\/www.sendblaster.com\/\",\"logo\":{\"@type\":\"ImageObject\",\"inLanguage\":\"tr\",\"@id\":\"https:\/\/www.sendblaster.com\/#\/schema\/logo\/image\/\",\"url\":\"https:\/\/www.sendblaster.com\/wp-content\/uploads\/2021\/09\/logo-svg-2021.svg\",\"contentUrl\":\"https:\/\/www.sendblaster.com\/wp-content\/uploads\/2021\/09\/logo-svg-2021.svg\",\"width\":350,\"height\":70,\"caption\":\"SendBlaster Toplu mesaj g\u00f6nderim yaz\u0131l\u0131m\u0131\"},\"image\":{\"@id\":\"https:\/\/www.sendblaster.com\/#\/schema\/logo\/image\/\"}}]}<\/script>\n<!-- \/ Yoast SEO plugin. -->","yoast_head_json":{"title":"\u00dccretsiz E-posta \u015eablonlar\u0131 - SendBlaster Toplu mesaj g\u00f6nderim yaz\u0131l\u0131m\u0131","description":"Motorlar, turizm, e-ticaret, pazarlama, Sendblaster'da bulunan 130'dan fazla \u00fccretsiz e-posta \u015fablonu kategorisinden sadece birka\u00e7\u0131.","robots":{"index":"index","follow":"follow","max-snippet":"max-snippet:-1","max-image-preview":"max-image-preview:large","max-video-preview":"max-video-preview:-1"},"canonical":"https:\/\/www.sendblaster.com\/tr\/ucretsiz-e-posta-sablonlar\u0131\/","og_locale":"tr_TR","og_type":"article","og_title":"\u00dccretsiz E-posta \u015eablonlar\u0131 - SendBlaster Toplu mesaj g\u00f6nderim yaz\u0131l\u0131m\u0131","og_description":"Motorlar, turizm, e-ticaret, pazarlama, Sendblaster'da bulunan 130'dan fazla \u00fccretsiz e-posta \u015fablonu kategorisinden sadece birka\u00e7\u0131.","og_url":"https:\/\/www.sendblaster.com\/tr\/ucretsiz-e-posta-sablonlar\u0131\/","og_site_name":"SendBlaster Toplu mesaj g\u00f6nderim yaz\u0131l\u0131m\u0131","article_modified_time":"2019-03-21T10:22:45+00:00","og_image":[{"url":"https:\/\/www.sendblaster.com\/wp-content\/uploads\/2018\/03\/free-email-template-1.jpg"}],"twitter_card":"summary_large_image","twitter_misc":{"Tahmini okuma s\u00fcresi":"1 dakika"},"schema":{"@context":"https:\/\/schema.org","@graph":[{"@type":"WebPage","@id":"https:\/\/www.sendblaster.com\/tr\/ucretsiz-e-posta-sablonlar%c4%b1\/","url":"https:\/\/www.sendblaster.com\/tr\/ucretsiz-e-posta-sablonlar%c4%b1\/","name":"\u00dccretsiz E-posta \u015eablonlar\u0131 - SendBlaster Toplu mesaj g\u00f6nderim yaz\u0131l\u0131m\u0131","isPartOf":{"@id":"https:\/\/www.sendblaster.com\/#website"},"primaryImageOfPage":{"@id":"https:\/\/www.sendblaster.com\/tr\/ucretsiz-e-posta-sablonlar%c4%b1\/#primaryimage"},"image":{"@id":"https:\/\/www.sendblaster.com\/tr\/ucretsiz-e-posta-sablonlar%c4%b1\/#primaryimage"},"thumbnailUrl":"https:\/\/www.sendblaster.com\/wp-content\/uploads\/2018\/03\/free-email-template-1.jpg","datePublished":"2018-07-11T08:30:35+00:00","dateModified":"2019-03-21T10:22:45+00:00","description":"Motorlar, turizm, e-ticaret, pazarlama, Sendblaster'da bulunan 130'dan fazla \u00fccretsiz e-posta \u015fablonu kategorisinden sadece birka\u00e7\u0131.","breadcrumb":{"@id":"https:\/\/www.sendblaster.com\/tr\/ucretsiz-e-posta-sablonlar%c4%b1\/#breadcrumb"},"inLanguage":"tr","potentialAction":[{"@type":"ReadAction","target":["https:\/\/www.sendblaster.com\/tr\/ucretsiz-e-posta-sablonlar%c4%b1\/"]}]},{"@type":"ImageObject","inLanguage":"tr","@id":"https:\/\/www.sendblaster.com\/tr\/ucretsiz-e-posta-sablonlar%c4%b1\/#primaryimage","url":"https:\/\/www.sendblaster.com\/wp-content\/uploads\/2018\/03\/free-email-template-1.jpg","contentUrl":"https:\/\/www.sendblaster.com\/wp-content\/uploads\/2018\/03\/free-email-template-1.jpg"},{"@type":"BreadcrumbList","@id":"https:\/\/www.sendblaster.com\/tr\/ucretsiz-e-posta-sablonlar%c4%b1\/#breadcrumb","itemListElement":[{"@type":"ListItem","position":1,"name":"Home","item":"https:\/\/www.sendblaster.com\/tr\/"},{"@type":"ListItem","position":2,"name":"\u00dccretsiz E-posta \u015eablonlar\u0131"}]},{"@type":"WebSite","@id":"https:\/\/www.sendblaster.com\/#website","url":"https:\/\/www.sendblaster.com\/","name":"SendBlaster Toplu mesaj g\u00f6nderim yaz\u0131l\u0131m\u0131","description":"","publisher":{"@id":"https:\/\/www.sendblaster.com\/#organization"},"potentialAction":[{"@type":"SearchAction","target":{"@type":"EntryPoint","urlTemplate":"https:\/\/www.sendblaster.com\/?s={search_term_string}"},"query-input":{"@type":"PropertyValueSpecification","valueRequired":true,"valueName":"search_term_string"}}],"inLanguage":"tr"},{"@type":"Organization","@id":"https:\/\/www.sendblaster.com\/#organization","name":"SendBlaster Toplu mesaj g\u00f6nderim yaz\u0131l\u0131m\u0131","url":"https:\/\/www.sendblaster.com\/","logo":{"@type":"ImageObject","inLanguage":"tr","@id":"https:\/\/www.sendblaster.com\/#\/schema\/logo\/image\/","url":"https:\/\/www.sendblaster.com\/wp-content\/uploads\/2021\/09\/logo-svg-2021.svg","contentUrl":"https:\/\/www.sendblaster.com\/wp-content\/uploads\/2021\/09\/logo-svg-2021.svg","width":350,"height":70,"caption":"SendBlaster Toplu mesaj g\u00f6nderim yaz\u0131l\u0131m\u0131"},"image":{"@id":"https:\/\/www.sendblaster.com\/#\/schema\/logo\/image\/"}}]}},"_links":{"self":[{"href":"https:\/\/www.sendblaster.com\/tr\/wp-json\/wp\/v2\/pages\/3441"}],"collection":[{"href":"https:\/\/www.sendblaster.com\/tr\/wp-json\/wp\/v2\/pages"}],"about":[{"href":"https:\/\/www.sendblaster.com\/tr\/wp-json\/wp\/v2\/types\/page"}],"author":[{"embeddable":true,"href":"https:\/\/www.sendblaster.com\/tr\/wp-json\/wp\/v2\/users\/1"}],"replies":[{"embeddable":true,"href":"https:\/\/www.sendblaster.com\/tr\/wp-json\/wp\/v2\/comments?post=3441"}],"version-history":[{"count":2,"href":"https:\/\/www.sendblaster.com\/tr\/wp-json\/wp\/v2\/pages\/3441\/revisions"}],"predecessor-version":[{"id":4306,"href":"https:\/\/www.sendblaster.com\/tr\/wp-json\/wp\/v2\/pages\/3441\/revisions\/4306"}],"wp:attachment":[{"href":"https:\/\/www.sendblaster.com\/tr\/wp-json\/wp\/v2\/media?parent=3441"}],"curies":[{"name":"wp","href":"https:\/\/api.w.org\/{rel}","templated":true}]}}