{"id":3434,"date":"2018-07-11T08:12:18","date_gmt":"2018-07-11T08:12:18","guid":{"rendered":"https:\/\/www.sendblaster.com\/?page_id=3434"},"modified":"2018-07-11T08:12:18","modified_gmt":"2018-07-11T08:12:18","slug":"satin-al","status":"publish","type":"page","link":"https:\/\/www.sendblaster.com\/tr\/satin-al\/","title":{"rendered":"SendBlaster pro Sat\u0131n Al\u0131n"},"content":{"rendered":"<p style=\"text-align: center;\"><a href=\"https:\/\/www.sendblaster.com\/newshop\/?lang=tr&#038;products=SBPE04-EXTEND\" title=\"SendBlaster Pro Sat\u0131n Al\u0131n\" class=\"buy-cta-big\">SendBlaster Pro Sat\u0131n Al\u0131n<br \/><small>Bir kerelik \u00fccret, \u00f6m\u00fcr boyu lisans<\/small><\/a><\/p>\n<p>&nbsp;<\/p>\n<h2 style=\"text-align: center;\">\u00c7oklu lisanslar veya sat\u0131c\u0131lar<\/h2>\n<p style=\"text-align: center;\"><a href=\"https:\/\/www.sendblaster.com\/newshop\/?lang=tr&#038;multilicense=true&#038;products=S4ML02\" title=\"Birden fazla lisans sat\u0131n al\u0131n\" class=\"reseller-cta-big\">Birden fazla lisans sat\u0131n al\u0131n<br \/><small>Sadece 2 kopya sat\u0131n almak size indirim sa\u011flayacakt\u0131r<\/small><\/a><\/p>\n<p>&nbsp;<\/p>\n<h2>Sat\u0131n alma \u015fartlar\u0131<\/h2>\n<ul>\n<li>T\u00fcm lisanslar \u00f6m\u00fcr boyudur, tekrar eden \u00fccret yoktur<\/li>\n<li>PRO lisans \u00fccretsiz m\u00fc\u015fteri deste\u011fi i\u00e7erir<\/li>\n<li>PRO toplu e-posta mesajla\u015fma yaz\u0131l\u0131m\u0131n\u0131 kullanarak s\u0131n\u0131rs\u0131z e-posta g\u00f6nderin<\/li>\n<li>E-posta ba\u015f\u0131na ek \u00fccret yok<\/li>\n<li><a href=\"https:\/\/www.sendblaster.com\/newshop\/?lang=tr&#038;products=UP3X40\">SendBlaster \u00dccretsiz Toplu E-Posta Mesajla\u015fma Yaz\u0131l\u0131m\u0131n\u0131 g\u00fcncelleyin<\/a><\/li>\n<li>Memnuniyet Garantisi: 15 g\u00fcn Para \u0130ade Garantisi<\/li>\n<\/ul>\n<p>&nbsp;<\/p>\n<h2>\u00d6deme y\u00f6ntemleri<\/h2>\n<p>Kredi kart\u0131<\/p>\n<p><img decoding=\"async\" width=\"275\" height=\"89\" src=\"https:\/\/www.sendblaster.com\/wp-content\/uploads\/2018\/03\/credi-card.png\" alt=\"Kredi kart\u0131\" \/><\/p>\n<p>PayPal<\/p>\n<p><img decoding=\"async\" width=\"376\" height=\"103\" src=\"https:\/\/www.sendblaster.com\/wp-content\/uploads\/2018\/03\/paypal.png\" alt=\"PayPal\" \/><\/p>\n<p>&nbsp;<\/p>\n<h2>G\u00fcvenli \u00d6deme Ge\u00e7idi<\/h2>\n<p>Kredi kart\u0131n\u0131zla \u00f6demenizi ger\u00e7ekle\u015ftirir ger\u00e7ekle\u015ftirmez (ger\u00e7ek zamanl\u0131 olarak i\u015flenir), size Pro s\u00fcr\u00fcm\u00fcn\u00fc etkinle\u015ftirecek Pro lisans kodunu hemen g\u00f6nderece\u011fiz \u2013 <strong>an\u0131nda teslim<\/strong>. Kredi kart\u0131 kullan\u0131m\u0131 g\u00fcvenli ve g\u00fcvenilirdir:<\/p>\n<ul>\n<li>ABD kredi kartlar\u0131 dolar cinsinden masrafland\u0131r\u0131l\u0131r, lisans \u00fccreti yakla\u015f\u0131k olarak 110$ civar\u0131ndad\u0131r.<\/li>\n<li>Kredi kart bilgilerinizi toplam\u0131yoruz (hatta g\u00f6rm\u00fcyoruz bile); bunun yerine, bizim ad\u0131m\u0131za \u00f6deme i\u015flemlerini ger\u00e7ekle\u015ftiren bankam\u0131z\u0131n kredi kart\u0131 i\u015fleme ge\u00e7idini kullan\u0131yoruz.<\/li>\n<li>\u00d6deme i\u015flemi (ticari olarak mevcut en y\u00fcksek seviye olan) 128 bit anahtar ile Secure Sockets Layer protokol\u00fc (SSL) kullan\u0131larak \u015fifrelenir<\/li>\n<li>Ek g\u00fcvenlik sistemi olarak end\u00fcstri standard\u0131 olan <strong>VerifiedByVisa\u00ae<\/strong> and <strong>SecureCode\u00ae<\/strong> sistemlerini kullan\u0131yoruz.<\/li>\n<\/ul>\n","protected":false},"excerpt":{"rendered":"<p>SendBlaster Pro Sat\u0131n Al\u0131nBir kerelik \u00fccret, \u00f6m\u00fcr boyu lisans &nbsp; \u00c7oklu lisanslar veya sat\u0131c\u0131lar Birden fazla lisans sat\u0131n al\u0131nSadece 2 kopya sat\u0131n almak size indirim sa\u011flayacakt\u0131r &nbsp; Sat\u0131n alma \u015fartlar\u0131 T\u00fcm lisanslar \u00f6m\u00fcr boyudur, tekrar eden \u00fccret yoktur PRO lisans <\/p>\n<p class=\"read-more-container\"><a class=\"button read-more\" href=\"https:\/\/www.sendblaster.com\/tr\/satin-al\/\" title=\"\">Okumaya devam et<\/a><\/p>\n","protected":false},"author":1,"featured_media":0,"parent":0,"menu_order":0,"comment_status":"closed","ping_status":"closed","template":"","meta":{"_monsterinsights_skip_tracking":false,"_monsterinsights_sitenote_active":false,"_monsterinsights_sitenote_note":"","_monsterinsights_sitenote_category":0,"footnotes":""},"class_list":["post-3434","page","type-page","status-publish"],"yoast_head":"<!-- This site is optimized with the Yoast SEO plugin v23.5 - https:\/\/yoast.com\/wordpress\/plugins\/seo\/ -->\n<title>SendBlaster pro Sat\u0131n Al\u0131n - SendBlaster Toplu mesaj g\u00f6nderim yaz\u0131l\u0131m\u0131<\/title>\n<meta name=\"description\" content=\"SendBlaster Toplu mesaj g\u00f6nderim yaz\u0131l\u0131m\u0131 SendBlaster pro Sat\u0131n Al\u0131n SendBlaster Pro Sat\u0131n Al\u0131nBir kerelik \u00fccret, \u00f6m\u00fcr boyu lisans &nbsp; \u00c7oklu lisanslar veya sat\u0131c\u0131lar Birden fazla lisans sat\u0131n al\u0131nSadece 2 kopya sat\u0131n\" \/>\n<meta name=\"robots\" content=\"index, follow, max-snippet:-1, max-image-preview:large, max-video-preview:-1\" \/>\n<link rel=\"canonical\" href=\"https:\/\/www.sendblaster.com\/tr\/satin-al\/\" \/>\n<meta property=\"og:locale\" content=\"tr_TR\" \/>\n<meta property=\"og:type\" content=\"article\" \/>\n<meta property=\"og:title\" content=\"SendBlaster pro Sat\u0131n Al\u0131n - SendBlaster Toplu mesaj g\u00f6nderim yaz\u0131l\u0131m\u0131\" \/>\n<meta property=\"og:description\" content=\"SendBlaster Toplu mesaj g\u00f6nderim yaz\u0131l\u0131m\u0131 SendBlaster pro Sat\u0131n Al\u0131n SendBlaster Pro Sat\u0131n Al\u0131nBir kerelik \u00fccret, \u00f6m\u00fcr boyu lisans &nbsp; \u00c7oklu lisanslar veya sat\u0131c\u0131lar Birden fazla lisans sat\u0131n al\u0131nSadece 2 kopya sat\u0131n\" \/>\n<meta property=\"og:url\" content=\"https:\/\/www.sendblaster.com\/tr\/satin-al\/\" \/>\n<meta property=\"og:site_name\" content=\"SendBlaster Toplu mesaj g\u00f6nderim yaz\u0131l\u0131m\u0131\" \/>\n<meta property=\"og:image\" content=\"https:\/\/www.sendblaster.com\/wp-content\/uploads\/2018\/03\/credi-card.png\" \/>\n<meta name=\"twitter:card\" content=\"summary_large_image\" \/>\n<meta name=\"twitter:label1\" content=\"Tahmini okuma s\u00fcresi\" \/>\n\t<meta name=\"twitter:data1\" content=\"1 dakika\" \/>\n<script type=\"application\/ld+json\" class=\"yoast-schema-graph\">{\"@context\":\"https:\/\/schema.org\",\"@graph\":[{\"@type\":\"WebPage\",\"@id\":\"https:\/\/www.sendblaster.com\/tr\/satin-al\/\",\"url\":\"https:\/\/www.sendblaster.com\/tr\/satin-al\/\",\"name\":\"SendBlaster pro Sat\u0131n Al\u0131n - SendBlaster Toplu mesaj g\u00f6nderim yaz\u0131l\u0131m\u0131\",\"isPartOf\":{\"@id\":\"https:\/\/www.sendblaster.com\/#website\"},\"primaryImageOfPage\":{\"@id\":\"https:\/\/www.sendblaster.com\/tr\/satin-al\/#primaryimage\"},\"image\":{\"@id\":\"https:\/\/www.sendblaster.com\/tr\/satin-al\/#primaryimage\"},\"thumbnailUrl\":\"https:\/\/www.sendblaster.com\/wp-content\/uploads\/2018\/03\/credi-card.png\",\"datePublished\":\"2018-07-11T08:12:18+00:00\",\"dateModified\":\"2018-07-11T08:12:18+00:00\",\"description\":\"SendBlaster Toplu mesaj g\u00f6nderim yaz\u0131l\u0131m\u0131 SendBlaster pro Sat\u0131n Al\u0131n SendBlaster Pro Sat\u0131n Al\u0131nBir kerelik \u00fccret, \u00f6m\u00fcr boyu lisans &nbsp; \u00c7oklu lisanslar veya sat\u0131c\u0131lar Birden fazla lisans sat\u0131n al\u0131nSadece 2 kopya sat\u0131n\",\"breadcrumb\":{\"@id\":\"https:\/\/www.sendblaster.com\/tr\/satin-al\/#breadcrumb\"},\"inLanguage\":\"tr\",\"potentialAction\":[{\"@type\":\"ReadAction\",\"target\":[\"https:\/\/www.sendblaster.com\/tr\/satin-al\/\"]}]},{\"@type\":\"ImageObject\",\"inLanguage\":\"tr\",\"@id\":\"https:\/\/www.sendblaster.com\/tr\/satin-al\/#primaryimage\",\"url\":\"https:\/\/www.sendblaster.com\/wp-content\/uploads\/2018\/03\/credi-card.png\",\"contentUrl\":\"https:\/\/www.sendblaster.com\/wp-content\/uploads\/2018\/03\/credi-card.png\"},{\"@type\":\"BreadcrumbList\",\"@id\":\"https:\/\/www.sendblaster.com\/tr\/satin-al\/#breadcrumb\",\"itemListElement\":[{\"@type\":\"ListItem\",\"position\":1,\"name\":\"Home\",\"item\":\"https:\/\/www.sendblaster.com\/tr\/\"},{\"@type\":\"ListItem\",\"position\":2,\"name\":\"SendBlaster pro Sat\u0131n Al\u0131n\"}]},{\"@type\":\"WebSite\",\"@id\":\"https:\/\/www.sendblaster.com\/#website\",\"url\":\"https:\/\/www.sendblaster.com\/\",\"name\":\"SendBlaster Toplu mesaj g\u00f6nderim yaz\u0131l\u0131m\u0131\",\"description\":\"\",\"publisher\":{\"@id\":\"https:\/\/www.sendblaster.com\/#organization\"},\"potentialAction\":[{\"@type\":\"SearchAction\",\"target\":{\"@type\":\"EntryPoint\",\"urlTemplate\":\"https:\/\/www.sendblaster.com\/?s={search_term_string}\"},\"query-input\":{\"@type\":\"PropertyValueSpecification\",\"valueRequired\":true,\"valueName\":\"search_term_string\"}}],\"inLanguage\":\"tr\"},{\"@type\":\"Organization\",\"@id\":\"https:\/\/www.sendblaster.com\/#organization\",\"name\":\"SendBlaster Toplu mesaj g\u00f6nderim yaz\u0131l\u0131m\u0131\",\"url\":\"https:\/\/www.sendblaster.com\/\",\"logo\":{\"@type\":\"ImageObject\",\"inLanguage\":\"tr\",\"@id\":\"https:\/\/www.sendblaster.com\/#\/schema\/logo\/image\/\",\"url\":\"https:\/\/www.sendblaster.com\/wp-content\/uploads\/2021\/09\/logo-svg-2021.svg\",\"contentUrl\":\"https:\/\/www.sendblaster.com\/wp-content\/uploads\/2021\/09\/logo-svg-2021.svg\",\"width\":350,\"height\":70,\"caption\":\"SendBlaster Toplu mesaj g\u00f6nderim yaz\u0131l\u0131m\u0131\"},\"image\":{\"@id\":\"https:\/\/www.sendblaster.com\/#\/schema\/logo\/image\/\"}}]}<\/script>\n<!-- \/ Yoast SEO plugin. -->","yoast_head_json":{"title":"SendBlaster pro Sat\u0131n Al\u0131n - SendBlaster Toplu mesaj g\u00f6nderim yaz\u0131l\u0131m\u0131","description":"SendBlaster Toplu mesaj g\u00f6nderim yaz\u0131l\u0131m\u0131 SendBlaster pro Sat\u0131n Al\u0131n SendBlaster Pro Sat\u0131n Al\u0131nBir kerelik \u00fccret, \u00f6m\u00fcr boyu lisans &nbsp; \u00c7oklu lisanslar veya sat\u0131c\u0131lar Birden fazla lisans sat\u0131n al\u0131nSadece 2 kopya sat\u0131n","robots":{"index":"index","follow":"follow","max-snippet":"max-snippet:-1","max-image-preview":"max-image-preview:large","max-video-preview":"max-video-preview:-1"},"canonical":"https:\/\/www.sendblaster.com\/tr\/satin-al\/","og_locale":"tr_TR","og_type":"article","og_title":"SendBlaster pro Sat\u0131n Al\u0131n - SendBlaster Toplu mesaj g\u00f6nderim yaz\u0131l\u0131m\u0131","og_description":"SendBlaster Toplu mesaj g\u00f6nderim yaz\u0131l\u0131m\u0131 SendBlaster pro Sat\u0131n Al\u0131n SendBlaster Pro Sat\u0131n Al\u0131nBir kerelik \u00fccret, \u00f6m\u00fcr boyu lisans &nbsp; \u00c7oklu lisanslar veya sat\u0131c\u0131lar Birden fazla lisans sat\u0131n al\u0131nSadece 2 kopya sat\u0131n","og_url":"https:\/\/www.sendblaster.com\/tr\/satin-al\/","og_site_name":"SendBlaster Toplu mesaj g\u00f6nderim yaz\u0131l\u0131m\u0131","og_image":[{"url":"https:\/\/www.sendblaster.com\/wp-content\/uploads\/2018\/03\/credi-card.png"}],"twitter_card":"summary_large_image","twitter_misc":{"Tahmini okuma s\u00fcresi":"1 dakika"},"schema":{"@context":"https:\/\/schema.org","@graph":[{"@type":"WebPage","@id":"https:\/\/www.sendblaster.com\/tr\/satin-al\/","url":"https:\/\/www.sendblaster.com\/tr\/satin-al\/","name":"SendBlaster pro Sat\u0131n Al\u0131n - SendBlaster Toplu mesaj g\u00f6nderim yaz\u0131l\u0131m\u0131","isPartOf":{"@id":"https:\/\/www.sendblaster.com\/#website"},"primaryImageOfPage":{"@id":"https:\/\/www.sendblaster.com\/tr\/satin-al\/#primaryimage"},"image":{"@id":"https:\/\/www.sendblaster.com\/tr\/satin-al\/#primaryimage"},"thumbnailUrl":"https:\/\/www.sendblaster.com\/wp-content\/uploads\/2018\/03\/credi-card.png","datePublished":"2018-07-11T08:12:18+00:00","dateModified":"2018-07-11T08:12:18+00:00","description":"SendBlaster Toplu mesaj g\u00f6nderim yaz\u0131l\u0131m\u0131 SendBlaster pro Sat\u0131n Al\u0131n SendBlaster Pro Sat\u0131n Al\u0131nBir kerelik \u00fccret, \u00f6m\u00fcr boyu lisans &nbsp; \u00c7oklu lisanslar veya sat\u0131c\u0131lar Birden fazla lisans sat\u0131n al\u0131nSadece 2 kopya sat\u0131n","breadcrumb":{"@id":"https:\/\/www.sendblaster.com\/tr\/satin-al\/#breadcrumb"},"inLanguage":"tr","potentialAction":[{"@type":"ReadAction","target":["https:\/\/www.sendblaster.com\/tr\/satin-al\/"]}]},{"@type":"ImageObject","inLanguage":"tr","@id":"https:\/\/www.sendblaster.com\/tr\/satin-al\/#primaryimage","url":"https:\/\/www.sendblaster.com\/wp-content\/uploads\/2018\/03\/credi-card.png","contentUrl":"https:\/\/www.sendblaster.com\/wp-content\/uploads\/2018\/03\/credi-card.png"},{"@type":"BreadcrumbList","@id":"https:\/\/www.sendblaster.com\/tr\/satin-al\/#breadcrumb","itemListElement":[{"@type":"ListItem","position":1,"name":"Home","item":"https:\/\/www.sendblaster.com\/tr\/"},{"@type":"ListItem","position":2,"name":"SendBlaster pro Sat\u0131n Al\u0131n"}]},{"@type":"WebSite","@id":"https:\/\/www.sendblaster.com\/#website","url":"https:\/\/www.sendblaster.com\/","name":"SendBlaster Toplu mesaj g\u00f6nderim yaz\u0131l\u0131m\u0131","description":"","publisher":{"@id":"https:\/\/www.sendblaster.com\/#organization"},"potentialAction":[{"@type":"SearchAction","target":{"@type":"EntryPoint","urlTemplate":"https:\/\/www.sendblaster.com\/?s={search_term_string}"},"query-input":{"@type":"PropertyValueSpecification","valueRequired":true,"valueName":"search_term_string"}}],"inLanguage":"tr"},{"@type":"Organization","@id":"https:\/\/www.sendblaster.com\/#organization","name":"SendBlaster Toplu mesaj g\u00f6nderim yaz\u0131l\u0131m\u0131","url":"https:\/\/www.sendblaster.com\/","logo":{"@type":"ImageObject","inLanguage":"tr","@id":"https:\/\/www.sendblaster.com\/#\/schema\/logo\/image\/","url":"https:\/\/www.sendblaster.com\/wp-content\/uploads\/2021\/09\/logo-svg-2021.svg","contentUrl":"https:\/\/www.sendblaster.com\/wp-content\/uploads\/2021\/09\/logo-svg-2021.svg","width":350,"height":70,"caption":"SendBlaster Toplu mesaj g\u00f6nderim yaz\u0131l\u0131m\u0131"},"image":{"@id":"https:\/\/www.sendblaster.com\/#\/schema\/logo\/image\/"}}]}},"_links":{"self":[{"href":"https:\/\/www.sendblaster.com\/tr\/wp-json\/wp\/v2\/pages\/3434"}],"collection":[{"href":"https:\/\/www.sendblaster.com\/tr\/wp-json\/wp\/v2\/pages"}],"about":[{"href":"https:\/\/www.sendblaster.com\/tr\/wp-json\/wp\/v2\/types\/page"}],"author":[{"embeddable":true,"href":"https:\/\/www.sendblaster.com\/tr\/wp-json\/wp\/v2\/users\/1"}],"replies":[{"embeddable":true,"href":"https:\/\/www.sendblaster.com\/tr\/wp-json\/wp\/v2\/comments?post=3434"}],"version-history":[{"count":1,"href":"https:\/\/www.sendblaster.com\/tr\/wp-json\/wp\/v2\/pages\/3434\/revisions"}],"predecessor-version":[{"id":3435,"href":"https:\/\/www.sendblaster.com\/tr\/wp-json\/wp\/v2\/pages\/3434\/revisions\/3435"}],"wp:attachment":[{"href":"https:\/\/www.sendblaster.com\/tr\/wp-json\/wp\/v2\/media?parent=3434"}],"curies":[{"name":"wp","href":"https:\/\/api.w.org\/{rel}","templated":true}]}}