{"id":3432,"date":"2018-07-11T08:04:28","date_gmt":"2018-07-11T08:04:28","guid":{"rendered":"https:\/\/www.sendblaster.com\/?page_id=3432"},"modified":"2018-07-11T08:04:28","modified_gmt":"2018-07-11T08:04:28","slug":"indir","status":"publish","type":"page","link":"https:\/\/www.sendblaster.com\/tr\/indir\/","title":{"rendered":"SendBlaster \u00fccretsiz indir &#8211; T\u00fcrk dili"},"content":{"rendered":"<p style=\"text-align: center;\"><a href=\"https:\/\/www.sendblaster.com\/services\/download\/downloadsendblasterfree.php\" title=\"\u00dccretsiz indirin SendBlaster\" class=\"download-cta-big\">\u00dccretsiz indirin<br \/><small>100% \u00fccretsiz yaz\u0131l\u0131m<\/small><\/a><\/p>\n<p style=\"text-align: center;\" class=\"release-data\">En son s\u00fcr\u00fcm: 4.4.2 | S\u00fcr\u00fcm tarihi: 2020\/04\/10 | Boyut: 40\nMB<br \/>\n<a href=\"https:\/\/www.sendblaster.com\/sendblaster\/services\/download\/download.php?program=sendblasterfree3x\" target=\"_blank\" title=\"Eski bir s\u00fcr\u00fcm\u00fc indir\">Eski bir s\u00fcr\u00fcm\u00fc indir<\/a><\/p>\n<p>&nbsp;<\/p>\n<h2>Sistem ihtiya\u00e7lar\u0131<\/h2>\n<ul>\n<li><strong>Windows XP \/ Vista \/ Windows 7 \/ Windows 8 \/ Windows 10<\/strong><\/li>\n<li>Microsoft Internet Explorer 8 veya daha yukar\u0131s\u0131<\/li>\n<li>100 MB hard disk alan\u0131<\/li>\n<li>1 GB RAM<\/li>\n<li>Internet ba\u011flant\u0131s\u0131 (tercihen geni\u015f bant ba\u011flant\u0131)<\/li>\n<\/ul>\n<p>&nbsp;<\/p>\n<h2>Web siteniz i\u00e7in \u00fccretsiz ve kullan\u0131\u015fl\u0131 programlar<\/h2>\n<ul>\n<li><a href=\"https:\/\/www.sendblaster.com\/tr\/buelten-ueyeligi-icin-wordpress-cift-opt-eklentisi\" title=\"buelten ueyeligi icin wordpress cift opt eklentisi\">B\u00fclten \u00fcyeli\u011fi i\u00e7in WordPress \u00e7ift opt-in eklentisi<\/a><\/li>\n<li><a href=\"https:\/\/www.sendblaster.com\/tr\/mesaj-spam-kontrol-orani\" title=\"mesaj spam kontrol orani\">Mesaj Spam Kontrol oran\u0131<\/a><\/li>\n<li><a href=\"https:\/\/www.sendblaster.com\/tr\/destek\/listeler-aktarma\/uecretsiz-cift-opt-php-form-mesaj-programi\" title=\"destek, listeler aktarma, uecretsiz cift opt php form mesaj programi\">\u00dccretsiz \u00e7ift opt-in PHP form mesaj program\u0131<\/a><\/li>\n<li><a href=\"https:\/\/www.sendblaster.com\/tr\/tam-alanli-mesajlasma-form-programlari\" title=\"tam alanli mesajlasma form programlari\">Tam alanl\u0131 mesajla\u015fma form programlar\u0131<\/a><\/li>\n<li><a href=\"https:\/\/www.sendblaster.com\/tr\/destek\/listeler-aktarma\/tek-opt-php-form-mesaji\" title=\"destek, listeler aktarma, tek opt php form mesaji\">Tek opt-in PHP form mesaj\u0131<\/a><\/li>\n<li><a href=\"https:\/\/www.sendblaster.com\/tr\/php-captcha-form-programini-kullanarak-kendi-izin-tabanli-e-posta-listenizi-olusturun\" title=\"php captcha form programini kullanarak kendi izin tabanli e posta listenizi olusturun\">Php Captcha Form Program\u0131n\u0131 kullanarak kendi izin tabanl\u0131 e-posta listenizi olu\u015fturun<\/a><\/li>\n<li><a href=\"https:\/\/www.sendblaster.com\/tr\/asp-tek-opt-ve-cift-opt-form-mesajlasma-programlari\" title=\"asp tek opt ve cift opt form mesajlasma programlari\">ASP tek opt-in ve \u00e7ift opt-in form mesajla\u015fma programlar\u0131<\/a><\/li>\n<\/ul>\n","protected":false},"excerpt":{"rendered":"<p>\u00dccretsiz indirin100% \u00fccretsiz yaz\u0131l\u0131m En son s\u00fcr\u00fcm: | S\u00fcr\u00fcm tarihi: | Boyut: MB Eski bir s\u00fcr\u00fcm\u00fc indir &nbsp; Sistem ihtiya\u00e7lar\u0131 Windows XP \/ Vista \/ Windows 7 \/ Windows 8 \/ Windows 10 Microsoft Internet Explorer 8 veya daha yukar\u0131s\u0131 <\/p>\n<p class=\"read-more-container\"><a class=\"button read-more\" href=\"https:\/\/www.sendblaster.com\/tr\/indir\/\" title=\"\">Okumaya devam et<\/a><\/p>\n","protected":false},"author":1,"featured_media":0,"parent":0,"menu_order":0,"comment_status":"closed","ping_status":"closed","template":"","meta":{"_monsterinsights_skip_tracking":false,"_monsterinsights_sitenote_active":false,"_monsterinsights_sitenote_note":"","_monsterinsights_sitenote_category":0,"footnotes":""},"class_list":["post-3432","page","type-page","status-publish"],"yoast_head":"<!-- This site is optimized with the Yoast SEO plugin v23.5 - https:\/\/yoast.com\/wordpress\/plugins\/seo\/ -->\n<title>SendBlaster \u00fccretsiz indir - T\u00fcrk dili - SendBlaster Toplu mesaj g\u00f6nderim yaz\u0131l\u0131m\u0131<\/title>\n<meta name=\"description\" content=\"SendBlaster Toplu mesaj g\u00f6nderim yaz\u0131l\u0131m\u0131 SendBlaster \u00fccretsiz indir - T\u00fcrk dili \u00dccretsiz indirin100% \u00fccretsiz yaz\u0131l\u0131m En son s\u00fcr\u00fcm: | S\u00fcr\u00fcm tarihi: | Boyut: MB Eski bir s\u00fcr\u00fcm\u00fc indir &nbsp; Sistem ihtiya\u00e7lar\u0131 Windows XP \/ Vista \/\" \/>\n<meta name=\"robots\" content=\"index, follow, max-snippet:-1, max-image-preview:large, max-video-preview:-1\" \/>\n<link rel=\"canonical\" href=\"https:\/\/www.sendblaster.com\/tr\/indir\/\" \/>\n<meta property=\"og:locale\" content=\"tr_TR\" \/>\n<meta property=\"og:type\" content=\"article\" \/>\n<meta property=\"og:title\" content=\"SendBlaster \u00fccretsiz indir - T\u00fcrk dili - SendBlaster Toplu mesaj g\u00f6nderim yaz\u0131l\u0131m\u0131\" \/>\n<meta property=\"og:description\" content=\"SendBlaster Toplu mesaj g\u00f6nderim yaz\u0131l\u0131m\u0131 SendBlaster \u00fccretsiz indir - T\u00fcrk dili \u00dccretsiz indirin100% \u00fccretsiz yaz\u0131l\u0131m En son s\u00fcr\u00fcm: | S\u00fcr\u00fcm tarihi: | Boyut: MB Eski bir s\u00fcr\u00fcm\u00fc indir &nbsp; Sistem ihtiya\u00e7lar\u0131 Windows XP \/ Vista \/\" \/>\n<meta property=\"og:url\" content=\"https:\/\/www.sendblaster.com\/tr\/indir\/\" \/>\n<meta property=\"og:site_name\" content=\"SendBlaster Toplu mesaj g\u00f6nderim yaz\u0131l\u0131m\u0131\" \/>\n<meta name=\"twitter:card\" content=\"summary_large_image\" \/>\n<meta name=\"twitter:label1\" content=\"Tahmini okuma s\u00fcresi\" \/>\n\t<meta name=\"twitter:data1\" content=\"1 dakika\" \/>\n<script type=\"application\/ld+json\" class=\"yoast-schema-graph\">{\"@context\":\"https:\/\/schema.org\",\"@graph\":[{\"@type\":\"WebPage\",\"@id\":\"https:\/\/www.sendblaster.com\/tr\/indir\/\",\"url\":\"https:\/\/www.sendblaster.com\/tr\/indir\/\",\"name\":\"SendBlaster \u00fccretsiz indir - T\u00fcrk dili - SendBlaster Toplu mesaj g\u00f6nderim yaz\u0131l\u0131m\u0131\",\"isPartOf\":{\"@id\":\"https:\/\/www.sendblaster.com\/#website\"},\"datePublished\":\"2018-07-11T08:04:28+00:00\",\"dateModified\":\"2018-07-11T08:04:28+00:00\",\"description\":\"SendBlaster Toplu mesaj g\u00f6nderim yaz\u0131l\u0131m\u0131 SendBlaster \u00fccretsiz indir - T\u00fcrk dili \u00dccretsiz indirin100% \u00fccretsiz yaz\u0131l\u0131m En son s\u00fcr\u00fcm: | S\u00fcr\u00fcm tarihi: | Boyut: MB Eski bir s\u00fcr\u00fcm\u00fc indir &nbsp; Sistem ihtiya\u00e7lar\u0131 Windows XP \/ Vista \/\",\"breadcrumb\":{\"@id\":\"https:\/\/www.sendblaster.com\/tr\/indir\/#breadcrumb\"},\"inLanguage\":\"tr\",\"potentialAction\":[{\"@type\":\"ReadAction\",\"target\":[\"https:\/\/www.sendblaster.com\/tr\/indir\/\"]}]},{\"@type\":\"BreadcrumbList\",\"@id\":\"https:\/\/www.sendblaster.com\/tr\/indir\/#breadcrumb\",\"itemListElement\":[{\"@type\":\"ListItem\",\"position\":1,\"name\":\"Home\",\"item\":\"https:\/\/www.sendblaster.com\/tr\/\"},{\"@type\":\"ListItem\",\"position\":2,\"name\":\"SendBlaster \u00fccretsiz indir &#8211; T\u00fcrk dili\"}]},{\"@type\":\"WebSite\",\"@id\":\"https:\/\/www.sendblaster.com\/#website\",\"url\":\"https:\/\/www.sendblaster.com\/\",\"name\":\"SendBlaster Toplu mesaj g\u00f6nderim yaz\u0131l\u0131m\u0131\",\"description\":\"\",\"publisher\":{\"@id\":\"https:\/\/www.sendblaster.com\/#organization\"},\"potentialAction\":[{\"@type\":\"SearchAction\",\"target\":{\"@type\":\"EntryPoint\",\"urlTemplate\":\"https:\/\/www.sendblaster.com\/?s={search_term_string}\"},\"query-input\":{\"@type\":\"PropertyValueSpecification\",\"valueRequired\":true,\"valueName\":\"search_term_string\"}}],\"inLanguage\":\"tr\"},{\"@type\":\"Organization\",\"@id\":\"https:\/\/www.sendblaster.com\/#organization\",\"name\":\"SendBlaster Toplu mesaj g\u00f6nderim yaz\u0131l\u0131m\u0131\",\"url\":\"https:\/\/www.sendblaster.com\/\",\"logo\":{\"@type\":\"ImageObject\",\"inLanguage\":\"tr\",\"@id\":\"https:\/\/www.sendblaster.com\/#\/schema\/logo\/image\/\",\"url\":\"https:\/\/www.sendblaster.com\/wp-content\/uploads\/2021\/09\/logo-svg-2021.svg\",\"contentUrl\":\"https:\/\/www.sendblaster.com\/wp-content\/uploads\/2021\/09\/logo-svg-2021.svg\",\"width\":350,\"height\":70,\"caption\":\"SendBlaster Toplu mesaj g\u00f6nderim yaz\u0131l\u0131m\u0131\"},\"image\":{\"@id\":\"https:\/\/www.sendblaster.com\/#\/schema\/logo\/image\/\"}}]}<\/script>\n<!-- \/ Yoast SEO plugin. -->","yoast_head_json":{"title":"SendBlaster \u00fccretsiz indir - T\u00fcrk dili - SendBlaster Toplu mesaj g\u00f6nderim yaz\u0131l\u0131m\u0131","description":"SendBlaster Toplu mesaj g\u00f6nderim yaz\u0131l\u0131m\u0131 SendBlaster \u00fccretsiz indir - T\u00fcrk dili \u00dccretsiz indirin100% \u00fccretsiz yaz\u0131l\u0131m En son s\u00fcr\u00fcm: | S\u00fcr\u00fcm tarihi: | Boyut: MB Eski bir s\u00fcr\u00fcm\u00fc indir &nbsp; Sistem ihtiya\u00e7lar\u0131 Windows XP \/ Vista \/","robots":{"index":"index","follow":"follow","max-snippet":"max-snippet:-1","max-image-preview":"max-image-preview:large","max-video-preview":"max-video-preview:-1"},"canonical":"https:\/\/www.sendblaster.com\/tr\/indir\/","og_locale":"tr_TR","og_type":"article","og_title":"SendBlaster \u00fccretsiz indir - T\u00fcrk dili - SendBlaster Toplu mesaj g\u00f6nderim yaz\u0131l\u0131m\u0131","og_description":"SendBlaster Toplu mesaj g\u00f6nderim yaz\u0131l\u0131m\u0131 SendBlaster \u00fccretsiz indir - T\u00fcrk dili \u00dccretsiz indirin100% \u00fccretsiz yaz\u0131l\u0131m En son s\u00fcr\u00fcm: | S\u00fcr\u00fcm tarihi: | Boyut: MB Eski bir s\u00fcr\u00fcm\u00fc indir &nbsp; Sistem ihtiya\u00e7lar\u0131 Windows XP \/ Vista \/","og_url":"https:\/\/www.sendblaster.com\/tr\/indir\/","og_site_name":"SendBlaster Toplu mesaj g\u00f6nderim yaz\u0131l\u0131m\u0131","twitter_card":"summary_large_image","twitter_misc":{"Tahmini okuma s\u00fcresi":"1 dakika"},"schema":{"@context":"https:\/\/schema.org","@graph":[{"@type":"WebPage","@id":"https:\/\/www.sendblaster.com\/tr\/indir\/","url":"https:\/\/www.sendblaster.com\/tr\/indir\/","name":"SendBlaster \u00fccretsiz indir - T\u00fcrk dili - SendBlaster Toplu mesaj g\u00f6nderim yaz\u0131l\u0131m\u0131","isPartOf":{"@id":"https:\/\/www.sendblaster.com\/#website"},"datePublished":"2018-07-11T08:04:28+00:00","dateModified":"2018-07-11T08:04:28+00:00","description":"SendBlaster Toplu mesaj g\u00f6nderim yaz\u0131l\u0131m\u0131 SendBlaster \u00fccretsiz indir - T\u00fcrk dili \u00dccretsiz indirin100% \u00fccretsiz yaz\u0131l\u0131m En son s\u00fcr\u00fcm: | S\u00fcr\u00fcm tarihi: | Boyut: MB Eski bir s\u00fcr\u00fcm\u00fc indir &nbsp; Sistem ihtiya\u00e7lar\u0131 Windows XP \/ Vista \/","breadcrumb":{"@id":"https:\/\/www.sendblaster.com\/tr\/indir\/#breadcrumb"},"inLanguage":"tr","potentialAction":[{"@type":"ReadAction","target":["https:\/\/www.sendblaster.com\/tr\/indir\/"]}]},{"@type":"BreadcrumbList","@id":"https:\/\/www.sendblaster.com\/tr\/indir\/#breadcrumb","itemListElement":[{"@type":"ListItem","position":1,"name":"Home","item":"https:\/\/www.sendblaster.com\/tr\/"},{"@type":"ListItem","position":2,"name":"SendBlaster \u00fccretsiz indir &#8211; T\u00fcrk dili"}]},{"@type":"WebSite","@id":"https:\/\/www.sendblaster.com\/#website","url":"https:\/\/www.sendblaster.com\/","name":"SendBlaster Toplu mesaj g\u00f6nderim yaz\u0131l\u0131m\u0131","description":"","publisher":{"@id":"https:\/\/www.sendblaster.com\/#organization"},"potentialAction":[{"@type":"SearchAction","target":{"@type":"EntryPoint","urlTemplate":"https:\/\/www.sendblaster.com\/?s={search_term_string}"},"query-input":{"@type":"PropertyValueSpecification","valueRequired":true,"valueName":"search_term_string"}}],"inLanguage":"tr"},{"@type":"Organization","@id":"https:\/\/www.sendblaster.com\/#organization","name":"SendBlaster Toplu mesaj g\u00f6nderim yaz\u0131l\u0131m\u0131","url":"https:\/\/www.sendblaster.com\/","logo":{"@type":"ImageObject","inLanguage":"tr","@id":"https:\/\/www.sendblaster.com\/#\/schema\/logo\/image\/","url":"https:\/\/www.sendblaster.com\/wp-content\/uploads\/2021\/09\/logo-svg-2021.svg","contentUrl":"https:\/\/www.sendblaster.com\/wp-content\/uploads\/2021\/09\/logo-svg-2021.svg","width":350,"height":70,"caption":"SendBlaster Toplu mesaj g\u00f6nderim yaz\u0131l\u0131m\u0131"},"image":{"@id":"https:\/\/www.sendblaster.com\/#\/schema\/logo\/image\/"}}]}},"_links":{"self":[{"href":"https:\/\/www.sendblaster.com\/tr\/wp-json\/wp\/v2\/pages\/3432"}],"collection":[{"href":"https:\/\/www.sendblaster.com\/tr\/wp-json\/wp\/v2\/pages"}],"about":[{"href":"https:\/\/www.sendblaster.com\/tr\/wp-json\/wp\/v2\/types\/page"}],"author":[{"embeddable":true,"href":"https:\/\/www.sendblaster.com\/tr\/wp-json\/wp\/v2\/users\/1"}],"replies":[{"embeddable":true,"href":"https:\/\/www.sendblaster.com\/tr\/wp-json\/wp\/v2\/comments?post=3432"}],"version-history":[{"count":1,"href":"https:\/\/www.sendblaster.com\/tr\/wp-json\/wp\/v2\/pages\/3432\/revisions"}],"predecessor-version":[{"id":3433,"href":"https:\/\/www.sendblaster.com\/tr\/wp-json\/wp\/v2\/pages\/3432\/revisions\/3433"}],"wp:attachment":[{"href":"https:\/\/www.sendblaster.com\/tr\/wp-json\/wp\/v2\/media?parent=3432"}],"curies":[{"name":"wp","href":"https:\/\/api.w.org\/{rel}","templated":true}]}}