{"id":2973,"date":"2018-05-28T13:14:03","date_gmt":"2018-05-28T13:14:03","guid":{"rendered":"https:\/\/www.sendblaster.com\/wpnew-2018\/?page_id=2973"},"modified":"2018-05-28T13:14:03","modified_gmt":"2018-05-28T13:14:03","slug":"birden-fazla-lisans-etkinlestirme-formu","status":"publish","type":"page","link":"https:\/\/www.sendblaster.com\/tr\/birden-fazla-lisans-etkinlestirme-formu\/","title":{"rendered":"Birden Fazla Lisans Etkinle\u015ftirme Formu"},"content":{"rendered":"<p><iframe src=\"https:\/\/www.sendblaster.com\/sendblaster\/services\/activation\/form\/formbox.php?lng=tr\" style=\"width:500px; height:720px; margin:0px; padding: 0px; border: 0px; overflow:hidden; scroll:none;\"><\/iframe><\/p>\n","protected":false},"excerpt":{"rendered":"\n<p class=\"read-more-container\"><a class=\"button read-more\" href=\"https:\/\/www.sendblaster.com\/tr\/birden-fazla-lisans-etkinlestirme-formu\/\" title=\"\">Okumaya devam et<\/a><\/p>\n","protected":false},"author":1,"featured_media":0,"parent":0,"menu_order":0,"comment_status":"closed","ping_status":"closed","template":"g1_template_page_sidebar_right.php","meta":{"_monsterinsights_skip_tracking":false,"_monsterinsights_sitenote_active":false,"_monsterinsights_sitenote_note":"","_monsterinsights_sitenote_category":0,"footnotes":""},"class_list":["post-2973","page","type-page","status-publish"],"yoast_head":"<!-- This site is optimized with the Yoast SEO plugin v23.5 - https:\/\/yoast.com\/wordpress\/plugins\/seo\/ -->\n<title>Birden Fazla Lisans Etkinle\u015ftirme Formu - SendBlaster Toplu mesaj g\u00f6nderim yaz\u0131l\u0131m\u0131<\/title>\n<meta name=\"description\" content=\"SendBlaster Toplu mesaj g\u00f6nderim yaz\u0131l\u0131m\u0131 Birden Fazla Lisans Etkinle\u015ftirme Formu $lng = ICL_LANGUAGE_CODE;  $_GET=$lng;    $path = $_SERVER.&#039;\/sendblaster\/services\/activation\/form\/form.php&#039;;    include ($path);\" \/>\n<meta name=\"robots\" content=\"index, follow, max-snippet:-1, max-image-preview:large, max-video-preview:-1\" \/>\n<link rel=\"canonical\" href=\"https:\/\/www.sendblaster.com\/tr\/birden-fazla-lisans-etkinlestirme-formu\/\" \/>\n<meta property=\"og:locale\" content=\"tr_TR\" \/>\n<meta property=\"og:type\" content=\"article\" \/>\n<meta property=\"og:title\" content=\"Birden Fazla Lisans Etkinle\u015ftirme Formu - SendBlaster Toplu mesaj g\u00f6nderim yaz\u0131l\u0131m\u0131\" \/>\n<meta property=\"og:description\" content=\"SendBlaster Toplu mesaj g\u00f6nderim yaz\u0131l\u0131m\u0131 Birden Fazla Lisans Etkinle\u015ftirme Formu $lng = ICL_LANGUAGE_CODE;  $_GET=$lng;    $path = $_SERVER.&#039;\/sendblaster\/services\/activation\/form\/form.php&#039;;    include ($path);\" \/>\n<meta property=\"og:url\" content=\"https:\/\/www.sendblaster.com\/tr\/birden-fazla-lisans-etkinlestirme-formu\/\" \/>\n<meta property=\"og:site_name\" content=\"SendBlaster Toplu mesaj g\u00f6nderim yaz\u0131l\u0131m\u0131\" \/>\n<meta name=\"twitter:card\" content=\"summary_large_image\" \/>\n<script type=\"application\/ld+json\" class=\"yoast-schema-graph\">{\"@context\":\"https:\/\/schema.org\",\"@graph\":[{\"@type\":\"WebPage\",\"@id\":\"https:\/\/www.sendblaster.com\/tr\/birden-fazla-lisans-etkinlestirme-formu\/\",\"url\":\"https:\/\/www.sendblaster.com\/tr\/birden-fazla-lisans-etkinlestirme-formu\/\",\"name\":\"Birden Fazla Lisans Etkinle\u015ftirme Formu - SendBlaster Toplu mesaj g\u00f6nderim yaz\u0131l\u0131m\u0131\",\"isPartOf\":{\"@id\":\"https:\/\/www.sendblaster.com\/#website\"},\"datePublished\":\"2018-05-28T13:14:03+00:00\",\"dateModified\":\"2018-05-28T13:14:03+00:00\",\"description\":\"SendBlaster Toplu mesaj g\u00f6nderim yaz\u0131l\u0131m\u0131 Birden Fazla Lisans Etkinle\u015ftirme Formu $lng = ICL_LANGUAGE_CODE; $_GET=$lng; $path = $_SERVER.'\/sendblaster\/services\/activation\/form\/form.php'; include ($path);\",\"breadcrumb\":{\"@id\":\"https:\/\/www.sendblaster.com\/tr\/birden-fazla-lisans-etkinlestirme-formu\/#breadcrumb\"},\"inLanguage\":\"tr\",\"potentialAction\":[{\"@type\":\"ReadAction\",\"target\":[\"https:\/\/www.sendblaster.com\/tr\/birden-fazla-lisans-etkinlestirme-formu\/\"]}]},{\"@type\":\"BreadcrumbList\",\"@id\":\"https:\/\/www.sendblaster.com\/tr\/birden-fazla-lisans-etkinlestirme-formu\/#breadcrumb\",\"itemListElement\":[{\"@type\":\"ListItem\",\"position\":1,\"name\":\"Home\",\"item\":\"https:\/\/www.sendblaster.com\/tr\/\"},{\"@type\":\"ListItem\",\"position\":2,\"name\":\"Birden Fazla Lisans Etkinle\u015ftirme Formu\"}]},{\"@type\":\"WebSite\",\"@id\":\"https:\/\/www.sendblaster.com\/#website\",\"url\":\"https:\/\/www.sendblaster.com\/\",\"name\":\"SendBlaster Toplu mesaj g\u00f6nderim yaz\u0131l\u0131m\u0131\",\"description\":\"\",\"publisher\":{\"@id\":\"https:\/\/www.sendblaster.com\/#organization\"},\"potentialAction\":[{\"@type\":\"SearchAction\",\"target\":{\"@type\":\"EntryPoint\",\"urlTemplate\":\"https:\/\/www.sendblaster.com\/?s={search_term_string}\"},\"query-input\":{\"@type\":\"PropertyValueSpecification\",\"valueRequired\":true,\"valueName\":\"search_term_string\"}}],\"inLanguage\":\"tr\"},{\"@type\":\"Organization\",\"@id\":\"https:\/\/www.sendblaster.com\/#organization\",\"name\":\"SendBlaster Toplu mesaj g\u00f6nderim yaz\u0131l\u0131m\u0131\",\"url\":\"https:\/\/www.sendblaster.com\/\",\"logo\":{\"@type\":\"ImageObject\",\"inLanguage\":\"tr\",\"@id\":\"https:\/\/www.sendblaster.com\/#\/schema\/logo\/image\/\",\"url\":\"https:\/\/www.sendblaster.com\/wp-content\/uploads\/2021\/09\/logo-svg-2021.svg\",\"contentUrl\":\"https:\/\/www.sendblaster.com\/wp-content\/uploads\/2021\/09\/logo-svg-2021.svg\",\"width\":350,\"height\":70,\"caption\":\"SendBlaster Toplu mesaj g\u00f6nderim yaz\u0131l\u0131m\u0131\"},\"image\":{\"@id\":\"https:\/\/www.sendblaster.com\/#\/schema\/logo\/image\/\"}}]}<\/script>\n<!-- \/ Yoast SEO plugin. -->","yoast_head_json":{"title":"Birden Fazla Lisans Etkinle\u015ftirme Formu - SendBlaster Toplu mesaj g\u00f6nderim yaz\u0131l\u0131m\u0131","description":"SendBlaster Toplu mesaj g\u00f6nderim yaz\u0131l\u0131m\u0131 Birden Fazla Lisans Etkinle\u015ftirme Formu $lng = ICL_LANGUAGE_CODE;  $_GET=$lng;    $path = $_SERVER.'\/sendblaster\/services\/activation\/form\/form.php';    include ($path);","robots":{"index":"index","follow":"follow","max-snippet":"max-snippet:-1","max-image-preview":"max-image-preview:large","max-video-preview":"max-video-preview:-1"},"canonical":"https:\/\/www.sendblaster.com\/tr\/birden-fazla-lisans-etkinlestirme-formu\/","og_locale":"tr_TR","og_type":"article","og_title":"Birden Fazla Lisans Etkinle\u015ftirme Formu - SendBlaster Toplu mesaj g\u00f6nderim yaz\u0131l\u0131m\u0131","og_description":"SendBlaster Toplu mesaj g\u00f6nderim yaz\u0131l\u0131m\u0131 Birden Fazla Lisans Etkinle\u015ftirme Formu $lng = ICL_LANGUAGE_CODE;  $_GET=$lng;    $path = $_SERVER.'\/sendblaster\/services\/activation\/form\/form.php';    include ($path);","og_url":"https:\/\/www.sendblaster.com\/tr\/birden-fazla-lisans-etkinlestirme-formu\/","og_site_name":"SendBlaster Toplu mesaj g\u00f6nderim yaz\u0131l\u0131m\u0131","twitter_card":"summary_large_image","schema":{"@context":"https:\/\/schema.org","@graph":[{"@type":"WebPage","@id":"https:\/\/www.sendblaster.com\/tr\/birden-fazla-lisans-etkinlestirme-formu\/","url":"https:\/\/www.sendblaster.com\/tr\/birden-fazla-lisans-etkinlestirme-formu\/","name":"Birden Fazla Lisans Etkinle\u015ftirme Formu - SendBlaster Toplu mesaj g\u00f6nderim yaz\u0131l\u0131m\u0131","isPartOf":{"@id":"https:\/\/www.sendblaster.com\/#website"},"datePublished":"2018-05-28T13:14:03+00:00","dateModified":"2018-05-28T13:14:03+00:00","description":"SendBlaster Toplu mesaj g\u00f6nderim yaz\u0131l\u0131m\u0131 Birden Fazla Lisans Etkinle\u015ftirme Formu $lng = ICL_LANGUAGE_CODE; $_GET=$lng; $path = $_SERVER.'\/sendblaster\/services\/activation\/form\/form.php'; include ($path);","breadcrumb":{"@id":"https:\/\/www.sendblaster.com\/tr\/birden-fazla-lisans-etkinlestirme-formu\/#breadcrumb"},"inLanguage":"tr","potentialAction":[{"@type":"ReadAction","target":["https:\/\/www.sendblaster.com\/tr\/birden-fazla-lisans-etkinlestirme-formu\/"]}]},{"@type":"BreadcrumbList","@id":"https:\/\/www.sendblaster.com\/tr\/birden-fazla-lisans-etkinlestirme-formu\/#breadcrumb","itemListElement":[{"@type":"ListItem","position":1,"name":"Home","item":"https:\/\/www.sendblaster.com\/tr\/"},{"@type":"ListItem","position":2,"name":"Birden Fazla Lisans Etkinle\u015ftirme Formu"}]},{"@type":"WebSite","@id":"https:\/\/www.sendblaster.com\/#website","url":"https:\/\/www.sendblaster.com\/","name":"SendBlaster Toplu mesaj g\u00f6nderim yaz\u0131l\u0131m\u0131","description":"","publisher":{"@id":"https:\/\/www.sendblaster.com\/#organization"},"potentialAction":[{"@type":"SearchAction","target":{"@type":"EntryPoint","urlTemplate":"https:\/\/www.sendblaster.com\/?s={search_term_string}"},"query-input":{"@type":"PropertyValueSpecification","valueRequired":true,"valueName":"search_term_string"}}],"inLanguage":"tr"},{"@type":"Organization","@id":"https:\/\/www.sendblaster.com\/#organization","name":"SendBlaster Toplu mesaj g\u00f6nderim yaz\u0131l\u0131m\u0131","url":"https:\/\/www.sendblaster.com\/","logo":{"@type":"ImageObject","inLanguage":"tr","@id":"https:\/\/www.sendblaster.com\/#\/schema\/logo\/image\/","url":"https:\/\/www.sendblaster.com\/wp-content\/uploads\/2021\/09\/logo-svg-2021.svg","contentUrl":"https:\/\/www.sendblaster.com\/wp-content\/uploads\/2021\/09\/logo-svg-2021.svg","width":350,"height":70,"caption":"SendBlaster Toplu mesaj g\u00f6nderim yaz\u0131l\u0131m\u0131"},"image":{"@id":"https:\/\/www.sendblaster.com\/#\/schema\/logo\/image\/"}}]}},"_links":{"self":[{"href":"https:\/\/www.sendblaster.com\/tr\/wp-json\/wp\/v2\/pages\/2973"}],"collection":[{"href":"https:\/\/www.sendblaster.com\/tr\/wp-json\/wp\/v2\/pages"}],"about":[{"href":"https:\/\/www.sendblaster.com\/tr\/wp-json\/wp\/v2\/types\/page"}],"author":[{"embeddable":true,"href":"https:\/\/www.sendblaster.com\/tr\/wp-json\/wp\/v2\/users\/1"}],"replies":[{"embeddable":true,"href":"https:\/\/www.sendblaster.com\/tr\/wp-json\/wp\/v2\/comments?post=2973"}],"version-history":[{"count":1,"href":"https:\/\/www.sendblaster.com\/tr\/wp-json\/wp\/v2\/pages\/2973\/revisions"}],"predecessor-version":[{"id":2974,"href":"https:\/\/www.sendblaster.com\/tr\/wp-json\/wp\/v2\/pages\/2973\/revisions\/2974"}],"wp:attachment":[{"href":"https:\/\/www.sendblaster.com\/tr\/wp-json\/wp\/v2\/media?parent=2973"}],"curies":[{"name":"wp","href":"https:\/\/api.w.org\/{rel}","templated":true}]}}