{"id":3210,"date":"2018-07-03T09:24:52","date_gmt":"2018-07-03T09:24:52","guid":{"rendered":"https:\/\/www.sendblaster.com\/wpnew-2018\/?page_id=3210"},"modified":"2018-07-03T09:25:12","modified_gmt":"2018-07-03T09:25:12","slug":"allmaen-sitemap","status":"publish","type":"page","link":"https:\/\/www.sendblaster.com\/sv\/allmaen-sitemap\/","title":{"rendered":"Allm\u00e4n Sitemap"},"content":{"rendered":"<div class=\"wsp-container\"><h2 class=\"wsp-pages-title\">Sidor<\/h2>\n<ul class=\"wsp-pages-list\">\n<li class=\"page_item page-item-3115\"><a href=\"https:\/\/www.sendblaster.com\/sv\/600-e-postmallar-for-sendblaster\/\">300 e-postmallar f\u00f6r Sendblaster<\/a><\/li>\n<li class=\"page_item page-item-3210\"><a href=\"https:\/\/www.sendblaster.com\/sv\/allmaen-sitemap\/\">Allm\u00e4n Sitemap<\/a><\/li>\n<li class=\"page_item page-item-3103\"><a href=\"https:\/\/www.sendblaster.com\/sv\/analysera-data\/\">Analysera data<\/a><\/li>\n<li class=\"page_item page-item-3109\"><a href=\"https:\/\/www.sendblaster.com\/sv\/antispam-lagen\/\">AntiSpam-lagen<\/a><\/li>\n<li class=\"page_item page-item-3105\"><a href=\"https:\/\/www.sendblaster.com\/sv\/aterfoersaeljare\/\">\u00c5terf\u00f6rs\u00e4ljare<\/a><\/li>\n<li class=\"page_item page-item-3113\"><a href=\"https:\/\/www.sendblaster.com\/sv\/eposts-spam-check-niva\/\">Eposts Spam Check-niv\u00e5<\/a><\/li>\n<li class=\"page_item page-item-3142\"><a href=\"https:\/\/www.sendblaster.com\/sv\/goer-massutskick-skapa-marknadsfoeringskampanjer-pa-nagra-minuter\/\">G\u00f6r massutskick: skapa marknadsf\u00f6ringskampanjer p\u00e5 n\u00e5gra minuter<\/a><\/li>\n<li class=\"page_item page-item-2905\"><a href=\"https:\/\/www.sendblaster.com\/sv\/register\/\">Gratis aktiveringskod<\/a><\/li>\n<li class=\"page_item page-item-3107\"><a href=\"https:\/\/www.sendblaster.com\/sv\/gratis-e-postmallar\/\">Gratis e-postmallar<\/a><\/li>\n<li class=\"page_item page-item-3090\"><a href=\"https:\/\/www.sendblaster.com\/sv\/haemta\/\">H\u00e4mta SendBlaster Gratis<\/a><\/li>\n<li class=\"page_item page-item-3085\"><a href=\"https:\/\/www.sendblaster.com\/sv\/\">Home page EN<\/a><\/li>\n<li class=\"page_item page-item-3117\"><a href=\"https:\/\/www.sendblaster.com\/sv\/handledning-foer-epost-marknadsfoering\/\">Hur skapar man en epost-marknadsf\u00f6ringskampanj?<\/a><\/li>\n<li class=\"page_item page-item-3096\"><a href=\"https:\/\/www.sendblaster.com\/sv\/koep\/\">K\u00f6p ditt exemplar av SendBlaster PRO nu!<\/a><\/li>\n<li class=\"page_item page-item-2970\"><a href=\"https:\/\/www.sendblaster.com\/sv\/multilicens-aktiveringen-form\/\">Multilicens Aktiveringen Form<\/a><\/li>\n<li class=\"page_item page-item-3088\"><a href=\"https:\/\/www.sendblaster.com\/sv\/funktioner-foer-massutskick-fran-skrivbordet\/\">Nyhetsbrev programfunktioner<\/a><\/li>\n<li class=\"page_item page-item-3119\"><a href=\"https:\/\/www.sendblaster.com\/sv\/originalmjukvaran\/\">Originalmjukvaran<\/a><\/li>\n<li class=\"page_item page-item-3098\"><a href=\"https:\/\/www.sendblaster.com\/sv\/sendblaster-free-vs-pro-jaemfoerelsetabell\/\">SendBlaster Free vs Pro \u2013 j\u00e4mf\u00f6relsetabell<\/a><\/li>\n<li class=\"page_item page-item-3100\"><a href=\"https:\/\/www.sendblaster.com\/sv\/skapa-effektfulla-epost-meddelanden\/\">Skapa effektfulla epost-meddelanden<\/a><\/li>\n<li class=\"page_item page-item-3094\"><a href=\"https:\/\/www.sendblaster.com\/sv\/skaermdumpar\/\">Sk\u00e4rmdumpar<\/a><\/li>\n<li class=\"page_item page-item-3111\"><a href=\"https:\/\/www.sendblaster.com\/sv\/utskicks-leveransnivaer\/\">Utskicks leveransniv\u00e5er<\/a><\/li>\n<li class=\"page_item page-item-3121\"><a href=\"https:\/\/www.sendblaster.com\/sv\/wordpress-double-optin-widget-tillaegg-foer-nyhetsbrevsprenumeration\/\">WordPress double optin widget-till\u00e4gg f\u00f6r nyhetsbrevsprenumeration<\/a><\/li>\n<\/ul>\n<h2 class=\"wsp-posts-title\">Inl\u00e4gg per kategori<\/h2>\n<ul class=\"wsp-posts-list\">\n\t<li><strong class=\"wsp-category-title\">Category: <a href=\"https:\/\/www.sendblaster.com\/sv\/kundsupport\/\">Support<\/a><\/strong>\n<ul class=\"wsp-posts-list\">\t<li><strong class=\"wsp-category-title\">Category: <a href=\"https:\/\/www.sendblaster.com\/sv\/kundsupport\/foerslag\/\">F\u00f6rslag<\/a><\/strong>\n<ul class=\"wsp-posts-list\">\t\t<li class=\"wsp-post\"><a href=\"https:\/\/www.sendblaster.com\/sv\/kundsupport\/foerslag\/guide-till-baettre-mass-utskick\/\">Guide till b\u00e4ttre mass-utskick<\/a><\/li>\n<\/ul><\/li>\n\t<li><strong class=\"wsp-category-title\">Category: <a href=\"https:\/\/www.sendblaster.com\/sv\/kundsupport\/listimportering\/\">Importera lista<\/a><\/strong>\n<ul class=\"wsp-posts-list\">\t\t<li class=\"wsp-post\"><a href=\"https:\/\/www.sendblaster.com\/sv\/kundsupport\/listimportering\/single-opt-in-php-formular\/\">Single Opt-in PHP-formul\u00e4r<\/a><\/li>\n\t\t<li class=\"wsp-post\"><a href=\"https:\/\/www.sendblaster.com\/sv\/kundsupport\/listimportering\/skapa-din-egen-tillstandsbaserade-epost-lista-med-hjalp-av-php-captcha-forumlarskript\/\">Skapa din egen tillst\u00e5ndsbaserade epost-lista med hj\u00e4lp av Php Captcha-foruml\u00e4rskript<\/a><\/li>\n\t\t<li class=\"wsp-post\"><a href=\"https:\/\/www.sendblaster.com\/sv\/kundsupport\/listimportering\/double-opt-in-gratis-php-formular\/\">Double Opt-in gratis PHP-formul\u00e4r<\/a><\/li>\n<\/ul><\/li>\n\t<li><strong class=\"wsp-category-title\">Category: <a href=\"https:\/\/www.sendblaster.com\/sv\/kundsupport\/tillstandbaserad-lista\/\">Skapa en lista<\/a><\/strong>\n<ul class=\"wsp-posts-list\">\t\t<li class=\"wsp-post\"><a href=\"https:\/\/www.sendblaster.com\/sv\/kundsupport\/tillstandbaserad-lista\/hur-du-skapar-en-tillstandsbaserad-lista\/\">Hur du skapar en tillst\u00e5ndsbaserad lista<\/a><\/li>\n<\/ul><\/li>\n\t<li><strong class=\"wsp-category-title\">Category: <a href=\"https:\/\/www.sendblaster.com\/sv\/kundsupport\/videohandledning\/\">Videokurser<\/a><\/strong>\n<ul class=\"wsp-posts-list\">\t\t<li class=\"wsp-post\"><a href=\"https:\/\/www.sendblaster.com\/sv\/kundsupport\/videohandledning\/videoguider\/\">Videoguider<\/a><\/li>\n<\/ul><\/li>\n<\/ul><\/li>\n<\/ul>\n<\/div>\n","protected":false},"excerpt":{"rendered":"\n<p class=\"read-more-container\"><a class=\"button read-more\" href=\"https:\/\/www.sendblaster.com\/sv\/allmaen-sitemap\/\" title=\"\">Forts\u00e4tt l\u00e4sa<\/a><\/p>\n","protected":false},"author":1,"featured_media":0,"parent":0,"menu_order":0,"comment_status":"closed","ping_status":"closed","template":"","meta":{"_monsterinsights_skip_tracking":false,"_monsterinsights_sitenote_active":false,"_monsterinsights_sitenote_note":"","_monsterinsights_sitenote_category":0,"footnotes":""},"class_list":["post-3210","page","type-page","status-publish"],"yoast_head":"<!-- This site is optimized with the Yoast SEO plugin v23.5 - https:\/\/yoast.com\/wordpress\/plugins\/seo\/ -->\n<title>Allm\u00e4n Sitemap - SendBlaster mjukvara f\u00f6r massutskick<\/title>\n<meta name=\"description\" content=\"SendBlaster mjukvara f\u00f6r massutskick Allm\u00e4n Sitemap\" \/>\n<meta name=\"robots\" content=\"index, follow, max-snippet:-1, max-image-preview:large, max-video-preview:-1\" \/>\n<link rel=\"canonical\" href=\"https:\/\/www.sendblaster.com\/sv\/allmaen-sitemap\/\" \/>\n<meta property=\"og:locale\" content=\"sv_SE\" \/>\n<meta property=\"og:type\" content=\"article\" \/>\n<meta property=\"og:title\" content=\"Allm\u00e4n Sitemap - SendBlaster mjukvara f\u00f6r massutskick\" \/>\n<meta property=\"og:description\" content=\"SendBlaster mjukvara f\u00f6r massutskick Allm\u00e4n Sitemap\" \/>\n<meta property=\"og:url\" content=\"https:\/\/www.sendblaster.com\/sv\/allmaen-sitemap\/\" \/>\n<meta property=\"og:site_name\" content=\"SendBlaster mjukvara f\u00f6r massutskick\" \/>\n<meta property=\"article:modified_time\" content=\"2018-07-03T09:25:12+00:00\" \/>\n<meta name=\"twitter:card\" content=\"summary_large_image\" \/>\n<script type=\"application\/ld+json\" class=\"yoast-schema-graph\">{\"@context\":\"https:\/\/schema.org\",\"@graph\":[{\"@type\":\"WebPage\",\"@id\":\"https:\/\/www.sendblaster.com\/sv\/allmaen-sitemap\/\",\"url\":\"https:\/\/www.sendblaster.com\/sv\/allmaen-sitemap\/\",\"name\":\"Allm\u00e4n Sitemap - SendBlaster mjukvara f\u00f6r massutskick\",\"isPartOf\":{\"@id\":\"https:\/\/www.sendblaster.com\/#website\"},\"datePublished\":\"2018-07-03T09:24:52+00:00\",\"dateModified\":\"2018-07-03T09:25:12+00:00\",\"description\":\"SendBlaster mjukvara f\u00f6r massutskick Allm\u00e4n Sitemap\",\"breadcrumb\":{\"@id\":\"https:\/\/www.sendblaster.com\/sv\/allmaen-sitemap\/#breadcrumb\"},\"inLanguage\":\"sv-SE\",\"potentialAction\":[{\"@type\":\"ReadAction\",\"target\":[\"https:\/\/www.sendblaster.com\/sv\/allmaen-sitemap\/\"]}]},{\"@type\":\"BreadcrumbList\",\"@id\":\"https:\/\/www.sendblaster.com\/sv\/allmaen-sitemap\/#breadcrumb\",\"itemListElement\":[{\"@type\":\"ListItem\",\"position\":1,\"name\":\"Home\",\"item\":\"https:\/\/www.sendblaster.com\/sv\/\"},{\"@type\":\"ListItem\",\"position\":2,\"name\":\"Allm\u00e4n Sitemap\"}]},{\"@type\":\"WebSite\",\"@id\":\"https:\/\/www.sendblaster.com\/#website\",\"url\":\"https:\/\/www.sendblaster.com\/\",\"name\":\"SendBlaster mjukvara f\u00f6r massutskick\",\"description\":\"\",\"publisher\":{\"@id\":\"https:\/\/www.sendblaster.com\/#organization\"},\"potentialAction\":[{\"@type\":\"SearchAction\",\"target\":{\"@type\":\"EntryPoint\",\"urlTemplate\":\"https:\/\/www.sendblaster.com\/?s={search_term_string}\"},\"query-input\":{\"@type\":\"PropertyValueSpecification\",\"valueRequired\":true,\"valueName\":\"search_term_string\"}}],\"inLanguage\":\"sv-SE\"},{\"@type\":\"Organization\",\"@id\":\"https:\/\/www.sendblaster.com\/#organization\",\"name\":\"SendBlaster mjukvara f\u00f6r massutskick\",\"url\":\"https:\/\/www.sendblaster.com\/\",\"logo\":{\"@type\":\"ImageObject\",\"inLanguage\":\"sv-SE\",\"@id\":\"https:\/\/www.sendblaster.com\/#\/schema\/logo\/image\/\",\"url\":\"https:\/\/www.sendblaster.com\/wp-content\/uploads\/2021\/09\/logo-svg-2021.svg\",\"contentUrl\":\"https:\/\/www.sendblaster.com\/wp-content\/uploads\/2021\/09\/logo-svg-2021.svg\",\"width\":350,\"height\":70,\"caption\":\"SendBlaster mjukvara f\u00f6r massutskick\"},\"image\":{\"@id\":\"https:\/\/www.sendblaster.com\/#\/schema\/logo\/image\/\"}}]}<\/script>\n<!-- \/ Yoast SEO plugin. -->","yoast_head_json":{"title":"Allm\u00e4n Sitemap - SendBlaster mjukvara f\u00f6r massutskick","description":"SendBlaster mjukvara f\u00f6r massutskick Allm\u00e4n Sitemap","robots":{"index":"index","follow":"follow","max-snippet":"max-snippet:-1","max-image-preview":"max-image-preview:large","max-video-preview":"max-video-preview:-1"},"canonical":"https:\/\/www.sendblaster.com\/sv\/allmaen-sitemap\/","og_locale":"sv_SE","og_type":"article","og_title":"Allm\u00e4n Sitemap - SendBlaster mjukvara f\u00f6r massutskick","og_description":"SendBlaster mjukvara f\u00f6r massutskick Allm\u00e4n Sitemap","og_url":"https:\/\/www.sendblaster.com\/sv\/allmaen-sitemap\/","og_site_name":"SendBlaster mjukvara f\u00f6r massutskick","article_modified_time":"2018-07-03T09:25:12+00:00","twitter_card":"summary_large_image","schema":{"@context":"https:\/\/schema.org","@graph":[{"@type":"WebPage","@id":"https:\/\/www.sendblaster.com\/sv\/allmaen-sitemap\/","url":"https:\/\/www.sendblaster.com\/sv\/allmaen-sitemap\/","name":"Allm\u00e4n Sitemap - SendBlaster mjukvara f\u00f6r massutskick","isPartOf":{"@id":"https:\/\/www.sendblaster.com\/#website"},"datePublished":"2018-07-03T09:24:52+00:00","dateModified":"2018-07-03T09:25:12+00:00","description":"SendBlaster mjukvara f\u00f6r massutskick Allm\u00e4n Sitemap","breadcrumb":{"@id":"https:\/\/www.sendblaster.com\/sv\/allmaen-sitemap\/#breadcrumb"},"inLanguage":"sv-SE","potentialAction":[{"@type":"ReadAction","target":["https:\/\/www.sendblaster.com\/sv\/allmaen-sitemap\/"]}]},{"@type":"BreadcrumbList","@id":"https:\/\/www.sendblaster.com\/sv\/allmaen-sitemap\/#breadcrumb","itemListElement":[{"@type":"ListItem","position":1,"name":"Home","item":"https:\/\/www.sendblaster.com\/sv\/"},{"@type":"ListItem","position":2,"name":"Allm\u00e4n Sitemap"}]},{"@type":"WebSite","@id":"https:\/\/www.sendblaster.com\/#website","url":"https:\/\/www.sendblaster.com\/","name":"SendBlaster mjukvara f\u00f6r massutskick","description":"","publisher":{"@id":"https:\/\/www.sendblaster.com\/#organization"},"potentialAction":[{"@type":"SearchAction","target":{"@type":"EntryPoint","urlTemplate":"https:\/\/www.sendblaster.com\/?s={search_term_string}"},"query-input":{"@type":"PropertyValueSpecification","valueRequired":true,"valueName":"search_term_string"}}],"inLanguage":"sv-SE"},{"@type":"Organization","@id":"https:\/\/www.sendblaster.com\/#organization","name":"SendBlaster mjukvara f\u00f6r massutskick","url":"https:\/\/www.sendblaster.com\/","logo":{"@type":"ImageObject","inLanguage":"sv-SE","@id":"https:\/\/www.sendblaster.com\/#\/schema\/logo\/image\/","url":"https:\/\/www.sendblaster.com\/wp-content\/uploads\/2021\/09\/logo-svg-2021.svg","contentUrl":"https:\/\/www.sendblaster.com\/wp-content\/uploads\/2021\/09\/logo-svg-2021.svg","width":350,"height":70,"caption":"SendBlaster mjukvara f\u00f6r massutskick"},"image":{"@id":"https:\/\/www.sendblaster.com\/#\/schema\/logo\/image\/"}}]}},"_links":{"self":[{"href":"https:\/\/www.sendblaster.com\/sv\/wp-json\/wp\/v2\/pages\/3210"}],"collection":[{"href":"https:\/\/www.sendblaster.com\/sv\/wp-json\/wp\/v2\/pages"}],"about":[{"href":"https:\/\/www.sendblaster.com\/sv\/wp-json\/wp\/v2\/types\/page"}],"author":[{"embeddable":true,"href":"https:\/\/www.sendblaster.com\/sv\/wp-json\/wp\/v2\/users\/1"}],"replies":[{"embeddable":true,"href":"https:\/\/www.sendblaster.com\/sv\/wp-json\/wp\/v2\/comments?post=3210"}],"version-history":[{"count":1,"href":"https:\/\/www.sendblaster.com\/sv\/wp-json\/wp\/v2\/pages\/3210\/revisions"}],"predecessor-version":[{"id":3211,"href":"https:\/\/www.sendblaster.com\/sv\/wp-json\/wp\/v2\/pages\/3210\/revisions\/3211"}],"wp:attachment":[{"href":"https:\/\/www.sendblaster.com\/sv\/wp-json\/wp\/v2\/media?parent=3210"}],"curies":[{"name":"wp","href":"https:\/\/api.w.org\/{rel}","templated":true}]}}