{"id":3117,"date":"2018-07-02T10:29:54","date_gmt":"2018-07-02T10:29:54","guid":{"rendered":"https:\/\/www.sendblaster.com\/wpnew-2018\/?page_id=3117"},"modified":"2018-07-02T10:29:54","modified_gmt":"2018-07-02T10:29:54","slug":"handledning-foer-epost-marknadsfoering","status":"publish","type":"page","link":"https:\/\/www.sendblaster.com\/sv\/handledning-foer-epost-marknadsfoering\/","title":{"rendered":"Hur skapar man en epost-marknadsf\u00f6ringskampanj?"},"content":{"rendered":"<p>Epost-marknadsf\u00f6ring \u00e4r otvivelaktigt det mest direkta och effektiva verktyget f\u00f6r att f\u00e5 kunders lojalitet. Om du har en hemsida s\u00e5 har du garanterat bes\u00f6kare, If you have a website, you have visitors for sure, m\u00e5nga eller lite f\u00e4rre, och de \u00e4r uppenbart intresserade av sidans inneh\u00e5ll.<\/p>\n<p>M\u00f6jligheten att profilera intresserade kunder \u00e4r mycket v\u00e4rdefullt, och om du anv\u00e4nder verktyg som \u201cpay per click\u201d (betala-per-klick, t.ex. Google Adwords) s\u00e5 \u00e4r det \u00e4nnu v\u00e4rdefullare, och det vore synd att inte anv\u00e4nda marknadsf\u00f6ringsverktyg f\u00f6r att samla deras information f\u00f6r att n\u00e5 dina m\u00e5l (t.ex. f\u00f6rs\u00e4ljning, bokf\u00f6ring).<\/p>\n<p>\u00c5 andra sidan, att skicka o\u00f6nskade epost-meddelanden till ok\u00e4nda personer \u00e4r olagligt, inte v\u00e4rdigt och negativt f\u00f6r ditt f\u00f6retag och din sida. Ett utskick till 200 intreserade klienter \u00e4r b\u00e4ttre \u00e4n ett till 20.000 ointresserade.<\/p>\n<p>H\u00e4r \u00e4r ett par gratis steg som kr\u00e4vs f\u00f6r att b\u00f6rja din epost-marknadsf\u00f6ring (med v\u00e5r  <a href=\"haemta\" title=\"haemta\">gratis version av v\u00e5r mjukvara f\u00f6r mass-epost &#8211; SendBlaster<\/a>) oeller f\u00f6r ett bidrag p\u00e5 85 euro:<\/p>\n<p>&nbsp;<\/p>\n<ul>\n<li><a href=\"support\/listimportering\/listimportering\" title=\"support, listimportering\">Listimportering<\/a><\/li>\n<li><a title=\"support, tillstandbaserad lista, hur du skapar en tillstandsbaserad lista\" href=\"support\/tillstandbaserad-lista\/hur-du-skapar-en-tillstandsbaserad-lista\">Hur du skapar en tillst\u00e5ndsbaserad lista<\/a><\/li>\n<li><a title=\"support, foerslag, guide till baettre mass utskick\" href=\"support\/foerslag\/guide-till-baettre-mass-utskick\">Guide till b\u00e4ttre mass-utskick<\/a><\/li>\n<li><a title=\"antispam lagen\" href=\"antispam-lagen\">AntiSpam-lagen<\/a><\/li>\n<li><a title=\"utskicks leveransnivaer\" href=\"utskicks-leveransnivaer\">Utskicks leveransniv\u00e5er<\/a><\/li>\n<li><a title=\"analysera data\" href=\"analysera-data\">Analysera data<\/a><\/li>\n<\/ul>\n","protected":false},"excerpt":{"rendered":"<p>Epost-marknadsf\u00f6ring \u00e4r otvivelaktigt det mest direkta och effektiva verktyget f\u00f6r att f\u00e5 kunders lojalitet. Om du har en hemsida s\u00e5 har du garanterat bes\u00f6kare, If you have a website, you have visitors for sure, m\u00e5nga eller lite f\u00e4rre, och de <\/p>\n<p class=\"read-more-container\"><a class=\"button read-more\" href=\"https:\/\/www.sendblaster.com\/sv\/handledning-foer-epost-marknadsfoering\/\" title=\"\">Forts\u00e4tt l\u00e4sa<\/a><\/p>\n","protected":false},"author":1,"featured_media":0,"parent":0,"menu_order":0,"comment_status":"closed","ping_status":"closed","template":"g1_template_page_sidebar_right.php","meta":{"_monsterinsights_skip_tracking":false,"_monsterinsights_sitenote_active":false,"_monsterinsights_sitenote_note":"","_monsterinsights_sitenote_category":0,"footnotes":""},"class_list":["post-3117","page","type-page","status-publish"],"yoast_head":"<!-- This site is optimized with the Yoast SEO plugin v23.5 - https:\/\/yoast.com\/wordpress\/plugins\/seo\/ -->\n<title>Hur skapar man en epost-marknadsf\u00f6ringskampanj? - SendBlaster mjukvara f\u00f6r massutskick<\/title>\n<meta name=\"description\" content=\"SendBlaster mjukvara f\u00f6r massutskick Hur skapar man en epost-marknadsf\u00f6ringskampanj? Epost-marknadsf\u00f6ring \u00e4r otvivelaktigt det mest direkta och effektiva verktyget f\u00f6r att f\u00e5 kunders lojalitet. Om du har en hemsida s\u00e5 har du garanterat\" \/>\n<meta name=\"robots\" content=\"index, follow, max-snippet:-1, max-image-preview:large, max-video-preview:-1\" \/>\n<link rel=\"canonical\" href=\"https:\/\/www.sendblaster.com\/sv\/handledning-foer-epost-marknadsfoering\/\" \/>\n<meta property=\"og:locale\" content=\"sv_SE\" \/>\n<meta property=\"og:type\" content=\"article\" \/>\n<meta property=\"og:title\" content=\"Hur skapar man en epost-marknadsf\u00f6ringskampanj? - SendBlaster mjukvara f\u00f6r massutskick\" \/>\n<meta property=\"og:description\" content=\"SendBlaster mjukvara f\u00f6r massutskick Hur skapar man en epost-marknadsf\u00f6ringskampanj? Epost-marknadsf\u00f6ring \u00e4r otvivelaktigt det mest direkta och effektiva verktyget f\u00f6r att f\u00e5 kunders lojalitet. Om du har en hemsida s\u00e5 har du garanterat\" \/>\n<meta property=\"og:url\" content=\"https:\/\/www.sendblaster.com\/sv\/handledning-foer-epost-marknadsfoering\/\" \/>\n<meta property=\"og:site_name\" content=\"SendBlaster mjukvara f\u00f6r massutskick\" \/>\n<meta name=\"twitter:card\" content=\"summary_large_image\" \/>\n<meta name=\"twitter:label1\" content=\"Ber\u00e4knad l\u00e4stid\" \/>\n\t<meta name=\"twitter:data1\" content=\"1 minut\" \/>\n<script type=\"application\/ld+json\" class=\"yoast-schema-graph\">{\"@context\":\"https:\/\/schema.org\",\"@graph\":[{\"@type\":\"WebPage\",\"@id\":\"https:\/\/www.sendblaster.com\/sv\/handledning-foer-epost-marknadsfoering\/\",\"url\":\"https:\/\/www.sendblaster.com\/sv\/handledning-foer-epost-marknadsfoering\/\",\"name\":\"Hur skapar man en epost-marknadsf\u00f6ringskampanj? - SendBlaster mjukvara f\u00f6r massutskick\",\"isPartOf\":{\"@id\":\"https:\/\/www.sendblaster.com\/#website\"},\"datePublished\":\"2018-07-02T10:29:54+00:00\",\"dateModified\":\"2018-07-02T10:29:54+00:00\",\"description\":\"SendBlaster mjukvara f\u00f6r massutskick Hur skapar man en epost-marknadsf\u00f6ringskampanj? Epost-marknadsf\u00f6ring \u00e4r otvivelaktigt det mest direkta och effektiva verktyget f\u00f6r att f\u00e5 kunders lojalitet. Om du har en hemsida s\u00e5 har du garanterat\",\"breadcrumb\":{\"@id\":\"https:\/\/www.sendblaster.com\/sv\/handledning-foer-epost-marknadsfoering\/#breadcrumb\"},\"inLanguage\":\"sv-SE\",\"potentialAction\":[{\"@type\":\"ReadAction\",\"target\":[\"https:\/\/www.sendblaster.com\/sv\/handledning-foer-epost-marknadsfoering\/\"]}]},{\"@type\":\"BreadcrumbList\",\"@id\":\"https:\/\/www.sendblaster.com\/sv\/handledning-foer-epost-marknadsfoering\/#breadcrumb\",\"itemListElement\":[{\"@type\":\"ListItem\",\"position\":1,\"name\":\"Home\",\"item\":\"https:\/\/www.sendblaster.com\/sv\/\"},{\"@type\":\"ListItem\",\"position\":2,\"name\":\"Hur skapar man en epost-marknadsf\u00f6ringskampanj?\"}]},{\"@type\":\"WebSite\",\"@id\":\"https:\/\/www.sendblaster.com\/#website\",\"url\":\"https:\/\/www.sendblaster.com\/\",\"name\":\"SendBlaster mjukvara f\u00f6r massutskick\",\"description\":\"\",\"publisher\":{\"@id\":\"https:\/\/www.sendblaster.com\/#organization\"},\"potentialAction\":[{\"@type\":\"SearchAction\",\"target\":{\"@type\":\"EntryPoint\",\"urlTemplate\":\"https:\/\/www.sendblaster.com\/?s={search_term_string}\"},\"query-input\":{\"@type\":\"PropertyValueSpecification\",\"valueRequired\":true,\"valueName\":\"search_term_string\"}}],\"inLanguage\":\"sv-SE\"},{\"@type\":\"Organization\",\"@id\":\"https:\/\/www.sendblaster.com\/#organization\",\"name\":\"SendBlaster mjukvara f\u00f6r massutskick\",\"url\":\"https:\/\/www.sendblaster.com\/\",\"logo\":{\"@type\":\"ImageObject\",\"inLanguage\":\"sv-SE\",\"@id\":\"https:\/\/www.sendblaster.com\/#\/schema\/logo\/image\/\",\"url\":\"https:\/\/www.sendblaster.com\/wp-content\/uploads\/2021\/09\/logo-svg-2021.svg\",\"contentUrl\":\"https:\/\/www.sendblaster.com\/wp-content\/uploads\/2021\/09\/logo-svg-2021.svg\",\"width\":350,\"height\":70,\"caption\":\"SendBlaster mjukvara f\u00f6r massutskick\"},\"image\":{\"@id\":\"https:\/\/www.sendblaster.com\/#\/schema\/logo\/image\/\"}}]}<\/script>\n<!-- \/ Yoast SEO plugin. -->","yoast_head_json":{"title":"Hur skapar man en epost-marknadsf\u00f6ringskampanj? - SendBlaster mjukvara f\u00f6r massutskick","description":"SendBlaster mjukvara f\u00f6r massutskick Hur skapar man en epost-marknadsf\u00f6ringskampanj? Epost-marknadsf\u00f6ring \u00e4r otvivelaktigt det mest direkta och effektiva verktyget f\u00f6r att f\u00e5 kunders lojalitet. Om du har en hemsida s\u00e5 har du garanterat","robots":{"index":"index","follow":"follow","max-snippet":"max-snippet:-1","max-image-preview":"max-image-preview:large","max-video-preview":"max-video-preview:-1"},"canonical":"https:\/\/www.sendblaster.com\/sv\/handledning-foer-epost-marknadsfoering\/","og_locale":"sv_SE","og_type":"article","og_title":"Hur skapar man en epost-marknadsf\u00f6ringskampanj? - SendBlaster mjukvara f\u00f6r massutskick","og_description":"SendBlaster mjukvara f\u00f6r massutskick Hur skapar man en epost-marknadsf\u00f6ringskampanj? Epost-marknadsf\u00f6ring \u00e4r otvivelaktigt det mest direkta och effektiva verktyget f\u00f6r att f\u00e5 kunders lojalitet. Om du har en hemsida s\u00e5 har du garanterat","og_url":"https:\/\/www.sendblaster.com\/sv\/handledning-foer-epost-marknadsfoering\/","og_site_name":"SendBlaster mjukvara f\u00f6r massutskick","twitter_card":"summary_large_image","twitter_misc":{"Ber\u00e4knad l\u00e4stid":"1 minut"},"schema":{"@context":"https:\/\/schema.org","@graph":[{"@type":"WebPage","@id":"https:\/\/www.sendblaster.com\/sv\/handledning-foer-epost-marknadsfoering\/","url":"https:\/\/www.sendblaster.com\/sv\/handledning-foer-epost-marknadsfoering\/","name":"Hur skapar man en epost-marknadsf\u00f6ringskampanj? - SendBlaster mjukvara f\u00f6r massutskick","isPartOf":{"@id":"https:\/\/www.sendblaster.com\/#website"},"datePublished":"2018-07-02T10:29:54+00:00","dateModified":"2018-07-02T10:29:54+00:00","description":"SendBlaster mjukvara f\u00f6r massutskick Hur skapar man en epost-marknadsf\u00f6ringskampanj? Epost-marknadsf\u00f6ring \u00e4r otvivelaktigt det mest direkta och effektiva verktyget f\u00f6r att f\u00e5 kunders lojalitet. Om du har en hemsida s\u00e5 har du garanterat","breadcrumb":{"@id":"https:\/\/www.sendblaster.com\/sv\/handledning-foer-epost-marknadsfoering\/#breadcrumb"},"inLanguage":"sv-SE","potentialAction":[{"@type":"ReadAction","target":["https:\/\/www.sendblaster.com\/sv\/handledning-foer-epost-marknadsfoering\/"]}]},{"@type":"BreadcrumbList","@id":"https:\/\/www.sendblaster.com\/sv\/handledning-foer-epost-marknadsfoering\/#breadcrumb","itemListElement":[{"@type":"ListItem","position":1,"name":"Home","item":"https:\/\/www.sendblaster.com\/sv\/"},{"@type":"ListItem","position":2,"name":"Hur skapar man en epost-marknadsf\u00f6ringskampanj?"}]},{"@type":"WebSite","@id":"https:\/\/www.sendblaster.com\/#website","url":"https:\/\/www.sendblaster.com\/","name":"SendBlaster mjukvara f\u00f6r massutskick","description":"","publisher":{"@id":"https:\/\/www.sendblaster.com\/#organization"},"potentialAction":[{"@type":"SearchAction","target":{"@type":"EntryPoint","urlTemplate":"https:\/\/www.sendblaster.com\/?s={search_term_string}"},"query-input":{"@type":"PropertyValueSpecification","valueRequired":true,"valueName":"search_term_string"}}],"inLanguage":"sv-SE"},{"@type":"Organization","@id":"https:\/\/www.sendblaster.com\/#organization","name":"SendBlaster mjukvara f\u00f6r massutskick","url":"https:\/\/www.sendblaster.com\/","logo":{"@type":"ImageObject","inLanguage":"sv-SE","@id":"https:\/\/www.sendblaster.com\/#\/schema\/logo\/image\/","url":"https:\/\/www.sendblaster.com\/wp-content\/uploads\/2021\/09\/logo-svg-2021.svg","contentUrl":"https:\/\/www.sendblaster.com\/wp-content\/uploads\/2021\/09\/logo-svg-2021.svg","width":350,"height":70,"caption":"SendBlaster mjukvara f\u00f6r massutskick"},"image":{"@id":"https:\/\/www.sendblaster.com\/#\/schema\/logo\/image\/"}}]}},"_links":{"self":[{"href":"https:\/\/www.sendblaster.com\/sv\/wp-json\/wp\/v2\/pages\/3117"}],"collection":[{"href":"https:\/\/www.sendblaster.com\/sv\/wp-json\/wp\/v2\/pages"}],"about":[{"href":"https:\/\/www.sendblaster.com\/sv\/wp-json\/wp\/v2\/types\/page"}],"author":[{"embeddable":true,"href":"https:\/\/www.sendblaster.com\/sv\/wp-json\/wp\/v2\/users\/1"}],"replies":[{"embeddable":true,"href":"https:\/\/www.sendblaster.com\/sv\/wp-json\/wp\/v2\/comments?post=3117"}],"version-history":[{"count":1,"href":"https:\/\/www.sendblaster.com\/sv\/wp-json\/wp\/v2\/pages\/3117\/revisions"}],"predecessor-version":[{"id":3118,"href":"https:\/\/www.sendblaster.com\/sv\/wp-json\/wp\/v2\/pages\/3117\/revisions\/3118"}],"wp:attachment":[{"href":"https:\/\/www.sendblaster.com\/sv\/wp-json\/wp\/v2\/media?parent=3117"}],"curies":[{"name":"wp","href":"https:\/\/api.w.org\/{rel}","templated":true}]}}