{"id":3113,"date":"2018-07-02T10:13:41","date_gmt":"2018-07-02T10:13:41","guid":{"rendered":"https:\/\/www.sendblaster.com\/wpnew-2018\/?page_id=3113"},"modified":"2018-07-02T10:13:41","modified_gmt":"2018-07-02T10:13:41","slug":"eposts-spam-check-niva","status":"publish","type":"page","link":"https:\/\/www.sendblaster.com\/sv\/eposts-spam-check-niva\/","title":{"rendered":"Eposts Spam Check-niv\u00e5"},"content":{"rendered":"<p>How to check your email spam score before sending? This free software does it all for you. MailingCheck incorporates all the SpamAssassin rules that you need to respect so as to arrive safely in your customers&rsquo; inboxes.<\/p>\n<p style=\"text-align: center;\"><a href=\"https:\/\/www.sendblaster.com\/services\/download\/download.php?program=mailingcheck104\" title=\"Download Mailing Check\" class=\"reseller-cta-big\">Download Mailing Check<br \/><small>free email spam check rate software<\/small><\/a><\/p>\n<p>&nbsp;<\/p>\n<p><strong>Download Mailing Check, our free email spam check rate software<\/strong> <a href=\"..\/..\/services\/download\/download.php?program=mailingcheck104\">archive here<\/a> (right-click on the button, then Save destination as&hellip; or Save as&hellip; to download):<\/p>\n<p>&nbsp;<\/p>\n<h2>How Mailing Spam Check Software works<\/h2>\n<p>When someone sends a message each email is relayed through a filtering framework. This framework consists of many bits of software, each running a different, specific test.<\/p>\n<p>Each of these tests contributes to an overall <em><strong>SPAM score<\/strong><\/em>. The higher the score, the higher the number of the individual tests considered the message was probably SPAM. The <em><strong>SPAM score<\/strong><\/em>, and a summary of the individual tests are placed in the headers of the message before it is sent to its destination. We <strong>included all these spam rules in our free software<\/strong> MailingCheck.<\/p>\n<p>&nbsp;<\/p>\n<h2>Hot Features<\/h2>\n<ul>\n<li>Absolutely free software download<\/li>\n<li>Email content spam checker<\/li>\n<li>Email spam rate points result<\/li>\n<li>Customizable spam point ranges<\/li>\n<li>SpamAssassin engine included<\/li>\n<li>Email spam cleaning suggestions included<\/li>\n<li>Razor Engine included<\/li>\n<li>SURBL blacklists included<\/li>\n<li>Can check emails for spam rates before sending<\/li>\n<li>Increases bulk email inbox rate<\/li>\n<li>Best offline email spam detection tool<\/li>\n<\/ul>\n<p>Take a look at <a href=\"http:\/\/www.mailingcheck.com\/\" target=\"_blank\" rel=\"nofollow\">mailingcheck&rsquo;s official website<\/a> to get more information about avoiding recipients&rsquo; spam folder.<\/p>\n","protected":false},"excerpt":{"rendered":"<p>How to check your email spam score before sending? This free software does it all for you. MailingCheck incorporates all the SpamAssassin rules that you need to respect so as to arrive safely in your customers&rsquo; inboxes. Download Mailing Checkfree <\/p>\n<p class=\"read-more-container\"><a class=\"button read-more\" href=\"https:\/\/www.sendblaster.com\/sv\/eposts-spam-check-niva\/\" title=\"\">Forts\u00e4tt l\u00e4sa<\/a><\/p>\n","protected":false},"author":1,"featured_media":0,"parent":0,"menu_order":0,"comment_status":"closed","ping_status":"closed","template":"g1_template_page_sidebar_right.php","meta":{"_monsterinsights_skip_tracking":false,"_monsterinsights_sitenote_active":false,"_monsterinsights_sitenote_note":"","_monsterinsights_sitenote_category":0,"footnotes":""},"class_list":["post-3113","page","type-page","status-publish"],"yoast_head":"<!-- This site is optimized with the Yoast SEO plugin v23.5 - https:\/\/yoast.com\/wordpress\/plugins\/seo\/ -->\n<title>Eposts Spam Check-niv\u00e5 - SendBlaster mjukvara f\u00f6r massutskick<\/title>\n<meta name=\"description\" content=\"SendBlaster mjukvara f\u00f6r massutskick Eposts Spam Check-niv\u00e5 How to check your email spam score before sending? This free software does it all for you. MailingCheck incorporates all the SpamAssassin rules that you\" \/>\n<meta name=\"robots\" content=\"index, follow, max-snippet:-1, max-image-preview:large, max-video-preview:-1\" \/>\n<link rel=\"canonical\" href=\"https:\/\/www.sendblaster.com\/sv\/eposts-spam-check-niva\/\" \/>\n<meta property=\"og:locale\" content=\"sv_SE\" \/>\n<meta property=\"og:type\" content=\"article\" \/>\n<meta property=\"og:title\" content=\"Eposts Spam Check-niv\u00e5 - SendBlaster mjukvara f\u00f6r massutskick\" \/>\n<meta property=\"og:description\" content=\"SendBlaster mjukvara f\u00f6r massutskick Eposts Spam Check-niv\u00e5 How to check your email spam score before sending? This free software does it all for you. MailingCheck incorporates all the SpamAssassin rules that you\" \/>\n<meta property=\"og:url\" content=\"https:\/\/www.sendblaster.com\/sv\/eposts-spam-check-niva\/\" \/>\n<meta property=\"og:site_name\" content=\"SendBlaster mjukvara f\u00f6r massutskick\" \/>\n<meta name=\"twitter:card\" content=\"summary_large_image\" \/>\n<meta name=\"twitter:label1\" content=\"Ber\u00e4knad l\u00e4stid\" \/>\n\t<meta name=\"twitter:data1\" content=\"1 minut\" \/>\n<script type=\"application\/ld+json\" class=\"yoast-schema-graph\">{\"@context\":\"https:\/\/schema.org\",\"@graph\":[{\"@type\":\"WebPage\",\"@id\":\"https:\/\/www.sendblaster.com\/sv\/eposts-spam-check-niva\/\",\"url\":\"https:\/\/www.sendblaster.com\/sv\/eposts-spam-check-niva\/\",\"name\":\"Eposts Spam Check-niv\u00e5 - SendBlaster mjukvara f\u00f6r massutskick\",\"isPartOf\":{\"@id\":\"https:\/\/www.sendblaster.com\/#website\"},\"datePublished\":\"2018-07-02T10:13:41+00:00\",\"dateModified\":\"2018-07-02T10:13:41+00:00\",\"description\":\"SendBlaster mjukvara f\u00f6r massutskick Eposts Spam Check-niv\u00e5 How to check your email spam score before sending? This free software does it all for you. MailingCheck incorporates all the SpamAssassin rules that you\",\"breadcrumb\":{\"@id\":\"https:\/\/www.sendblaster.com\/sv\/eposts-spam-check-niva\/#breadcrumb\"},\"inLanguage\":\"sv-SE\",\"potentialAction\":[{\"@type\":\"ReadAction\",\"target\":[\"https:\/\/www.sendblaster.com\/sv\/eposts-spam-check-niva\/\"]}]},{\"@type\":\"BreadcrumbList\",\"@id\":\"https:\/\/www.sendblaster.com\/sv\/eposts-spam-check-niva\/#breadcrumb\",\"itemListElement\":[{\"@type\":\"ListItem\",\"position\":1,\"name\":\"Home\",\"item\":\"https:\/\/www.sendblaster.com\/sv\/\"},{\"@type\":\"ListItem\",\"position\":2,\"name\":\"Eposts Spam Check-niv\u00e5\"}]},{\"@type\":\"WebSite\",\"@id\":\"https:\/\/www.sendblaster.com\/#website\",\"url\":\"https:\/\/www.sendblaster.com\/\",\"name\":\"SendBlaster mjukvara f\u00f6r massutskick\",\"description\":\"\",\"publisher\":{\"@id\":\"https:\/\/www.sendblaster.com\/#organization\"},\"potentialAction\":[{\"@type\":\"SearchAction\",\"target\":{\"@type\":\"EntryPoint\",\"urlTemplate\":\"https:\/\/www.sendblaster.com\/?s={search_term_string}\"},\"query-input\":{\"@type\":\"PropertyValueSpecification\",\"valueRequired\":true,\"valueName\":\"search_term_string\"}}],\"inLanguage\":\"sv-SE\"},{\"@type\":\"Organization\",\"@id\":\"https:\/\/www.sendblaster.com\/#organization\",\"name\":\"SendBlaster mjukvara f\u00f6r massutskick\",\"url\":\"https:\/\/www.sendblaster.com\/\",\"logo\":{\"@type\":\"ImageObject\",\"inLanguage\":\"sv-SE\",\"@id\":\"https:\/\/www.sendblaster.com\/#\/schema\/logo\/image\/\",\"url\":\"https:\/\/www.sendblaster.com\/wp-content\/uploads\/2021\/09\/logo-svg-2021.svg\",\"contentUrl\":\"https:\/\/www.sendblaster.com\/wp-content\/uploads\/2021\/09\/logo-svg-2021.svg\",\"width\":350,\"height\":70,\"caption\":\"SendBlaster mjukvara f\u00f6r massutskick\"},\"image\":{\"@id\":\"https:\/\/www.sendblaster.com\/#\/schema\/logo\/image\/\"}}]}<\/script>\n<!-- \/ Yoast SEO plugin. -->","yoast_head_json":{"title":"Eposts Spam Check-niv\u00e5 - SendBlaster mjukvara f\u00f6r massutskick","description":"SendBlaster mjukvara f\u00f6r massutskick Eposts Spam Check-niv\u00e5 How to check your email spam score before sending? This free software does it all for you. MailingCheck incorporates all the SpamAssassin rules that you","robots":{"index":"index","follow":"follow","max-snippet":"max-snippet:-1","max-image-preview":"max-image-preview:large","max-video-preview":"max-video-preview:-1"},"canonical":"https:\/\/www.sendblaster.com\/sv\/eposts-spam-check-niva\/","og_locale":"sv_SE","og_type":"article","og_title":"Eposts Spam Check-niv\u00e5 - SendBlaster mjukvara f\u00f6r massutskick","og_description":"SendBlaster mjukvara f\u00f6r massutskick Eposts Spam Check-niv\u00e5 How to check your email spam score before sending? This free software does it all for you. MailingCheck incorporates all the SpamAssassin rules that you","og_url":"https:\/\/www.sendblaster.com\/sv\/eposts-spam-check-niva\/","og_site_name":"SendBlaster mjukvara f\u00f6r massutskick","twitter_card":"summary_large_image","twitter_misc":{"Ber\u00e4knad l\u00e4stid":"1 minut"},"schema":{"@context":"https:\/\/schema.org","@graph":[{"@type":"WebPage","@id":"https:\/\/www.sendblaster.com\/sv\/eposts-spam-check-niva\/","url":"https:\/\/www.sendblaster.com\/sv\/eposts-spam-check-niva\/","name":"Eposts Spam Check-niv\u00e5 - SendBlaster mjukvara f\u00f6r massutskick","isPartOf":{"@id":"https:\/\/www.sendblaster.com\/#website"},"datePublished":"2018-07-02T10:13:41+00:00","dateModified":"2018-07-02T10:13:41+00:00","description":"SendBlaster mjukvara f\u00f6r massutskick Eposts Spam Check-niv\u00e5 How to check your email spam score before sending? This free software does it all for you. MailingCheck incorporates all the SpamAssassin rules that you","breadcrumb":{"@id":"https:\/\/www.sendblaster.com\/sv\/eposts-spam-check-niva\/#breadcrumb"},"inLanguage":"sv-SE","potentialAction":[{"@type":"ReadAction","target":["https:\/\/www.sendblaster.com\/sv\/eposts-spam-check-niva\/"]}]},{"@type":"BreadcrumbList","@id":"https:\/\/www.sendblaster.com\/sv\/eposts-spam-check-niva\/#breadcrumb","itemListElement":[{"@type":"ListItem","position":1,"name":"Home","item":"https:\/\/www.sendblaster.com\/sv\/"},{"@type":"ListItem","position":2,"name":"Eposts Spam Check-niv\u00e5"}]},{"@type":"WebSite","@id":"https:\/\/www.sendblaster.com\/#website","url":"https:\/\/www.sendblaster.com\/","name":"SendBlaster mjukvara f\u00f6r massutskick","description":"","publisher":{"@id":"https:\/\/www.sendblaster.com\/#organization"},"potentialAction":[{"@type":"SearchAction","target":{"@type":"EntryPoint","urlTemplate":"https:\/\/www.sendblaster.com\/?s={search_term_string}"},"query-input":{"@type":"PropertyValueSpecification","valueRequired":true,"valueName":"search_term_string"}}],"inLanguage":"sv-SE"},{"@type":"Organization","@id":"https:\/\/www.sendblaster.com\/#organization","name":"SendBlaster mjukvara f\u00f6r massutskick","url":"https:\/\/www.sendblaster.com\/","logo":{"@type":"ImageObject","inLanguage":"sv-SE","@id":"https:\/\/www.sendblaster.com\/#\/schema\/logo\/image\/","url":"https:\/\/www.sendblaster.com\/wp-content\/uploads\/2021\/09\/logo-svg-2021.svg","contentUrl":"https:\/\/www.sendblaster.com\/wp-content\/uploads\/2021\/09\/logo-svg-2021.svg","width":350,"height":70,"caption":"SendBlaster mjukvara f\u00f6r massutskick"},"image":{"@id":"https:\/\/www.sendblaster.com\/#\/schema\/logo\/image\/"}}]}},"_links":{"self":[{"href":"https:\/\/www.sendblaster.com\/sv\/wp-json\/wp\/v2\/pages\/3113"}],"collection":[{"href":"https:\/\/www.sendblaster.com\/sv\/wp-json\/wp\/v2\/pages"}],"about":[{"href":"https:\/\/www.sendblaster.com\/sv\/wp-json\/wp\/v2\/types\/page"}],"author":[{"embeddable":true,"href":"https:\/\/www.sendblaster.com\/sv\/wp-json\/wp\/v2\/users\/1"}],"replies":[{"embeddable":true,"href":"https:\/\/www.sendblaster.com\/sv\/wp-json\/wp\/v2\/comments?post=3113"}],"version-history":[{"count":1,"href":"https:\/\/www.sendblaster.com\/sv\/wp-json\/wp\/v2\/pages\/3113\/revisions"}],"predecessor-version":[{"id":3114,"href":"https:\/\/www.sendblaster.com\/sv\/wp-json\/wp\/v2\/pages\/3113\/revisions\/3114"}],"wp:attachment":[{"href":"https:\/\/www.sendblaster.com\/sv\/wp-json\/wp\/v2\/media?parent=3113"}],"curies":[{"name":"wp","href":"https:\/\/api.w.org\/{rel}","templated":true}]}}