{"id":3111,"date":"2018-07-02T10:12:28","date_gmt":"2018-07-02T10:12:28","guid":{"rendered":"https:\/\/www.sendblaster.com\/wpnew-2018\/?page_id=3111"},"modified":"2018-07-02T10:12:28","modified_gmt":"2018-07-02T10:12:28","slug":"utskicks-leveransnivaer","status":"publish","type":"page","link":"https:\/\/www.sendblaster.com\/sv\/utskicks-leveransnivaer\/","title":{"rendered":"Utskicks leveransniv\u00e5er"},"content":{"rendered":"<p>People who are new to e-mail marketing often don&#39;t realize that not every sent e-mail reaches their recipients. Many reasons can compromise e-mail deliverability.<\/p>\n<p>Let&#39;s try to identify the main reasons:<\/p>\n<p>&nbsp;<\/p>\n<h2>Technical reasons<\/h2>\n<p><strong>Your subscriber&rsquo;s e-mail address is not correct.<\/strong> Your subscriber might have made a typing error when subscribing to your newsletter. Even a simple or silly error in typing the correct e-mail address invalids it.<\/p>\n<p>Remember that a few people forget their correct e-mail address, and give you a incorrect one.<\/p>\n<p><strong>The recipient&#39;s mailbox is full.<\/strong> It&#39;s not unusual that some people don&#39;t delete their old messages in their mailbox. Some mailboxes have a limited storage space. When the mailbox is full, all the new messages are rejected.<\/p>\n<p><strong>The e-mail address no longer exists.<\/strong> It happens when old or unused mailboxes get deleted<\/p>\n<p><strong>Network related problems.<\/strong> Sometimes they can occur when an ISP&nbsp;runs server maintenance or something goes wrong with the network.<\/p>\n<p>When e-mails don&#39;t reach their recipients and consequently they are returned to the sender, a so-called &quot;bounce&quot; is generated.<\/p>\n<p>A &quot;hard bounce&quot; occurs when the error is permanent (i.e. when the e-mail address no longer exists).<\/p>\n<p>&quot;Soft bounces&quot; are related to temporary errors (i.e. when a recipient isn&#39;t reachable due to a network failure, the system tries to deliver the message again).<\/p>\n<p><a href=\"https:\/\/www.sendblaster.com\/support\/lists-management\/bounce-backs-management\" title=\"Bounce-backs management\">See SendBlaster&#39;s bounce-backs management<\/a><\/p>\n<p>&nbsp;<\/p>\n<h2>Anti spam filters<\/h2>\n<p>Another big problem in delivering your e-mail marketing campaigns is represented by spam filters.<\/p>\n<p>Even when you&#39;re not spamming, sometimes your e-mail can be considered as spam all the same. So, it gets deleted or moved into the spam folder of the recipient&#39;s e-mail reader.<\/p>\n","protected":false},"excerpt":{"rendered":"<p>People who are new to e-mail marketing often don&#39;t realize that not every sent e-mail reaches their recipients. Many reasons can compromise e-mail deliverability. Let&#39;s try to identify the main reasons: &nbsp; Technical reasons Your subscriber&rsquo;s e-mail address is not <\/p>\n<p class=\"read-more-container\"><a class=\"button read-more\" href=\"https:\/\/www.sendblaster.com\/sv\/utskicks-leveransnivaer\/\" title=\"\">Forts\u00e4tt l\u00e4sa<\/a><\/p>\n","protected":false},"author":1,"featured_media":0,"parent":0,"menu_order":0,"comment_status":"closed","ping_status":"closed","template":"g1_template_page_sidebar_right.php","meta":{"_monsterinsights_skip_tracking":false,"_monsterinsights_sitenote_active":false,"_monsterinsights_sitenote_note":"","_monsterinsights_sitenote_category":0,"footnotes":""},"class_list":["post-3111","page","type-page","status-publish"],"yoast_head":"<!-- This site is optimized with the Yoast SEO plugin v23.5 - https:\/\/yoast.com\/wordpress\/plugins\/seo\/ -->\n<title>Utskicks leveransniv\u00e5er - SendBlaster mjukvara f\u00f6r massutskick<\/title>\n<meta name=\"description\" content=\"SendBlaster mjukvara f\u00f6r massutskick Utskicks leveransniv\u00e5er People who are new to e-mail marketing often don&#039;t realize that not every sent e-mail reaches their recipients. Many reasons can compromise e-mail\" \/>\n<meta name=\"robots\" content=\"index, follow, max-snippet:-1, max-image-preview:large, max-video-preview:-1\" \/>\n<link rel=\"canonical\" href=\"https:\/\/www.sendblaster.com\/sv\/utskicks-leveransnivaer\/\" \/>\n<meta property=\"og:locale\" content=\"sv_SE\" \/>\n<meta property=\"og:type\" content=\"article\" \/>\n<meta property=\"og:title\" content=\"Utskicks leveransniv\u00e5er - SendBlaster mjukvara f\u00f6r massutskick\" \/>\n<meta property=\"og:description\" content=\"SendBlaster mjukvara f\u00f6r massutskick Utskicks leveransniv\u00e5er People who are new to e-mail marketing often don&#039;t realize that not every sent e-mail reaches their recipients. Many reasons can compromise e-mail\" \/>\n<meta property=\"og:url\" content=\"https:\/\/www.sendblaster.com\/sv\/utskicks-leveransnivaer\/\" \/>\n<meta property=\"og:site_name\" content=\"SendBlaster mjukvara f\u00f6r massutskick\" \/>\n<meta name=\"twitter:card\" content=\"summary_large_image\" \/>\n<meta name=\"twitter:label1\" content=\"Ber\u00e4knad l\u00e4stid\" \/>\n\t<meta name=\"twitter:data1\" content=\"1 minut\" \/>\n<script type=\"application\/ld+json\" class=\"yoast-schema-graph\">{\"@context\":\"https:\/\/schema.org\",\"@graph\":[{\"@type\":\"WebPage\",\"@id\":\"https:\/\/www.sendblaster.com\/sv\/utskicks-leveransnivaer\/\",\"url\":\"https:\/\/www.sendblaster.com\/sv\/utskicks-leveransnivaer\/\",\"name\":\"Utskicks leveransniv\u00e5er - SendBlaster mjukvara f\u00f6r massutskick\",\"isPartOf\":{\"@id\":\"https:\/\/www.sendblaster.com\/#website\"},\"datePublished\":\"2018-07-02T10:12:28+00:00\",\"dateModified\":\"2018-07-02T10:12:28+00:00\",\"description\":\"SendBlaster mjukvara f\u00f6r massutskick Utskicks leveransniv\u00e5er People who are new to e-mail marketing often don&#39;t realize that not every sent e-mail reaches their recipients. Many reasons can compromise e-mail\",\"breadcrumb\":{\"@id\":\"https:\/\/www.sendblaster.com\/sv\/utskicks-leveransnivaer\/#breadcrumb\"},\"inLanguage\":\"sv-SE\",\"potentialAction\":[{\"@type\":\"ReadAction\",\"target\":[\"https:\/\/www.sendblaster.com\/sv\/utskicks-leveransnivaer\/\"]}]},{\"@type\":\"BreadcrumbList\",\"@id\":\"https:\/\/www.sendblaster.com\/sv\/utskicks-leveransnivaer\/#breadcrumb\",\"itemListElement\":[{\"@type\":\"ListItem\",\"position\":1,\"name\":\"Home\",\"item\":\"https:\/\/www.sendblaster.com\/sv\/\"},{\"@type\":\"ListItem\",\"position\":2,\"name\":\"Utskicks leveransniv\u00e5er\"}]},{\"@type\":\"WebSite\",\"@id\":\"https:\/\/www.sendblaster.com\/#website\",\"url\":\"https:\/\/www.sendblaster.com\/\",\"name\":\"SendBlaster mjukvara f\u00f6r massutskick\",\"description\":\"\",\"publisher\":{\"@id\":\"https:\/\/www.sendblaster.com\/#organization\"},\"potentialAction\":[{\"@type\":\"SearchAction\",\"target\":{\"@type\":\"EntryPoint\",\"urlTemplate\":\"https:\/\/www.sendblaster.com\/?s={search_term_string}\"},\"query-input\":{\"@type\":\"PropertyValueSpecification\",\"valueRequired\":true,\"valueName\":\"search_term_string\"}}],\"inLanguage\":\"sv-SE\"},{\"@type\":\"Organization\",\"@id\":\"https:\/\/www.sendblaster.com\/#organization\",\"name\":\"SendBlaster mjukvara f\u00f6r massutskick\",\"url\":\"https:\/\/www.sendblaster.com\/\",\"logo\":{\"@type\":\"ImageObject\",\"inLanguage\":\"sv-SE\",\"@id\":\"https:\/\/www.sendblaster.com\/#\/schema\/logo\/image\/\",\"url\":\"https:\/\/www.sendblaster.com\/wp-content\/uploads\/2021\/09\/logo-svg-2021.svg\",\"contentUrl\":\"https:\/\/www.sendblaster.com\/wp-content\/uploads\/2021\/09\/logo-svg-2021.svg\",\"width\":350,\"height\":70,\"caption\":\"SendBlaster mjukvara f\u00f6r massutskick\"},\"image\":{\"@id\":\"https:\/\/www.sendblaster.com\/#\/schema\/logo\/image\/\"}}]}<\/script>\n<!-- \/ Yoast SEO plugin. -->","yoast_head_json":{"title":"Utskicks leveransniv\u00e5er - SendBlaster mjukvara f\u00f6r massutskick","description":"SendBlaster mjukvara f\u00f6r massutskick Utskicks leveransniv\u00e5er People who are new to e-mail marketing often don&#39;t realize that not every sent e-mail reaches their recipients. Many reasons can compromise e-mail","robots":{"index":"index","follow":"follow","max-snippet":"max-snippet:-1","max-image-preview":"max-image-preview:large","max-video-preview":"max-video-preview:-1"},"canonical":"https:\/\/www.sendblaster.com\/sv\/utskicks-leveransnivaer\/","og_locale":"sv_SE","og_type":"article","og_title":"Utskicks leveransniv\u00e5er - SendBlaster mjukvara f\u00f6r massutskick","og_description":"SendBlaster mjukvara f\u00f6r massutskick Utskicks leveransniv\u00e5er People who are new to e-mail marketing often don&#39;t realize that not every sent e-mail reaches their recipients. Many reasons can compromise e-mail","og_url":"https:\/\/www.sendblaster.com\/sv\/utskicks-leveransnivaer\/","og_site_name":"SendBlaster mjukvara f\u00f6r massutskick","twitter_card":"summary_large_image","twitter_misc":{"Ber\u00e4knad l\u00e4stid":"1 minut"},"schema":{"@context":"https:\/\/schema.org","@graph":[{"@type":"WebPage","@id":"https:\/\/www.sendblaster.com\/sv\/utskicks-leveransnivaer\/","url":"https:\/\/www.sendblaster.com\/sv\/utskicks-leveransnivaer\/","name":"Utskicks leveransniv\u00e5er - SendBlaster mjukvara f\u00f6r massutskick","isPartOf":{"@id":"https:\/\/www.sendblaster.com\/#website"},"datePublished":"2018-07-02T10:12:28+00:00","dateModified":"2018-07-02T10:12:28+00:00","description":"SendBlaster mjukvara f\u00f6r massutskick Utskicks leveransniv\u00e5er People who are new to e-mail marketing often don&#39;t realize that not every sent e-mail reaches their recipients. Many reasons can compromise e-mail","breadcrumb":{"@id":"https:\/\/www.sendblaster.com\/sv\/utskicks-leveransnivaer\/#breadcrumb"},"inLanguage":"sv-SE","potentialAction":[{"@type":"ReadAction","target":["https:\/\/www.sendblaster.com\/sv\/utskicks-leveransnivaer\/"]}]},{"@type":"BreadcrumbList","@id":"https:\/\/www.sendblaster.com\/sv\/utskicks-leveransnivaer\/#breadcrumb","itemListElement":[{"@type":"ListItem","position":1,"name":"Home","item":"https:\/\/www.sendblaster.com\/sv\/"},{"@type":"ListItem","position":2,"name":"Utskicks leveransniv\u00e5er"}]},{"@type":"WebSite","@id":"https:\/\/www.sendblaster.com\/#website","url":"https:\/\/www.sendblaster.com\/","name":"SendBlaster mjukvara f\u00f6r massutskick","description":"","publisher":{"@id":"https:\/\/www.sendblaster.com\/#organization"},"potentialAction":[{"@type":"SearchAction","target":{"@type":"EntryPoint","urlTemplate":"https:\/\/www.sendblaster.com\/?s={search_term_string}"},"query-input":{"@type":"PropertyValueSpecification","valueRequired":true,"valueName":"search_term_string"}}],"inLanguage":"sv-SE"},{"@type":"Organization","@id":"https:\/\/www.sendblaster.com\/#organization","name":"SendBlaster mjukvara f\u00f6r massutskick","url":"https:\/\/www.sendblaster.com\/","logo":{"@type":"ImageObject","inLanguage":"sv-SE","@id":"https:\/\/www.sendblaster.com\/#\/schema\/logo\/image\/","url":"https:\/\/www.sendblaster.com\/wp-content\/uploads\/2021\/09\/logo-svg-2021.svg","contentUrl":"https:\/\/www.sendblaster.com\/wp-content\/uploads\/2021\/09\/logo-svg-2021.svg","width":350,"height":70,"caption":"SendBlaster mjukvara f\u00f6r massutskick"},"image":{"@id":"https:\/\/www.sendblaster.com\/#\/schema\/logo\/image\/"}}]}},"_links":{"self":[{"href":"https:\/\/www.sendblaster.com\/sv\/wp-json\/wp\/v2\/pages\/3111"}],"collection":[{"href":"https:\/\/www.sendblaster.com\/sv\/wp-json\/wp\/v2\/pages"}],"about":[{"href":"https:\/\/www.sendblaster.com\/sv\/wp-json\/wp\/v2\/types\/page"}],"author":[{"embeddable":true,"href":"https:\/\/www.sendblaster.com\/sv\/wp-json\/wp\/v2\/users\/1"}],"replies":[{"embeddable":true,"href":"https:\/\/www.sendblaster.com\/sv\/wp-json\/wp\/v2\/comments?post=3111"}],"version-history":[{"count":1,"href":"https:\/\/www.sendblaster.com\/sv\/wp-json\/wp\/v2\/pages\/3111\/revisions"}],"predecessor-version":[{"id":3112,"href":"https:\/\/www.sendblaster.com\/sv\/wp-json\/wp\/v2\/pages\/3111\/revisions\/3112"}],"wp:attachment":[{"href":"https:\/\/www.sendblaster.com\/sv\/wp-json\/wp\/v2\/media?parent=3111"}],"curies":[{"name":"wp","href":"https:\/\/api.w.org\/{rel}","templated":true}]}}