{"id":3109,"date":"2018-07-02T10:10:34","date_gmt":"2018-07-02T10:10:34","guid":{"rendered":"https:\/\/www.sendblaster.com\/wpnew-2018\/?page_id=3109"},"modified":"2018-07-02T10:10:34","modified_gmt":"2018-07-02T10:10:34","slug":"antispam-lagen","status":"publish","type":"page","link":"https:\/\/www.sendblaster.com\/sv\/antispam-lagen\/","title":{"rendered":"AntiSpam-lagen"},"content":{"rendered":"<p>Nowadays, most Countries in the world have some anti-spam legislation. So, it&#39;s very important for e-mail marketers to comply with the anti-spam Laws of their country.<\/p>\n<p>Furthermore, sending unsolicited e-mail could seriously compromise your business reputation.<\/p>\n<p>In 2003, the United States drafted the <strong>CAN- SPAM&nbsp;Act<\/strong> (Controlling the Assault of Non-Solicited Pornography and Marketing).<\/p>\n<p>In 2002, The European Union issued a <strong>&quot;Privacy and Electronic Communications&quot;&nbsp;directive<\/strong>, that requires businesses to gain prior consent before sending usolicited advertising e-mail to individuals. Anyway, each European Country has it&#39;s own national anti-spam legislation.<\/p>\n<p>Detailed informations are available here:<\/p>\n<ul>\n<li><a href=\"https:\/\/www.ftc.gov\/bcp\/edu\/pubs\/business\/ecommerce\/bus61.shtm\" rel=\"nofollow\">US&nbsp;2003 <strong>CAN- SPAM&nbsp;Act<\/strong><\/a><\/li>\n<li><a href=\"https:\/\/eur-lex.europa.eu\/LexUriServ\/LexUriServ.do?uri=CELEX:32002L0058:EN:HTML\" rel=\"nofollow\">Directive<strong> 2002\/58\/EC <\/strong>of the European Parliament<\/a><\/li>\n<\/ul>\n","protected":false},"excerpt":{"rendered":"<p>Nowadays, most Countries in the world have some anti-spam legislation. So, it&#39;s very important for e-mail marketers to comply with the anti-spam Laws of their country. Furthermore, sending unsolicited e-mail could seriously compromise your business reputation. In 2003, the United <\/p>\n<p class=\"read-more-container\"><a class=\"button read-more\" href=\"https:\/\/www.sendblaster.com\/sv\/antispam-lagen\/\" title=\"\">Forts\u00e4tt l\u00e4sa<\/a><\/p>\n","protected":false},"author":1,"featured_media":0,"parent":0,"menu_order":0,"comment_status":"closed","ping_status":"closed","template":"g1_template_page_sidebar_right.php","meta":{"_monsterinsights_skip_tracking":false,"_monsterinsights_sitenote_active":false,"_monsterinsights_sitenote_note":"","_monsterinsights_sitenote_category":0,"footnotes":""},"class_list":["post-3109","page","type-page","status-publish"],"yoast_head":"<!-- This site is optimized with the Yoast SEO plugin v23.5 - https:\/\/yoast.com\/wordpress\/plugins\/seo\/ -->\n<title>AntiSpam-lagen - SendBlaster mjukvara f\u00f6r massutskick<\/title>\n<meta name=\"description\" content=\"SendBlaster mjukvara f\u00f6r massutskick AntiSpam-lagen Nowadays, most Countries in the world have some anti-spam legislation. So, it&#039;s very important for e-mail marketers to comply with the anti-spam Laws\" \/>\n<meta name=\"robots\" content=\"index, follow, max-snippet:-1, max-image-preview:large, max-video-preview:-1\" \/>\n<link rel=\"canonical\" href=\"https:\/\/www.sendblaster.com\/sv\/antispam-lagen\/\" \/>\n<meta property=\"og:locale\" content=\"sv_SE\" \/>\n<meta property=\"og:type\" content=\"article\" \/>\n<meta property=\"og:title\" content=\"AntiSpam-lagen - SendBlaster mjukvara f\u00f6r massutskick\" \/>\n<meta property=\"og:description\" content=\"SendBlaster mjukvara f\u00f6r massutskick AntiSpam-lagen Nowadays, most Countries in the world have some anti-spam legislation. So, it&#039;s very important for e-mail marketers to comply with the anti-spam Laws\" \/>\n<meta property=\"og:url\" content=\"https:\/\/www.sendblaster.com\/sv\/antispam-lagen\/\" \/>\n<meta property=\"og:site_name\" content=\"SendBlaster mjukvara f\u00f6r massutskick\" \/>\n<meta name=\"twitter:card\" content=\"summary_large_image\" \/>\n<meta name=\"twitter:label1\" content=\"Ber\u00e4knad l\u00e4stid\" \/>\n\t<meta name=\"twitter:data1\" content=\"1 minut\" \/>\n<script type=\"application\/ld+json\" class=\"yoast-schema-graph\">{\"@context\":\"https:\/\/schema.org\",\"@graph\":[{\"@type\":\"WebPage\",\"@id\":\"https:\/\/www.sendblaster.com\/sv\/antispam-lagen\/\",\"url\":\"https:\/\/www.sendblaster.com\/sv\/antispam-lagen\/\",\"name\":\"AntiSpam-lagen - SendBlaster mjukvara f\u00f6r massutskick\",\"isPartOf\":{\"@id\":\"https:\/\/www.sendblaster.com\/#website\"},\"datePublished\":\"2018-07-02T10:10:34+00:00\",\"dateModified\":\"2018-07-02T10:10:34+00:00\",\"description\":\"SendBlaster mjukvara f\u00f6r massutskick AntiSpam-lagen Nowadays, most Countries in the world have some anti-spam legislation. So, it&#39;s very important for e-mail marketers to comply with the anti-spam Laws\",\"breadcrumb\":{\"@id\":\"https:\/\/www.sendblaster.com\/sv\/antispam-lagen\/#breadcrumb\"},\"inLanguage\":\"sv-SE\",\"potentialAction\":[{\"@type\":\"ReadAction\",\"target\":[\"https:\/\/www.sendblaster.com\/sv\/antispam-lagen\/\"]}]},{\"@type\":\"BreadcrumbList\",\"@id\":\"https:\/\/www.sendblaster.com\/sv\/antispam-lagen\/#breadcrumb\",\"itemListElement\":[{\"@type\":\"ListItem\",\"position\":1,\"name\":\"Home\",\"item\":\"https:\/\/www.sendblaster.com\/sv\/\"},{\"@type\":\"ListItem\",\"position\":2,\"name\":\"AntiSpam-lagen\"}]},{\"@type\":\"WebSite\",\"@id\":\"https:\/\/www.sendblaster.com\/#website\",\"url\":\"https:\/\/www.sendblaster.com\/\",\"name\":\"SendBlaster mjukvara f\u00f6r massutskick\",\"description\":\"\",\"publisher\":{\"@id\":\"https:\/\/www.sendblaster.com\/#organization\"},\"potentialAction\":[{\"@type\":\"SearchAction\",\"target\":{\"@type\":\"EntryPoint\",\"urlTemplate\":\"https:\/\/www.sendblaster.com\/?s={search_term_string}\"},\"query-input\":{\"@type\":\"PropertyValueSpecification\",\"valueRequired\":true,\"valueName\":\"search_term_string\"}}],\"inLanguage\":\"sv-SE\"},{\"@type\":\"Organization\",\"@id\":\"https:\/\/www.sendblaster.com\/#organization\",\"name\":\"SendBlaster mjukvara f\u00f6r massutskick\",\"url\":\"https:\/\/www.sendblaster.com\/\",\"logo\":{\"@type\":\"ImageObject\",\"inLanguage\":\"sv-SE\",\"@id\":\"https:\/\/www.sendblaster.com\/#\/schema\/logo\/image\/\",\"url\":\"https:\/\/www.sendblaster.com\/wp-content\/uploads\/2021\/09\/logo-svg-2021.svg\",\"contentUrl\":\"https:\/\/www.sendblaster.com\/wp-content\/uploads\/2021\/09\/logo-svg-2021.svg\",\"width\":350,\"height\":70,\"caption\":\"SendBlaster mjukvara f\u00f6r massutskick\"},\"image\":{\"@id\":\"https:\/\/www.sendblaster.com\/#\/schema\/logo\/image\/\"}}]}<\/script>\n<!-- \/ Yoast SEO plugin. -->","yoast_head_json":{"title":"AntiSpam-lagen - SendBlaster mjukvara f\u00f6r massutskick","description":"SendBlaster mjukvara f\u00f6r massutskick AntiSpam-lagen Nowadays, most Countries in the world have some anti-spam legislation. So, it&#39;s very important for e-mail marketers to comply with the anti-spam Laws","robots":{"index":"index","follow":"follow","max-snippet":"max-snippet:-1","max-image-preview":"max-image-preview:large","max-video-preview":"max-video-preview:-1"},"canonical":"https:\/\/www.sendblaster.com\/sv\/antispam-lagen\/","og_locale":"sv_SE","og_type":"article","og_title":"AntiSpam-lagen - SendBlaster mjukvara f\u00f6r massutskick","og_description":"SendBlaster mjukvara f\u00f6r massutskick AntiSpam-lagen Nowadays, most Countries in the world have some anti-spam legislation. So, it&#39;s very important for e-mail marketers to comply with the anti-spam Laws","og_url":"https:\/\/www.sendblaster.com\/sv\/antispam-lagen\/","og_site_name":"SendBlaster mjukvara f\u00f6r massutskick","twitter_card":"summary_large_image","twitter_misc":{"Ber\u00e4knad l\u00e4stid":"1 minut"},"schema":{"@context":"https:\/\/schema.org","@graph":[{"@type":"WebPage","@id":"https:\/\/www.sendblaster.com\/sv\/antispam-lagen\/","url":"https:\/\/www.sendblaster.com\/sv\/antispam-lagen\/","name":"AntiSpam-lagen - SendBlaster mjukvara f\u00f6r massutskick","isPartOf":{"@id":"https:\/\/www.sendblaster.com\/#website"},"datePublished":"2018-07-02T10:10:34+00:00","dateModified":"2018-07-02T10:10:34+00:00","description":"SendBlaster mjukvara f\u00f6r massutskick AntiSpam-lagen Nowadays, most Countries in the world have some anti-spam legislation. So, it&#39;s very important for e-mail marketers to comply with the anti-spam Laws","breadcrumb":{"@id":"https:\/\/www.sendblaster.com\/sv\/antispam-lagen\/#breadcrumb"},"inLanguage":"sv-SE","potentialAction":[{"@type":"ReadAction","target":["https:\/\/www.sendblaster.com\/sv\/antispam-lagen\/"]}]},{"@type":"BreadcrumbList","@id":"https:\/\/www.sendblaster.com\/sv\/antispam-lagen\/#breadcrumb","itemListElement":[{"@type":"ListItem","position":1,"name":"Home","item":"https:\/\/www.sendblaster.com\/sv\/"},{"@type":"ListItem","position":2,"name":"AntiSpam-lagen"}]},{"@type":"WebSite","@id":"https:\/\/www.sendblaster.com\/#website","url":"https:\/\/www.sendblaster.com\/","name":"SendBlaster mjukvara f\u00f6r massutskick","description":"","publisher":{"@id":"https:\/\/www.sendblaster.com\/#organization"},"potentialAction":[{"@type":"SearchAction","target":{"@type":"EntryPoint","urlTemplate":"https:\/\/www.sendblaster.com\/?s={search_term_string}"},"query-input":{"@type":"PropertyValueSpecification","valueRequired":true,"valueName":"search_term_string"}}],"inLanguage":"sv-SE"},{"@type":"Organization","@id":"https:\/\/www.sendblaster.com\/#organization","name":"SendBlaster mjukvara f\u00f6r massutskick","url":"https:\/\/www.sendblaster.com\/","logo":{"@type":"ImageObject","inLanguage":"sv-SE","@id":"https:\/\/www.sendblaster.com\/#\/schema\/logo\/image\/","url":"https:\/\/www.sendblaster.com\/wp-content\/uploads\/2021\/09\/logo-svg-2021.svg","contentUrl":"https:\/\/www.sendblaster.com\/wp-content\/uploads\/2021\/09\/logo-svg-2021.svg","width":350,"height":70,"caption":"SendBlaster mjukvara f\u00f6r massutskick"},"image":{"@id":"https:\/\/www.sendblaster.com\/#\/schema\/logo\/image\/"}}]}},"_links":{"self":[{"href":"https:\/\/www.sendblaster.com\/sv\/wp-json\/wp\/v2\/pages\/3109"}],"collection":[{"href":"https:\/\/www.sendblaster.com\/sv\/wp-json\/wp\/v2\/pages"}],"about":[{"href":"https:\/\/www.sendblaster.com\/sv\/wp-json\/wp\/v2\/types\/page"}],"author":[{"embeddable":true,"href":"https:\/\/www.sendblaster.com\/sv\/wp-json\/wp\/v2\/users\/1"}],"replies":[{"embeddable":true,"href":"https:\/\/www.sendblaster.com\/sv\/wp-json\/wp\/v2\/comments?post=3109"}],"version-history":[{"count":1,"href":"https:\/\/www.sendblaster.com\/sv\/wp-json\/wp\/v2\/pages\/3109\/revisions"}],"predecessor-version":[{"id":3110,"href":"https:\/\/www.sendblaster.com\/sv\/wp-json\/wp\/v2\/pages\/3109\/revisions\/3110"}],"wp:attachment":[{"href":"https:\/\/www.sendblaster.com\/sv\/wp-json\/wp\/v2\/media?parent=3109"}],"curies":[{"name":"wp","href":"https:\/\/api.w.org\/{rel}","templated":true}]}}