{"id":3098,"date":"2018-07-02T09:10:59","date_gmt":"2018-07-02T09:10:59","guid":{"rendered":"https:\/\/www.sendblaster.com\/wpnew-2018\/?page_id=3098"},"modified":"2018-07-02T09:10:59","modified_gmt":"2018-07-02T09:10:59","slug":"sendblaster-free-vs-pro-jaemfoerelsetabell","status":"publish","type":"page","link":"https:\/\/www.sendblaster.com\/sv\/sendblaster-free-vs-pro-jaemfoerelsetabell\/","title":{"rendered":"SendBlaster Free vs Pro \u2013 j\u00e4mf\u00f6relsetabell"},"content":{"rendered":"<table border=\"1\" cellspacing=\"5\" class=\"table-comparative\">\n<tbody>\n<tr>\n<td class=\"grey\"><strong>Funktioner<\/strong><\/td>\n<td class=\"grey\" style=\"background-color:#15a61c; color:#ffffff; text-align:center;\" width=\"172px\"><strong>Free<\/strong><\/td>\n<td class=\"grey\" style=\"background-color:#ff6c00; color:#ffffff; text-align:center;\" width=\"172px\"><strong>PRO<\/strong><\/td>\n<\/tr>\n<tr>\n<td>Antal simultana anslutningar<\/td>\n<td style=\"text-align: center;\"><strong>2<\/strong><\/td>\n<td style=\"text-align: center;\"><strong>50<\/strong><\/td>\n<\/tr>\n<tr>\n<td class=\"grey\">S\u00e4nd till max antal mottagare p\u00e5 en g\u00e5ng<\/td>\n<td class=\"grey\" style=\"text-align: center;\"><strong>100<\/strong><\/td>\n<td class=\"grey\" style=\"text-align: center;\"><strong>obegr\u00e4nsad<\/strong><\/td>\n<\/tr>\n<tr>\n<td>Antal listor<\/td>\n<td style=\"text-align: center;\"><strong>2<\/strong><\/td>\n<td style=\"text-align: center;\"><strong>obegr\u00e4nsad<\/strong><\/td>\n<\/tr>\n<tr>\n<td class=\"grey\">Programmerbara taggar<\/td>\n<td class=\"grey\" style=\"text-align: center;\"><strong>NEJ<\/strong><\/td>\n<td class=\"grey\" style=\"text-align: center;\"><strong>JA<\/strong><\/td>\n<\/tr>\n<tr>\n<td>St\u00f6djer bilagor<\/td>\n<td style=\"text-align: center;\"><strong>NEJ<\/strong><\/td>\n<td style=\"text-align: center;\"><strong>JA<\/strong><\/td>\n<\/tr>\n<tr>\n<td class=\"grey\">Anpassade bilagor<\/td>\n<td class=\"grey\" style=\"text-align: center;\"><strong>NEJ<\/strong><\/td>\n<td class=\"grey\" style=\"text-align: center;\"><strong>JA<\/strong><\/td>\n<\/tr>\n<tr>\n<td>Lists\u00f6k<\/td>\n<td style=\"text-align: center;\"><strong>NEJ<\/strong><\/td>\n<td style=\"text-align: center;\"><strong>JA<\/strong><\/td>\n<\/tr>\n<tr>\n<td class=\"grey\">Exportera listor till csv-filer<\/td>\n<td class=\"grey\" style=\"text-align: center;\"><strong>NEJ<\/strong><\/td>\n<td class=\"grey\" style=\"text-align: center;\"><strong>JA<\/strong><\/td>\n<\/tr>\n<tr>\n<td>L\u00f6senordsskyddning<\/td>\n<td style=\"text-align: center;\"><strong>NEJ<\/strong><\/td>\n<td style=\"text-align: center;\"><strong>JA<\/strong><\/td>\n<\/tr>\n<tr>\n<td class=\"grey\">Dom\u00e4n-blacklist<\/td>\n<td class=\"grey\" style=\"text-align: center;\"><strong>NEJ<\/strong><\/td>\n<td class=\"grey\" style=\"text-align: center;\"><strong>JA<\/strong><\/td>\n<\/tr>\n<tr>\n<td>Nya kategoriserade mallar<\/td>\n<td style=\"text-align: center;\"><strong>JA<\/strong><\/td>\n<td style=\"text-align: center;\"><strong>JA<\/strong><\/td>\n<\/tr>\n<tr>\n<td class=\"grey\">Layoutredigerare<\/td>\n<td class=\"grey\" style=\"text-align: center;\"><strong>JA<\/strong><\/td>\n<td class=\"grey\" style=\"text-align: center;\"><strong>JA<\/strong><\/td>\n<\/tr>\n<tr>\n<td>Besk\u00e4r och ers\u00e4tt<\/td>\n<td style=\"text-align: center;\"><strong>JA<\/strong><\/td>\n<td style=\"text-align: center;\"><strong>JA<\/strong><\/td>\n<\/tr>\n<tr>\n<td class=\"grey\">L\u00e4nkkontroll<\/td>\n<td class=\"grey\" style=\"text-align: center;\"><strong>JA<\/strong><\/td>\n<td class=\"grey\" style=\"text-align: center;\"><strong>JA<\/strong><\/td>\n<\/tr>\n<tr>\n<td>Exportera HTML med bilder<\/td>\n<td style=\"text-align: center;\"><strong>JA<\/strong><\/td>\n<td style=\"text-align: center;\"><strong>JA<\/strong><\/td>\n<\/tr>\n<tr>\n<td class=\"grey\">Textutdrag<\/td>\n<td class=\"grey\" style=\"text-align: center;\"><strong>JA<\/strong><\/td>\n<td class=\"grey\" style=\"text-align: center;\"><strong>JA<\/strong><\/td>\n<\/tr>\n<tr>\n<td>Utkast<\/td>\n<td style=\"text-align: center;\"><strong>JA<\/strong><\/td>\n<td style=\"text-align: center;\"><strong>JA<\/strong><\/td>\n<\/tr>\n<tr>\n<td class=\"grey\">1-Klicksupps\u00e4gning<\/td>\n<td class=\"grey\" style=\"text-align: center;\"><strong>JA<\/strong><\/td>\n<td class=\"grey\" style=\"text-align: center;\"><strong>JA<\/strong><\/td>\n<\/tr>\n<tr>\n<td>Skrivbordsprogram<\/td>\n<td style=\"text-align: center;\"><strong>JA<\/strong><\/td>\n<td style=\"text-align: center;\"><strong>JA<\/strong><\/td>\n<\/tr>\n<tr>\n<td class=\"grey\">Liststatistik<\/td>\n<td class=\"grey\" style=\"text-align: center;\"><strong>JA<\/strong><\/td>\n<td class=\"grey\" style=\"text-align: center;\"><strong>JA<\/strong><\/td>\n<\/tr>\n<tr>\n<td>Sl\u00e5 samman och flytta listor<\/td>\n<td style=\"text-align: center;\"><strong>JA<\/strong><\/td>\n<td style=\"text-align: center;\"><strong>JA<\/strong><\/td>\n<\/tr>\n<tr>\n<td class=\"grey\">Global upps\u00e4gning och autoretur<\/td>\n<td class=\"grey\" style=\"text-align: center;\"><strong>JA<\/strong><\/td>\n<td class=\"grey\" style=\"text-align: center;\"><strong>JA<\/strong><\/td>\n<\/tr>\n<tr>\n<td>ReturnPath-adress<\/td>\n<td style=\"text-align: center;\"><strong>JA<\/strong><\/td>\n<td style=\"text-align: center;\"><strong>JA<\/strong><\/td>\n<\/tr>\n<tr>\n<td class=\"grey\">Historik f\u00f6r anm\u00e4lningar och avanm\u00e4lningar<\/td>\n<td class=\"grey\" style=\"text-align: center;\"><strong>JA<\/strong><\/td>\n<td class=\"grey\" style=\"text-align: center;\"><strong>JA<\/strong><\/td>\n<\/tr>\n<tr>\n<td>B\u00e4ttre integrering med Googles tj\u00e4nster<\/td>\n<td style=\"text-align: center;\"><strong>JA<\/strong><\/td>\n<td style=\"text-align: center;\"><strong>JA<\/strong><\/td>\n<\/tr>\n<tr>\n<td class=\"grey\">S\u00e4kerhetskopiering av databaser<\/td>\n<td class=\"grey\" style=\"text-align: center;\"><strong>JA<\/strong><\/td>\n<td class=\"grey\" style=\"text-align: center;\"><strong>JA<\/strong><\/td>\n<\/tr>\n<tr>\n<td>Epost-blacklist<\/td>\n<td style=\"text-align: center;\"><strong>JA<\/strong><\/td>\n<td style=\"text-align: center;\"><strong>JA<\/strong><\/td>\n<\/tr>\n<tr>\n<td class=\"grey\">Bounced hantering<\/td>\n<td class=\"grey\" style=\"text-align: center;\"><strong>JA<\/strong><\/td>\n<td class=\"grey\" style=\"text-align: center;\"><strong>JA<\/strong><\/td>\n<\/tr>\n<tr>\n<td>Exportera on\u00e5dda adresser efter utskick<\/td>\n<td style=\"text-align: center;\"><strong>JA<\/strong><\/td>\n<td style=\"text-align: center;\"><strong>JA<\/strong><\/td>\n<\/tr>\n<tr>\n<td class=\"grey\">Skickar epost genom inbyggd SMTP-server<\/td>\n<td class=\"grey\" style=\"text-align: center;\"><strong>JA<\/strong><\/td>\n<td class=\"grey\" style=\"text-align: center;\"><strong>JA<\/strong><\/td>\n<\/tr>\n<tr>\n<td>Skickar epost genom ISP<\/td>\n<td style=\"text-align: center;\"><strong>JA<\/strong><\/td>\n<td style=\"text-align: center;\"><strong>JA<\/strong><\/td>\n<\/tr>\n<tr>\n<td class=\"grey\">Skickar inte dubletter<\/td>\n<td class=\"grey\" style=\"text-align: center;\"><strong>JA<\/strong><\/td>\n<td class=\"grey\" style=\"text-align: center;\"><strong>JA<\/strong><\/td>\n<\/tr>\n<tr>\n<td>Skapa och spara egna mallar<\/td>\n<td style=\"text-align: center;\"><strong>JA<\/strong><\/td>\n<td style=\"text-align: center;\"><strong>JA<\/strong><\/td>\n<\/tr>\n<tr>\n<td class=\"grey\">S\u00e4tt CHARSET f\u00f6r flerspr\u00e5ksmeddelanden<\/td>\n<td class=\"grey\" style=\"text-align: center;\"><strong>JA<\/strong><\/td>\n<td class=\"grey\" style=\"text-align: center;\"><strong>JA<\/strong><\/td>\n<\/tr>\n<tr>\n<td>F\u00f6rhandsgranska meddelanden innan leverans<\/td>\n<td style=\"text-align: center;\"><strong>JA<\/strong><\/td>\n<td style=\"text-align: center;\"><strong>JA<\/strong><\/td>\n<\/tr>\n<tr>\n<td class=\"grey\">Importera meddelanden fr\u00e5n EML-filer med inb\u00e4ddad media<\/td>\n<td class=\"grey\" style=\"text-align: center;\"><strong>JA<\/strong><\/td>\n<td class=\"grey\" style=\"text-align: center;\"><strong>JA<\/strong><\/td>\n<\/tr>\n<tr>\n<td>Importerar meddelanden fr\u00e5n HTML-filer med inb\u00e4ddad media<\/td>\n<td style=\"text-align: center;\"><strong>JA<\/strong><\/td>\n<td style=\"text-align: center;\"><strong>JA<\/strong><\/td>\n<\/tr>\n<tr>\n<td class=\"grey\">Flera anslutningar (skicka flera meddelanden p\u00e5 en g\u00e5ng)<\/td>\n<td class=\"grey\" style=\"text-align: center;\"><strong>JA<\/strong><\/td>\n<td class=\"grey\" style=\"text-align: center;\"><strong>JA<\/strong><\/td>\n<\/tr>\n<tr>\n<td>Integration med epost-listor p\u00e5 hemsida<\/td>\n<td style=\"text-align: center;\"><strong>JA<\/strong><\/td>\n<td style=\"text-align: center;\"><strong>JA<\/strong><\/td>\n<\/tr>\n<tr>\n<td class=\"grey\">Importera epost-listor fr\u00e5n text \/ csv-filer<\/td>\n<td class=\"grey\" style=\"text-align: center;\"><strong>JA<\/strong><\/td>\n<td class=\"grey\" style=\"text-align: center;\"><strong>JA<\/strong><\/td>\n<\/tr>\n<tr>\n<td>Importera listor fr\u00e5n Outlook Express<\/td>\n<td style=\"text-align: center;\"><strong>JA<\/strong><\/td>\n<td style=\"text-align: center;\"><strong>JA<\/strong><\/td>\n<\/tr>\n<tr>\n<td class=\"grey\">Importera listor fr\u00e5n webben http:\/\/<\/td>\n<td class=\"grey\" style=\"text-align: center;\"><strong>JA<\/strong><\/td>\n<td class=\"grey\" style=\"text-align: center;\"><strong>JA<\/strong><\/td>\n<\/tr>\n<tr>\n<td>Import listor fr\u00e5n urklipp<\/td>\n<td style=\"text-align: center;\"><strong>JA<\/strong><\/td>\n<td style=\"text-align: center;\"><strong>JA<\/strong><\/td>\n<\/tr>\n<tr>\n<td class=\"grey\">Advancerade listfilter<\/td>\n<td class=\"grey\" style=\"text-align: center;\"><strong>JA<\/strong><\/td>\n<td class=\"grey\" style=\"text-align: center;\"><strong>JA<\/strong><\/td>\n<\/tr>\n<tr>\n<td>Anpassningsbara databasf\u00e4lt<\/td>\n<td style=\"text-align: center;\"><strong>JA<\/strong><\/td>\n<td style=\"text-align: center;\"><strong>JA<\/strong><\/td>\n<\/tr>\n<tr>\n<td class=\"grey\">Epost-sammanslagning (skapa ett anpassat meddelande f\u00f6r varje mottagare)<\/td>\n<td class=\"grey\" style=\"text-align: center;\"><strong>JA<\/strong><\/td>\n<td class=\"grey\" style=\"text-align: center;\"><strong>JA<\/strong><\/td>\n<\/tr>\n<tr>\n<td>Redigera epost-listor<\/td>\n<td style=\"text-align: center;\"><strong>JA<\/strong><\/td>\n<td style=\"text-align: center;\"><strong>JA<\/strong><\/td>\n<\/tr>\n<tr>\n<td class=\"grey\">Olika pop3-konton f\u00f6r varje lista<\/td>\n<td class=\"grey\" style=\"text-align: center;\"><strong>JA<\/strong><\/td>\n<td class=\"grey\" style=\"text-align: center;\"><strong>JA<\/strong><\/td>\n<\/tr>\n<tr>\n<td>Prenumerera\/upps\u00e4gning genom epost eller webbformul\u00e4r<\/td>\n<td style=\"text-align: center;\"><strong>JA<\/strong><\/td>\n<td style=\"text-align: center;\"><strong>JA<\/strong><\/td>\n<\/tr>\n<tr>\n<td class=\"grey\">Spara alla f\u00e4lt fr\u00e5n webbformul\u00e4r vid inmatning<\/td>\n<td class=\"grey\" style=\"text-align: center;\"><strong>JA<\/strong><\/td>\n<td class=\"grey\" style=\"text-align: center;\"><strong>JA<\/strong><\/td>\n<\/tr>\n<tr>\n<td>Skriv ut listor med skriv ut-visning<\/td>\n<td style=\"text-align: center;\"><strong>JA<\/strong><\/td>\n<td style=\"text-align: center;\"><strong>JA<\/strong><\/td>\n<\/tr>\n<tr>\n<td class=\"grey\">Skapa HTML-kod f\u00f6r prenumeration\/upps\u00e4gning i webbformul\u00e4r<\/td>\n<td class=\"grey\" style=\"text-align: center;\"><strong>JA<\/strong><\/td>\n<td class=\"grey\" style=\"text-align: center;\"><strong>JA<\/strong><\/td>\n<\/tr>\n<tr>\n<td>Meddelande med HTML och text och\/eller alternativ TXT<\/td>\n<td style=\"text-align: center;\"><strong>JA<\/strong><\/td>\n<td style=\"text-align: center;\"><strong>JA<\/strong><\/td>\n<\/tr>\n<tr>\n<td class=\"grey\">WYSYWYG HTML-redigerare<\/td>\n<td class=\"grey\" style=\"text-align: center;\"><strong>JA<\/strong><\/td>\n<td class=\"grey\" style=\"text-align: center;\"><strong>JA<\/strong><\/td>\n<\/tr>\n<tr>\n<td>Kan skicka multi-part HTML-meddelanden med inb\u00e4ddade bilder<\/td>\n<td style=\"text-align: center;\"><strong>JA<\/strong><\/td>\n<td style=\"text-align: center;\"><strong>JA<\/strong><\/td>\n<\/tr>\n<tr>\n<td class=\"grey\">Unlimited mailing projects<\/td>\n<td class=\"grey\" style=\"text-align: center;\"><strong>JA<\/strong><\/td>\n<td class=\"grey\" style=\"text-align: center;\"><strong>JA<\/strong><\/td>\n<\/tr>\n<tr>\n<td>Obegr\u00e4nsat med utskicksprojekt<\/td>\n<td style=\"text-align: center;\"><strong>JA<\/strong><\/td>\n<td style=\"text-align: center;\"><strong>JA<\/strong><\/td>\n<\/tr>\n<tr>\n<td class=\"grey\">Nya mallar j\u00e4mf\u00f6rt med version 2<\/td>\n<td class=\"grey\" style=\"text-align: center;\"><strong>100<\/strong><\/td>\n<td class=\"grey\" style=\"text-align: center;\"><strong>130<\/strong><br \/><span style=\"font-size: 10px;\">(n\u00e5gra responsive mallar ing\u00e5r)<\/span><\/td>\n<\/tr>\n<tr>\n<td><strong>EPOST TILL TEKNISK SUPPORT<\/strong><\/td>\n<td style=\"text-align: center;\"><strong>NEJ<\/strong><\/td>\n<td style=\"text-align: center;\"><strong>JA<\/strong><\/td>\n<\/tr>\n<tr>\n<td align=\"right\" class=\"grey\"><strong><em>Pris <\/em><\/strong><\/td>\n<td class=\"grey\" style=\"text-align: center;\"><strong>gratis<\/strong><\/td>\n<td class=\"grey\" style=\"text-align: center;\"><strong>Licens p\u00e5 livstid<\/strong><\/td>\n<\/tr>\n<tr>\n<td align=\"right\">&nbsp;<\/td>\n<td style=\"text-align: center;\"><a href=\"https:\/\/www.sendblaster.com\/sv\/haemta\" title=\"Ladda ned Gratis\" class=\"download-cta table-cta\">Ladda ned Gratis<\/a><\/td>\n<td style=\"text-align: center;\"><a href=\"https:\/\/www.sendblaster.com\/sv\/koep\/\" title=\"K\u00f6p SendBlaster Pro\" class=\"buy-cta table-cta\">K\u00f6p SendBlaster Pro<\/a><\/td>\n<\/tr>\n<\/tbody>\n<\/table>\n","protected":false},"excerpt":{"rendered":"<p>Funktioner Free PRO Antal simultana anslutningar 2 50 S\u00e4nd till max antal mottagare p\u00e5 en g\u00e5ng 100 obegr\u00e4nsad Antal listor 2 obegr\u00e4nsad Programmerbara taggar NEJ JA St\u00f6djer bilagor NEJ JA Anpassade bilagor NEJ JA Lists\u00f6k NEJ JA Exportera listor till <\/p>\n<p class=\"read-more-container\"><a class=\"button read-more\" href=\"https:\/\/www.sendblaster.com\/sv\/sendblaster-free-vs-pro-jaemfoerelsetabell\/\" title=\"\">Forts\u00e4tt l\u00e4sa<\/a><\/p>\n","protected":false},"author":1,"featured_media":0,"parent":0,"menu_order":0,"comment_status":"closed","ping_status":"closed","template":"","meta":{"_monsterinsights_skip_tracking":false,"_monsterinsights_sitenote_active":false,"_monsterinsights_sitenote_note":"","_monsterinsights_sitenote_category":0,"footnotes":""},"class_list":["post-3098","page","type-page","status-publish"],"yoast_head":"<!-- This site is optimized with the Yoast SEO plugin v23.5 - https:\/\/yoast.com\/wordpress\/plugins\/seo\/ -->\n<title>SendBlaster Free vs Pro \u2013 j\u00e4mf\u00f6relsetabell - SendBlaster mjukvara f\u00f6r massutskick<\/title>\n<meta name=\"description\" content=\"SendBlaster mjukvara f\u00f6r massutskick SendBlaster Free vs Pro \u2013 j\u00e4mf\u00f6relsetabell Funktioner Free PRO Antal simultana anslutningar 2 50 S\u00e4nd till max antal mottagare p\u00e5 en g\u00e5ng 100 obegr\u00e4nsad Antal listor 2 obegr\u00e4nsad Programmerbara\" \/>\n<meta name=\"robots\" content=\"index, follow, max-snippet:-1, max-image-preview:large, max-video-preview:-1\" \/>\n<link rel=\"canonical\" href=\"https:\/\/www.sendblaster.com\/sv\/sendblaster-free-vs-pro-jaemfoerelsetabell\/\" \/>\n<meta property=\"og:locale\" content=\"sv_SE\" \/>\n<meta property=\"og:type\" content=\"article\" \/>\n<meta property=\"og:title\" content=\"SendBlaster Free vs Pro \u2013 j\u00e4mf\u00f6relsetabell - SendBlaster mjukvara f\u00f6r massutskick\" \/>\n<meta property=\"og:description\" content=\"SendBlaster mjukvara f\u00f6r massutskick SendBlaster Free vs Pro \u2013 j\u00e4mf\u00f6relsetabell Funktioner Free PRO Antal simultana anslutningar 2 50 S\u00e4nd till max antal mottagare p\u00e5 en g\u00e5ng 100 obegr\u00e4nsad Antal listor 2 obegr\u00e4nsad Programmerbara\" \/>\n<meta property=\"og:url\" content=\"https:\/\/www.sendblaster.com\/sv\/sendblaster-free-vs-pro-jaemfoerelsetabell\/\" \/>\n<meta property=\"og:site_name\" content=\"SendBlaster mjukvara f\u00f6r massutskick\" \/>\n<meta name=\"twitter:card\" content=\"summary_large_image\" \/>\n<meta name=\"twitter:label1\" content=\"Ber\u00e4knad l\u00e4stid\" \/>\n\t<meta name=\"twitter:data1\" content=\"2 minuter\" \/>\n<script type=\"application\/ld+json\" class=\"yoast-schema-graph\">{\"@context\":\"https:\/\/schema.org\",\"@graph\":[{\"@type\":\"WebPage\",\"@id\":\"https:\/\/www.sendblaster.com\/sv\/sendblaster-free-vs-pro-jaemfoerelsetabell\/\",\"url\":\"https:\/\/www.sendblaster.com\/sv\/sendblaster-free-vs-pro-jaemfoerelsetabell\/\",\"name\":\"SendBlaster Free vs Pro \u2013 j\u00e4mf\u00f6relsetabell - SendBlaster mjukvara f\u00f6r massutskick\",\"isPartOf\":{\"@id\":\"https:\/\/www.sendblaster.com\/#website\"},\"datePublished\":\"2018-07-02T09:10:59+00:00\",\"dateModified\":\"2018-07-02T09:10:59+00:00\",\"description\":\"SendBlaster mjukvara f\u00f6r massutskick SendBlaster Free vs Pro \u2013 j\u00e4mf\u00f6relsetabell Funktioner Free PRO Antal simultana anslutningar 2 50 S\u00e4nd till max antal mottagare p\u00e5 en g\u00e5ng 100 obegr\u00e4nsad Antal listor 2 obegr\u00e4nsad Programmerbara\",\"breadcrumb\":{\"@id\":\"https:\/\/www.sendblaster.com\/sv\/sendblaster-free-vs-pro-jaemfoerelsetabell\/#breadcrumb\"},\"inLanguage\":\"sv-SE\",\"potentialAction\":[{\"@type\":\"ReadAction\",\"target\":[\"https:\/\/www.sendblaster.com\/sv\/sendblaster-free-vs-pro-jaemfoerelsetabell\/\"]}]},{\"@type\":\"BreadcrumbList\",\"@id\":\"https:\/\/www.sendblaster.com\/sv\/sendblaster-free-vs-pro-jaemfoerelsetabell\/#breadcrumb\",\"itemListElement\":[{\"@type\":\"ListItem\",\"position\":1,\"name\":\"Home\",\"item\":\"https:\/\/www.sendblaster.com\/sv\/\"},{\"@type\":\"ListItem\",\"position\":2,\"name\":\"SendBlaster Free vs Pro \u2013 j\u00e4mf\u00f6relsetabell\"}]},{\"@type\":\"WebSite\",\"@id\":\"https:\/\/www.sendblaster.com\/#website\",\"url\":\"https:\/\/www.sendblaster.com\/\",\"name\":\"SendBlaster mjukvara f\u00f6r massutskick\",\"description\":\"\",\"publisher\":{\"@id\":\"https:\/\/www.sendblaster.com\/#organization\"},\"potentialAction\":[{\"@type\":\"SearchAction\",\"target\":{\"@type\":\"EntryPoint\",\"urlTemplate\":\"https:\/\/www.sendblaster.com\/?s={search_term_string}\"},\"query-input\":{\"@type\":\"PropertyValueSpecification\",\"valueRequired\":true,\"valueName\":\"search_term_string\"}}],\"inLanguage\":\"sv-SE\"},{\"@type\":\"Organization\",\"@id\":\"https:\/\/www.sendblaster.com\/#organization\",\"name\":\"SendBlaster mjukvara f\u00f6r massutskick\",\"url\":\"https:\/\/www.sendblaster.com\/\",\"logo\":{\"@type\":\"ImageObject\",\"inLanguage\":\"sv-SE\",\"@id\":\"https:\/\/www.sendblaster.com\/#\/schema\/logo\/image\/\",\"url\":\"https:\/\/www.sendblaster.com\/wp-content\/uploads\/2021\/09\/logo-svg-2021.svg\",\"contentUrl\":\"https:\/\/www.sendblaster.com\/wp-content\/uploads\/2021\/09\/logo-svg-2021.svg\",\"width\":350,\"height\":70,\"caption\":\"SendBlaster mjukvara f\u00f6r massutskick\"},\"image\":{\"@id\":\"https:\/\/www.sendblaster.com\/#\/schema\/logo\/image\/\"}}]}<\/script>\n<!-- \/ Yoast SEO plugin. -->","yoast_head_json":{"title":"SendBlaster Free vs Pro \u2013 j\u00e4mf\u00f6relsetabell - SendBlaster mjukvara f\u00f6r massutskick","description":"SendBlaster mjukvara f\u00f6r massutskick SendBlaster Free vs Pro \u2013 j\u00e4mf\u00f6relsetabell Funktioner Free PRO Antal simultana anslutningar 2 50 S\u00e4nd till max antal mottagare p\u00e5 en g\u00e5ng 100 obegr\u00e4nsad Antal listor 2 obegr\u00e4nsad Programmerbara","robots":{"index":"index","follow":"follow","max-snippet":"max-snippet:-1","max-image-preview":"max-image-preview:large","max-video-preview":"max-video-preview:-1"},"canonical":"https:\/\/www.sendblaster.com\/sv\/sendblaster-free-vs-pro-jaemfoerelsetabell\/","og_locale":"sv_SE","og_type":"article","og_title":"SendBlaster Free vs Pro \u2013 j\u00e4mf\u00f6relsetabell - SendBlaster mjukvara f\u00f6r massutskick","og_description":"SendBlaster mjukvara f\u00f6r massutskick SendBlaster Free vs Pro \u2013 j\u00e4mf\u00f6relsetabell Funktioner Free PRO Antal simultana anslutningar 2 50 S\u00e4nd till max antal mottagare p\u00e5 en g\u00e5ng 100 obegr\u00e4nsad Antal listor 2 obegr\u00e4nsad Programmerbara","og_url":"https:\/\/www.sendblaster.com\/sv\/sendblaster-free-vs-pro-jaemfoerelsetabell\/","og_site_name":"SendBlaster mjukvara f\u00f6r massutskick","twitter_card":"summary_large_image","twitter_misc":{"Ber\u00e4knad l\u00e4stid":"2 minuter"},"schema":{"@context":"https:\/\/schema.org","@graph":[{"@type":"WebPage","@id":"https:\/\/www.sendblaster.com\/sv\/sendblaster-free-vs-pro-jaemfoerelsetabell\/","url":"https:\/\/www.sendblaster.com\/sv\/sendblaster-free-vs-pro-jaemfoerelsetabell\/","name":"SendBlaster Free vs Pro \u2013 j\u00e4mf\u00f6relsetabell - SendBlaster mjukvara f\u00f6r massutskick","isPartOf":{"@id":"https:\/\/www.sendblaster.com\/#website"},"datePublished":"2018-07-02T09:10:59+00:00","dateModified":"2018-07-02T09:10:59+00:00","description":"SendBlaster mjukvara f\u00f6r massutskick SendBlaster Free vs Pro \u2013 j\u00e4mf\u00f6relsetabell Funktioner Free PRO Antal simultana anslutningar 2 50 S\u00e4nd till max antal mottagare p\u00e5 en g\u00e5ng 100 obegr\u00e4nsad Antal listor 2 obegr\u00e4nsad Programmerbara","breadcrumb":{"@id":"https:\/\/www.sendblaster.com\/sv\/sendblaster-free-vs-pro-jaemfoerelsetabell\/#breadcrumb"},"inLanguage":"sv-SE","potentialAction":[{"@type":"ReadAction","target":["https:\/\/www.sendblaster.com\/sv\/sendblaster-free-vs-pro-jaemfoerelsetabell\/"]}]},{"@type":"BreadcrumbList","@id":"https:\/\/www.sendblaster.com\/sv\/sendblaster-free-vs-pro-jaemfoerelsetabell\/#breadcrumb","itemListElement":[{"@type":"ListItem","position":1,"name":"Home","item":"https:\/\/www.sendblaster.com\/sv\/"},{"@type":"ListItem","position":2,"name":"SendBlaster Free vs Pro \u2013 j\u00e4mf\u00f6relsetabell"}]},{"@type":"WebSite","@id":"https:\/\/www.sendblaster.com\/#website","url":"https:\/\/www.sendblaster.com\/","name":"SendBlaster mjukvara f\u00f6r massutskick","description":"","publisher":{"@id":"https:\/\/www.sendblaster.com\/#organization"},"potentialAction":[{"@type":"SearchAction","target":{"@type":"EntryPoint","urlTemplate":"https:\/\/www.sendblaster.com\/?s={search_term_string}"},"query-input":{"@type":"PropertyValueSpecification","valueRequired":true,"valueName":"search_term_string"}}],"inLanguage":"sv-SE"},{"@type":"Organization","@id":"https:\/\/www.sendblaster.com\/#organization","name":"SendBlaster mjukvara f\u00f6r massutskick","url":"https:\/\/www.sendblaster.com\/","logo":{"@type":"ImageObject","inLanguage":"sv-SE","@id":"https:\/\/www.sendblaster.com\/#\/schema\/logo\/image\/","url":"https:\/\/www.sendblaster.com\/wp-content\/uploads\/2021\/09\/logo-svg-2021.svg","contentUrl":"https:\/\/www.sendblaster.com\/wp-content\/uploads\/2021\/09\/logo-svg-2021.svg","width":350,"height":70,"caption":"SendBlaster mjukvara f\u00f6r massutskick"},"image":{"@id":"https:\/\/www.sendblaster.com\/#\/schema\/logo\/image\/"}}]}},"_links":{"self":[{"href":"https:\/\/www.sendblaster.com\/sv\/wp-json\/wp\/v2\/pages\/3098"}],"collection":[{"href":"https:\/\/www.sendblaster.com\/sv\/wp-json\/wp\/v2\/pages"}],"about":[{"href":"https:\/\/www.sendblaster.com\/sv\/wp-json\/wp\/v2\/types\/page"}],"author":[{"embeddable":true,"href":"https:\/\/www.sendblaster.com\/sv\/wp-json\/wp\/v2\/users\/1"}],"replies":[{"embeddable":true,"href":"https:\/\/www.sendblaster.com\/sv\/wp-json\/wp\/v2\/comments?post=3098"}],"version-history":[{"count":1,"href":"https:\/\/www.sendblaster.com\/sv\/wp-json\/wp\/v2\/pages\/3098\/revisions"}],"predecessor-version":[{"id":3099,"href":"https:\/\/www.sendblaster.com\/sv\/wp-json\/wp\/v2\/pages\/3098\/revisions\/3099"}],"wp:attachment":[{"href":"https:\/\/www.sendblaster.com\/sv\/wp-json\/wp\/v2\/media?parent=3098"}],"curies":[{"name":"wp","href":"https:\/\/api.w.org\/{rel}","templated":true}]}}