{"id":3094,"date":"2018-07-02T09:03:27","date_gmt":"2018-07-02T09:03:27","guid":{"rendered":"https:\/\/www.sendblaster.com\/wpnew-2018\/?page_id=3094"},"modified":"2021-04-12T15:43:33","modified_gmt":"2021-04-12T15:43:33","slug":"skaermdumpar","status":"publish","type":"page","link":"https:\/\/www.sendblaster.com\/sv\/skaermdumpar\/","title":{"rendered":"Sk\u00e4rmdumpar"},"content":{"rendered":"<p>H\u00e4r har vi n\u00e5gra sk\u00e4rmdumpar av de viktigaste inslagen i v\u00e5rt <strong>nyhetsbrev programvara<\/strong>. Som ni ser, det finns ingen huvudmenyn i SendBlaster: anv\u00e4ndargr\u00e4nssnittet har utformats f\u00f6r att vara det enklaste som <strong>m\u00f6jligt<\/strong>, och helt <strong>intuitivt<\/strong>.<\/p>\n<p style=\"text-align: center; margin-bottom: 0px;\"><a href=\"https:\/\/www.sendblaster.com\/sv\/haemta\" title=\"Ladda ned Gratis\" class=\"download-cta\">Ladda ned Gratis<\/a><a href=\"https:\/\/www.sendblaster.com\/sv\/koep\/\" title=\"K\u00f6p SendBlaster Pro\" class=\"buy-cta\">K\u00f6p SendBlaster Pro<\/a><\/p>\n<p>&nbsp;<\/p>\n<ul class=\"g1-grid\"><li class=\"g1-column g1-one-fourth g1-valign-top screenshot\"><br \/>\n<a title=\"Hem-f\u00f6nstret\" data-g1-lightbox=\"gallery-screenshot\" href=\"https:\/\/www.sendblaster.com\/sendblaster\/release2\/sites\/default\/files\/image\/screenshots-sb4\/screenshot_home.jpg\"><img decoding=\"async\" width=\"1300\" height=\"852\" src=\"https:\/\/www.sendblaster.com\/sendblaster\/release2\/sites\/default\/files\/image\/screenshots-sb4\/screenshot_home.jpg\" alt=\"Hem-f\u00f6nstret\" \/><\/a><br \/>\n<i>Hem-f\u00f6nstret<\/i><br \/>\n<\/li><!-- -->\n<li class=\"g1-column g1-one-fourth g1-valign-top screenshot\"><br \/>\n<a title=\"Skapa meddelande\" data-g1-lightbox=\"gallery-screenshot\" href=\"https:\/\/www.sendblaster.com\/sendblaster\/release2\/sites\/default\/files\/image\/screenshots-sb4\/screenshot_compose-msg.jpg\"><img decoding=\"async\" width=\"1300\" height=\"852\" src=\"https:\/\/www.sendblaster.com\/sendblaster\/release2\/sites\/default\/files\/image\/screenshots-sb4\/screenshot_compose-msg.jpg\" alt=\"Skapa meddelande\" \/><\/a><br \/>\n<i>Skapa meddelande<\/i><br \/>\n<\/li><!-- -->\n<li class=\"g1-column g1-one-fourth g1-valign-top screenshot\"><br \/>\n<a title=\"Skicka meddelanden\" data-g1-lightbox=\"gallery-screenshot\" href=\"https:\/\/www.sendblaster.com\/sendblaster\/release2\/sites\/default\/files\/image\/screenshots-sb4\/screenshot_send-msg.jpg\"><img decoding=\"async\" width=\"1300\" height=\"852\" src=\"https:\/\/www.sendblaster.com\/sendblaster\/release2\/sites\/default\/files\/image\/screenshots-sb4\/screenshot_send-msg.jpg\" alt=\"Skicka meddelanden\" \/><\/a><br \/>\n<i>Skicka meddelanden<\/i><br \/>\n<\/li><!-- -->\n<li class=\"g1-column g1-one-fourth g1-valign-top screenshot\"><br \/>\n<a title=\"Scheml\u00e4gg utskick\" data-g1-lightbox=\"gallery-screenshot\" href=\"https:\/\/www.sendblaster.com\/sendblaster\/release2\/sites\/default\/files\/image\/screenshots-sb4\/screenshot_schedule.jpg\"><img decoding=\"async\" width=\"1300\" height=\"852\" src=\"https:\/\/www.sendblaster.com\/sendblaster\/release2\/sites\/default\/files\/image\/screenshots-sb4\/screenshot_schedule.jpg\" alt=\"Scheml\u00e4gg utskick\" \/><\/a><br \/>\n<i>Scheml\u00e4gg utskick<\/i><br \/>\n<\/li><!-- --><\/ul>\n<ul class=\"g1-grid\"><li class=\"g1-column g1-one-fourth g1-valign-top screenshot\"><br \/>\n<a title=\"Meddelandehistoria\" data-g1-lightbox=\"gallery-screenshot\" href=\"https:\/\/www.sendblaster.com\/sendblaster\/release2\/sites\/default\/files\/image\/screenshots-sb4\/screenshot_history.jpg\"><img decoding=\"async\" width=\"1300\" height=\"852\" src=\"https:\/\/www.sendblaster.com\/sendblaster\/release2\/sites\/default\/files\/image\/screenshots-sb4\/screenshot_history.jpg\" alt=\"Meddelandehistoria\" \/><\/a><br \/>\n<i>Meddelandehistoria<\/i><br \/>\n<\/li><!-- -->\n<li class=\"g1-column g1-one-fourth g1-valign-top screenshot\"><br \/>\n<a title=\"Google Analytics\" data-g1-lightbox=\"gallery-screenshot\" href=\"https:\/\/www.sendblaster.com\/sendblaster\/release2\/sites\/default\/files\/image\/screenshots-sb4\/screenshot_analytics.jpg\"><img decoding=\"async\" width=\"1300\" height=\"852\" src=\"https:\/\/www.sendblaster.com\/sendblaster\/release2\/sites\/default\/files\/image\/screenshots-sb4\/screenshot_analytics.jpg\" alt=\"Google Analytics\" \/><\/a><br \/>\n<i>Google Analytics<\/i><br \/>\n<\/li><!-- -->\n<li class=\"g1-column g1-one-fourth g1-valign-top screenshot\"><br \/>\n<a title=\"Skrivbordsprogram\" data-g1-lightbox=\"gallery-screenshot\" href=\"https:\/\/www.sendblaster.com\/sendblaster\/release2\/sites\/default\/files\/image\/screenshots-sb4\/screenshot_widgets.jpg\"><img decoding=\"async\" width=\"1300\" height=\"852\" src=\"https:\/\/www.sendblaster.com\/sendblaster\/release2\/sites\/default\/files\/image\/screenshots-sb4\/screenshot_widgets.jpg\" alt=\"Skrivbordsprogram\" \/><\/a><br \/>\n<i>Skrivbordsprogram<\/i><br \/>\n<\/li><!-- -->\n<li class=\"g1-column g1-one-fourth g1-valign-top screenshot\"><br \/>\n<a title=\"Blacklist\" data-g1-lightbox=\"gallery-screenshot\" href=\"https:\/\/www.sendblaster.com\/sendblaster\/release2\/sites\/default\/files\/image\/screenshots-sb4\/screenshot_blacklist.jpg\"><img decoding=\"async\" width=\"1300\" height=\"852\" src=\"https:\/\/www.sendblaster.com\/sendblaster\/release2\/sites\/default\/files\/image\/screenshots-sb4\/screenshot_blacklist.jpg\" alt=\"Blacklist\" \/><\/a><br \/>\n<i>Blacklist<\/i><br \/>\n<\/li><!-- --><\/ul>\n<ul class=\"g1-grid\"><li class=\"g1-column g1-one-fourth g1-valign-top screenshot\"><br \/>\n<a title=\"Listimportering\" data-g1-lightbox=\"gallery-screenshot\" href=\"https:\/\/www.sendblaster.com\/sendblaster\/release2\/sites\/default\/files\/image\/screenshots-sb4\/screenshot_import.jpg\"><img decoding=\"async\" width=\"1300\" height=\"852\" src=\"https:\/\/www.sendblaster.com\/sendblaster\/release2\/sites\/default\/files\/image\/screenshots-sb4\/screenshot_import.jpg\" alt=\"Listimportering\" \/><\/a><br \/>\n<i>Listimportering<\/i><br \/>\n<\/li><!-- -->\n<li class=\"g1-column g1-one-fourth g1-valign-top screenshot\"><br \/>\n<a title=\"Listexportering\" data-g1-lightbox=\"gallery-screenshot\" href=\"https:\/\/www.sendblaster.com\/sendblaster\/release2\/sites\/default\/files\/image\/screenshots-sb4\/screenshot_export.jpg\"><img decoding=\"async\" width=\"1300\" height=\"852\" src=\"https:\/\/www.sendblaster.com\/sendblaster\/release2\/sites\/default\/files\/image\/screenshots-sb4\/screenshot_export.jpg\" alt=\"Listexportering\" \/><\/a><br \/>\n<i>Listexportering<\/i><br \/>\n<\/li><!-- -->\n<li class=\"g1-column g1-one-fourth g1-valign-top screenshot\"><br \/>\n<a title=\"Prenumerationer\" data-g1-lightbox=\"gallery-screenshot\" href=\"https:\/\/www.sendblaster.com\/sendblaster\/release2\/sites\/default\/files\/image\/screenshots-sb4\/screenshot_subscription-management.jpg\"><img decoding=\"async\" width=\"1300\" height=\"852\" src=\"https:\/\/www.sendblaster.com\/sendblaster\/release2\/sites\/default\/files\/image\/screenshots-sb4\/screenshot_subscription-management.jpg\" alt=\"Prenumerationer\" \/><\/a><br \/>\n<i>Prenumerationer<\/i><br \/>\n<\/li><!-- -->\n<li class=\"g1-column g1-one-fourth g1-valign-top screenshot\"><br \/>\n<a title=\"Bounce back\" data-g1-lightbox=\"gallery-screenshot\" href=\"https:\/\/www.sendblaster.com\/sendblaster\/release2\/sites\/default\/files\/image\/screenshots-sb4\/screenshot_bounce-backs.jpg\"><img decoding=\"async\" width=\"1300\" height=\"852\" src=\"https:\/\/www.sendblaster.com\/sendblaster\/release2\/sites\/default\/files\/image\/screenshots-sb4\/screenshot_bounce-backs.jpg\" alt=\"Bounce back\" \/><\/a><br \/>\n<i>Bounce back<\/i><br \/>\n<\/li><!-- --><\/ul>\n<ul class=\"g1-grid\"><li class=\"g1-column g1-one-fourth g1-valign-top screenshot\"><br \/>\n<a title=\"F\u00e4lthantering\" data-g1-lightbox=\"gallery-screenshot\" href=\"https:\/\/www.sendblaster.com\/sendblaster\/release2\/sites\/default\/files\/image\/screenshots-sb4\/screenshot_fields-management.jpg\"><img decoding=\"async\" width=\"1300\" height=\"852\" src=\"https:\/\/www.sendblaster.com\/sendblaster\/release2\/sites\/default\/files\/image\/screenshots-sb4\/screenshot_fields-management.jpg\" alt=\"F\u00e4lthantering\" \/><\/a><br \/>\n<i>F\u00e4lthantering<\/i><br \/>\n<\/li><!-- -->\n<li class=\"g1-column g1-one-fourth g1-valign-top screenshot\"><br \/>\n<a title=\"Avancerade inst\u00e4llningar\" data-g1-lightbox=\"gallery-screenshot\" href=\"https:\/\/www.sendblaster.com\/sendblaster\/release2\/sites\/default\/files\/image\/screenshots-sb4\/screenshot_advanced-settings.jpg\"><img decoding=\"async\" width=\"1300\" height=\"852\" src=\"https:\/\/www.sendblaster.com\/sendblaster\/release2\/sites\/default\/files\/image\/screenshots-sb4\/screenshot_advanced-settings.jpg\" alt=\"Avancerade inst\u00e4llningar\" \/><\/a><br \/>\n<i>Avancerade inst\u00e4llningar<\/i><br \/>\n<\/li><!-- -->\n<li class=\"g1-column g1-one-fourth g1-valign-top screenshot\"><br \/>\n<a title=\"S\u00e4kerhet\" data-g1-lightbox=\"gallery-screenshot\" href=\"https:\/\/www.sendblaster.com\/sendblaster\/release2\/sites\/default\/files\/image\/screenshots-sb4\/screenshot_security.jpg\"><img decoding=\"async\" width=\"1300\" height=\"852\" src=\"https:\/\/www.sendblaster.com\/sendblaster\/release2\/sites\/default\/files\/image\/screenshots-sb4\/screenshot_security.jpg\" alt=\"S\u00e4kerhet\" \/><\/a><br \/>\n<i>S\u00e4kerhet<\/i><br \/>\n<\/li><!-- -->\n<li class=\"g1-column g1-one-fourth g1-valign-top screenshot\"><br \/>\n<a title=\"Layoutredigerare\" data-g1-lightbox=\"gallery-screenshot\" href=\"https:\/\/www.sendblaster.com\/sendblaster\/release2\/sites\/default\/files\/image\/screenshots-sb4\/screenshot_layout-creation.jpg\"><img decoding=\"async\" width=\"1300\" height=\"852\" src=\"https:\/\/www.sendblaster.com\/sendblaster\/release2\/sites\/default\/files\/image\/screenshots-sb4\/screenshot_layout-creation.jpg\" alt=\"Layoutredigerare\" \/><\/a><br \/>\n<i>Layoutredigerare<\/i><br \/>\n<\/li><!-- --><\/ul>\n<ul class=\"g1-grid\"><li class=\"g1-column g1-one-fourth g1-valign-top screenshot\"><br \/>\n<a title=\"Besk\u00e4r och ers\u00e4tt\" data-g1-lightbox=\"gallery-screenshot\" href=\"https:\/\/www.sendblaster.com\/sendblaster\/release2\/sites\/default\/files\/image\/screenshots-sb4\/screenshot_crop-replace.jpg\"><img decoding=\"async\" width=\"1300\" height=\"852\" src=\"https:\/\/www.sendblaster.com\/sendblaster\/release2\/sites\/default\/files\/image\/screenshots-sb4\/screenshot_crop-replace.jpg\" alt=\"Besk\u00e4r och ers\u00e4tt\" \/><\/a><br \/>\n<i>Besk\u00e4r och ers\u00e4tt<\/i><br \/>\n<\/li><!-- -->\n<li class=\"g1-column g1-one-fourth g1-valign-top screenshot\"><br \/>\n<a title=\"L\u00e4nkkontroll\" data-g1-lightbox=\"gallery-screenshot\" href=\"https:\/\/www.sendblaster.com\/sendblaster\/release2\/sites\/default\/files\/image\/screenshots-sb4\/screenshot_check-links.jpg\"><img decoding=\"async\" width=\"1300\" height=\"852\" src=\"https:\/\/www.sendblaster.com\/sendblaster\/release2\/sites\/default\/files\/image\/screenshots-sb4\/screenshot_check-links.jpg\" alt=\"L\u00e4nkkontroll\" \/><\/a><br \/>\n<i>L\u00e4nkkontroll<\/i><br \/>\n<\/li><!-- -->\n<li class=\"g1-column g1-one-fourth g1-valign-top screenshot\"><br \/>\n<a title=\"Textutdrag\" data-g1-lightbox=\"gallery-screenshot\" href=\"https:\/\/www.sendblaster.com\/sendblaster\/release2\/sites\/default\/files\/image\/screenshots-sb4\/screenshot_text-snippets.jpg\"><img decoding=\"async\" width=\"1300\" height=\"852\" src=\"https:\/\/www.sendblaster.com\/sendblaster\/release2\/sites\/default\/files\/image\/screenshots-sb4\/screenshot_text-snippets.jpg\" alt=\"Textutdrag\" \/><\/a><br \/>\n<i>Textutdrag<\/i><br \/>\n<\/li><!-- -->\n<li class=\"g1-column g1-one-fourth g1-valign-top screenshot\"><br \/>\n<a title=\"Programmerbara taggar\" data-g1-lightbox=\"gallery-screenshot\" href=\"https:\/\/www.sendblaster.com\/sendblaster\/release2\/sites\/default\/files\/image\/screenshots-sb4\/screenshot_scripts.jpg\"><img decoding=\"async\" width=\"1300\" height=\"852\" src=\"https:\/\/www.sendblaster.com\/sendblaster\/release2\/sites\/default\/files\/image\/screenshots-sb4\/screenshot_scripts.jpg\" alt=\"Programmerbara taggar\" \/><\/a><br \/>\n<i>Programmerbara taggar<\/i><br \/>\n<\/li><!-- --><\/ul>\n","protected":false},"excerpt":{"rendered":"<p>H\u00e4r har vi n\u00e5gra sk\u00e4rmdumpar av de viktigaste inslagen i v\u00e5rt nyhetsbrev programvara. Som ni ser, det finns ingen huvudmenyn i SendBlaster: anv\u00e4ndargr\u00e4nssnittet har utformats f\u00f6r att vara det enklaste som m\u00f6jligt, och helt intuitivt. &nbsp; <\/p>\n<p class=\"read-more-container\"><a class=\"button read-more\" href=\"https:\/\/www.sendblaster.com\/sv\/skaermdumpar\/\" title=\"\">Forts\u00e4tt l\u00e4sa<\/a><\/p>\n","protected":false},"author":1,"featured_media":0,"parent":0,"menu_order":0,"comment_status":"closed","ping_status":"closed","template":"","meta":{"_monsterinsights_skip_tracking":false,"_monsterinsights_sitenote_active":false,"_monsterinsights_sitenote_note":"","_monsterinsights_sitenote_category":0,"footnotes":""},"class_list":["post-3094","page","type-page","status-publish"],"yoast_head":"<!-- This site is optimized with the Yoast SEO plugin v23.5 - https:\/\/yoast.com\/wordpress\/plugins\/seo\/ -->\n<title>Sk\u00e4rmdumpar - SendBlaster mjukvara f\u00f6r massutskick<\/title>\n<meta name=\"description\" content=\"SendBlaster mjukvara f\u00f6r massutskick Sk\u00e4rmdumpar H\u00e4r har vi n\u00e5gra sk\u00e4rmdumpar av de viktigaste inslagen i v\u00e5rt nyhetsbrev programvara. Som ni ser, det finns ingen huvudmenyn i SendBlaster:\" \/>\n<meta name=\"robots\" content=\"index, follow, max-snippet:-1, max-image-preview:large, max-video-preview:-1\" \/>\n<link rel=\"canonical\" href=\"https:\/\/www.sendblaster.com\/sv\/skaermdumpar\/\" \/>\n<meta property=\"og:locale\" content=\"sv_SE\" \/>\n<meta property=\"og:type\" content=\"article\" \/>\n<meta property=\"og:title\" content=\"Sk\u00e4rmdumpar - SendBlaster mjukvara f\u00f6r massutskick\" \/>\n<meta property=\"og:description\" content=\"SendBlaster mjukvara f\u00f6r massutskick Sk\u00e4rmdumpar H\u00e4r har vi n\u00e5gra sk\u00e4rmdumpar av de viktigaste inslagen i v\u00e5rt nyhetsbrev programvara. Som ni ser, det finns ingen huvudmenyn i SendBlaster:\" \/>\n<meta property=\"og:url\" content=\"https:\/\/www.sendblaster.com\/sv\/skaermdumpar\/\" \/>\n<meta property=\"og:site_name\" content=\"SendBlaster mjukvara f\u00f6r massutskick\" \/>\n<meta property=\"article:modified_time\" content=\"2021-04-12T15:43:33+00:00\" \/>\n<meta property=\"og:image\" content=\"https:\/\/www.sendblaster.com\/sendblaster\/release2\/sites\/default\/files\/image\/screenshots-sb4\/screenshot_home.jpg\" \/>\n<meta name=\"twitter:card\" content=\"summary_large_image\" \/>\n<meta name=\"twitter:label1\" content=\"Ber\u00e4knad l\u00e4stid\" \/>\n\t<meta name=\"twitter:data1\" content=\"1 minut\" \/>\n<script type=\"application\/ld+json\" class=\"yoast-schema-graph\">{\"@context\":\"https:\/\/schema.org\",\"@graph\":[{\"@type\":\"WebPage\",\"@id\":\"https:\/\/www.sendblaster.com\/sv\/skaermdumpar\/\",\"url\":\"https:\/\/www.sendblaster.com\/sv\/skaermdumpar\/\",\"name\":\"Sk\u00e4rmdumpar - SendBlaster mjukvara f\u00f6r massutskick\",\"isPartOf\":{\"@id\":\"https:\/\/www.sendblaster.com\/#website\"},\"primaryImageOfPage\":{\"@id\":\"https:\/\/www.sendblaster.com\/sv\/skaermdumpar\/#primaryimage\"},\"image\":{\"@id\":\"https:\/\/www.sendblaster.com\/sv\/skaermdumpar\/#primaryimage\"},\"thumbnailUrl\":\"https:\/\/www.sendblaster.com\/sendblaster\/release2\/sites\/default\/files\/image\/screenshots-sb4\/screenshot_home.jpg\",\"datePublished\":\"2018-07-02T09:03:27+00:00\",\"dateModified\":\"2021-04-12T15:43:33+00:00\",\"description\":\"SendBlaster mjukvara f\u00f6r massutskick Sk\u00e4rmdumpar H\u00e4r har vi n\u00e5gra sk\u00e4rmdumpar av de viktigaste inslagen i v\u00e5rt nyhetsbrev programvara. Som ni ser, det finns ingen huvudmenyn i SendBlaster:\",\"breadcrumb\":{\"@id\":\"https:\/\/www.sendblaster.com\/sv\/skaermdumpar\/#breadcrumb\"},\"inLanguage\":\"sv-SE\",\"potentialAction\":[{\"@type\":\"ReadAction\",\"target\":[\"https:\/\/www.sendblaster.com\/sv\/skaermdumpar\/\"]}]},{\"@type\":\"ImageObject\",\"inLanguage\":\"sv-SE\",\"@id\":\"https:\/\/www.sendblaster.com\/sv\/skaermdumpar\/#primaryimage\",\"url\":\"https:\/\/www.sendblaster.com\/sendblaster\/release2\/sites\/default\/files\/image\/screenshots-sb4\/screenshot_home.jpg\",\"contentUrl\":\"https:\/\/www.sendblaster.com\/sendblaster\/release2\/sites\/default\/files\/image\/screenshots-sb4\/screenshot_home.jpg\"},{\"@type\":\"BreadcrumbList\",\"@id\":\"https:\/\/www.sendblaster.com\/sv\/skaermdumpar\/#breadcrumb\",\"itemListElement\":[{\"@type\":\"ListItem\",\"position\":1,\"name\":\"Home\",\"item\":\"https:\/\/www.sendblaster.com\/sv\/\"},{\"@type\":\"ListItem\",\"position\":2,\"name\":\"Sk\u00e4rmdumpar\"}]},{\"@type\":\"WebSite\",\"@id\":\"https:\/\/www.sendblaster.com\/#website\",\"url\":\"https:\/\/www.sendblaster.com\/\",\"name\":\"SendBlaster mjukvara f\u00f6r massutskick\",\"description\":\"\",\"publisher\":{\"@id\":\"https:\/\/www.sendblaster.com\/#organization\"},\"potentialAction\":[{\"@type\":\"SearchAction\",\"target\":{\"@type\":\"EntryPoint\",\"urlTemplate\":\"https:\/\/www.sendblaster.com\/?s={search_term_string}\"},\"query-input\":{\"@type\":\"PropertyValueSpecification\",\"valueRequired\":true,\"valueName\":\"search_term_string\"}}],\"inLanguage\":\"sv-SE\"},{\"@type\":\"Organization\",\"@id\":\"https:\/\/www.sendblaster.com\/#organization\",\"name\":\"SendBlaster mjukvara f\u00f6r massutskick\",\"url\":\"https:\/\/www.sendblaster.com\/\",\"logo\":{\"@type\":\"ImageObject\",\"inLanguage\":\"sv-SE\",\"@id\":\"https:\/\/www.sendblaster.com\/#\/schema\/logo\/image\/\",\"url\":\"https:\/\/www.sendblaster.com\/wp-content\/uploads\/2021\/09\/logo-svg-2021.svg\",\"contentUrl\":\"https:\/\/www.sendblaster.com\/wp-content\/uploads\/2021\/09\/logo-svg-2021.svg\",\"width\":350,\"height\":70,\"caption\":\"SendBlaster mjukvara f\u00f6r massutskick\"},\"image\":{\"@id\":\"https:\/\/www.sendblaster.com\/#\/schema\/logo\/image\/\"}}]}<\/script>\n<!-- \/ Yoast SEO plugin. -->","yoast_head_json":{"title":"Sk\u00e4rmdumpar - SendBlaster mjukvara f\u00f6r massutskick","description":"SendBlaster mjukvara f\u00f6r massutskick Sk\u00e4rmdumpar H\u00e4r har vi n\u00e5gra sk\u00e4rmdumpar av de viktigaste inslagen i v\u00e5rt nyhetsbrev programvara. Som ni ser, det finns ingen huvudmenyn i SendBlaster:","robots":{"index":"index","follow":"follow","max-snippet":"max-snippet:-1","max-image-preview":"max-image-preview:large","max-video-preview":"max-video-preview:-1"},"canonical":"https:\/\/www.sendblaster.com\/sv\/skaermdumpar\/","og_locale":"sv_SE","og_type":"article","og_title":"Sk\u00e4rmdumpar - SendBlaster mjukvara f\u00f6r massutskick","og_description":"SendBlaster mjukvara f\u00f6r massutskick Sk\u00e4rmdumpar H\u00e4r har vi n\u00e5gra sk\u00e4rmdumpar av de viktigaste inslagen i v\u00e5rt nyhetsbrev programvara. Som ni ser, det finns ingen huvudmenyn i SendBlaster:","og_url":"https:\/\/www.sendblaster.com\/sv\/skaermdumpar\/","og_site_name":"SendBlaster mjukvara f\u00f6r massutskick","article_modified_time":"2021-04-12T15:43:33+00:00","og_image":[{"url":"https:\/\/www.sendblaster.com\/sendblaster\/release2\/sites\/default\/files\/image\/screenshots-sb4\/screenshot_home.jpg"}],"twitter_card":"summary_large_image","twitter_misc":{"Ber\u00e4knad l\u00e4stid":"1 minut"},"schema":{"@context":"https:\/\/schema.org","@graph":[{"@type":"WebPage","@id":"https:\/\/www.sendblaster.com\/sv\/skaermdumpar\/","url":"https:\/\/www.sendblaster.com\/sv\/skaermdumpar\/","name":"Sk\u00e4rmdumpar - SendBlaster mjukvara f\u00f6r massutskick","isPartOf":{"@id":"https:\/\/www.sendblaster.com\/#website"},"primaryImageOfPage":{"@id":"https:\/\/www.sendblaster.com\/sv\/skaermdumpar\/#primaryimage"},"image":{"@id":"https:\/\/www.sendblaster.com\/sv\/skaermdumpar\/#primaryimage"},"thumbnailUrl":"https:\/\/www.sendblaster.com\/sendblaster\/release2\/sites\/default\/files\/image\/screenshots-sb4\/screenshot_home.jpg","datePublished":"2018-07-02T09:03:27+00:00","dateModified":"2021-04-12T15:43:33+00:00","description":"SendBlaster mjukvara f\u00f6r massutskick Sk\u00e4rmdumpar H\u00e4r har vi n\u00e5gra sk\u00e4rmdumpar av de viktigaste inslagen i v\u00e5rt nyhetsbrev programvara. Som ni ser, det finns ingen huvudmenyn i SendBlaster:","breadcrumb":{"@id":"https:\/\/www.sendblaster.com\/sv\/skaermdumpar\/#breadcrumb"},"inLanguage":"sv-SE","potentialAction":[{"@type":"ReadAction","target":["https:\/\/www.sendblaster.com\/sv\/skaermdumpar\/"]}]},{"@type":"ImageObject","inLanguage":"sv-SE","@id":"https:\/\/www.sendblaster.com\/sv\/skaermdumpar\/#primaryimage","url":"https:\/\/www.sendblaster.com\/sendblaster\/release2\/sites\/default\/files\/image\/screenshots-sb4\/screenshot_home.jpg","contentUrl":"https:\/\/www.sendblaster.com\/sendblaster\/release2\/sites\/default\/files\/image\/screenshots-sb4\/screenshot_home.jpg"},{"@type":"BreadcrumbList","@id":"https:\/\/www.sendblaster.com\/sv\/skaermdumpar\/#breadcrumb","itemListElement":[{"@type":"ListItem","position":1,"name":"Home","item":"https:\/\/www.sendblaster.com\/sv\/"},{"@type":"ListItem","position":2,"name":"Sk\u00e4rmdumpar"}]},{"@type":"WebSite","@id":"https:\/\/www.sendblaster.com\/#website","url":"https:\/\/www.sendblaster.com\/","name":"SendBlaster mjukvara f\u00f6r massutskick","description":"","publisher":{"@id":"https:\/\/www.sendblaster.com\/#organization"},"potentialAction":[{"@type":"SearchAction","target":{"@type":"EntryPoint","urlTemplate":"https:\/\/www.sendblaster.com\/?s={search_term_string}"},"query-input":{"@type":"PropertyValueSpecification","valueRequired":true,"valueName":"search_term_string"}}],"inLanguage":"sv-SE"},{"@type":"Organization","@id":"https:\/\/www.sendblaster.com\/#organization","name":"SendBlaster mjukvara f\u00f6r massutskick","url":"https:\/\/www.sendblaster.com\/","logo":{"@type":"ImageObject","inLanguage":"sv-SE","@id":"https:\/\/www.sendblaster.com\/#\/schema\/logo\/image\/","url":"https:\/\/www.sendblaster.com\/wp-content\/uploads\/2021\/09\/logo-svg-2021.svg","contentUrl":"https:\/\/www.sendblaster.com\/wp-content\/uploads\/2021\/09\/logo-svg-2021.svg","width":350,"height":70,"caption":"SendBlaster mjukvara f\u00f6r massutskick"},"image":{"@id":"https:\/\/www.sendblaster.com\/#\/schema\/logo\/image\/"}}]}},"_links":{"self":[{"href":"https:\/\/www.sendblaster.com\/sv\/wp-json\/wp\/v2\/pages\/3094"}],"collection":[{"href":"https:\/\/www.sendblaster.com\/sv\/wp-json\/wp\/v2\/pages"}],"about":[{"href":"https:\/\/www.sendblaster.com\/sv\/wp-json\/wp\/v2\/types\/page"}],"author":[{"embeddable":true,"href":"https:\/\/www.sendblaster.com\/sv\/wp-json\/wp\/v2\/users\/1"}],"replies":[{"embeddable":true,"href":"https:\/\/www.sendblaster.com\/sv\/wp-json\/wp\/v2\/comments?post=3094"}],"version-history":[{"count":2,"href":"https:\/\/www.sendblaster.com\/sv\/wp-json\/wp\/v2\/pages\/3094\/revisions"}],"predecessor-version":[{"id":5316,"href":"https:\/\/www.sendblaster.com\/sv\/wp-json\/wp\/v2\/pages\/3094\/revisions\/5316"}],"wp:attachment":[{"href":"https:\/\/www.sendblaster.com\/sv\/wp-json\/wp\/v2\/media?parent=3094"}],"curies":[{"name":"wp","href":"https:\/\/api.w.org\/{rel}","templated":true}]}}