{"id":3090,"date":"2018-07-02T08:56:09","date_gmt":"2018-07-02T08:56:09","guid":{"rendered":"https:\/\/www.sendblaster.com\/wpnew-2018\/?page_id=3090"},"modified":"2018-07-02T08:57:43","modified_gmt":"2018-07-02T08:57:43","slug":"haemta","status":"publish","type":"page","link":"https:\/\/www.sendblaster.com\/sv\/haemta\/","title":{"rendered":"H\u00e4mta SendBlaster Gratis"},"content":{"rendered":"<p style=\"text-align: center;\"><a href=\"https:\/\/www.sendblaster.com\/services\/download\/downloadsendblasterfree.php\" title=\"Ladda ned gratis SendBlaster\" class=\"download-cta-big\">LADDA NED GRATIS<br \/><small>100% gratis programvaran<\/small><\/a><\/p>\n<p style=\"text-align: center;\" class=\"release-data\">Senaste versionen: 4.4.2 | Sl\u00e4ppt datum: 2020\/04\/10 | Storlek: 40\nMB<br \/>\n<a href=\"https:\/\/www.sendblaster.com\/sendblaster\/services\/download\/download.php?program=sendblasterfree3x\" target=\"_blank\" title=\"Ladda ner gamla versionen\">Ladda ner gamla versionen<\/a><\/p>\n<p>&nbsp;<\/p>\n<h2>Systemkrav<\/h2>\n<ul>\n<li>Windows XP \/ Vista \/ Windows 7 \/ Windows 8 \/ Windows 10<\/li>\n<li>Microsoft Internet Explorer 8 eller nyare<\/li>\n<li>100 MB tillg\u00e4ngligt h\u00e5rddisksutrymme<\/li>\n<li>1 GB RAM<\/li>\n<li>Internetanslutning (bredband rekommenderas)<\/li>\n<\/ul>\n<p>&nbsp;<\/p>\n<h2>Gratis och anv\u00e4ndbara script f\u00f6r din hemsida<\/h2>\n<ul>\n<li><a href=\"wordpress-double-optin-widget-tillaegg-foer-nyhetsbrevsprenumeration\" title=\"wordpress double optin widget tillaegg foer nyhetsbrevsprenumeration\">WordPress double optin widget-till\u00e4gg f\u00f6r nyhetsbrevsprenumeration<\/a><\/li>\n<li><a href=\"eposts-spam-check-niva\" title=\"eposts spam check niva\">Eposts Spam Check-niv\u00e5<\/a><\/li>\n<li><a href=\"support\/listimportering\/double-opt-gratis-php-formulaer\" title=\"support, listimportering, double opt gratis php formulaer\">Double Opt-in gratis PHP-formul\u00e4r<\/a><\/li>\n<li><a href=\"kompletta-faelt-foer-formulaerskript\" title=\"kompletta faelt foer formulaerskript\">Kompletta f\u00e4lt f\u00f6r formul\u00e4rskript<\/a><\/li>\n<li><a href=\"support\/listimportering\/single-opt-php-formulaer\" title=\"support, listimportering, single opt php formulaer\">Single Opt-in PHP-formul\u00e4r<\/a><\/li>\n<li><a href=\"skapa-din-egen-tillstandsbaserade-epost-lista-med-hjaelp-av-php-captcha-forumlaerskript\" title=\"skapa din egen tillstandsbaserade epost lista med hjaelp av php captcha forumlaerskript\">Skapa din egen tillst\u00e5ndsbaserade epost-lista med hj\u00e4lp av Php Captcha-foruml\u00e4rskript<\/a><\/li>\n<li><a href=\"asp-single-opt-och-double-opt-formulaerskript\" title=\"asp single opt och double opt formulaerskript\">ASP single opt-in och double opt-in formul\u00e4rskript<\/a><\/li>\n<\/ul>\n","protected":false},"excerpt":{"rendered":"<p>LADDA NED GRATIS100% gratis programvaran Senaste versionen: | Sl\u00e4ppt datum: | Storlek: MB Ladda ner gamla versionen &nbsp; Systemkrav Windows XP \/ Vista \/ Windows 7 \/ Windows 8 \/ Windows 10 Microsoft Internet Explorer 8 eller nyare 100 MB <\/p>\n<p class=\"read-more-container\"><a class=\"button read-more\" href=\"https:\/\/www.sendblaster.com\/sv\/haemta\/\" title=\"\">Forts\u00e4tt l\u00e4sa<\/a><\/p>\n","protected":false},"author":1,"featured_media":0,"parent":0,"menu_order":0,"comment_status":"closed","ping_status":"closed","template":"","meta":{"_monsterinsights_skip_tracking":false,"_monsterinsights_sitenote_active":false,"_monsterinsights_sitenote_note":"","_monsterinsights_sitenote_category":0,"footnotes":""},"class_list":["post-3090","page","type-page","status-publish"],"yoast_head":"<!-- This site is optimized with the Yoast SEO plugin v23.5 - https:\/\/yoast.com\/wordpress\/plugins\/seo\/ -->\n<title>H\u00e4mta SendBlaster Gratis - SendBlaster mjukvara f\u00f6r massutskick<\/title>\n<meta name=\"description\" content=\"SendBlaster mjukvara f\u00f6r massutskick H\u00e4mta SendBlaster Gratis LADDA NED GRATIS100% gratis programvaran Senaste versionen: | Sl\u00e4ppt datum: | Storlek: MB Ladda ner gamla versionen &nbsp; Systemkrav Windows XP \/ Vista \/\" \/>\n<meta name=\"robots\" content=\"index, follow, max-snippet:-1, max-image-preview:large, max-video-preview:-1\" \/>\n<link rel=\"canonical\" href=\"https:\/\/www.sendblaster.com\/sv\/haemta\/\" \/>\n<meta property=\"og:locale\" content=\"sv_SE\" \/>\n<meta property=\"og:type\" content=\"article\" \/>\n<meta property=\"og:title\" content=\"H\u00e4mta SendBlaster Gratis - SendBlaster mjukvara f\u00f6r massutskick\" \/>\n<meta property=\"og:description\" content=\"SendBlaster mjukvara f\u00f6r massutskick H\u00e4mta SendBlaster Gratis LADDA NED GRATIS100% gratis programvaran Senaste versionen: | Sl\u00e4ppt datum: | Storlek: MB Ladda ner gamla versionen &nbsp; Systemkrav Windows XP \/ Vista \/\" \/>\n<meta property=\"og:url\" content=\"https:\/\/www.sendblaster.com\/sv\/haemta\/\" \/>\n<meta property=\"og:site_name\" content=\"SendBlaster mjukvara f\u00f6r massutskick\" \/>\n<meta property=\"article:modified_time\" content=\"2018-07-02T08:57:43+00:00\" \/>\n<meta name=\"twitter:card\" content=\"summary_large_image\" \/>\n<meta name=\"twitter:label1\" content=\"Ber\u00e4knad l\u00e4stid\" \/>\n\t<meta name=\"twitter:data1\" content=\"1 minut\" \/>\n<script type=\"application\/ld+json\" class=\"yoast-schema-graph\">{\"@context\":\"https:\/\/schema.org\",\"@graph\":[{\"@type\":\"WebPage\",\"@id\":\"https:\/\/www.sendblaster.com\/sv\/haemta\/\",\"url\":\"https:\/\/www.sendblaster.com\/sv\/haemta\/\",\"name\":\"H\u00e4mta SendBlaster Gratis - SendBlaster mjukvara f\u00f6r massutskick\",\"isPartOf\":{\"@id\":\"https:\/\/www.sendblaster.com\/#website\"},\"datePublished\":\"2018-07-02T08:56:09+00:00\",\"dateModified\":\"2018-07-02T08:57:43+00:00\",\"description\":\"SendBlaster mjukvara f\u00f6r massutskick H\u00e4mta SendBlaster Gratis LADDA NED GRATIS100% gratis programvaran Senaste versionen: | Sl\u00e4ppt datum: | Storlek: MB Ladda ner gamla versionen &nbsp; Systemkrav Windows XP \/ Vista \/\",\"breadcrumb\":{\"@id\":\"https:\/\/www.sendblaster.com\/sv\/haemta\/#breadcrumb\"},\"inLanguage\":\"sv-SE\",\"potentialAction\":[{\"@type\":\"ReadAction\",\"target\":[\"https:\/\/www.sendblaster.com\/sv\/haemta\/\"]}]},{\"@type\":\"BreadcrumbList\",\"@id\":\"https:\/\/www.sendblaster.com\/sv\/haemta\/#breadcrumb\",\"itemListElement\":[{\"@type\":\"ListItem\",\"position\":1,\"name\":\"Home\",\"item\":\"https:\/\/www.sendblaster.com\/sv\/\"},{\"@type\":\"ListItem\",\"position\":2,\"name\":\"H\u00e4mta SendBlaster Gratis\"}]},{\"@type\":\"WebSite\",\"@id\":\"https:\/\/www.sendblaster.com\/#website\",\"url\":\"https:\/\/www.sendblaster.com\/\",\"name\":\"SendBlaster mjukvara f\u00f6r massutskick\",\"description\":\"\",\"publisher\":{\"@id\":\"https:\/\/www.sendblaster.com\/#organization\"},\"potentialAction\":[{\"@type\":\"SearchAction\",\"target\":{\"@type\":\"EntryPoint\",\"urlTemplate\":\"https:\/\/www.sendblaster.com\/?s={search_term_string}\"},\"query-input\":{\"@type\":\"PropertyValueSpecification\",\"valueRequired\":true,\"valueName\":\"search_term_string\"}}],\"inLanguage\":\"sv-SE\"},{\"@type\":\"Organization\",\"@id\":\"https:\/\/www.sendblaster.com\/#organization\",\"name\":\"SendBlaster mjukvara f\u00f6r massutskick\",\"url\":\"https:\/\/www.sendblaster.com\/\",\"logo\":{\"@type\":\"ImageObject\",\"inLanguage\":\"sv-SE\",\"@id\":\"https:\/\/www.sendblaster.com\/#\/schema\/logo\/image\/\",\"url\":\"https:\/\/www.sendblaster.com\/wp-content\/uploads\/2021\/09\/logo-svg-2021.svg\",\"contentUrl\":\"https:\/\/www.sendblaster.com\/wp-content\/uploads\/2021\/09\/logo-svg-2021.svg\",\"width\":350,\"height\":70,\"caption\":\"SendBlaster mjukvara f\u00f6r massutskick\"},\"image\":{\"@id\":\"https:\/\/www.sendblaster.com\/#\/schema\/logo\/image\/\"}}]}<\/script>\n<!-- \/ Yoast SEO plugin. -->","yoast_head_json":{"title":"H\u00e4mta SendBlaster Gratis - SendBlaster mjukvara f\u00f6r massutskick","description":"SendBlaster mjukvara f\u00f6r massutskick H\u00e4mta SendBlaster Gratis LADDA NED GRATIS100% gratis programvaran Senaste versionen: | Sl\u00e4ppt datum: | Storlek: MB Ladda ner gamla versionen &nbsp; Systemkrav Windows XP \/ Vista \/","robots":{"index":"index","follow":"follow","max-snippet":"max-snippet:-1","max-image-preview":"max-image-preview:large","max-video-preview":"max-video-preview:-1"},"canonical":"https:\/\/www.sendblaster.com\/sv\/haemta\/","og_locale":"sv_SE","og_type":"article","og_title":"H\u00e4mta SendBlaster Gratis - SendBlaster mjukvara f\u00f6r massutskick","og_description":"SendBlaster mjukvara f\u00f6r massutskick H\u00e4mta SendBlaster Gratis LADDA NED GRATIS100% gratis programvaran Senaste versionen: | Sl\u00e4ppt datum: | Storlek: MB Ladda ner gamla versionen &nbsp; Systemkrav Windows XP \/ Vista \/","og_url":"https:\/\/www.sendblaster.com\/sv\/haemta\/","og_site_name":"SendBlaster mjukvara f\u00f6r massutskick","article_modified_time":"2018-07-02T08:57:43+00:00","twitter_card":"summary_large_image","twitter_misc":{"Ber\u00e4knad l\u00e4stid":"1 minut"},"schema":{"@context":"https:\/\/schema.org","@graph":[{"@type":"WebPage","@id":"https:\/\/www.sendblaster.com\/sv\/haemta\/","url":"https:\/\/www.sendblaster.com\/sv\/haemta\/","name":"H\u00e4mta SendBlaster Gratis - SendBlaster mjukvara f\u00f6r massutskick","isPartOf":{"@id":"https:\/\/www.sendblaster.com\/#website"},"datePublished":"2018-07-02T08:56:09+00:00","dateModified":"2018-07-02T08:57:43+00:00","description":"SendBlaster mjukvara f\u00f6r massutskick H\u00e4mta SendBlaster Gratis LADDA NED GRATIS100% gratis programvaran Senaste versionen: | Sl\u00e4ppt datum: | Storlek: MB Ladda ner gamla versionen &nbsp; Systemkrav Windows XP \/ Vista \/","breadcrumb":{"@id":"https:\/\/www.sendblaster.com\/sv\/haemta\/#breadcrumb"},"inLanguage":"sv-SE","potentialAction":[{"@type":"ReadAction","target":["https:\/\/www.sendblaster.com\/sv\/haemta\/"]}]},{"@type":"BreadcrumbList","@id":"https:\/\/www.sendblaster.com\/sv\/haemta\/#breadcrumb","itemListElement":[{"@type":"ListItem","position":1,"name":"Home","item":"https:\/\/www.sendblaster.com\/sv\/"},{"@type":"ListItem","position":2,"name":"H\u00e4mta SendBlaster Gratis"}]},{"@type":"WebSite","@id":"https:\/\/www.sendblaster.com\/#website","url":"https:\/\/www.sendblaster.com\/","name":"SendBlaster mjukvara f\u00f6r massutskick","description":"","publisher":{"@id":"https:\/\/www.sendblaster.com\/#organization"},"potentialAction":[{"@type":"SearchAction","target":{"@type":"EntryPoint","urlTemplate":"https:\/\/www.sendblaster.com\/?s={search_term_string}"},"query-input":{"@type":"PropertyValueSpecification","valueRequired":true,"valueName":"search_term_string"}}],"inLanguage":"sv-SE"},{"@type":"Organization","@id":"https:\/\/www.sendblaster.com\/#organization","name":"SendBlaster mjukvara f\u00f6r massutskick","url":"https:\/\/www.sendblaster.com\/","logo":{"@type":"ImageObject","inLanguage":"sv-SE","@id":"https:\/\/www.sendblaster.com\/#\/schema\/logo\/image\/","url":"https:\/\/www.sendblaster.com\/wp-content\/uploads\/2021\/09\/logo-svg-2021.svg","contentUrl":"https:\/\/www.sendblaster.com\/wp-content\/uploads\/2021\/09\/logo-svg-2021.svg","width":350,"height":70,"caption":"SendBlaster mjukvara f\u00f6r massutskick"},"image":{"@id":"https:\/\/www.sendblaster.com\/#\/schema\/logo\/image\/"}}]}},"_links":{"self":[{"href":"https:\/\/www.sendblaster.com\/sv\/wp-json\/wp\/v2\/pages\/3090"}],"collection":[{"href":"https:\/\/www.sendblaster.com\/sv\/wp-json\/wp\/v2\/pages"}],"about":[{"href":"https:\/\/www.sendblaster.com\/sv\/wp-json\/wp\/v2\/types\/page"}],"author":[{"embeddable":true,"href":"https:\/\/www.sendblaster.com\/sv\/wp-json\/wp\/v2\/users\/1"}],"replies":[{"embeddable":true,"href":"https:\/\/www.sendblaster.com\/sv\/wp-json\/wp\/v2\/comments?post=3090"}],"version-history":[{"count":3,"href":"https:\/\/www.sendblaster.com\/sv\/wp-json\/wp\/v2\/pages\/3090\/revisions"}],"predecessor-version":[{"id":3093,"href":"https:\/\/www.sendblaster.com\/sv\/wp-json\/wp\/v2\/pages\/3090\/revisions\/3093"}],"wp:attachment":[{"href":"https:\/\/www.sendblaster.com\/sv\/wp-json\/wp\/v2\/media?parent=3090"}],"curies":[{"name":"wp","href":"https:\/\/api.w.org\/{rel}","templated":true}]}}