{"id":3263,"date":"2018-07-03T13:35:24","date_gmt":"2018-07-03T13:35:24","guid":{"rendered":"https:\/\/www.sendblaster.com\/wpnew-2018\/?page_id=3263"},"modified":"2018-07-03T13:35:24","modified_gmt":"2018-07-03T13:35:24","slug":"zemljevid-spletnega-mesta","status":"publish","type":"page","link":"https:\/\/www.sendblaster.com\/si\/zemljevid-spletnega-mesta\/","title":{"rendered":"Zemljevid spletnega mesta"},"content":{"rendered":"<div class=\"wsp-container\"><h2 class=\"wsp-pages-title\">Pages<\/h2>\n<ul class=\"wsp-pages-list\">\n<li class=\"page_item page-item-3261\"><a href=\"https:\/\/www.sendblaster.com\/si\/600-predlog-e-sporocil-v-paketu-sendblaster\/\">300 predlog e-sporo\u010dil v paketu Sendblaster<\/a><\/li>\n<li class=\"page_item page-item-3257\"><a href=\"https:\/\/www.sendblaster.com\/si\/analiza-podatkov\/\">Analiza podatkov<\/a><\/li>\n<li class=\"page_item page-item-3229\"><a href=\"https:\/\/www.sendblaster.com\/si\/brezplacne-predloge-e-sporocil\/\">Brezpla\u010dne predloge e-sporo\u010dil<\/a><\/li>\n<li class=\"page_item page-item-3238\"><a href=\"https:\/\/www.sendblaster.com\/si\/distributerji\/\">Distributerji<\/a><\/li>\n<li class=\"page_item page-item-3220\"><a href=\"https:\/\/www.sendblaster.com\/si\/funkcije-masovnega-posiljanja-elektronske-poste\/\">Funkcije masovnega po\u0161iljanja elektronske po\u0161te<\/a><\/li>\n<li class=\"page_item page-item-3217\"><a href=\"https:\/\/www.sendblaster.com\/si\/\">Home page SI<\/a><\/li>\n<li class=\"page_item page-item-3247\"><a href=\"https:\/\/www.sendblaster.com\/si\/e-postni-marketing\/\">Kako naredimo e-mail marketin\u0161ko kampanjo<\/a><\/li>\n<li class=\"page_item page-item-3222\"><a href=\"https:\/\/www.sendblaster.com\/si\/kupite\/\">Kupite svoj SendBlaster PRO zdaj<\/a><\/li>\n<li class=\"page_item page-item-3249\"><a href=\"https:\/\/www.sendblaster.com\/si\/mnozicno-posiljanje-e-poste-vasa-email-marketing-kampanja-v-nekaj-minutah\/\">Mno\u017ei\u010dno po\u0161iljanje e-po\u0161te: va\u0161a email marketing kampanja v nekaj minutah<\/a><\/li>\n<li class=\"page_item page-item-2975\"><a href=\"https:\/\/www.sendblaster.com\/si\/multiple-dovoljenje-activation-modul\/\">Multiple dovoljenje activation modul<\/a><\/li>\n<li class=\"page_item page-item-3251\"><a href=\"https:\/\/www.sendblaster.com\/si\/originalni-program-za-mnozicno-posiljanje-e-poste\/\">Originalni program za mno\u017ei\u010dno po\u0161iljanje e-po\u0161te<\/a><\/li>\n<li class=\"page_item page-item-3225\"><a href=\"https:\/\/www.sendblaster.com\/si\/posnetki-zaslona\/\">Posnetki zaslona<\/a><\/li>\n<li class=\"page_item page-item-3227\"><a href=\"https:\/\/www.sendblaster.com\/si\/prenos-programa\/\">Prenos brezpla\u010dno verzijo SendBlasterja<\/a><\/li>\n<li class=\"page_item page-item-3255\"><a href=\"https:\/\/www.sendblaster.com\/si\/program-za-e-novice-mnozicno-posiljanje-e-poste-brez-ponavljajocih-se-stroskov\/\">Program za e-novice: mno\u017ei\u010dno po\u0161iljanje e-po\u0161te brez ponavljajo\u010dih se stro\u0161kov<\/a><\/li>\n<li class=\"page_item page-item-3253\"><a href=\"https:\/\/www.sendblaster.com\/si\/primerjalna-tabela-brezplacen-program-za-novice-vs-pro-masovni-posiljatelj-e-poste\/\">SendBlaster Brezpla\u010dni vs. PRO primerjalna tabela<\/a><\/li>\n<li class=\"page_item page-item-3259\"><a href=\"https:\/\/www.sendblaster.com\/si\/ustvarite-ucinkovito-e-posto\/\">Ustvarite u\u010dinkovito e-po\u0161to<\/a><\/li>\n<li class=\"page_item page-item-3263\"><a href=\"https:\/\/www.sendblaster.com\/si\/zemljevid-spletnega-mesta\/\">Zemljevid spletnega mesta<\/a><\/li>\n<\/ul>\n<h2 class=\"wsp-posts-title\">Posts by category<\/h2>\n<ul class=\"wsp-posts-list\">\n\t<li><strong class=\"wsp-category-title\">Category: <a href=\"https:\/\/www.sendblaster.com\/si\/podpora\/\">Podpora<\/a><\/strong>\n<ul class=\"wsp-posts-list\">\t<li><strong class=\"wsp-category-title\">Category: <a href=\"https:\/\/www.sendblaster.com\/si\/podpora\/lista-na-dovoljenje\/\">Lista na dovoljenje<\/a><\/strong>\n<ul class=\"wsp-posts-list\">\t\t<li class=\"wsp-post\"><a href=\"https:\/\/www.sendblaster.com\/si\/podpora\/lista-na-dovoljenje\/kako-ustvariti-seznam-dovoljenj\/\">Kako ustvariti seznam dovoljenj<\/a><\/li>\n<\/ul><\/li>\n\t<li><strong class=\"wsp-category-title\">Category: <a href=\"https:\/\/www.sendblaster.com\/si\/podpora\/predlogi\/\">Predlogi<\/a><\/strong>\n<ul class=\"wsp-posts-list\">\t\t<li class=\"wsp-post\"><a href=\"https:\/\/www.sendblaster.com\/si\/podpora\/predlogi\/vodic-za-boljse-masovno-posiljanje-e-poste\/\">Vodi\u010d za bolj\u0161e masovno po\u0161iljanje e-po\u0161te<\/a><\/li>\n<\/ul><\/li>\n\t<li><strong class=\"wsp-category-title\">Category: <a href=\"https:\/\/www.sendblaster.com\/si\/podpora\/video-vodici\/\">Video vodi\u010di<\/a><\/strong>\n<ul class=\"wsp-posts-list\">\t\t<li class=\"wsp-post\"><a href=\"https:\/\/www.sendblaster.com\/si\/podpora\/video-vodici\/video-navodila\/\">Video navodila<\/a><\/li>\n<\/ul><\/li>\n<\/ul><\/li>\n<\/ul>\n<\/div>\n","protected":false},"excerpt":{"rendered":"\n<p class=\"read-more-container\"><a class=\"button read-more\" href=\"https:\/\/www.sendblaster.com\/si\/zemljevid-spletnega-mesta\/\" title=\"\">Nadaljujte z branjem<\/a><\/p>\n","protected":false},"author":1,"featured_media":0,"parent":0,"menu_order":0,"comment_status":"closed","ping_status":"closed","template":"","meta":{"_monsterinsights_skip_tracking":false,"_monsterinsights_sitenote_active":false,"_monsterinsights_sitenote_note":"","_monsterinsights_sitenote_category":0,"footnotes":""},"class_list":["post-3263","page","type-page","status-publish"],"yoast_head":"<!-- This site is optimized with the Yoast SEO plugin v23.5 - https:\/\/yoast.com\/wordpress\/plugins\/seo\/ -->\n<title>Zemljevid spletnega mesta - SendBlaster program za mno\u017ei\u010dno po\u0161iljanje e-po\u0161te<\/title>\n<meta name=\"description\" content=\"SendBlaster program za mno\u017ei\u010dno po\u0161iljanje e-po\u0161te Zemljevid spletnega mesta\" \/>\n<meta name=\"robots\" content=\"index, follow, max-snippet:-1, max-image-preview:large, max-video-preview:-1\" \/>\n<link rel=\"canonical\" href=\"https:\/\/www.sendblaster.com\/si\/zemljevid-spletnega-mesta\/\" \/>\n<meta property=\"og:locale\" content=\"sl_SI\" \/>\n<meta property=\"og:type\" content=\"article\" \/>\n<meta property=\"og:title\" content=\"Zemljevid spletnega mesta - SendBlaster program za mno\u017ei\u010dno po\u0161iljanje e-po\u0161te\" \/>\n<meta property=\"og:description\" content=\"SendBlaster program za mno\u017ei\u010dno po\u0161iljanje e-po\u0161te Zemljevid spletnega mesta\" \/>\n<meta property=\"og:url\" content=\"https:\/\/www.sendblaster.com\/si\/zemljevid-spletnega-mesta\/\" \/>\n<meta property=\"og:site_name\" content=\"SendBlaster program za mno\u017ei\u010dno po\u0161iljanje e-po\u0161te\" \/>\n<meta name=\"twitter:card\" content=\"summary_large_image\" \/>\n<script type=\"application\/ld+json\" class=\"yoast-schema-graph\">{\"@context\":\"https:\/\/schema.org\",\"@graph\":[{\"@type\":\"WebPage\",\"@id\":\"https:\/\/www.sendblaster.com\/si\/zemljevid-spletnega-mesta\/\",\"url\":\"https:\/\/www.sendblaster.com\/si\/zemljevid-spletnega-mesta\/\",\"name\":\"Zemljevid spletnega mesta - SendBlaster program za mno\u017ei\u010dno po\u0161iljanje e-po\u0161te\",\"isPartOf\":{\"@id\":\"https:\/\/www.sendblaster.com\/#website\"},\"datePublished\":\"2018-07-03T13:35:24+00:00\",\"dateModified\":\"2018-07-03T13:35:24+00:00\",\"description\":\"SendBlaster program za mno\u017ei\u010dno po\u0161iljanje e-po\u0161te Zemljevid spletnega mesta\",\"breadcrumb\":{\"@id\":\"https:\/\/www.sendblaster.com\/si\/zemljevid-spletnega-mesta\/#breadcrumb\"},\"inLanguage\":\"sl-SI\",\"potentialAction\":[{\"@type\":\"ReadAction\",\"target\":[\"https:\/\/www.sendblaster.com\/si\/zemljevid-spletnega-mesta\/\"]}]},{\"@type\":\"BreadcrumbList\",\"@id\":\"https:\/\/www.sendblaster.com\/si\/zemljevid-spletnega-mesta\/#breadcrumb\",\"itemListElement\":[{\"@type\":\"ListItem\",\"position\":1,\"name\":\"Home\",\"item\":\"https:\/\/www.sendblaster.com\/si\/\"},{\"@type\":\"ListItem\",\"position\":2,\"name\":\"Zemljevid spletnega mesta\"}]},{\"@type\":\"WebSite\",\"@id\":\"https:\/\/www.sendblaster.com\/#website\",\"url\":\"https:\/\/www.sendblaster.com\/\",\"name\":\"SendBlaster program za mno\u017ei\u010dno po\u0161iljanje e-po\u0161te\",\"description\":\"\",\"publisher\":{\"@id\":\"https:\/\/www.sendblaster.com\/#organization\"},\"potentialAction\":[{\"@type\":\"SearchAction\",\"target\":{\"@type\":\"EntryPoint\",\"urlTemplate\":\"https:\/\/www.sendblaster.com\/?s={search_term_string}\"},\"query-input\":{\"@type\":\"PropertyValueSpecification\",\"valueRequired\":true,\"valueName\":\"search_term_string\"}}],\"inLanguage\":\"sl-SI\"},{\"@type\":\"Organization\",\"@id\":\"https:\/\/www.sendblaster.com\/#organization\",\"name\":\"SendBlaster program za mno\u017ei\u010dno po\u0161iljanje e-po\u0161te\",\"url\":\"https:\/\/www.sendblaster.com\/\",\"logo\":{\"@type\":\"ImageObject\",\"inLanguage\":\"sl-SI\",\"@id\":\"https:\/\/www.sendblaster.com\/#\/schema\/logo\/image\/\",\"url\":\"https:\/\/www.sendblaster.com\/wp-content\/uploads\/2021\/09\/logo-svg-2021.svg\",\"contentUrl\":\"https:\/\/www.sendblaster.com\/wp-content\/uploads\/2021\/09\/logo-svg-2021.svg\",\"width\":350,\"height\":70,\"caption\":\"SendBlaster program za mno\u017ei\u010dno po\u0161iljanje e-po\u0161te\"},\"image\":{\"@id\":\"https:\/\/www.sendblaster.com\/#\/schema\/logo\/image\/\"}}]}<\/script>\n<!-- \/ Yoast SEO plugin. -->","yoast_head_json":{"title":"Zemljevid spletnega mesta - SendBlaster program za mno\u017ei\u010dno po\u0161iljanje e-po\u0161te","description":"SendBlaster program za mno\u017ei\u010dno po\u0161iljanje e-po\u0161te Zemljevid spletnega mesta","robots":{"index":"index","follow":"follow","max-snippet":"max-snippet:-1","max-image-preview":"max-image-preview:large","max-video-preview":"max-video-preview:-1"},"canonical":"https:\/\/www.sendblaster.com\/si\/zemljevid-spletnega-mesta\/","og_locale":"sl_SI","og_type":"article","og_title":"Zemljevid spletnega mesta - SendBlaster program za mno\u017ei\u010dno po\u0161iljanje e-po\u0161te","og_description":"SendBlaster program za mno\u017ei\u010dno po\u0161iljanje e-po\u0161te Zemljevid spletnega mesta","og_url":"https:\/\/www.sendblaster.com\/si\/zemljevid-spletnega-mesta\/","og_site_name":"SendBlaster program za mno\u017ei\u010dno po\u0161iljanje e-po\u0161te","twitter_card":"summary_large_image","schema":{"@context":"https:\/\/schema.org","@graph":[{"@type":"WebPage","@id":"https:\/\/www.sendblaster.com\/si\/zemljevid-spletnega-mesta\/","url":"https:\/\/www.sendblaster.com\/si\/zemljevid-spletnega-mesta\/","name":"Zemljevid spletnega mesta - SendBlaster program za mno\u017ei\u010dno po\u0161iljanje e-po\u0161te","isPartOf":{"@id":"https:\/\/www.sendblaster.com\/#website"},"datePublished":"2018-07-03T13:35:24+00:00","dateModified":"2018-07-03T13:35:24+00:00","description":"SendBlaster program za mno\u017ei\u010dno po\u0161iljanje e-po\u0161te Zemljevid spletnega mesta","breadcrumb":{"@id":"https:\/\/www.sendblaster.com\/si\/zemljevid-spletnega-mesta\/#breadcrumb"},"inLanguage":"sl-SI","potentialAction":[{"@type":"ReadAction","target":["https:\/\/www.sendblaster.com\/si\/zemljevid-spletnega-mesta\/"]}]},{"@type":"BreadcrumbList","@id":"https:\/\/www.sendblaster.com\/si\/zemljevid-spletnega-mesta\/#breadcrumb","itemListElement":[{"@type":"ListItem","position":1,"name":"Home","item":"https:\/\/www.sendblaster.com\/si\/"},{"@type":"ListItem","position":2,"name":"Zemljevid spletnega mesta"}]},{"@type":"WebSite","@id":"https:\/\/www.sendblaster.com\/#website","url":"https:\/\/www.sendblaster.com\/","name":"SendBlaster program za mno\u017ei\u010dno po\u0161iljanje e-po\u0161te","description":"","publisher":{"@id":"https:\/\/www.sendblaster.com\/#organization"},"potentialAction":[{"@type":"SearchAction","target":{"@type":"EntryPoint","urlTemplate":"https:\/\/www.sendblaster.com\/?s={search_term_string}"},"query-input":{"@type":"PropertyValueSpecification","valueRequired":true,"valueName":"search_term_string"}}],"inLanguage":"sl-SI"},{"@type":"Organization","@id":"https:\/\/www.sendblaster.com\/#organization","name":"SendBlaster program za mno\u017ei\u010dno po\u0161iljanje e-po\u0161te","url":"https:\/\/www.sendblaster.com\/","logo":{"@type":"ImageObject","inLanguage":"sl-SI","@id":"https:\/\/www.sendblaster.com\/#\/schema\/logo\/image\/","url":"https:\/\/www.sendblaster.com\/wp-content\/uploads\/2021\/09\/logo-svg-2021.svg","contentUrl":"https:\/\/www.sendblaster.com\/wp-content\/uploads\/2021\/09\/logo-svg-2021.svg","width":350,"height":70,"caption":"SendBlaster program za mno\u017ei\u010dno po\u0161iljanje e-po\u0161te"},"image":{"@id":"https:\/\/www.sendblaster.com\/#\/schema\/logo\/image\/"}}]}},"_links":{"self":[{"href":"https:\/\/www.sendblaster.com\/si\/wp-json\/wp\/v2\/pages\/3263"}],"collection":[{"href":"https:\/\/www.sendblaster.com\/si\/wp-json\/wp\/v2\/pages"}],"about":[{"href":"https:\/\/www.sendblaster.com\/si\/wp-json\/wp\/v2\/types\/page"}],"author":[{"embeddable":true,"href":"https:\/\/www.sendblaster.com\/si\/wp-json\/wp\/v2\/users\/1"}],"replies":[{"embeddable":true,"href":"https:\/\/www.sendblaster.com\/si\/wp-json\/wp\/v2\/comments?post=3263"}],"version-history":[{"count":1,"href":"https:\/\/www.sendblaster.com\/si\/wp-json\/wp\/v2\/pages\/3263\/revisions"}],"predecessor-version":[{"id":3264,"href":"https:\/\/www.sendblaster.com\/si\/wp-json\/wp\/v2\/pages\/3263\/revisions\/3264"}],"wp:attachment":[{"href":"https:\/\/www.sendblaster.com\/si\/wp-json\/wp\/v2\/media?parent=3263"}],"curies":[{"name":"wp","href":"https:\/\/api.w.org\/{rel}","templated":true}]}}