{"id":3259,"date":"2018-07-03T13:27:24","date_gmt":"2018-07-03T13:27:24","guid":{"rendered":"https:\/\/www.sendblaster.com\/wpnew-2018\/?page_id=3259"},"modified":"2018-07-03T13:27:35","modified_gmt":"2018-07-03T13:27:35","slug":"ustvarite-ucinkovito-e-posto","status":"publish","type":"page","link":"https:\/\/www.sendblaster.com\/si\/ustvarite-ucinkovito-e-posto\/","title":{"rendered":"Ustvarite u\u010dinkovito e-po\u0161to"},"content":{"rendered":"<p style=\"text-align: center;\"><img decoding=\"async\" width=\"1390\" height=\"885\" src=\"https:\/\/www.sendblaster.com\/wp-content\/uploads\/2018\/03\/create-effective-emails-large.jpg\" alt=\"Ustvarite u\u010dinkovito e-po\u0161to\" class=\"features-image\" \/><\/p>\n<p>SendBlaster je najbolj\u0161a brezpla\u010dna e-po\u0161tna programska oprema za upravljanje va\u0161ega po\u0161tnega seznama in ustvarite u\u010dinkovito tr\u017eno ogla\u0161evalsko akcijo. Odkrijte brezpla\u010dno re\u0161itev ali stro\u0161kovno u\u010dinkovit eno-enkratni paket za pla\u010dila, ki vam omogo\u010da preprosto upravljanje va\u0161ega e-po\u0161tnega tr\u017eenja z namiznim maloprodajnim programjem za elektronsko po\u0161to.<\/p>\n<p style=\"text-align: center; margin-bottom: 0px;\"><a href=\"https:\/\/www.sendblaster.com\/si\/prenos-programa\" title=\"Brezpla\u010den prenos\" class=\"download-cta\">Brezpla\u010den prenos<\/a><a href=\"https:\/\/www.sendblaster.com\/si\/kupite\/\" title=\"Kupi SendBlaster Pro\" class=\"buy-cta\">Kupi SendBlaster Pro<\/a><\/p>\n<p>&nbsp;<\/p>\n<h2>Brezpla\u010dne predloge<\/h2>\n<p>S SendBlasterjem 2 dobite 80 predlog, pripravljenih za takoj\u0161njo uporabo, ki so jih oblikovali na\u0161i profesionalci. Ne potrebujete nobenih izku\u0161enj s HTML urejanjem.<\/p>\n<p>&nbsp;<\/p>\n<h2>HTML Urejevalnik<\/h2>\n<p>Sestavljanje sporo\u010dil dose\u017eemo s pomo\u010djo preprostega, a zmogljivega vizualnega HTML urejevalnika s kodnim dostopom, CHARSETom in zmo\u017enostjo vstavljanja povsem prilagodljivih oznak<\/p>\n<p>&nbsp;<\/p>\n<h2>Uva\u017eanje HTML\/.eml datotek<\/h2>\n<p>V SendBlaster lahko uva\u017eate e-po\u0161tna sporo\u010dila iz zunanjih datotek (HTML strani ali predhodno shranjenih .eml datotek \u2013 npr. iz Outlook Expressa). To vam omogo\u010da ustvarjanje va\u0161ih predlog z uporabo zunanjega HTML urejevalnika.<\/p>\n<p>&nbsp;<\/p>\n<h2>HTML in besedilna sporo\u010dila<\/h2>\n<p>E-po\u0161tna sporo\u010dila so ustvarjena  tako v HTML formatu, kot tudi  v golem besedilu, \u010de ima prejemnik onemogo\u010den pogled v HTML obliki. Ne pozabite: hibridna po\u0161ta v obliki HTML in golega besedila je najbolj\u0161a izbira za email marketing kampanje. \u010ce manjka golo besedilo, veliko filtrov za ne\u017eeleno po\u0161to postane sumni\u010davih. Ko kon\u010date s pisanjem sporo\u010dila, uporabite SendBlasterjev gumb \u00bbBesedilo iz HTML\u00ab, ki samodejno ustvari golo besedilo iz HTML formata.<\/p>\n<p>&nbsp;<\/p>\n<h2>Prilagodite e-po\u0161to<\/h2>\n<p>Po\u0161ljite prilagojena sporo\u010dila(\u00bbSpo\u0161tovani g. Janez Novak\u00ab namesto \u00bbSpo\u0161tovani uporabnik\u00ab)<\/p>\n<p>Spo\u0161tovani\/-a #ime# -&gt; postane -&gt; Spo\u0161tovani\/-a Janez<\/p>\n<p>Vsaka e-po\u0161ta, ki jo po\u0161ljete, je druga\u010dna, \u010de uporabite funkcije za spajanje in prilagoditev e-po\u0161te.<\/p>\n<p>&nbsp;<\/p>\n<h2>Preverjanje ne\u017eelene e-po\u0161te<\/h2>\n<p>SendBlaster ima vgrajeno orodje za \u00bbpreverjanje ne\u017eelene po\u0161te\u00ab. Orodje zajema vsa pravila SpamAssassina, ki jih morate spo\u0161tovati, \u010de \u017eelite imeti prosto pot do strankinega po\u0161tnega predala.<\/p>\n","protected":false},"excerpt":{"rendered":"<p>SendBlaster je najbolj\u0161a brezpla\u010dna e-po\u0161tna programska oprema za upravljanje va\u0161ega po\u0161tnega seznama in ustvarite u\u010dinkovito tr\u017eno ogla\u0161evalsko akcijo. Odkrijte brezpla\u010dno re\u0161itev ali stro\u0161kovno u\u010dinkovit eno-enkratni paket za pla\u010dila, ki vam omogo\u010da preprosto upravljanje va\u0161ega e-po\u0161tnega tr\u017eenja z namiznim maloprodajnim programjem <\/p>\n<p class=\"read-more-container\"><a class=\"button read-more\" href=\"https:\/\/www.sendblaster.com\/si\/ustvarite-ucinkovito-e-posto\/\" title=\"\">Nadaljujte z branjem<\/a><\/p>\n","protected":false},"author":1,"featured_media":0,"parent":0,"menu_order":0,"comment_status":"closed","ping_status":"closed","template":"","meta":{"_monsterinsights_skip_tracking":false,"_monsterinsights_sitenote_active":false,"_monsterinsights_sitenote_note":"","_monsterinsights_sitenote_category":0,"footnotes":""},"class_list":["post-3259","page","type-page","status-publish"],"yoast_head":"<!-- This site is optimized with the Yoast SEO plugin v23.5 - https:\/\/yoast.com\/wordpress\/plugins\/seo\/ -->\n<title>Ustvarite u\u010dinkovito e-po\u0161to - SendBlaster program za mno\u017ei\u010dno po\u0161iljanje e-po\u0161te<\/title>\n<meta name=\"description\" content=\"SendBlaster program za mno\u017ei\u010dno po\u0161iljanje e-po\u0161te Ustvarite u\u010dinkovito e-po\u0161to SendBlaster je najbolj\u0161a brezpla\u010dna e-po\u0161tna programska oprema za upravljanje va\u0161ega po\u0161tnega seznama in ustvarite u\u010dinkovito tr\u017eno ogla\u0161evalsko akcijo.\" \/>\n<meta name=\"robots\" content=\"index, follow, max-snippet:-1, max-image-preview:large, max-video-preview:-1\" \/>\n<link rel=\"canonical\" href=\"https:\/\/www.sendblaster.com\/si\/ustvarite-ucinkovito-e-posto\/\" \/>\n<meta property=\"og:locale\" content=\"sl_SI\" \/>\n<meta property=\"og:type\" content=\"article\" \/>\n<meta property=\"og:title\" content=\"Ustvarite u\u010dinkovito e-po\u0161to - SendBlaster program za mno\u017ei\u010dno po\u0161iljanje e-po\u0161te\" \/>\n<meta property=\"og:description\" content=\"SendBlaster program za mno\u017ei\u010dno po\u0161iljanje e-po\u0161te Ustvarite u\u010dinkovito e-po\u0161to SendBlaster je najbolj\u0161a brezpla\u010dna e-po\u0161tna programska oprema za upravljanje va\u0161ega po\u0161tnega seznama in ustvarite u\u010dinkovito tr\u017eno ogla\u0161evalsko akcijo.\" \/>\n<meta property=\"og:url\" content=\"https:\/\/www.sendblaster.com\/si\/ustvarite-ucinkovito-e-posto\/\" \/>\n<meta property=\"og:site_name\" content=\"SendBlaster program za mno\u017ei\u010dno po\u0161iljanje e-po\u0161te\" \/>\n<meta property=\"article:modified_time\" content=\"2018-07-03T13:27:35+00:00\" \/>\n<meta property=\"og:image\" content=\"https:\/\/www.sendblaster.com\/wp-content\/uploads\/2018\/03\/create-effective-emails-large.jpg\" \/>\n<meta name=\"twitter:card\" content=\"summary_large_image\" \/>\n<meta name=\"twitter:label1\" content=\"Est. reading time\" \/>\n\t<meta name=\"twitter:data1\" content=\"2 minuti\" \/>\n<script type=\"application\/ld+json\" class=\"yoast-schema-graph\">{\"@context\":\"https:\/\/schema.org\",\"@graph\":[{\"@type\":\"WebPage\",\"@id\":\"https:\/\/www.sendblaster.com\/si\/ustvarite-ucinkovito-e-posto\/\",\"url\":\"https:\/\/www.sendblaster.com\/si\/ustvarite-ucinkovito-e-posto\/\",\"name\":\"Ustvarite u\u010dinkovito e-po\u0161to - SendBlaster program za mno\u017ei\u010dno po\u0161iljanje e-po\u0161te\",\"isPartOf\":{\"@id\":\"https:\/\/www.sendblaster.com\/#website\"},\"primaryImageOfPage\":{\"@id\":\"https:\/\/www.sendblaster.com\/si\/ustvarite-ucinkovito-e-posto\/#primaryimage\"},\"image\":{\"@id\":\"https:\/\/www.sendblaster.com\/si\/ustvarite-ucinkovito-e-posto\/#primaryimage\"},\"thumbnailUrl\":\"https:\/\/www.sendblaster.com\/wp-content\/uploads\/2018\/03\/create-effective-emails-large.jpg\",\"datePublished\":\"2018-07-03T13:27:24+00:00\",\"dateModified\":\"2018-07-03T13:27:35+00:00\",\"description\":\"SendBlaster program za mno\u017ei\u010dno po\u0161iljanje e-po\u0161te Ustvarite u\u010dinkovito e-po\u0161to SendBlaster je najbolj\u0161a brezpla\u010dna e-po\u0161tna programska oprema za upravljanje va\u0161ega po\u0161tnega seznama in ustvarite u\u010dinkovito tr\u017eno ogla\u0161evalsko akcijo.\",\"breadcrumb\":{\"@id\":\"https:\/\/www.sendblaster.com\/si\/ustvarite-ucinkovito-e-posto\/#breadcrumb\"},\"inLanguage\":\"sl-SI\",\"potentialAction\":[{\"@type\":\"ReadAction\",\"target\":[\"https:\/\/www.sendblaster.com\/si\/ustvarite-ucinkovito-e-posto\/\"]}]},{\"@type\":\"ImageObject\",\"inLanguage\":\"sl-SI\",\"@id\":\"https:\/\/www.sendblaster.com\/si\/ustvarite-ucinkovito-e-posto\/#primaryimage\",\"url\":\"https:\/\/www.sendblaster.com\/wp-content\/uploads\/2018\/03\/create-effective-emails-large.jpg\",\"contentUrl\":\"https:\/\/www.sendblaster.com\/wp-content\/uploads\/2018\/03\/create-effective-emails-large.jpg\"},{\"@type\":\"BreadcrumbList\",\"@id\":\"https:\/\/www.sendblaster.com\/si\/ustvarite-ucinkovito-e-posto\/#breadcrumb\",\"itemListElement\":[{\"@type\":\"ListItem\",\"position\":1,\"name\":\"Home\",\"item\":\"https:\/\/www.sendblaster.com\/si\/\"},{\"@type\":\"ListItem\",\"position\":2,\"name\":\"Ustvarite u\u010dinkovito e-po\u0161to\"}]},{\"@type\":\"WebSite\",\"@id\":\"https:\/\/www.sendblaster.com\/#website\",\"url\":\"https:\/\/www.sendblaster.com\/\",\"name\":\"SendBlaster program za mno\u017ei\u010dno po\u0161iljanje e-po\u0161te\",\"description\":\"\",\"publisher\":{\"@id\":\"https:\/\/www.sendblaster.com\/#organization\"},\"potentialAction\":[{\"@type\":\"SearchAction\",\"target\":{\"@type\":\"EntryPoint\",\"urlTemplate\":\"https:\/\/www.sendblaster.com\/?s={search_term_string}\"},\"query-input\":{\"@type\":\"PropertyValueSpecification\",\"valueRequired\":true,\"valueName\":\"search_term_string\"}}],\"inLanguage\":\"sl-SI\"},{\"@type\":\"Organization\",\"@id\":\"https:\/\/www.sendblaster.com\/#organization\",\"name\":\"SendBlaster program za mno\u017ei\u010dno po\u0161iljanje e-po\u0161te\",\"url\":\"https:\/\/www.sendblaster.com\/\",\"logo\":{\"@type\":\"ImageObject\",\"inLanguage\":\"sl-SI\",\"@id\":\"https:\/\/www.sendblaster.com\/#\/schema\/logo\/image\/\",\"url\":\"https:\/\/www.sendblaster.com\/wp-content\/uploads\/2021\/09\/logo-svg-2021.svg\",\"contentUrl\":\"https:\/\/www.sendblaster.com\/wp-content\/uploads\/2021\/09\/logo-svg-2021.svg\",\"width\":350,\"height\":70,\"caption\":\"SendBlaster program za mno\u017ei\u010dno po\u0161iljanje e-po\u0161te\"},\"image\":{\"@id\":\"https:\/\/www.sendblaster.com\/#\/schema\/logo\/image\/\"}}]}<\/script>\n<!-- \/ Yoast SEO plugin. -->","yoast_head_json":{"title":"Ustvarite u\u010dinkovito e-po\u0161to - SendBlaster program za mno\u017ei\u010dno po\u0161iljanje e-po\u0161te","description":"SendBlaster program za mno\u017ei\u010dno po\u0161iljanje e-po\u0161te Ustvarite u\u010dinkovito e-po\u0161to SendBlaster je najbolj\u0161a brezpla\u010dna e-po\u0161tna programska oprema za upravljanje va\u0161ega po\u0161tnega seznama in ustvarite u\u010dinkovito tr\u017eno ogla\u0161evalsko akcijo.","robots":{"index":"index","follow":"follow","max-snippet":"max-snippet:-1","max-image-preview":"max-image-preview:large","max-video-preview":"max-video-preview:-1"},"canonical":"https:\/\/www.sendblaster.com\/si\/ustvarite-ucinkovito-e-posto\/","og_locale":"sl_SI","og_type":"article","og_title":"Ustvarite u\u010dinkovito e-po\u0161to - SendBlaster program za mno\u017ei\u010dno po\u0161iljanje e-po\u0161te","og_description":"SendBlaster program za mno\u017ei\u010dno po\u0161iljanje e-po\u0161te Ustvarite u\u010dinkovito e-po\u0161to SendBlaster je najbolj\u0161a brezpla\u010dna e-po\u0161tna programska oprema za upravljanje va\u0161ega po\u0161tnega seznama in ustvarite u\u010dinkovito tr\u017eno ogla\u0161evalsko akcijo.","og_url":"https:\/\/www.sendblaster.com\/si\/ustvarite-ucinkovito-e-posto\/","og_site_name":"SendBlaster program za mno\u017ei\u010dno po\u0161iljanje e-po\u0161te","article_modified_time":"2018-07-03T13:27:35+00:00","og_image":[{"url":"https:\/\/www.sendblaster.com\/wp-content\/uploads\/2018\/03\/create-effective-emails-large.jpg"}],"twitter_card":"summary_large_image","twitter_misc":{"Est. reading time":"2 minuti"},"schema":{"@context":"https:\/\/schema.org","@graph":[{"@type":"WebPage","@id":"https:\/\/www.sendblaster.com\/si\/ustvarite-ucinkovito-e-posto\/","url":"https:\/\/www.sendblaster.com\/si\/ustvarite-ucinkovito-e-posto\/","name":"Ustvarite u\u010dinkovito e-po\u0161to - SendBlaster program za mno\u017ei\u010dno po\u0161iljanje e-po\u0161te","isPartOf":{"@id":"https:\/\/www.sendblaster.com\/#website"},"primaryImageOfPage":{"@id":"https:\/\/www.sendblaster.com\/si\/ustvarite-ucinkovito-e-posto\/#primaryimage"},"image":{"@id":"https:\/\/www.sendblaster.com\/si\/ustvarite-ucinkovito-e-posto\/#primaryimage"},"thumbnailUrl":"https:\/\/www.sendblaster.com\/wp-content\/uploads\/2018\/03\/create-effective-emails-large.jpg","datePublished":"2018-07-03T13:27:24+00:00","dateModified":"2018-07-03T13:27:35+00:00","description":"SendBlaster program za mno\u017ei\u010dno po\u0161iljanje e-po\u0161te Ustvarite u\u010dinkovito e-po\u0161to SendBlaster je najbolj\u0161a brezpla\u010dna e-po\u0161tna programska oprema za upravljanje va\u0161ega po\u0161tnega seznama in ustvarite u\u010dinkovito tr\u017eno ogla\u0161evalsko akcijo.","breadcrumb":{"@id":"https:\/\/www.sendblaster.com\/si\/ustvarite-ucinkovito-e-posto\/#breadcrumb"},"inLanguage":"sl-SI","potentialAction":[{"@type":"ReadAction","target":["https:\/\/www.sendblaster.com\/si\/ustvarite-ucinkovito-e-posto\/"]}]},{"@type":"ImageObject","inLanguage":"sl-SI","@id":"https:\/\/www.sendblaster.com\/si\/ustvarite-ucinkovito-e-posto\/#primaryimage","url":"https:\/\/www.sendblaster.com\/wp-content\/uploads\/2018\/03\/create-effective-emails-large.jpg","contentUrl":"https:\/\/www.sendblaster.com\/wp-content\/uploads\/2018\/03\/create-effective-emails-large.jpg"},{"@type":"BreadcrumbList","@id":"https:\/\/www.sendblaster.com\/si\/ustvarite-ucinkovito-e-posto\/#breadcrumb","itemListElement":[{"@type":"ListItem","position":1,"name":"Home","item":"https:\/\/www.sendblaster.com\/si\/"},{"@type":"ListItem","position":2,"name":"Ustvarite u\u010dinkovito e-po\u0161to"}]},{"@type":"WebSite","@id":"https:\/\/www.sendblaster.com\/#website","url":"https:\/\/www.sendblaster.com\/","name":"SendBlaster program za mno\u017ei\u010dno po\u0161iljanje e-po\u0161te","description":"","publisher":{"@id":"https:\/\/www.sendblaster.com\/#organization"},"potentialAction":[{"@type":"SearchAction","target":{"@type":"EntryPoint","urlTemplate":"https:\/\/www.sendblaster.com\/?s={search_term_string}"},"query-input":{"@type":"PropertyValueSpecification","valueRequired":true,"valueName":"search_term_string"}}],"inLanguage":"sl-SI"},{"@type":"Organization","@id":"https:\/\/www.sendblaster.com\/#organization","name":"SendBlaster program za mno\u017ei\u010dno po\u0161iljanje e-po\u0161te","url":"https:\/\/www.sendblaster.com\/","logo":{"@type":"ImageObject","inLanguage":"sl-SI","@id":"https:\/\/www.sendblaster.com\/#\/schema\/logo\/image\/","url":"https:\/\/www.sendblaster.com\/wp-content\/uploads\/2021\/09\/logo-svg-2021.svg","contentUrl":"https:\/\/www.sendblaster.com\/wp-content\/uploads\/2021\/09\/logo-svg-2021.svg","width":350,"height":70,"caption":"SendBlaster program za mno\u017ei\u010dno po\u0161iljanje e-po\u0161te"},"image":{"@id":"https:\/\/www.sendblaster.com\/#\/schema\/logo\/image\/"}}]}},"_links":{"self":[{"href":"https:\/\/www.sendblaster.com\/si\/wp-json\/wp\/v2\/pages\/3259"}],"collection":[{"href":"https:\/\/www.sendblaster.com\/si\/wp-json\/wp\/v2\/pages"}],"about":[{"href":"https:\/\/www.sendblaster.com\/si\/wp-json\/wp\/v2\/types\/page"}],"author":[{"embeddable":true,"href":"https:\/\/www.sendblaster.com\/si\/wp-json\/wp\/v2\/users\/1"}],"replies":[{"embeddable":true,"href":"https:\/\/www.sendblaster.com\/si\/wp-json\/wp\/v2\/comments?post=3259"}],"version-history":[{"count":1,"href":"https:\/\/www.sendblaster.com\/si\/wp-json\/wp\/v2\/pages\/3259\/revisions"}],"predecessor-version":[{"id":3260,"href":"https:\/\/www.sendblaster.com\/si\/wp-json\/wp\/v2\/pages\/3259\/revisions\/3260"}],"wp:attachment":[{"href":"https:\/\/www.sendblaster.com\/si\/wp-json\/wp\/v2\/media?parent=3259"}],"curies":[{"name":"wp","href":"https:\/\/api.w.org\/{rel}","templated":true}]}}