{"id":3257,"date":"2018-07-03T13:21:07","date_gmt":"2018-07-03T13:21:07","guid":{"rendered":"https:\/\/www.sendblaster.com\/wpnew-2018\/?page_id=3257"},"modified":"2021-04-12T12:17:43","modified_gmt":"2021-04-12T12:17:43","slug":"analiza-podatkov","status":"publish","type":"page","link":"https:\/\/www.sendblaster.com\/si\/analiza-podatkov\/","title":{"rendered":"Analiza podatkov"},"content":{"rendered":"<p style=\"text-align: center;\"><img decoding=\"async\" width=\"1390\" height=\"885\" src=\"https:\/\/www.sendblaster.com\/wp-content\/uploads\/2018\/03\/analyze-results-mailing-large.jpg\" alt=\"Analyze email campaigns\" class=\"features-image\" \/><\/p>\n<p>U\u010dinkovit email marketing zahteva specifi\u010dna orodja za analizo podatkov.<\/p>\n<p>SendBlaster &amp; <strong>Google Analytics<\/strong> vam pomagata izvedeti, ali so se va\u0161e stranke po tem, ko so prebrale e-po\u0161to, odlo\u010dile za nakup va\u0161ega izdelka, vpisale na va\u0161e e-novice, ali \u010de ste dosegli cilj, ki ste si ga zastavili v orodju Google Analytics.<\/p>\n<p>&nbsp;<\/p>\n<p style=\"text-align: center; margin-bottom: 0px;\"><a href=\"https:\/\/www.sendblaster.com\/si\/prenos-programa\" title=\"Brezpla\u010den prenos\" class=\"download-cta\">Brezpla\u010den prenos<\/a><a href=\"https:\/\/www.sendblaster.com\/si\/kupite\/\" title=\"Kupi SendBlaster Pro\" class=\"buy-cta\">Kupi SendBlaster Pro<\/a><\/p>\n<p>&nbsp;<\/p>\n<h2>Google Analytics<\/h2>\n<p>Kaj se zgodi, ko prejemniki kliknejo na povezavo v va\u0161i e-po\u0161ti? Google Analytics je povsem brezpla\u010dno spletno orodje za analizo, ki lahko sledi dejanjem va\u0161ih prejemnikov, ko dostopajo na va\u0161e spletno mesto, in vam nudi odgovore, ki jih potrebujete.<\/p>\n<ul>\n<li><a title=\"support, email tracking, analyze your campaigns with google analytics\" href=\"https:\/\/www.sendblaster.com\/..\/support\/email-tracking\/analyze-your-campaigns-with-google-analytics\">Kliknite sem, \u010de \u017eelite izvedeti ve\u010d o orodju Google Analytics<\/a><a title=\"support, email tracking, trackreports real time email monitoring\" href=\"https:\/\/www.sendblaster.com\/..\/support\/email-tracking\/trackreports-real-time-e-mail-monitoring\"><br \/>\n    <\/a><\/li>\n<\/ul>\n","protected":false},"excerpt":{"rendered":"<p>U\u010dinkovit email marketing zahteva specifi\u010dna orodja za analizo podatkov. SendBlaster &amp; Google Analytics vam pomagata izvedeti, ali so se va\u0161e stranke po tem, ko so prebrale e-po\u0161to, odlo\u010dile za nakup va\u0161ega izdelka, vpisale na va\u0161e e-novice, ali \u010de ste dosegli <\/p>\n<p class=\"read-more-container\"><a class=\"button read-more\" href=\"https:\/\/www.sendblaster.com\/si\/analiza-podatkov\/\" title=\"\">Nadaljujte z branjem<\/a><\/p>\n","protected":false},"author":1,"featured_media":0,"parent":0,"menu_order":0,"comment_status":"closed","ping_status":"closed","template":"","meta":{"_monsterinsights_skip_tracking":false,"_monsterinsights_sitenote_active":false,"_monsterinsights_sitenote_note":"","_monsterinsights_sitenote_category":0,"footnotes":""},"class_list":["post-3257","page","type-page","status-publish"],"yoast_head":"<!-- This site is optimized with the Yoast SEO plugin v23.5 - https:\/\/yoast.com\/wordpress\/plugins\/seo\/ -->\n<title>Analiza podatkov - SendBlaster program za mno\u017ei\u010dno po\u0161iljanje e-po\u0161te<\/title>\n<meta name=\"description\" content=\"SendBlaster program za mno\u017ei\u010dno po\u0161iljanje e-po\u0161te Analiza podatkov U\u010dinkovit email marketing zahteva specifi\u010dna orodja za analizo podatkov. SendBlaster &amp; Google Analytics vam pomagata izvedeti, ali so se va\u0161e stranke\" \/>\n<meta name=\"robots\" content=\"index, follow, max-snippet:-1, max-image-preview:large, max-video-preview:-1\" \/>\n<link rel=\"canonical\" href=\"https:\/\/www.sendblaster.com\/si\/analiza-podatkov\/\" \/>\n<meta property=\"og:locale\" content=\"sl_SI\" \/>\n<meta property=\"og:type\" content=\"article\" \/>\n<meta property=\"og:title\" content=\"Analiza podatkov - SendBlaster program za mno\u017ei\u010dno po\u0161iljanje e-po\u0161te\" \/>\n<meta property=\"og:description\" content=\"SendBlaster program za mno\u017ei\u010dno po\u0161iljanje e-po\u0161te Analiza podatkov U\u010dinkovit email marketing zahteva specifi\u010dna orodja za analizo podatkov. SendBlaster &amp; Google Analytics vam pomagata izvedeti, ali so se va\u0161e stranke\" \/>\n<meta property=\"og:url\" content=\"https:\/\/www.sendblaster.com\/si\/analiza-podatkov\/\" \/>\n<meta property=\"og:site_name\" content=\"SendBlaster program za mno\u017ei\u010dno po\u0161iljanje e-po\u0161te\" \/>\n<meta property=\"article:modified_time\" content=\"2021-04-12T12:17:43+00:00\" \/>\n<meta property=\"og:image\" content=\"https:\/\/www.sendblaster.com\/wp-content\/uploads\/2018\/03\/analyze-results-mailing-large.jpg\" \/>\n<meta name=\"twitter:card\" content=\"summary_large_image\" \/>\n<meta name=\"twitter:label1\" content=\"Est. reading time\" \/>\n\t<meta name=\"twitter:data1\" content=\"1 minuta\" \/>\n<script type=\"application\/ld+json\" class=\"yoast-schema-graph\">{\"@context\":\"https:\/\/schema.org\",\"@graph\":[{\"@type\":\"WebPage\",\"@id\":\"https:\/\/www.sendblaster.com\/si\/analiza-podatkov\/\",\"url\":\"https:\/\/www.sendblaster.com\/si\/analiza-podatkov\/\",\"name\":\"Analiza podatkov - SendBlaster program za mno\u017ei\u010dno po\u0161iljanje e-po\u0161te\",\"isPartOf\":{\"@id\":\"https:\/\/www.sendblaster.com\/#website\"},\"primaryImageOfPage\":{\"@id\":\"https:\/\/www.sendblaster.com\/si\/analiza-podatkov\/#primaryimage\"},\"image\":{\"@id\":\"https:\/\/www.sendblaster.com\/si\/analiza-podatkov\/#primaryimage\"},\"thumbnailUrl\":\"https:\/\/www.sendblaster.com\/wp-content\/uploads\/2018\/03\/analyze-results-mailing-large.jpg\",\"datePublished\":\"2018-07-03T13:21:07+00:00\",\"dateModified\":\"2021-04-12T12:17:43+00:00\",\"description\":\"SendBlaster program za mno\u017ei\u010dno po\u0161iljanje e-po\u0161te Analiza podatkov U\u010dinkovit email marketing zahteva specifi\u010dna orodja za analizo podatkov. SendBlaster &amp; Google Analytics vam pomagata izvedeti, ali so se va\u0161e stranke\",\"breadcrumb\":{\"@id\":\"https:\/\/www.sendblaster.com\/si\/analiza-podatkov\/#breadcrumb\"},\"inLanguage\":\"sl-SI\",\"potentialAction\":[{\"@type\":\"ReadAction\",\"target\":[\"https:\/\/www.sendblaster.com\/si\/analiza-podatkov\/\"]}]},{\"@type\":\"ImageObject\",\"inLanguage\":\"sl-SI\",\"@id\":\"https:\/\/www.sendblaster.com\/si\/analiza-podatkov\/#primaryimage\",\"url\":\"https:\/\/www.sendblaster.com\/wp-content\/uploads\/2018\/03\/analyze-results-mailing-large.jpg\",\"contentUrl\":\"https:\/\/www.sendblaster.com\/wp-content\/uploads\/2018\/03\/analyze-results-mailing-large.jpg\"},{\"@type\":\"BreadcrumbList\",\"@id\":\"https:\/\/www.sendblaster.com\/si\/analiza-podatkov\/#breadcrumb\",\"itemListElement\":[{\"@type\":\"ListItem\",\"position\":1,\"name\":\"Home\",\"item\":\"https:\/\/www.sendblaster.com\/si\/\"},{\"@type\":\"ListItem\",\"position\":2,\"name\":\"Analiza podatkov\"}]},{\"@type\":\"WebSite\",\"@id\":\"https:\/\/www.sendblaster.com\/#website\",\"url\":\"https:\/\/www.sendblaster.com\/\",\"name\":\"SendBlaster program za mno\u017ei\u010dno po\u0161iljanje e-po\u0161te\",\"description\":\"\",\"publisher\":{\"@id\":\"https:\/\/www.sendblaster.com\/#organization\"},\"potentialAction\":[{\"@type\":\"SearchAction\",\"target\":{\"@type\":\"EntryPoint\",\"urlTemplate\":\"https:\/\/www.sendblaster.com\/?s={search_term_string}\"},\"query-input\":{\"@type\":\"PropertyValueSpecification\",\"valueRequired\":true,\"valueName\":\"search_term_string\"}}],\"inLanguage\":\"sl-SI\"},{\"@type\":\"Organization\",\"@id\":\"https:\/\/www.sendblaster.com\/#organization\",\"name\":\"SendBlaster program za mno\u017ei\u010dno po\u0161iljanje e-po\u0161te\",\"url\":\"https:\/\/www.sendblaster.com\/\",\"logo\":{\"@type\":\"ImageObject\",\"inLanguage\":\"sl-SI\",\"@id\":\"https:\/\/www.sendblaster.com\/#\/schema\/logo\/image\/\",\"url\":\"https:\/\/www.sendblaster.com\/wp-content\/uploads\/2021\/09\/logo-svg-2021.svg\",\"contentUrl\":\"https:\/\/www.sendblaster.com\/wp-content\/uploads\/2021\/09\/logo-svg-2021.svg\",\"width\":350,\"height\":70,\"caption\":\"SendBlaster program za mno\u017ei\u010dno po\u0161iljanje e-po\u0161te\"},\"image\":{\"@id\":\"https:\/\/www.sendblaster.com\/#\/schema\/logo\/image\/\"}}]}<\/script>\n<!-- \/ Yoast SEO plugin. -->","yoast_head_json":{"title":"Analiza podatkov - SendBlaster program za mno\u017ei\u010dno po\u0161iljanje e-po\u0161te","description":"SendBlaster program za mno\u017ei\u010dno po\u0161iljanje e-po\u0161te Analiza podatkov U\u010dinkovit email marketing zahteva specifi\u010dna orodja za analizo podatkov. SendBlaster &amp; Google Analytics vam pomagata izvedeti, ali so se va\u0161e stranke","robots":{"index":"index","follow":"follow","max-snippet":"max-snippet:-1","max-image-preview":"max-image-preview:large","max-video-preview":"max-video-preview:-1"},"canonical":"https:\/\/www.sendblaster.com\/si\/analiza-podatkov\/","og_locale":"sl_SI","og_type":"article","og_title":"Analiza podatkov - SendBlaster program za mno\u017ei\u010dno po\u0161iljanje e-po\u0161te","og_description":"SendBlaster program za mno\u017ei\u010dno po\u0161iljanje e-po\u0161te Analiza podatkov U\u010dinkovit email marketing zahteva specifi\u010dna orodja za analizo podatkov. SendBlaster &amp; Google Analytics vam pomagata izvedeti, ali so se va\u0161e stranke","og_url":"https:\/\/www.sendblaster.com\/si\/analiza-podatkov\/","og_site_name":"SendBlaster program za mno\u017ei\u010dno po\u0161iljanje e-po\u0161te","article_modified_time":"2021-04-12T12:17:43+00:00","og_image":[{"url":"https:\/\/www.sendblaster.com\/wp-content\/uploads\/2018\/03\/analyze-results-mailing-large.jpg"}],"twitter_card":"summary_large_image","twitter_misc":{"Est. reading time":"1 minuta"},"schema":{"@context":"https:\/\/schema.org","@graph":[{"@type":"WebPage","@id":"https:\/\/www.sendblaster.com\/si\/analiza-podatkov\/","url":"https:\/\/www.sendblaster.com\/si\/analiza-podatkov\/","name":"Analiza podatkov - SendBlaster program za mno\u017ei\u010dno po\u0161iljanje e-po\u0161te","isPartOf":{"@id":"https:\/\/www.sendblaster.com\/#website"},"primaryImageOfPage":{"@id":"https:\/\/www.sendblaster.com\/si\/analiza-podatkov\/#primaryimage"},"image":{"@id":"https:\/\/www.sendblaster.com\/si\/analiza-podatkov\/#primaryimage"},"thumbnailUrl":"https:\/\/www.sendblaster.com\/wp-content\/uploads\/2018\/03\/analyze-results-mailing-large.jpg","datePublished":"2018-07-03T13:21:07+00:00","dateModified":"2021-04-12T12:17:43+00:00","description":"SendBlaster program za mno\u017ei\u010dno po\u0161iljanje e-po\u0161te Analiza podatkov U\u010dinkovit email marketing zahteva specifi\u010dna orodja za analizo podatkov. SendBlaster &amp; Google Analytics vam pomagata izvedeti, ali so se va\u0161e stranke","breadcrumb":{"@id":"https:\/\/www.sendblaster.com\/si\/analiza-podatkov\/#breadcrumb"},"inLanguage":"sl-SI","potentialAction":[{"@type":"ReadAction","target":["https:\/\/www.sendblaster.com\/si\/analiza-podatkov\/"]}]},{"@type":"ImageObject","inLanguage":"sl-SI","@id":"https:\/\/www.sendblaster.com\/si\/analiza-podatkov\/#primaryimage","url":"https:\/\/www.sendblaster.com\/wp-content\/uploads\/2018\/03\/analyze-results-mailing-large.jpg","contentUrl":"https:\/\/www.sendblaster.com\/wp-content\/uploads\/2018\/03\/analyze-results-mailing-large.jpg"},{"@type":"BreadcrumbList","@id":"https:\/\/www.sendblaster.com\/si\/analiza-podatkov\/#breadcrumb","itemListElement":[{"@type":"ListItem","position":1,"name":"Home","item":"https:\/\/www.sendblaster.com\/si\/"},{"@type":"ListItem","position":2,"name":"Analiza podatkov"}]},{"@type":"WebSite","@id":"https:\/\/www.sendblaster.com\/#website","url":"https:\/\/www.sendblaster.com\/","name":"SendBlaster program za mno\u017ei\u010dno po\u0161iljanje e-po\u0161te","description":"","publisher":{"@id":"https:\/\/www.sendblaster.com\/#organization"},"potentialAction":[{"@type":"SearchAction","target":{"@type":"EntryPoint","urlTemplate":"https:\/\/www.sendblaster.com\/?s={search_term_string}"},"query-input":{"@type":"PropertyValueSpecification","valueRequired":true,"valueName":"search_term_string"}}],"inLanguage":"sl-SI"},{"@type":"Organization","@id":"https:\/\/www.sendblaster.com\/#organization","name":"SendBlaster program za mno\u017ei\u010dno po\u0161iljanje e-po\u0161te","url":"https:\/\/www.sendblaster.com\/","logo":{"@type":"ImageObject","inLanguage":"sl-SI","@id":"https:\/\/www.sendblaster.com\/#\/schema\/logo\/image\/","url":"https:\/\/www.sendblaster.com\/wp-content\/uploads\/2021\/09\/logo-svg-2021.svg","contentUrl":"https:\/\/www.sendblaster.com\/wp-content\/uploads\/2021\/09\/logo-svg-2021.svg","width":350,"height":70,"caption":"SendBlaster program za mno\u017ei\u010dno po\u0161iljanje e-po\u0161te"},"image":{"@id":"https:\/\/www.sendblaster.com\/#\/schema\/logo\/image\/"}}]}},"_links":{"self":[{"href":"https:\/\/www.sendblaster.com\/si\/wp-json\/wp\/v2\/pages\/3257"}],"collection":[{"href":"https:\/\/www.sendblaster.com\/si\/wp-json\/wp\/v2\/pages"}],"about":[{"href":"https:\/\/www.sendblaster.com\/si\/wp-json\/wp\/v2\/types\/page"}],"author":[{"embeddable":true,"href":"https:\/\/www.sendblaster.com\/si\/wp-json\/wp\/v2\/users\/1"}],"replies":[{"embeddable":true,"href":"https:\/\/www.sendblaster.com\/si\/wp-json\/wp\/v2\/comments?post=3257"}],"version-history":[{"count":2,"href":"https:\/\/www.sendblaster.com\/si\/wp-json\/wp\/v2\/pages\/3257\/revisions"}],"predecessor-version":[{"id":5300,"href":"https:\/\/www.sendblaster.com\/si\/wp-json\/wp\/v2\/pages\/3257\/revisions\/5300"}],"wp:attachment":[{"href":"https:\/\/www.sendblaster.com\/si\/wp-json\/wp\/v2\/media?parent=3257"}],"curies":[{"name":"wp","href":"https:\/\/api.w.org\/{rel}","templated":true}]}}