{"id":3255,"date":"2018-07-03T13:17:40","date_gmt":"2018-07-03T13:17:40","guid":{"rendered":"https:\/\/www.sendblaster.com\/wpnew-2018\/?page_id=3255"},"modified":"2018-07-03T13:17:54","modified_gmt":"2018-07-03T13:17:54","slug":"program-za-e-novice-mnozicno-posiljanje-e-poste-brez-ponavljajocih-se-stroskov","status":"publish","type":"page","link":"https:\/\/www.sendblaster.com\/si\/program-za-e-novice-mnozicno-posiljanje-e-poste-brez-ponavljajocih-se-stroskov\/","title":{"rendered":"Program za e-novice: mno\u017ei\u010dno po\u0161iljanje e-po\u0161te brez ponavljajo\u010dih se stro\u0161kov"},"content":{"rendered":"<p style=\"text-align: center;\"><img decoding=\"async\" width=\"800\" height=\"509\" src=\"https:\/\/www.sendblaster.com\/wp-content\/uploads\/2018\/04\/100_free_newsletter-software.png\" alt=\"100% Free Newsletter Software for email marketing\" class=\"features-image\" \/><\/p>\n<p>The <strong>Email newsletter software<\/strong> is a <strong>software that manages a mailing list<\/strong> and sends <strong>mass newsletter emailings<\/strong>. An email newsletter software is used to communicate with customers and friends by creating and sending personalized bulk e-mails to the contacts held in a mailing list database.<\/p>\n<p>A complete newsletter software suite is, in fact, an <strong>email marketing software<\/strong>: it integrates the mailing list <strong>subscription<\/strong> modules within a website to gather new recipients automatically. Each mass email can include an <a href=\"https:\/\/www.sendblaster.com\/support\/newsletter-creation\/how-insert-unsubscribe-link-your-e-mail\" title=\"How to insert an unsubscribe link in your e-mail\">unsubscribe link<\/a>, to let users cancel their newsletter subscription.<\/p>\n<p style=\"text-align: center; margin-bottom: 0px;\"><a href=\"https:\/\/www.sendblaster.com\/si\/prenos-programa\" title=\"Brezpla\u010den prenos\" class=\"download-cta\">Brezpla\u010den prenos<\/a><a href=\"https:\/\/www.sendblaster.com\/si\/kupite\/\" title=\"Kupi SendBlaster Pro\" class=\"buy-cta\">Kupi SendBlaster Pro<\/a><\/p>\n<p style=\"text-align: center;\" class=\"release-data\">Latest release: 4.4.2 | Release date: 2020\/04\/10 | Size: 40\nMB<br \/>\n<a href=\"https:\/\/www.sendblaster.com\/sendblaster-license-agreement\" target=\"_blank\" title=\"SendBlaster license agreement\">License agreement<\/a> &#8211; <a href=\"https:\/\/www.sendblaster.com\/how-to-uninstall-sendblaster\" target=\"_blank\" title=\"How to uninstall SendBlaster\">How to uninstall<\/a><\/p>\n<p>&nbsp;<\/p>\n<p>Starting your <strong>e-mail marketing campaign<\/strong> is a matter of minutes with SendBlaster newsletter software: <a href=\"https:\/\/www.sendblaster.com\/download\" title=\"Download SendBlaster for Free\">download <strong>100% Free Newsletter Software<\/strong><\/a> and:<\/p>\n<ul>\n<li><strong>Compose<\/strong> your email message or choose one of the free newsletter templates<\/li>\n<li><a href=\"https:\/\/www.sendblaster.com\/support\/lists-importing\/importing-lists\" title=\"Import csv list\"><strong>Import<\/strong> .csv contact list<\/a> and create an email marketing database from scratch<\/li>\n<li><strong>Send<\/strong> advertising newsletters and bulk emailings, pause and re-start<\/li>\n<li><strong>Clean<\/strong> the mailing list from bounce-backs and bad email addresses<\/li>\n<\/ul>\n<p>SendBlaster program is an email newsletter software that offers a <a href=\"https:\/\/www.sendblaster.com\/download\" title=\"Download SendBlaster for Free\">complete solution to <strong>send newsletters<\/strong><\/a>:<\/p>\n<ul>\n<li>a <strong>email composer<\/strong> (comes with plenty of ready to send <a href=\"https:\/\/www.sendblaster.com\/600-email-templates-sendblaster\" title=\"Email Templates Collection\">email templates<\/a>)<\/li>\n<li>send to inbox your <strong>spam free emails<\/strong> (using the <a href=\"https:\/\/www.mailingcheck.com\" rel=\"nofollow\" title=\"free spam check rate software\">free spam check utility<\/a>)<\/li>\n<li>the newsletter mailing list manager that sends mass advertisement emails with <a href=\"https:\/\/www.sendblaster.com\/support\/newsletter-creation\/images-embedding\" title=\"Embed images in your newsletter\">embedded images .gif and .jpg<\/a><\/li>\n<li>a <strong>fast SMTP bulk e-mail sender<\/strong> with mass <a href=\"https:\/\/www.sendblaster.com\/support\/newsletter-creation\/email-personalization-using-email-merge\" title=\"Newsletter personalization using email merge\"><strong>email merging<\/strong><\/a><\/li>\n<\/ul>\n<p>&nbsp;<\/p>\n<p>SendBlaster software for newsletter imports mailing list prospects from Yahoo!, Gmail and MSN<\/p>\n<ul>\n<li><a href=\"https:\/\/www.sendblaster.com\/support\/lists-importing\/importing-email-contacts-csv-yahoo\" title=\"Send bulk emailings to Yahoo! exported contacts\">send bulk emailings to Yahoo! exported contacts<\/a><\/li>\n<li><a href=\"https:\/\/www.sendblaster.com\/support\/lists-importing\/import-msn-contacts-csv\" title=\"Send newsletter emails to MSN Live exported contacts\">send newsletter emails to MSN Live exported contacts<\/a><\/li>\n<li><a href=\"https:\/\/www.sendblaster.com\/support\/lists-importing\/import-gmail-contacts\" title=\"Send mass emails to Google Gmail exported contacts\">send mass emails to Google Gmail exported contacts<\/a><\/li>\n<\/ul>\n<p>&nbsp;<\/p>\n<p style=\"text-align: center; margin-bottom: 0px;\"><a href=\"https:\/\/www.sendblaster.com\/si\/prenos-programa\" title=\"Brezpla\u010den prenos\" class=\"download-cta\">Brezpla\u010den prenos<\/a><a href=\"https:\/\/www.sendblaster.com\/si\/kupite\/\" title=\"Kupi SendBlaster Pro\" class=\"buy-cta\">Kupi SendBlaster Pro<\/a><\/p>\n<p style=\"text-align: center;\" class=\"release-data\">Latest release: 4.4.2 | Release date: 2020\/04\/10 | Size: 40\nMB<br \/>\n<a href=\"https:\/\/www.sendblaster.com\/sendblaster-license-agreement\" target=\"_blank\" title=\"SendBlaster license agreement\">License agreement<\/a> &#8211; <a href=\"https:\/\/www.sendblaster.com\/how-to-uninstall-sendblaster\" target=\"_blank\" title=\"How to uninstall SendBlaster\">How to uninstall<\/a><\/p>\n","protected":false},"excerpt":{"rendered":"<p>The Email newsletter software is a software that manages a mailing list and sends mass newsletter emailings. An email newsletter software is used to communicate with customers and friends by creating and sending personalized bulk e-mails to the contacts held <\/p>\n<p class=\"read-more-container\"><a class=\"button read-more\" href=\"https:\/\/www.sendblaster.com\/si\/program-za-e-novice-mnozicno-posiljanje-e-poste-brez-ponavljajocih-se-stroskov\/\" title=\"\">Nadaljujte z branjem<\/a><\/p>\n","protected":false},"author":1,"featured_media":0,"parent":0,"menu_order":0,"comment_status":"closed","ping_status":"closed","template":"","meta":{"_monsterinsights_skip_tracking":false,"_monsterinsights_sitenote_active":false,"_monsterinsights_sitenote_note":"","_monsterinsights_sitenote_category":0,"footnotes":""},"class_list":["post-3255","page","type-page","status-publish"],"yoast_head":"<!-- This site is optimized with the Yoast SEO plugin v23.5 - https:\/\/yoast.com\/wordpress\/plugins\/seo\/ -->\n<title>Program za e-novice: mno\u017ei\u010dno po\u0161iljanje e-po\u0161te brez ponavljajo\u010dih se stro\u0161kov - SendBlaster program za mno\u017ei\u010dno po\u0161iljanje e-po\u0161te<\/title>\n<meta name=\"description\" content=\"SendBlaster program za mno\u017ei\u010dno po\u0161iljanje e-po\u0161te Program za e-novice: mno\u017ei\u010dno po\u0161iljanje e-po\u0161te brez ponavljajo\u010dih se stro\u0161kov The Email newsletter software is a software that manages a mailing list and sends mass newsletter emailings. An email newsletter software is used to\" \/>\n<meta name=\"robots\" content=\"index, follow, max-snippet:-1, max-image-preview:large, max-video-preview:-1\" \/>\n<link rel=\"canonical\" href=\"https:\/\/www.sendblaster.com\/si\/program-za-e-novice-mnozicno-posiljanje-e-poste-brez-ponavljajocih-se-stroskov\/\" \/>\n<meta property=\"og:locale\" content=\"sl_SI\" \/>\n<meta property=\"og:type\" content=\"article\" \/>\n<meta property=\"og:title\" content=\"Program za e-novice: mno\u017ei\u010dno po\u0161iljanje e-po\u0161te brez ponavljajo\u010dih se stro\u0161kov - SendBlaster program za mno\u017ei\u010dno po\u0161iljanje e-po\u0161te\" \/>\n<meta property=\"og:description\" content=\"SendBlaster program za mno\u017ei\u010dno po\u0161iljanje e-po\u0161te Program za e-novice: mno\u017ei\u010dno po\u0161iljanje e-po\u0161te brez ponavljajo\u010dih se stro\u0161kov The Email newsletter software is a software that manages a mailing list and sends mass newsletter emailings. An email newsletter software is used to\" \/>\n<meta property=\"og:url\" content=\"https:\/\/www.sendblaster.com\/si\/program-za-e-novice-mnozicno-posiljanje-e-poste-brez-ponavljajocih-se-stroskov\/\" \/>\n<meta property=\"og:site_name\" content=\"SendBlaster program za mno\u017ei\u010dno po\u0161iljanje e-po\u0161te\" \/>\n<meta property=\"article:modified_time\" content=\"2018-07-03T13:17:54+00:00\" \/>\n<meta property=\"og:image\" content=\"https:\/\/www.sendblaster.com\/wp-content\/uploads\/2018\/04\/100_free_newsletter-software.png\" \/>\n<meta name=\"twitter:card\" content=\"summary_large_image\" \/>\n<meta name=\"twitter:label1\" content=\"Est. reading time\" \/>\n\t<meta name=\"twitter:data1\" content=\"2 minuti\" \/>\n<script type=\"application\/ld+json\" class=\"yoast-schema-graph\">{\"@context\":\"https:\/\/schema.org\",\"@graph\":[{\"@type\":\"WebPage\",\"@id\":\"https:\/\/www.sendblaster.com\/si\/program-za-e-novice-mnozicno-posiljanje-e-poste-brez-ponavljajocih-se-stroskov\/\",\"url\":\"https:\/\/www.sendblaster.com\/si\/program-za-e-novice-mnozicno-posiljanje-e-poste-brez-ponavljajocih-se-stroskov\/\",\"name\":\"Program za e-novice: mno\u017ei\u010dno po\u0161iljanje e-po\u0161te brez ponavljajo\u010dih se stro\u0161kov - SendBlaster program za mno\u017ei\u010dno po\u0161iljanje e-po\u0161te\",\"isPartOf\":{\"@id\":\"https:\/\/www.sendblaster.com\/#website\"},\"primaryImageOfPage\":{\"@id\":\"https:\/\/www.sendblaster.com\/si\/program-za-e-novice-mnozicno-posiljanje-e-poste-brez-ponavljajocih-se-stroskov\/#primaryimage\"},\"image\":{\"@id\":\"https:\/\/www.sendblaster.com\/si\/program-za-e-novice-mnozicno-posiljanje-e-poste-brez-ponavljajocih-se-stroskov\/#primaryimage\"},\"thumbnailUrl\":\"https:\/\/www.sendblaster.com\/wp-content\/uploads\/2018\/04\/100_free_newsletter-software.png\",\"datePublished\":\"2018-07-03T13:17:40+00:00\",\"dateModified\":\"2018-07-03T13:17:54+00:00\",\"description\":\"SendBlaster program za mno\u017ei\u010dno po\u0161iljanje e-po\u0161te Program za e-novice: mno\u017ei\u010dno po\u0161iljanje e-po\u0161te brez ponavljajo\u010dih se stro\u0161kov The Email newsletter software is a software that manages a mailing list and sends mass newsletter emailings. An email newsletter software is used to\",\"breadcrumb\":{\"@id\":\"https:\/\/www.sendblaster.com\/si\/program-za-e-novice-mnozicno-posiljanje-e-poste-brez-ponavljajocih-se-stroskov\/#breadcrumb\"},\"inLanguage\":\"sl-SI\",\"potentialAction\":[{\"@type\":\"ReadAction\",\"target\":[\"https:\/\/www.sendblaster.com\/si\/program-za-e-novice-mnozicno-posiljanje-e-poste-brez-ponavljajocih-se-stroskov\/\"]}]},{\"@type\":\"ImageObject\",\"inLanguage\":\"sl-SI\",\"@id\":\"https:\/\/www.sendblaster.com\/si\/program-za-e-novice-mnozicno-posiljanje-e-poste-brez-ponavljajocih-se-stroskov\/#primaryimage\",\"url\":\"https:\/\/www.sendblaster.com\/wp-content\/uploads\/2018\/04\/100_free_newsletter-software.png\",\"contentUrl\":\"https:\/\/www.sendblaster.com\/wp-content\/uploads\/2018\/04\/100_free_newsletter-software.png\"},{\"@type\":\"BreadcrumbList\",\"@id\":\"https:\/\/www.sendblaster.com\/si\/program-za-e-novice-mnozicno-posiljanje-e-poste-brez-ponavljajocih-se-stroskov\/#breadcrumb\",\"itemListElement\":[{\"@type\":\"ListItem\",\"position\":1,\"name\":\"Home\",\"item\":\"https:\/\/www.sendblaster.com\/si\/\"},{\"@type\":\"ListItem\",\"position\":2,\"name\":\"Program za e-novice: mno\u017ei\u010dno po\u0161iljanje e-po\u0161te brez ponavljajo\u010dih se stro\u0161kov\"}]},{\"@type\":\"WebSite\",\"@id\":\"https:\/\/www.sendblaster.com\/#website\",\"url\":\"https:\/\/www.sendblaster.com\/\",\"name\":\"SendBlaster program za mno\u017ei\u010dno po\u0161iljanje e-po\u0161te\",\"description\":\"\",\"publisher\":{\"@id\":\"https:\/\/www.sendblaster.com\/#organization\"},\"potentialAction\":[{\"@type\":\"SearchAction\",\"target\":{\"@type\":\"EntryPoint\",\"urlTemplate\":\"https:\/\/www.sendblaster.com\/?s={search_term_string}\"},\"query-input\":{\"@type\":\"PropertyValueSpecification\",\"valueRequired\":true,\"valueName\":\"search_term_string\"}}],\"inLanguage\":\"sl-SI\"},{\"@type\":\"Organization\",\"@id\":\"https:\/\/www.sendblaster.com\/#organization\",\"name\":\"SendBlaster program za mno\u017ei\u010dno po\u0161iljanje e-po\u0161te\",\"url\":\"https:\/\/www.sendblaster.com\/\",\"logo\":{\"@type\":\"ImageObject\",\"inLanguage\":\"sl-SI\",\"@id\":\"https:\/\/www.sendblaster.com\/#\/schema\/logo\/image\/\",\"url\":\"https:\/\/www.sendblaster.com\/wp-content\/uploads\/2021\/09\/logo-svg-2021.svg\",\"contentUrl\":\"https:\/\/www.sendblaster.com\/wp-content\/uploads\/2021\/09\/logo-svg-2021.svg\",\"width\":350,\"height\":70,\"caption\":\"SendBlaster program za mno\u017ei\u010dno po\u0161iljanje e-po\u0161te\"},\"image\":{\"@id\":\"https:\/\/www.sendblaster.com\/#\/schema\/logo\/image\/\"}}]}<\/script>\n<!-- \/ Yoast SEO plugin. -->","yoast_head_json":{"title":"Program za e-novice: mno\u017ei\u010dno po\u0161iljanje e-po\u0161te brez ponavljajo\u010dih se stro\u0161kov - SendBlaster program za mno\u017ei\u010dno po\u0161iljanje e-po\u0161te","description":"SendBlaster program za mno\u017ei\u010dno po\u0161iljanje e-po\u0161te Program za e-novice: mno\u017ei\u010dno po\u0161iljanje e-po\u0161te brez ponavljajo\u010dih se stro\u0161kov The Email newsletter software is a software that manages a mailing list and sends mass newsletter emailings. An email newsletter software is used to","robots":{"index":"index","follow":"follow","max-snippet":"max-snippet:-1","max-image-preview":"max-image-preview:large","max-video-preview":"max-video-preview:-1"},"canonical":"https:\/\/www.sendblaster.com\/si\/program-za-e-novice-mnozicno-posiljanje-e-poste-brez-ponavljajocih-se-stroskov\/","og_locale":"sl_SI","og_type":"article","og_title":"Program za e-novice: mno\u017ei\u010dno po\u0161iljanje e-po\u0161te brez ponavljajo\u010dih se stro\u0161kov - SendBlaster program za mno\u017ei\u010dno po\u0161iljanje e-po\u0161te","og_description":"SendBlaster program za mno\u017ei\u010dno po\u0161iljanje e-po\u0161te Program za e-novice: mno\u017ei\u010dno po\u0161iljanje e-po\u0161te brez ponavljajo\u010dih se stro\u0161kov The Email newsletter software is a software that manages a mailing list and sends mass newsletter emailings. An email newsletter software is used to","og_url":"https:\/\/www.sendblaster.com\/si\/program-za-e-novice-mnozicno-posiljanje-e-poste-brez-ponavljajocih-se-stroskov\/","og_site_name":"SendBlaster program za mno\u017ei\u010dno po\u0161iljanje e-po\u0161te","article_modified_time":"2018-07-03T13:17:54+00:00","og_image":[{"url":"https:\/\/www.sendblaster.com\/wp-content\/uploads\/2018\/04\/100_free_newsletter-software.png"}],"twitter_card":"summary_large_image","twitter_misc":{"Est. reading time":"2 minuti"},"schema":{"@context":"https:\/\/schema.org","@graph":[{"@type":"WebPage","@id":"https:\/\/www.sendblaster.com\/si\/program-za-e-novice-mnozicno-posiljanje-e-poste-brez-ponavljajocih-se-stroskov\/","url":"https:\/\/www.sendblaster.com\/si\/program-za-e-novice-mnozicno-posiljanje-e-poste-brez-ponavljajocih-se-stroskov\/","name":"Program za e-novice: mno\u017ei\u010dno po\u0161iljanje e-po\u0161te brez ponavljajo\u010dih se stro\u0161kov - SendBlaster program za mno\u017ei\u010dno po\u0161iljanje e-po\u0161te","isPartOf":{"@id":"https:\/\/www.sendblaster.com\/#website"},"primaryImageOfPage":{"@id":"https:\/\/www.sendblaster.com\/si\/program-za-e-novice-mnozicno-posiljanje-e-poste-brez-ponavljajocih-se-stroskov\/#primaryimage"},"image":{"@id":"https:\/\/www.sendblaster.com\/si\/program-za-e-novice-mnozicno-posiljanje-e-poste-brez-ponavljajocih-se-stroskov\/#primaryimage"},"thumbnailUrl":"https:\/\/www.sendblaster.com\/wp-content\/uploads\/2018\/04\/100_free_newsletter-software.png","datePublished":"2018-07-03T13:17:40+00:00","dateModified":"2018-07-03T13:17:54+00:00","description":"SendBlaster program za mno\u017ei\u010dno po\u0161iljanje e-po\u0161te Program za e-novice: mno\u017ei\u010dno po\u0161iljanje e-po\u0161te brez ponavljajo\u010dih se stro\u0161kov The Email newsletter software is a software that manages a mailing list and sends mass newsletter emailings. An email newsletter software is used to","breadcrumb":{"@id":"https:\/\/www.sendblaster.com\/si\/program-za-e-novice-mnozicno-posiljanje-e-poste-brez-ponavljajocih-se-stroskov\/#breadcrumb"},"inLanguage":"sl-SI","potentialAction":[{"@type":"ReadAction","target":["https:\/\/www.sendblaster.com\/si\/program-za-e-novice-mnozicno-posiljanje-e-poste-brez-ponavljajocih-se-stroskov\/"]}]},{"@type":"ImageObject","inLanguage":"sl-SI","@id":"https:\/\/www.sendblaster.com\/si\/program-za-e-novice-mnozicno-posiljanje-e-poste-brez-ponavljajocih-se-stroskov\/#primaryimage","url":"https:\/\/www.sendblaster.com\/wp-content\/uploads\/2018\/04\/100_free_newsletter-software.png","contentUrl":"https:\/\/www.sendblaster.com\/wp-content\/uploads\/2018\/04\/100_free_newsletter-software.png"},{"@type":"BreadcrumbList","@id":"https:\/\/www.sendblaster.com\/si\/program-za-e-novice-mnozicno-posiljanje-e-poste-brez-ponavljajocih-se-stroskov\/#breadcrumb","itemListElement":[{"@type":"ListItem","position":1,"name":"Home","item":"https:\/\/www.sendblaster.com\/si\/"},{"@type":"ListItem","position":2,"name":"Program za e-novice: mno\u017ei\u010dno po\u0161iljanje e-po\u0161te brez ponavljajo\u010dih se stro\u0161kov"}]},{"@type":"WebSite","@id":"https:\/\/www.sendblaster.com\/#website","url":"https:\/\/www.sendblaster.com\/","name":"SendBlaster program za mno\u017ei\u010dno po\u0161iljanje e-po\u0161te","description":"","publisher":{"@id":"https:\/\/www.sendblaster.com\/#organization"},"potentialAction":[{"@type":"SearchAction","target":{"@type":"EntryPoint","urlTemplate":"https:\/\/www.sendblaster.com\/?s={search_term_string}"},"query-input":{"@type":"PropertyValueSpecification","valueRequired":true,"valueName":"search_term_string"}}],"inLanguage":"sl-SI"},{"@type":"Organization","@id":"https:\/\/www.sendblaster.com\/#organization","name":"SendBlaster program za mno\u017ei\u010dno po\u0161iljanje e-po\u0161te","url":"https:\/\/www.sendblaster.com\/","logo":{"@type":"ImageObject","inLanguage":"sl-SI","@id":"https:\/\/www.sendblaster.com\/#\/schema\/logo\/image\/","url":"https:\/\/www.sendblaster.com\/wp-content\/uploads\/2021\/09\/logo-svg-2021.svg","contentUrl":"https:\/\/www.sendblaster.com\/wp-content\/uploads\/2021\/09\/logo-svg-2021.svg","width":350,"height":70,"caption":"SendBlaster program za mno\u017ei\u010dno po\u0161iljanje e-po\u0161te"},"image":{"@id":"https:\/\/www.sendblaster.com\/#\/schema\/logo\/image\/"}}]}},"_links":{"self":[{"href":"https:\/\/www.sendblaster.com\/si\/wp-json\/wp\/v2\/pages\/3255"}],"collection":[{"href":"https:\/\/www.sendblaster.com\/si\/wp-json\/wp\/v2\/pages"}],"about":[{"href":"https:\/\/www.sendblaster.com\/si\/wp-json\/wp\/v2\/types\/page"}],"author":[{"embeddable":true,"href":"https:\/\/www.sendblaster.com\/si\/wp-json\/wp\/v2\/users\/1"}],"replies":[{"embeddable":true,"href":"https:\/\/www.sendblaster.com\/si\/wp-json\/wp\/v2\/comments?post=3255"}],"version-history":[{"count":1,"href":"https:\/\/www.sendblaster.com\/si\/wp-json\/wp\/v2\/pages\/3255\/revisions"}],"predecessor-version":[{"id":3256,"href":"https:\/\/www.sendblaster.com\/si\/wp-json\/wp\/v2\/pages\/3255\/revisions\/3256"}],"wp:attachment":[{"href":"https:\/\/www.sendblaster.com\/si\/wp-json\/wp\/v2\/media?parent=3255"}],"curies":[{"name":"wp","href":"https:\/\/api.w.org\/{rel}","templated":true}]}}