{"id":3253,"date":"2018-07-03T13:14:46","date_gmt":"2018-07-03T13:14:46","guid":{"rendered":"https:\/\/www.sendblaster.com\/wpnew-2018\/?page_id=3253"},"modified":"2018-07-03T13:14:46","modified_gmt":"2018-07-03T13:14:46","slug":"primerjalna-tabela-brezplacen-program-za-novice-vs-pro-masovni-posiljatelj-e-poste","status":"publish","type":"page","link":"https:\/\/www.sendblaster.com\/si\/primerjalna-tabela-brezplacen-program-za-novice-vs-pro-masovni-posiljatelj-e-poste\/","title":{"rendered":"SendBlaster Brezpla\u010dni vs. PRO primerjalna tabela"},"content":{"rendered":"<table border=\"1\" cellspacing=\"5\" class=\"table-comparative\">\n<tbody>\n<tr>\n<td class=\"grey\"><strong>Features<\/strong><\/td>\n<td class=\"grey\" style=\"background-color:#15a61c; color:#ffffff; text-align:center;\" width=\"172px\"><strong>Brezpla\u010dna verzija<\/strong><\/td>\n<td class=\"grey\" style=\"background-color:#ff6c00; color:#ffffff; text-align:center;\" width=\"172px\"><strong>PRO verzija<\/strong><\/td>\n<\/tr>\n<tr>\n<td>\u0160tevilo isto\u010dasnih povezav<\/td>\n<td style=\"text-align: center;\"><strong>2<\/strong><\/td>\n<td style=\"text-align: center;\"><strong>50<\/strong><\/td>\n<\/tr>\n<tr>\n<td class=\"grey\">Po\u0161lji najve\u010d prejemnikov naenkrat<\/td>\n<td class=\"grey\" style=\"text-align: center;\"><strong>100<\/strong><\/td>\n<td class=\"grey\" style=\"text-align: center;\"><strong>Neskon\u010dno<\/strong><\/td>\n<\/tr>\n<tr>\n<td>\u0160tevilo seznamov<\/td>\n<td style=\"text-align: center;\"><strong>2<\/strong><\/td>\n<td style=\"text-align: center;\"><strong>Neskon\u010dno<\/strong><\/td>\n<\/tr>\n<tr>\n<td class=\"grey\">Programiranje oznak<\/td>\n<td class=\"grey\" style=\"text-align: center;\"><strong>NE<\/strong><\/td>\n<td class=\"grey\" style=\"text-align: center;\"><strong>DA<\/strong><\/td>\n<\/tr>\n<tr>\n<td>Podpora za dodajanje prilog<\/td>\n<td style=\"text-align: center;\"><strong>NE<\/strong><\/td>\n<td style=\"text-align: center;\"><strong>DA<\/strong><\/td>\n<\/tr>\n<tr>\n<td class=\"grey\">Dodajanje prilog<\/td>\n<td class=\"grey\" style=\"text-align: center;\"><strong>NE<\/strong><\/td>\n<td class=\"grey\" style=\"text-align: center;\"><strong>DA<\/strong><\/td>\n<\/tr>\n<tr>\n<td>Iskalnik seznamov<\/td>\n<td style=\"text-align: center;\"><strong>NE<\/strong><\/td>\n<td style=\"text-align: center;\"><strong>DA<\/strong><\/td>\n<\/tr>\n<tr>\n<td class=\"grey\">Izvoz po\u0161tnih seznamov v csv datoteko<\/td>\n<td class=\"grey\" style=\"text-align: center;\"><strong>NE<\/strong><\/td>\n<td class=\"grey\" style=\"text-align: center;\"><strong>DA<\/strong><\/td>\n<\/tr>\n<tr>\n<td>Za\u0161\u010dita z geslom<\/td>\n<td style=\"text-align: center;\"><strong>NE<\/strong><\/td>\n<td style=\"text-align: center;\"><strong>DA<\/strong><\/td>\n<\/tr>\n<tr>\n<td class=\"grey\">\u010crna lista domen<\/td>\n<td class=\"grey\" style=\"text-align: center;\"><strong>NE<\/strong><\/td>\n<td class=\"grey\" style=\"text-align: center;\"><strong>DA<\/strong><\/td>\n<\/tr>\n<tr>\n<td>Nove kategorije templatov<\/td>\n<td style=\"text-align: center;\"><strong>DA<\/strong><\/td>\n<td style=\"text-align: center;\"><strong>DA<\/strong><\/td>\n<\/tr>\n<tr>\n<td class=\"grey\">Urejevalec razporeditev<\/td>\n<td class=\"grey\" style=\"text-align: center;\"><strong>DA<\/strong><\/td>\n<td class=\"grey\" style=\"text-align: center;\"><strong>DA<\/strong><\/td>\n<\/tr>\n<tr>\n<td>Ozna\u010di in zamenjaj<\/td>\n<td style=\"text-align: center;\"><strong>DA<\/strong><\/td>\n<td style=\"text-align: center;\"><strong>DA<\/strong><\/td>\n<\/tr>\n<tr>\n<td class=\"grey\">Preverjanje povezav<\/td>\n<td class=\"grey\" style=\"text-align: center;\"><strong>DA<\/strong><\/td>\n<td class=\"grey\" style=\"text-align: center;\"><strong>DA<\/strong><\/td>\n<\/tr>\n<tr>\n<td>Izvoz HTML s slikami<\/td>\n<td style=\"text-align: center;\"><strong>DA<\/strong><\/td>\n<td style=\"text-align: center;\"><strong>DA<\/strong><\/td>\n<\/tr>\n<tr>\n<td class=\"grey\">Teks delci<\/td>\n<td class=\"grey\" style=\"text-align: center;\"><strong>DA<\/strong><\/td>\n<td class=\"grey\" style=\"text-align: center;\"><strong>DA<\/strong><\/td>\n<\/tr>\n<tr>\n<td>Osnutki<\/td>\n<td style=\"text-align: center;\"><strong>DA<\/strong><\/td>\n<td style=\"text-align: center;\"><strong>DA<\/strong><\/td>\n<\/tr>\n<tr>\n<td class=\"grey\">Odjava z enim klikom<\/td>\n<td class=\"grey\" style=\"text-align: center;\"><strong>DA<\/strong><\/td>\n<td class=\"grey\" style=\"text-align: center;\"><strong>DA<\/strong><\/td>\n<\/tr>\n<tr>\n<td>Zavihki<\/td>\n<td style=\"text-align: center;\"><strong>DA<\/strong><\/td>\n<td style=\"text-align: center;\"><strong>DA<\/strong><\/td>\n<\/tr>\n<tr>\n<td class=\"grey\">Statistike list<\/td>\n<td class=\"grey\" style=\"text-align: center;\"><strong>DA<\/strong><\/td>\n<td class=\"grey\" style=\"text-align: center;\"><strong>DA<\/strong><\/td>\n<\/tr>\n<tr>\n<td>Premikanje in zdru\u017eevanje list<\/td>\n<td style=\"text-align: center;\"><strong>DA<\/strong><\/td>\n<td style=\"text-align: center;\"><strong>DA<\/strong><\/td>\n<\/tr>\n<tr>\n<td class=\"grey\">Globalna odjava in bounce<\/td>\n<td class=\"grey\" style=\"text-align: center;\"><strong>DA<\/strong><\/td>\n<td class=\"grey\" style=\"text-align: center;\"><strong>DA<\/strong><\/td>\n<\/tr>\n<tr>\n<td>ReturnPath naslov<\/td>\n<td style=\"text-align: center;\"><strong>DA<\/strong><\/td>\n<td style=\"text-align: center;\"><strong>DA<\/strong><\/td>\n<\/tr>\n<tr>\n<td class=\"grey\">Zgodovina prijav in odjav<\/td>\n<td class=\"grey\" style=\"text-align: center;\"><strong>DA<\/strong><\/td>\n<td class=\"grey\" style=\"text-align: center;\"><strong>DA<\/strong><\/td>\n<\/tr>\n<tr>\n<td>Bolj\u0161a integracija s storitvami Google<\/td>\n<td style=\"text-align: center;\"><strong>DA<\/strong><\/td>\n<td style=\"text-align: center;\"><strong>DA<\/strong><\/td>\n<\/tr>\n<tr>\n<td class=\"grey\">Backup baze podatkov<\/td>\n<td class=\"grey\" style=\"text-align: center;\"><strong>DA<\/strong><\/td>\n<td class=\"grey\" style=\"text-align: center;\"><strong>DA<\/strong><\/td>\n<\/tr>\n<tr>\n<td>\u010crna lista e-mailov<\/td>\n<td style=\"text-align: center;\"><strong>DA<\/strong><\/td>\n<td style=\"text-align: center;\"><strong>DA<\/strong><\/td>\n<\/tr>\n<tr>\n<td class=\"grey\">Procesiranje zavrnjenih mailov<\/td>\n<td class=\"grey\" style=\"text-align: center;\"><strong>DA<\/strong><\/td>\n<td class=\"grey\" style=\"text-align: center;\"><strong>DA<\/strong><\/td>\n<\/tr>\n<tr>\n<td>Izvoz nedosegljivih e-mail naslovov<\/td>\n<td style=\"text-align: center;\"><strong>DA<\/strong><\/td>\n<td style=\"text-align: center;\"><strong>DA<\/strong><\/td>\n<\/tr>\n<tr>\n<td class=\"grey\">Po\u0161iljanje mailov preko SMTP Mail ste\u017enik<\/td>\n<td class=\"grey\" style=\"text-align: center;\"><strong>DA<\/strong><\/td>\n<td class=\"grey\" style=\"text-align: center;\"><strong>DA<\/strong><\/td>\n<\/tr>\n<tr>\n<td>Po\u0161iljanje mailov preko ISP operaterja<\/td>\n<td style=\"text-align: center;\"><strong>DA<\/strong><\/td>\n<td style=\"text-align: center;\"><strong>DA<\/strong><\/td>\n<\/tr>\n<tr>\n<td class=\"grey\">Ne po\u0161ilja dvojnih emailov<\/td>\n<td class=\"grey\" style=\"text-align: center;\"><strong>DA<\/strong><\/td>\n<td class=\"grey\" style=\"text-align: center;\"><strong>DA<\/strong><\/td>\n<\/tr>\n<tr>\n<td>Kreiranje in shranjevanje prilagojenih predlog<\/td>\n<td style=\"text-align: center;\"><strong>DA<\/strong><\/td>\n<td style=\"text-align: center;\"><strong>DA<\/strong><\/td>\n<\/tr>\n<tr>\n<td class=\"grey\">Nastavite nabora znakov za ve\u010djezi\u010dna sporo\u010dila<\/td>\n<td class=\"grey\" style=\"text-align: center;\"><strong>DA<\/strong><\/td>\n<td class=\"grey\" style=\"text-align: center;\"><strong>DA<\/strong><\/td>\n<\/tr>\n<tr>\n<td>Predogled sporo\u010dil pred po\u0161iljanjem<\/td>\n<td style=\"text-align: center;\"><strong>DA<\/strong><\/td>\n<td style=\"text-align: center;\"><strong>DA<\/strong><\/td>\n<\/tr>\n<tr>\n<td class=\"grey\">Uvoz sporo\u010dil iz EML datoteke z dodanim medijem<\/td>\n<td class=\"grey\" style=\"text-align: center;\"><strong>DA<\/strong><\/td>\n<td class=\"grey\" style=\"text-align: center;\"><strong>DA<\/strong><\/td>\n<\/tr>\n<tr>\n<td>Uvoz sporo\u010dil iz HTML datotek z dodanim medijem<\/td>\n<td style=\"text-align: center;\"><strong>DA<\/strong><\/td>\n<td style=\"text-align: center;\"><strong>DA<\/strong><\/td>\n<\/tr>\n<tr>\n<td class=\"grey\">Ve\u010dkratne povezave (Po\u0161ljanje velikega \u0161tevila sporo\u010dil isto\u010dasno)<\/td>\n<td class=\"grey\" style=\"text-align: center;\"><strong>DA<\/strong><\/td>\n<td class=\"grey\" style=\"text-align: center;\"><strong>DA<\/strong><\/td>\n<\/tr>\n<tr>\n<td>Povezovanje z po\u0161tnimi seznami s spletnih strani<\/td>\n<td style=\"text-align: center;\"><strong>DA<\/strong><\/td>\n<td style=\"text-align: center;\"><strong>DA<\/strong><\/td>\n<\/tr>\n<tr>\n<td class=\"grey\">Uvoz seznamov iz tekst \/ csv datotek<\/td>\n<td class=\"grey\" style=\"text-align: center;\"><strong>DA<\/strong><\/td>\n<td class=\"grey\" style=\"text-align: center;\"><strong>DA<\/strong><\/td>\n<\/tr>\n<tr>\n<td>Uvoz seznamov iz programa Outlook Express<\/td>\n<td style=\"text-align: center;\"><strong>DA<\/strong><\/td>\n<td style=\"text-align: center;\"><strong>DA<\/strong><\/td>\n<\/tr>\n<tr>\n<td class=\"grey\">Uvoz seznamov iz spletnih strani HTTP:\/\/<\/td>\n<td class=\"grey\" style=\"text-align: center;\"><strong>DA<\/strong><\/td>\n<td class=\"grey\" style=\"text-align: center;\"><strong>DA<\/strong><\/td>\n<\/tr>\n<tr>\n<td>Uvoz seznamov iz odlo\u017ei\u0161\u010da<\/td>\n<td style=\"text-align: center;\"><strong>DA<\/strong><\/td>\n<td style=\"text-align: center;\"><strong>DA<\/strong><\/td>\n<\/tr>\n<tr>\n<td class=\"grey\">Napredno filtriranje seznamov<\/td>\n<td class=\"grey\" style=\"text-align: center;\"><strong>DA<\/strong><\/td>\n<td class=\"grey\" style=\"text-align: center;\"><strong>DA<\/strong><\/td>\n<\/tr>\n<tr>\n<td>Prilagojena polja baze podatkov<\/td>\n<td style=\"text-align: center;\"><strong>DA<\/strong><\/td>\n<td style=\"text-align: center;\"><strong>DA<\/strong><\/td>\n<\/tr>\n<tr>\n<td class=\"grey\">Zdru\u017eevanje e-mailov (kreiranje prilagojenih sporo\u010dil za vsakega prijemnika)<\/td>\n<td class=\"grey\" style=\"text-align: center;\"><strong>DA<\/strong><\/td>\n<td class=\"grey\" style=\"text-align: center;\"><strong>DA<\/strong><\/td>\n<\/tr>\n<tr>\n<td>Urejanje seznama e-po\u0161te<\/td>\n<td style=\"text-align: center;\"><strong>DA<\/strong><\/td>\n<td style=\"text-align: center;\"><strong>DA<\/strong><\/td>\n<\/tr>\n<tr>\n<td class=\"grey\">Razli\u010den pop3 ra\u010dun za vsak seznam<\/td>\n<td class=\"grey\" style=\"text-align: center;\"><strong>DA<\/strong><\/td>\n<td class=\"grey\" style=\"text-align: center;\"><strong>DA<\/strong><\/td>\n<\/tr>\n<tr>\n<td>Prijava\/Odjava preko E-maila ali preko spletne strani<\/td>\n<td style=\"text-align: center;\"><strong>DA<\/strong><\/td>\n<td style=\"text-align: center;\"><strong>DA<\/strong><\/td>\n<\/tr>\n<tr>\n<td class=\"grey\">Shrani vsa polja iz predlo\u017eenega spletnega obrazca<\/td>\n<td class=\"grey\" style=\"text-align: center;\"><strong>DA<\/strong><\/td>\n<td class=\"grey\" style=\"text-align: center;\"><strong>DA<\/strong><\/td>\n<\/tr>\n<tr>\n<td>Tiskanje seznamov s predogledom tiskanja<\/td>\n<td style=\"text-align: center;\"><strong>DA<\/strong><\/td>\n<td style=\"text-align: center;\"><strong>DA<\/strong><\/td>\n<\/tr>\n<tr>\n<td class=\"grey\">Kreiranje HTML kode za Prijavo\/Odjavo s pomo\u010djo spletnega obrazca<\/td>\n<td class=\"grey\" style=\"text-align: center;\"><strong>DA<\/strong><\/td>\n<td class=\"grey\" style=\"text-align: center;\"><strong>DA<\/strong><\/td>\n<\/tr>\n<tr>\n<td>Sporo\u010dilo s HTML in tekst in\/ali dodatnim tekstom<\/td>\n<td style=\"text-align: center;\"><strong>DA<\/strong><\/td>\n<td style=\"text-align: center;\"><strong>DA<\/strong><\/td>\n<\/tr>\n<tr>\n<td class=\"grey\">WYSYWYG HTML urejevalnik<\/td>\n<td class=\"grey\" style=\"text-align: center;\"><strong>DA<\/strong><\/td>\n<td class=\"grey\" style=\"text-align: center;\"><strong>DA<\/strong><\/td>\n<\/tr>\n<tr>\n<td>Lahko po\u0161ilja ve\u010ddelna sporo\u010dila z dodano sliko<\/td>\n<td style=\"text-align: center;\"><strong>DA<\/strong><\/td>\n<td style=\"text-align: center;\"><strong>DA<\/strong><\/td>\n<\/tr>\n<tr>\n<td class=\"grey\">Neomejeno \u0161tevilo po\u0161tnih projektov<\/td>\n<td class=\"grey\" style=\"text-align: center;\"><strong>DA<\/strong><\/td>\n<td class=\"grey\" style=\"text-align: center;\"><strong>DA<\/strong><\/td>\n<\/tr>\n<tr>\n<td>Izlo\u010danje teksta iz HTML obrazca za sporo\u010dila z golim besedilom<\/td>\n<td style=\"text-align: center;\"><strong>DA<\/strong><\/td>\n<td style=\"text-align: center;\"><strong>DA<\/strong><\/td>\n<\/tr>\n<tr>\n<td class=\"grey\">Nove predloge v primerjavi z razli\u010dico 2<\/td>\n<td class=\"grey\" style=\"text-align: center;\"><strong>100<\/strong><\/td>\n<td class=\"grey\" style=\"text-align: center;\"><strong>130<\/strong><br \/>\n\t\t\t<span style=\"font-size: 10px;\">(se odzivajo na predloge vklju\u010den)<\/span><\/td>\n<\/tr>\n<tr>\n<td><strong>E-MAIL TEHNI\u010cNA PODPORA<\/strong><\/td>\n<td style=\"text-align: center;\"><strong>NE<\/strong><\/td>\n<td style=\"text-align: center;\"><strong>DA<\/strong><\/td>\n<\/tr>\n<tr>\n<td align=\"right\" class=\"grey\"><strong><em>Price <\/em><\/strong><\/td>\n<td class=\"grey\" style=\"text-align: center;\"><strong>zastonj<\/strong><\/td>\n<td class=\"grey\" style=\"text-align: center;\"><strong>En nakup<\/strong><\/td>\n<\/tr>\n<tr>\n<td align=\"right\">&nbsp;<\/td>\n<td style=\"text-align: center;\"><a href=\"https:\/\/www.sendblaster.com\/si\/prenos-programa\" title=\"Brezpla\u010den prenos\" class=\"download-cta table-cta\">Brezpla\u010den prenos<\/a><\/td>\n<td style=\"text-align: center;\"><a href=\"https:\/\/www.sendblaster.com\/si\/kupite\/\" title=\"Kupi SendBlaster Pro\" class=\"buy-cta table-cta\">Kupi SendBlaster Pro<\/a><\/td>\n<\/tr>\n<\/tbody>\n<\/table>\n","protected":false},"excerpt":{"rendered":"<p>Features Brezpla\u010dna verzija PRO verzija \u0160tevilo isto\u010dasnih povezav 2 50 Po\u0161lji najve\u010d prejemnikov naenkrat 100 Neskon\u010dno \u0160tevilo seznamov 2 Neskon\u010dno Programiranje oznak NE DA Podpora za dodajanje prilog NE DA Dodajanje prilog NE DA Iskalnik seznamov NE DA Izvoz po\u0161tnih <\/p>\n<p class=\"read-more-container\"><a class=\"button read-more\" href=\"https:\/\/www.sendblaster.com\/si\/primerjalna-tabela-brezplacen-program-za-novice-vs-pro-masovni-posiljatelj-e-poste\/\" title=\"\">Nadaljujte z branjem<\/a><\/p>\n","protected":false},"author":1,"featured_media":0,"parent":0,"menu_order":0,"comment_status":"closed","ping_status":"closed","template":"","meta":{"_monsterinsights_skip_tracking":false,"_monsterinsights_sitenote_active":false,"_monsterinsights_sitenote_note":"","_monsterinsights_sitenote_category":0,"footnotes":""},"class_list":["post-3253","page","type-page","status-publish"],"yoast_head":"<!-- This site is optimized with the Yoast SEO plugin v23.5 - https:\/\/yoast.com\/wordpress\/plugins\/seo\/ -->\n<title>SendBlaster Brezpla\u010dni vs. PRO primerjalna tabela - SendBlaster program za mno\u017ei\u010dno po\u0161iljanje e-po\u0161te<\/title>\n<meta name=\"description\" content=\"SendBlaster program za mno\u017ei\u010dno po\u0161iljanje e-po\u0161te SendBlaster Brezpla\u010dni vs. PRO primerjalna tabela Features Brezpla\u010dna verzija PRO verzija \u0160tevilo isto\u010dasnih povezav 2 50 Po\u0161lji najve\u010d prejemnikov naenkrat 100 Neskon\u010dno \u0160tevilo seznamov 2 Neskon\u010dno\" \/>\n<meta name=\"robots\" content=\"index, follow, max-snippet:-1, max-image-preview:large, max-video-preview:-1\" \/>\n<link rel=\"canonical\" href=\"https:\/\/www.sendblaster.com\/si\/primerjalna-tabela-brezplacen-program-za-novice-vs-pro-masovni-posiljatelj-e-poste\/\" \/>\n<meta property=\"og:locale\" content=\"sl_SI\" \/>\n<meta property=\"og:type\" content=\"article\" \/>\n<meta property=\"og:title\" content=\"SendBlaster Brezpla\u010dni vs. PRO primerjalna tabela - SendBlaster program za mno\u017ei\u010dno po\u0161iljanje e-po\u0161te\" \/>\n<meta property=\"og:description\" content=\"SendBlaster program za mno\u017ei\u010dno po\u0161iljanje e-po\u0161te SendBlaster Brezpla\u010dni vs. PRO primerjalna tabela Features Brezpla\u010dna verzija PRO verzija \u0160tevilo isto\u010dasnih povezav 2 50 Po\u0161lji najve\u010d prejemnikov naenkrat 100 Neskon\u010dno \u0160tevilo seznamov 2 Neskon\u010dno\" \/>\n<meta property=\"og:url\" content=\"https:\/\/www.sendblaster.com\/si\/primerjalna-tabela-brezplacen-program-za-novice-vs-pro-masovni-posiljatelj-e-poste\/\" \/>\n<meta property=\"og:site_name\" content=\"SendBlaster program za mno\u017ei\u010dno po\u0161iljanje e-po\u0161te\" \/>\n<meta name=\"twitter:card\" content=\"summary_large_image\" \/>\n<meta name=\"twitter:label1\" content=\"Est. reading time\" \/>\n\t<meta name=\"twitter:data1\" content=\"2 minuti\" \/>\n<script type=\"application\/ld+json\" class=\"yoast-schema-graph\">{\"@context\":\"https:\/\/schema.org\",\"@graph\":[{\"@type\":\"WebPage\",\"@id\":\"https:\/\/www.sendblaster.com\/si\/primerjalna-tabela-brezplacen-program-za-novice-vs-pro-masovni-posiljatelj-e-poste\/\",\"url\":\"https:\/\/www.sendblaster.com\/si\/primerjalna-tabela-brezplacen-program-za-novice-vs-pro-masovni-posiljatelj-e-poste\/\",\"name\":\"SendBlaster Brezpla\u010dni vs. PRO primerjalna tabela - SendBlaster program za mno\u017ei\u010dno po\u0161iljanje e-po\u0161te\",\"isPartOf\":{\"@id\":\"https:\/\/www.sendblaster.com\/#website\"},\"datePublished\":\"2018-07-03T13:14:46+00:00\",\"dateModified\":\"2018-07-03T13:14:46+00:00\",\"description\":\"SendBlaster program za mno\u017ei\u010dno po\u0161iljanje e-po\u0161te SendBlaster Brezpla\u010dni vs. PRO primerjalna tabela Features Brezpla\u010dna verzija PRO verzija \u0160tevilo isto\u010dasnih povezav 2 50 Po\u0161lji najve\u010d prejemnikov naenkrat 100 Neskon\u010dno \u0160tevilo seznamov 2 Neskon\u010dno\",\"breadcrumb\":{\"@id\":\"https:\/\/www.sendblaster.com\/si\/primerjalna-tabela-brezplacen-program-za-novice-vs-pro-masovni-posiljatelj-e-poste\/#breadcrumb\"},\"inLanguage\":\"sl-SI\",\"potentialAction\":[{\"@type\":\"ReadAction\",\"target\":[\"https:\/\/www.sendblaster.com\/si\/primerjalna-tabela-brezplacen-program-za-novice-vs-pro-masovni-posiljatelj-e-poste\/\"]}]},{\"@type\":\"BreadcrumbList\",\"@id\":\"https:\/\/www.sendblaster.com\/si\/primerjalna-tabela-brezplacen-program-za-novice-vs-pro-masovni-posiljatelj-e-poste\/#breadcrumb\",\"itemListElement\":[{\"@type\":\"ListItem\",\"position\":1,\"name\":\"Home\",\"item\":\"https:\/\/www.sendblaster.com\/si\/\"},{\"@type\":\"ListItem\",\"position\":2,\"name\":\"SendBlaster Brezpla\u010dni vs. PRO primerjalna tabela\"}]},{\"@type\":\"WebSite\",\"@id\":\"https:\/\/www.sendblaster.com\/#website\",\"url\":\"https:\/\/www.sendblaster.com\/\",\"name\":\"SendBlaster program za mno\u017ei\u010dno po\u0161iljanje e-po\u0161te\",\"description\":\"\",\"publisher\":{\"@id\":\"https:\/\/www.sendblaster.com\/#organization\"},\"potentialAction\":[{\"@type\":\"SearchAction\",\"target\":{\"@type\":\"EntryPoint\",\"urlTemplate\":\"https:\/\/www.sendblaster.com\/?s={search_term_string}\"},\"query-input\":{\"@type\":\"PropertyValueSpecification\",\"valueRequired\":true,\"valueName\":\"search_term_string\"}}],\"inLanguage\":\"sl-SI\"},{\"@type\":\"Organization\",\"@id\":\"https:\/\/www.sendblaster.com\/#organization\",\"name\":\"SendBlaster program za mno\u017ei\u010dno po\u0161iljanje e-po\u0161te\",\"url\":\"https:\/\/www.sendblaster.com\/\",\"logo\":{\"@type\":\"ImageObject\",\"inLanguage\":\"sl-SI\",\"@id\":\"https:\/\/www.sendblaster.com\/#\/schema\/logo\/image\/\",\"url\":\"https:\/\/www.sendblaster.com\/wp-content\/uploads\/2021\/09\/logo-svg-2021.svg\",\"contentUrl\":\"https:\/\/www.sendblaster.com\/wp-content\/uploads\/2021\/09\/logo-svg-2021.svg\",\"width\":350,\"height\":70,\"caption\":\"SendBlaster program za mno\u017ei\u010dno po\u0161iljanje e-po\u0161te\"},\"image\":{\"@id\":\"https:\/\/www.sendblaster.com\/#\/schema\/logo\/image\/\"}}]}<\/script>\n<!-- \/ Yoast SEO plugin. -->","yoast_head_json":{"title":"SendBlaster Brezpla\u010dni vs. PRO primerjalna tabela - SendBlaster program za mno\u017ei\u010dno po\u0161iljanje e-po\u0161te","description":"SendBlaster program za mno\u017ei\u010dno po\u0161iljanje e-po\u0161te SendBlaster Brezpla\u010dni vs. PRO primerjalna tabela Features Brezpla\u010dna verzija PRO verzija \u0160tevilo isto\u010dasnih povezav 2 50 Po\u0161lji najve\u010d prejemnikov naenkrat 100 Neskon\u010dno \u0160tevilo seznamov 2 Neskon\u010dno","robots":{"index":"index","follow":"follow","max-snippet":"max-snippet:-1","max-image-preview":"max-image-preview:large","max-video-preview":"max-video-preview:-1"},"canonical":"https:\/\/www.sendblaster.com\/si\/primerjalna-tabela-brezplacen-program-za-novice-vs-pro-masovni-posiljatelj-e-poste\/","og_locale":"sl_SI","og_type":"article","og_title":"SendBlaster Brezpla\u010dni vs. PRO primerjalna tabela - SendBlaster program za mno\u017ei\u010dno po\u0161iljanje e-po\u0161te","og_description":"SendBlaster program za mno\u017ei\u010dno po\u0161iljanje e-po\u0161te SendBlaster Brezpla\u010dni vs. PRO primerjalna tabela Features Brezpla\u010dna verzija PRO verzija \u0160tevilo isto\u010dasnih povezav 2 50 Po\u0161lji najve\u010d prejemnikov naenkrat 100 Neskon\u010dno \u0160tevilo seznamov 2 Neskon\u010dno","og_url":"https:\/\/www.sendblaster.com\/si\/primerjalna-tabela-brezplacen-program-za-novice-vs-pro-masovni-posiljatelj-e-poste\/","og_site_name":"SendBlaster program za mno\u017ei\u010dno po\u0161iljanje e-po\u0161te","twitter_card":"summary_large_image","twitter_misc":{"Est. reading time":"2 minuti"},"schema":{"@context":"https:\/\/schema.org","@graph":[{"@type":"WebPage","@id":"https:\/\/www.sendblaster.com\/si\/primerjalna-tabela-brezplacen-program-za-novice-vs-pro-masovni-posiljatelj-e-poste\/","url":"https:\/\/www.sendblaster.com\/si\/primerjalna-tabela-brezplacen-program-za-novice-vs-pro-masovni-posiljatelj-e-poste\/","name":"SendBlaster Brezpla\u010dni vs. PRO primerjalna tabela - SendBlaster program za mno\u017ei\u010dno po\u0161iljanje e-po\u0161te","isPartOf":{"@id":"https:\/\/www.sendblaster.com\/#website"},"datePublished":"2018-07-03T13:14:46+00:00","dateModified":"2018-07-03T13:14:46+00:00","description":"SendBlaster program za mno\u017ei\u010dno po\u0161iljanje e-po\u0161te SendBlaster Brezpla\u010dni vs. PRO primerjalna tabela Features Brezpla\u010dna verzija PRO verzija \u0160tevilo isto\u010dasnih povezav 2 50 Po\u0161lji najve\u010d prejemnikov naenkrat 100 Neskon\u010dno \u0160tevilo seznamov 2 Neskon\u010dno","breadcrumb":{"@id":"https:\/\/www.sendblaster.com\/si\/primerjalna-tabela-brezplacen-program-za-novice-vs-pro-masovni-posiljatelj-e-poste\/#breadcrumb"},"inLanguage":"sl-SI","potentialAction":[{"@type":"ReadAction","target":["https:\/\/www.sendblaster.com\/si\/primerjalna-tabela-brezplacen-program-za-novice-vs-pro-masovni-posiljatelj-e-poste\/"]}]},{"@type":"BreadcrumbList","@id":"https:\/\/www.sendblaster.com\/si\/primerjalna-tabela-brezplacen-program-za-novice-vs-pro-masovni-posiljatelj-e-poste\/#breadcrumb","itemListElement":[{"@type":"ListItem","position":1,"name":"Home","item":"https:\/\/www.sendblaster.com\/si\/"},{"@type":"ListItem","position":2,"name":"SendBlaster Brezpla\u010dni vs. PRO primerjalna tabela"}]},{"@type":"WebSite","@id":"https:\/\/www.sendblaster.com\/#website","url":"https:\/\/www.sendblaster.com\/","name":"SendBlaster program za mno\u017ei\u010dno po\u0161iljanje e-po\u0161te","description":"","publisher":{"@id":"https:\/\/www.sendblaster.com\/#organization"},"potentialAction":[{"@type":"SearchAction","target":{"@type":"EntryPoint","urlTemplate":"https:\/\/www.sendblaster.com\/?s={search_term_string}"},"query-input":{"@type":"PropertyValueSpecification","valueRequired":true,"valueName":"search_term_string"}}],"inLanguage":"sl-SI"},{"@type":"Organization","@id":"https:\/\/www.sendblaster.com\/#organization","name":"SendBlaster program za mno\u017ei\u010dno po\u0161iljanje e-po\u0161te","url":"https:\/\/www.sendblaster.com\/","logo":{"@type":"ImageObject","inLanguage":"sl-SI","@id":"https:\/\/www.sendblaster.com\/#\/schema\/logo\/image\/","url":"https:\/\/www.sendblaster.com\/wp-content\/uploads\/2021\/09\/logo-svg-2021.svg","contentUrl":"https:\/\/www.sendblaster.com\/wp-content\/uploads\/2021\/09\/logo-svg-2021.svg","width":350,"height":70,"caption":"SendBlaster program za mno\u017ei\u010dno po\u0161iljanje e-po\u0161te"},"image":{"@id":"https:\/\/www.sendblaster.com\/#\/schema\/logo\/image\/"}}]}},"_links":{"self":[{"href":"https:\/\/www.sendblaster.com\/si\/wp-json\/wp\/v2\/pages\/3253"}],"collection":[{"href":"https:\/\/www.sendblaster.com\/si\/wp-json\/wp\/v2\/pages"}],"about":[{"href":"https:\/\/www.sendblaster.com\/si\/wp-json\/wp\/v2\/types\/page"}],"author":[{"embeddable":true,"href":"https:\/\/www.sendblaster.com\/si\/wp-json\/wp\/v2\/users\/1"}],"replies":[{"embeddable":true,"href":"https:\/\/www.sendblaster.com\/si\/wp-json\/wp\/v2\/comments?post=3253"}],"version-history":[{"count":1,"href":"https:\/\/www.sendblaster.com\/si\/wp-json\/wp\/v2\/pages\/3253\/revisions"}],"predecessor-version":[{"id":3254,"href":"https:\/\/www.sendblaster.com\/si\/wp-json\/wp\/v2\/pages\/3253\/revisions\/3254"}],"wp:attachment":[{"href":"https:\/\/www.sendblaster.com\/si\/wp-json\/wp\/v2\/media?parent=3253"}],"curies":[{"name":"wp","href":"https:\/\/api.w.org\/{rel}","templated":true}]}}