{"id":3247,"date":"2018-07-03T13:09:15","date_gmt":"2018-07-03T13:09:15","guid":{"rendered":"https:\/\/www.sendblaster.com\/wpnew-2018\/?page_id=3247"},"modified":"2018-07-03T13:09:15","modified_gmt":"2018-07-03T13:09:15","slug":"e-postni-marketing","status":"publish","type":"page","link":"https:\/\/www.sendblaster.com\/si\/e-postni-marketing\/","title":{"rendered":"Kako naredimo e-mail marketin\u0161ko kampanjo"},"content":{"rendered":"<p>Email marketing je nedvomno najbolj direktno in u\u010dinkovito orodje za pridobivanje zvestobe kupcev.<\/p>\n<p>Prilo\u017enost profiliranja zaintersiranih strank ima veliko vrednost, tudi ve\u010djo \u010de uporabljate orodja kot so \u201cpay per click\u201d ( kot Google Adwords) takrat je vrednost \u0161e ve\u010dja in \u0161koda bi bila ne-uporabljati marketin\u0161ka orodja z dovoljenji, za zbiranje njihovih informacij, kako dose\u010di svoje cilje (kot so: prodaja, in podobno).<br \/>\nZ druge strani, po\u0161iljanje neza\u017eeljene elektronske po\u0161te neponanim osebam je ilegalno, se ne spla\u010da in negativno vpliva na Va\u0161e podjetje(in Va\u0161o spletno stran). Po\u0161iljanje po\u0161te 200 interesiranim strankam je bolj\u0161e kot po\u0161iljanje 20000 nezainteresiranim.<\/p>\n<p>Tukaj so na\u0161teti potrebni koraki kako bi brezbla\u010dno za\u010deli Va\u0161o epo\u0161tno marketin\u0161ko kampanjo&nbsp;(with the <a title=\"prenos programa\" href=\"prenos-programa\">free version of our bulk email software SendBlaster<\/a>) ali enkratnim pla\u010dilom 85 evrov za polno verzijo.<\/p>\n<p>&nbsp;<\/p>\n<ul>\n<li><a title=\"support, lists importing, uvazanje seznamov\" href=\"https:\/\/www.sendblaster.com\/si\/support\/lists-importing\/uvazanje-seznamov\">Uva\u017eanje seznamov<\/a><\/li>\n<li><a title=\"support, permission based list, kako ustvariti seznam dovoljenj\" href=\"https:\/\/www.sendblaster.com\/si\/support\/permission-based-list\/kako-ustvariti-seznam-dovoljenj\">Kako ustvariti seznam dovoljenj<\/a><\/li>\n<li><a title=\"support, suggestions, vodic za boljse masovno posiljanje e poste\" href=\"https:\/\/www.sendblaster.com\/si\/support\/suggestions\/vodic-za-boljse-masovno-posiljanje-e-poste\">Vodi\u010d za bolj\u0161e masovno po\u0161iljanje e-po\u0161te<\/a><\/li>\n<li><a title=\"anti spam law\" href=\"https:\/\/www.sendblaster.com\/..\/anti-spam-law\">Anti-Spam Law<\/a><\/li>\n<li><a title=\"email delivery rate\" href=\"https:\/\/www.sendblaster.com\/..\/e-mail-delivery-rate\">E-mail delivery rate<\/a><\/li>\n<li><a title=\"analiza podatkov\" href=\"https:\/\/www.sendblaster.com\/si\/analiza-podatkov\">Analiza podatkov<\/a><\/li>\n<\/ul>\n","protected":false},"excerpt":{"rendered":"<p>Email marketing je nedvomno najbolj direktno in u\u010dinkovito orodje za pridobivanje zvestobe kupcev. Prilo\u017enost profiliranja zaintersiranih strank ima veliko vrednost, tudi ve\u010djo \u010de uporabljate orodja kot so \u201cpay per click\u201d ( kot Google Adwords) takrat je vrednost \u0161e ve\u010dja in <\/p>\n<p class=\"read-more-container\"><a class=\"button read-more\" href=\"https:\/\/www.sendblaster.com\/si\/e-postni-marketing\/\" title=\"\">Nadaljujte z branjem<\/a><\/p>\n","protected":false},"author":1,"featured_media":0,"parent":0,"menu_order":0,"comment_status":"closed","ping_status":"closed","template":"g1_template_page_sidebar_right.php","meta":{"_monsterinsights_skip_tracking":false,"_monsterinsights_sitenote_active":false,"_monsterinsights_sitenote_note":"","_monsterinsights_sitenote_category":0,"footnotes":""},"class_list":["post-3247","page","type-page","status-publish"],"yoast_head":"<!-- This site is optimized with the Yoast SEO plugin v23.5 - https:\/\/yoast.com\/wordpress\/plugins\/seo\/ -->\n<title>Kako naredimo e-mail marketin\u0161ko kampanjo - SendBlaster program za mno\u017ei\u010dno po\u0161iljanje e-po\u0161te<\/title>\n<meta name=\"description\" content=\"SendBlaster program za mno\u017ei\u010dno po\u0161iljanje e-po\u0161te Kako naredimo e-mail marketin\u0161ko kampanjo Email marketing je nedvomno najbolj direktno in u\u010dinkovito orodje za pridobivanje zvestobe kupcev. Prilo\u017enost profiliranja zaintersiranih strank ima\" \/>\n<meta name=\"robots\" content=\"index, follow, max-snippet:-1, max-image-preview:large, max-video-preview:-1\" \/>\n<link rel=\"canonical\" href=\"https:\/\/www.sendblaster.com\/si\/e-postni-marketing\/\" \/>\n<meta property=\"og:locale\" content=\"sl_SI\" \/>\n<meta property=\"og:type\" content=\"article\" \/>\n<meta property=\"og:title\" content=\"Kako naredimo e-mail marketin\u0161ko kampanjo - SendBlaster program za mno\u017ei\u010dno po\u0161iljanje e-po\u0161te\" \/>\n<meta property=\"og:description\" content=\"SendBlaster program za mno\u017ei\u010dno po\u0161iljanje e-po\u0161te Kako naredimo e-mail marketin\u0161ko kampanjo Email marketing je nedvomno najbolj direktno in u\u010dinkovito orodje za pridobivanje zvestobe kupcev. Prilo\u017enost profiliranja zaintersiranih strank ima\" \/>\n<meta property=\"og:url\" content=\"https:\/\/www.sendblaster.com\/si\/e-postni-marketing\/\" \/>\n<meta property=\"og:site_name\" content=\"SendBlaster program za mno\u017ei\u010dno po\u0161iljanje e-po\u0161te\" \/>\n<meta name=\"twitter:card\" content=\"summary_large_image\" \/>\n<meta name=\"twitter:label1\" content=\"Est. reading time\" \/>\n\t<meta name=\"twitter:data1\" content=\"1 minuta\" \/>\n<script type=\"application\/ld+json\" class=\"yoast-schema-graph\">{\"@context\":\"https:\/\/schema.org\",\"@graph\":[{\"@type\":\"WebPage\",\"@id\":\"https:\/\/www.sendblaster.com\/si\/e-postni-marketing\/\",\"url\":\"https:\/\/www.sendblaster.com\/si\/e-postni-marketing\/\",\"name\":\"Kako naredimo e-mail marketin\u0161ko kampanjo - SendBlaster program za mno\u017ei\u010dno po\u0161iljanje e-po\u0161te\",\"isPartOf\":{\"@id\":\"https:\/\/www.sendblaster.com\/#website\"},\"datePublished\":\"2018-07-03T13:09:15+00:00\",\"dateModified\":\"2018-07-03T13:09:15+00:00\",\"description\":\"SendBlaster program za mno\u017ei\u010dno po\u0161iljanje e-po\u0161te Kako naredimo e-mail marketin\u0161ko kampanjo Email marketing je nedvomno najbolj direktno in u\u010dinkovito orodje za pridobivanje zvestobe kupcev. Prilo\u017enost profiliranja zaintersiranih strank ima\",\"breadcrumb\":{\"@id\":\"https:\/\/www.sendblaster.com\/si\/e-postni-marketing\/#breadcrumb\"},\"inLanguage\":\"sl-SI\",\"potentialAction\":[{\"@type\":\"ReadAction\",\"target\":[\"https:\/\/www.sendblaster.com\/si\/e-postni-marketing\/\"]}]},{\"@type\":\"BreadcrumbList\",\"@id\":\"https:\/\/www.sendblaster.com\/si\/e-postni-marketing\/#breadcrumb\",\"itemListElement\":[{\"@type\":\"ListItem\",\"position\":1,\"name\":\"Home\",\"item\":\"https:\/\/www.sendblaster.com\/si\/\"},{\"@type\":\"ListItem\",\"position\":2,\"name\":\"Kako naredimo e-mail marketin\u0161ko kampanjo\"}]},{\"@type\":\"WebSite\",\"@id\":\"https:\/\/www.sendblaster.com\/#website\",\"url\":\"https:\/\/www.sendblaster.com\/\",\"name\":\"SendBlaster program za mno\u017ei\u010dno po\u0161iljanje e-po\u0161te\",\"description\":\"\",\"publisher\":{\"@id\":\"https:\/\/www.sendblaster.com\/#organization\"},\"potentialAction\":[{\"@type\":\"SearchAction\",\"target\":{\"@type\":\"EntryPoint\",\"urlTemplate\":\"https:\/\/www.sendblaster.com\/?s={search_term_string}\"},\"query-input\":{\"@type\":\"PropertyValueSpecification\",\"valueRequired\":true,\"valueName\":\"search_term_string\"}}],\"inLanguage\":\"sl-SI\"},{\"@type\":\"Organization\",\"@id\":\"https:\/\/www.sendblaster.com\/#organization\",\"name\":\"SendBlaster program za mno\u017ei\u010dno po\u0161iljanje e-po\u0161te\",\"url\":\"https:\/\/www.sendblaster.com\/\",\"logo\":{\"@type\":\"ImageObject\",\"inLanguage\":\"sl-SI\",\"@id\":\"https:\/\/www.sendblaster.com\/#\/schema\/logo\/image\/\",\"url\":\"https:\/\/www.sendblaster.com\/wp-content\/uploads\/2021\/09\/logo-svg-2021.svg\",\"contentUrl\":\"https:\/\/www.sendblaster.com\/wp-content\/uploads\/2021\/09\/logo-svg-2021.svg\",\"width\":350,\"height\":70,\"caption\":\"SendBlaster program za mno\u017ei\u010dno po\u0161iljanje e-po\u0161te\"},\"image\":{\"@id\":\"https:\/\/www.sendblaster.com\/#\/schema\/logo\/image\/\"}}]}<\/script>\n<!-- \/ Yoast SEO plugin. -->","yoast_head_json":{"title":"Kako naredimo e-mail marketin\u0161ko kampanjo - SendBlaster program za mno\u017ei\u010dno po\u0161iljanje e-po\u0161te","description":"SendBlaster program za mno\u017ei\u010dno po\u0161iljanje e-po\u0161te Kako naredimo e-mail marketin\u0161ko kampanjo Email marketing je nedvomno najbolj direktno in u\u010dinkovito orodje za pridobivanje zvestobe kupcev. Prilo\u017enost profiliranja zaintersiranih strank ima","robots":{"index":"index","follow":"follow","max-snippet":"max-snippet:-1","max-image-preview":"max-image-preview:large","max-video-preview":"max-video-preview:-1"},"canonical":"https:\/\/www.sendblaster.com\/si\/e-postni-marketing\/","og_locale":"sl_SI","og_type":"article","og_title":"Kako naredimo e-mail marketin\u0161ko kampanjo - SendBlaster program za mno\u017ei\u010dno po\u0161iljanje e-po\u0161te","og_description":"SendBlaster program za mno\u017ei\u010dno po\u0161iljanje e-po\u0161te Kako naredimo e-mail marketin\u0161ko kampanjo Email marketing je nedvomno najbolj direktno in u\u010dinkovito orodje za pridobivanje zvestobe kupcev. Prilo\u017enost profiliranja zaintersiranih strank ima","og_url":"https:\/\/www.sendblaster.com\/si\/e-postni-marketing\/","og_site_name":"SendBlaster program za mno\u017ei\u010dno po\u0161iljanje e-po\u0161te","twitter_card":"summary_large_image","twitter_misc":{"Est. reading time":"1 minuta"},"schema":{"@context":"https:\/\/schema.org","@graph":[{"@type":"WebPage","@id":"https:\/\/www.sendblaster.com\/si\/e-postni-marketing\/","url":"https:\/\/www.sendblaster.com\/si\/e-postni-marketing\/","name":"Kako naredimo e-mail marketin\u0161ko kampanjo - SendBlaster program za mno\u017ei\u010dno po\u0161iljanje e-po\u0161te","isPartOf":{"@id":"https:\/\/www.sendblaster.com\/#website"},"datePublished":"2018-07-03T13:09:15+00:00","dateModified":"2018-07-03T13:09:15+00:00","description":"SendBlaster program za mno\u017ei\u010dno po\u0161iljanje e-po\u0161te Kako naredimo e-mail marketin\u0161ko kampanjo Email marketing je nedvomno najbolj direktno in u\u010dinkovito orodje za pridobivanje zvestobe kupcev. Prilo\u017enost profiliranja zaintersiranih strank ima","breadcrumb":{"@id":"https:\/\/www.sendblaster.com\/si\/e-postni-marketing\/#breadcrumb"},"inLanguage":"sl-SI","potentialAction":[{"@type":"ReadAction","target":["https:\/\/www.sendblaster.com\/si\/e-postni-marketing\/"]}]},{"@type":"BreadcrumbList","@id":"https:\/\/www.sendblaster.com\/si\/e-postni-marketing\/#breadcrumb","itemListElement":[{"@type":"ListItem","position":1,"name":"Home","item":"https:\/\/www.sendblaster.com\/si\/"},{"@type":"ListItem","position":2,"name":"Kako naredimo e-mail marketin\u0161ko kampanjo"}]},{"@type":"WebSite","@id":"https:\/\/www.sendblaster.com\/#website","url":"https:\/\/www.sendblaster.com\/","name":"SendBlaster program za mno\u017ei\u010dno po\u0161iljanje e-po\u0161te","description":"","publisher":{"@id":"https:\/\/www.sendblaster.com\/#organization"},"potentialAction":[{"@type":"SearchAction","target":{"@type":"EntryPoint","urlTemplate":"https:\/\/www.sendblaster.com\/?s={search_term_string}"},"query-input":{"@type":"PropertyValueSpecification","valueRequired":true,"valueName":"search_term_string"}}],"inLanguage":"sl-SI"},{"@type":"Organization","@id":"https:\/\/www.sendblaster.com\/#organization","name":"SendBlaster program za mno\u017ei\u010dno po\u0161iljanje e-po\u0161te","url":"https:\/\/www.sendblaster.com\/","logo":{"@type":"ImageObject","inLanguage":"sl-SI","@id":"https:\/\/www.sendblaster.com\/#\/schema\/logo\/image\/","url":"https:\/\/www.sendblaster.com\/wp-content\/uploads\/2021\/09\/logo-svg-2021.svg","contentUrl":"https:\/\/www.sendblaster.com\/wp-content\/uploads\/2021\/09\/logo-svg-2021.svg","width":350,"height":70,"caption":"SendBlaster program za mno\u017ei\u010dno po\u0161iljanje e-po\u0161te"},"image":{"@id":"https:\/\/www.sendblaster.com\/#\/schema\/logo\/image\/"}}]}},"_links":{"self":[{"href":"https:\/\/www.sendblaster.com\/si\/wp-json\/wp\/v2\/pages\/3247"}],"collection":[{"href":"https:\/\/www.sendblaster.com\/si\/wp-json\/wp\/v2\/pages"}],"about":[{"href":"https:\/\/www.sendblaster.com\/si\/wp-json\/wp\/v2\/types\/page"}],"author":[{"embeddable":true,"href":"https:\/\/www.sendblaster.com\/si\/wp-json\/wp\/v2\/users\/1"}],"replies":[{"embeddable":true,"href":"https:\/\/www.sendblaster.com\/si\/wp-json\/wp\/v2\/comments?post=3247"}],"version-history":[{"count":1,"href":"https:\/\/www.sendblaster.com\/si\/wp-json\/wp\/v2\/pages\/3247\/revisions"}],"predecessor-version":[{"id":3248,"href":"https:\/\/www.sendblaster.com\/si\/wp-json\/wp\/v2\/pages\/3247\/revisions\/3248"}],"wp:attachment":[{"href":"https:\/\/www.sendblaster.com\/si\/wp-json\/wp\/v2\/media?parent=3247"}],"curies":[{"name":"wp","href":"https:\/\/api.w.org\/{rel}","templated":true}]}}