{"id":3229,"date":"2018-07-03T12:36:04","date_gmt":"2018-07-03T12:36:04","guid":{"rendered":"https:\/\/www.sendblaster.com\/wpnew-2018\/?page_id=3229"},"modified":"2018-07-03T12:36:16","modified_gmt":"2018-07-03T12:36:16","slug":"brezplacne-predloge-e-sporocil","status":"publish","type":"page","link":"https:\/\/www.sendblaster.com\/si\/brezplacne-predloge-e-sporocil\/","title":{"rendered":"Brezpla\u010dne predloge e-sporo\u010dil"},"content":{"rendered":"<p>Bi radi va\u0161im e-sporo\u010dilom podarili profesionalen in privla\u010den izgled? <strong>Paket Sendblaster ponuja preko 130 brezpla\u010dnih predlog e-sporo\u010dil<\/strong>, ki vam bodo pomagale pri prilagoditvi va\u0161ih e-novic. Motorji, poslovni svet, spletno poslovanje in tr\u017eenje so le nekatere od kategorij, ki jih pokrivajo brezpla\u010dne predloge e-sporo\u010dil, vklju\u010dene v paketu Sendblaster.<\/p>\n<p>Bi \u017eeleli preizkusiti nekatere od \u010dudovitih predlog, ki so vklju\u010dene v paketu? <a title=\"Prenesite brezpla\u010dno verzijo programa za masovno po\u0161iljanje elektronske po\u0161te\" href=\"https:\/\/sendblaster.com\/services\/download\/downloadsendblasterfree.php\"><strong>Prenesite Sendblaster zdaj<\/strong><\/a>.<\/p>\n<p>&nbsp;<\/p>\n<ul class=\"g1-grid\"><li class=\"g1-column g1-one-third g1-valign-top\">\n<p style=\"text-align: center; margin-top: 0px;\"><img decoding=\"async\" width=\"602\" height=\"605\" src=\"https:\/\/www.sendblaster.com\/wp-content\/uploads\/2018\/03\/free-email-template-1.jpg\" alt=\"Brezpla\u010dne predloge e-sporo\u010dil\" \/><br \/>\n<small><i>Brezpla\u010dne predloge e-sporo\u010dil narava<\/i><\/small><\/p>\n<\/li><!-- -->\n<li class=\"g1-column g1-one-third g1-valign-top\">\n<p style=\"text-align: center; margin-top: 0px;\"><img decoding=\"async\" width=\"602\" height=\"605\" src=\"https:\/\/www.sendblaster.com\/wp-content\/uploads\/2018\/03\/free-email-template-2.jpg\" alt=\"Brezpla\u010dne predloge e-sporo\u010dil\" \/><br \/>\n<small><i>Brezpla\u010dne predloge e-sporo\u010dil nepremi\u010dnina<\/i><\/small><\/p>\n<\/li><!-- -->\n<li class=\"g1-column g1-one-third g1-valign-top\">\n<p style=\"text-align: center; margin-top: 0px;\"><img decoding=\"async\" width=\"602\" height=\"605\" src=\"https:\/\/www.sendblaster.com\/wp-content\/uploads\/2018\/03\/free-email-template-3.jpg\" alt=\"Brezpla\u010dne predloge e-sporo\u010dil\" \/><br \/>\n<small><i>Brezpla\u010dne predloge e-sporo\u010dil potovanja<\/i><\/small><\/p>\n<\/li><!-- --><\/ul>\n<ul class=\"g1-grid\"><li class=\"g1-column g1-one-third g1-valign-top\">\n<p style=\"text-align: center; margin-top: 0px;\"><img decoding=\"async\" width=\"602\" height=\"605\" src=\"https:\/\/www.sendblaster.com\/wp-content\/uploads\/2018\/03\/free-email-template-4.jpg\" alt=\"Brezpla\u010dne predloge e-sporo\u010dil\" \/><br \/>\n<small><i>Brezpla\u010dne predloge e-sporo\u010dil hobi<\/i><\/small><\/p>\n<\/li><!-- -->\n<li class=\"g1-column g1-one-third g1-valign-top\">\n<p style=\"text-align: center; margin-top: 0px;\"><img decoding=\"async\" width=\"602\" height=\"605\" src=\"https:\/\/www.sendblaster.com\/wp-content\/uploads\/2018\/03\/free-email-template-5.jpg\" alt=\"Brezpla\u010dne predloge e-sporo\u010dil\" \/><br \/>\n<small><i>Brezpla\u010dne predloge e-sporo\u010dil hrano<\/i><\/small><\/p>\n<\/li><!-- -->\n<li class=\"g1-column g1-one-third g1-valign-top\">\n<p style=\"text-align: center; margin-top: 0px;\"><img decoding=\"async\" width=\"602\" height=\"605\" src=\"https:\/\/www.sendblaster.com\/wp-content\/uploads\/2018\/03\/free-email-template-6.jpg\" alt=\"Brezpla\u010dne predloge e-sporo\u010dil\" \/><br \/>\n<small><i>Brezpla\u010dne predloge e-sporo\u010dil tehnologijo<\/i><\/small><\/p>\n<\/li><!-- --><\/ul>\n<p>&nbsp;<\/p>\n<p><a title=\"Prenesite brezpla\u010dno verzijo programa za masovno po\u0161iljanje elektronske po\u0161te\" href=\"https:\/\/sendblaster.com\/services\/download\/downloadsendblasterfree.php\"><strong>Prenesite Sendblaster zdaj<\/strong><\/a> in uporabili boste lahko vseh 130 brezpla\u010dnih profesionalnih predlog e-sporo\u010dil!<\/p>\n<p style=\"text-align: center; margin-bottom: 0px;\"><a href=\"https:\/\/www.sendblaster.com\/si\/prenos-programa\" title=\"Brezpla\u010den prenos\" class=\"download-cta\">Brezpla\u010den prenos<\/a><\/p>\n","protected":false},"excerpt":{"rendered":"<p>Bi radi va\u0161im e-sporo\u010dilom podarili profesionalen in privla\u010den izgled? Paket Sendblaster ponuja preko 130 brezpla\u010dnih predlog e-sporo\u010dil, ki vam bodo pomagale pri prilagoditvi va\u0161ih e-novic. Motorji, poslovni svet, spletno poslovanje in tr\u017eenje so le nekatere od kategorij, ki jih pokrivajo <\/p>\n<p class=\"read-more-container\"><a class=\"button read-more\" href=\"https:\/\/www.sendblaster.com\/si\/brezplacne-predloge-e-sporocil\/\" title=\"\">Nadaljujte z branjem<\/a><\/p>\n","protected":false},"author":1,"featured_media":0,"parent":0,"menu_order":0,"comment_status":"closed","ping_status":"closed","template":"","meta":{"_monsterinsights_skip_tracking":false,"_monsterinsights_sitenote_active":false,"_monsterinsights_sitenote_note":"","_monsterinsights_sitenote_category":0,"footnotes":""},"class_list":["post-3229","page","type-page","status-publish"],"yoast_head":"<!-- This site is optimized with the Yoast SEO plugin v23.5 - https:\/\/yoast.com\/wordpress\/plugins\/seo\/ -->\n<title>Brezpla\u010dne predloge e-sporo\u010dil - SendBlaster program za mno\u017ei\u010dno po\u0161iljanje e-po\u0161te<\/title>\n<meta name=\"description\" content=\"SendBlaster program za mno\u017ei\u010dno po\u0161iljanje e-po\u0161te Brezpla\u010dne predloge e-sporo\u010dil Bi radi va\u0161im e-sporo\u010dilom podarili profesionalen in privla\u010den izgled? Paket Sendblaster ponuja preko 130 brezpla\u010dnih predlog e-sporo\u010dil, ki vam bodo\" \/>\n<meta name=\"robots\" content=\"index, follow, max-snippet:-1, max-image-preview:large, max-video-preview:-1\" \/>\n<link rel=\"canonical\" href=\"https:\/\/www.sendblaster.com\/si\/brezplacne-predloge-e-sporocil\/\" \/>\n<meta property=\"og:locale\" content=\"sl_SI\" \/>\n<meta property=\"og:type\" content=\"article\" \/>\n<meta property=\"og:title\" content=\"Brezpla\u010dne predloge e-sporo\u010dil - SendBlaster program za mno\u017ei\u010dno po\u0161iljanje e-po\u0161te\" \/>\n<meta property=\"og:description\" content=\"SendBlaster program za mno\u017ei\u010dno po\u0161iljanje e-po\u0161te Brezpla\u010dne predloge e-sporo\u010dil Bi radi va\u0161im e-sporo\u010dilom podarili profesionalen in privla\u010den izgled? Paket Sendblaster ponuja preko 130 brezpla\u010dnih predlog e-sporo\u010dil, ki vam bodo\" \/>\n<meta property=\"og:url\" content=\"https:\/\/www.sendblaster.com\/si\/brezplacne-predloge-e-sporocil\/\" \/>\n<meta property=\"og:site_name\" content=\"SendBlaster program za mno\u017ei\u010dno po\u0161iljanje e-po\u0161te\" \/>\n<meta property=\"article:modified_time\" content=\"2018-07-03T12:36:16+00:00\" \/>\n<meta property=\"og:image\" content=\"https:\/\/www.sendblaster.com\/wp-content\/uploads\/2018\/03\/free-email-template-1.jpg\" \/>\n<meta name=\"twitter:card\" content=\"summary_large_image\" \/>\n<meta name=\"twitter:label1\" content=\"Est. reading time\" \/>\n\t<meta name=\"twitter:data1\" content=\"1 minuta\" \/>\n<script type=\"application\/ld+json\" class=\"yoast-schema-graph\">{\"@context\":\"https:\/\/schema.org\",\"@graph\":[{\"@type\":\"WebPage\",\"@id\":\"https:\/\/www.sendblaster.com\/si\/brezplacne-predloge-e-sporocil\/\",\"url\":\"https:\/\/www.sendblaster.com\/si\/brezplacne-predloge-e-sporocil\/\",\"name\":\"Brezpla\u010dne predloge e-sporo\u010dil - SendBlaster program za mno\u017ei\u010dno po\u0161iljanje e-po\u0161te\",\"isPartOf\":{\"@id\":\"https:\/\/www.sendblaster.com\/#website\"},\"primaryImageOfPage\":{\"@id\":\"https:\/\/www.sendblaster.com\/si\/brezplacne-predloge-e-sporocil\/#primaryimage\"},\"image\":{\"@id\":\"https:\/\/www.sendblaster.com\/si\/brezplacne-predloge-e-sporocil\/#primaryimage\"},\"thumbnailUrl\":\"https:\/\/www.sendblaster.com\/wp-content\/uploads\/2018\/03\/free-email-template-1.jpg\",\"datePublished\":\"2018-07-03T12:36:04+00:00\",\"dateModified\":\"2018-07-03T12:36:16+00:00\",\"description\":\"SendBlaster program za mno\u017ei\u010dno po\u0161iljanje e-po\u0161te Brezpla\u010dne predloge e-sporo\u010dil Bi radi va\u0161im e-sporo\u010dilom podarili profesionalen in privla\u010den izgled? Paket Sendblaster ponuja preko 130 brezpla\u010dnih predlog e-sporo\u010dil, ki vam bodo\",\"breadcrumb\":{\"@id\":\"https:\/\/www.sendblaster.com\/si\/brezplacne-predloge-e-sporocil\/#breadcrumb\"},\"inLanguage\":\"sl-SI\",\"potentialAction\":[{\"@type\":\"ReadAction\",\"target\":[\"https:\/\/www.sendblaster.com\/si\/brezplacne-predloge-e-sporocil\/\"]}]},{\"@type\":\"ImageObject\",\"inLanguage\":\"sl-SI\",\"@id\":\"https:\/\/www.sendblaster.com\/si\/brezplacne-predloge-e-sporocil\/#primaryimage\",\"url\":\"https:\/\/www.sendblaster.com\/wp-content\/uploads\/2018\/03\/free-email-template-1.jpg\",\"contentUrl\":\"https:\/\/www.sendblaster.com\/wp-content\/uploads\/2018\/03\/free-email-template-1.jpg\"},{\"@type\":\"BreadcrumbList\",\"@id\":\"https:\/\/www.sendblaster.com\/si\/brezplacne-predloge-e-sporocil\/#breadcrumb\",\"itemListElement\":[{\"@type\":\"ListItem\",\"position\":1,\"name\":\"Home\",\"item\":\"https:\/\/www.sendblaster.com\/si\/\"},{\"@type\":\"ListItem\",\"position\":2,\"name\":\"Brezpla\u010dne predloge e-sporo\u010dil\"}]},{\"@type\":\"WebSite\",\"@id\":\"https:\/\/www.sendblaster.com\/#website\",\"url\":\"https:\/\/www.sendblaster.com\/\",\"name\":\"SendBlaster program za mno\u017ei\u010dno po\u0161iljanje e-po\u0161te\",\"description\":\"\",\"publisher\":{\"@id\":\"https:\/\/www.sendblaster.com\/#organization\"},\"potentialAction\":[{\"@type\":\"SearchAction\",\"target\":{\"@type\":\"EntryPoint\",\"urlTemplate\":\"https:\/\/www.sendblaster.com\/?s={search_term_string}\"},\"query-input\":{\"@type\":\"PropertyValueSpecification\",\"valueRequired\":true,\"valueName\":\"search_term_string\"}}],\"inLanguage\":\"sl-SI\"},{\"@type\":\"Organization\",\"@id\":\"https:\/\/www.sendblaster.com\/#organization\",\"name\":\"SendBlaster program za mno\u017ei\u010dno po\u0161iljanje e-po\u0161te\",\"url\":\"https:\/\/www.sendblaster.com\/\",\"logo\":{\"@type\":\"ImageObject\",\"inLanguage\":\"sl-SI\",\"@id\":\"https:\/\/www.sendblaster.com\/#\/schema\/logo\/image\/\",\"url\":\"https:\/\/www.sendblaster.com\/wp-content\/uploads\/2021\/09\/logo-svg-2021.svg\",\"contentUrl\":\"https:\/\/www.sendblaster.com\/wp-content\/uploads\/2021\/09\/logo-svg-2021.svg\",\"width\":350,\"height\":70,\"caption\":\"SendBlaster program za mno\u017ei\u010dno po\u0161iljanje e-po\u0161te\"},\"image\":{\"@id\":\"https:\/\/www.sendblaster.com\/#\/schema\/logo\/image\/\"}}]}<\/script>\n<!-- \/ Yoast SEO plugin. -->","yoast_head_json":{"title":"Brezpla\u010dne predloge e-sporo\u010dil - SendBlaster program za mno\u017ei\u010dno po\u0161iljanje e-po\u0161te","description":"SendBlaster program za mno\u017ei\u010dno po\u0161iljanje e-po\u0161te Brezpla\u010dne predloge e-sporo\u010dil Bi radi va\u0161im e-sporo\u010dilom podarili profesionalen in privla\u010den izgled? Paket Sendblaster ponuja preko 130 brezpla\u010dnih predlog e-sporo\u010dil, ki vam bodo","robots":{"index":"index","follow":"follow","max-snippet":"max-snippet:-1","max-image-preview":"max-image-preview:large","max-video-preview":"max-video-preview:-1"},"canonical":"https:\/\/www.sendblaster.com\/si\/brezplacne-predloge-e-sporocil\/","og_locale":"sl_SI","og_type":"article","og_title":"Brezpla\u010dne predloge e-sporo\u010dil - SendBlaster program za mno\u017ei\u010dno po\u0161iljanje e-po\u0161te","og_description":"SendBlaster program za mno\u017ei\u010dno po\u0161iljanje e-po\u0161te Brezpla\u010dne predloge e-sporo\u010dil Bi radi va\u0161im e-sporo\u010dilom podarili profesionalen in privla\u010den izgled? Paket Sendblaster ponuja preko 130 brezpla\u010dnih predlog e-sporo\u010dil, ki vam bodo","og_url":"https:\/\/www.sendblaster.com\/si\/brezplacne-predloge-e-sporocil\/","og_site_name":"SendBlaster program za mno\u017ei\u010dno po\u0161iljanje e-po\u0161te","article_modified_time":"2018-07-03T12:36:16+00:00","og_image":[{"url":"https:\/\/www.sendblaster.com\/wp-content\/uploads\/2018\/03\/free-email-template-1.jpg"}],"twitter_card":"summary_large_image","twitter_misc":{"Est. reading time":"1 minuta"},"schema":{"@context":"https:\/\/schema.org","@graph":[{"@type":"WebPage","@id":"https:\/\/www.sendblaster.com\/si\/brezplacne-predloge-e-sporocil\/","url":"https:\/\/www.sendblaster.com\/si\/brezplacne-predloge-e-sporocil\/","name":"Brezpla\u010dne predloge e-sporo\u010dil - SendBlaster program za mno\u017ei\u010dno po\u0161iljanje e-po\u0161te","isPartOf":{"@id":"https:\/\/www.sendblaster.com\/#website"},"primaryImageOfPage":{"@id":"https:\/\/www.sendblaster.com\/si\/brezplacne-predloge-e-sporocil\/#primaryimage"},"image":{"@id":"https:\/\/www.sendblaster.com\/si\/brezplacne-predloge-e-sporocil\/#primaryimage"},"thumbnailUrl":"https:\/\/www.sendblaster.com\/wp-content\/uploads\/2018\/03\/free-email-template-1.jpg","datePublished":"2018-07-03T12:36:04+00:00","dateModified":"2018-07-03T12:36:16+00:00","description":"SendBlaster program za mno\u017ei\u010dno po\u0161iljanje e-po\u0161te Brezpla\u010dne predloge e-sporo\u010dil Bi radi va\u0161im e-sporo\u010dilom podarili profesionalen in privla\u010den izgled? Paket Sendblaster ponuja preko 130 brezpla\u010dnih predlog e-sporo\u010dil, ki vam bodo","breadcrumb":{"@id":"https:\/\/www.sendblaster.com\/si\/brezplacne-predloge-e-sporocil\/#breadcrumb"},"inLanguage":"sl-SI","potentialAction":[{"@type":"ReadAction","target":["https:\/\/www.sendblaster.com\/si\/brezplacne-predloge-e-sporocil\/"]}]},{"@type":"ImageObject","inLanguage":"sl-SI","@id":"https:\/\/www.sendblaster.com\/si\/brezplacne-predloge-e-sporocil\/#primaryimage","url":"https:\/\/www.sendblaster.com\/wp-content\/uploads\/2018\/03\/free-email-template-1.jpg","contentUrl":"https:\/\/www.sendblaster.com\/wp-content\/uploads\/2018\/03\/free-email-template-1.jpg"},{"@type":"BreadcrumbList","@id":"https:\/\/www.sendblaster.com\/si\/brezplacne-predloge-e-sporocil\/#breadcrumb","itemListElement":[{"@type":"ListItem","position":1,"name":"Home","item":"https:\/\/www.sendblaster.com\/si\/"},{"@type":"ListItem","position":2,"name":"Brezpla\u010dne predloge e-sporo\u010dil"}]},{"@type":"WebSite","@id":"https:\/\/www.sendblaster.com\/#website","url":"https:\/\/www.sendblaster.com\/","name":"SendBlaster program za mno\u017ei\u010dno po\u0161iljanje e-po\u0161te","description":"","publisher":{"@id":"https:\/\/www.sendblaster.com\/#organization"},"potentialAction":[{"@type":"SearchAction","target":{"@type":"EntryPoint","urlTemplate":"https:\/\/www.sendblaster.com\/?s={search_term_string}"},"query-input":{"@type":"PropertyValueSpecification","valueRequired":true,"valueName":"search_term_string"}}],"inLanguage":"sl-SI"},{"@type":"Organization","@id":"https:\/\/www.sendblaster.com\/#organization","name":"SendBlaster program za mno\u017ei\u010dno po\u0161iljanje e-po\u0161te","url":"https:\/\/www.sendblaster.com\/","logo":{"@type":"ImageObject","inLanguage":"sl-SI","@id":"https:\/\/www.sendblaster.com\/#\/schema\/logo\/image\/","url":"https:\/\/www.sendblaster.com\/wp-content\/uploads\/2021\/09\/logo-svg-2021.svg","contentUrl":"https:\/\/www.sendblaster.com\/wp-content\/uploads\/2021\/09\/logo-svg-2021.svg","width":350,"height":70,"caption":"SendBlaster program za mno\u017ei\u010dno po\u0161iljanje e-po\u0161te"},"image":{"@id":"https:\/\/www.sendblaster.com\/#\/schema\/logo\/image\/"}}]}},"_links":{"self":[{"href":"https:\/\/www.sendblaster.com\/si\/wp-json\/wp\/v2\/pages\/3229"}],"collection":[{"href":"https:\/\/www.sendblaster.com\/si\/wp-json\/wp\/v2\/pages"}],"about":[{"href":"https:\/\/www.sendblaster.com\/si\/wp-json\/wp\/v2\/types\/page"}],"author":[{"embeddable":true,"href":"https:\/\/www.sendblaster.com\/si\/wp-json\/wp\/v2\/users\/1"}],"replies":[{"embeddable":true,"href":"https:\/\/www.sendblaster.com\/si\/wp-json\/wp\/v2\/comments?post=3229"}],"version-history":[{"count":3,"href":"https:\/\/www.sendblaster.com\/si\/wp-json\/wp\/v2\/pages\/3229\/revisions"}],"predecessor-version":[{"id":3232,"href":"https:\/\/www.sendblaster.com\/si\/wp-json\/wp\/v2\/pages\/3229\/revisions\/3232"}],"wp:attachment":[{"href":"https:\/\/www.sendblaster.com\/si\/wp-json\/wp\/v2\/media?parent=3229"}],"curies":[{"name":"wp","href":"https:\/\/api.w.org\/{rel}","templated":true}]}}