{"id":3227,"date":"2018-07-03T12:26:51","date_gmt":"2018-07-03T12:26:51","guid":{"rendered":"https:\/\/www.sendblaster.com\/wpnew-2018\/?page_id=3227"},"modified":"2018-07-03T12:26:51","modified_gmt":"2018-07-03T12:26:51","slug":"prenos-programa","status":"publish","type":"page","link":"https:\/\/www.sendblaster.com\/si\/prenos-programa\/","title":{"rendered":"Prenos brezpla\u010dno verzijo SendBlasterja"},"content":{"rendered":"<p style=\"text-align: center;\"><a href=\"https:\/\/www.sendblaster.com\/services\/download\/downloadsendblasterfree.php\" title=\"Ladda ned Prenesite SendBlaster brezpla\u010dno\" class=\"download-cta-big\">LADDA NED GRATIS<br \/><small>100% brezpla\u010dna programska oprema<\/small><\/a><\/p>\n<p style=\"text-align: center;\" class=\"release-data\">Zadnja verzija: 4.4.2 | Datum objave: 2020\/04\/10 | Velikost: 40\nMB<br \/>\n<a href=\"https:\/\/www.sendblaster.com\/sendblaster\/services\/download\/download.php?program=sendblasterfree3x\" target=\"_blank\" title=\"Prenesite staro razli\u010dico\">Prenesite staro razli\u010dico<\/a><\/p>\n<p>&nbsp;<\/p>\n<h2>Sistemske zahteve<\/h2>\n<ul>\n<li><strong>Windows XP \/ Vista \/ Windows 7 \/ Windiws 8 \/ Windows 10<\/strong><\/li>\n<li>Microsoft Internet Explorer 8 ali novej\u0161i<\/li>\n<li>100 MB razpolo\u017eljivega prostora na trdem disku<\/li>\n<li>1 GB of RAM<\/li>\n<li>Internetno povezavo (po mo\u017enosti \u0161irokopasovna povezava)<\/li>\n<\/ul>\n","protected":false},"excerpt":{"rendered":"<p>LADDA NED GRATIS100% brezpla\u010dna programska oprema Zadnja verzija: | Datum objave: | Velikost: MB Prenesite staro razli\u010dico &nbsp; Sistemske zahteve Windows XP \/ Vista \/ Windows 7 \/ Windiws 8 \/ Windows 10 Microsoft Internet Explorer 8 ali novej\u0161i 100 <\/p>\n<p class=\"read-more-container\"><a class=\"button read-more\" href=\"https:\/\/www.sendblaster.com\/si\/prenos-programa\/\" title=\"\">Nadaljujte z branjem<\/a><\/p>\n","protected":false},"author":1,"featured_media":0,"parent":0,"menu_order":0,"comment_status":"closed","ping_status":"closed","template":"","meta":{"_monsterinsights_skip_tracking":false,"_monsterinsights_sitenote_active":false,"_monsterinsights_sitenote_note":"","_monsterinsights_sitenote_category":0,"footnotes":""},"class_list":["post-3227","page","type-page","status-publish"],"yoast_head":"<!-- This site is optimized with the Yoast SEO plugin v23.5 - https:\/\/yoast.com\/wordpress\/plugins\/seo\/ -->\n<title>Prenos brezpla\u010dno verzijo SendBlasterja - SendBlaster program za mno\u017ei\u010dno po\u0161iljanje e-po\u0161te<\/title>\n<meta name=\"description\" content=\"SendBlaster program za mno\u017ei\u010dno po\u0161iljanje e-po\u0161te Prenos brezpla\u010dno verzijo SendBlasterja LADDA NED GRATIS100% brezpla\u010dna programska oprema Zadnja verzija: | Datum objave: | Velikost: MB Prenesite staro razli\u010dico &nbsp; Sistemske zahteve\" \/>\n<meta name=\"robots\" content=\"index, follow, max-snippet:-1, max-image-preview:large, max-video-preview:-1\" \/>\n<link rel=\"canonical\" href=\"https:\/\/www.sendblaster.com\/si\/prenos-programa\/\" \/>\n<meta property=\"og:locale\" content=\"sl_SI\" \/>\n<meta property=\"og:type\" content=\"article\" \/>\n<meta property=\"og:title\" content=\"Prenos brezpla\u010dno verzijo SendBlasterja - SendBlaster program za mno\u017ei\u010dno po\u0161iljanje e-po\u0161te\" \/>\n<meta property=\"og:description\" content=\"SendBlaster program za mno\u017ei\u010dno po\u0161iljanje e-po\u0161te Prenos brezpla\u010dno verzijo SendBlasterja LADDA NED GRATIS100% brezpla\u010dna programska oprema Zadnja verzija: | Datum objave: | Velikost: MB Prenesite staro razli\u010dico &nbsp; Sistemske zahteve\" \/>\n<meta property=\"og:url\" content=\"https:\/\/www.sendblaster.com\/si\/prenos-programa\/\" \/>\n<meta property=\"og:site_name\" content=\"SendBlaster program za mno\u017ei\u010dno po\u0161iljanje e-po\u0161te\" \/>\n<meta name=\"twitter:card\" content=\"summary_large_image\" \/>\n<script type=\"application\/ld+json\" class=\"yoast-schema-graph\">{\"@context\":\"https:\/\/schema.org\",\"@graph\":[{\"@type\":\"WebPage\",\"@id\":\"https:\/\/www.sendblaster.com\/si\/prenos-programa\/\",\"url\":\"https:\/\/www.sendblaster.com\/si\/prenos-programa\/\",\"name\":\"Prenos brezpla\u010dno verzijo SendBlasterja - SendBlaster program za mno\u017ei\u010dno po\u0161iljanje e-po\u0161te\",\"isPartOf\":{\"@id\":\"https:\/\/www.sendblaster.com\/#website\"},\"datePublished\":\"2018-07-03T12:26:51+00:00\",\"dateModified\":\"2018-07-03T12:26:51+00:00\",\"description\":\"SendBlaster program za mno\u017ei\u010dno po\u0161iljanje e-po\u0161te Prenos brezpla\u010dno verzijo SendBlasterja LADDA NED GRATIS100% brezpla\u010dna programska oprema Zadnja verzija: | Datum objave: | Velikost: MB Prenesite staro razli\u010dico &nbsp; Sistemske zahteve\",\"breadcrumb\":{\"@id\":\"https:\/\/www.sendblaster.com\/si\/prenos-programa\/#breadcrumb\"},\"inLanguage\":\"sl-SI\",\"potentialAction\":[{\"@type\":\"ReadAction\",\"target\":[\"https:\/\/www.sendblaster.com\/si\/prenos-programa\/\"]}]},{\"@type\":\"BreadcrumbList\",\"@id\":\"https:\/\/www.sendblaster.com\/si\/prenos-programa\/#breadcrumb\",\"itemListElement\":[{\"@type\":\"ListItem\",\"position\":1,\"name\":\"Home\",\"item\":\"https:\/\/www.sendblaster.com\/si\/\"},{\"@type\":\"ListItem\",\"position\":2,\"name\":\"Prenos brezpla\u010dno verzijo SendBlasterja\"}]},{\"@type\":\"WebSite\",\"@id\":\"https:\/\/www.sendblaster.com\/#website\",\"url\":\"https:\/\/www.sendblaster.com\/\",\"name\":\"SendBlaster program za mno\u017ei\u010dno po\u0161iljanje e-po\u0161te\",\"description\":\"\",\"publisher\":{\"@id\":\"https:\/\/www.sendblaster.com\/#organization\"},\"potentialAction\":[{\"@type\":\"SearchAction\",\"target\":{\"@type\":\"EntryPoint\",\"urlTemplate\":\"https:\/\/www.sendblaster.com\/?s={search_term_string}\"},\"query-input\":{\"@type\":\"PropertyValueSpecification\",\"valueRequired\":true,\"valueName\":\"search_term_string\"}}],\"inLanguage\":\"sl-SI\"},{\"@type\":\"Organization\",\"@id\":\"https:\/\/www.sendblaster.com\/#organization\",\"name\":\"SendBlaster program za mno\u017ei\u010dno po\u0161iljanje e-po\u0161te\",\"url\":\"https:\/\/www.sendblaster.com\/\",\"logo\":{\"@type\":\"ImageObject\",\"inLanguage\":\"sl-SI\",\"@id\":\"https:\/\/www.sendblaster.com\/#\/schema\/logo\/image\/\",\"url\":\"https:\/\/www.sendblaster.com\/wp-content\/uploads\/2021\/09\/logo-svg-2021.svg\",\"contentUrl\":\"https:\/\/www.sendblaster.com\/wp-content\/uploads\/2021\/09\/logo-svg-2021.svg\",\"width\":350,\"height\":70,\"caption\":\"SendBlaster program za mno\u017ei\u010dno po\u0161iljanje e-po\u0161te\"},\"image\":{\"@id\":\"https:\/\/www.sendblaster.com\/#\/schema\/logo\/image\/\"}}]}<\/script>\n<!-- \/ Yoast SEO plugin. -->","yoast_head_json":{"title":"Prenos brezpla\u010dno verzijo SendBlasterja - SendBlaster program za mno\u017ei\u010dno po\u0161iljanje e-po\u0161te","description":"SendBlaster program za mno\u017ei\u010dno po\u0161iljanje e-po\u0161te Prenos brezpla\u010dno verzijo SendBlasterja LADDA NED GRATIS100% brezpla\u010dna programska oprema Zadnja verzija: | Datum objave: | Velikost: MB Prenesite staro razli\u010dico &nbsp; Sistemske zahteve","robots":{"index":"index","follow":"follow","max-snippet":"max-snippet:-1","max-image-preview":"max-image-preview:large","max-video-preview":"max-video-preview:-1"},"canonical":"https:\/\/www.sendblaster.com\/si\/prenos-programa\/","og_locale":"sl_SI","og_type":"article","og_title":"Prenos brezpla\u010dno verzijo SendBlasterja - SendBlaster program za mno\u017ei\u010dno po\u0161iljanje e-po\u0161te","og_description":"SendBlaster program za mno\u017ei\u010dno po\u0161iljanje e-po\u0161te Prenos brezpla\u010dno verzijo SendBlasterja LADDA NED GRATIS100% brezpla\u010dna programska oprema Zadnja verzija: | Datum objave: | Velikost: MB Prenesite staro razli\u010dico &nbsp; Sistemske zahteve","og_url":"https:\/\/www.sendblaster.com\/si\/prenos-programa\/","og_site_name":"SendBlaster program za mno\u017ei\u010dno po\u0161iljanje e-po\u0161te","twitter_card":"summary_large_image","schema":{"@context":"https:\/\/schema.org","@graph":[{"@type":"WebPage","@id":"https:\/\/www.sendblaster.com\/si\/prenos-programa\/","url":"https:\/\/www.sendblaster.com\/si\/prenos-programa\/","name":"Prenos brezpla\u010dno verzijo SendBlasterja - SendBlaster program za mno\u017ei\u010dno po\u0161iljanje e-po\u0161te","isPartOf":{"@id":"https:\/\/www.sendblaster.com\/#website"},"datePublished":"2018-07-03T12:26:51+00:00","dateModified":"2018-07-03T12:26:51+00:00","description":"SendBlaster program za mno\u017ei\u010dno po\u0161iljanje e-po\u0161te Prenos brezpla\u010dno verzijo SendBlasterja LADDA NED GRATIS100% brezpla\u010dna programska oprema Zadnja verzija: | Datum objave: | Velikost: MB Prenesite staro razli\u010dico &nbsp; Sistemske zahteve","breadcrumb":{"@id":"https:\/\/www.sendblaster.com\/si\/prenos-programa\/#breadcrumb"},"inLanguage":"sl-SI","potentialAction":[{"@type":"ReadAction","target":["https:\/\/www.sendblaster.com\/si\/prenos-programa\/"]}]},{"@type":"BreadcrumbList","@id":"https:\/\/www.sendblaster.com\/si\/prenos-programa\/#breadcrumb","itemListElement":[{"@type":"ListItem","position":1,"name":"Home","item":"https:\/\/www.sendblaster.com\/si\/"},{"@type":"ListItem","position":2,"name":"Prenos brezpla\u010dno verzijo SendBlasterja"}]},{"@type":"WebSite","@id":"https:\/\/www.sendblaster.com\/#website","url":"https:\/\/www.sendblaster.com\/","name":"SendBlaster program za mno\u017ei\u010dno po\u0161iljanje e-po\u0161te","description":"","publisher":{"@id":"https:\/\/www.sendblaster.com\/#organization"},"potentialAction":[{"@type":"SearchAction","target":{"@type":"EntryPoint","urlTemplate":"https:\/\/www.sendblaster.com\/?s={search_term_string}"},"query-input":{"@type":"PropertyValueSpecification","valueRequired":true,"valueName":"search_term_string"}}],"inLanguage":"sl-SI"},{"@type":"Organization","@id":"https:\/\/www.sendblaster.com\/#organization","name":"SendBlaster program za mno\u017ei\u010dno po\u0161iljanje e-po\u0161te","url":"https:\/\/www.sendblaster.com\/","logo":{"@type":"ImageObject","inLanguage":"sl-SI","@id":"https:\/\/www.sendblaster.com\/#\/schema\/logo\/image\/","url":"https:\/\/www.sendblaster.com\/wp-content\/uploads\/2021\/09\/logo-svg-2021.svg","contentUrl":"https:\/\/www.sendblaster.com\/wp-content\/uploads\/2021\/09\/logo-svg-2021.svg","width":350,"height":70,"caption":"SendBlaster program za mno\u017ei\u010dno po\u0161iljanje e-po\u0161te"},"image":{"@id":"https:\/\/www.sendblaster.com\/#\/schema\/logo\/image\/"}}]}},"_links":{"self":[{"href":"https:\/\/www.sendblaster.com\/si\/wp-json\/wp\/v2\/pages\/3227"}],"collection":[{"href":"https:\/\/www.sendblaster.com\/si\/wp-json\/wp\/v2\/pages"}],"about":[{"href":"https:\/\/www.sendblaster.com\/si\/wp-json\/wp\/v2\/types\/page"}],"author":[{"embeddable":true,"href":"https:\/\/www.sendblaster.com\/si\/wp-json\/wp\/v2\/users\/1"}],"replies":[{"embeddable":true,"href":"https:\/\/www.sendblaster.com\/si\/wp-json\/wp\/v2\/comments?post=3227"}],"version-history":[{"count":1,"href":"https:\/\/www.sendblaster.com\/si\/wp-json\/wp\/v2\/pages\/3227\/revisions"}],"predecessor-version":[{"id":3228,"href":"https:\/\/www.sendblaster.com\/si\/wp-json\/wp\/v2\/pages\/3227\/revisions\/3228"}],"wp:attachment":[{"href":"https:\/\/www.sendblaster.com\/si\/wp-json\/wp\/v2\/media?parent=3227"}],"curies":[{"name":"wp","href":"https:\/\/api.w.org\/{rel}","templated":true}]}}