{"id":3225,"date":"2018-07-03T12:19:57","date_gmt":"2018-07-03T12:19:57","guid":{"rendered":"https:\/\/www.sendblaster.com\/wpnew-2018\/?page_id=3225"},"modified":"2021-04-12T15:42:32","modified_gmt":"2021-04-12T15:42:32","slug":"posnetki-zaslona","status":"publish","type":"page","link":"https:\/\/www.sendblaster.com\/si\/posnetki-zaslona\/","title":{"rendered":"Posnetki zaslona"},"content":{"rendered":"<p>Tukaj je na voljo nekaj posnetkov zaslona glavnih zna\u010dilnosti brepla\u010dnega mno\u017ei\u010dnega po\u0161iljatelja elektronske po\u0161te SendBlaster. Kot lahko vidite, <strong>ne vsebuje nobenega glavnega menija v Send-Blaster Bulk Emailer<\/strong>: uporabni\u0161ki vmesnik je bil zasnovan, kot zelo preprost za uporabo, in popolnoma intuitiven.<\/p>\n<p style=\"text-align: center; margin-bottom: 0px;\"><a href=\"https:\/\/www.sendblaster.com\/si\/prenos-programa\" title=\"Brezpla\u010den prenos\" class=\"download-cta\">Brezpla\u010den prenos<\/a><a href=\"https:\/\/www.sendblaster.com\/si\/kupite\/\" title=\"Kupi SendBlaster Pro\" class=\"buy-cta\">Kupi SendBlaster Pro<\/a><\/p>\n<p>&nbsp;<\/p>\n<ul class=\"g1-grid\"><li class=\"g1-column g1-one-fourth g1-valign-top screenshot\"><br \/>\n<a title=\"Za\u010detni pogled\" data-g1-lightbox=\"gallery-screenshot\" href=\"https:\/\/www.sendblaster.com\/sendblaster\/release2\/sites\/default\/files\/image\/screenshots-sb4\/screenshot_home.jpg\"><img decoding=\"async\" width=\"1300\" height=\"852\" src=\"https:\/\/www.sendblaster.com\/sendblaster\/release2\/sites\/default\/files\/image\/screenshots-sb4\/screenshot_home.jpg\" alt=\"Za\u010detni pogled\" \/><\/a><br \/>\n<i>Za\u010detni pogled<\/i><br \/>\n<\/li><!-- -->\n<li class=\"g1-column g1-one-fourth g1-valign-top screenshot\"><br \/>\n<a title=\"Kreiranje sporo\u010dila\" data-g1-lightbox=\"gallery-screenshot\" href=\"https:\/\/www.sendblaster.com\/sendblaster\/release2\/sites\/default\/files\/image\/screenshots-sb4\/screenshot_compose-msg.jpg\"><img decoding=\"async\" width=\"1300\" height=\"852\" src=\"https:\/\/www.sendblaster.com\/sendblaster\/release2\/sites\/default\/files\/image\/screenshots-sb4\/screenshot_compose-msg.jpg\" alt=\"Kreiranje sporo\u010dila\" \/><\/a><br \/>\n<i>Kreiranje sporo\u010dila<\/i><br \/>\n<\/li><!-- -->\n<li class=\"g1-column g1-one-fourth g1-valign-top screenshot\"><br \/>\n<a title=\"Po\u0161lji sporo\u010dilo\" data-g1-lightbox=\"gallery-screenshot\" href=\"https:\/\/www.sendblaster.com\/sendblaster\/release2\/sites\/default\/files\/image\/screenshots-sb4\/screenshot_send-msg.jpg\"><img decoding=\"async\" width=\"1300\" height=\"852\" src=\"https:\/\/www.sendblaster.com\/sendblaster\/release2\/sites\/default\/files\/image\/screenshots-sb4\/screenshot_send-msg.jpg\" alt=\"Po\u0161lji sporo\u010dilo\" \/><\/a><br \/>\n<i>Po\u0161lji sporo\u010dilo<\/i><br \/>\n<\/li><!-- -->\n<li class=\"g1-column g1-one-fourth g1-valign-top screenshot\"><br \/>\n<a title=\"\u010casovna dolo\u010ditev\" data-g1-lightbox=\"gallery-screenshot\" href=\"https:\/\/www.sendblaster.com\/sendblaster\/release2\/sites\/default\/files\/image\/screenshots-sb4\/screenshot_schedule.jpg\"><img decoding=\"async\" width=\"1300\" height=\"852\" src=\"https:\/\/www.sendblaster.com\/sendblaster\/release2\/sites\/default\/files\/image\/screenshots-sb4\/screenshot_schedule.jpg\" alt=\"\u010casovna dolo\u010ditev\" \/><\/a><br \/>\n<i>\u010casovna dolo\u010ditev<\/i><br \/>\n<\/li><!-- --><\/ul>\n<ul class=\"g1-grid\"><li class=\"g1-column g1-one-fourth g1-valign-top screenshot\"><br \/>\n<a title=\"Zgodovina sporo\u010dil\" data-g1-lightbox=\"gallery-screenshot\" href=\"https:\/\/www.sendblaster.com\/sendblaster\/release2\/sites\/default\/files\/image\/screenshots-sb4\/screenshot_history.jpg\"><img decoding=\"async\" width=\"1300\" height=\"852\" src=\"https:\/\/www.sendblaster.com\/sendblaster\/release2\/sites\/default\/files\/image\/screenshots-sb4\/screenshot_history.jpg\" alt=\"Zgodovina sporo\u010dil\" \/><\/a><br \/>\n<i>Zgodovina sporo\u010dil<\/i><br \/>\n<\/li><!-- -->\n<li class=\"g1-column g1-one-fourth g1-valign-top screenshot\"><br \/>\n<a title=\"Google Analytics\" data-g1-lightbox=\"gallery-screenshot\" href=\"https:\/\/www.sendblaster.com\/sendblaster\/release2\/sites\/default\/files\/image\/screenshots-sb4\/screenshot_analytics.jpg\"><img decoding=\"async\" width=\"1300\" height=\"852\" src=\"https:\/\/www.sendblaster.com\/sendblaster\/release2\/sites\/default\/files\/image\/screenshots-sb4\/screenshot_analytics.jpg\" alt=\"Google Analytics\" \/><\/a><br \/>\n<i>Google Analytics<\/i><br \/>\n<\/li><!-- -->\n<li class=\"g1-column g1-one-fourth g1-valign-top screenshot\"><br \/>\n<a title=\"Pripomo\u010dki\" data-g1-lightbox=\"gallery-screenshot\" href=\"https:\/\/www.sendblaster.com\/sendblaster\/release2\/sites\/default\/files\/image\/screenshots-sb4\/screenshot_widgets.jpg\"><img decoding=\"async\" width=\"1300\" height=\"852\" src=\"https:\/\/www.sendblaster.com\/sendblaster\/release2\/sites\/default\/files\/image\/screenshots-sb4\/screenshot_widgets.jpg\" alt=\"Pripomo\u010dki\" \/><\/a><br \/>\n<i>Pripomo\u010dki<\/i><br \/>\n<\/li><!-- -->\n<li class=\"g1-column g1-one-fourth g1-valign-top screenshot\"><br \/>\n<a title=\"\u010crna lista\" data-g1-lightbox=\"gallery-screenshot\" href=\"https:\/\/www.sendblaster.com\/sendblaster\/release2\/sites\/default\/files\/image\/screenshots-sb4\/screenshot_blacklist.jpg\"><img decoding=\"async\" width=\"1300\" height=\"852\" src=\"https:\/\/www.sendblaster.com\/sendblaster\/release2\/sites\/default\/files\/image\/screenshots-sb4\/screenshot_blacklist.jpg\" alt=\"\u010crna lista\" \/><\/a><br \/>\n<i>\u010crna lista<\/i><br \/>\n<\/li><!-- --><\/ul>\n<ul class=\"g1-grid\"><li class=\"g1-column g1-one-fourth g1-valign-top screenshot\"><br \/>\n<a title=\"Uva\u017eanje seznamov\" data-g1-lightbox=\"gallery-screenshot\" href=\"https:\/\/www.sendblaster.com\/sendblaster\/release2\/sites\/default\/files\/image\/screenshots-sb4\/screenshot_import.jpg\"><img decoding=\"async\" width=\"1300\" height=\"852\" src=\"https:\/\/www.sendblaster.com\/sendblaster\/release2\/sites\/default\/files\/image\/screenshots-sb4\/screenshot_import.jpg\" alt=\"Uva\u017eanje seznamov\" \/><\/a><br \/>\n<i>Uva\u017eanje seznamov<\/i><br \/>\n<\/li><!-- -->\n<li class=\"g1-column g1-one-fourth g1-valign-top screenshot\"><br \/>\n<a title=\"Izva\u017eanje seznamov\" data-g1-lightbox=\"gallery-screenshot\" href=\"https:\/\/www.sendblaster.com\/sendblaster\/release2\/sites\/default\/files\/image\/screenshots-sb4\/screenshot_export.jpg\"><img decoding=\"async\" width=\"1300\" height=\"852\" src=\"https:\/\/www.sendblaster.com\/sendblaster\/release2\/sites\/default\/files\/image\/screenshots-sb4\/screenshot_export.jpg\" alt=\"Izva\u017eanje seznamov\" \/><\/a><br \/>\n<i>Izva\u017eanje seznamov<\/i><br \/>\n<\/li><!-- -->\n<li class=\"g1-column g1-one-fourth g1-valign-top screenshot\"><br \/>\n<a title=\"Naro\u010dila\" data-g1-lightbox=\"gallery-screenshot\" href=\"https:\/\/www.sendblaster.com\/sendblaster\/release2\/sites\/default\/files\/image\/screenshots-sb4\/screenshot_subscription-management.jpg\"><img decoding=\"async\" width=\"1300\" height=\"852\" src=\"https:\/\/www.sendblaster.com\/sendblaster\/release2\/sites\/default\/files\/image\/screenshots-sb4\/screenshot_subscription-management.jpg\" alt=\"Naro\u010dila\" \/><\/a><br \/>\n<i>Naro\u010dila<\/i><br \/>\n<\/li><!-- -->\n<li class=\"g1-column g1-one-fourth g1-valign-top screenshot\"><br \/>\n<a title=\"Povratno odklanjanje\" data-g1-lightbox=\"gallery-screenshot\" href=\"https:\/\/www.sendblaster.com\/sendblaster\/release2\/sites\/default\/files\/image\/screenshots-sb4\/screenshot_bounce-backs.jpg\"><img decoding=\"async\" width=\"1300\" height=\"852\" src=\"https:\/\/www.sendblaster.com\/sendblaster\/release2\/sites\/default\/files\/image\/screenshots-sb4\/screenshot_bounce-backs.jpg\" alt=\"Povratno odklanjanje\" \/><\/a><br \/>\n<i>Povratno odklanjanje<\/i><br \/>\n<\/li><!-- --><\/ul>\n<ul class=\"g1-grid\"><li class=\"g1-column g1-one-fourth g1-valign-top screenshot\"><br \/>\n<a title=\"Upravljanje polj\" data-g1-lightbox=\"gallery-screenshot\" href=\"https:\/\/www.sendblaster.com\/sendblaster\/release2\/sites\/default\/files\/image\/screenshots-sb4\/screenshot_fields-management.jpg\"><img decoding=\"async\" width=\"1300\" height=\"852\" src=\"https:\/\/www.sendblaster.com\/sendblaster\/release2\/sites\/default\/files\/image\/screenshots-sb4\/screenshot_fields-management.jpg\" alt=\"Upravljanje polj\" \/><\/a><br \/>\n<i>Upravljanje polj<\/i><br \/>\n<\/li><!-- -->\n<li class=\"g1-column g1-one-fourth g1-valign-top screenshot\"><br \/>\n<a title=\"Dodatne nastavitve\" data-g1-lightbox=\"gallery-screenshot\" href=\"https:\/\/www.sendblaster.com\/sendblaster\/release2\/sites\/default\/files\/image\/screenshots-sb4\/screenshot_advanced-settings.jpg\"><img decoding=\"async\" width=\"1300\" height=\"852\" src=\"https:\/\/www.sendblaster.com\/sendblaster\/release2\/sites\/default\/files\/image\/screenshots-sb4\/screenshot_advanced-settings.jpg\" alt=\"Dodatne nastavitve\" \/><\/a><br \/>\n<i>Dodatne nastavitve<\/i><br \/>\n<\/li><!-- -->\n<li class=\"g1-column g1-one-fourth g1-valign-top screenshot\"><br \/>\n<a title=\"Varnost\" data-g1-lightbox=\"gallery-screenshot\" href=\"https:\/\/www.sendblaster.com\/sendblaster\/release2\/sites\/default\/files\/image\/screenshots-sb4\/screenshot_security.jpg\"><img decoding=\"async\" width=\"1300\" height=\"852\" src=\"https:\/\/www.sendblaster.com\/sendblaster\/release2\/sites\/default\/files\/image\/screenshots-sb4\/screenshot_security.jpg\" alt=\"Varnost\" \/><\/a><br \/>\n<i>Varnost<\/i><br \/>\n<\/li><!-- -->\n<li class=\"g1-column g1-one-fourth g1-valign-top screenshot\"><br \/>\n<a title=\"Urednik postavitve\" data-g1-lightbox=\"gallery-screenshot\" href=\"https:\/\/www.sendblaster.com\/sendblaster\/release2\/sites\/default\/files\/image\/screenshots-sb4\/screenshot_layout-creation.jpg\"><img decoding=\"async\" width=\"1300\" height=\"852\" src=\"https:\/\/www.sendblaster.com\/sendblaster\/release2\/sites\/default\/files\/image\/screenshots-sb4\/screenshot_layout-creation.jpg\" alt=\"Urednik postavitve\" \/><\/a><br \/>\n<i>Urednik postavitve<\/i><br \/>\n<\/li><!-- --><\/ul>\n<ul class=\"g1-grid\"><li class=\"g1-column g1-one-fourth g1-valign-top screenshot\"><br \/>\n<a title=\"Obrezati in zamenjati\" data-g1-lightbox=\"gallery-screenshot\" href=\"https:\/\/www.sendblaster.com\/sendblaster\/release2\/sites\/default\/files\/image\/screenshots-sb4\/screenshot_crop-replace.jpg\"><img decoding=\"async\" width=\"1300\" height=\"852\" src=\"https:\/\/www.sendblaster.com\/sendblaster\/release2\/sites\/default\/files\/image\/screenshots-sb4\/screenshot_crop-replace.jpg\" alt=\"Obrezati in zamenjati\" \/><\/a><br \/>\n<i>Obrezati in zamenjati<\/i><br \/>\n<\/li><!-- -->\n<li class=\"g1-column g1-one-fourth g1-valign-top screenshot\"><br \/>\n<a title=\"Preverite povezave\" data-g1-lightbox=\"gallery-screenshot\" href=\"https:\/\/www.sendblaster.com\/sendblaster\/release2\/sites\/default\/files\/image\/screenshots-sb4\/screenshot_check-links.jpg\"><img decoding=\"async\" width=\"1300\" height=\"852\" src=\"https:\/\/www.sendblaster.com\/sendblaster\/release2\/sites\/default\/files\/image\/screenshots-sb4\/screenshot_check-links.jpg\" alt=\"Preverite povezave\" \/><\/a><br \/>\n<i>Preverite povezave<\/i><br \/>\n<\/li><!-- -->\n<li class=\"g1-column g1-one-fourth g1-valign-top screenshot\"><br \/>\n<a title=\"Besedilni odrezki\" data-g1-lightbox=\"gallery-screenshot\" href=\"https:\/\/www.sendblaster.com\/sendblaster\/release2\/sites\/default\/files\/image\/screenshots-sb4\/screenshot_text-snippets.jpg\"><img decoding=\"async\" width=\"1300\" height=\"852\" src=\"https:\/\/www.sendblaster.com\/sendblaster\/release2\/sites\/default\/files\/image\/screenshots-sb4\/screenshot_text-snippets.jpg\" alt=\"Besedilni odrezki\" \/><\/a><br \/>\n<i>Besedilni odrezki<\/i><br \/>\n<\/li><!-- -->\n<li class=\"g1-column g1-one-fourth g1-valign-top screenshot\"><br \/>\n<a title=\"Programljive oznake\" data-g1-lightbox=\"gallery-screenshot\" href=\"https:\/\/www.sendblaster.com\/sendblaster\/release2\/sites\/default\/files\/image\/screenshots-sb4\/screenshot_scripts.jpg\"><img decoding=\"async\" width=\"1300\" height=\"852\" src=\"https:\/\/www.sendblaster.com\/sendblaster\/release2\/sites\/default\/files\/image\/screenshots-sb4\/screenshot_scripts.jpg\" alt=\"Programljive oznake\" \/><\/a><br \/>\n<i>Programljive oznake<\/i><br \/>\n<\/li><!-- --><\/ul>\n","protected":false},"excerpt":{"rendered":"<p>Tukaj je na voljo nekaj posnetkov zaslona glavnih zna\u010dilnosti brepla\u010dnega mno\u017ei\u010dnega po\u0161iljatelja elektronske po\u0161te SendBlaster. Kot lahko vidite, ne vsebuje nobenega glavnega menija v Send-Blaster Bulk Emailer: uporabni\u0161ki vmesnik je bil zasnovan, kot zelo preprost za uporabo, in popolnoma intuitiven. <\/p>\n<p class=\"read-more-container\"><a class=\"button read-more\" href=\"https:\/\/www.sendblaster.com\/si\/posnetki-zaslona\/\" title=\"\">Nadaljujte z branjem<\/a><\/p>\n","protected":false},"author":1,"featured_media":0,"parent":0,"menu_order":0,"comment_status":"closed","ping_status":"closed","template":"","meta":{"_monsterinsights_skip_tracking":false,"_monsterinsights_sitenote_active":false,"_monsterinsights_sitenote_note":"","_monsterinsights_sitenote_category":0,"footnotes":""},"class_list":["post-3225","page","type-page","status-publish"],"yoast_head":"<!-- This site is optimized with the Yoast SEO plugin v23.5 - https:\/\/yoast.com\/wordpress\/plugins\/seo\/ -->\n<title>Posnetki zaslona - SendBlaster program za mno\u017ei\u010dno po\u0161iljanje e-po\u0161te<\/title>\n<meta name=\"description\" content=\"SendBlaster program za mno\u017ei\u010dno po\u0161iljanje e-po\u0161te Posnetki zaslona Tukaj je na voljo nekaj posnetkov zaslona glavnih zna\u010dilnosti brepla\u010dnega mno\u017ei\u010dnega po\u0161iljatelja elektronske po\u0161te SendBlaster. Kot lahko vidite, ne\" \/>\n<meta name=\"robots\" content=\"index, follow, max-snippet:-1, max-image-preview:large, max-video-preview:-1\" \/>\n<link rel=\"canonical\" href=\"https:\/\/www.sendblaster.com\/si\/posnetki-zaslona\/\" \/>\n<meta property=\"og:locale\" content=\"sl_SI\" \/>\n<meta property=\"og:type\" content=\"article\" \/>\n<meta property=\"og:title\" content=\"Posnetki zaslona - SendBlaster program za mno\u017ei\u010dno po\u0161iljanje e-po\u0161te\" \/>\n<meta property=\"og:description\" content=\"SendBlaster program za mno\u017ei\u010dno po\u0161iljanje e-po\u0161te Posnetki zaslona Tukaj je na voljo nekaj posnetkov zaslona glavnih zna\u010dilnosti brepla\u010dnega mno\u017ei\u010dnega po\u0161iljatelja elektronske po\u0161te SendBlaster. Kot lahko vidite, ne\" \/>\n<meta property=\"og:url\" content=\"https:\/\/www.sendblaster.com\/si\/posnetki-zaslona\/\" \/>\n<meta property=\"og:site_name\" content=\"SendBlaster program za mno\u017ei\u010dno po\u0161iljanje e-po\u0161te\" \/>\n<meta property=\"article:modified_time\" content=\"2021-04-12T15:42:32+00:00\" \/>\n<meta property=\"og:image\" content=\"https:\/\/www.sendblaster.com\/sendblaster\/release2\/sites\/default\/files\/image\/screenshots-sb4\/screenshot_home.jpg\" \/>\n<meta name=\"twitter:card\" content=\"summary_large_image\" \/>\n<meta name=\"twitter:label1\" content=\"Est. reading time\" \/>\n\t<meta name=\"twitter:data1\" content=\"2 minuti\" \/>\n<script type=\"application\/ld+json\" class=\"yoast-schema-graph\">{\"@context\":\"https:\/\/schema.org\",\"@graph\":[{\"@type\":\"WebPage\",\"@id\":\"https:\/\/www.sendblaster.com\/si\/posnetki-zaslona\/\",\"url\":\"https:\/\/www.sendblaster.com\/si\/posnetki-zaslona\/\",\"name\":\"Posnetki zaslona - SendBlaster program za mno\u017ei\u010dno po\u0161iljanje e-po\u0161te\",\"isPartOf\":{\"@id\":\"https:\/\/www.sendblaster.com\/#website\"},\"primaryImageOfPage\":{\"@id\":\"https:\/\/www.sendblaster.com\/si\/posnetki-zaslona\/#primaryimage\"},\"image\":{\"@id\":\"https:\/\/www.sendblaster.com\/si\/posnetki-zaslona\/#primaryimage\"},\"thumbnailUrl\":\"https:\/\/www.sendblaster.com\/sendblaster\/release2\/sites\/default\/files\/image\/screenshots-sb4\/screenshot_home.jpg\",\"datePublished\":\"2018-07-03T12:19:57+00:00\",\"dateModified\":\"2021-04-12T15:42:32+00:00\",\"description\":\"SendBlaster program za mno\u017ei\u010dno po\u0161iljanje e-po\u0161te Posnetki zaslona Tukaj je na voljo nekaj posnetkov zaslona glavnih zna\u010dilnosti brepla\u010dnega mno\u017ei\u010dnega po\u0161iljatelja elektronske po\u0161te SendBlaster. Kot lahko vidite, ne\",\"breadcrumb\":{\"@id\":\"https:\/\/www.sendblaster.com\/si\/posnetki-zaslona\/#breadcrumb\"},\"inLanguage\":\"sl-SI\",\"potentialAction\":[{\"@type\":\"ReadAction\",\"target\":[\"https:\/\/www.sendblaster.com\/si\/posnetki-zaslona\/\"]}]},{\"@type\":\"ImageObject\",\"inLanguage\":\"sl-SI\",\"@id\":\"https:\/\/www.sendblaster.com\/si\/posnetki-zaslona\/#primaryimage\",\"url\":\"https:\/\/www.sendblaster.com\/sendblaster\/release2\/sites\/default\/files\/image\/screenshots-sb4\/screenshot_home.jpg\",\"contentUrl\":\"https:\/\/www.sendblaster.com\/sendblaster\/release2\/sites\/default\/files\/image\/screenshots-sb4\/screenshot_home.jpg\"},{\"@type\":\"BreadcrumbList\",\"@id\":\"https:\/\/www.sendblaster.com\/si\/posnetki-zaslona\/#breadcrumb\",\"itemListElement\":[{\"@type\":\"ListItem\",\"position\":1,\"name\":\"Home\",\"item\":\"https:\/\/www.sendblaster.com\/si\/\"},{\"@type\":\"ListItem\",\"position\":2,\"name\":\"Posnetki zaslona\"}]},{\"@type\":\"WebSite\",\"@id\":\"https:\/\/www.sendblaster.com\/#website\",\"url\":\"https:\/\/www.sendblaster.com\/\",\"name\":\"SendBlaster program za mno\u017ei\u010dno po\u0161iljanje e-po\u0161te\",\"description\":\"\",\"publisher\":{\"@id\":\"https:\/\/www.sendblaster.com\/#organization\"},\"potentialAction\":[{\"@type\":\"SearchAction\",\"target\":{\"@type\":\"EntryPoint\",\"urlTemplate\":\"https:\/\/www.sendblaster.com\/?s={search_term_string}\"},\"query-input\":{\"@type\":\"PropertyValueSpecification\",\"valueRequired\":true,\"valueName\":\"search_term_string\"}}],\"inLanguage\":\"sl-SI\"},{\"@type\":\"Organization\",\"@id\":\"https:\/\/www.sendblaster.com\/#organization\",\"name\":\"SendBlaster program za mno\u017ei\u010dno po\u0161iljanje e-po\u0161te\",\"url\":\"https:\/\/www.sendblaster.com\/\",\"logo\":{\"@type\":\"ImageObject\",\"inLanguage\":\"sl-SI\",\"@id\":\"https:\/\/www.sendblaster.com\/#\/schema\/logo\/image\/\",\"url\":\"https:\/\/www.sendblaster.com\/wp-content\/uploads\/2021\/09\/logo-svg-2021.svg\",\"contentUrl\":\"https:\/\/www.sendblaster.com\/wp-content\/uploads\/2021\/09\/logo-svg-2021.svg\",\"width\":350,\"height\":70,\"caption\":\"SendBlaster program za mno\u017ei\u010dno po\u0161iljanje e-po\u0161te\"},\"image\":{\"@id\":\"https:\/\/www.sendblaster.com\/#\/schema\/logo\/image\/\"}}]}<\/script>\n<!-- \/ Yoast SEO plugin. -->","yoast_head_json":{"title":"Posnetki zaslona - SendBlaster program za mno\u017ei\u010dno po\u0161iljanje e-po\u0161te","description":"SendBlaster program za mno\u017ei\u010dno po\u0161iljanje e-po\u0161te Posnetki zaslona Tukaj je na voljo nekaj posnetkov zaslona glavnih zna\u010dilnosti brepla\u010dnega mno\u017ei\u010dnega po\u0161iljatelja elektronske po\u0161te SendBlaster. Kot lahko vidite, ne","robots":{"index":"index","follow":"follow","max-snippet":"max-snippet:-1","max-image-preview":"max-image-preview:large","max-video-preview":"max-video-preview:-1"},"canonical":"https:\/\/www.sendblaster.com\/si\/posnetki-zaslona\/","og_locale":"sl_SI","og_type":"article","og_title":"Posnetki zaslona - SendBlaster program za mno\u017ei\u010dno po\u0161iljanje e-po\u0161te","og_description":"SendBlaster program za mno\u017ei\u010dno po\u0161iljanje e-po\u0161te Posnetki zaslona Tukaj je na voljo nekaj posnetkov zaslona glavnih zna\u010dilnosti brepla\u010dnega mno\u017ei\u010dnega po\u0161iljatelja elektronske po\u0161te SendBlaster. Kot lahko vidite, ne","og_url":"https:\/\/www.sendblaster.com\/si\/posnetki-zaslona\/","og_site_name":"SendBlaster program za mno\u017ei\u010dno po\u0161iljanje e-po\u0161te","article_modified_time":"2021-04-12T15:42:32+00:00","og_image":[{"url":"https:\/\/www.sendblaster.com\/sendblaster\/release2\/sites\/default\/files\/image\/screenshots-sb4\/screenshot_home.jpg"}],"twitter_card":"summary_large_image","twitter_misc":{"Est. reading time":"2 minuti"},"schema":{"@context":"https:\/\/schema.org","@graph":[{"@type":"WebPage","@id":"https:\/\/www.sendblaster.com\/si\/posnetki-zaslona\/","url":"https:\/\/www.sendblaster.com\/si\/posnetki-zaslona\/","name":"Posnetki zaslona - SendBlaster program za mno\u017ei\u010dno po\u0161iljanje e-po\u0161te","isPartOf":{"@id":"https:\/\/www.sendblaster.com\/#website"},"primaryImageOfPage":{"@id":"https:\/\/www.sendblaster.com\/si\/posnetki-zaslona\/#primaryimage"},"image":{"@id":"https:\/\/www.sendblaster.com\/si\/posnetki-zaslona\/#primaryimage"},"thumbnailUrl":"https:\/\/www.sendblaster.com\/sendblaster\/release2\/sites\/default\/files\/image\/screenshots-sb4\/screenshot_home.jpg","datePublished":"2018-07-03T12:19:57+00:00","dateModified":"2021-04-12T15:42:32+00:00","description":"SendBlaster program za mno\u017ei\u010dno po\u0161iljanje e-po\u0161te Posnetki zaslona Tukaj je na voljo nekaj posnetkov zaslona glavnih zna\u010dilnosti brepla\u010dnega mno\u017ei\u010dnega po\u0161iljatelja elektronske po\u0161te SendBlaster. Kot lahko vidite, ne","breadcrumb":{"@id":"https:\/\/www.sendblaster.com\/si\/posnetki-zaslona\/#breadcrumb"},"inLanguage":"sl-SI","potentialAction":[{"@type":"ReadAction","target":["https:\/\/www.sendblaster.com\/si\/posnetki-zaslona\/"]}]},{"@type":"ImageObject","inLanguage":"sl-SI","@id":"https:\/\/www.sendblaster.com\/si\/posnetki-zaslona\/#primaryimage","url":"https:\/\/www.sendblaster.com\/sendblaster\/release2\/sites\/default\/files\/image\/screenshots-sb4\/screenshot_home.jpg","contentUrl":"https:\/\/www.sendblaster.com\/sendblaster\/release2\/sites\/default\/files\/image\/screenshots-sb4\/screenshot_home.jpg"},{"@type":"BreadcrumbList","@id":"https:\/\/www.sendblaster.com\/si\/posnetki-zaslona\/#breadcrumb","itemListElement":[{"@type":"ListItem","position":1,"name":"Home","item":"https:\/\/www.sendblaster.com\/si\/"},{"@type":"ListItem","position":2,"name":"Posnetki zaslona"}]},{"@type":"WebSite","@id":"https:\/\/www.sendblaster.com\/#website","url":"https:\/\/www.sendblaster.com\/","name":"SendBlaster program za mno\u017ei\u010dno po\u0161iljanje e-po\u0161te","description":"","publisher":{"@id":"https:\/\/www.sendblaster.com\/#organization"},"potentialAction":[{"@type":"SearchAction","target":{"@type":"EntryPoint","urlTemplate":"https:\/\/www.sendblaster.com\/?s={search_term_string}"},"query-input":{"@type":"PropertyValueSpecification","valueRequired":true,"valueName":"search_term_string"}}],"inLanguage":"sl-SI"},{"@type":"Organization","@id":"https:\/\/www.sendblaster.com\/#organization","name":"SendBlaster program za mno\u017ei\u010dno po\u0161iljanje e-po\u0161te","url":"https:\/\/www.sendblaster.com\/","logo":{"@type":"ImageObject","inLanguage":"sl-SI","@id":"https:\/\/www.sendblaster.com\/#\/schema\/logo\/image\/","url":"https:\/\/www.sendblaster.com\/wp-content\/uploads\/2021\/09\/logo-svg-2021.svg","contentUrl":"https:\/\/www.sendblaster.com\/wp-content\/uploads\/2021\/09\/logo-svg-2021.svg","width":350,"height":70,"caption":"SendBlaster program za mno\u017ei\u010dno po\u0161iljanje e-po\u0161te"},"image":{"@id":"https:\/\/www.sendblaster.com\/#\/schema\/logo\/image\/"}}]}},"_links":{"self":[{"href":"https:\/\/www.sendblaster.com\/si\/wp-json\/wp\/v2\/pages\/3225"}],"collection":[{"href":"https:\/\/www.sendblaster.com\/si\/wp-json\/wp\/v2\/pages"}],"about":[{"href":"https:\/\/www.sendblaster.com\/si\/wp-json\/wp\/v2\/types\/page"}],"author":[{"embeddable":true,"href":"https:\/\/www.sendblaster.com\/si\/wp-json\/wp\/v2\/users\/1"}],"replies":[{"embeddable":true,"href":"https:\/\/www.sendblaster.com\/si\/wp-json\/wp\/v2\/comments?post=3225"}],"version-history":[{"count":2,"href":"https:\/\/www.sendblaster.com\/si\/wp-json\/wp\/v2\/pages\/3225\/revisions"}],"predecessor-version":[{"id":5314,"href":"https:\/\/www.sendblaster.com\/si\/wp-json\/wp\/v2\/pages\/3225\/revisions\/5314"}],"wp:attachment":[{"href":"https:\/\/www.sendblaster.com\/si\/wp-json\/wp\/v2\/media?parent=3225"}],"curies":[{"name":"wp","href":"https:\/\/api.w.org\/{rel}","templated":true}]}}