{"id":3222,"date":"2018-07-03T12:12:21","date_gmt":"2018-07-03T12:12:21","guid":{"rendered":"https:\/\/www.sendblaster.com\/wpnew-2018\/?page_id=3222"},"modified":"2018-07-03T12:12:41","modified_gmt":"2018-07-03T12:12:41","slug":"kupite","status":"publish","type":"page","link":"https:\/\/www.sendblaster.com\/si\/kupite\/","title":{"rendered":"Kupite svoj SendBlaster PRO zdaj"},"content":{"rendered":"<p style=\"text-align: center;\"><a href=\"https:\/\/www.sendblaster.com\/newshop\/?lang=si&#038;products=SBPE04-EXTEND\" title=\"Kupite SendBlaster Pro\" class=\"buy-cta-big\">Kupite SendBlaster Pro<br \/><small>Enkratna dajatev, \u017eivljenjska doba<\/small><\/a><\/p>\n<p>&nbsp;<\/p>\n<h2 style=\"text-align: center;\">Skupinske licence in preprodajalci<\/h2>\n<p style=\"text-align: center;\"><a href=\"https:\/\/www.sendblaster.com\/newshop\/?lang=si&#038;multilicense=true&#038;products=S4ML02\" title=\"Kupite skupinske licence\" class=\"reseller-cta-big\">Kupite skupinske licence<br \/><small>Nakup samo 2 izvoda vam bo prinesel popust<\/small><\/a><\/p>\n<p>&nbsp;<\/p>\n<h2>Pogoji nakupa<\/h2>\n<ul>\n<li>Vse licence veljajo za vedno, brez kakr\u0161nih koli dodatnih stro\u0161kov<\/li>\n<li>PRO licenca vklju\u010duje brezpla\u010dno podporo uporabnikom<\/li>\n<li>Po\u0161ljite neomejeno \u0161tevilo e-po\u0161te z uporabo PRO programa za mno\u017ei\u010dno po\u0161iljanje e-po\u0161te<\/li>\n<li>Brez dodatnih stro\u0161kov za vsako poslano e-po\u0161to<\/li>\n<li>Nadgradite va\u0161 brezpla\u010den program SendBlaster za <a href=\"https:\/\/www.sendblaster.com\/newshop\/?lang=si&#038;products=UP3X40\" title=\"shop\">mno\u017ei\u010dno po\u0161iljanje e-po\u0161te<\/a><\/li>\n<li>\u010ce vas izdelek v 15 dneh ne prepri\u010da, vam bomo povrnili denar<\/li>\n<\/ul>\n<p>&nbsp;<\/p>\n<h2>Na\u010dini pla\u010dila<\/h2>\n<p>Kreditne kartice<\/p>\n<p><img decoding=\"async\" width=\"275\" height=\"89\" src=\"https:\/\/www.sendblaster.com\/wp-content\/uploads\/2018\/03\/credi-card.png\" alt=\"Kreditne kartice\" \/><\/p>\n<p>PayPal<\/p>\n<p><img decoding=\"async\" width=\"376\" height=\"103\" src=\"https:\/\/www.sendblaster.com\/wp-content\/uploads\/2018\/03\/paypal.png\" alt=\"PayPal\" \/><\/p>\n<p>&nbsp;<\/p>\n<h2>Varni prehod<\/h2>\n<p>Takoj, ko izvedete pla\u010dilo z va\u0161o kreditno kartico (ki je procesirana v realnem \u010dasu), vam bomo poslali PRO licen\u010dno kodo, ki bo odklenila PRO na\u010din \u2013 s takoj\u0161njo dostavo. Uporaba va\u0161e kreditne kartice je varna:<\/p>\n<ul>\n<li>Podatkov va\u0161e kreditne kartice ne zbiramo neposredno (tudi vidimo jih ne); namesto tega uporabljamo ban\u010dni prehod za kreditne kartice, ki bo obdelal va\u0161e pla\u010dilo namesto nas<\/li>\n<li>Pla\u010dilo je \u0161ifrirano z uporabo Secure Socket Layer protokola (Sloj varnih vti\u010dnic) s 128 bitnim \u0161ifrirnim klju\u010dem (najvi\u0161ja dostopna komercialna raven)<\/li>\n<li>Kot dodaten varnostni sistem uporabljamo standard <strong>VerifiedByVisa\u00ae<\/strong> in <strong>SecureCode\u00ae<\/strong><\/li>\n<\/ul>\n","protected":false},"excerpt":{"rendered":"<p>Kupite SendBlaster ProEnkratna dajatev, \u017eivljenjska doba &nbsp; Skupinske licence in preprodajalci Kupite skupinske licenceNakup samo 2 izvoda vam bo prinesel popust &nbsp; Pogoji nakupa Vse licence veljajo za vedno, brez kakr\u0161nih koli dodatnih stro\u0161kov PRO licenca vklju\u010duje brezpla\u010dno podporo uporabnikom <\/p>\n<p class=\"read-more-container\"><a class=\"button read-more\" href=\"https:\/\/www.sendblaster.com\/si\/kupite\/\" title=\"\">Nadaljujte z branjem<\/a><\/p>\n","protected":false},"author":1,"featured_media":0,"parent":0,"menu_order":0,"comment_status":"closed","ping_status":"closed","template":"","meta":{"_monsterinsights_skip_tracking":false,"_monsterinsights_sitenote_active":false,"_monsterinsights_sitenote_note":"","_monsterinsights_sitenote_category":0,"footnotes":""},"class_list":["post-3222","page","type-page","status-publish"],"yoast_head":"<!-- This site is optimized with the Yoast SEO plugin v23.5 - https:\/\/yoast.com\/wordpress\/plugins\/seo\/ -->\n<title>Kupite svoj SendBlaster PRO zdaj - SendBlaster program za mno\u017ei\u010dno po\u0161iljanje e-po\u0161te<\/title>\n<meta name=\"description\" content=\"SendBlaster program za mno\u017ei\u010dno po\u0161iljanje e-po\u0161te Kupite svoj SendBlaster PRO zdaj Kupite SendBlaster ProEnkratna dajatev, \u017eivljenjska doba &nbsp; Skupinske licence in preprodajalci Kupite skupinske licenceNakup samo 2 izvoda vam bo\" \/>\n<meta name=\"robots\" content=\"index, follow, max-snippet:-1, max-image-preview:large, max-video-preview:-1\" \/>\n<link rel=\"canonical\" href=\"https:\/\/www.sendblaster.com\/si\/kupite\/\" \/>\n<meta property=\"og:locale\" content=\"sl_SI\" \/>\n<meta property=\"og:type\" content=\"article\" \/>\n<meta property=\"og:title\" content=\"Kupite svoj SendBlaster PRO zdaj - SendBlaster program za mno\u017ei\u010dno po\u0161iljanje e-po\u0161te\" \/>\n<meta property=\"og:description\" content=\"SendBlaster program za mno\u017ei\u010dno po\u0161iljanje e-po\u0161te Kupite svoj SendBlaster PRO zdaj Kupite SendBlaster ProEnkratna dajatev, \u017eivljenjska doba &nbsp; Skupinske licence in preprodajalci Kupite skupinske licenceNakup samo 2 izvoda vam bo\" \/>\n<meta property=\"og:url\" content=\"https:\/\/www.sendblaster.com\/si\/kupite\/\" \/>\n<meta property=\"og:site_name\" content=\"SendBlaster program za mno\u017ei\u010dno po\u0161iljanje e-po\u0161te\" \/>\n<meta property=\"article:modified_time\" content=\"2018-07-03T12:12:41+00:00\" \/>\n<meta property=\"og:image\" content=\"https:\/\/www.sendblaster.com\/wp-content\/uploads\/2018\/03\/credi-card.png\" \/>\n<meta name=\"twitter:card\" content=\"summary_large_image\" \/>\n<meta name=\"twitter:label1\" content=\"Est. reading time\" \/>\n\t<meta name=\"twitter:data1\" content=\"1 minuta\" \/>\n<script type=\"application\/ld+json\" class=\"yoast-schema-graph\">{\"@context\":\"https:\/\/schema.org\",\"@graph\":[{\"@type\":\"WebPage\",\"@id\":\"https:\/\/www.sendblaster.com\/si\/kupite\/\",\"url\":\"https:\/\/www.sendblaster.com\/si\/kupite\/\",\"name\":\"Kupite svoj SendBlaster PRO zdaj - SendBlaster program za mno\u017ei\u010dno po\u0161iljanje e-po\u0161te\",\"isPartOf\":{\"@id\":\"https:\/\/www.sendblaster.com\/#website\"},\"primaryImageOfPage\":{\"@id\":\"https:\/\/www.sendblaster.com\/si\/kupite\/#primaryimage\"},\"image\":{\"@id\":\"https:\/\/www.sendblaster.com\/si\/kupite\/#primaryimage\"},\"thumbnailUrl\":\"https:\/\/www.sendblaster.com\/wp-content\/uploads\/2018\/03\/credi-card.png\",\"datePublished\":\"2018-07-03T12:12:21+00:00\",\"dateModified\":\"2018-07-03T12:12:41+00:00\",\"description\":\"SendBlaster program za mno\u017ei\u010dno po\u0161iljanje e-po\u0161te Kupite svoj SendBlaster PRO zdaj Kupite SendBlaster ProEnkratna dajatev, \u017eivljenjska doba &nbsp; Skupinske licence in preprodajalci Kupite skupinske licenceNakup samo 2 izvoda vam bo\",\"breadcrumb\":{\"@id\":\"https:\/\/www.sendblaster.com\/si\/kupite\/#breadcrumb\"},\"inLanguage\":\"sl-SI\",\"potentialAction\":[{\"@type\":\"ReadAction\",\"target\":[\"https:\/\/www.sendblaster.com\/si\/kupite\/\"]}]},{\"@type\":\"ImageObject\",\"inLanguage\":\"sl-SI\",\"@id\":\"https:\/\/www.sendblaster.com\/si\/kupite\/#primaryimage\",\"url\":\"https:\/\/www.sendblaster.com\/wp-content\/uploads\/2018\/03\/credi-card.png\",\"contentUrl\":\"https:\/\/www.sendblaster.com\/wp-content\/uploads\/2018\/03\/credi-card.png\"},{\"@type\":\"BreadcrumbList\",\"@id\":\"https:\/\/www.sendblaster.com\/si\/kupite\/#breadcrumb\",\"itemListElement\":[{\"@type\":\"ListItem\",\"position\":1,\"name\":\"Home\",\"item\":\"https:\/\/www.sendblaster.com\/si\/\"},{\"@type\":\"ListItem\",\"position\":2,\"name\":\"Kupite svoj SendBlaster PRO zdaj\"}]},{\"@type\":\"WebSite\",\"@id\":\"https:\/\/www.sendblaster.com\/#website\",\"url\":\"https:\/\/www.sendblaster.com\/\",\"name\":\"SendBlaster program za mno\u017ei\u010dno po\u0161iljanje e-po\u0161te\",\"description\":\"\",\"publisher\":{\"@id\":\"https:\/\/www.sendblaster.com\/#organization\"},\"potentialAction\":[{\"@type\":\"SearchAction\",\"target\":{\"@type\":\"EntryPoint\",\"urlTemplate\":\"https:\/\/www.sendblaster.com\/?s={search_term_string}\"},\"query-input\":{\"@type\":\"PropertyValueSpecification\",\"valueRequired\":true,\"valueName\":\"search_term_string\"}}],\"inLanguage\":\"sl-SI\"},{\"@type\":\"Organization\",\"@id\":\"https:\/\/www.sendblaster.com\/#organization\",\"name\":\"SendBlaster program za mno\u017ei\u010dno po\u0161iljanje e-po\u0161te\",\"url\":\"https:\/\/www.sendblaster.com\/\",\"logo\":{\"@type\":\"ImageObject\",\"inLanguage\":\"sl-SI\",\"@id\":\"https:\/\/www.sendblaster.com\/#\/schema\/logo\/image\/\",\"url\":\"https:\/\/www.sendblaster.com\/wp-content\/uploads\/2021\/09\/logo-svg-2021.svg\",\"contentUrl\":\"https:\/\/www.sendblaster.com\/wp-content\/uploads\/2021\/09\/logo-svg-2021.svg\",\"width\":350,\"height\":70,\"caption\":\"SendBlaster program za mno\u017ei\u010dno po\u0161iljanje e-po\u0161te\"},\"image\":{\"@id\":\"https:\/\/www.sendblaster.com\/#\/schema\/logo\/image\/\"}}]}<\/script>\n<!-- \/ Yoast SEO plugin. -->","yoast_head_json":{"title":"Kupite svoj SendBlaster PRO zdaj - SendBlaster program za mno\u017ei\u010dno po\u0161iljanje e-po\u0161te","description":"SendBlaster program za mno\u017ei\u010dno po\u0161iljanje e-po\u0161te Kupite svoj SendBlaster PRO zdaj Kupite SendBlaster ProEnkratna dajatev, \u017eivljenjska doba &nbsp; Skupinske licence in preprodajalci Kupite skupinske licenceNakup samo 2 izvoda vam bo","robots":{"index":"index","follow":"follow","max-snippet":"max-snippet:-1","max-image-preview":"max-image-preview:large","max-video-preview":"max-video-preview:-1"},"canonical":"https:\/\/www.sendblaster.com\/si\/kupite\/","og_locale":"sl_SI","og_type":"article","og_title":"Kupite svoj SendBlaster PRO zdaj - SendBlaster program za mno\u017ei\u010dno po\u0161iljanje e-po\u0161te","og_description":"SendBlaster program za mno\u017ei\u010dno po\u0161iljanje e-po\u0161te Kupite svoj SendBlaster PRO zdaj Kupite SendBlaster ProEnkratna dajatev, \u017eivljenjska doba &nbsp; Skupinske licence in preprodajalci Kupite skupinske licenceNakup samo 2 izvoda vam bo","og_url":"https:\/\/www.sendblaster.com\/si\/kupite\/","og_site_name":"SendBlaster program za mno\u017ei\u010dno po\u0161iljanje e-po\u0161te","article_modified_time":"2018-07-03T12:12:41+00:00","og_image":[{"url":"https:\/\/www.sendblaster.com\/wp-content\/uploads\/2018\/03\/credi-card.png"}],"twitter_card":"summary_large_image","twitter_misc":{"Est. reading time":"1 minuta"},"schema":{"@context":"https:\/\/schema.org","@graph":[{"@type":"WebPage","@id":"https:\/\/www.sendblaster.com\/si\/kupite\/","url":"https:\/\/www.sendblaster.com\/si\/kupite\/","name":"Kupite svoj SendBlaster PRO zdaj - SendBlaster program za mno\u017ei\u010dno po\u0161iljanje e-po\u0161te","isPartOf":{"@id":"https:\/\/www.sendblaster.com\/#website"},"primaryImageOfPage":{"@id":"https:\/\/www.sendblaster.com\/si\/kupite\/#primaryimage"},"image":{"@id":"https:\/\/www.sendblaster.com\/si\/kupite\/#primaryimage"},"thumbnailUrl":"https:\/\/www.sendblaster.com\/wp-content\/uploads\/2018\/03\/credi-card.png","datePublished":"2018-07-03T12:12:21+00:00","dateModified":"2018-07-03T12:12:41+00:00","description":"SendBlaster program za mno\u017ei\u010dno po\u0161iljanje e-po\u0161te Kupite svoj SendBlaster PRO zdaj Kupite SendBlaster ProEnkratna dajatev, \u017eivljenjska doba &nbsp; Skupinske licence in preprodajalci Kupite skupinske licenceNakup samo 2 izvoda vam bo","breadcrumb":{"@id":"https:\/\/www.sendblaster.com\/si\/kupite\/#breadcrumb"},"inLanguage":"sl-SI","potentialAction":[{"@type":"ReadAction","target":["https:\/\/www.sendblaster.com\/si\/kupite\/"]}]},{"@type":"ImageObject","inLanguage":"sl-SI","@id":"https:\/\/www.sendblaster.com\/si\/kupite\/#primaryimage","url":"https:\/\/www.sendblaster.com\/wp-content\/uploads\/2018\/03\/credi-card.png","contentUrl":"https:\/\/www.sendblaster.com\/wp-content\/uploads\/2018\/03\/credi-card.png"},{"@type":"BreadcrumbList","@id":"https:\/\/www.sendblaster.com\/si\/kupite\/#breadcrumb","itemListElement":[{"@type":"ListItem","position":1,"name":"Home","item":"https:\/\/www.sendblaster.com\/si\/"},{"@type":"ListItem","position":2,"name":"Kupite svoj SendBlaster PRO zdaj"}]},{"@type":"WebSite","@id":"https:\/\/www.sendblaster.com\/#website","url":"https:\/\/www.sendblaster.com\/","name":"SendBlaster program za mno\u017ei\u010dno po\u0161iljanje e-po\u0161te","description":"","publisher":{"@id":"https:\/\/www.sendblaster.com\/#organization"},"potentialAction":[{"@type":"SearchAction","target":{"@type":"EntryPoint","urlTemplate":"https:\/\/www.sendblaster.com\/?s={search_term_string}"},"query-input":{"@type":"PropertyValueSpecification","valueRequired":true,"valueName":"search_term_string"}}],"inLanguage":"sl-SI"},{"@type":"Organization","@id":"https:\/\/www.sendblaster.com\/#organization","name":"SendBlaster program za mno\u017ei\u010dno po\u0161iljanje e-po\u0161te","url":"https:\/\/www.sendblaster.com\/","logo":{"@type":"ImageObject","inLanguage":"sl-SI","@id":"https:\/\/www.sendblaster.com\/#\/schema\/logo\/image\/","url":"https:\/\/www.sendblaster.com\/wp-content\/uploads\/2021\/09\/logo-svg-2021.svg","contentUrl":"https:\/\/www.sendblaster.com\/wp-content\/uploads\/2021\/09\/logo-svg-2021.svg","width":350,"height":70,"caption":"SendBlaster program za mno\u017ei\u010dno po\u0161iljanje e-po\u0161te"},"image":{"@id":"https:\/\/www.sendblaster.com\/#\/schema\/logo\/image\/"}}]}},"_links":{"self":[{"href":"https:\/\/www.sendblaster.com\/si\/wp-json\/wp\/v2\/pages\/3222"}],"collection":[{"href":"https:\/\/www.sendblaster.com\/si\/wp-json\/wp\/v2\/pages"}],"about":[{"href":"https:\/\/www.sendblaster.com\/si\/wp-json\/wp\/v2\/types\/page"}],"author":[{"embeddable":true,"href":"https:\/\/www.sendblaster.com\/si\/wp-json\/wp\/v2\/users\/1"}],"replies":[{"embeddable":true,"href":"https:\/\/www.sendblaster.com\/si\/wp-json\/wp\/v2\/comments?post=3222"}],"version-history":[{"count":2,"href":"https:\/\/www.sendblaster.com\/si\/wp-json\/wp\/v2\/pages\/3222\/revisions"}],"predecessor-version":[{"id":3224,"href":"https:\/\/www.sendblaster.com\/si\/wp-json\/wp\/v2\/pages\/3222\/revisions\/3224"}],"wp:attachment":[{"href":"https:\/\/www.sendblaster.com\/si\/wp-json\/wp\/v2\/media?parent=3222"}],"curies":[{"name":"wp","href":"https:\/\/api.w.org\/{rel}","templated":true}]}}