{"id":2975,"date":"2018-05-28T13:19:05","date_gmt":"2018-05-28T13:19:05","guid":{"rendered":"https:\/\/www.sendblaster.com\/wpnew-2018\/?page_id=2975"},"modified":"2018-05-28T13:19:19","modified_gmt":"2018-05-28T13:19:19","slug":"multiple-dovoljenje-activation-modul","status":"publish","type":"page","link":"https:\/\/www.sendblaster.com\/si\/multiple-dovoljenje-activation-modul\/","title":{"rendered":"Multiple dovoljenje activation modul"},"content":{"rendered":"<p><iframe src=\"https:\/\/www.sendblaster.com\/sendblaster\/services\/activation\/form\/formbox.php?lng=si\" style=\"width:500px; height:720px; margin:0px; padding: 0px; border: 0px; overflow:hidden; scroll:none;\"><\/iframe><\/p>\n","protected":false},"excerpt":{"rendered":"\n<p class=\"read-more-container\"><a class=\"button read-more\" href=\"https:\/\/www.sendblaster.com\/si\/multiple-dovoljenje-activation-modul\/\" title=\"\">Nadaljujte z branjem<\/a><\/p>\n","protected":false},"author":1,"featured_media":0,"parent":0,"menu_order":0,"comment_status":"closed","ping_status":"closed","template":"g1_template_page_sidebar_right.php","meta":{"_monsterinsights_skip_tracking":false,"_monsterinsights_sitenote_active":false,"_monsterinsights_sitenote_note":"","_monsterinsights_sitenote_category":0,"footnotes":""},"class_list":["post-2975","page","type-page","status-publish"],"yoast_head":"<!-- This site is optimized with the Yoast SEO plugin v23.5 - https:\/\/yoast.com\/wordpress\/plugins\/seo\/ -->\n<title>Multiple dovoljenje activation modul - SendBlaster program za mno\u017ei\u010dno po\u0161iljanje e-po\u0161te<\/title>\n<meta name=\"description\" content=\"SendBlaster program za mno\u017ei\u010dno po\u0161iljanje e-po\u0161te Multiple dovoljenje activation modul $lng = ICL_LANGUAGE_CODE;  $_GET=$lng;    $path = $_SERVER.&#039;\/sendblaster\/services\/activation\/form\/form.php&#039;;    include ($path);\" \/>\n<meta name=\"robots\" content=\"index, follow, max-snippet:-1, max-image-preview:large, max-video-preview:-1\" \/>\n<link rel=\"canonical\" href=\"https:\/\/www.sendblaster.com\/si\/multiple-dovoljenje-activation-modul\/\" \/>\n<meta property=\"og:locale\" content=\"sl_SI\" \/>\n<meta property=\"og:type\" content=\"article\" \/>\n<meta property=\"og:title\" content=\"Multiple dovoljenje activation modul - SendBlaster program za mno\u017ei\u010dno po\u0161iljanje e-po\u0161te\" \/>\n<meta property=\"og:description\" content=\"SendBlaster program za mno\u017ei\u010dno po\u0161iljanje e-po\u0161te Multiple dovoljenje activation modul $lng = ICL_LANGUAGE_CODE;  $_GET=$lng;    $path = $_SERVER.&#039;\/sendblaster\/services\/activation\/form\/form.php&#039;;    include ($path);\" \/>\n<meta property=\"og:url\" content=\"https:\/\/www.sendblaster.com\/si\/multiple-dovoljenje-activation-modul\/\" \/>\n<meta property=\"og:site_name\" content=\"SendBlaster program za mno\u017ei\u010dno po\u0161iljanje e-po\u0161te\" \/>\n<meta property=\"article:modified_time\" content=\"2018-05-28T13:19:19+00:00\" \/>\n<meta name=\"twitter:card\" content=\"summary_large_image\" \/>\n<script type=\"application\/ld+json\" class=\"yoast-schema-graph\">{\"@context\":\"https:\/\/schema.org\",\"@graph\":[{\"@type\":\"WebPage\",\"@id\":\"https:\/\/www.sendblaster.com\/si\/multiple-dovoljenje-activation-modul\/\",\"url\":\"https:\/\/www.sendblaster.com\/si\/multiple-dovoljenje-activation-modul\/\",\"name\":\"Multiple dovoljenje activation modul - SendBlaster program za mno\u017ei\u010dno po\u0161iljanje e-po\u0161te\",\"isPartOf\":{\"@id\":\"https:\/\/www.sendblaster.com\/#website\"},\"datePublished\":\"2018-05-28T13:19:05+00:00\",\"dateModified\":\"2018-05-28T13:19:19+00:00\",\"description\":\"SendBlaster program za mno\u017ei\u010dno po\u0161iljanje e-po\u0161te Multiple dovoljenje activation modul $lng = ICL_LANGUAGE_CODE; $_GET=$lng; $path = $_SERVER.'\/sendblaster\/services\/activation\/form\/form.php'; include ($path);\",\"breadcrumb\":{\"@id\":\"https:\/\/www.sendblaster.com\/si\/multiple-dovoljenje-activation-modul\/#breadcrumb\"},\"inLanguage\":\"sl-SI\",\"potentialAction\":[{\"@type\":\"ReadAction\",\"target\":[\"https:\/\/www.sendblaster.com\/si\/multiple-dovoljenje-activation-modul\/\"]}]},{\"@type\":\"BreadcrumbList\",\"@id\":\"https:\/\/www.sendblaster.com\/si\/multiple-dovoljenje-activation-modul\/#breadcrumb\",\"itemListElement\":[{\"@type\":\"ListItem\",\"position\":1,\"name\":\"Home\",\"item\":\"https:\/\/www.sendblaster.com\/si\/\"},{\"@type\":\"ListItem\",\"position\":2,\"name\":\"Multiple dovoljenje activation modul\"}]},{\"@type\":\"WebSite\",\"@id\":\"https:\/\/www.sendblaster.com\/#website\",\"url\":\"https:\/\/www.sendblaster.com\/\",\"name\":\"SendBlaster program za mno\u017ei\u010dno po\u0161iljanje e-po\u0161te\",\"description\":\"\",\"publisher\":{\"@id\":\"https:\/\/www.sendblaster.com\/#organization\"},\"potentialAction\":[{\"@type\":\"SearchAction\",\"target\":{\"@type\":\"EntryPoint\",\"urlTemplate\":\"https:\/\/www.sendblaster.com\/?s={search_term_string}\"},\"query-input\":{\"@type\":\"PropertyValueSpecification\",\"valueRequired\":true,\"valueName\":\"search_term_string\"}}],\"inLanguage\":\"sl-SI\"},{\"@type\":\"Organization\",\"@id\":\"https:\/\/www.sendblaster.com\/#organization\",\"name\":\"SendBlaster program za mno\u017ei\u010dno po\u0161iljanje e-po\u0161te\",\"url\":\"https:\/\/www.sendblaster.com\/\",\"logo\":{\"@type\":\"ImageObject\",\"inLanguage\":\"sl-SI\",\"@id\":\"https:\/\/www.sendblaster.com\/#\/schema\/logo\/image\/\",\"url\":\"https:\/\/www.sendblaster.com\/wp-content\/uploads\/2021\/09\/logo-svg-2021.svg\",\"contentUrl\":\"https:\/\/www.sendblaster.com\/wp-content\/uploads\/2021\/09\/logo-svg-2021.svg\",\"width\":350,\"height\":70,\"caption\":\"SendBlaster program za mno\u017ei\u010dno po\u0161iljanje e-po\u0161te\"},\"image\":{\"@id\":\"https:\/\/www.sendblaster.com\/#\/schema\/logo\/image\/\"}}]}<\/script>\n<!-- \/ Yoast SEO plugin. -->","yoast_head_json":{"title":"Multiple dovoljenje activation modul - SendBlaster program za mno\u017ei\u010dno po\u0161iljanje e-po\u0161te","description":"SendBlaster program za mno\u017ei\u010dno po\u0161iljanje e-po\u0161te Multiple dovoljenje activation modul $lng = ICL_LANGUAGE_CODE;  $_GET=$lng;    $path = $_SERVER.'\/sendblaster\/services\/activation\/form\/form.php';    include ($path);","robots":{"index":"index","follow":"follow","max-snippet":"max-snippet:-1","max-image-preview":"max-image-preview:large","max-video-preview":"max-video-preview:-1"},"canonical":"https:\/\/www.sendblaster.com\/si\/multiple-dovoljenje-activation-modul\/","og_locale":"sl_SI","og_type":"article","og_title":"Multiple dovoljenje activation modul - SendBlaster program za mno\u017ei\u010dno po\u0161iljanje e-po\u0161te","og_description":"SendBlaster program za mno\u017ei\u010dno po\u0161iljanje e-po\u0161te Multiple dovoljenje activation modul $lng = ICL_LANGUAGE_CODE;  $_GET=$lng;    $path = $_SERVER.'\/sendblaster\/services\/activation\/form\/form.php';    include ($path);","og_url":"https:\/\/www.sendblaster.com\/si\/multiple-dovoljenje-activation-modul\/","og_site_name":"SendBlaster program za mno\u017ei\u010dno po\u0161iljanje e-po\u0161te","article_modified_time":"2018-05-28T13:19:19+00:00","twitter_card":"summary_large_image","schema":{"@context":"https:\/\/schema.org","@graph":[{"@type":"WebPage","@id":"https:\/\/www.sendblaster.com\/si\/multiple-dovoljenje-activation-modul\/","url":"https:\/\/www.sendblaster.com\/si\/multiple-dovoljenje-activation-modul\/","name":"Multiple dovoljenje activation modul - SendBlaster program za mno\u017ei\u010dno po\u0161iljanje e-po\u0161te","isPartOf":{"@id":"https:\/\/www.sendblaster.com\/#website"},"datePublished":"2018-05-28T13:19:05+00:00","dateModified":"2018-05-28T13:19:19+00:00","description":"SendBlaster program za mno\u017ei\u010dno po\u0161iljanje e-po\u0161te Multiple dovoljenje activation modul $lng = ICL_LANGUAGE_CODE; $_GET=$lng; $path = $_SERVER.'\/sendblaster\/services\/activation\/form\/form.php'; include ($path);","breadcrumb":{"@id":"https:\/\/www.sendblaster.com\/si\/multiple-dovoljenje-activation-modul\/#breadcrumb"},"inLanguage":"sl-SI","potentialAction":[{"@type":"ReadAction","target":["https:\/\/www.sendblaster.com\/si\/multiple-dovoljenje-activation-modul\/"]}]},{"@type":"BreadcrumbList","@id":"https:\/\/www.sendblaster.com\/si\/multiple-dovoljenje-activation-modul\/#breadcrumb","itemListElement":[{"@type":"ListItem","position":1,"name":"Home","item":"https:\/\/www.sendblaster.com\/si\/"},{"@type":"ListItem","position":2,"name":"Multiple dovoljenje activation modul"}]},{"@type":"WebSite","@id":"https:\/\/www.sendblaster.com\/#website","url":"https:\/\/www.sendblaster.com\/","name":"SendBlaster program za mno\u017ei\u010dno po\u0161iljanje e-po\u0161te","description":"","publisher":{"@id":"https:\/\/www.sendblaster.com\/#organization"},"potentialAction":[{"@type":"SearchAction","target":{"@type":"EntryPoint","urlTemplate":"https:\/\/www.sendblaster.com\/?s={search_term_string}"},"query-input":{"@type":"PropertyValueSpecification","valueRequired":true,"valueName":"search_term_string"}}],"inLanguage":"sl-SI"},{"@type":"Organization","@id":"https:\/\/www.sendblaster.com\/#organization","name":"SendBlaster program za mno\u017ei\u010dno po\u0161iljanje e-po\u0161te","url":"https:\/\/www.sendblaster.com\/","logo":{"@type":"ImageObject","inLanguage":"sl-SI","@id":"https:\/\/www.sendblaster.com\/#\/schema\/logo\/image\/","url":"https:\/\/www.sendblaster.com\/wp-content\/uploads\/2021\/09\/logo-svg-2021.svg","contentUrl":"https:\/\/www.sendblaster.com\/wp-content\/uploads\/2021\/09\/logo-svg-2021.svg","width":350,"height":70,"caption":"SendBlaster program za mno\u017ei\u010dno po\u0161iljanje e-po\u0161te"},"image":{"@id":"https:\/\/www.sendblaster.com\/#\/schema\/logo\/image\/"}}]}},"_links":{"self":[{"href":"https:\/\/www.sendblaster.com\/si\/wp-json\/wp\/v2\/pages\/2975"}],"collection":[{"href":"https:\/\/www.sendblaster.com\/si\/wp-json\/wp\/v2\/pages"}],"about":[{"href":"https:\/\/www.sendblaster.com\/si\/wp-json\/wp\/v2\/types\/page"}],"author":[{"embeddable":true,"href":"https:\/\/www.sendblaster.com\/si\/wp-json\/wp\/v2\/users\/1"}],"replies":[{"embeddable":true,"href":"https:\/\/www.sendblaster.com\/si\/wp-json\/wp\/v2\/comments?post=2975"}],"version-history":[{"count":2,"href":"https:\/\/www.sendblaster.com\/si\/wp-json\/wp\/v2\/pages\/2975\/revisions"}],"predecessor-version":[{"id":2977,"href":"https:\/\/www.sendblaster.com\/si\/wp-json\/wp\/v2\/pages\/2975\/revisions\/2977"}],"wp:attachment":[{"href":"https:\/\/www.sendblaster.com\/si\/wp-json\/wp\/v2\/media?parent=2975"}],"curies":[{"name":"wp","href":"https:\/\/api.w.org\/{rel}","templated":true}]}}