{"id":3060,"date":"2018-06-05T07:23:05","date_gmt":"2018-06-05T07:23:05","guid":{"rendered":"https:\/\/www.sendblaster.com\/wpnew-2018\/?page_id=3060"},"modified":"2018-06-05T07:23:05","modified_gmt":"2018-06-05T07:23:05","slug":"seguranca","status":"publish","type":"page","link":"https:\/\/www.sendblaster.com\/pt\/politica-de-privacidade-regulamento-da-ue-2016-79-rgpd\/seguranca\/","title":{"rendered":"Seguran\u00e7a"},"content":{"rendered":"<p><img decoding=\"async\" class=\"alignnone size-full wp-image-6763\" src=\"https:\/\/www.sendblaster.com\/wp-content\/uploads\/2018\/05\/gdpr-protect-1.png\" alt=\"\" width=\"1280\" height=\"700\" \/><\/p>\n<ul class=\"g1-grid\"><li class=\"g1-column g1-one-fourth g1-valign-top\">\n<h4>Medidas t\u00e9cnicas<\/h4>\n<\/li><!-- -->\n<li class=\"g1-column g1-three-fourth g1-valign-top\">\n<p>A Delivery Tech atribui a maior import\u00e2ncia \u00e0 seguran\u00e7a e integridade dos seus dados pessoais.<br \/>\nDe acordo com o RGPD, comprometemo-nos diariamente a tomar todas as precau\u00e7\u00f5es necess\u00e1rias para preservar a seguran\u00e7a dos seus dados e, em particular, proteg\u00ea-los de:<\/p>\n\n<ul id=\"\" class=\"g1-list g1-list--upper-alpha g1-list--none \">\n<li>destrui\u00e7\u00e3o acidental ou il\u00edcita;<\/li>\n<li>perda acidental ou il\u00edcita;<\/li>\n<li>corrup\u00e7\u00e3o acidental ou il\u00edcita;<\/li>\n<li>circula\u00e7\u00e3o ou divulga\u00e7\u00e3o a pessoas n\u00e3o autorizadas;<\/li>\n<li>acesso n\u00e3o autorizado;<\/li>\n<li>processamento ilegal.<\/li>\n<\/ul>\n\n<p><span style=\"font-weight: 400;\">Para este fim, adot\u00e1mos medidas t\u00e9cnicas de seguran\u00e7a padr\u00e3o do setor, incluindo:<\/span><\/p>\n\n<ul id=\"\" class=\"g1-list g1-list--upper-alpha g1-list--none \">\n<li>uma firewall multin\u00edvel;<\/li>\n<li>antiv\u00edrus e programas de dete\u00e7\u00e3o de intrus\u00e3o comprovados;<\/li>\n<li>transmiss\u00e3o encriptada de dados atrav\u00e9s de tecnologia SSL\/HTTPS\/VPN.<\/li>\n<\/ul>\n\n<p>Para proteger os dados pessoais de divulga\u00e7\u00f5es n\u00e3o autorizadas, us\u00e1mos m\u00e9todos de codifica\u00e7\u00e3o desenvolvidos especificamente para esse prop\u00f3sito, bem como algoritmos que garantem a seguran\u00e7a de transa\u00e7\u00f5es, acessos e c\u00f3pias de seguran\u00e7a de dados.<br \/>\nGarantimos a precis\u00e3o e o uso correto dos dados:<\/p>\n\n<ul id=\"\" class=\"g1-list g1-list--upper-alpha g1-list--none \">\n<li>com procedimentos eletr\u00f3nicos, f\u00edsicos e de gest\u00e3o adequados para salvaguardar e preservar os dados recolhidos atrav\u00e9s dos nossos servi\u00e7os;<\/li>\n<li>com a forma\u00e7\u00e3o apropriada de qualquer funcion\u00e1rio que tenha obtido autoriza\u00e7\u00e3o espec\u00edfica para aceder aos dados, em conformidade com as disposi\u00e7\u00f5es do GPDR.<\/li>\n<\/ul>\n\n<p>No entanto, n\u00e3o h\u00e1 defesa absoluta contra ataques de pirataria ou hackers. No caso de uma quebra de seguran\u00e7a (uma \u201cviola\u00e7\u00e3o de dados\u201d), comprometemo-nos em inform\u00e1-lo sem atrasos indevidos e faremos o melhor poss\u00edvel para neutralizar a intrus\u00e3o e minimizar o impacto. No caso de sofrer uma perda devido a uma viola\u00e7\u00e3o de seguran\u00e7a, comprometemo-nos em fornecer-lhe toda a assist\u00eancia necess\u00e1ria para que possa reivindicar os seus direitos.<br \/>\nSe, em casos excecionais, a perda sofrida for devida a uma falta grave por parte da Delivery Tech, forneceremos uma indemniza\u00e7\u00e3o, dentro do limite de responsabilidade estabelecido pelas nossas Condi\u00e7\u00f5es Gerais de Uso.<br \/>\nSe um utilizador, assinante de listas de contactos ou um hacker descobrir e aproveitar uma viola\u00e7\u00e3o de seguran\u00e7a, essa pessoa \u00e9 respons\u00e1vel pela acusa\u00e7\u00e3o. A Delivery Tech tomar\u00e1 todas as medidas, incluindo a apresenta\u00e7\u00e3o de uma reclama\u00e7\u00e3o e\/ou a\u00e7\u00e3o legal, para preservar os dados e direitos dos seus utilizadores, bem como os seus pr\u00f3prios direitos e limitar quaisquer efeitos.<br \/>\nAs medidas acima mencionadas s\u00e3o aquelas que adotamos para a prote\u00e7\u00e3o dos seus dados. Como utilizador dos nossos servi\u00e7os, aplica\u00e7\u00f5es ou programas, deve executar as seguintes a\u00e7\u00f5es:<\/p>\n\n<ul id=\"\" class=\"g1-list g1-list--upper-alpha g1-list--none \">\n<li>verificar a autentica\u00e7\u00e3o das pessoas com acesso aos seus dados;<\/li>\n<li>utilizar uma palavra-passe \u00fanica e suficientemente segura, n\u00e3o se esquecendo de a alterar regularmente e nunca deixar \u00e0 vista;<\/li>\n<li>n\u00e3o se esquecer de tomar as medidas de seguran\u00e7a adequadas para os dados processados pela Delivery Tech que partilhe em canais de comunica\u00e7\u00e3o inseguros.<\/li>\n<\/ul>\n\n<p>O objetivo dessas medidas t\u00e9cnicas \u00e9 tornar os seus dados incompreens\u00edveis ou inacess\u00edveis a pessoas n\u00e3o autorizadas.<br \/>\nPara quaisquer quest\u00f5es relacionadas com a seguran\u00e7a dos nossos servi\u00e7os, aplica\u00e7\u00f5es e programas, entre em contacto com nossa equipa de suporte t\u00e9cnico dispon\u00edvel nos nossos canais oficiais: e-mail, chat online e telefone.<\/p>\n<\/li><!-- --><\/ul>\n<div  class=\"g1-divider g1-divider--none g1-divider--noicon \"><\/div>\n<ul class=\"g1-grid\"><li class=\"g1-column g1-one-fourth g1-valign-top\">\n<h4>Acesso a dados autorizados para atendimento ao cliente e assist\u00eancia t\u00e9cnica<\/h4>\n<\/li><!-- -->\n<li class=\"g1-column g1-three-fourth g1-valign-top\">\n<p>Os dados recolhidos ser\u00e3o usados se for necess\u00e1rio ou instrumental para:<\/p>\n\n<ul id=\"\" class=\"g1-list g1-list--upper-alpha g1-list--none \">\n<li>fornecer assist\u00eancia t\u00e9cnica aos utilizadores para os servi\u00e7os prestados pela Delivery Tech que afetam os controladores de dados ou as suas listas de contactos;<\/li>\n<li>concluir negocia\u00e7\u00f5es comerciais por telefone ou email;<\/li>\n<li>aconselhamento comercial direto ou indireto.<\/li>\n<\/ul>\n\n<p>Os seus dados podem ser processados por funcion\u00e1rios da Delivery Tech, ou por terceiros, que ser\u00e3o indicados como processadores externos, conforme apropriado. O propriet\u00e1rio, ou o controlador de dados, ser\u00e3o informados periodicamente sobre os m\u00e9todos de tratamento.<\/p>\n<\/li><!-- --><\/ul>\n<div  class=\"g1-divider g1-divider--none g1-divider--noicon \"><\/div>\n<ul class=\"g1-grid\"><li class=\"g1-column g1-one-fourth g1-valign-top\">\n<h4>Minimiza\u00e7\u00e3o do processamento e arquivamento de dados<\/h4>\n<\/li><!-- -->\n<li class=\"g1-column g1-three-fourth g1-valign-top\">\n<p>Prepar\u00e1mos medidas t\u00e9cnicas e organizacionais para garantir o princ\u00edpio da minimiza\u00e7\u00e3o do processamento de dados. Qualquer processamento de dados ser\u00e1 sempre adequado, relevante e limitado para atingir os prop\u00f3sitos declarados.<br \/>\nO tratamento de dados para fins estat\u00edsticos, arquivamento no interesse p\u00fablico, pesquisa cient\u00edfica ou hist\u00f3rica est\u00e1 sujeito a garantias adequadas aos direitos e liberdades do interessado, em conformidade com as disposi\u00e7\u00f5es do RGPD.<\/p>\n<\/li><!-- --><\/ul>\n","protected":false},"excerpt":{"rendered":"\n<p class=\"read-more-container\"><a class=\"button read-more\" href=\"https:\/\/www.sendblaster.com\/pt\/politica-de-privacidade-regulamento-da-ue-2016-79-rgpd\/seguranca\/\" title=\"\">Continue Reading<\/a><\/p>\n","protected":false},"author":1,"featured_media":0,"parent":3050,"menu_order":4,"comment_status":"closed","ping_status":"closed","template":"","meta":{"_monsterinsights_skip_tracking":false,"_monsterinsights_sitenote_active":false,"_monsterinsights_sitenote_note":"","_monsterinsights_sitenote_category":0,"footnotes":""},"class_list":["post-3060","page","type-page","status-publish"],"yoast_head":"<!-- This site is optimized with the Yoast SEO plugin v23.5 - https:\/\/yoast.com\/wordpress\/plugins\/seo\/ -->\n<title>Seguran\u00e7a - SendBlaster software para envio de e-mail em massa<\/title>\n<meta name=\"description\" content=\"SendBlaster software para envio de e-mail em massa Seguran\u00e7a\" \/>\n<meta name=\"robots\" content=\"index, follow, max-snippet:-1, max-image-preview:large, max-video-preview:-1\" \/>\n<link rel=\"canonical\" href=\"https:\/\/www.sendblaster.com\/pt\/politica-de-privacidade-regulamento-da-ue-2016-79-rgpd\/seguranca\/\" \/>\n<meta property=\"og:locale\" content=\"pt_PT\" \/>\n<meta property=\"og:type\" content=\"article\" \/>\n<meta property=\"og:title\" content=\"Seguran\u00e7a - SendBlaster software para envio de e-mail em massa\" \/>\n<meta property=\"og:description\" content=\"SendBlaster software para envio de e-mail em massa Seguran\u00e7a\" \/>\n<meta property=\"og:url\" content=\"https:\/\/www.sendblaster.com\/pt\/politica-de-privacidade-regulamento-da-ue-2016-79-rgpd\/seguranca\/\" \/>\n<meta property=\"og:site_name\" content=\"SendBlaster software para envio de e-mail em massa\" \/>\n<meta property=\"og:image\" content=\"https:\/\/www.sendblaster.com\/wp-content\/uploads\/2018\/05\/gdpr-protect-1.png\" \/>\n<meta name=\"twitter:card\" content=\"summary_large_image\" \/>\n<meta name=\"twitter:label1\" content=\"Tempo estimado de leitura\" \/>\n\t<meta name=\"twitter:data1\" content=\"4 minutos\" \/>\n<script type=\"application\/ld+json\" class=\"yoast-schema-graph\">{\"@context\":\"https:\/\/schema.org\",\"@graph\":[{\"@type\":\"WebPage\",\"@id\":\"https:\/\/www.sendblaster.com\/pt\/politica-de-privacidade-regulamento-da-ue-2016-79-rgpd\/seguranca\/\",\"url\":\"https:\/\/www.sendblaster.com\/pt\/politica-de-privacidade-regulamento-da-ue-2016-79-rgpd\/seguranca\/\",\"name\":\"Seguran\u00e7a - SendBlaster software para envio de e-mail em massa\",\"isPartOf\":{\"@id\":\"https:\/\/www.sendblaster.com\/#website\"},\"primaryImageOfPage\":{\"@id\":\"https:\/\/www.sendblaster.com\/pt\/politica-de-privacidade-regulamento-da-ue-2016-79-rgpd\/seguranca\/#primaryimage\"},\"image\":{\"@id\":\"https:\/\/www.sendblaster.com\/pt\/politica-de-privacidade-regulamento-da-ue-2016-79-rgpd\/seguranca\/#primaryimage\"},\"thumbnailUrl\":\"https:\/\/www.sendblaster.com\/wp-content\/uploads\/2018\/05\/gdpr-protect-1.png\",\"datePublished\":\"2018-06-05T07:23:05+00:00\",\"dateModified\":\"2018-06-05T07:23:05+00:00\",\"description\":\"SendBlaster software para envio de e-mail em massa Seguran\u00e7a\",\"breadcrumb\":{\"@id\":\"https:\/\/www.sendblaster.com\/pt\/politica-de-privacidade-regulamento-da-ue-2016-79-rgpd\/seguranca\/#breadcrumb\"},\"inLanguage\":\"pt-PT\",\"potentialAction\":[{\"@type\":\"ReadAction\",\"target\":[\"https:\/\/www.sendblaster.com\/pt\/politica-de-privacidade-regulamento-da-ue-2016-79-rgpd\/seguranca\/\"]}]},{\"@type\":\"ImageObject\",\"inLanguage\":\"pt-PT\",\"@id\":\"https:\/\/www.sendblaster.com\/pt\/politica-de-privacidade-regulamento-da-ue-2016-79-rgpd\/seguranca\/#primaryimage\",\"url\":\"https:\/\/www.sendblaster.com\/wp-content\/uploads\/2018\/05\/gdpr-protect-1.png\",\"contentUrl\":\"https:\/\/www.sendblaster.com\/wp-content\/uploads\/2018\/05\/gdpr-protect-1.png\"},{\"@type\":\"BreadcrumbList\",\"@id\":\"https:\/\/www.sendblaster.com\/pt\/politica-de-privacidade-regulamento-da-ue-2016-79-rgpd\/seguranca\/#breadcrumb\",\"itemListElement\":[{\"@type\":\"ListItem\",\"position\":1,\"name\":\"Home\",\"item\":\"https:\/\/www.sendblaster.com\/\"},{\"@type\":\"ListItem\",\"position\":2,\"name\":\"RGPD &#8211; Introdu\u00e7\u00e3o &#8211; Objetivos\",\"item\":\"https:\/\/www.sendblaster.com\/pt\/politica-de-privacidade-regulamento-da-ue-2016-79-rgpd\/\"},{\"@type\":\"ListItem\",\"position\":3,\"name\":\"Seguran\u00e7a\"}]},{\"@type\":\"WebSite\",\"@id\":\"https:\/\/www.sendblaster.com\/#website\",\"url\":\"https:\/\/www.sendblaster.com\/\",\"name\":\"SendBlaster software para envio de e-mail em massa\",\"description\":\"\",\"publisher\":{\"@id\":\"https:\/\/www.sendblaster.com\/#organization\"},\"potentialAction\":[{\"@type\":\"SearchAction\",\"target\":{\"@type\":\"EntryPoint\",\"urlTemplate\":\"https:\/\/www.sendblaster.com\/?s={search_term_string}\"},\"query-input\":{\"@type\":\"PropertyValueSpecification\",\"valueRequired\":true,\"valueName\":\"search_term_string\"}}],\"inLanguage\":\"pt-PT\"},{\"@type\":\"Organization\",\"@id\":\"https:\/\/www.sendblaster.com\/#organization\",\"name\":\"SendBlaster software para envio de e-mail em massa\",\"url\":\"https:\/\/www.sendblaster.com\/\",\"logo\":{\"@type\":\"ImageObject\",\"inLanguage\":\"pt-PT\",\"@id\":\"https:\/\/www.sendblaster.com\/#\/schema\/logo\/image\/\",\"url\":\"https:\/\/www.sendblaster.com\/wp-content\/uploads\/2021\/09\/logo-svg-2021.svg\",\"contentUrl\":\"https:\/\/www.sendblaster.com\/wp-content\/uploads\/2021\/09\/logo-svg-2021.svg\",\"width\":350,\"height\":70,\"caption\":\"SendBlaster software para envio de e-mail em massa\"},\"image\":{\"@id\":\"https:\/\/www.sendblaster.com\/#\/schema\/logo\/image\/\"}}]}<\/script>\n<!-- \/ Yoast SEO plugin. -->","yoast_head_json":{"title":"Seguran\u00e7a - SendBlaster software para envio de e-mail em massa","description":"SendBlaster software para envio de e-mail em massa Seguran\u00e7a","robots":{"index":"index","follow":"follow","max-snippet":"max-snippet:-1","max-image-preview":"max-image-preview:large","max-video-preview":"max-video-preview:-1"},"canonical":"https:\/\/www.sendblaster.com\/pt\/politica-de-privacidade-regulamento-da-ue-2016-79-rgpd\/seguranca\/","og_locale":"pt_PT","og_type":"article","og_title":"Seguran\u00e7a - SendBlaster software para envio de e-mail em massa","og_description":"SendBlaster software para envio de e-mail em massa Seguran\u00e7a","og_url":"https:\/\/www.sendblaster.com\/pt\/politica-de-privacidade-regulamento-da-ue-2016-79-rgpd\/seguranca\/","og_site_name":"SendBlaster software para envio de e-mail em massa","og_image":[{"url":"https:\/\/www.sendblaster.com\/wp-content\/uploads\/2018\/05\/gdpr-protect-1.png"}],"twitter_card":"summary_large_image","twitter_misc":{"Tempo estimado de leitura":"4 minutos"},"schema":{"@context":"https:\/\/schema.org","@graph":[{"@type":"WebPage","@id":"https:\/\/www.sendblaster.com\/pt\/politica-de-privacidade-regulamento-da-ue-2016-79-rgpd\/seguranca\/","url":"https:\/\/www.sendblaster.com\/pt\/politica-de-privacidade-regulamento-da-ue-2016-79-rgpd\/seguranca\/","name":"Seguran\u00e7a - SendBlaster software para envio de e-mail em massa","isPartOf":{"@id":"https:\/\/www.sendblaster.com\/#website"},"primaryImageOfPage":{"@id":"https:\/\/www.sendblaster.com\/pt\/politica-de-privacidade-regulamento-da-ue-2016-79-rgpd\/seguranca\/#primaryimage"},"image":{"@id":"https:\/\/www.sendblaster.com\/pt\/politica-de-privacidade-regulamento-da-ue-2016-79-rgpd\/seguranca\/#primaryimage"},"thumbnailUrl":"https:\/\/www.sendblaster.com\/wp-content\/uploads\/2018\/05\/gdpr-protect-1.png","datePublished":"2018-06-05T07:23:05+00:00","dateModified":"2018-06-05T07:23:05+00:00","description":"SendBlaster software para envio de e-mail em massa Seguran\u00e7a","breadcrumb":{"@id":"https:\/\/www.sendblaster.com\/pt\/politica-de-privacidade-regulamento-da-ue-2016-79-rgpd\/seguranca\/#breadcrumb"},"inLanguage":"pt-PT","potentialAction":[{"@type":"ReadAction","target":["https:\/\/www.sendblaster.com\/pt\/politica-de-privacidade-regulamento-da-ue-2016-79-rgpd\/seguranca\/"]}]},{"@type":"ImageObject","inLanguage":"pt-PT","@id":"https:\/\/www.sendblaster.com\/pt\/politica-de-privacidade-regulamento-da-ue-2016-79-rgpd\/seguranca\/#primaryimage","url":"https:\/\/www.sendblaster.com\/wp-content\/uploads\/2018\/05\/gdpr-protect-1.png","contentUrl":"https:\/\/www.sendblaster.com\/wp-content\/uploads\/2018\/05\/gdpr-protect-1.png"},{"@type":"BreadcrumbList","@id":"https:\/\/www.sendblaster.com\/pt\/politica-de-privacidade-regulamento-da-ue-2016-79-rgpd\/seguranca\/#breadcrumb","itemListElement":[{"@type":"ListItem","position":1,"name":"Home","item":"https:\/\/www.sendblaster.com\/"},{"@type":"ListItem","position":2,"name":"RGPD &#8211; Introdu\u00e7\u00e3o &#8211; Objetivos","item":"https:\/\/www.sendblaster.com\/pt\/politica-de-privacidade-regulamento-da-ue-2016-79-rgpd\/"},{"@type":"ListItem","position":3,"name":"Seguran\u00e7a"}]},{"@type":"WebSite","@id":"https:\/\/www.sendblaster.com\/#website","url":"https:\/\/www.sendblaster.com\/","name":"SendBlaster software para envio de e-mail em massa","description":"","publisher":{"@id":"https:\/\/www.sendblaster.com\/#organization"},"potentialAction":[{"@type":"SearchAction","target":{"@type":"EntryPoint","urlTemplate":"https:\/\/www.sendblaster.com\/?s={search_term_string}"},"query-input":{"@type":"PropertyValueSpecification","valueRequired":true,"valueName":"search_term_string"}}],"inLanguage":"pt-PT"},{"@type":"Organization","@id":"https:\/\/www.sendblaster.com\/#organization","name":"SendBlaster software para envio de e-mail em massa","url":"https:\/\/www.sendblaster.com\/","logo":{"@type":"ImageObject","inLanguage":"pt-PT","@id":"https:\/\/www.sendblaster.com\/#\/schema\/logo\/image\/","url":"https:\/\/www.sendblaster.com\/wp-content\/uploads\/2021\/09\/logo-svg-2021.svg","contentUrl":"https:\/\/www.sendblaster.com\/wp-content\/uploads\/2021\/09\/logo-svg-2021.svg","width":350,"height":70,"caption":"SendBlaster software para envio de e-mail em massa"},"image":{"@id":"https:\/\/www.sendblaster.com\/#\/schema\/logo\/image\/"}}]}},"_links":{"self":[{"href":"https:\/\/www.sendblaster.com\/pt\/wp-json\/wp\/v2\/pages\/3060"}],"collection":[{"href":"https:\/\/www.sendblaster.com\/pt\/wp-json\/wp\/v2\/pages"}],"about":[{"href":"https:\/\/www.sendblaster.com\/pt\/wp-json\/wp\/v2\/types\/page"}],"author":[{"embeddable":true,"href":"https:\/\/www.sendblaster.com\/pt\/wp-json\/wp\/v2\/users\/1"}],"replies":[{"embeddable":true,"href":"https:\/\/www.sendblaster.com\/pt\/wp-json\/wp\/v2\/comments?post=3060"}],"version-history":[{"count":1,"href":"https:\/\/www.sendblaster.com\/pt\/wp-json\/wp\/v2\/pages\/3060\/revisions"}],"predecessor-version":[{"id":3061,"href":"https:\/\/www.sendblaster.com\/pt\/wp-json\/wp\/v2\/pages\/3060\/revisions\/3061"}],"up":[{"embeddable":true,"href":"https:\/\/www.sendblaster.com\/pt\/wp-json\/wp\/v2\/pages\/3050"}],"wp:attachment":[{"href":"https:\/\/www.sendblaster.com\/pt\/wp-json\/wp\/v2\/media?parent=3060"}],"curies":[{"name":"wp","href":"https:\/\/api.w.org\/{rel}","templated":true}]}}