{"id":3050,"date":"2018-06-05T07:19:02","date_gmt":"2018-06-05T07:19:02","guid":{"rendered":"https:\/\/www.sendblaster.com\/wpnew-2018\/?page_id=3050"},"modified":"2018-06-05T07:19:02","modified_gmt":"2018-06-05T07:19:02","slug":"politica-de-privacidade-regulamento-da-ue-2016-79-rgpd","status":"publish","type":"page","link":"https:\/\/www.sendblaster.com\/pt\/politica-de-privacidade-regulamento-da-ue-2016-79-rgpd\/","title":{"rendered":"RGPD &#8211; Introdu\u00e7\u00e3o &#8211; Objetivos"},"content":{"rendered":"<p><img decoding=\"async\" class=\"alignnone size-full wp-image-6761\" src=\"https:\/\/www.sendblaster.com\/wp-content\/uploads\/2018\/05\/gdpr-intro-2-1.png\" alt=\"\" width=\"1280\" height=\"700\" \/><\/p>\n<p><em>Atualiza\u00e7\u00e3o de 25 de maio de 2018<\/em><\/p>\n<p>Redigimos este documento para o ajudar a compreender as nossas pol\u00edticas de privacidade. Para o tornar o mais claro poss\u00edvel, usamos uma linguagem clara e uma estrutura simples.<\/p>\n<p>Com a entrada em vigor do Regulamento Geral de Prote\u00e7\u00e3o de Dados (UE 2016\/679), estamos a introduzir algumas melhorias na utiliza\u00e7\u00e3o da Delivery Tech. Embora muitas destas regras se apliquem apenas a utilizadores na Uni\u00e3o Europeia (UE), as altera\u00e7\u00f5es afetar\u00e3o todos os utilizadores.<\/p>\n<p>Com este documento, ficar\u00e1 a saber quais os dados que recolhemos, qual o motivo e durante quanto tempo armazenamos essa informa\u00e7\u00e3o. O nosso objetivo \u00e9 explicar, de uma maneira simples, de que forma atualizamos, gerimos, exportamos e eliminamos os seus dados.<\/p>\n<p>Conforme expressamente exigido pelo RGPD, ao usar os nossos servi\u00e7os, pode exercer os seus direitos a qualquer momento e com total transpar\u00eancia. Convidamo-lo a ler cuidadosamente as seguintes instru\u00e7\u00f5es e a tomar particular aten\u00e7\u00e3o \u00e0s \u00e1reas de maior interesse para si.<\/p>\n","protected":false},"excerpt":{"rendered":"<p>Atualiza\u00e7\u00e3o de 25 de maio de 2018 Redigimos este documento para o ajudar a compreender as nossas pol\u00edticas de privacidade. Para o tornar o mais claro poss\u00edvel, usamos uma linguagem clara e uma estrutura simples. Com a entrada em vigor <\/p>\n<p class=\"read-more-container\"><a class=\"button read-more\" href=\"https:\/\/www.sendblaster.com\/pt\/politica-de-privacidade-regulamento-da-ue-2016-79-rgpd\/\" title=\"\">Continue Reading<\/a><\/p>\n","protected":false},"author":1,"featured_media":0,"parent":0,"menu_order":0,"comment_status":"closed","ping_status":"closed","template":"","meta":{"_monsterinsights_skip_tracking":false,"_monsterinsights_sitenote_active":false,"_monsterinsights_sitenote_note":"","_monsterinsights_sitenote_category":0,"footnotes":""},"class_list":["post-3050","page","type-page","status-publish"],"yoast_head":"<!-- This site is optimized with the Yoast SEO plugin v23.5 - https:\/\/yoast.com\/wordpress\/plugins\/seo\/ -->\n<title>RGPD - Introdu\u00e7\u00e3o - Objetivos - SendBlaster software para envio de e-mail em massa<\/title>\n<meta name=\"description\" content=\"SendBlaster software para envio de e-mail em massa RGPD - Introdu\u00e7\u00e3o - Objetivos Atualiza\u00e7\u00e3o de 25 de maio de 2018 Redigimos este documento para o ajudar a compreender as nossas pol\u00edticas de privacidade. Para o tornar o mais claro\" \/>\n<meta name=\"robots\" content=\"index, follow, max-snippet:-1, max-image-preview:large, max-video-preview:-1\" \/>\n<link rel=\"canonical\" href=\"https:\/\/www.sendblaster.com\/pt\/politica-de-privacidade-regulamento-da-ue-2016-79-rgpd\/\" \/>\n<meta property=\"og:locale\" content=\"pt_PT\" \/>\n<meta property=\"og:type\" content=\"article\" \/>\n<meta property=\"og:title\" content=\"RGPD - Introdu\u00e7\u00e3o - Objetivos - SendBlaster software para envio de e-mail em massa\" \/>\n<meta property=\"og:description\" content=\"SendBlaster software para envio de e-mail em massa RGPD - Introdu\u00e7\u00e3o - Objetivos Atualiza\u00e7\u00e3o de 25 de maio de 2018 Redigimos este documento para o ajudar a compreender as nossas pol\u00edticas de privacidade. Para o tornar o mais claro\" \/>\n<meta property=\"og:url\" content=\"https:\/\/www.sendblaster.com\/pt\/politica-de-privacidade-regulamento-da-ue-2016-79-rgpd\/\" \/>\n<meta property=\"og:site_name\" content=\"SendBlaster software para envio de e-mail em massa\" \/>\n<meta property=\"og:image\" content=\"https:\/\/www.sendblaster.com\/wp-content\/uploads\/2018\/05\/gdpr-intro-2-1.png\" \/>\n<meta name=\"twitter:card\" content=\"summary_large_image\" \/>\n<meta name=\"twitter:label1\" content=\"Tempo estimado de leitura\" \/>\n\t<meta name=\"twitter:data1\" content=\"1 minuto\" \/>\n<script type=\"application\/ld+json\" class=\"yoast-schema-graph\">{\"@context\":\"https:\/\/schema.org\",\"@graph\":[{\"@type\":\"WebPage\",\"@id\":\"https:\/\/www.sendblaster.com\/pt\/politica-de-privacidade-regulamento-da-ue-2016-79-rgpd\/\",\"url\":\"https:\/\/www.sendblaster.com\/pt\/politica-de-privacidade-regulamento-da-ue-2016-79-rgpd\/\",\"name\":\"RGPD - Introdu\u00e7\u00e3o - Objetivos - SendBlaster software para envio de e-mail em massa\",\"isPartOf\":{\"@id\":\"https:\/\/www.sendblaster.com\/#website\"},\"primaryImageOfPage\":{\"@id\":\"https:\/\/www.sendblaster.com\/pt\/politica-de-privacidade-regulamento-da-ue-2016-79-rgpd\/#primaryimage\"},\"image\":{\"@id\":\"https:\/\/www.sendblaster.com\/pt\/politica-de-privacidade-regulamento-da-ue-2016-79-rgpd\/#primaryimage\"},\"thumbnailUrl\":\"https:\/\/www.sendblaster.com\/wp-content\/uploads\/2018\/05\/gdpr-intro-2-1.png\",\"datePublished\":\"2018-06-05T07:19:02+00:00\",\"dateModified\":\"2018-06-05T07:19:02+00:00\",\"description\":\"SendBlaster software para envio de e-mail em massa RGPD - Introdu\u00e7\u00e3o - Objetivos Atualiza\u00e7\u00e3o de 25 de maio de 2018 Redigimos este documento para o ajudar a compreender as nossas pol\u00edticas de privacidade. Para o tornar o mais claro\",\"breadcrumb\":{\"@id\":\"https:\/\/www.sendblaster.com\/pt\/politica-de-privacidade-regulamento-da-ue-2016-79-rgpd\/#breadcrumb\"},\"inLanguage\":\"pt-PT\",\"potentialAction\":[{\"@type\":\"ReadAction\",\"target\":[\"https:\/\/www.sendblaster.com\/pt\/politica-de-privacidade-regulamento-da-ue-2016-79-rgpd\/\"]}]},{\"@type\":\"ImageObject\",\"inLanguage\":\"pt-PT\",\"@id\":\"https:\/\/www.sendblaster.com\/pt\/politica-de-privacidade-regulamento-da-ue-2016-79-rgpd\/#primaryimage\",\"url\":\"https:\/\/www.sendblaster.com\/wp-content\/uploads\/2018\/05\/gdpr-intro-2-1.png\",\"contentUrl\":\"https:\/\/www.sendblaster.com\/wp-content\/uploads\/2018\/05\/gdpr-intro-2-1.png\"},{\"@type\":\"BreadcrumbList\",\"@id\":\"https:\/\/www.sendblaster.com\/pt\/politica-de-privacidade-regulamento-da-ue-2016-79-rgpd\/#breadcrumb\",\"itemListElement\":[{\"@type\":\"ListItem\",\"position\":1,\"name\":\"Home\",\"item\":\"https:\/\/www.sendblaster.com\/\"},{\"@type\":\"ListItem\",\"position\":2,\"name\":\"RGPD &#8211; Introdu\u00e7\u00e3o &#8211; Objetivos\"}]},{\"@type\":\"WebSite\",\"@id\":\"https:\/\/www.sendblaster.com\/#website\",\"url\":\"https:\/\/www.sendblaster.com\/\",\"name\":\"SendBlaster software para envio de e-mail em massa\",\"description\":\"\",\"publisher\":{\"@id\":\"https:\/\/www.sendblaster.com\/#organization\"},\"potentialAction\":[{\"@type\":\"SearchAction\",\"target\":{\"@type\":\"EntryPoint\",\"urlTemplate\":\"https:\/\/www.sendblaster.com\/?s={search_term_string}\"},\"query-input\":{\"@type\":\"PropertyValueSpecification\",\"valueRequired\":true,\"valueName\":\"search_term_string\"}}],\"inLanguage\":\"pt-PT\"},{\"@type\":\"Organization\",\"@id\":\"https:\/\/www.sendblaster.com\/#organization\",\"name\":\"SendBlaster software para envio de e-mail em massa\",\"url\":\"https:\/\/www.sendblaster.com\/\",\"logo\":{\"@type\":\"ImageObject\",\"inLanguage\":\"pt-PT\",\"@id\":\"https:\/\/www.sendblaster.com\/#\/schema\/logo\/image\/\",\"url\":\"https:\/\/www.sendblaster.com\/wp-content\/uploads\/2021\/09\/logo-svg-2021.svg\",\"contentUrl\":\"https:\/\/www.sendblaster.com\/wp-content\/uploads\/2021\/09\/logo-svg-2021.svg\",\"width\":350,\"height\":70,\"caption\":\"SendBlaster software para envio de e-mail em massa\"},\"image\":{\"@id\":\"https:\/\/www.sendblaster.com\/#\/schema\/logo\/image\/\"}}]}<\/script>\n<!-- \/ Yoast SEO plugin. -->","yoast_head_json":{"title":"RGPD - Introdu\u00e7\u00e3o - Objetivos - SendBlaster software para envio de e-mail em massa","description":"SendBlaster software para envio de e-mail em massa RGPD - Introdu\u00e7\u00e3o - Objetivos Atualiza\u00e7\u00e3o de 25 de maio de 2018 Redigimos este documento para o ajudar a compreender as nossas pol\u00edticas de privacidade. Para o tornar o mais claro","robots":{"index":"index","follow":"follow","max-snippet":"max-snippet:-1","max-image-preview":"max-image-preview:large","max-video-preview":"max-video-preview:-1"},"canonical":"https:\/\/www.sendblaster.com\/pt\/politica-de-privacidade-regulamento-da-ue-2016-79-rgpd\/","og_locale":"pt_PT","og_type":"article","og_title":"RGPD - Introdu\u00e7\u00e3o - Objetivos - SendBlaster software para envio de e-mail em massa","og_description":"SendBlaster software para envio de e-mail em massa RGPD - Introdu\u00e7\u00e3o - Objetivos Atualiza\u00e7\u00e3o de 25 de maio de 2018 Redigimos este documento para o ajudar a compreender as nossas pol\u00edticas de privacidade. Para o tornar o mais claro","og_url":"https:\/\/www.sendblaster.com\/pt\/politica-de-privacidade-regulamento-da-ue-2016-79-rgpd\/","og_site_name":"SendBlaster software para envio de e-mail em massa","og_image":[{"url":"https:\/\/www.sendblaster.com\/wp-content\/uploads\/2018\/05\/gdpr-intro-2-1.png"}],"twitter_card":"summary_large_image","twitter_misc":{"Tempo estimado de leitura":"1 minuto"},"schema":{"@context":"https:\/\/schema.org","@graph":[{"@type":"WebPage","@id":"https:\/\/www.sendblaster.com\/pt\/politica-de-privacidade-regulamento-da-ue-2016-79-rgpd\/","url":"https:\/\/www.sendblaster.com\/pt\/politica-de-privacidade-regulamento-da-ue-2016-79-rgpd\/","name":"RGPD - Introdu\u00e7\u00e3o - Objetivos - SendBlaster software para envio de e-mail em massa","isPartOf":{"@id":"https:\/\/www.sendblaster.com\/#website"},"primaryImageOfPage":{"@id":"https:\/\/www.sendblaster.com\/pt\/politica-de-privacidade-regulamento-da-ue-2016-79-rgpd\/#primaryimage"},"image":{"@id":"https:\/\/www.sendblaster.com\/pt\/politica-de-privacidade-regulamento-da-ue-2016-79-rgpd\/#primaryimage"},"thumbnailUrl":"https:\/\/www.sendblaster.com\/wp-content\/uploads\/2018\/05\/gdpr-intro-2-1.png","datePublished":"2018-06-05T07:19:02+00:00","dateModified":"2018-06-05T07:19:02+00:00","description":"SendBlaster software para envio de e-mail em massa RGPD - Introdu\u00e7\u00e3o - Objetivos Atualiza\u00e7\u00e3o de 25 de maio de 2018 Redigimos este documento para o ajudar a compreender as nossas pol\u00edticas de privacidade. Para o tornar o mais claro","breadcrumb":{"@id":"https:\/\/www.sendblaster.com\/pt\/politica-de-privacidade-regulamento-da-ue-2016-79-rgpd\/#breadcrumb"},"inLanguage":"pt-PT","potentialAction":[{"@type":"ReadAction","target":["https:\/\/www.sendblaster.com\/pt\/politica-de-privacidade-regulamento-da-ue-2016-79-rgpd\/"]}]},{"@type":"ImageObject","inLanguage":"pt-PT","@id":"https:\/\/www.sendblaster.com\/pt\/politica-de-privacidade-regulamento-da-ue-2016-79-rgpd\/#primaryimage","url":"https:\/\/www.sendblaster.com\/wp-content\/uploads\/2018\/05\/gdpr-intro-2-1.png","contentUrl":"https:\/\/www.sendblaster.com\/wp-content\/uploads\/2018\/05\/gdpr-intro-2-1.png"},{"@type":"BreadcrumbList","@id":"https:\/\/www.sendblaster.com\/pt\/politica-de-privacidade-regulamento-da-ue-2016-79-rgpd\/#breadcrumb","itemListElement":[{"@type":"ListItem","position":1,"name":"Home","item":"https:\/\/www.sendblaster.com\/"},{"@type":"ListItem","position":2,"name":"RGPD &#8211; Introdu\u00e7\u00e3o &#8211; Objetivos"}]},{"@type":"WebSite","@id":"https:\/\/www.sendblaster.com\/#website","url":"https:\/\/www.sendblaster.com\/","name":"SendBlaster software para envio de e-mail em massa","description":"","publisher":{"@id":"https:\/\/www.sendblaster.com\/#organization"},"potentialAction":[{"@type":"SearchAction","target":{"@type":"EntryPoint","urlTemplate":"https:\/\/www.sendblaster.com\/?s={search_term_string}"},"query-input":{"@type":"PropertyValueSpecification","valueRequired":true,"valueName":"search_term_string"}}],"inLanguage":"pt-PT"},{"@type":"Organization","@id":"https:\/\/www.sendblaster.com\/#organization","name":"SendBlaster software para envio de e-mail em massa","url":"https:\/\/www.sendblaster.com\/","logo":{"@type":"ImageObject","inLanguage":"pt-PT","@id":"https:\/\/www.sendblaster.com\/#\/schema\/logo\/image\/","url":"https:\/\/www.sendblaster.com\/wp-content\/uploads\/2021\/09\/logo-svg-2021.svg","contentUrl":"https:\/\/www.sendblaster.com\/wp-content\/uploads\/2021\/09\/logo-svg-2021.svg","width":350,"height":70,"caption":"SendBlaster software para envio de e-mail em massa"},"image":{"@id":"https:\/\/www.sendblaster.com\/#\/schema\/logo\/image\/"}}]}},"_links":{"self":[{"href":"https:\/\/www.sendblaster.com\/pt\/wp-json\/wp\/v2\/pages\/3050"}],"collection":[{"href":"https:\/\/www.sendblaster.com\/pt\/wp-json\/wp\/v2\/pages"}],"about":[{"href":"https:\/\/www.sendblaster.com\/pt\/wp-json\/wp\/v2\/types\/page"}],"author":[{"embeddable":true,"href":"https:\/\/www.sendblaster.com\/pt\/wp-json\/wp\/v2\/users\/1"}],"replies":[{"embeddable":true,"href":"https:\/\/www.sendblaster.com\/pt\/wp-json\/wp\/v2\/comments?post=3050"}],"version-history":[{"count":1,"href":"https:\/\/www.sendblaster.com\/pt\/wp-json\/wp\/v2\/pages\/3050\/revisions"}],"predecessor-version":[{"id":3051,"href":"https:\/\/www.sendblaster.com\/pt\/wp-json\/wp\/v2\/pages\/3050\/revisions\/3051"}],"wp:attachment":[{"href":"https:\/\/www.sendblaster.com\/pt\/wp-json\/wp\/v2\/media?parent=3050"}],"curies":[{"name":"wp","href":"https:\/\/api.w.org\/{rel}","templated":true}]}}