{"id":2756,"date":"2018-05-24T12:39:47","date_gmt":"2018-05-24T12:39:47","guid":{"rendered":"https:\/\/www.sendblaster.com\/wpnew-2018\/?page_id=2756"},"modified":"2021-04-12T12:16:50","modified_gmt":"2021-04-12T12:16:50","slug":"analiza-danych","status":"publish","type":"page","link":"https:\/\/www.sendblaster.com\/pl\/analiza-danych\/","title":{"rendered":"Analiza danych"},"content":{"rendered":"<p style=\"text-align: center;\"><img decoding=\"async\" width=\"1390\" height=\"885\" src=\"https:\/\/www.sendblaster.com\/wp-content\/uploads\/2018\/03\/analyze-results-mailing-large.jpg\" alt=\"Analiza danych\" class=\"features-image\" \/><\/p>\n<p>Efektywny marketing za pomoc\u0105 emaili wymaga specyficznych narz\u0119dzi do analizy danych.<\/p>\n<p>SendBlaster &amp; <strong>Google Analytics<\/strong> pozwala ci wiedzie\u0107 czy po przeczytaniu emaili Twoi klienci kupi\u0105 twoje produkty, zasubskrybuj\u0105 Twoj\u0105 stron\u0119 lub osi\u0105gn\u0105 cel, kt\u00f3ry sobie za\u0142o\u017cy\u0142e\u015b w Google Analytics.<\/p>\n<p>&nbsp;<\/p>\n<h2>Google Analytics<\/h2>\n<p>Co si\u0119 dzieje po klikni\u0119ciu przez odbiorc\u0119 na Tw\u00f3j email? <strong>Google Analytics<\/strong> jest <strong>ca\u0142kowicie darmowym<\/strong> narz\u0119dziem analitycznym, kt\u00f3re mo\u017ce \u015bledzi\u0107 dzia\u0142ania odbiorcy kiedy trafi na Twoj\u0105 stron\u0119 i da\u0107 odpowiedzi, kt\u00f3rych potrzebujesz.<\/p>\n<ul>\n<li>Dowiedz si\u0119 wi\u0119cej o Google Analytics<a href=\"https:\/\/www.sendblaster.com\/..\/support\/email-tracking\/trackreports-real-time-e-mail-monitoring\" title=\"support, email tracking, trackreports real time email monitoring\"><br \/>\n    <\/a><\/li>\n<\/ul>\n","protected":false},"excerpt":{"rendered":"<p>Efektywny marketing za pomoc\u0105 emaili wymaga specyficznych narz\u0119dzi do analizy danych. SendBlaster &amp; Google Analytics pozwala ci wiedzie\u0107 czy po przeczytaniu emaili Twoi klienci kupi\u0105 twoje produkty, zasubskrybuj\u0105 Twoj\u0105 stron\u0119 lub osi\u0105gn\u0105 cel, kt\u00f3ry sobie za\u0142o\u017cy\u0142e\u015b w Google Analytics. &nbsp; <\/p>\n<p class=\"read-more-container\"><a class=\"button read-more\" href=\"https:\/\/www.sendblaster.com\/pl\/analiza-danych\/\" title=\"\">Kontynuuj czytanie<\/a><\/p>\n","protected":false},"author":1,"featured_media":0,"parent":0,"menu_order":0,"comment_status":"closed","ping_status":"closed","template":"","meta":{"_monsterinsights_skip_tracking":false,"_monsterinsights_sitenote_active":false,"_monsterinsights_sitenote_note":"","_monsterinsights_sitenote_category":0,"footnotes":""},"class_list":["post-2756","page","type-page","status-publish"],"yoast_head":"<!-- This site is optimized with the Yoast SEO plugin v23.5 - https:\/\/yoast.com\/wordpress\/plugins\/seo\/ -->\n<title>Analiza danych - SendBlaster oprogramowanie do masowej wysy\u0142ki emaili<\/title>\n<meta name=\"description\" content=\"SendBlaster oprogramowanie do masowej wysy\u0142ki emaili Analiza danych Efektywny marketing za pomoc\u0105 emaili wymaga specyficznych narz\u0119dzi do analizy danych. SendBlaster &amp; Google Analytics pozwala ci wiedzie\u0107 czy po\" \/>\n<meta name=\"robots\" content=\"index, follow, max-snippet:-1, max-image-preview:large, max-video-preview:-1\" \/>\n<link rel=\"canonical\" href=\"https:\/\/www.sendblaster.com\/pl\/analiza-danych\/\" \/>\n<meta property=\"og:locale\" content=\"pl_PL\" \/>\n<meta property=\"og:type\" content=\"article\" \/>\n<meta property=\"og:title\" content=\"Analiza danych - SendBlaster oprogramowanie do masowej wysy\u0142ki emaili\" \/>\n<meta property=\"og:description\" content=\"SendBlaster oprogramowanie do masowej wysy\u0142ki emaili Analiza danych Efektywny marketing za pomoc\u0105 emaili wymaga specyficznych narz\u0119dzi do analizy danych. SendBlaster &amp; Google Analytics pozwala ci wiedzie\u0107 czy po\" \/>\n<meta property=\"og:url\" content=\"https:\/\/www.sendblaster.com\/pl\/analiza-danych\/\" \/>\n<meta property=\"og:site_name\" content=\"SendBlaster oprogramowanie do masowej wysy\u0142ki emaili\" \/>\n<meta property=\"article:modified_time\" content=\"2021-04-12T12:16:50+00:00\" \/>\n<meta property=\"og:image\" content=\"https:\/\/www.sendblaster.com\/wp-content\/uploads\/2018\/03\/analyze-results-mailing-large.jpg\" \/>\n<meta name=\"twitter:card\" content=\"summary_large_image\" \/>\n<script type=\"application\/ld+json\" class=\"yoast-schema-graph\">{\"@context\":\"https:\/\/schema.org\",\"@graph\":[{\"@type\":\"WebPage\",\"@id\":\"https:\/\/www.sendblaster.com\/pl\/analiza-danych\/\",\"url\":\"https:\/\/www.sendblaster.com\/pl\/analiza-danych\/\",\"name\":\"Analiza danych - SendBlaster oprogramowanie do masowej wysy\u0142ki emaili\",\"isPartOf\":{\"@id\":\"https:\/\/www.sendblaster.com\/#website\"},\"primaryImageOfPage\":{\"@id\":\"https:\/\/www.sendblaster.com\/pl\/analiza-danych\/#primaryimage\"},\"image\":{\"@id\":\"https:\/\/www.sendblaster.com\/pl\/analiza-danych\/#primaryimage\"},\"thumbnailUrl\":\"https:\/\/www.sendblaster.com\/wp-content\/uploads\/2018\/03\/analyze-results-mailing-large.jpg\",\"datePublished\":\"2018-05-24T12:39:47+00:00\",\"dateModified\":\"2021-04-12T12:16:50+00:00\",\"description\":\"SendBlaster oprogramowanie do masowej wysy\u0142ki emaili Analiza danych Efektywny marketing za pomoc\u0105 emaili wymaga specyficznych narz\u0119dzi do analizy danych. SendBlaster &amp; Google Analytics pozwala ci wiedzie\u0107 czy po\",\"breadcrumb\":{\"@id\":\"https:\/\/www.sendblaster.com\/pl\/analiza-danych\/#breadcrumb\"},\"inLanguage\":\"pl-PL\",\"potentialAction\":[{\"@type\":\"ReadAction\",\"target\":[\"https:\/\/www.sendblaster.com\/pl\/analiza-danych\/\"]}]},{\"@type\":\"ImageObject\",\"inLanguage\":\"pl-PL\",\"@id\":\"https:\/\/www.sendblaster.com\/pl\/analiza-danych\/#primaryimage\",\"url\":\"https:\/\/www.sendblaster.com\/wp-content\/uploads\/2018\/03\/analyze-results-mailing-large.jpg\",\"contentUrl\":\"https:\/\/www.sendblaster.com\/wp-content\/uploads\/2018\/03\/analyze-results-mailing-large.jpg\"},{\"@type\":\"BreadcrumbList\",\"@id\":\"https:\/\/www.sendblaster.com\/pl\/analiza-danych\/#breadcrumb\",\"itemListElement\":[{\"@type\":\"ListItem\",\"position\":1,\"name\":\"Home\",\"item\":\"https:\/\/www.sendblaster.com\/pl\/\"},{\"@type\":\"ListItem\",\"position\":2,\"name\":\"Analiza danych\"}]},{\"@type\":\"WebSite\",\"@id\":\"https:\/\/www.sendblaster.com\/#website\",\"url\":\"https:\/\/www.sendblaster.com\/\",\"name\":\"SendBlaster oprogramowanie do masowej wysy\u0142ki emaili\",\"description\":\"\",\"publisher\":{\"@id\":\"https:\/\/www.sendblaster.com\/#organization\"},\"potentialAction\":[{\"@type\":\"SearchAction\",\"target\":{\"@type\":\"EntryPoint\",\"urlTemplate\":\"https:\/\/www.sendblaster.com\/?s={search_term_string}\"},\"query-input\":{\"@type\":\"PropertyValueSpecification\",\"valueRequired\":true,\"valueName\":\"search_term_string\"}}],\"inLanguage\":\"pl-PL\"},{\"@type\":\"Organization\",\"@id\":\"https:\/\/www.sendblaster.com\/#organization\",\"name\":\"SendBlaster oprogramowanie do masowej wysy\u0142ki emaili\",\"url\":\"https:\/\/www.sendblaster.com\/\",\"logo\":{\"@type\":\"ImageObject\",\"inLanguage\":\"pl-PL\",\"@id\":\"https:\/\/www.sendblaster.com\/#\/schema\/logo\/image\/\",\"url\":\"https:\/\/www.sendblaster.com\/wp-content\/uploads\/2021\/09\/logo-svg-2021.svg\",\"contentUrl\":\"https:\/\/www.sendblaster.com\/wp-content\/uploads\/2021\/09\/logo-svg-2021.svg\",\"width\":350,\"height\":70,\"caption\":\"SendBlaster oprogramowanie do masowej wysy\u0142ki emaili\"},\"image\":{\"@id\":\"https:\/\/www.sendblaster.com\/#\/schema\/logo\/image\/\"}}]}<\/script>\n<!-- \/ Yoast SEO plugin. -->","yoast_head_json":{"title":"Analiza danych - SendBlaster oprogramowanie do masowej wysy\u0142ki emaili","description":"SendBlaster oprogramowanie do masowej wysy\u0142ki emaili Analiza danych Efektywny marketing za pomoc\u0105 emaili wymaga specyficznych narz\u0119dzi do analizy danych. SendBlaster &amp; Google Analytics pozwala ci wiedzie\u0107 czy po","robots":{"index":"index","follow":"follow","max-snippet":"max-snippet:-1","max-image-preview":"max-image-preview:large","max-video-preview":"max-video-preview:-1"},"canonical":"https:\/\/www.sendblaster.com\/pl\/analiza-danych\/","og_locale":"pl_PL","og_type":"article","og_title":"Analiza danych - SendBlaster oprogramowanie do masowej wysy\u0142ki emaili","og_description":"SendBlaster oprogramowanie do masowej wysy\u0142ki emaili Analiza danych Efektywny marketing za pomoc\u0105 emaili wymaga specyficznych narz\u0119dzi do analizy danych. SendBlaster &amp; Google Analytics pozwala ci wiedzie\u0107 czy po","og_url":"https:\/\/www.sendblaster.com\/pl\/analiza-danych\/","og_site_name":"SendBlaster oprogramowanie do masowej wysy\u0142ki emaili","article_modified_time":"2021-04-12T12:16:50+00:00","og_image":[{"url":"https:\/\/www.sendblaster.com\/wp-content\/uploads\/2018\/03\/analyze-results-mailing-large.jpg"}],"twitter_card":"summary_large_image","schema":{"@context":"https:\/\/schema.org","@graph":[{"@type":"WebPage","@id":"https:\/\/www.sendblaster.com\/pl\/analiza-danych\/","url":"https:\/\/www.sendblaster.com\/pl\/analiza-danych\/","name":"Analiza danych - SendBlaster oprogramowanie do masowej wysy\u0142ki emaili","isPartOf":{"@id":"https:\/\/www.sendblaster.com\/#website"},"primaryImageOfPage":{"@id":"https:\/\/www.sendblaster.com\/pl\/analiza-danych\/#primaryimage"},"image":{"@id":"https:\/\/www.sendblaster.com\/pl\/analiza-danych\/#primaryimage"},"thumbnailUrl":"https:\/\/www.sendblaster.com\/wp-content\/uploads\/2018\/03\/analyze-results-mailing-large.jpg","datePublished":"2018-05-24T12:39:47+00:00","dateModified":"2021-04-12T12:16:50+00:00","description":"SendBlaster oprogramowanie do masowej wysy\u0142ki emaili Analiza danych Efektywny marketing za pomoc\u0105 emaili wymaga specyficznych narz\u0119dzi do analizy danych. SendBlaster &amp; Google Analytics pozwala ci wiedzie\u0107 czy po","breadcrumb":{"@id":"https:\/\/www.sendblaster.com\/pl\/analiza-danych\/#breadcrumb"},"inLanguage":"pl-PL","potentialAction":[{"@type":"ReadAction","target":["https:\/\/www.sendblaster.com\/pl\/analiza-danych\/"]}]},{"@type":"ImageObject","inLanguage":"pl-PL","@id":"https:\/\/www.sendblaster.com\/pl\/analiza-danych\/#primaryimage","url":"https:\/\/www.sendblaster.com\/wp-content\/uploads\/2018\/03\/analyze-results-mailing-large.jpg","contentUrl":"https:\/\/www.sendblaster.com\/wp-content\/uploads\/2018\/03\/analyze-results-mailing-large.jpg"},{"@type":"BreadcrumbList","@id":"https:\/\/www.sendblaster.com\/pl\/analiza-danych\/#breadcrumb","itemListElement":[{"@type":"ListItem","position":1,"name":"Home","item":"https:\/\/www.sendblaster.com\/pl\/"},{"@type":"ListItem","position":2,"name":"Analiza danych"}]},{"@type":"WebSite","@id":"https:\/\/www.sendblaster.com\/#website","url":"https:\/\/www.sendblaster.com\/","name":"SendBlaster oprogramowanie do masowej wysy\u0142ki emaili","description":"","publisher":{"@id":"https:\/\/www.sendblaster.com\/#organization"},"potentialAction":[{"@type":"SearchAction","target":{"@type":"EntryPoint","urlTemplate":"https:\/\/www.sendblaster.com\/?s={search_term_string}"},"query-input":{"@type":"PropertyValueSpecification","valueRequired":true,"valueName":"search_term_string"}}],"inLanguage":"pl-PL"},{"@type":"Organization","@id":"https:\/\/www.sendblaster.com\/#organization","name":"SendBlaster oprogramowanie do masowej wysy\u0142ki emaili","url":"https:\/\/www.sendblaster.com\/","logo":{"@type":"ImageObject","inLanguage":"pl-PL","@id":"https:\/\/www.sendblaster.com\/#\/schema\/logo\/image\/","url":"https:\/\/www.sendblaster.com\/wp-content\/uploads\/2021\/09\/logo-svg-2021.svg","contentUrl":"https:\/\/www.sendblaster.com\/wp-content\/uploads\/2021\/09\/logo-svg-2021.svg","width":350,"height":70,"caption":"SendBlaster oprogramowanie do masowej wysy\u0142ki emaili"},"image":{"@id":"https:\/\/www.sendblaster.com\/#\/schema\/logo\/image\/"}}]}},"_links":{"self":[{"href":"https:\/\/www.sendblaster.com\/pl\/wp-json\/wp\/v2\/pages\/2756"}],"collection":[{"href":"https:\/\/www.sendblaster.com\/pl\/wp-json\/wp\/v2\/pages"}],"about":[{"href":"https:\/\/www.sendblaster.com\/pl\/wp-json\/wp\/v2\/types\/page"}],"author":[{"embeddable":true,"href":"https:\/\/www.sendblaster.com\/pl\/wp-json\/wp\/v2\/users\/1"}],"replies":[{"embeddable":true,"href":"https:\/\/www.sendblaster.com\/pl\/wp-json\/wp\/v2\/comments?post=2756"}],"version-history":[{"count":2,"href":"https:\/\/www.sendblaster.com\/pl\/wp-json\/wp\/v2\/pages\/2756\/revisions"}],"predecessor-version":[{"id":5298,"href":"https:\/\/www.sendblaster.com\/pl\/wp-json\/wp\/v2\/pages\/2756\/revisions\/5298"}],"wp:attachment":[{"href":"https:\/\/www.sendblaster.com\/pl\/wp-json\/wp\/v2\/media?parent=2756"}],"curies":[{"name":"wp","href":"https:\/\/api.w.org\/{rel}","templated":true}]}}