{"id":2702,"date":"2018-05-24T07:36:20","date_gmt":"2018-05-24T07:36:20","guid":{"rendered":"https:\/\/www.sendblaster.com\/wpnew-2018\/?page_id=2702"},"modified":"2018-05-24T07:36:20","modified_gmt":"2018-05-24T07:36:20","slug":"ogolne-sitemap","status":"publish","type":"page","link":"https:\/\/www.sendblaster.com\/pl\/ogolne-sitemap\/","title":{"rendered":"Og\u00f3lne Sitemap"},"content":{"rendered":"<div class=\"wsp-container\"><h2 class=\"wsp-pages-title\">Pages<\/h2>\n<ul class=\"wsp-pages-list\">\n<li class=\"page_item page-item-2693\"><a href=\"https:\/\/www.sendblaster.com\/pl\/600-szablonow-wiadomosci-e-mail-do-sendblaster\/\">300 szablon\u00f3w wiadomo\u015bci e-mail do Sendblaster<\/a><\/li>\n<li class=\"page_item page-item-2756\"><a href=\"https:\/\/www.sendblaster.com\/pl\/analiza-danych\/\">Analiza danych<\/a><\/li>\n<li class=\"page_item page-item-2671\"><a href=\"https:\/\/www.sendblaster.com\/pl\/darmowe-szablony-wiadomosci-e-mail\/\">Darmowe szablony wiadomo\u015bci e-mail<\/a><\/li>\n<li class=\"page_item page-item-2675\"><a href=\"https:\/\/www.sendblaster.com\/pl\/dystrybutorzy\/\">Dystrybutorzy<\/a><\/li>\n<li class=\"page_item page-item-2648\"><a href=\"https:\/\/www.sendblaster.com\/pl\/ekrany\/\">Ekrany<\/a><\/li>\n<li class=\"page_item page-item-2608\"><a href=\"https:\/\/www.sendblaster.com\/pl\/pobieranie\/\">F\u00e5 SendBlaster gratis &#8211; Norsk spr\u00e5k<\/a><\/li>\n<li class=\"page_item page-item-2598\"><a href=\"https:\/\/www.sendblaster.com\/pl\/\">Home Page PL<\/a><\/li>\n<li class=\"page_item page-item-2684\"><a href=\"https:\/\/www.sendblaster.com\/pl\/kurs-marketingu-email\/\">Jak zrobi\u0107 kampani\u0119 marketingow\u0105 email<\/a><\/li>\n<li class=\"page_item page-item-2892\"><a href=\"https:\/\/www.sendblaster.com\/pl\/register\/\">Kod aktywacyjny wersji Free<\/a><\/li>\n<li class=\"page_item page-item-2604\"><a href=\"https:\/\/www.sendblaster.com\/pl\/kup\/\">KUP Swojego SendBlaster PRO teraz!<\/a><\/li>\n<li class=\"page_item page-item-2657\"><a href=\"https:\/\/www.sendblaster.com\/pl\/mozliwosci-programu-do-masowej-wysylki\/\">Mo\u017cliwo\u015bci programu do masowej wysy\u0142ki<\/a><\/li>\n<li class=\"page_item page-item-2702\"><a href=\"https:\/\/www.sendblaster.com\/pl\/ogolne-sitemap\/\">Og\u00f3lne Sitemap<\/a><\/li>\n<li class=\"page_item page-item-2695\"><a href=\"https:\/\/www.sendblaster.com\/pl\/oprogramowanie-newsletter-masowy-mailing-bez-powtarzajacych-sie-oplat\/\">Oprogramowanie newsletter: masowy mailing bez powtarzaj\u0105cych si\u0119 op\u0142at<\/a><\/li>\n<li class=\"page_item page-item-2700\"><a href=\"https:\/\/www.sendblaster.com\/pl\/oryginalne-oprogramowanie-do-masowego-mailing\/\">Oryginalne oprogramowanie do masowego mailing<\/a><\/li>\n<li class=\"page_item page-item-2682\"><a href=\"https:\/\/www.sendblaster.com\/pl\/prawo-anty-spamowe\/\">Prawo anty spamowe<\/a><\/li>\n<li class=\"page_item page-item-2957\"><a href=\"https:\/\/www.sendblaster.com\/pl\/rabaty-cenowe-formy-aktywizacji\/\">Rabaty cenowe formy aktywizacji<\/a><\/li>\n<li class=\"page_item page-item-2663\"><a href=\"https:\/\/www.sendblaster.com\/pl\/stworz-uderzeniowy-email\/\">Stw\u00f3rz uderzeniowy email<\/a><\/li>\n<li class=\"page_item page-item-2679\"><a href=\"https:\/\/www.sendblaster.com\/pl\/tabela-porownawcza-darmowego-oprogramowania-newslettera-i-profesjonalnego-masowego-emailera\/\">Tabela per\u00f3wnawcza SendBlaster Free vs Pro<\/a><\/li>\n<li class=\"page_item page-item-2686\"><a href=\"https:\/\/www.sendblaster.com\/pl\/wskaznik-dostarczenia-email\/\">Wska\u017anik dostarczenia email<\/a><\/li>\n<li class=\"page_item page-item-2690\"><a href=\"https:\/\/www.sendblaster.com\/pl\/wyslij-masowe-emaile-twoja-kampania-marketingowa-w-kilka-minut\/\">Wy\u015blij masowe emaile: twoja kampania marketingowa w kilka minut<\/a><\/li>\n<\/ul>\n<h2 class=\"wsp-posts-title\">Posts by category<\/h2>\n<ul class=\"wsp-posts-list\">\n\t<li><strong class=\"wsp-category-title\">Category: <a href=\"https:\/\/www.sendblaster.com\/pl\/wsparcie\/\">Wsparcie<\/a><\/strong>\n<ul class=\"wsp-posts-list\">\t<li><strong class=\"wsp-category-title\">Category: <a href=\"https:\/\/www.sendblaster.com\/pl\/wsparcie\/importowanie-list\/\">Importowanie list<\/a><\/strong>\n<ul class=\"wsp-posts-list\">\t\t<li class=\"wsp-post\"><a href=\"https:\/\/www.sendblaster.com\/pl\/wsparcie\/importowanie-list\/podwojny-wordpress-opt-widget-do-subskrypcji-newslettera\/\">Podw\u00f3jny #WordPress# opt-in widget do subskrypcji newslettera<\/a><\/li>\n<\/ul><\/li>\n\t<li><strong class=\"wsp-category-title\">Category: <a href=\"https:\/\/www.sendblaster.com\/pl\/wsparcie\/lista-bazujaca-na-pozwoleniach\/\">Lista bazuj\u0105ca na pozwoleniach<\/a><\/strong>\n<ul class=\"wsp-posts-list\">\t\t<li class=\"wsp-post\"><a href=\"https:\/\/www.sendblaster.com\/pl\/wsparcie\/lista-bazujaca-na-pozwoleniach\/jak-tworzyc-liste-bazujaca-na-pozwoleniach\/\">Jak tworzy\u0107 list\u0119 na bazie pozwole\u0144<\/a><\/li>\n<\/ul><\/li>\n\t<li><strong class=\"wsp-category-title\">Category: <a href=\"https:\/\/www.sendblaster.com\/pl\/wsparcie\/przewodnik-video\/\">Przewodnik video<\/a><\/strong>\n<ul class=\"wsp-posts-list\">\t\t<li class=\"wsp-post\"><a href=\"https:\/\/www.sendblaster.com\/pl\/wsparcie\/przewodnik-video\/przewodniki-wideo\/\">Przewodniki wideo<\/a><\/li>\n<\/ul><\/li>\n\t<li><strong class=\"wsp-category-title\">Category: <a href=\"https:\/\/www.sendblaster.com\/pl\/wsparcie\/sugestie\/\">Sugestie<\/a><\/strong>\n<ul class=\"wsp-posts-list\">\t\t<li class=\"wsp-post\"><a href=\"https:\/\/www.sendblaster.com\/pl\/wsparcie\/sugestie\/przewodnik-po-lepszym-i-masowym-wysylaniu-emaili\/\">Przewodnik po lepszym i masowym wysy\u0142aniu emaili<\/a><\/li>\n<\/ul><\/li>\n<\/ul><\/li>\n<\/ul>\n<\/div>\n","protected":false},"excerpt":{"rendered":"\n<p class=\"read-more-container\"><a class=\"button read-more\" href=\"https:\/\/www.sendblaster.com\/pl\/ogolne-sitemap\/\" title=\"\">Kontynuuj czytanie<\/a><\/p>\n","protected":false},"author":1,"featured_media":0,"parent":0,"menu_order":0,"comment_status":"closed","ping_status":"closed","template":"","meta":{"_monsterinsights_skip_tracking":false,"_monsterinsights_sitenote_active":false,"_monsterinsights_sitenote_note":"","_monsterinsights_sitenote_category":0,"footnotes":""},"class_list":["post-2702","page","type-page","status-publish"],"yoast_head":"<!-- This site is optimized with the Yoast SEO plugin v23.5 - https:\/\/yoast.com\/wordpress\/plugins\/seo\/ -->\n<title>Og\u00f3lne Sitemap - SendBlaster oprogramowanie do masowej wysy\u0142ki emaili<\/title>\n<meta name=\"description\" content=\"SendBlaster oprogramowanie do masowej wysy\u0142ki emaili Og\u00f3lne Sitemap\" \/>\n<meta name=\"robots\" content=\"index, follow, max-snippet:-1, max-image-preview:large, max-video-preview:-1\" \/>\n<link rel=\"canonical\" href=\"https:\/\/www.sendblaster.com\/pl\/ogolne-sitemap\/\" \/>\n<meta property=\"og:locale\" content=\"pl_PL\" \/>\n<meta property=\"og:type\" content=\"article\" \/>\n<meta property=\"og:title\" content=\"Og\u00f3lne Sitemap - SendBlaster oprogramowanie do masowej wysy\u0142ki emaili\" \/>\n<meta property=\"og:description\" content=\"SendBlaster oprogramowanie do masowej wysy\u0142ki emaili Og\u00f3lne Sitemap\" \/>\n<meta property=\"og:url\" content=\"https:\/\/www.sendblaster.com\/pl\/ogolne-sitemap\/\" \/>\n<meta property=\"og:site_name\" content=\"SendBlaster oprogramowanie do masowej wysy\u0142ki emaili\" \/>\n<meta name=\"twitter:card\" content=\"summary_large_image\" \/>\n<script type=\"application\/ld+json\" class=\"yoast-schema-graph\">{\"@context\":\"https:\/\/schema.org\",\"@graph\":[{\"@type\":\"WebPage\",\"@id\":\"https:\/\/www.sendblaster.com\/pl\/ogolne-sitemap\/\",\"url\":\"https:\/\/www.sendblaster.com\/pl\/ogolne-sitemap\/\",\"name\":\"Og\u00f3lne Sitemap - SendBlaster oprogramowanie do masowej wysy\u0142ki emaili\",\"isPartOf\":{\"@id\":\"https:\/\/www.sendblaster.com\/#website\"},\"datePublished\":\"2018-05-24T07:36:20+00:00\",\"dateModified\":\"2018-05-24T07:36:20+00:00\",\"description\":\"SendBlaster oprogramowanie do masowej wysy\u0142ki emaili Og\u00f3lne Sitemap\",\"breadcrumb\":{\"@id\":\"https:\/\/www.sendblaster.com\/pl\/ogolne-sitemap\/#breadcrumb\"},\"inLanguage\":\"pl-PL\",\"potentialAction\":[{\"@type\":\"ReadAction\",\"target\":[\"https:\/\/www.sendblaster.com\/pl\/ogolne-sitemap\/\"]}]},{\"@type\":\"BreadcrumbList\",\"@id\":\"https:\/\/www.sendblaster.com\/pl\/ogolne-sitemap\/#breadcrumb\",\"itemListElement\":[{\"@type\":\"ListItem\",\"position\":1,\"name\":\"Home\",\"item\":\"https:\/\/www.sendblaster.com\/pl\/\"},{\"@type\":\"ListItem\",\"position\":2,\"name\":\"Og\u00f3lne Sitemap\"}]},{\"@type\":\"WebSite\",\"@id\":\"https:\/\/www.sendblaster.com\/#website\",\"url\":\"https:\/\/www.sendblaster.com\/\",\"name\":\"SendBlaster oprogramowanie do masowej wysy\u0142ki emaili\",\"description\":\"\",\"publisher\":{\"@id\":\"https:\/\/www.sendblaster.com\/#organization\"},\"potentialAction\":[{\"@type\":\"SearchAction\",\"target\":{\"@type\":\"EntryPoint\",\"urlTemplate\":\"https:\/\/www.sendblaster.com\/?s={search_term_string}\"},\"query-input\":{\"@type\":\"PropertyValueSpecification\",\"valueRequired\":true,\"valueName\":\"search_term_string\"}}],\"inLanguage\":\"pl-PL\"},{\"@type\":\"Organization\",\"@id\":\"https:\/\/www.sendblaster.com\/#organization\",\"name\":\"SendBlaster oprogramowanie do masowej wysy\u0142ki emaili\",\"url\":\"https:\/\/www.sendblaster.com\/\",\"logo\":{\"@type\":\"ImageObject\",\"inLanguage\":\"pl-PL\",\"@id\":\"https:\/\/www.sendblaster.com\/#\/schema\/logo\/image\/\",\"url\":\"https:\/\/www.sendblaster.com\/wp-content\/uploads\/2021\/09\/logo-svg-2021.svg\",\"contentUrl\":\"https:\/\/www.sendblaster.com\/wp-content\/uploads\/2021\/09\/logo-svg-2021.svg\",\"width\":350,\"height\":70,\"caption\":\"SendBlaster oprogramowanie do masowej wysy\u0142ki emaili\"},\"image\":{\"@id\":\"https:\/\/www.sendblaster.com\/#\/schema\/logo\/image\/\"}}]}<\/script>\n<!-- \/ Yoast SEO plugin. -->","yoast_head_json":{"title":"Og\u00f3lne Sitemap - SendBlaster oprogramowanie do masowej wysy\u0142ki emaili","description":"SendBlaster oprogramowanie do masowej wysy\u0142ki emaili Og\u00f3lne Sitemap","robots":{"index":"index","follow":"follow","max-snippet":"max-snippet:-1","max-image-preview":"max-image-preview:large","max-video-preview":"max-video-preview:-1"},"canonical":"https:\/\/www.sendblaster.com\/pl\/ogolne-sitemap\/","og_locale":"pl_PL","og_type":"article","og_title":"Og\u00f3lne Sitemap - SendBlaster oprogramowanie do masowej wysy\u0142ki emaili","og_description":"SendBlaster oprogramowanie do masowej wysy\u0142ki emaili Og\u00f3lne Sitemap","og_url":"https:\/\/www.sendblaster.com\/pl\/ogolne-sitemap\/","og_site_name":"SendBlaster oprogramowanie do masowej wysy\u0142ki emaili","twitter_card":"summary_large_image","schema":{"@context":"https:\/\/schema.org","@graph":[{"@type":"WebPage","@id":"https:\/\/www.sendblaster.com\/pl\/ogolne-sitemap\/","url":"https:\/\/www.sendblaster.com\/pl\/ogolne-sitemap\/","name":"Og\u00f3lne Sitemap - SendBlaster oprogramowanie do masowej wysy\u0142ki emaili","isPartOf":{"@id":"https:\/\/www.sendblaster.com\/#website"},"datePublished":"2018-05-24T07:36:20+00:00","dateModified":"2018-05-24T07:36:20+00:00","description":"SendBlaster oprogramowanie do masowej wysy\u0142ki emaili Og\u00f3lne Sitemap","breadcrumb":{"@id":"https:\/\/www.sendblaster.com\/pl\/ogolne-sitemap\/#breadcrumb"},"inLanguage":"pl-PL","potentialAction":[{"@type":"ReadAction","target":["https:\/\/www.sendblaster.com\/pl\/ogolne-sitemap\/"]}]},{"@type":"BreadcrumbList","@id":"https:\/\/www.sendblaster.com\/pl\/ogolne-sitemap\/#breadcrumb","itemListElement":[{"@type":"ListItem","position":1,"name":"Home","item":"https:\/\/www.sendblaster.com\/pl\/"},{"@type":"ListItem","position":2,"name":"Og\u00f3lne Sitemap"}]},{"@type":"WebSite","@id":"https:\/\/www.sendblaster.com\/#website","url":"https:\/\/www.sendblaster.com\/","name":"SendBlaster oprogramowanie do masowej wysy\u0142ki emaili","description":"","publisher":{"@id":"https:\/\/www.sendblaster.com\/#organization"},"potentialAction":[{"@type":"SearchAction","target":{"@type":"EntryPoint","urlTemplate":"https:\/\/www.sendblaster.com\/?s={search_term_string}"},"query-input":{"@type":"PropertyValueSpecification","valueRequired":true,"valueName":"search_term_string"}}],"inLanguage":"pl-PL"},{"@type":"Organization","@id":"https:\/\/www.sendblaster.com\/#organization","name":"SendBlaster oprogramowanie do masowej wysy\u0142ki emaili","url":"https:\/\/www.sendblaster.com\/","logo":{"@type":"ImageObject","inLanguage":"pl-PL","@id":"https:\/\/www.sendblaster.com\/#\/schema\/logo\/image\/","url":"https:\/\/www.sendblaster.com\/wp-content\/uploads\/2021\/09\/logo-svg-2021.svg","contentUrl":"https:\/\/www.sendblaster.com\/wp-content\/uploads\/2021\/09\/logo-svg-2021.svg","width":350,"height":70,"caption":"SendBlaster oprogramowanie do masowej wysy\u0142ki emaili"},"image":{"@id":"https:\/\/www.sendblaster.com\/#\/schema\/logo\/image\/"}}]}},"_links":{"self":[{"href":"https:\/\/www.sendblaster.com\/pl\/wp-json\/wp\/v2\/pages\/2702"}],"collection":[{"href":"https:\/\/www.sendblaster.com\/pl\/wp-json\/wp\/v2\/pages"}],"about":[{"href":"https:\/\/www.sendblaster.com\/pl\/wp-json\/wp\/v2\/types\/page"}],"author":[{"embeddable":true,"href":"https:\/\/www.sendblaster.com\/pl\/wp-json\/wp\/v2\/users\/1"}],"replies":[{"embeddable":true,"href":"https:\/\/www.sendblaster.com\/pl\/wp-json\/wp\/v2\/comments?post=2702"}],"version-history":[{"count":1,"href":"https:\/\/www.sendblaster.com\/pl\/wp-json\/wp\/v2\/pages\/2702\/revisions"}],"predecessor-version":[{"id":2703,"href":"https:\/\/www.sendblaster.com\/pl\/wp-json\/wp\/v2\/pages\/2702\/revisions\/2703"}],"wp:attachment":[{"href":"https:\/\/www.sendblaster.com\/pl\/wp-json\/wp\/v2\/media?parent=2702"}],"curies":[{"name":"wp","href":"https:\/\/api.w.org\/{rel}","templated":true}]}}