{"id":2693,"date":"2018-05-24T07:23:47","date_gmt":"2018-05-24T07:23:47","guid":{"rendered":"https:\/\/www.sendblaster.com\/wpnew-2018\/?page_id=2693"},"modified":"2018-07-03T08:46:03","modified_gmt":"2018-07-03T08:46:03","slug":"600-szablonow-wiadomosci-e-mail-do-sendblaster","status":"publish","type":"page","link":"https:\/\/www.sendblaster.com\/pl\/600-szablonow-wiadomosci-e-mail-do-sendblaster\/","title":{"rendered":"300 szablon\u00f3w wiadomo\u015bci e-mail do Sendblaster"},"content":{"rendered":"<p>To nie s\u0105 &#8222;zwyk\u0142e&#8221; szablony: <strong>pakiet szablon\u00f3w e-mail Sendblaster<\/strong> zawiera <strong>300 doskonale zaprojektowanych uk\u0142ad\u00f3w wiadomo\u015bci e-mail<\/strong> o osza\u0142amiaj\u0105cej oprawie graficznej, profesjonalnie opracowanych przez naszych projektant\u00f3w. <strong>Rozkr\u0119\u0107 swoje kampanie e-mailowe dzi\u0119ki 300 profesjonalnym szablonom wiadomo\u015bci HTML!<\/strong><\/p>\n<p>&nbsp;<\/p>\n<ul class=\"g1-grid\"><li class=\"g1-column g1-one-third g1-valign-top\">\n<p style=\"text-align: center; margin-top: 0px;\"><img decoding=\"async\" width=\"618\" height=\"609\" src=\"https:\/\/www.sendblaster.com\/wp-content\/uploads\/2018\/04\/sendblaster_email_template_collection_1.jpg\" alt=\"SendBlaster Email Templates Collection\" \/><br \/>\n<small><i>Motoryzacyjne szablony e-mail<\/i><\/small><\/p>\n<\/li><!-- -->\n<li class=\"g1-column g1-one-third g1-valign-top\">\n<p style=\"text-align: center; margin-top: 0px;\"><img decoding=\"async\" width=\"909\" height=\"804\" src=\"https:\/\/www.sendblaster.com\/wp-content\/uploads\/2018\/04\/sendblaster_email_template_collection_2.jpg\" alt=\"SendBlaster Email Templates Collection\" \/><br \/>\n<small><i>Sport i fitness szablony e-mail<\/i><\/small><\/p>\n<\/li><!-- -->\n<li class=\"g1-column g1-one-third g1-valign-top\">\n<p style=\"text-align: center; margin-top: 0px;\"><img decoding=\"async\" width=\"782\" height=\"821\" src=\"https:\/\/www.sendblaster.com\/wp-content\/uploads\/2018\/04\/sendblaster_email_template_collection_9.jpg\" alt=\"SendBlaster Email Templates Collection\" \/><br \/>\n<small><i>Natura i zwierz\u0119ta szablony e-mail<\/i><\/small><\/p>\n<\/li><!-- --><\/ul>\n<ul class=\"g1-grid\"><li class=\"g1-column g1-one-third g1-valign-top\">\n<p style=\"text-align: center; margin-top: 0px;\"><img decoding=\"async\" width=\"799\" height=\"935\" src=\"https:\/\/www.sendblaster.com\/wp-content\/uploads\/2018\/04\/sendblaster_email_template_collection_4.jpg\" alt=\"SendBlaster Email Templates Collection\" \/><br \/>\n<small><i>Firma i biznes szablony e-mail<\/i><\/small><\/p>\n<\/li><!-- -->\n<li class=\"g1-column g1-one-third g1-valign-top\">\n<p style=\"text-align: center; margin-top: 0px;\"><img decoding=\"async\" width=\"698\" height=\"835\" src=\"https:\/\/www.sendblaster.com\/wp-content\/uploads\/2018\/04\/sendblaster_email_template_collection_5.jpg\" alt=\"SendBlaster Email Templates Collection\" \/><br \/>\n<small><i>Moda szablony e-mail<\/i><\/small><\/p>\n<\/li><!-- -->\n<li class=\"g1-column g1-one-third g1-valign-top\">\n<p style=\"text-align: center; margin-top: 0px;\"><img decoding=\"async\" width=\"909\" height=\"1189\" src=\"https:\/\/www.sendblaster.com\/wp-content\/uploads\/2018\/04\/sendblaster_email_template_collection_6.jpg\" alt=\"SendBlaster Email Templates Collection\" \/><br \/>\n<small><i>Gry i hazard szablony e-mail<\/i><\/small><\/p>\n<\/li><!-- --><\/ul>\n<ul class=\"g1-grid\"><li class=\"g1-column g1-one-third g1-valign-top\">\n<p style=\"text-align: center; margin-top: 0px;\"><img decoding=\"async\" width=\"752\" height=\"804\" src=\"https:\/\/www.sendblaster.com\/wp-content\/uploads\/2018\/04\/sendblaster_email_template_collection_12.jpg\" alt=\"SendBlaster Email Templates Collection\" \/><br \/>\n<small><i>Oprogramowanie i us\u0142ugi szablony e-mail<\/i><\/small><\/p>\n<\/li><!-- -->\n<li class=\"g1-column g1-one-third g1-valign-top\">\n<p style=\"text-align: center; margin-top: 0px;\"><img decoding=\"async\" width=\"814\" height=\"1189\" src=\"https:\/\/www.sendblaster.com\/wp-content\/uploads\/2018\/04\/sendblaster_email_template_collection_8.jpg\" alt=\"SendBlaster Email Templates Collection\" \/><br \/>\n<small><i>Handel elektroniczny szablony e-mail<\/i><\/small><\/p>\n<\/li><!-- -->\n<li class=\"g1-column g1-one-third g1-valign-top\">\n<p style=\"text-align: center; margin-top: 0px;\"><img decoding=\"async\" width=\"698\" height=\"971\" src=\"https:\/\/www.sendblaster.com\/wp-content\/uploads\/2018\/04\/sendblaster_email_template_collection_3.jpg\" alt=\"SendBlaster Email Templates Collection\" \/><br \/>\n<small><i>Gastronomia szablony e-mail<\/i><\/small><\/p>\n<\/li><!-- --><\/ul>\n<ul class=\"g1-grid\"><li class=\"g1-column g1-one-third g1-valign-top\">\n<p style=\"text-align: center; margin-top: 0px;\"><img decoding=\"async\" width=\"695\" height=\"1088\" src=\"https:\/\/www.sendblaster.com\/wp-content\/uploads\/2018\/04\/sendblaster_email_template_collection_10.jpg\" alt=\"SendBlaster Email Templates Collection\" \/><br \/>\n<small><i>Podr\u00f3\u017ce i turystyka szablony e-mail<\/i><\/small><\/p>\n<\/li><!-- -->\n<li class=\"g1-column g1-one-third g1-valign-top\">\n<p style=\"text-align: center; margin-top: 0px;\"><img decoding=\"async\" width=\"845\" height=\"1223\" src=\"https:\/\/www.sendblaster.com\/wp-content\/uploads\/2018\/04\/sendblaster_email_template_collection_11.jpg\" alt=\"SendBlaster Email Templates Collection\" \/><br \/>\n<small><i>Technologia szablony e-mail<\/i><\/small><\/p>\n<\/li><!-- -->\n<li class=\"g1-column g1-one-third g1-valign-top\">\n<p style=\"text-align: center; margin-top: 0px;\"><img decoding=\"async\" width=\"876\" height=\"855\" src=\"https:\/\/www.sendblaster.com\/wp-content\/uploads\/2018\/04\/sendblaster_email_template_collection_7.jpg\" alt=\"SendBlaster Email Templates Collection\" \/><br \/>\n<small><i>Ekologia szablony e-mail<\/i><\/small><\/p>\n<\/li><!-- --><\/ul>\n<p>&nbsp;<\/p>\n<p style=\"text-align: center;\"><a href=\"https:\/\/www.sendblaster.com\/newshop\/?lang=pl&#038;products=ETC1SB\" title=\"Kup SendBlaster multiple license\" class=\"buy-cta-big\">Kup Email template Collection<br \/><small>300 szablon\u00f3w wiadomo\u015bci e-mail do Sendblaster<\/small><\/a><\/p>\n","protected":false},"excerpt":{"rendered":"<p>To nie s\u0105 &#8222;zwyk\u0142e&#8221; szablony: pakiet szablon\u00f3w e-mail Sendblaster zawiera 300 doskonale zaprojektowanych uk\u0142ad\u00f3w wiadomo\u015bci e-mail o osza\u0142amiaj\u0105cej oprawie graficznej, profesjonalnie opracowanych przez naszych projektant\u00f3w. Rozkr\u0119\u0107 swoje kampanie e-mailowe dzi\u0119ki 300 profesjonalnym szablonom wiadomo\u015bci HTML! &nbsp; &nbsp; Kup Email template <\/p>\n<p class=\"read-more-container\"><a class=\"button read-more\" href=\"https:\/\/www.sendblaster.com\/pl\/600-szablonow-wiadomosci-e-mail-do-sendblaster\/\" title=\"\">Kontynuuj czytanie<\/a><\/p>\n","protected":false},"author":1,"featured_media":0,"parent":0,"menu_order":0,"comment_status":"closed","ping_status":"closed","template":"","meta":{"_monsterinsights_skip_tracking":false,"_monsterinsights_sitenote_active":false,"_monsterinsights_sitenote_note":"","_monsterinsights_sitenote_category":0,"footnotes":""},"class_list":["post-2693","page","type-page","status-publish"],"yoast_head":"<!-- This site is optimized with the Yoast SEO plugin v23.5 - https:\/\/yoast.com\/wordpress\/plugins\/seo\/ -->\n<title>300 szablon\u00f3w wiadomo\u015bci e-mail do Sendblaster - SendBlaster oprogramowanie do masowej wysy\u0142ki emaili<\/title>\n<meta name=\"description\" content=\"SendBlaster oprogramowanie do masowej wysy\u0142ki emaili 300 szablon\u00f3w wiadomo\u015bci e-mail do Sendblaster To nie s\u0105 &quot;zwyk\u0142e&quot; szablony: pakiet szablon\u00f3w e-mail Sendblaster zawiera 300 doskonale zaprojektowanych uk\u0142ad\u00f3w wiadomo\u015bci e-mail o osza\u0142amiaj\u0105cej oprawie\" \/>\n<meta name=\"robots\" content=\"index, follow, max-snippet:-1, max-image-preview:large, max-video-preview:-1\" \/>\n<link rel=\"canonical\" href=\"https:\/\/www.sendblaster.com\/pl\/all\/600-szablonow-wiadomosci-e-mail-do-sendblaster\/\" \/>\n<meta property=\"og:locale\" content=\"pl_PL\" \/>\n<meta property=\"og:type\" content=\"article\" \/>\n<meta property=\"og:title\" content=\"300 szablon\u00f3w wiadomo\u015bci e-mail do Sendblaster - SendBlaster oprogramowanie do masowej wysy\u0142ki emaili\" \/>\n<meta property=\"og:description\" content=\"SendBlaster oprogramowanie do masowej wysy\u0142ki emaili 300 szablon\u00f3w wiadomo\u015bci e-mail do Sendblaster To nie s\u0105 &quot;zwyk\u0142e&quot; szablony: pakiet szablon\u00f3w e-mail Sendblaster zawiera 300 doskonale zaprojektowanych uk\u0142ad\u00f3w wiadomo\u015bci e-mail o osza\u0142amiaj\u0105cej oprawie\" \/>\n<meta property=\"og:url\" content=\"https:\/\/www.sendblaster.com\/pl\/all\/600-szablonow-wiadomosci-e-mail-do-sendblaster\/\" \/>\n<meta property=\"og:site_name\" content=\"SendBlaster oprogramowanie do masowej wysy\u0142ki emaili\" \/>\n<meta property=\"article:modified_time\" content=\"2018-07-03T08:46:03+00:00\" \/>\n<meta property=\"og:image\" content=\"https:\/\/www.sendblaster.com\/wp-content\/uploads\/2018\/04\/sendblaster_email_template_collection_1.jpg\" \/>\n<meta name=\"twitter:card\" content=\"summary_large_image\" \/>\n<meta name=\"twitter:label1\" content=\"Szacowany czas czytania\" \/>\n\t<meta name=\"twitter:data1\" content=\"1 minuta\" \/>\n<script type=\"application\/ld+json\" class=\"yoast-schema-graph\">{\"@context\":\"https:\/\/schema.org\",\"@graph\":[{\"@type\":\"WebPage\",\"@id\":\"https:\/\/www.sendblaster.com\/pl\/all\/600-szablonow-wiadomosci-e-mail-do-sendblaster\/\",\"url\":\"https:\/\/www.sendblaster.com\/pl\/all\/600-szablonow-wiadomosci-e-mail-do-sendblaster\/\",\"name\":\"300 szablon\u00f3w wiadomo\u015bci e-mail do Sendblaster - SendBlaster oprogramowanie do masowej wysy\u0142ki emaili\",\"isPartOf\":{\"@id\":\"https:\/\/www.sendblaster.com\/#website\"},\"primaryImageOfPage\":{\"@id\":\"https:\/\/www.sendblaster.com\/pl\/all\/600-szablonow-wiadomosci-e-mail-do-sendblaster\/#primaryimage\"},\"image\":{\"@id\":\"https:\/\/www.sendblaster.com\/pl\/all\/600-szablonow-wiadomosci-e-mail-do-sendblaster\/#primaryimage\"},\"thumbnailUrl\":\"https:\/\/www.sendblaster.com\/wp-content\/uploads\/2018\/04\/sendblaster_email_template_collection_1.jpg\",\"datePublished\":\"2018-05-24T07:23:47+00:00\",\"dateModified\":\"2018-07-03T08:46:03+00:00\",\"description\":\"SendBlaster oprogramowanie do masowej wysy\u0142ki emaili 300 szablon\u00f3w wiadomo\u015bci e-mail do Sendblaster To nie s\u0105 \\\"zwyk\u0142e\\\" szablony: pakiet szablon\u00f3w e-mail Sendblaster zawiera 300 doskonale zaprojektowanych uk\u0142ad\u00f3w wiadomo\u015bci e-mail o osza\u0142amiaj\u0105cej oprawie\",\"breadcrumb\":{\"@id\":\"https:\/\/www.sendblaster.com\/pl\/all\/600-szablonow-wiadomosci-e-mail-do-sendblaster\/#breadcrumb\"},\"inLanguage\":\"pl-PL\",\"potentialAction\":[{\"@type\":\"ReadAction\",\"target\":[\"https:\/\/www.sendblaster.com\/pl\/all\/600-szablonow-wiadomosci-e-mail-do-sendblaster\/\"]}]},{\"@type\":\"ImageObject\",\"inLanguage\":\"pl-PL\",\"@id\":\"https:\/\/www.sendblaster.com\/pl\/all\/600-szablonow-wiadomosci-e-mail-do-sendblaster\/#primaryimage\",\"url\":\"https:\/\/www.sendblaster.com\/wp-content\/uploads\/2018\/04\/sendblaster_email_template_collection_1.jpg\",\"contentUrl\":\"https:\/\/www.sendblaster.com\/wp-content\/uploads\/2018\/04\/sendblaster_email_template_collection_1.jpg\"},{\"@type\":\"BreadcrumbList\",\"@id\":\"https:\/\/www.sendblaster.com\/pl\/all\/600-szablonow-wiadomosci-e-mail-do-sendblaster\/#breadcrumb\",\"itemListElement\":[{\"@type\":\"ListItem\",\"position\":1,\"name\":\"Home\",\"item\":\"https:\/\/www.sendblaster.com\/pl\/\"},{\"@type\":\"ListItem\",\"position\":2,\"name\":\"300 szablon\u00f3w wiadomo\u015bci e-mail do Sendblaster\"}]},{\"@type\":\"WebSite\",\"@id\":\"https:\/\/www.sendblaster.com\/#website\",\"url\":\"https:\/\/www.sendblaster.com\/\",\"name\":\"SendBlaster oprogramowanie do masowej wysy\u0142ki emaili\",\"description\":\"\",\"publisher\":{\"@id\":\"https:\/\/www.sendblaster.com\/#organization\"},\"potentialAction\":[{\"@type\":\"SearchAction\",\"target\":{\"@type\":\"EntryPoint\",\"urlTemplate\":\"https:\/\/www.sendblaster.com\/?s={search_term_string}\"},\"query-input\":{\"@type\":\"PropertyValueSpecification\",\"valueRequired\":true,\"valueName\":\"search_term_string\"}}],\"inLanguage\":\"pl-PL\"},{\"@type\":\"Organization\",\"@id\":\"https:\/\/www.sendblaster.com\/#organization\",\"name\":\"SendBlaster oprogramowanie do masowej wysy\u0142ki emaili\",\"url\":\"https:\/\/www.sendblaster.com\/\",\"logo\":{\"@type\":\"ImageObject\",\"inLanguage\":\"pl-PL\",\"@id\":\"https:\/\/www.sendblaster.com\/#\/schema\/logo\/image\/\",\"url\":\"https:\/\/www.sendblaster.com\/wp-content\/uploads\/2021\/09\/logo-svg-2021.svg\",\"contentUrl\":\"https:\/\/www.sendblaster.com\/wp-content\/uploads\/2021\/09\/logo-svg-2021.svg\",\"width\":350,\"height\":70,\"caption\":\"SendBlaster oprogramowanie do masowej wysy\u0142ki emaili\"},\"image\":{\"@id\":\"https:\/\/www.sendblaster.com\/#\/schema\/logo\/image\/\"}}]}<\/script>\n<!-- \/ Yoast SEO plugin. -->","yoast_head_json":{"title":"300 szablon\u00f3w wiadomo\u015bci e-mail do Sendblaster - SendBlaster oprogramowanie do masowej wysy\u0142ki emaili","description":"SendBlaster oprogramowanie do masowej wysy\u0142ki emaili 300 szablon\u00f3w wiadomo\u015bci e-mail do Sendblaster To nie s\u0105 \"zwyk\u0142e\" szablony: pakiet szablon\u00f3w e-mail Sendblaster zawiera 300 doskonale zaprojektowanych uk\u0142ad\u00f3w wiadomo\u015bci e-mail o osza\u0142amiaj\u0105cej oprawie","robots":{"index":"index","follow":"follow","max-snippet":"max-snippet:-1","max-image-preview":"max-image-preview:large","max-video-preview":"max-video-preview:-1"},"canonical":"https:\/\/www.sendblaster.com\/pl\/all\/600-szablonow-wiadomosci-e-mail-do-sendblaster\/","og_locale":"pl_PL","og_type":"article","og_title":"300 szablon\u00f3w wiadomo\u015bci e-mail do Sendblaster - SendBlaster oprogramowanie do masowej wysy\u0142ki emaili","og_description":"SendBlaster oprogramowanie do masowej wysy\u0142ki emaili 300 szablon\u00f3w wiadomo\u015bci e-mail do Sendblaster To nie s\u0105 \"zwyk\u0142e\" szablony: pakiet szablon\u00f3w e-mail Sendblaster zawiera 300 doskonale zaprojektowanych uk\u0142ad\u00f3w wiadomo\u015bci e-mail o osza\u0142amiaj\u0105cej oprawie","og_url":"https:\/\/www.sendblaster.com\/pl\/all\/600-szablonow-wiadomosci-e-mail-do-sendblaster\/","og_site_name":"SendBlaster oprogramowanie do masowej wysy\u0142ki emaili","article_modified_time":"2018-07-03T08:46:03+00:00","og_image":[{"url":"https:\/\/www.sendblaster.com\/wp-content\/uploads\/2018\/04\/sendblaster_email_template_collection_1.jpg"}],"twitter_card":"summary_large_image","twitter_misc":{"Szacowany czas czytania":"1 minuta"},"schema":{"@context":"https:\/\/schema.org","@graph":[{"@type":"WebPage","@id":"https:\/\/www.sendblaster.com\/pl\/all\/600-szablonow-wiadomosci-e-mail-do-sendblaster\/","url":"https:\/\/www.sendblaster.com\/pl\/all\/600-szablonow-wiadomosci-e-mail-do-sendblaster\/","name":"300 szablon\u00f3w wiadomo\u015bci e-mail do Sendblaster - SendBlaster oprogramowanie do masowej wysy\u0142ki emaili","isPartOf":{"@id":"https:\/\/www.sendblaster.com\/#website"},"primaryImageOfPage":{"@id":"https:\/\/www.sendblaster.com\/pl\/all\/600-szablonow-wiadomosci-e-mail-do-sendblaster\/#primaryimage"},"image":{"@id":"https:\/\/www.sendblaster.com\/pl\/all\/600-szablonow-wiadomosci-e-mail-do-sendblaster\/#primaryimage"},"thumbnailUrl":"https:\/\/www.sendblaster.com\/wp-content\/uploads\/2018\/04\/sendblaster_email_template_collection_1.jpg","datePublished":"2018-05-24T07:23:47+00:00","dateModified":"2018-07-03T08:46:03+00:00","description":"SendBlaster oprogramowanie do masowej wysy\u0142ki emaili 300 szablon\u00f3w wiadomo\u015bci e-mail do Sendblaster To nie s\u0105 \"zwyk\u0142e\" szablony: pakiet szablon\u00f3w e-mail Sendblaster zawiera 300 doskonale zaprojektowanych uk\u0142ad\u00f3w wiadomo\u015bci e-mail o osza\u0142amiaj\u0105cej oprawie","breadcrumb":{"@id":"https:\/\/www.sendblaster.com\/pl\/all\/600-szablonow-wiadomosci-e-mail-do-sendblaster\/#breadcrumb"},"inLanguage":"pl-PL","potentialAction":[{"@type":"ReadAction","target":["https:\/\/www.sendblaster.com\/pl\/all\/600-szablonow-wiadomosci-e-mail-do-sendblaster\/"]}]},{"@type":"ImageObject","inLanguage":"pl-PL","@id":"https:\/\/www.sendblaster.com\/pl\/all\/600-szablonow-wiadomosci-e-mail-do-sendblaster\/#primaryimage","url":"https:\/\/www.sendblaster.com\/wp-content\/uploads\/2018\/04\/sendblaster_email_template_collection_1.jpg","contentUrl":"https:\/\/www.sendblaster.com\/wp-content\/uploads\/2018\/04\/sendblaster_email_template_collection_1.jpg"},{"@type":"BreadcrumbList","@id":"https:\/\/www.sendblaster.com\/pl\/all\/600-szablonow-wiadomosci-e-mail-do-sendblaster\/#breadcrumb","itemListElement":[{"@type":"ListItem","position":1,"name":"Home","item":"https:\/\/www.sendblaster.com\/pl\/"},{"@type":"ListItem","position":2,"name":"300 szablon\u00f3w wiadomo\u015bci e-mail do Sendblaster"}]},{"@type":"WebSite","@id":"https:\/\/www.sendblaster.com\/#website","url":"https:\/\/www.sendblaster.com\/","name":"SendBlaster oprogramowanie do masowej wysy\u0142ki emaili","description":"","publisher":{"@id":"https:\/\/www.sendblaster.com\/#organization"},"potentialAction":[{"@type":"SearchAction","target":{"@type":"EntryPoint","urlTemplate":"https:\/\/www.sendblaster.com\/?s={search_term_string}"},"query-input":{"@type":"PropertyValueSpecification","valueRequired":true,"valueName":"search_term_string"}}],"inLanguage":"pl-PL"},{"@type":"Organization","@id":"https:\/\/www.sendblaster.com\/#organization","name":"SendBlaster oprogramowanie do masowej wysy\u0142ki emaili","url":"https:\/\/www.sendblaster.com\/","logo":{"@type":"ImageObject","inLanguage":"pl-PL","@id":"https:\/\/www.sendblaster.com\/#\/schema\/logo\/image\/","url":"https:\/\/www.sendblaster.com\/wp-content\/uploads\/2021\/09\/logo-svg-2021.svg","contentUrl":"https:\/\/www.sendblaster.com\/wp-content\/uploads\/2021\/09\/logo-svg-2021.svg","width":350,"height":70,"caption":"SendBlaster oprogramowanie do masowej wysy\u0142ki emaili"},"image":{"@id":"https:\/\/www.sendblaster.com\/#\/schema\/logo\/image\/"}}]}},"_links":{"self":[{"href":"https:\/\/www.sendblaster.com\/pl\/wp-json\/wp\/v2\/pages\/2693"}],"collection":[{"href":"https:\/\/www.sendblaster.com\/pl\/wp-json\/wp\/v2\/pages"}],"about":[{"href":"https:\/\/www.sendblaster.com\/pl\/wp-json\/wp\/v2\/types\/page"}],"author":[{"embeddable":true,"href":"https:\/\/www.sendblaster.com\/pl\/wp-json\/wp\/v2\/users\/1"}],"replies":[{"embeddable":true,"href":"https:\/\/www.sendblaster.com\/pl\/wp-json\/wp\/v2\/comments?post=2693"}],"version-history":[{"count":3,"href":"https:\/\/www.sendblaster.com\/pl\/wp-json\/wp\/v2\/pages\/2693\/revisions"}],"predecessor-version":[{"id":3198,"href":"https:\/\/www.sendblaster.com\/pl\/wp-json\/wp\/v2\/pages\/2693\/revisions\/3198"}],"wp:attachment":[{"href":"https:\/\/www.sendblaster.com\/pl\/wp-json\/wp\/v2\/media?parent=2693"}],"curies":[{"name":"wp","href":"https:\/\/api.w.org\/{rel}","templated":true}]}}