{"id":2690,"date":"2018-05-24T07:15:23","date_gmt":"2018-05-24T07:15:23","guid":{"rendered":"https:\/\/www.sendblaster.com\/wpnew-2018\/?page_id=2690"},"modified":"2018-05-24T12:42:56","modified_gmt":"2018-05-24T12:42:56","slug":"wyslij-masowe-emaile-twoja-kampania-marketingowa-w-kilka-minut","status":"publish","type":"page","link":"https:\/\/www.sendblaster.com\/pl\/wyslij-masowe-emaile-twoja-kampania-marketingowa-w-kilka-minut\/","title":{"rendered":"Wy\u015blij masowe emaile: twoja kampania marketingowa w kilka minut"},"content":{"rendered":"<p style=\"text-align: center;\"><img decoding=\"async\" width=\"815\" height=\"447\" src=\"https:\/\/www.sendblaster.com\/wp-content\/uploads\/2018\/03\/your-email-marketing-campaign-in-minutes.png\" alt=\"Wy\u015blij masowe emaile: twoja kampania marketingowa w kilka minut\" \/><\/p>\n<p>SendBlaster is a <strong>free bulk email software<\/strong>, a mass email marketing program and a bulk emailing sender.  In today&#8217;s Internet <strong>marketing strategies<\/strong>, being on search engines is not enough: sales are a matter of trust. Web visitors become customers when you give them the content they&#8217;re searching for. Emailing and sending personalized content is legal when you gather <strong>new mailing list users<\/strong>, using <a title=\"Single Opt-in PHP form mail\" href=\"https:\/\/www.sendblaster.com\/..\/support\/lists-importing\/single-opt-php-form-mail\">free opt-in subscription modules<\/a> in your websites.  When you catch interested subscribers the key for a winning and cheap email marketing is to mass email the prospects using a bulk <strong><a title=\"Mo\u017cliwo\u015bci programu do masowej wysy\u0142ki\" href=\"mozliwosci-programu-do-masowej-wysylki\">email blast<\/a> software<\/strong> as an <strong>email marketing program: <\/strong>the <strong><a title=\"Pobieranie\" href=\"pobieranie\">free mass email<\/a> newsletter sender<\/strong> will automatically deliver mass emails and personalized emails to subscribed users in your emailing list.  <em>Turn occasional website visitors into recurring <\/em>users and customers by sending legitimate and confirmed bulk email newsletters, updates and targeted email offers: using a downloadable bulk email <strong>software on your PC<\/strong>.<\/p>\n<ul>\n<li><a title=\"pobieranie\" href=\"pobieranie\"><strong>Download<\/strong><\/a> SendBlaster <a title=\"pobieranie\" href=\"pobieranie\">Free Bulk email software<\/a>, and send today mass newsletters and email offers.<\/li>\n<li><a title=\"Single Opt-in PHP form mail\" href=\"https:\/\/www.sendblaster.com\/..\/support\/lists-importing\/single-opt-php-form-mail\">Download free php opt-in form mail newsletter subscription module<\/a> for website mailing list <strong>permission legitimate <\/strong>subscription (<a title=\"Double Opt-in free PHP form mail\" href=\"https:\/\/www.sendblaster.com\/..\/support\/lists-importing\/double-opt-free-php-form-mail\">verified double optin<\/a> and <a title=\"Create your own permission based email list using Php Captcha Form Script\" href=\"https:\/\/www.sendblaster.com\/..\/create-your-own-permission-based-email-list-using-php-captcha-form-script\">captcha Php<\/a> closed-loop opt-in scripts). SendBlaster <strong>bulk emailing software<\/strong> imports multiple user&#8217;s details into your local mailing list.<\/li>\n<li><strong>Create<\/strong> or <a title=\"Import from MS Outlook, Excel, Access via CSV file\" href=\"https:\/\/www.sendblaster.com\/..\/support\/lists-importing\/import-ms-outlook-excel-access-csv-file\"><strong>import<\/strong>.csv mailing list<\/a> and start your customer oriented permission bulk email marketing.<\/li>\n<li><strong>Send massive emails<\/strong> and contact multiple customers with one click send.<\/li>\n<\/ul>\n<p>Legitimate <a title=\"Advanced hints on better email sending\" href=\"https:\/\/www.sendblaster.com\/..\/support\/suggestions\/advanced-hints-better-email-sending\">direct bulk email marketing<\/a>: the best way of establishing a successful relationship with potential clients&#8230; sending bulk emails, with your contact&#8217;s permission of course!<\/p>\n<ul>\n<li><a title=\"Mo\u017cliwo\u015bci programu do masowej wysy\u0142ki\" href=\"mozliwosci-programu-do-masowej-wysylki\">bulk emailer <strong>features<\/strong> list<\/a><\/li>\n<li><a title=\"Pobieranie\" href=\"pobieranie\">free <strong>bulk email software download<\/strong> <\/a><\/li>\n<li><a title=\"Ekrany\" href=\"ekrany\">email sender <strong>software screenshots<\/strong><\/a><\/li>\n<li><a title=\"Kup\" href=\"kup\">buy bulk email software <strong>PRO license<\/strong><\/a><\/li>\n<\/ul>\n","protected":false},"excerpt":{"rendered":"<p>SendBlaster is a free bulk email software, a mass email marketing program and a bulk emailing sender. In today&#8217;s Internet marketing strategies, being on search engines is not enough: sales are a matter of trust. Web visitors become customers when <\/p>\n<p class=\"read-more-container\"><a class=\"button read-more\" href=\"https:\/\/www.sendblaster.com\/pl\/wyslij-masowe-emaile-twoja-kampania-marketingowa-w-kilka-minut\/\" title=\"\">Kontynuuj czytanie<\/a><\/p>\n","protected":false},"author":1,"featured_media":0,"parent":0,"menu_order":0,"comment_status":"closed","ping_status":"closed","template":"","meta":{"_monsterinsights_skip_tracking":false,"_monsterinsights_sitenote_active":false,"_monsterinsights_sitenote_note":"","_monsterinsights_sitenote_category":0,"footnotes":""},"class_list":["post-2690","page","type-page","status-publish"],"yoast_head":"<!-- This site is optimized with the Yoast SEO plugin v23.5 - https:\/\/yoast.com\/wordpress\/plugins\/seo\/ -->\n<title>Wy\u015blij masowe emaile: twoja kampania marketingowa w kilka minut - SendBlaster oprogramowanie do masowej wysy\u0142ki emaili<\/title>\n<meta name=\"description\" content=\"SendBlaster oprogramowanie do masowej wysy\u0142ki emaili Wy\u015blij masowe emaile: twoja kampania marketingowa w kilka minut SendBlaster is a free bulk email software, a mass email marketing program and a bulk emailing sender. In today&#039;s Internet marketing strategies, being on\" \/>\n<meta name=\"robots\" content=\"index, follow, max-snippet:-1, max-image-preview:large, max-video-preview:-1\" \/>\n<link rel=\"canonical\" href=\"https:\/\/www.sendblaster.com\/pl\/wyslij-masowe-emaile-twoja-kampania-marketingowa-w-kilka-minut\/\" \/>\n<meta property=\"og:locale\" content=\"pl_PL\" \/>\n<meta property=\"og:type\" content=\"article\" \/>\n<meta property=\"og:title\" content=\"Wy\u015blij masowe emaile: twoja kampania marketingowa w kilka minut - SendBlaster oprogramowanie do masowej wysy\u0142ki emaili\" \/>\n<meta property=\"og:description\" content=\"SendBlaster oprogramowanie do masowej wysy\u0142ki emaili Wy\u015blij masowe emaile: twoja kampania marketingowa w kilka minut SendBlaster is a free bulk email software, a mass email marketing program and a bulk emailing sender. In today&#039;s Internet marketing strategies, being on\" \/>\n<meta property=\"og:url\" content=\"https:\/\/www.sendblaster.com\/pl\/wyslij-masowe-emaile-twoja-kampania-marketingowa-w-kilka-minut\/\" \/>\n<meta property=\"og:site_name\" content=\"SendBlaster oprogramowanie do masowej wysy\u0142ki emaili\" \/>\n<meta property=\"article:modified_time\" content=\"2018-05-24T12:42:56+00:00\" \/>\n<meta property=\"og:image\" content=\"https:\/\/www.sendblaster.com\/wp-content\/uploads\/2018\/03\/your-email-marketing-campaign-in-minutes.png\" \/>\n<meta name=\"twitter:card\" content=\"summary_large_image\" \/>\n<meta name=\"twitter:label1\" content=\"Szacowany czas czytania\" \/>\n\t<meta name=\"twitter:data1\" content=\"1 minuta\" \/>\n<script type=\"application\/ld+json\" class=\"yoast-schema-graph\">{\"@context\":\"https:\/\/schema.org\",\"@graph\":[{\"@type\":\"WebPage\",\"@id\":\"https:\/\/www.sendblaster.com\/pl\/wyslij-masowe-emaile-twoja-kampania-marketingowa-w-kilka-minut\/\",\"url\":\"https:\/\/www.sendblaster.com\/pl\/wyslij-masowe-emaile-twoja-kampania-marketingowa-w-kilka-minut\/\",\"name\":\"Wy\u015blij masowe emaile: twoja kampania marketingowa w kilka minut - SendBlaster oprogramowanie do masowej wysy\u0142ki emaili\",\"isPartOf\":{\"@id\":\"https:\/\/www.sendblaster.com\/#website\"},\"primaryImageOfPage\":{\"@id\":\"https:\/\/www.sendblaster.com\/pl\/wyslij-masowe-emaile-twoja-kampania-marketingowa-w-kilka-minut\/#primaryimage\"},\"image\":{\"@id\":\"https:\/\/www.sendblaster.com\/pl\/wyslij-masowe-emaile-twoja-kampania-marketingowa-w-kilka-minut\/#primaryimage\"},\"thumbnailUrl\":\"https:\/\/www.sendblaster.com\/wp-content\/uploads\/2018\/03\/your-email-marketing-campaign-in-minutes.png\",\"datePublished\":\"2018-05-24T07:15:23+00:00\",\"dateModified\":\"2018-05-24T12:42:56+00:00\",\"description\":\"SendBlaster oprogramowanie do masowej wysy\u0142ki emaili Wy\u015blij masowe emaile: twoja kampania marketingowa w kilka minut SendBlaster is a free bulk email software, a mass email marketing program and a bulk emailing sender. In today's Internet marketing strategies, being on\",\"breadcrumb\":{\"@id\":\"https:\/\/www.sendblaster.com\/pl\/wyslij-masowe-emaile-twoja-kampania-marketingowa-w-kilka-minut\/#breadcrumb\"},\"inLanguage\":\"pl-PL\",\"potentialAction\":[{\"@type\":\"ReadAction\",\"target\":[\"https:\/\/www.sendblaster.com\/pl\/wyslij-masowe-emaile-twoja-kampania-marketingowa-w-kilka-minut\/\"]}]},{\"@type\":\"ImageObject\",\"inLanguage\":\"pl-PL\",\"@id\":\"https:\/\/www.sendblaster.com\/pl\/wyslij-masowe-emaile-twoja-kampania-marketingowa-w-kilka-minut\/#primaryimage\",\"url\":\"https:\/\/www.sendblaster.com\/wp-content\/uploads\/2018\/03\/your-email-marketing-campaign-in-minutes.png\",\"contentUrl\":\"https:\/\/www.sendblaster.com\/wp-content\/uploads\/2018\/03\/your-email-marketing-campaign-in-minutes.png\"},{\"@type\":\"BreadcrumbList\",\"@id\":\"https:\/\/www.sendblaster.com\/pl\/wyslij-masowe-emaile-twoja-kampania-marketingowa-w-kilka-minut\/#breadcrumb\",\"itemListElement\":[{\"@type\":\"ListItem\",\"position\":1,\"name\":\"Home\",\"item\":\"https:\/\/www.sendblaster.com\/pl\/\"},{\"@type\":\"ListItem\",\"position\":2,\"name\":\"Wy\u015blij masowe emaile: twoja kampania marketingowa w kilka minut\"}]},{\"@type\":\"WebSite\",\"@id\":\"https:\/\/www.sendblaster.com\/#website\",\"url\":\"https:\/\/www.sendblaster.com\/\",\"name\":\"SendBlaster oprogramowanie do masowej wysy\u0142ki emaili\",\"description\":\"\",\"publisher\":{\"@id\":\"https:\/\/www.sendblaster.com\/#organization\"},\"potentialAction\":[{\"@type\":\"SearchAction\",\"target\":{\"@type\":\"EntryPoint\",\"urlTemplate\":\"https:\/\/www.sendblaster.com\/?s={search_term_string}\"},\"query-input\":{\"@type\":\"PropertyValueSpecification\",\"valueRequired\":true,\"valueName\":\"search_term_string\"}}],\"inLanguage\":\"pl-PL\"},{\"@type\":\"Organization\",\"@id\":\"https:\/\/www.sendblaster.com\/#organization\",\"name\":\"SendBlaster oprogramowanie do masowej wysy\u0142ki emaili\",\"url\":\"https:\/\/www.sendblaster.com\/\",\"logo\":{\"@type\":\"ImageObject\",\"inLanguage\":\"pl-PL\",\"@id\":\"https:\/\/www.sendblaster.com\/#\/schema\/logo\/image\/\",\"url\":\"https:\/\/www.sendblaster.com\/wp-content\/uploads\/2021\/09\/logo-svg-2021.svg\",\"contentUrl\":\"https:\/\/www.sendblaster.com\/wp-content\/uploads\/2021\/09\/logo-svg-2021.svg\",\"width\":350,\"height\":70,\"caption\":\"SendBlaster oprogramowanie do masowej wysy\u0142ki emaili\"},\"image\":{\"@id\":\"https:\/\/www.sendblaster.com\/#\/schema\/logo\/image\/\"}}]}<\/script>\n<!-- \/ Yoast SEO plugin. -->","yoast_head_json":{"title":"Wy\u015blij masowe emaile: twoja kampania marketingowa w kilka minut - SendBlaster oprogramowanie do masowej wysy\u0142ki emaili","description":"SendBlaster oprogramowanie do masowej wysy\u0142ki emaili Wy\u015blij masowe emaile: twoja kampania marketingowa w kilka minut SendBlaster is a free bulk email software, a mass email marketing program and a bulk emailing sender. In today's Internet marketing strategies, being on","robots":{"index":"index","follow":"follow","max-snippet":"max-snippet:-1","max-image-preview":"max-image-preview:large","max-video-preview":"max-video-preview:-1"},"canonical":"https:\/\/www.sendblaster.com\/pl\/wyslij-masowe-emaile-twoja-kampania-marketingowa-w-kilka-minut\/","og_locale":"pl_PL","og_type":"article","og_title":"Wy\u015blij masowe emaile: twoja kampania marketingowa w kilka minut - SendBlaster oprogramowanie do masowej wysy\u0142ki emaili","og_description":"SendBlaster oprogramowanie do masowej wysy\u0142ki emaili Wy\u015blij masowe emaile: twoja kampania marketingowa w kilka minut SendBlaster is a free bulk email software, a mass email marketing program and a bulk emailing sender. In today's Internet marketing strategies, being on","og_url":"https:\/\/www.sendblaster.com\/pl\/wyslij-masowe-emaile-twoja-kampania-marketingowa-w-kilka-minut\/","og_site_name":"SendBlaster oprogramowanie do masowej wysy\u0142ki emaili","article_modified_time":"2018-05-24T12:42:56+00:00","og_image":[{"url":"https:\/\/www.sendblaster.com\/wp-content\/uploads\/2018\/03\/your-email-marketing-campaign-in-minutes.png"}],"twitter_card":"summary_large_image","twitter_misc":{"Szacowany czas czytania":"1 minuta"},"schema":{"@context":"https:\/\/schema.org","@graph":[{"@type":"WebPage","@id":"https:\/\/www.sendblaster.com\/pl\/wyslij-masowe-emaile-twoja-kampania-marketingowa-w-kilka-minut\/","url":"https:\/\/www.sendblaster.com\/pl\/wyslij-masowe-emaile-twoja-kampania-marketingowa-w-kilka-minut\/","name":"Wy\u015blij masowe emaile: twoja kampania marketingowa w kilka minut - SendBlaster oprogramowanie do masowej wysy\u0142ki emaili","isPartOf":{"@id":"https:\/\/www.sendblaster.com\/#website"},"primaryImageOfPage":{"@id":"https:\/\/www.sendblaster.com\/pl\/wyslij-masowe-emaile-twoja-kampania-marketingowa-w-kilka-minut\/#primaryimage"},"image":{"@id":"https:\/\/www.sendblaster.com\/pl\/wyslij-masowe-emaile-twoja-kampania-marketingowa-w-kilka-minut\/#primaryimage"},"thumbnailUrl":"https:\/\/www.sendblaster.com\/wp-content\/uploads\/2018\/03\/your-email-marketing-campaign-in-minutes.png","datePublished":"2018-05-24T07:15:23+00:00","dateModified":"2018-05-24T12:42:56+00:00","description":"SendBlaster oprogramowanie do masowej wysy\u0142ki emaili Wy\u015blij masowe emaile: twoja kampania marketingowa w kilka minut SendBlaster is a free bulk email software, a mass email marketing program and a bulk emailing sender. In today's Internet marketing strategies, being on","breadcrumb":{"@id":"https:\/\/www.sendblaster.com\/pl\/wyslij-masowe-emaile-twoja-kampania-marketingowa-w-kilka-minut\/#breadcrumb"},"inLanguage":"pl-PL","potentialAction":[{"@type":"ReadAction","target":["https:\/\/www.sendblaster.com\/pl\/wyslij-masowe-emaile-twoja-kampania-marketingowa-w-kilka-minut\/"]}]},{"@type":"ImageObject","inLanguage":"pl-PL","@id":"https:\/\/www.sendblaster.com\/pl\/wyslij-masowe-emaile-twoja-kampania-marketingowa-w-kilka-minut\/#primaryimage","url":"https:\/\/www.sendblaster.com\/wp-content\/uploads\/2018\/03\/your-email-marketing-campaign-in-minutes.png","contentUrl":"https:\/\/www.sendblaster.com\/wp-content\/uploads\/2018\/03\/your-email-marketing-campaign-in-minutes.png"},{"@type":"BreadcrumbList","@id":"https:\/\/www.sendblaster.com\/pl\/wyslij-masowe-emaile-twoja-kampania-marketingowa-w-kilka-minut\/#breadcrumb","itemListElement":[{"@type":"ListItem","position":1,"name":"Home","item":"https:\/\/www.sendblaster.com\/pl\/"},{"@type":"ListItem","position":2,"name":"Wy\u015blij masowe emaile: twoja kampania marketingowa w kilka minut"}]},{"@type":"WebSite","@id":"https:\/\/www.sendblaster.com\/#website","url":"https:\/\/www.sendblaster.com\/","name":"SendBlaster oprogramowanie do masowej wysy\u0142ki emaili","description":"","publisher":{"@id":"https:\/\/www.sendblaster.com\/#organization"},"potentialAction":[{"@type":"SearchAction","target":{"@type":"EntryPoint","urlTemplate":"https:\/\/www.sendblaster.com\/?s={search_term_string}"},"query-input":{"@type":"PropertyValueSpecification","valueRequired":true,"valueName":"search_term_string"}}],"inLanguage":"pl-PL"},{"@type":"Organization","@id":"https:\/\/www.sendblaster.com\/#organization","name":"SendBlaster oprogramowanie do masowej wysy\u0142ki emaili","url":"https:\/\/www.sendblaster.com\/","logo":{"@type":"ImageObject","inLanguage":"pl-PL","@id":"https:\/\/www.sendblaster.com\/#\/schema\/logo\/image\/","url":"https:\/\/www.sendblaster.com\/wp-content\/uploads\/2021\/09\/logo-svg-2021.svg","contentUrl":"https:\/\/www.sendblaster.com\/wp-content\/uploads\/2021\/09\/logo-svg-2021.svg","width":350,"height":70,"caption":"SendBlaster oprogramowanie do masowej wysy\u0142ki emaili"},"image":{"@id":"https:\/\/www.sendblaster.com\/#\/schema\/logo\/image\/"}}]}},"_links":{"self":[{"href":"https:\/\/www.sendblaster.com\/pl\/wp-json\/wp\/v2\/pages\/2690"}],"collection":[{"href":"https:\/\/www.sendblaster.com\/pl\/wp-json\/wp\/v2\/pages"}],"about":[{"href":"https:\/\/www.sendblaster.com\/pl\/wp-json\/wp\/v2\/types\/page"}],"author":[{"embeddable":true,"href":"https:\/\/www.sendblaster.com\/pl\/wp-json\/wp\/v2\/users\/1"}],"replies":[{"embeddable":true,"href":"https:\/\/www.sendblaster.com\/pl\/wp-json\/wp\/v2\/comments?post=2690"}],"version-history":[{"count":4,"href":"https:\/\/www.sendblaster.com\/pl\/wp-json\/wp\/v2\/pages\/2690\/revisions"}],"predecessor-version":[{"id":2759,"href":"https:\/\/www.sendblaster.com\/pl\/wp-json\/wp\/v2\/pages\/2690\/revisions\/2759"}],"wp:attachment":[{"href":"https:\/\/www.sendblaster.com\/pl\/wp-json\/wp\/v2\/media?parent=2690"}],"curies":[{"name":"wp","href":"https:\/\/api.w.org\/{rel}","templated":true}]}}