{"id":2679,"date":"2018-05-24T07:00:43","date_gmt":"2018-05-24T07:00:43","guid":{"rendered":"https:\/\/www.sendblaster.com\/wpnew-2018\/?page_id=2679"},"modified":"2018-05-24T07:00:43","modified_gmt":"2018-05-24T07:00:43","slug":"tabela-porownawcza-darmowego-oprogramowania-newslettera-i-profesjonalnego-masowego-emailera","status":"publish","type":"page","link":"https:\/\/www.sendblaster.com\/pl\/tabela-porownawcza-darmowego-oprogramowania-newslettera-i-profesjonalnego-masowego-emailera\/","title":{"rendered":"Tabela per\u00f3wnawcza SendBlaster Free vs Pro"},"content":{"rendered":"<table border=\"1\" cellspacing=\"5\" class=\"table-comparative\">\n<tbody>\n<tr>\n<td class=\"grey\"><strong>Mo\u017cliwo\u015bci<\/strong><\/td>\n<td class=\"grey\" style=\"background-color:#15a61c; color:#ffffff; text-align:center;\" width=\"172\"><strong>Darmowa edycja<\/strong><\/td>\n<td class=\"grey\" style=\"background-color:#ff6c00; color:#ffffff; text-align:center;\" width=\"172\"><strong>Edycja PRO<\/strong><\/td>\n<\/tr>\n<tr>\n<td style=\"vertical-align: top;\">&nbsp;<\/td>\n<td style=\"vertical-align: top;\">&nbsp;<\/td>\n<td style=\"vertical-align: top;\">&nbsp;<\/td>\n<\/tr>\n<tr>\n<td>Ilo\u015b\u0107 r\u00f3wnoczesnych po\u0142\u0105cze\u0144<\/td>\n<td align=\"center\"><strong>2<\/strong><\/td>\n<td align=\"center\"><strong>50<\/strong><\/td>\n<\/tr>\n<tr>\n<td class=\"grey\">Maksymalna liczba odbiorc\u00f3w w wysy\u0142ce<\/td>\n<td align=\"center\" class=\"grey\"><strong>100<\/strong><\/td>\n<td align=\"center\" class=\"grey\"><strong>Nieograniczone<\/strong><\/td>\n<\/tr>\n<tr>\n<td>Ilo\u015b\u0107 list<\/td>\n<td align=\"center\"><strong>2<\/strong><\/td>\n<td align=\"center\"><strong>Nieograniczone<\/strong><\/td>\n<\/tr>\n<tr>\n<td class=\"grey\">Wsparcie za\u0142\u0105cznik\u00f3w<\/td>\n<td align=\"center\" class=\"grey\"><strong>Nie<\/strong><\/td>\n<td align=\"center\" class=\"grey\"><strong>Tak<\/strong><\/td>\n<\/tr>\n<tr>\n<td>Silnik przeszukiwania list<\/td>\n<td align=\"center\"><strong>Nie<\/strong><\/td>\n<td align=\"center\"><strong>Tak<\/strong><\/td>\n<\/tr>\n<tr>\n<td class=\"grey\">Eksport list do plik\u00f3w csv<\/td>\n<td align=\"center\" class=\"grey\"><strong>Nie<\/strong><\/td>\n<td align=\"center\" class=\"grey\"><strong>Tak<\/strong><\/td>\n<\/tr>\n<tr>\n<td>Zabezpieczenie has\u0142em<\/td>\n<td align=\"center\"><strong>Nie<\/strong><\/td>\n<td align=\"center\"><strong>Tak<\/strong><\/td>\n<\/tr>\n<tr>\n<td class=\"grey\">Domeny  blacklist<\/td>\n<td align=\"center\" class=\"grey\"><strong>Nie<\/strong><\/td>\n<td align=\"center\" class=\"grey\"><strong>Tak<\/strong><\/td>\n<\/tr>\n<tr>\n<td>Email blacklist<\/td>\n<td align=\"center\"><strong>Tak<\/strong><\/td>\n<td align=\"center\"><strong>Tak<\/strong><\/td>\n<\/tr>\n<tr>\n<td class=\"grey\">Przetwarzanie Bounced mails<\/td>\n<td align=\"center\" class=\"grey\"><strong>Tak<\/strong><\/td>\n<td align=\"center\" class=\"grey\"><strong>Tak<\/strong><\/td>\n<\/tr>\n<tr>\n<td>Eksport niedost\u0119pnych adres\u00f3w w po wysy\u0142ce<\/td>\n<td align=\"center\"><strong>Tak<\/strong><\/td>\n<td align=\"center\"><strong>Tak<\/strong><\/td>\n<\/tr>\n<tr>\n<td class=\"grey\">Wysy\u0142ka przez wbudowany serwer  SMTP<\/td>\n<td align=\"center\" class=\"grey\"><strong>Tak<\/strong><\/td>\n<td align=\"center\" class=\"grey\"><strong>Tak<\/strong><\/td>\n<\/tr>\n<tr>\n<td>Wysy\u0142anie email przez ISP<\/td>\n<td align=\"center\"><strong>Tak<\/strong><\/td>\n<td align=\"center\"><strong>Tak<\/strong><\/td>\n<\/tr>\n<tr>\n<td class=\"grey\">Nie wysy\u0142aj zduplikowanych emaili<\/td>\n<td align=\"center\" class=\"grey\"><strong>Tak<\/strong><\/td>\n<td align=\"center\" class=\"grey\"><strong>Tak<\/strong><\/td>\n<\/tr>\n<tr>\n<td style=\"vertical-align: top;\">Nowe wzorce por\u00f3wnane do wersji 1<\/td>\n<td style=\"vertical-align: top;\" class=\"rtecenter\"><strong>50<\/strong><\/td>\n<td style=\"vertical-align: top;\" class=\"rtecenter\"><strong>100<\/strong><\/td>\n<\/tr>\n<tr>\n<td>Tw\u00f3rz i zapisuj w\u0142asne wzorce<\/td>\n<td align=\"center\"><strong>Tak<\/strong><\/td>\n<td align=\"center\"><strong>Tak<\/strong><\/td>\n<\/tr>\n<tr>\n<td class=\"grey\">Set CHARSET for Multi Language messages<\/td>\n<td align=\"center\" class=\"grey\"><strong>Tak<\/strong><\/td>\n<td align=\"center\" class=\"grey\"><strong>Tak<\/strong><\/td>\n<\/tr>\n<tr>\n<td>Ustawianie CHARSET dla wielo j\u0119zykowych wiadomo\u015bci<\/td>\n<td align=\"center\"><strong>Tak<\/strong><\/td>\n<td align=\"center\"><strong>Tak<\/strong><\/td>\n<\/tr>\n<tr>\n<td class=\"grey\">Import wiadomo\u015bci z plik\u00f3w EML<\/td>\n<td align=\"center\" class=\"grey\"><strong>Tak<\/strong><\/td>\n<td align=\"center\" class=\"grey\"><strong>Tak<\/strong><\/td>\n<\/tr>\n<tr>\n<td>Import wiadomo\u015bci z plik\u00f3w HTML<\/td>\n<td align=\"center\"><strong>Tak<\/strong><\/td>\n<td align=\"center\"><strong>Tak<\/strong><\/td>\n<\/tr>\n<tr>\n<td class=\"grey\">Wiele po\u0142\u0105cze\u0144 (Wysy\u0142anie wielu wiadomo\u015bci w tym samym momencie)<\/td>\n<td align=\"center\" class=\"grey\"><strong>Tak<\/strong><\/td>\n<td align=\"center\" class=\"grey\"><strong>Tak<\/strong><\/td>\n<\/tr>\n<tr>\n<td>Integracja z listami wysy\u0142kowymi na stronie<\/td>\n<td align=\"center\"><strong>Tak<\/strong><\/td>\n<td align=\"center\"><strong>Tak<\/strong><\/td>\n<\/tr>\n<tr>\n<td class=\"grey\">Import list wysy\u0142kowych z plik\u00f3w testowych \/ csv<\/td>\n<td align=\"center\" class=\"grey\"><strong>Tak<\/strong><\/td>\n<td align=\"center\" class=\"grey\"><strong>Tak<\/strong><\/td>\n<\/tr>\n<tr>\n<td>Import list z Outlook Express<\/td>\n<td align=\"center\"><strong>Tak<\/strong><\/td>\n<td align=\"center\"><strong>Tak<\/strong><\/td>\n<\/tr>\n<tr>\n<td class=\"grey\">Import list wysy\u0142kowych ze strony http:\/\/<\/td>\n<td align=\"center\" class=\"grey\"><strong>Tak<\/strong><\/td>\n<td align=\"center\" class=\"grey\"><strong>Tak<\/strong><\/td>\n<\/tr>\n<tr>\n<td>Import list ze schowka<\/td>\n<td align=\"center\"><strong>Tak<\/strong><\/td>\n<td align=\"center\"><strong>Tak<\/strong><\/td>\n<\/tr>\n<tr>\n<td class=\"grey\">Zaawansowane filtrowanie list<\/td>\n<td align=\"center\" class=\"grey\"><strong>Tak<\/strong><\/td>\n<td align=\"center\" class=\"grey\"><strong>Tak<\/strong><\/td>\n<\/tr>\n<tr>\n<td>Personalizowane pola w bazie danych<\/td>\n<td align=\"center\"><strong>Tak<\/strong><\/td>\n<td align=\"center\"><strong>Tak<\/strong><\/td>\n<\/tr>\n<tr>\n<td class=\"grey\">Merger emaili (tworzenie wiadomo\u015bci osobistych dla ka\u017cdego odbiorcy)<\/td>\n<td align=\"center\" class=\"grey\"><strong>Tak<\/strong><\/td>\n<td align=\"center\" class=\"grey\"><strong>Tak<\/strong><\/td>\n<\/tr>\n<tr>\n<td>Edycja listy wysy\u0142kowej<\/td>\n<td align=\"center\"><strong>Tak<\/strong><\/td>\n<td align=\"center\"><strong>Tak<\/strong><\/td>\n<\/tr>\n<tr>\n<td class=\"grey\">R\u00f3\u017cne konta pop3 dla ka\u017cdej z list<\/td>\n<td align=\"center\" class=\"grey\"><strong>Tak<\/strong><\/td>\n<td align=\"center\" class=\"grey\"><strong>Tak<\/strong><\/td>\n<\/tr>\n<tr>\n<td>Subscribe\/Unsubscribe przez E-mail lub formularz www<\/td>\n<td align=\"center\"><strong>Tak<\/strong><\/td>\n<td align=\"center\"><strong>Tak<\/strong><\/td>\n<\/tr>\n<tr>\n<td class=\"grey\">Zapami\u0119tywanie wszystkich p\u00f3l z formularzy na stronie<\/td>\n<td align=\"center\" class=\"grey\"><strong>Tak<\/strong><\/td>\n<td align=\"center\" class=\"grey\"><strong>Tak<\/strong><\/td>\n<\/tr>\n<tr>\n<td>Drukowanie list z podgl\u0105dem wydruku<\/td>\n<td align=\"center\"><strong>Tak<\/strong><\/td>\n<td align=\"center\"><strong>Tak<\/strong><\/td>\n<\/tr>\n<tr>\n<td class=\"grey\">Tworzenie kodu HTML na stron\u0119 www do Subscribe\/Unsubscribe<\/td>\n<td align=\"center\" class=\"grey\"><strong>Tak<\/strong><\/td>\n<td align=\"center\" class=\"grey\"><strong>Tak<\/strong><\/td>\n<\/tr>\n<tr>\n<td>Wiadomo\u015b\u0107 zar\u00f3wno z HTML oraz Tekstem  i\/lub zamiast TXT<\/td>\n<td align=\"center\"><strong>Tak<\/strong><\/td>\n<td align=\"center\"><strong>Tak<\/strong><\/td>\n<\/tr>\n<tr>\n<td class=\"grey\">Edytor WYSYWYG HTML<\/td>\n<td align=\"center\" class=\"grey\"><strong>Tak<\/strong><\/td>\n<td align=\"center\" class=\"grey\"><strong>Tak<\/strong><\/td>\n<\/tr>\n<tr>\n<td>Mo\u017ce wys\u0142a\u0107 wiadomo\u015bci multi-part HTML z wbudowanymi obrazkami<\/td>\n<td align=\"center\"><strong>Tak<\/strong><\/td>\n<td align=\"center\"><strong>Tak<\/strong><\/td>\n<\/tr>\n<tr>\n<td class=\"grey\">Nielimitowane projekty wysy\u0142ek<\/td>\n<td align=\"center\" class=\"grey\"><strong>Tak<\/strong><\/td>\n<td align=\"center\" class=\"grey\"><strong>Tak<\/strong><\/td>\n<\/tr>\n<tr>\n<td>Pobieraj text z HTML do wiadomo\u015bci tekstowych<\/td>\n<td align=\"center\"><strong>Tak<\/strong><\/td>\n<td align=\"center\"><strong>Tak<\/strong><\/td>\n<\/tr>\n<tr>\n<td class=\"grey\"><strong>WSPARCIE TECHNICZNE E-MAIL<\/strong><\/td>\n<td align=\"center\" class=\"grey\"><strong>Nie<\/strong><\/td>\n<td align=\"center\" class=\"grey\"><strong>Tak<\/strong><\/td>\n<\/tr>\n<tr>\n<td>&nbsp;<\/td>\n<td align=\"center\">&nbsp;<\/td>\n<td align=\"center\">&nbsp;<\/td>\n<\/tr>\n<tr>\n<td align=\"right\" class=\"grey\"><strong><em>Price <\/em><\/strong><\/td>\n<td align=\"center\" class=\"grey\"><strong>Darmowe<\/strong><\/td>\n<td align=\"center\" class=\"grey\"><strong>85,00 \u20ac <\/strong><\/td>\n<\/tr>\n<tr>\n<td align=\"right\">&nbsp;<\/td>\n<td style=\"text-align: center;\"><a href=\"https:\/\/www.sendblaster.com\/pl\/pobieranie\/\" title=\"Pobierz za darmo\" class=\"download-cta table-cta\">Pobierz za darmo<\/a><\/td>\n<td style=\"text-align: center;\"><a href=\"https:\/\/www.sendblaster.com\/pl\/kup\/\" title=\"Kup SendBlaster Pro\" class=\"buy-cta table-cta\">Kup SendBlaster Pro<\/a><\/td>\n<\/tr>\n<\/tbody>\n<\/table>\n","protected":false},"excerpt":{"rendered":"<p>Mo\u017cliwo\u015bci Darmowa edycja Edycja PRO &nbsp; &nbsp; &nbsp; Ilo\u015b\u0107 r\u00f3wnoczesnych po\u0142\u0105cze\u0144 2 50 Maksymalna liczba odbiorc\u00f3w w wysy\u0142ce 100 Nieograniczone Ilo\u015b\u0107 list 2 Nieograniczone Wsparcie za\u0142\u0105cznik\u00f3w Nie Tak Silnik przeszukiwania list Nie Tak Eksport list do plik\u00f3w csv Nie Tak <\/p>\n<p class=\"read-more-container\"><a class=\"button read-more\" href=\"https:\/\/www.sendblaster.com\/pl\/tabela-porownawcza-darmowego-oprogramowania-newslettera-i-profesjonalnego-masowego-emailera\/\" title=\"\">Kontynuuj czytanie<\/a><\/p>\n","protected":false},"author":1,"featured_media":0,"parent":0,"menu_order":0,"comment_status":"closed","ping_status":"closed","template":"","meta":{"_monsterinsights_skip_tracking":false,"_monsterinsights_sitenote_active":false,"_monsterinsights_sitenote_note":"","_monsterinsights_sitenote_category":0,"footnotes":""},"class_list":["post-2679","page","type-page","status-publish"],"yoast_head":"<!-- This site is optimized with the Yoast SEO plugin v23.5 - https:\/\/yoast.com\/wordpress\/plugins\/seo\/ -->\n<title>Tabela per\u00f3wnawcza SendBlaster Free vs Pro - SendBlaster oprogramowanie do masowej wysy\u0142ki emaili<\/title>\n<meta name=\"description\" content=\"SendBlaster oprogramowanie do masowej wysy\u0142ki emaili Tabela per\u00f3wnawcza SendBlaster Free vs Pro Mo\u017cliwo\u015bci Darmowa edycja Edycja PRO &nbsp; &nbsp; &nbsp; Ilo\u015b\u0107 r\u00f3wnoczesnych po\u0142\u0105cze\u0144 2 50 Maksymalna liczba odbiorc\u00f3w w wysy\u0142ce 100 Nieograniczone Ilo\u015b\u0107\" \/>\n<meta name=\"robots\" content=\"index, follow, max-snippet:-1, max-image-preview:large, max-video-preview:-1\" \/>\n<link rel=\"canonical\" href=\"https:\/\/www.sendblaster.com\/pl\/tabela-porownawcza-darmowego-oprogramowania-newslettera-i-profesjonalnego-masowego-emailera\/\" \/>\n<meta property=\"og:locale\" content=\"pl_PL\" \/>\n<meta property=\"og:type\" content=\"article\" \/>\n<meta property=\"og:title\" content=\"Tabela per\u00f3wnawcza SendBlaster Free vs Pro - SendBlaster oprogramowanie do masowej wysy\u0142ki emaili\" \/>\n<meta property=\"og:description\" content=\"SendBlaster oprogramowanie do masowej wysy\u0142ki emaili Tabela per\u00f3wnawcza SendBlaster Free vs Pro Mo\u017cliwo\u015bci Darmowa edycja Edycja PRO &nbsp; &nbsp; &nbsp; Ilo\u015b\u0107 r\u00f3wnoczesnych po\u0142\u0105cze\u0144 2 50 Maksymalna liczba odbiorc\u00f3w w wysy\u0142ce 100 Nieograniczone Ilo\u015b\u0107\" \/>\n<meta property=\"og:url\" content=\"https:\/\/www.sendblaster.com\/pl\/tabela-porownawcza-darmowego-oprogramowania-newslettera-i-profesjonalnego-masowego-emailera\/\" \/>\n<meta property=\"og:site_name\" content=\"SendBlaster oprogramowanie do masowej wysy\u0142ki emaili\" \/>\n<meta name=\"twitter:card\" content=\"summary_large_image\" \/>\n<meta name=\"twitter:label1\" content=\"Szacowany czas czytania\" \/>\n\t<meta name=\"twitter:data1\" content=\"2 minuty\" \/>\n<script type=\"application\/ld+json\" class=\"yoast-schema-graph\">{\"@context\":\"https:\/\/schema.org\",\"@graph\":[{\"@type\":\"WebPage\",\"@id\":\"https:\/\/www.sendblaster.com\/pl\/tabela-porownawcza-darmowego-oprogramowania-newslettera-i-profesjonalnego-masowego-emailera\/\",\"url\":\"https:\/\/www.sendblaster.com\/pl\/tabela-porownawcza-darmowego-oprogramowania-newslettera-i-profesjonalnego-masowego-emailera\/\",\"name\":\"Tabela per\u00f3wnawcza SendBlaster Free vs Pro - SendBlaster oprogramowanie do masowej wysy\u0142ki emaili\",\"isPartOf\":{\"@id\":\"https:\/\/www.sendblaster.com\/#website\"},\"datePublished\":\"2018-05-24T07:00:43+00:00\",\"dateModified\":\"2018-05-24T07:00:43+00:00\",\"description\":\"SendBlaster oprogramowanie do masowej wysy\u0142ki emaili Tabela per\u00f3wnawcza SendBlaster Free vs Pro Mo\u017cliwo\u015bci Darmowa edycja Edycja PRO &nbsp; &nbsp; &nbsp; Ilo\u015b\u0107 r\u00f3wnoczesnych po\u0142\u0105cze\u0144 2 50 Maksymalna liczba odbiorc\u00f3w w wysy\u0142ce 100 Nieograniczone Ilo\u015b\u0107\",\"breadcrumb\":{\"@id\":\"https:\/\/www.sendblaster.com\/pl\/tabela-porownawcza-darmowego-oprogramowania-newslettera-i-profesjonalnego-masowego-emailera\/#breadcrumb\"},\"inLanguage\":\"pl-PL\",\"potentialAction\":[{\"@type\":\"ReadAction\",\"target\":[\"https:\/\/www.sendblaster.com\/pl\/tabela-porownawcza-darmowego-oprogramowania-newslettera-i-profesjonalnego-masowego-emailera\/\"]}]},{\"@type\":\"BreadcrumbList\",\"@id\":\"https:\/\/www.sendblaster.com\/pl\/tabela-porownawcza-darmowego-oprogramowania-newslettera-i-profesjonalnego-masowego-emailera\/#breadcrumb\",\"itemListElement\":[{\"@type\":\"ListItem\",\"position\":1,\"name\":\"Home\",\"item\":\"https:\/\/www.sendblaster.com\/pl\/\"},{\"@type\":\"ListItem\",\"position\":2,\"name\":\"Tabela per\u00f3wnawcza SendBlaster Free vs Pro\"}]},{\"@type\":\"WebSite\",\"@id\":\"https:\/\/www.sendblaster.com\/#website\",\"url\":\"https:\/\/www.sendblaster.com\/\",\"name\":\"SendBlaster oprogramowanie do masowej wysy\u0142ki emaili\",\"description\":\"\",\"publisher\":{\"@id\":\"https:\/\/www.sendblaster.com\/#organization\"},\"potentialAction\":[{\"@type\":\"SearchAction\",\"target\":{\"@type\":\"EntryPoint\",\"urlTemplate\":\"https:\/\/www.sendblaster.com\/?s={search_term_string}\"},\"query-input\":{\"@type\":\"PropertyValueSpecification\",\"valueRequired\":true,\"valueName\":\"search_term_string\"}}],\"inLanguage\":\"pl-PL\"},{\"@type\":\"Organization\",\"@id\":\"https:\/\/www.sendblaster.com\/#organization\",\"name\":\"SendBlaster oprogramowanie do masowej wysy\u0142ki emaili\",\"url\":\"https:\/\/www.sendblaster.com\/\",\"logo\":{\"@type\":\"ImageObject\",\"inLanguage\":\"pl-PL\",\"@id\":\"https:\/\/www.sendblaster.com\/#\/schema\/logo\/image\/\",\"url\":\"https:\/\/www.sendblaster.com\/wp-content\/uploads\/2021\/09\/logo-svg-2021.svg\",\"contentUrl\":\"https:\/\/www.sendblaster.com\/wp-content\/uploads\/2021\/09\/logo-svg-2021.svg\",\"width\":350,\"height\":70,\"caption\":\"SendBlaster oprogramowanie do masowej wysy\u0142ki emaili\"},\"image\":{\"@id\":\"https:\/\/www.sendblaster.com\/#\/schema\/logo\/image\/\"}}]}<\/script>\n<!-- \/ Yoast SEO plugin. -->","yoast_head_json":{"title":"Tabela per\u00f3wnawcza SendBlaster Free vs Pro - SendBlaster oprogramowanie do masowej wysy\u0142ki emaili","description":"SendBlaster oprogramowanie do masowej wysy\u0142ki emaili Tabela per\u00f3wnawcza SendBlaster Free vs Pro Mo\u017cliwo\u015bci Darmowa edycja Edycja PRO &nbsp; &nbsp; &nbsp; Ilo\u015b\u0107 r\u00f3wnoczesnych po\u0142\u0105cze\u0144 2 50 Maksymalna liczba odbiorc\u00f3w w wysy\u0142ce 100 Nieograniczone Ilo\u015b\u0107","robots":{"index":"index","follow":"follow","max-snippet":"max-snippet:-1","max-image-preview":"max-image-preview:large","max-video-preview":"max-video-preview:-1"},"canonical":"https:\/\/www.sendblaster.com\/pl\/tabela-porownawcza-darmowego-oprogramowania-newslettera-i-profesjonalnego-masowego-emailera\/","og_locale":"pl_PL","og_type":"article","og_title":"Tabela per\u00f3wnawcza SendBlaster Free vs Pro - SendBlaster oprogramowanie do masowej wysy\u0142ki emaili","og_description":"SendBlaster oprogramowanie do masowej wysy\u0142ki emaili Tabela per\u00f3wnawcza SendBlaster Free vs Pro Mo\u017cliwo\u015bci Darmowa edycja Edycja PRO &nbsp; &nbsp; &nbsp; Ilo\u015b\u0107 r\u00f3wnoczesnych po\u0142\u0105cze\u0144 2 50 Maksymalna liczba odbiorc\u00f3w w wysy\u0142ce 100 Nieograniczone Ilo\u015b\u0107","og_url":"https:\/\/www.sendblaster.com\/pl\/tabela-porownawcza-darmowego-oprogramowania-newslettera-i-profesjonalnego-masowego-emailera\/","og_site_name":"SendBlaster oprogramowanie do masowej wysy\u0142ki emaili","twitter_card":"summary_large_image","twitter_misc":{"Szacowany czas czytania":"2 minuty"},"schema":{"@context":"https:\/\/schema.org","@graph":[{"@type":"WebPage","@id":"https:\/\/www.sendblaster.com\/pl\/tabela-porownawcza-darmowego-oprogramowania-newslettera-i-profesjonalnego-masowego-emailera\/","url":"https:\/\/www.sendblaster.com\/pl\/tabela-porownawcza-darmowego-oprogramowania-newslettera-i-profesjonalnego-masowego-emailera\/","name":"Tabela per\u00f3wnawcza SendBlaster Free vs Pro - SendBlaster oprogramowanie do masowej wysy\u0142ki emaili","isPartOf":{"@id":"https:\/\/www.sendblaster.com\/#website"},"datePublished":"2018-05-24T07:00:43+00:00","dateModified":"2018-05-24T07:00:43+00:00","description":"SendBlaster oprogramowanie do masowej wysy\u0142ki emaili Tabela per\u00f3wnawcza SendBlaster Free vs Pro Mo\u017cliwo\u015bci Darmowa edycja Edycja PRO &nbsp; &nbsp; &nbsp; Ilo\u015b\u0107 r\u00f3wnoczesnych po\u0142\u0105cze\u0144 2 50 Maksymalna liczba odbiorc\u00f3w w wysy\u0142ce 100 Nieograniczone Ilo\u015b\u0107","breadcrumb":{"@id":"https:\/\/www.sendblaster.com\/pl\/tabela-porownawcza-darmowego-oprogramowania-newslettera-i-profesjonalnego-masowego-emailera\/#breadcrumb"},"inLanguage":"pl-PL","potentialAction":[{"@type":"ReadAction","target":["https:\/\/www.sendblaster.com\/pl\/tabela-porownawcza-darmowego-oprogramowania-newslettera-i-profesjonalnego-masowego-emailera\/"]}]},{"@type":"BreadcrumbList","@id":"https:\/\/www.sendblaster.com\/pl\/tabela-porownawcza-darmowego-oprogramowania-newslettera-i-profesjonalnego-masowego-emailera\/#breadcrumb","itemListElement":[{"@type":"ListItem","position":1,"name":"Home","item":"https:\/\/www.sendblaster.com\/pl\/"},{"@type":"ListItem","position":2,"name":"Tabela per\u00f3wnawcza SendBlaster Free vs Pro"}]},{"@type":"WebSite","@id":"https:\/\/www.sendblaster.com\/#website","url":"https:\/\/www.sendblaster.com\/","name":"SendBlaster oprogramowanie do masowej wysy\u0142ki emaili","description":"","publisher":{"@id":"https:\/\/www.sendblaster.com\/#organization"},"potentialAction":[{"@type":"SearchAction","target":{"@type":"EntryPoint","urlTemplate":"https:\/\/www.sendblaster.com\/?s={search_term_string}"},"query-input":{"@type":"PropertyValueSpecification","valueRequired":true,"valueName":"search_term_string"}}],"inLanguage":"pl-PL"},{"@type":"Organization","@id":"https:\/\/www.sendblaster.com\/#organization","name":"SendBlaster oprogramowanie do masowej wysy\u0142ki emaili","url":"https:\/\/www.sendblaster.com\/","logo":{"@type":"ImageObject","inLanguage":"pl-PL","@id":"https:\/\/www.sendblaster.com\/#\/schema\/logo\/image\/","url":"https:\/\/www.sendblaster.com\/wp-content\/uploads\/2021\/09\/logo-svg-2021.svg","contentUrl":"https:\/\/www.sendblaster.com\/wp-content\/uploads\/2021\/09\/logo-svg-2021.svg","width":350,"height":70,"caption":"SendBlaster oprogramowanie do masowej wysy\u0142ki emaili"},"image":{"@id":"https:\/\/www.sendblaster.com\/#\/schema\/logo\/image\/"}}]}},"_links":{"self":[{"href":"https:\/\/www.sendblaster.com\/pl\/wp-json\/wp\/v2\/pages\/2679"}],"collection":[{"href":"https:\/\/www.sendblaster.com\/pl\/wp-json\/wp\/v2\/pages"}],"about":[{"href":"https:\/\/www.sendblaster.com\/pl\/wp-json\/wp\/v2\/types\/page"}],"author":[{"embeddable":true,"href":"https:\/\/www.sendblaster.com\/pl\/wp-json\/wp\/v2\/users\/1"}],"replies":[{"embeddable":true,"href":"https:\/\/www.sendblaster.com\/pl\/wp-json\/wp\/v2\/comments?post=2679"}],"version-history":[{"count":2,"href":"https:\/\/www.sendblaster.com\/pl\/wp-json\/wp\/v2\/pages\/2679\/revisions"}],"predecessor-version":[{"id":2681,"href":"https:\/\/www.sendblaster.com\/pl\/wp-json\/wp\/v2\/pages\/2679\/revisions\/2681"}],"wp:attachment":[{"href":"https:\/\/www.sendblaster.com\/pl\/wp-json\/wp\/v2\/media?parent=2679"}],"curies":[{"name":"wp","href":"https:\/\/api.w.org\/{rel}","templated":true}]}}