{"id":2675,"date":"2018-05-24T06:40:12","date_gmt":"2018-05-24T06:40:12","guid":{"rendered":"https:\/\/www.sendblaster.com\/wpnew-2018\/?page_id=2675"},"modified":"2021-03-31T16:01:52","modified_gmt":"2021-03-31T16:01:52","slug":"dystrybutorzy","status":"publish","type":"page","link":"https:\/\/www.sendblaster.com\/pl\/dystrybutorzy\/","title":{"rendered":"Dystrybutorzy"},"content":{"rendered":"<p>Dystrybutorzy mog\u0105 skorzysta\u0107 z rabat\u00f3w przy licencjach grupowych na oprogramowanie wysy\u0142ania email: zakup tylko 2 kopii daje rabat.<br \/>\nRabaty bazuj\u0105 na ilo\u015bci na zam\u00f3wieniu, kliknij poni\u017cej aby pozna\u0107 ceny licencji zbiorczych.<\/p>\n<p style=\"text-align: center;\"><a href=\"https:\/\/www.sendblaster.com\/newshop\/?lang=pl&#038;multilicense=true&#038;products=S4ML02\" title=\"Zobacz ceny licencji zbiorczych\" class=\"reseller-cta-big\">Zobacz ceny licencji zbiorczych<br \/><small>Kupuj\u0105c tylko 2 egzemplarze otrzymasz zni\u017ck\u0119<\/small><\/a><\/p>\n","protected":false},"excerpt":{"rendered":"<p>Dystrybutorzy mog\u0105 skorzysta\u0107 z rabat\u00f3w przy licencjach grupowych na oprogramowanie wysy\u0142ania email: zakup tylko 2 kopii daje rabat. Rabaty bazuj\u0105 na ilo\u015bci na zam\u00f3wieniu, kliknij poni\u017cej aby pozna\u0107 ceny licencji zbiorczych. Zobacz ceny licencji zbiorczychKupuj\u0105c tylko 2 egzemplarze otrzymasz zni\u017ck\u0119 <\/p>\n<p class=\"read-more-container\"><a class=\"button read-more\" href=\"https:\/\/www.sendblaster.com\/pl\/dystrybutorzy\/\" title=\"\">Kontynuuj czytanie<\/a><\/p>\n","protected":false},"author":1,"featured_media":0,"parent":0,"menu_order":0,"comment_status":"closed","ping_status":"closed","template":"","meta":{"_monsterinsights_skip_tracking":false,"_monsterinsights_sitenote_active":false,"_monsterinsights_sitenote_note":"","_monsterinsights_sitenote_category":0,"footnotes":""},"class_list":["post-2675","page","type-page","status-publish"],"yoast_head":"<!-- This site is optimized with the Yoast SEO plugin v23.5 - https:\/\/yoast.com\/wordpress\/plugins\/seo\/ -->\n<title>Dystrybutorzy - SendBlaster oprogramowanie do masowej wysy\u0142ki emaili<\/title>\n<meta name=\"description\" content=\"SendBlaster oprogramowanie do masowej wysy\u0142ki emaili Dystrybutorzy Dystrybutorzy mog\u0105 skorzysta\u0107 z rabat\u00f3w przy licencjach grupowych na oprogramowanie wysy\u0142ania email: zakup tylko 2 kopii daje rabat. Rabaty bazuj\u0105 na\" \/>\n<meta name=\"robots\" content=\"index, follow, max-snippet:-1, max-image-preview:large, max-video-preview:-1\" \/>\n<link rel=\"canonical\" href=\"https:\/\/www.sendblaster.com\/pl\/dystrybutorzy\/\" \/>\n<meta property=\"og:locale\" content=\"pl_PL\" \/>\n<meta property=\"og:type\" content=\"article\" \/>\n<meta property=\"og:title\" content=\"Dystrybutorzy - SendBlaster oprogramowanie do masowej wysy\u0142ki emaili\" \/>\n<meta property=\"og:description\" content=\"SendBlaster oprogramowanie do masowej wysy\u0142ki emaili Dystrybutorzy Dystrybutorzy mog\u0105 skorzysta\u0107 z rabat\u00f3w przy licencjach grupowych na oprogramowanie wysy\u0142ania email: zakup tylko 2 kopii daje rabat. Rabaty bazuj\u0105 na\" \/>\n<meta property=\"og:url\" content=\"https:\/\/www.sendblaster.com\/pl\/dystrybutorzy\/\" \/>\n<meta property=\"og:site_name\" content=\"SendBlaster oprogramowanie do masowej wysy\u0142ki emaili\" \/>\n<meta property=\"article:modified_time\" content=\"2021-03-31T16:01:52+00:00\" \/>\n<meta name=\"twitter:card\" content=\"summary_large_image\" \/>\n<script type=\"application\/ld+json\" class=\"yoast-schema-graph\">{\"@context\":\"https:\/\/schema.org\",\"@graph\":[{\"@type\":\"WebPage\",\"@id\":\"https:\/\/www.sendblaster.com\/pl\/dystrybutorzy\/\",\"url\":\"https:\/\/www.sendblaster.com\/pl\/dystrybutorzy\/\",\"name\":\"Dystrybutorzy - SendBlaster oprogramowanie do masowej wysy\u0142ki emaili\",\"isPartOf\":{\"@id\":\"https:\/\/www.sendblaster.com\/#website\"},\"datePublished\":\"2018-05-24T06:40:12+00:00\",\"dateModified\":\"2021-03-31T16:01:52+00:00\",\"description\":\"SendBlaster oprogramowanie do masowej wysy\u0142ki emaili Dystrybutorzy Dystrybutorzy mog\u0105 skorzysta\u0107 z rabat\u00f3w przy licencjach grupowych na oprogramowanie wysy\u0142ania email: zakup tylko 2 kopii daje rabat. Rabaty bazuj\u0105 na\",\"breadcrumb\":{\"@id\":\"https:\/\/www.sendblaster.com\/pl\/dystrybutorzy\/#breadcrumb\"},\"inLanguage\":\"pl-PL\",\"potentialAction\":[{\"@type\":\"ReadAction\",\"target\":[\"https:\/\/www.sendblaster.com\/pl\/dystrybutorzy\/\"]}]},{\"@type\":\"BreadcrumbList\",\"@id\":\"https:\/\/www.sendblaster.com\/pl\/dystrybutorzy\/#breadcrumb\",\"itemListElement\":[{\"@type\":\"ListItem\",\"position\":1,\"name\":\"Home\",\"item\":\"https:\/\/www.sendblaster.com\/pl\/\"},{\"@type\":\"ListItem\",\"position\":2,\"name\":\"Dystrybutorzy\"}]},{\"@type\":\"WebSite\",\"@id\":\"https:\/\/www.sendblaster.com\/#website\",\"url\":\"https:\/\/www.sendblaster.com\/\",\"name\":\"SendBlaster oprogramowanie do masowej wysy\u0142ki emaili\",\"description\":\"\",\"publisher\":{\"@id\":\"https:\/\/www.sendblaster.com\/#organization\"},\"potentialAction\":[{\"@type\":\"SearchAction\",\"target\":{\"@type\":\"EntryPoint\",\"urlTemplate\":\"https:\/\/www.sendblaster.com\/?s={search_term_string}\"},\"query-input\":{\"@type\":\"PropertyValueSpecification\",\"valueRequired\":true,\"valueName\":\"search_term_string\"}}],\"inLanguage\":\"pl-PL\"},{\"@type\":\"Organization\",\"@id\":\"https:\/\/www.sendblaster.com\/#organization\",\"name\":\"SendBlaster oprogramowanie do masowej wysy\u0142ki emaili\",\"url\":\"https:\/\/www.sendblaster.com\/\",\"logo\":{\"@type\":\"ImageObject\",\"inLanguage\":\"pl-PL\",\"@id\":\"https:\/\/www.sendblaster.com\/#\/schema\/logo\/image\/\",\"url\":\"https:\/\/www.sendblaster.com\/wp-content\/uploads\/2021\/09\/logo-svg-2021.svg\",\"contentUrl\":\"https:\/\/www.sendblaster.com\/wp-content\/uploads\/2021\/09\/logo-svg-2021.svg\",\"width\":350,\"height\":70,\"caption\":\"SendBlaster oprogramowanie do masowej wysy\u0142ki emaili\"},\"image\":{\"@id\":\"https:\/\/www.sendblaster.com\/#\/schema\/logo\/image\/\"}}]}<\/script>\n<!-- \/ Yoast SEO plugin. -->","yoast_head_json":{"title":"Dystrybutorzy - SendBlaster oprogramowanie do masowej wysy\u0142ki emaili","description":"SendBlaster oprogramowanie do masowej wysy\u0142ki emaili Dystrybutorzy Dystrybutorzy mog\u0105 skorzysta\u0107 z rabat\u00f3w przy licencjach grupowych na oprogramowanie wysy\u0142ania email: zakup tylko 2 kopii daje rabat. Rabaty bazuj\u0105 na","robots":{"index":"index","follow":"follow","max-snippet":"max-snippet:-1","max-image-preview":"max-image-preview:large","max-video-preview":"max-video-preview:-1"},"canonical":"https:\/\/www.sendblaster.com\/pl\/dystrybutorzy\/","og_locale":"pl_PL","og_type":"article","og_title":"Dystrybutorzy - SendBlaster oprogramowanie do masowej wysy\u0142ki emaili","og_description":"SendBlaster oprogramowanie do masowej wysy\u0142ki emaili Dystrybutorzy Dystrybutorzy mog\u0105 skorzysta\u0107 z rabat\u00f3w przy licencjach grupowych na oprogramowanie wysy\u0142ania email: zakup tylko 2 kopii daje rabat. Rabaty bazuj\u0105 na","og_url":"https:\/\/www.sendblaster.com\/pl\/dystrybutorzy\/","og_site_name":"SendBlaster oprogramowanie do masowej wysy\u0142ki emaili","article_modified_time":"2021-03-31T16:01:52+00:00","twitter_card":"summary_large_image","schema":{"@context":"https:\/\/schema.org","@graph":[{"@type":"WebPage","@id":"https:\/\/www.sendblaster.com\/pl\/dystrybutorzy\/","url":"https:\/\/www.sendblaster.com\/pl\/dystrybutorzy\/","name":"Dystrybutorzy - SendBlaster oprogramowanie do masowej wysy\u0142ki emaili","isPartOf":{"@id":"https:\/\/www.sendblaster.com\/#website"},"datePublished":"2018-05-24T06:40:12+00:00","dateModified":"2021-03-31T16:01:52+00:00","description":"SendBlaster oprogramowanie do masowej wysy\u0142ki emaili Dystrybutorzy Dystrybutorzy mog\u0105 skorzysta\u0107 z rabat\u00f3w przy licencjach grupowych na oprogramowanie wysy\u0142ania email: zakup tylko 2 kopii daje rabat. Rabaty bazuj\u0105 na","breadcrumb":{"@id":"https:\/\/www.sendblaster.com\/pl\/dystrybutorzy\/#breadcrumb"},"inLanguage":"pl-PL","potentialAction":[{"@type":"ReadAction","target":["https:\/\/www.sendblaster.com\/pl\/dystrybutorzy\/"]}]},{"@type":"BreadcrumbList","@id":"https:\/\/www.sendblaster.com\/pl\/dystrybutorzy\/#breadcrumb","itemListElement":[{"@type":"ListItem","position":1,"name":"Home","item":"https:\/\/www.sendblaster.com\/pl\/"},{"@type":"ListItem","position":2,"name":"Dystrybutorzy"}]},{"@type":"WebSite","@id":"https:\/\/www.sendblaster.com\/#website","url":"https:\/\/www.sendblaster.com\/","name":"SendBlaster oprogramowanie do masowej wysy\u0142ki emaili","description":"","publisher":{"@id":"https:\/\/www.sendblaster.com\/#organization"},"potentialAction":[{"@type":"SearchAction","target":{"@type":"EntryPoint","urlTemplate":"https:\/\/www.sendblaster.com\/?s={search_term_string}"},"query-input":{"@type":"PropertyValueSpecification","valueRequired":true,"valueName":"search_term_string"}}],"inLanguage":"pl-PL"},{"@type":"Organization","@id":"https:\/\/www.sendblaster.com\/#organization","name":"SendBlaster oprogramowanie do masowej wysy\u0142ki emaili","url":"https:\/\/www.sendblaster.com\/","logo":{"@type":"ImageObject","inLanguage":"pl-PL","@id":"https:\/\/www.sendblaster.com\/#\/schema\/logo\/image\/","url":"https:\/\/www.sendblaster.com\/wp-content\/uploads\/2021\/09\/logo-svg-2021.svg","contentUrl":"https:\/\/www.sendblaster.com\/wp-content\/uploads\/2021\/09\/logo-svg-2021.svg","width":350,"height":70,"caption":"SendBlaster oprogramowanie do masowej wysy\u0142ki emaili"},"image":{"@id":"https:\/\/www.sendblaster.com\/#\/schema\/logo\/image\/"}}]}},"_links":{"self":[{"href":"https:\/\/www.sendblaster.com\/pl\/wp-json\/wp\/v2\/pages\/2675"}],"collection":[{"href":"https:\/\/www.sendblaster.com\/pl\/wp-json\/wp\/v2\/pages"}],"about":[{"href":"https:\/\/www.sendblaster.com\/pl\/wp-json\/wp\/v2\/types\/page"}],"author":[{"embeddable":true,"href":"https:\/\/www.sendblaster.com\/pl\/wp-json\/wp\/v2\/users\/1"}],"replies":[{"embeddable":true,"href":"https:\/\/www.sendblaster.com\/pl\/wp-json\/wp\/v2\/comments?post=2675"}],"version-history":[{"count":5,"href":"https:\/\/www.sendblaster.com\/pl\/wp-json\/wp\/v2\/pages\/2675\/revisions"}],"predecessor-version":[{"id":5270,"href":"https:\/\/www.sendblaster.com\/pl\/wp-json\/wp\/v2\/pages\/2675\/revisions\/5270"}],"wp:attachment":[{"href":"https:\/\/www.sendblaster.com\/pl\/wp-json\/wp\/v2\/media?parent=2675"}],"curies":[{"name":"wp","href":"https:\/\/api.w.org\/{rel}","templated":true}]}}