{"id":2671,"date":"2018-05-24T06:38:09","date_gmt":"2018-05-24T06:38:09","guid":{"rendered":"https:\/\/www.sendblaster.com\/wpnew-2018\/?page_id=2671"},"modified":"2019-03-21T11:40:44","modified_gmt":"2019-03-21T11:40:44","slug":"darmowe-szablony-wiadomosci-e-mail","status":"publish","type":"page","link":"https:\/\/www.sendblaster.com\/pl\/darmowe-szablony-wiadomosci-e-mail\/","title":{"rendered":"Darmowe szablony wiadomo\u015bci e-mail"},"content":{"rendered":"<p>Czy chcesz nada\u0107 swoim wiadomo\u015bciom e-mail profesjonalny i atrakcyjny wygl\u0105d? Sendblaster oferuje ponad 130 darmowych szablon\u00f3w e-mail, kt\u00f3re pozwol\u0105 Ci urozmaici\u0107 wygl\u0105d Twojego newslettera. Motoryzacja, biznes, handel elektroniczny, marketing \u2013 to tylko niekt\u00f3re spo\u015br\u00f3d kategorii darmowych szablon\u00f3w wiadomo\u015bci e-mail dost\u0119pnych w Sendblaster.<\/p>\n<p>Czy chcesz wypr\u00f3bowa\u0107 niekt\u00f3re spo\u015br\u00f3d doskona\u0142ych szablon\u00f3w dost\u0119pnych w naszym serwisie? <a title=\"Pobierz SendBlaster free - oprogramowanie do masowego wys\u0142ania emaili\" href=\"https:\/\/www.sendblaster.com\/services\/download\/downloadsendblasterfree.php\"><strong>pobierz Sendblaster<\/strong><\/a>.<\/p>\n<p>&nbsp;<\/p>\n<ul class=\"g1-grid\"><li class=\"g1-column g1-one-third g1-valign-top\">\n<p style=\"text-align: center; margin-top: 0px;\"><img decoding=\"async\" width=\"602\" height=\"605\" src=\"https:\/\/www.sendblaster.com\/wp-content\/uploads\/2018\/03\/free-email-template-1.jpg\" alt=\"Darmowe szablony wiadomo\u015bci e-mail\" \/><br \/>\n<small><i>Darmowe szablony wiadomo\u015bci e-mail<\/i><\/small><\/p>\n<\/li><!-- -->\n<li class=\"g1-column g1-one-third g1-valign-top\">\n<p style=\"text-align: center; margin-top: 0px;\"><img decoding=\"async\" width=\"602\" height=\"605\" src=\"https:\/\/www.sendblaster.com\/wp-content\/uploads\/2018\/03\/free-email-template-2.jpg\" alt=\"Darmowe szablony wiadomo\u015bci e-mail\" \/><br \/>\n<small><i>Darmowe szablony wiadomo\u015bci e-mail<\/i><\/small><\/p>\n<\/li><!-- -->\n<li class=\"g1-column g1-one-third g1-valign-top\">\n<p style=\"text-align: center; margin-top: 0px;\"><img decoding=\"async\" width=\"602\" height=\"605\" src=\"https:\/\/www.sendblaster.com\/wp-content\/uploads\/2018\/03\/free-email-template-3.jpg\" alt=\"Darmowe szablony wiadomo\u015bci e-mail\" \/><br \/>\n<small><i>Darmowe szablony wiadomo\u015bci e-mail<\/i><\/small><\/p>\n<\/li><!-- --><\/ul>\n<ul class=\"g1-grid\"><li class=\"g1-column g1-one-third g1-valign-top\">\n<p style=\"text-align: center; margin-top: 0px;\"><img decoding=\"async\" width=\"602\" height=\"605\" src=\"https:\/\/www.sendblaster.com\/wp-content\/uploads\/2018\/03\/free-email-template-4.jpg\" alt=\"Darmowe szablony wiadomo\u015bci e-mail\" \/><br \/>\n<small><i>Darmowe szablony wiadomo\u015bci e-mail<\/i><\/small><\/p>\n<\/li><!-- -->\n<li class=\"g1-column g1-one-third g1-valign-top\">\n<p style=\"text-align: center; margin-top: 0px;\"><img decoding=\"async\" width=\"602\" height=\"605\" src=\"https:\/\/www.sendblaster.com\/wp-content\/uploads\/2018\/03\/free-email-template-5.jpg\" alt=\"Darmowe szablony wiadomo\u015bci e-mail\" \/><br \/>\n<small><i>Darmowe szablony wiadomo\u015bci e-mail<\/i><\/small><\/p>\n<\/li><!-- -->\n<li class=\"g1-column g1-one-third g1-valign-top\">\n<p style=\"text-align: center; margin-top: 0px;\"><img decoding=\"async\" width=\"602\" height=\"605\" src=\"https:\/\/www.sendblaster.com\/wp-content\/uploads\/2018\/03\/free-email-template-6.jpg\" alt=\"Darmowe szablony wiadomo\u015bci e-mail\" \/><br \/>\n<small><i>Darmowe szablony wiadomo\u015bci e-mail<\/i><\/small><\/p>\n<\/li><!-- --><\/ul>\n<p>&nbsp;<\/p>\n<p style=\"text-align: center;\"><a title=\"Pobierz SendBlaster free - oprogramowanie do masowego wys\u0142ania emaili\" href=\"https:\/\/www.sendblaster.com\/services\/download\/downloadsendblasterfree.php\"><strong>Pobierz Sendblaster<\/strong><\/a> ju\u017c teraz, aby korzysta\u0107 ze wszystkich 130 profesjonalnych szablon\u00f3w wiadomo\u015bci e-mail dost\u0119pnych nieodp\u0142atnie w naszym serwisie!<\/p>\n<p style=\"text-align: center; margin-bottom: 0px;\"><a href=\"https:\/\/www.sendblaster.com\/pl\/pobieranie\/\" title=\"Pobierz za darmo\" class=\"download-cta\">Pobierz za darmo<\/a><\/p>\n","protected":false},"excerpt":{"rendered":"<p>Czy chcesz nada\u0107 swoim wiadomo\u015bciom e-mail profesjonalny i atrakcyjny wygl\u0105d? Sendblaster oferuje ponad 130 darmowych szablon\u00f3w e-mail, kt\u00f3re pozwol\u0105 Ci urozmaici\u0107 wygl\u0105d Twojego newslettera. Motoryzacja, biznes, handel elektroniczny, marketing \u2013 to tylko niekt\u00f3re spo\u015br\u00f3d kategorii darmowych szablon\u00f3w wiadomo\u015bci e-mail dost\u0119pnych <\/p>\n<p class=\"read-more-container\"><a class=\"button read-more\" href=\"https:\/\/www.sendblaster.com\/pl\/darmowe-szablony-wiadomosci-e-mail\/\" title=\"\">Kontynuuj czytanie<\/a><\/p>\n","protected":false},"author":1,"featured_media":0,"parent":0,"menu_order":0,"comment_status":"closed","ping_status":"closed","template":"","meta":{"_monsterinsights_skip_tracking":false,"_monsterinsights_sitenote_active":false,"_monsterinsights_sitenote_note":"","_monsterinsights_sitenote_category":0,"footnotes":""},"class_list":["post-2671","page","type-page","status-publish"],"yoast_head":"<!-- This site is optimized with the Yoast SEO plugin v23.5 - https:\/\/yoast.com\/wordpress\/plugins\/seo\/ -->\n<title>Darmowe szablony wiadomo\u015bci e-mail - SendBlaster<\/title>\n<meta name=\"description\" content=\"Czy chcesz da\u0107 swoim biuletyn profesjonalny i przyci\u0105gaj\u0105cy wzrok wygl\u0105d? SendBlaster oferuje ponad 130 darmowych szablon\u00f3w e-mail.\" \/>\n<meta name=\"robots\" content=\"index, follow, max-snippet:-1, max-image-preview:large, max-video-preview:-1\" \/>\n<link rel=\"canonical\" href=\"https:\/\/www.sendblaster.com\/pl\/darmowe-szablony-wiadomosci-e-mail\/\" \/>\n<meta property=\"og:locale\" content=\"pl_PL\" \/>\n<meta property=\"og:type\" content=\"article\" \/>\n<meta property=\"og:title\" content=\"Darmowe szablony wiadomo\u015bci e-mail - SendBlaster\" \/>\n<meta property=\"og:description\" content=\"Czy chcesz da\u0107 swoim biuletyn profesjonalny i przyci\u0105gaj\u0105cy wzrok wygl\u0105d? SendBlaster oferuje ponad 130 darmowych szablon\u00f3w e-mail.\" \/>\n<meta property=\"og:url\" content=\"https:\/\/www.sendblaster.com\/pl\/darmowe-szablony-wiadomosci-e-mail\/\" \/>\n<meta property=\"og:site_name\" content=\"SendBlaster oprogramowanie do masowej wysy\u0142ki emaili\" \/>\n<meta property=\"article:modified_time\" content=\"2019-03-21T11:40:44+00:00\" \/>\n<meta property=\"og:image\" content=\"https:\/\/www.sendblaster.com\/wp-content\/uploads\/2018\/03\/free-email-template-1.jpg\" \/>\n<meta name=\"twitter:card\" content=\"summary_large_image\" \/>\n<meta name=\"twitter:label1\" content=\"Szacowany czas czytania\" \/>\n\t<meta name=\"twitter:data1\" content=\"1 minuta\" \/>\n<script type=\"application\/ld+json\" class=\"yoast-schema-graph\">{\"@context\":\"https:\/\/schema.org\",\"@graph\":[{\"@type\":\"WebPage\",\"@id\":\"https:\/\/www.sendblaster.com\/pl\/darmowe-szablony-wiadomosci-e-mail\/\",\"url\":\"https:\/\/www.sendblaster.com\/pl\/darmowe-szablony-wiadomosci-e-mail\/\",\"name\":\"Darmowe szablony wiadomo\u015bci e-mail - SendBlaster\",\"isPartOf\":{\"@id\":\"https:\/\/www.sendblaster.com\/#website\"},\"primaryImageOfPage\":{\"@id\":\"https:\/\/www.sendblaster.com\/pl\/darmowe-szablony-wiadomosci-e-mail\/#primaryimage\"},\"image\":{\"@id\":\"https:\/\/www.sendblaster.com\/pl\/darmowe-szablony-wiadomosci-e-mail\/#primaryimage\"},\"thumbnailUrl\":\"https:\/\/www.sendblaster.com\/wp-content\/uploads\/2018\/03\/free-email-template-1.jpg\",\"datePublished\":\"2018-05-24T06:38:09+00:00\",\"dateModified\":\"2019-03-21T11:40:44+00:00\",\"description\":\"Czy chcesz da\u0107 swoim biuletyn profesjonalny i przyci\u0105gaj\u0105cy wzrok wygl\u0105d? SendBlaster oferuje ponad 130 darmowych szablon\u00f3w e-mail.\",\"breadcrumb\":{\"@id\":\"https:\/\/www.sendblaster.com\/pl\/darmowe-szablony-wiadomosci-e-mail\/#breadcrumb\"},\"inLanguage\":\"pl-PL\",\"potentialAction\":[{\"@type\":\"ReadAction\",\"target\":[\"https:\/\/www.sendblaster.com\/pl\/darmowe-szablony-wiadomosci-e-mail\/\"]}]},{\"@type\":\"ImageObject\",\"inLanguage\":\"pl-PL\",\"@id\":\"https:\/\/www.sendblaster.com\/pl\/darmowe-szablony-wiadomosci-e-mail\/#primaryimage\",\"url\":\"https:\/\/www.sendblaster.com\/wp-content\/uploads\/2018\/03\/free-email-template-1.jpg\",\"contentUrl\":\"https:\/\/www.sendblaster.com\/wp-content\/uploads\/2018\/03\/free-email-template-1.jpg\"},{\"@type\":\"BreadcrumbList\",\"@id\":\"https:\/\/www.sendblaster.com\/pl\/darmowe-szablony-wiadomosci-e-mail\/#breadcrumb\",\"itemListElement\":[{\"@type\":\"ListItem\",\"position\":1,\"name\":\"Home\",\"item\":\"https:\/\/www.sendblaster.com\/pl\/\"},{\"@type\":\"ListItem\",\"position\":2,\"name\":\"Darmowe szablony wiadomo\u015bci e-mail\"}]},{\"@type\":\"WebSite\",\"@id\":\"https:\/\/www.sendblaster.com\/#website\",\"url\":\"https:\/\/www.sendblaster.com\/\",\"name\":\"SendBlaster oprogramowanie do masowej wysy\u0142ki emaili\",\"description\":\"\",\"publisher\":{\"@id\":\"https:\/\/www.sendblaster.com\/#organization\"},\"potentialAction\":[{\"@type\":\"SearchAction\",\"target\":{\"@type\":\"EntryPoint\",\"urlTemplate\":\"https:\/\/www.sendblaster.com\/?s={search_term_string}\"},\"query-input\":{\"@type\":\"PropertyValueSpecification\",\"valueRequired\":true,\"valueName\":\"search_term_string\"}}],\"inLanguage\":\"pl-PL\"},{\"@type\":\"Organization\",\"@id\":\"https:\/\/www.sendblaster.com\/#organization\",\"name\":\"SendBlaster oprogramowanie do masowej wysy\u0142ki emaili\",\"url\":\"https:\/\/www.sendblaster.com\/\",\"logo\":{\"@type\":\"ImageObject\",\"inLanguage\":\"pl-PL\",\"@id\":\"https:\/\/www.sendblaster.com\/#\/schema\/logo\/image\/\",\"url\":\"https:\/\/www.sendblaster.com\/wp-content\/uploads\/2021\/09\/logo-svg-2021.svg\",\"contentUrl\":\"https:\/\/www.sendblaster.com\/wp-content\/uploads\/2021\/09\/logo-svg-2021.svg\",\"width\":350,\"height\":70,\"caption\":\"SendBlaster oprogramowanie do masowej wysy\u0142ki emaili\"},\"image\":{\"@id\":\"https:\/\/www.sendblaster.com\/#\/schema\/logo\/image\/\"}}]}<\/script>\n<!-- \/ Yoast SEO plugin. -->","yoast_head_json":{"title":"Darmowe szablony wiadomo\u015bci e-mail - SendBlaster","description":"Czy chcesz da\u0107 swoim biuletyn profesjonalny i przyci\u0105gaj\u0105cy wzrok wygl\u0105d? SendBlaster oferuje ponad 130 darmowych szablon\u00f3w e-mail.","robots":{"index":"index","follow":"follow","max-snippet":"max-snippet:-1","max-image-preview":"max-image-preview:large","max-video-preview":"max-video-preview:-1"},"canonical":"https:\/\/www.sendblaster.com\/pl\/darmowe-szablony-wiadomosci-e-mail\/","og_locale":"pl_PL","og_type":"article","og_title":"Darmowe szablony wiadomo\u015bci e-mail - SendBlaster","og_description":"Czy chcesz da\u0107 swoim biuletyn profesjonalny i przyci\u0105gaj\u0105cy wzrok wygl\u0105d? SendBlaster oferuje ponad 130 darmowych szablon\u00f3w e-mail.","og_url":"https:\/\/www.sendblaster.com\/pl\/darmowe-szablony-wiadomosci-e-mail\/","og_site_name":"SendBlaster oprogramowanie do masowej wysy\u0142ki emaili","article_modified_time":"2019-03-21T11:40:44+00:00","og_image":[{"url":"https:\/\/www.sendblaster.com\/wp-content\/uploads\/2018\/03\/free-email-template-1.jpg"}],"twitter_card":"summary_large_image","twitter_misc":{"Szacowany czas czytania":"1 minuta"},"schema":{"@context":"https:\/\/schema.org","@graph":[{"@type":"WebPage","@id":"https:\/\/www.sendblaster.com\/pl\/darmowe-szablony-wiadomosci-e-mail\/","url":"https:\/\/www.sendblaster.com\/pl\/darmowe-szablony-wiadomosci-e-mail\/","name":"Darmowe szablony wiadomo\u015bci e-mail - SendBlaster","isPartOf":{"@id":"https:\/\/www.sendblaster.com\/#website"},"primaryImageOfPage":{"@id":"https:\/\/www.sendblaster.com\/pl\/darmowe-szablony-wiadomosci-e-mail\/#primaryimage"},"image":{"@id":"https:\/\/www.sendblaster.com\/pl\/darmowe-szablony-wiadomosci-e-mail\/#primaryimage"},"thumbnailUrl":"https:\/\/www.sendblaster.com\/wp-content\/uploads\/2018\/03\/free-email-template-1.jpg","datePublished":"2018-05-24T06:38:09+00:00","dateModified":"2019-03-21T11:40:44+00:00","description":"Czy chcesz da\u0107 swoim biuletyn profesjonalny i przyci\u0105gaj\u0105cy wzrok wygl\u0105d? SendBlaster oferuje ponad 130 darmowych szablon\u00f3w e-mail.","breadcrumb":{"@id":"https:\/\/www.sendblaster.com\/pl\/darmowe-szablony-wiadomosci-e-mail\/#breadcrumb"},"inLanguage":"pl-PL","potentialAction":[{"@type":"ReadAction","target":["https:\/\/www.sendblaster.com\/pl\/darmowe-szablony-wiadomosci-e-mail\/"]}]},{"@type":"ImageObject","inLanguage":"pl-PL","@id":"https:\/\/www.sendblaster.com\/pl\/darmowe-szablony-wiadomosci-e-mail\/#primaryimage","url":"https:\/\/www.sendblaster.com\/wp-content\/uploads\/2018\/03\/free-email-template-1.jpg","contentUrl":"https:\/\/www.sendblaster.com\/wp-content\/uploads\/2018\/03\/free-email-template-1.jpg"},{"@type":"BreadcrumbList","@id":"https:\/\/www.sendblaster.com\/pl\/darmowe-szablony-wiadomosci-e-mail\/#breadcrumb","itemListElement":[{"@type":"ListItem","position":1,"name":"Home","item":"https:\/\/www.sendblaster.com\/pl\/"},{"@type":"ListItem","position":2,"name":"Darmowe szablony wiadomo\u015bci e-mail"}]},{"@type":"WebSite","@id":"https:\/\/www.sendblaster.com\/#website","url":"https:\/\/www.sendblaster.com\/","name":"SendBlaster oprogramowanie do masowej wysy\u0142ki emaili","description":"","publisher":{"@id":"https:\/\/www.sendblaster.com\/#organization"},"potentialAction":[{"@type":"SearchAction","target":{"@type":"EntryPoint","urlTemplate":"https:\/\/www.sendblaster.com\/?s={search_term_string}"},"query-input":{"@type":"PropertyValueSpecification","valueRequired":true,"valueName":"search_term_string"}}],"inLanguage":"pl-PL"},{"@type":"Organization","@id":"https:\/\/www.sendblaster.com\/#organization","name":"SendBlaster oprogramowanie do masowej wysy\u0142ki emaili","url":"https:\/\/www.sendblaster.com\/","logo":{"@type":"ImageObject","inLanguage":"pl-PL","@id":"https:\/\/www.sendblaster.com\/#\/schema\/logo\/image\/","url":"https:\/\/www.sendblaster.com\/wp-content\/uploads\/2021\/09\/logo-svg-2021.svg","contentUrl":"https:\/\/www.sendblaster.com\/wp-content\/uploads\/2021\/09\/logo-svg-2021.svg","width":350,"height":70,"caption":"SendBlaster oprogramowanie do masowej wysy\u0142ki emaili"},"image":{"@id":"https:\/\/www.sendblaster.com\/#\/schema\/logo\/image\/"}}]}},"_links":{"self":[{"href":"https:\/\/www.sendblaster.com\/pl\/wp-json\/wp\/v2\/pages\/2671"}],"collection":[{"href":"https:\/\/www.sendblaster.com\/pl\/wp-json\/wp\/v2\/pages"}],"about":[{"href":"https:\/\/www.sendblaster.com\/pl\/wp-json\/wp\/v2\/types\/page"}],"author":[{"embeddable":true,"href":"https:\/\/www.sendblaster.com\/pl\/wp-json\/wp\/v2\/users\/1"}],"replies":[{"embeddable":true,"href":"https:\/\/www.sendblaster.com\/pl\/wp-json\/wp\/v2\/comments?post=2671"}],"version-history":[{"count":2,"href":"https:\/\/www.sendblaster.com\/pl\/wp-json\/wp\/v2\/pages\/2671\/revisions"}],"predecessor-version":[{"id":4319,"href":"https:\/\/www.sendblaster.com\/pl\/wp-json\/wp\/v2\/pages\/2671\/revisions\/4319"}],"wp:attachment":[{"href":"https:\/\/www.sendblaster.com\/pl\/wp-json\/wp\/v2\/media?parent=2671"}],"curies":[{"name":"wp","href":"https:\/\/api.w.org\/{rel}","templated":true}]}}