{"id":2657,"date":"2018-05-23T14:05:37","date_gmt":"2018-05-23T14:05:37","guid":{"rendered":"https:\/\/www.sendblaster.com\/wpnew-2018\/?page_id=2657"},"modified":"2021-04-12T09:54:30","modified_gmt":"2021-04-12T09:54:30","slug":"mozliwosci-programu-do-masowej-wysylki","status":"publish","type":"page","link":"https:\/\/www.sendblaster.com\/pl\/mozliwosci-programu-do-masowej-wysylki\/","title":{"rendered":"Mo\u017cliwo\u015bci programu do masowej wysy\u0142ki"},"content":{"rendered":"<p style=\"text-align: center; margin-bottom: 0px;\"><a href=\"https:\/\/www.sendblaster.com\/pl\/pobieranie\/\" title=\"Pobierz za darmo\" class=\"download-cta\">Pobierz za darmo<\/a><a href=\"https:\/\/www.sendblaster.com\/pl\/kup\/\" title=\"Kup SendBlaster Pro\" class=\"buy-cta\">Kup SendBlaster Pro<\/a><\/p>\n<p>&nbsp;<\/p>\n<h2 class=\"features-title\"><span>Tworznie newsletter\u00f3w<\/span><\/h2>\n<p style=\"text-align: center;\"><img decoding=\"async\" width=\"1390\" height=\"885\" src=\"https:\/\/www.sendblaster.com\/wp-content\/uploads\/2018\/03\/create-effective-emails-large.jpg\" alt=\"Tworznie newsletter\u00f3w\" class=\"features-image\" \/><\/p>\n<h3>Edytor HTML WYSIWYG<\/h3>\n<p>Tworzenie wiadomo\u015bci jest mo\u017cliwe dzi\u0119ki prostemu, ale pot\u0119\u017cnemu edytorowi do edycji wizualnej HTML z dost\u0119p do kodu, definicji CHARSET i mo\u017cliwo\u015bci wstawiania modyfikowalnych p\u00f3l tag\u00f3w.<\/p>\n<h3>Importowanie istniej\u0105cych plik\u00f3w .htm lub .eml<\/h3>\n<p>Wiadomo\u015bci email mog\u0105 by\u0107 importowane z zewn\u0119trznych plik\u00f3w (dokumenty HTML lub istniej\u0105ce pliki .eml).<\/p>\n<h3>Wsparcie wbudowanych obraz\u00f3w<\/h3>\n<p>Generuj newslettery z za\u0142\u0105cznikami i wbudowanymi obrazami, unikaj\u0105c wszystkich problem\u00f3w powi\u0105zanych z czytaniem emaili.<\/p>\n<h3><a href=\"https:\/\/www.sendblaster.com\/..\/support\/newsletter-creation\/email-personalization-using-email-merge\" title=\"support, newsletter creation, email personalization using email merge\">Personalizowane emaile dla ka\u017cdego subskrybenta<\/a><\/h3>\n<p>Wysy\u0142aj personalizowane wiadomo\u015bci (\u201cDrogi Janie Kowalski\u201d, zamiast \u201cDrogi kliencie\u201d)<\/p>\n<p>Drogi #nazwa# -&gt; staje si\u0119 -&gt; Drogi Piotrze<\/p>\n<p>Ka\u017cdy email, kt\u00f3ry wysy\u0142asz jest inny dzi\u0119ki mergerowi emaili i dodatk\u00f3w do personalizacji. (<a href=\"https:\/\/www.sendblaster.com\/..\/support\/newsletter-creation\/email-personalization-using-email-merge\" title=\"Email personalization using email merge\">zobacz jak wysy\u0142a\u0107 personalizowane emaile<\/a>)<\/p>\n<h3><a href=\"https:\/\/www.sendblaster.com\/..\/support\/newsletter-creation\/how-insert-unsubscribe-link-your-e-mail\" title=\"https:\/\/www.sendblaster.com\/..\/support\/newsletter-creation\/how-insert-unsubscribe-link-your-e-mail\">Dodaj link do wypisania<\/a><\/h3>\n<p>Wstaw <a href=\"https:\/\/www.sendblaster.com\/..\/support\/newsletter-creation\/how-insert-unsubscribe-link-your-e-mail\" title=\"https:\/\/www.sendblaster.com\/..\/support\/newsletter-creation\/how-insert-unsubscribe-link-your-e-mail\">link do zako\u0144czenia subskrypcji<\/a> (opt-out) kt\u00f3ry jest wymagany przez <a href=\"prawo-anty-spamowe\" title=\"prawo anty spamowe\">CAN-SPAM Act<\/a>.<\/p>\n<h3>Ustaw charset<\/h3>\n<p>CHARSET wiadomo\u015bci mo\u017ce by\u0107 ustawiony do wysy\u0142ania wiadomo\u015bci z dowolnym kodowaniem (Ciryllic, Japanese, Hebrew, Chinese, Arabic). Ta opcja daje ci mo\u017cliwo\u015b\u0107 wysy\u0142ania wiadomo\u015bci w dowolnym j\u0119zyku.<\/p>\n<h3><a href=\"support\/suggestions\/przewodnik-po-lepszym-i-masowym-wysylaniu-emaili\" title=\"support, suggestions, przewodnik po lepszym i masowym wysylaniu emaili\">Wiadomo\u015bci email z HTML i Text<\/a><\/h3>\n<p>Wiadomo\u015bci email s\u0105 tworzone zar\u00f3wno w HTML i czystym tek\u015bcie gdy odbiorca wiadomo\u015bci zablokowa\u0142 podgl\u0105d HTML. Pami\u0119taj: po\u0142\u0105czenie HTML\/tekstu jest <a href=\"support\/suggestions\/przewodnik-po-lepszym-i-masowym-wysylaniu-emaili\" title=\"support, suggestions, przewodnik po lepszym i masowym wysylaniu emaili\">najlepsz\u0105 opcj\u0105 w kampanii marketingowej email<\/a>.<\/p>\n<h3>Dodaj za\u0142\u0105czniki do listy wysy\u0142kowej<\/h3>\n<p>Ka\u017cda wiadomo\u015b\u0107 email mo\u017ce zawiera\u0107 za\u0142\u0105czniki (Zip, Doc, Pdf\u2026).<\/p>\n<h3>Import adres\u00f3w email z Outlook i Thunderbird<\/h3>\n<p>Importuj bezpo\u015brednio wszystkie dane klient\u00f3w do SendBlaster.<\/p>\n<h3><a href=\"support\/lists-importing\/importowanie-list\" title=\"support, lists importing, importowanie list\">Importuj adresy email z Excela, Accessa i plik\u00f3w .CSV<\/a><\/h3>\n<p>Zapisz istniej\u0105ce listy MS Excel(TM), Access(TM) lub Outlook(TM) w pliku .CSV,i importuj bezpo\u015brednio do SendBlaster.<\/p>\n<ul>\n<li><a href=\"support\/lists-importing\/importowanie-list\" title=\"support, lists importing, importowanie list\">Instrukcja importowania listy wysy\u0142kowej<\/a><\/li>\n<li><a href=\"https:\/\/www.sendblaster.com\/..\/support\/lists-importing\/import-ms-outlook-excel-access-csv-file\" title=\"support, lists importing, import ms outlook excel access csv file\">Importowanie listy wysy\u0142kowej CSV<\/a><\/li>\n<\/ul>\n<p>&nbsp;<\/p>\n<h2 class=\"features-title\"><span>Zarz\u0105dzaj swoj\u0105 List\u0105 Wysy\u0142kow\u0105<\/span><\/h2>\n<p style=\"text-align: center;\"><img decoding=\"async\" width=\"1390\" height=\"885\" src=\"https:\/\/www.sendblaster.com\/wp-content\/uploads\/2018\/03\/build-permission-based-list-large.jpg\" alt=\"Zarz\u0105dzaj swoj\u0105 List\u0105 Wysy\u0142kow\u0105\" class=\"features-image\" \/><\/p>\n<h3>Prosta integracja z Twoj\u0105 w\u0142asn\u0105 stron\u0105 www<\/h3>\n<p>Wstawianie funkcji zarz\u0105dzania listami na stron\u0119 staje si\u0119 niesamowicie \u0142atwe <a href=\"https:\/\/www.sendblaster.com\/..\/support\/lists-management\/tutorial-email-subscriptions-and-bounce-backs\" title=\"[[:nodkeys\/292:]]\">dzi\u0119ki funkcjom zarz\u0105dzania subskrybuj \/zako\u0144cz subskrypcj\u0119<\/a> i mo\u017cliwo\u015bci importowania danych ze strony, pozwalaj\u0105c SendBlaster zaj\u0105\u0107 si\u0119 aktualizacj\u0105 list i wys\u0142aniem w\u0142a\u015bciwych wiadomo\u015bci do w\u0142a\u015bciwych odbiorc\u00f3w. Oferujemy r\u00f3wnie\u017c darmowe skrypty PHP CAN SPAM-law-compliant <a href=\"https:\/\/www.sendblaster.com\/..\/support\/lists-importing\/single-opt-php-form-mail\" title=\"support, lists importing, single opt php form mail\">optin<\/a> i <a href=\"https:\/\/www.sendblaster.com\/..\/support\/lists-importing\/double-opt-free-php-form-mail\" title=\"support, lists importing, double opt free php form mail\">double optin<\/a> do pobrania z naszej <a href=\"pobieranie\" title=\"pobieranie\">sekcji pobierania<\/a>.<\/p>\n<h3><a href=\"https:\/\/www.sendblaster.com\/..\/support\/lists-management\/tutorial-email-subscriptions-and-bounce-backs\" title=\"support, lists management, tutorial email subscriptions and bounce backs\">Subskrybuj\/zako\u0144cz subskrybcj\u0119 przez Email lub form\u0119 www<\/a><\/h3>\n<p>SendBlaster mo\u017ce automatycznie zarz\u0105dza\u0107 subskrypcjami (i wypisywaniem) aby budowa\u0107 listy wysy\u0142kowe bazuj\u0105ce na zgodzie (nawet je\u017celi nie masz strony). Ka\u017cda lista mo\u017ce zosta\u0107 powi\u0105zana z adresem email: kiedy wiadomo\u015b\u0107 z tematem \u201cSubskrybuj\u201d jest wys\u0142ana wysy\u0142aj\u0105cy jest dodany do listy. Je\u017celi tematem jest \u201cZako\u0144cz subskrypcj\u0119\u201d wtedy wysy\u0142aj\u0105cy zostanie usuni\u0119ty (je\u017celi wcze\u015bniej by\u0142 na li\u015bcie). Oprogramowanie SendBlaster do newslettera pobiera nowe wiadomo\u015bci przez konto POP3, sprawdza temat i aktualizuje w\u0142a\u015bciw\u0105 list\u0119 dystrybucyjn\u0105.<\/p>\n<h3>Zaawansowane filtry danych<\/h3>\n<p>Mo\u017cesz sortowa\u0107 listy za pomoc\u0105 prostego przeci\u0105gnij i upu\u015b\u0107 dla ka\u017cdego pola lub nawet wielu p\u00f3l (dowiedz sie wi\u0119cej o filtrowaniu).<\/p>\n<h3>Przetwarzanie zwrot\u00f3w<\/h3>\n<p>Zwroty s\u0105 automatycznie rozpoznawane, a adres \u017ar\u00f3d\u0142owy mo\u017ce zosta\u0107 zablokowany lub usuni\u0119ty z listy. <a href=\"https:\/\/www.sendblaster.com\/..\/support\/lists-management\/bounce-backs-management\" title=\"support, lists management, bounce backs management\">Zobacz jak SendBlaster zarz\u0105dza zwrotami<\/a><\/p>\n<h3>Niegraniczone listy\/grupy z nieograniczon\u0105 liczb\u0105 odbiorc\u00f3w<\/h3>\n<p>SendBlaster mo\u017cesz zarz\u0105dza\u0107 wieloma listami.<\/p>\n<h3>Dowolne nazwy p\u00f3l<\/h3>\n<p>SendBlaster pozwala na dostosowanie ka\u017cdego z 15 dost\u0119pnych p\u00f3l, dla ka\u017cdego adresu.<\/p>\n<h3>Czarna lista<\/h3>\n<p>Definiuj list\u0119 adres\u00f3w lub domen, kt\u00f3re b\u0119d\u0105 automatycznie wy\u0142\u0105czone z wysy\u0142ki.<\/p>\n<p>&nbsp;<\/p>\n<h2 class=\"features-title\"><span>Kampania wysy\u0142ania emaili<\/span><\/h2>\n<p style=\"text-align: center;\"><img decoding=\"async\" width=\"1390\" height=\"885\" src=\"https:\/\/www.sendblaster.com\/wp-content\/uploads\/2018\/03\/send-newsletter-large.jpg\" alt=\"Kampania wysy\u0142ania emaili\" class=\"features-image\" \/><\/p>\n<h3><a href=\"https:\/\/www.sendblaster.com\/..\/support\/smtp-and-sending-issues\/how-use-smtp-profiles\" title=\"support, smtp and sending issues, how use smtp profiles\">Wiele ustawie\u0144 SMTP<\/a><\/h3>\n<p>Mo\u017cesz ustawi\u0107 r\u00f3\u017cne konfiguracje SMTP, zazwyczaj klienci korzystaj\u0105 z w\u0142asnych od ich dostawc\u00f3w Internetu (<a href=\"https:\/\/www.sendblaster.com\/..\/support\/smtp-and-sending-issues\/how-use-smtp-profiles\" title=\"support, smtp and sending issues, how use smtp profiles\">Dowiedz si\u0119 wi\u0119cej jak tworzy\u0107 r\u00f3\u017cne profile SMTP<\/a>)<\/p>\n<h3><a href=\"https:\/\/www.sendblaster.com\/..\/support\/smtp-and-sending-issues\/how-configure-smtp\" title=\"support, smtp and sending issues, how configure smtp\">Darmowe dostarczanie SMTP<\/a><\/h3>\n<p>Dzi\u0119ki opcji bezpo\u015bredniego wysy\u0142ania, je\u017celi nie mo\u017cesz zmieni\u0107 \u017cadnego z parametr\u00f3w do wys\u0142ania w us\u0142udze SMTP od dostawcy. Dowiedz si\u0119 wi\u0119cej o SMTP.<\/p>\n<h3>Sprawd\u017a zduplikowane emaile<\/h3>\n<p>SendBlaster ma automatyczny filtr przeciw duplikowaniu emaili w trakcie wysy\u0142ania.<\/p>\n<h3>Planowana wys\u0142ka<\/h3>\n<p>Zaplanuj wysy\u0142ke, tak aby by\u0142a wys\u0142ana automatycznie o w\u0142a\u015bciwej porze<\/p>\n<h3>Doko\u0144cz poprzednie wysy\u0142ki<\/h3>\n<p>W przypadku problem\u00f3w z Internetem, awarii komputera, zatrzymania wysy\u0142ania lub cokolwiek innego Sendblaster zapisuje to w logach jaki email zosta\u0142 ju\u017c wys\u0142any, a wi\u0119c jest mo\u017cliwe wys\u0142anie tych wiadomo\u015bci, kt\u00f3re nie zosta\u0142y dostarczone, dzi\u0119ki czemu unikniemy duplikat\u00f3w.<\/p>\n<h3>Event logs<\/h3>\n<p>Zobacz logi z poprzednich wysy\u0142ek<\/p>\n<h3><a href=\"https:\/\/www.sendblaster.com\/..\/support\/smtp-and-sending-issues\/how-can-i-get-right-advanced-settings\" title=\"support, smtp and sending issues, how can i get right advanced settings\">Ustaw pr\u0119dko\u015b\u0107 wysy\u0142ania<\/a><\/h3>\n<p>Zarz\u0105dzaj wieloma ustawieniami <a href=\"https:\/\/www.sendblaster.com\/..\/support\/smtp-and-sending-issues\/how-can-i-get-right-advanced-settings\" title=\"support, smtp and sending issues, how can i get right advanced settings\">aby regulowa\u0107 pr\u0119dko\u015b\u0107 wysy\u0142ania emaili<\/a>.<\/p>\n<p>&nbsp;<\/p>\n<h2 class=\"features-title\"><span>Analizuj kampanie email<\/span><\/h2>\n<p style=\"text-align: center;\"><img decoding=\"async\" width=\"1390\" height=\"885\" src=\"https:\/\/www.sendblaster.com\/wp-content\/uploads\/2018\/03\/analyze-results-mailing-large.jpg\" alt=\"Analizuj kampanie email\" class=\"features-image\" \/><\/p>\n<p>Interfejs SendBlaster integruje dwa narz\u0119dzia webowe do analizy: <a href=\"https:\/\/www.sendblaster.com\/..\/support\/email-tracking\/trackreports-real-time-e-mail-monitoring\" title=\"support, email tracking, trackreports real time email monitoring\">TrackReports<\/a> i <a href=\"https:\/\/www.sendblaster.com\/..\/support\/email-tracking\/analyze-your-campaigns-with-google-analytics\" title=\"support, email tracking, analyze your campaigns with google analytics\">Google Analytics<\/a>.<\/p>\n<p>Z <a href=\"https:\/\/www.sendblaster.com\/..\/support\/email-tracking\/trackreports-real-time-e-mail-monitoring\" title=\"support, email tracking, trackreports real time email monitoring\">TrackReports<\/a> b\u0119dziesz zna\u0142 ilo\u015b\u0107 przeczytanych i klikni\u0119tych wiadomo\u015bci.<\/p>\n<p>Mo\u017cesz zmierzy\u0107 efektywno\u015b\u0107 swojej kampanii z <a href=\"https:\/\/www.sendblaster.com\/..\/support\/email-tracking\/analyze-your-campaigns-with-google-analytics\" title=\"support, email tracking, analyze your campaigns with google analytics\">Google Analytics<\/a>.&nbsp;&nbsp; &nbsp;<\/p>\n<p>Dajemy system statystyk za darmo: <a href=\"http:\/\/trackemktg.net\/sendblaster\/?language=pl\">TrackReports<\/a><\/p>\n<p>&nbsp;<\/p>\n<h2 class=\"features-title\"><span>Co nowego w Sendblaster<\/span><\/h2>\n<h3>Wstaw link do anulowania subskrypcji<\/h3>\n<p>Sendblaster&nbsp;ma przycisk do stworzenia wiadomo\u015bci aby doda\u0107 link do anulowania subskrypcji w wiadomo\u015bci ( jest to wymagane przez <a href=\"prawo-anty-spamowe\" title=\"prawo anty spamowe\">CAN-SPAM Act<\/a>).&nbsp;<\/p>\n<h3>Uruchom w trybie planowania<\/h3>\n<p>SendBlaster mo\u017ce dzia\u0142a\u0107 w tle.<\/p>\n<h3>Sprawdzanie spamu<\/h3>\n<p>SendBlaster ma teraz wspania\u0142e narz\u0119dzie &#8222;sprawd\u017a spam&#8221;. Zawiera wszystkie regu\u0142y SpamAssassin, kt\u00f3re musisz respektowa\u0107 aby trafi\u0107 prosto do skrzynki klienta.<\/p>\n<h3>Integracja z Google Analytics<\/h3>\n<p>Sprawd\u017a efekty kampanii korzystaj\u0105c z pot\u0119\u017cnego narz\u0119dzia Google.<\/p>\n<h3>Nowych wzorc\u00f3w<\/h3>\n<p>100 nowych wzorc\u00f3w dodanych w wersji PRO&nbsp;(50 w SendBlaster Free)&nbsp;<\/p>\n<h3>SnapShots<\/h3>\n<p>Mo\u017cesz zapisa\u0107 r\u00f3\u017cne konfiguracje ustawie\u0144, na przyk\u0142ad dla r\u00f3\u017cnych wysy\u0142ek, r\u00f3\u017cnych ustawie\u0144 smtp lub r\u00f3\u017cnych wysy\u0142aj\u0105cych email. Jest to bardzo przydatne je\u017celi wysy\u0142asz newsletter w imieniu swoich klient\u00f3w.<\/p>\n<h3>Wtyczki<\/h3>\n<p>Mo\u017cesz korzysta\u0107 z oprogramowania firm trzecich wykonanych dla Sendblaster.<\/p>\n<h3>Ustaw demonstracyjne pola danych<\/h3>\n<p>Ustawienie tych p\u00f3l i klikni\u0119cie na podgl\u0105d, i mo\u017cesz zobaczy\u0107 jak tw\u00f3j newsletter wygl\u0105da z danymi.<\/p>\n<h3>Tworzenie filtr\u00f3w<\/h3>\n<p>Mo\u017cesz tworzy\u0107 w\u0142asne zapytania do bazy. Jest to bardzo przydatne je\u017celi chcesz posortowa\u0107 informacje po warto\u015bciach p\u00f3l lub profil\u00f3w w bazie, aby wys\u0142a\u0107 wiadomo\u015b\u0107 do konkretnego celu.<\/p>\n","protected":false},"excerpt":{"rendered":"<p>&nbsp; Tworznie newsletter\u00f3w Edytor HTML WYSIWYG Tworzenie wiadomo\u015bci jest mo\u017cliwe dzi\u0119ki prostemu, ale pot\u0119\u017cnemu edytorowi do edycji wizualnej HTML z dost\u0119p do kodu, definicji CHARSET i mo\u017cliwo\u015bci wstawiania modyfikowalnych p\u00f3l tag\u00f3w. Importowanie istniej\u0105cych plik\u00f3w .htm lub .eml Wiadomo\u015bci email mog\u0105 <\/p>\n<p class=\"read-more-container\"><a class=\"button read-more\" href=\"https:\/\/www.sendblaster.com\/pl\/mozliwosci-programu-do-masowej-wysylki\/\" title=\"\">Kontynuuj czytanie<\/a><\/p>\n","protected":false},"author":1,"featured_media":0,"parent":0,"menu_order":0,"comment_status":"closed","ping_status":"closed","template":"","meta":{"_monsterinsights_skip_tracking":false,"_monsterinsights_sitenote_active":false,"_monsterinsights_sitenote_note":"","_monsterinsights_sitenote_category":0,"footnotes":""},"class_list":["post-2657","page","type-page","status-publish"],"yoast_head":"<!-- This site is optimized with the Yoast SEO plugin v23.5 - https:\/\/yoast.com\/wordpress\/plugins\/seo\/ -->\n<title>Mo\u017cliwo\u015bci programu do masowej wysy\u0142ki - SendBlaster oprogramowanie do masowej wysy\u0142ki emaili<\/title>\n<meta name=\"description\" content=\"SendBlaster oprogramowanie do masowej wysy\u0142ki emaili Mo\u017cliwo\u015bci programu do masowej wysy\u0142ki &nbsp; Tworznie newsletter\u00f3w Edytor HTML WYSIWYG Tworzenie wiadomo\u015bci jest mo\u017cliwe dzi\u0119ki prostemu, ale pot\u0119\u017cnemu edytorowi do edycji wizualnej HTML z\" \/>\n<meta name=\"robots\" content=\"index, follow, max-snippet:-1, max-image-preview:large, max-video-preview:-1\" \/>\n<link rel=\"canonical\" href=\"https:\/\/www.sendblaster.com\/pl\/mozliwosci-programu-do-masowej-wysylki\/\" \/>\n<meta property=\"og:locale\" content=\"pl_PL\" \/>\n<meta property=\"og:type\" content=\"article\" \/>\n<meta property=\"og:title\" content=\"Mo\u017cliwo\u015bci programu do masowej wysy\u0142ki - SendBlaster oprogramowanie do masowej wysy\u0142ki emaili\" \/>\n<meta property=\"og:description\" content=\"SendBlaster oprogramowanie do masowej wysy\u0142ki emaili Mo\u017cliwo\u015bci programu do masowej wysy\u0142ki &nbsp; Tworznie newsletter\u00f3w Edytor HTML WYSIWYG Tworzenie wiadomo\u015bci jest mo\u017cliwe dzi\u0119ki prostemu, ale pot\u0119\u017cnemu edytorowi do edycji wizualnej HTML z\" \/>\n<meta property=\"og:url\" content=\"https:\/\/www.sendblaster.com\/pl\/mozliwosci-programu-do-masowej-wysylki\/\" \/>\n<meta property=\"og:site_name\" content=\"SendBlaster oprogramowanie do masowej wysy\u0142ki emaili\" \/>\n<meta property=\"article:modified_time\" content=\"2021-04-12T09:54:30+00:00\" \/>\n<meta property=\"og:image\" content=\"https:\/\/www.sendblaster.com\/wp-content\/uploads\/2018\/03\/create-effective-emails-large.jpg\" \/>\n<meta name=\"twitter:card\" content=\"summary_large_image\" \/>\n<meta name=\"twitter:label1\" content=\"Szacowany czas czytania\" \/>\n\t<meta name=\"twitter:data1\" content=\"5 minut\" \/>\n<script type=\"application\/ld+json\" class=\"yoast-schema-graph\">{\"@context\":\"https:\/\/schema.org\",\"@graph\":[{\"@type\":\"WebPage\",\"@id\":\"https:\/\/www.sendblaster.com\/pl\/mozliwosci-programu-do-masowej-wysylki\/\",\"url\":\"https:\/\/www.sendblaster.com\/pl\/mozliwosci-programu-do-masowej-wysylki\/\",\"name\":\"Mo\u017cliwo\u015bci programu do masowej wysy\u0142ki - SendBlaster oprogramowanie do masowej wysy\u0142ki emaili\",\"isPartOf\":{\"@id\":\"https:\/\/www.sendblaster.com\/#website\"},\"primaryImageOfPage\":{\"@id\":\"https:\/\/www.sendblaster.com\/pl\/mozliwosci-programu-do-masowej-wysylki\/#primaryimage\"},\"image\":{\"@id\":\"https:\/\/www.sendblaster.com\/pl\/mozliwosci-programu-do-masowej-wysylki\/#primaryimage\"},\"thumbnailUrl\":\"https:\/\/www.sendblaster.com\/wp-content\/uploads\/2018\/03\/create-effective-emails-large.jpg\",\"datePublished\":\"2018-05-23T14:05:37+00:00\",\"dateModified\":\"2021-04-12T09:54:30+00:00\",\"description\":\"SendBlaster oprogramowanie do masowej wysy\u0142ki emaili Mo\u017cliwo\u015bci programu do masowej wysy\u0142ki &nbsp; Tworznie newsletter\u00f3w Edytor HTML WYSIWYG Tworzenie wiadomo\u015bci jest mo\u017cliwe dzi\u0119ki prostemu, ale pot\u0119\u017cnemu edytorowi do edycji wizualnej HTML z\",\"breadcrumb\":{\"@id\":\"https:\/\/www.sendblaster.com\/pl\/mozliwosci-programu-do-masowej-wysylki\/#breadcrumb\"},\"inLanguage\":\"pl-PL\",\"potentialAction\":[{\"@type\":\"ReadAction\",\"target\":[\"https:\/\/www.sendblaster.com\/pl\/mozliwosci-programu-do-masowej-wysylki\/\"]}]},{\"@type\":\"ImageObject\",\"inLanguage\":\"pl-PL\",\"@id\":\"https:\/\/www.sendblaster.com\/pl\/mozliwosci-programu-do-masowej-wysylki\/#primaryimage\",\"url\":\"https:\/\/www.sendblaster.com\/wp-content\/uploads\/2018\/03\/create-effective-emails-large.jpg\",\"contentUrl\":\"https:\/\/www.sendblaster.com\/wp-content\/uploads\/2018\/03\/create-effective-emails-large.jpg\"},{\"@type\":\"BreadcrumbList\",\"@id\":\"https:\/\/www.sendblaster.com\/pl\/mozliwosci-programu-do-masowej-wysylki\/#breadcrumb\",\"itemListElement\":[{\"@type\":\"ListItem\",\"position\":1,\"name\":\"Home\",\"item\":\"https:\/\/www.sendblaster.com\/pl\/\"},{\"@type\":\"ListItem\",\"position\":2,\"name\":\"Mo\u017cliwo\u015bci programu do masowej wysy\u0142ki\"}]},{\"@type\":\"WebSite\",\"@id\":\"https:\/\/www.sendblaster.com\/#website\",\"url\":\"https:\/\/www.sendblaster.com\/\",\"name\":\"SendBlaster oprogramowanie do masowej wysy\u0142ki emaili\",\"description\":\"\",\"publisher\":{\"@id\":\"https:\/\/www.sendblaster.com\/#organization\"},\"potentialAction\":[{\"@type\":\"SearchAction\",\"target\":{\"@type\":\"EntryPoint\",\"urlTemplate\":\"https:\/\/www.sendblaster.com\/?s={search_term_string}\"},\"query-input\":{\"@type\":\"PropertyValueSpecification\",\"valueRequired\":true,\"valueName\":\"search_term_string\"}}],\"inLanguage\":\"pl-PL\"},{\"@type\":\"Organization\",\"@id\":\"https:\/\/www.sendblaster.com\/#organization\",\"name\":\"SendBlaster oprogramowanie do masowej wysy\u0142ki emaili\",\"url\":\"https:\/\/www.sendblaster.com\/\",\"logo\":{\"@type\":\"ImageObject\",\"inLanguage\":\"pl-PL\",\"@id\":\"https:\/\/www.sendblaster.com\/#\/schema\/logo\/image\/\",\"url\":\"https:\/\/www.sendblaster.com\/wp-content\/uploads\/2021\/09\/logo-svg-2021.svg\",\"contentUrl\":\"https:\/\/www.sendblaster.com\/wp-content\/uploads\/2021\/09\/logo-svg-2021.svg\",\"width\":350,\"height\":70,\"caption\":\"SendBlaster oprogramowanie do masowej wysy\u0142ki emaili\"},\"image\":{\"@id\":\"https:\/\/www.sendblaster.com\/#\/schema\/logo\/image\/\"}}]}<\/script>\n<!-- \/ Yoast SEO plugin. -->","yoast_head_json":{"title":"Mo\u017cliwo\u015bci programu do masowej wysy\u0142ki - SendBlaster oprogramowanie do masowej wysy\u0142ki emaili","description":"SendBlaster oprogramowanie do masowej wysy\u0142ki emaili Mo\u017cliwo\u015bci programu do masowej wysy\u0142ki &nbsp; Tworznie newsletter\u00f3w Edytor HTML WYSIWYG Tworzenie wiadomo\u015bci jest mo\u017cliwe dzi\u0119ki prostemu, ale pot\u0119\u017cnemu edytorowi do edycji wizualnej HTML z","robots":{"index":"index","follow":"follow","max-snippet":"max-snippet:-1","max-image-preview":"max-image-preview:large","max-video-preview":"max-video-preview:-1"},"canonical":"https:\/\/www.sendblaster.com\/pl\/mozliwosci-programu-do-masowej-wysylki\/","og_locale":"pl_PL","og_type":"article","og_title":"Mo\u017cliwo\u015bci programu do masowej wysy\u0142ki - SendBlaster oprogramowanie do masowej wysy\u0142ki emaili","og_description":"SendBlaster oprogramowanie do masowej wysy\u0142ki emaili Mo\u017cliwo\u015bci programu do masowej wysy\u0142ki &nbsp; Tworznie newsletter\u00f3w Edytor HTML WYSIWYG Tworzenie wiadomo\u015bci jest mo\u017cliwe dzi\u0119ki prostemu, ale pot\u0119\u017cnemu edytorowi do edycji wizualnej HTML z","og_url":"https:\/\/www.sendblaster.com\/pl\/mozliwosci-programu-do-masowej-wysylki\/","og_site_name":"SendBlaster oprogramowanie do masowej wysy\u0142ki emaili","article_modified_time":"2021-04-12T09:54:30+00:00","og_image":[{"url":"https:\/\/www.sendblaster.com\/wp-content\/uploads\/2018\/03\/create-effective-emails-large.jpg"}],"twitter_card":"summary_large_image","twitter_misc":{"Szacowany czas czytania":"5 minut"},"schema":{"@context":"https:\/\/schema.org","@graph":[{"@type":"WebPage","@id":"https:\/\/www.sendblaster.com\/pl\/mozliwosci-programu-do-masowej-wysylki\/","url":"https:\/\/www.sendblaster.com\/pl\/mozliwosci-programu-do-masowej-wysylki\/","name":"Mo\u017cliwo\u015bci programu do masowej wysy\u0142ki - SendBlaster oprogramowanie do masowej wysy\u0142ki emaili","isPartOf":{"@id":"https:\/\/www.sendblaster.com\/#website"},"primaryImageOfPage":{"@id":"https:\/\/www.sendblaster.com\/pl\/mozliwosci-programu-do-masowej-wysylki\/#primaryimage"},"image":{"@id":"https:\/\/www.sendblaster.com\/pl\/mozliwosci-programu-do-masowej-wysylki\/#primaryimage"},"thumbnailUrl":"https:\/\/www.sendblaster.com\/wp-content\/uploads\/2018\/03\/create-effective-emails-large.jpg","datePublished":"2018-05-23T14:05:37+00:00","dateModified":"2021-04-12T09:54:30+00:00","description":"SendBlaster oprogramowanie do masowej wysy\u0142ki emaili Mo\u017cliwo\u015bci programu do masowej wysy\u0142ki &nbsp; Tworznie newsletter\u00f3w Edytor HTML WYSIWYG Tworzenie wiadomo\u015bci jest mo\u017cliwe dzi\u0119ki prostemu, ale pot\u0119\u017cnemu edytorowi do edycji wizualnej HTML z","breadcrumb":{"@id":"https:\/\/www.sendblaster.com\/pl\/mozliwosci-programu-do-masowej-wysylki\/#breadcrumb"},"inLanguage":"pl-PL","potentialAction":[{"@type":"ReadAction","target":["https:\/\/www.sendblaster.com\/pl\/mozliwosci-programu-do-masowej-wysylki\/"]}]},{"@type":"ImageObject","inLanguage":"pl-PL","@id":"https:\/\/www.sendblaster.com\/pl\/mozliwosci-programu-do-masowej-wysylki\/#primaryimage","url":"https:\/\/www.sendblaster.com\/wp-content\/uploads\/2018\/03\/create-effective-emails-large.jpg","contentUrl":"https:\/\/www.sendblaster.com\/wp-content\/uploads\/2018\/03\/create-effective-emails-large.jpg"},{"@type":"BreadcrumbList","@id":"https:\/\/www.sendblaster.com\/pl\/mozliwosci-programu-do-masowej-wysylki\/#breadcrumb","itemListElement":[{"@type":"ListItem","position":1,"name":"Home","item":"https:\/\/www.sendblaster.com\/pl\/"},{"@type":"ListItem","position":2,"name":"Mo\u017cliwo\u015bci programu do masowej wysy\u0142ki"}]},{"@type":"WebSite","@id":"https:\/\/www.sendblaster.com\/#website","url":"https:\/\/www.sendblaster.com\/","name":"SendBlaster oprogramowanie do masowej wysy\u0142ki emaili","description":"","publisher":{"@id":"https:\/\/www.sendblaster.com\/#organization"},"potentialAction":[{"@type":"SearchAction","target":{"@type":"EntryPoint","urlTemplate":"https:\/\/www.sendblaster.com\/?s={search_term_string}"},"query-input":{"@type":"PropertyValueSpecification","valueRequired":true,"valueName":"search_term_string"}}],"inLanguage":"pl-PL"},{"@type":"Organization","@id":"https:\/\/www.sendblaster.com\/#organization","name":"SendBlaster oprogramowanie do masowej wysy\u0142ki emaili","url":"https:\/\/www.sendblaster.com\/","logo":{"@type":"ImageObject","inLanguage":"pl-PL","@id":"https:\/\/www.sendblaster.com\/#\/schema\/logo\/image\/","url":"https:\/\/www.sendblaster.com\/wp-content\/uploads\/2021\/09\/logo-svg-2021.svg","contentUrl":"https:\/\/www.sendblaster.com\/wp-content\/uploads\/2021\/09\/logo-svg-2021.svg","width":350,"height":70,"caption":"SendBlaster oprogramowanie do masowej wysy\u0142ki emaili"},"image":{"@id":"https:\/\/www.sendblaster.com\/#\/schema\/logo\/image\/"}}]}},"_links":{"self":[{"href":"https:\/\/www.sendblaster.com\/pl\/wp-json\/wp\/v2\/pages\/2657"}],"collection":[{"href":"https:\/\/www.sendblaster.com\/pl\/wp-json\/wp\/v2\/pages"}],"about":[{"href":"https:\/\/www.sendblaster.com\/pl\/wp-json\/wp\/v2\/types\/page"}],"author":[{"embeddable":true,"href":"https:\/\/www.sendblaster.com\/pl\/wp-json\/wp\/v2\/users\/1"}],"replies":[{"embeddable":true,"href":"https:\/\/www.sendblaster.com\/pl\/wp-json\/wp\/v2\/comments?post=2657"}],"version-history":[{"count":4,"href":"https:\/\/www.sendblaster.com\/pl\/wp-json\/wp\/v2\/pages\/2657\/revisions"}],"predecessor-version":[{"id":5284,"href":"https:\/\/www.sendblaster.com\/pl\/wp-json\/wp\/v2\/pages\/2657\/revisions\/5284"}],"wp:attachment":[{"href":"https:\/\/www.sendblaster.com\/pl\/wp-json\/wp\/v2\/media?parent=2657"}],"curies":[{"name":"wp","href":"https:\/\/api.w.org\/{rel}","templated":true}]}}