{"id":2648,"date":"2018-05-23T13:59:13","date_gmt":"2018-05-23T13:59:13","guid":{"rendered":"https:\/\/www.sendblaster.com\/wpnew-2018\/?page_id=2648"},"modified":"2021-04-12T15:41:30","modified_gmt":"2021-04-12T15:41:30","slug":"ekrany","status":"publish","type":"page","link":"https:\/\/www.sendblaster.com\/pl\/ekrany\/","title":{"rendered":"Ekrany"},"content":{"rendered":"<p style=\"text-align: center;\">Tu prezentujemy kilka ekran\u00f3w z g\u0142\u00f3wnych opcji naszego darmowego programu do masowej wysy\u0142ki SendBlaster. Jak mo\u017cesz zobaczy\u0107, nie ma menu g\u0142\u00f3wnego w Send-Blaster: Interfejs zosta\u0142 zaprojektowany by by\u0107 tak prostym jak to mo\u017cliwe, i w pe\u0142ni intuicyjny.<\/p>\n<p style=\"text-align: center; margin-bottom: 0px;\"><a href=\"https:\/\/www.sendblaster.com\/pl\/pobieranie\/\" title=\"Pobierz za darmo\" class=\"download-cta\">Pobierz za darmo<\/a><a href=\"https:\/\/www.sendblaster.com\/pl\/kup\/\" title=\"Kup SendBlaster Pro\" class=\"buy-cta\">Kup SendBlaster Pro<\/a><\/p>\n<p>&nbsp;<\/p>\n<ul class=\"g1-grid\"><li class=\"g1-column g1-one-fourth g1-valign-top screenshot\"><br \/>\n<a title=\"Okno strony domowej\" data-g1-lightbox=\"gallery-screenshot\" href=\"https:\/\/www.sendblaster.com\/sendblaster\/release2\/sites\/default\/files\/image\/screenshots-sb4\/screenshot_home.jpg\"><img decoding=\"async\" width=\"1300\" height=\"852\" src=\"https:\/\/www.sendblaster.com\/sendblaster\/release2\/sites\/default\/files\/image\/screenshots-sb4\/screenshot_home.jpg\" alt=\"Okno strony domowej\" \/><\/a><br \/>\n<i>Okno strony domowej<\/i><br \/>\n<\/li><!-- -->\n<li class=\"g1-column g1-one-fourth g1-valign-top screenshot\"><br \/>\n<a title=\"Tworzenie wiadomo\u015bci\" data-g1-lightbox=\"gallery-screenshot\" href=\"https:\/\/www.sendblaster.com\/sendblaster\/release2\/sites\/default\/files\/image\/screenshots-sb4\/screenshot_compose-msg.jpg\"><img decoding=\"async\" width=\"1300\" height=\"852\" src=\"https:\/\/www.sendblaster.com\/sendblaster\/release2\/sites\/default\/files\/image\/screenshots-sb4\/screenshot_compose-msg.jpg\" alt=\"Tworzenie wiadomo\u015bci\" \/><\/a><br \/>\n<i>Tworzenie wiadomo\u015bci<\/i><br \/>\n<\/li><!-- -->\n<li class=\"g1-column g1-one-fourth g1-valign-top screenshot\"><br \/>\n<a title=\"Wy\u015blij wiadomo\u015b\u0107\" data-g1-lightbox=\"gallery-screenshot\" href=\"https:\/\/www.sendblaster.com\/sendblaster\/release2\/sites\/default\/files\/image\/screenshots-sb4\/screenshot_send-msg.jpg\"><img decoding=\"async\" width=\"1300\" height=\"852\" src=\"https:\/\/www.sendblaster.com\/sendblaster\/release2\/sites\/default\/files\/image\/screenshots-sb4\/screenshot_send-msg.jpg\" alt=\"Wy\u015blij wiadomo\u015b\u0107\" \/><\/a><br \/>\n<i>Wy\u015blij wiadomo\u015b\u0107<\/i><br \/>\n<\/li><!-- -->\n<li class=\"g1-column g1-one-fourth g1-valign-top screenshot\"><br \/>\n<a title=\"Zaplanuj wysy\u0142k\u0119\" data-g1-lightbox=\"gallery-screenshot\" href=\"https:\/\/www.sendblaster.com\/sendblaster\/release2\/sites\/default\/files\/image\/screenshots-sb4\/screenshot_schedule.jpg\"><img decoding=\"async\" width=\"1300\" height=\"852\" src=\"https:\/\/www.sendblaster.com\/sendblaster\/release2\/sites\/default\/files\/image\/screenshots-sb4\/screenshot_schedule.jpg\" alt=\"Zaplanuj wysy\u0142k\u0119\" \/><\/a><br \/>\n<i>Zaplanuj wysy\u0142k\u0119<\/i><br \/>\n<\/li><!-- --><\/ul>\n<ul class=\"g1-grid\"><li class=\"g1-column g1-one-fourth g1-valign-top screenshot\"><br \/>\n<a title=\"Historia wiadomo\u015bci\" data-g1-lightbox=\"gallery-screenshot\" href=\"https:\/\/www.sendblaster.com\/sendblaster\/release2\/sites\/default\/files\/image\/screenshots-sb4\/screenshot_history.jpg\"><img decoding=\"async\" width=\"1300\" height=\"852\" src=\"https:\/\/www.sendblaster.com\/sendblaster\/release2\/sites\/default\/files\/image\/screenshots-sb4\/screenshot_history.jpg\" alt=\"Historia wiadomo\u015bci\" \/><\/a><br \/>\n<i>Historia wiadomo\u015bci<\/i><br \/>\n<\/li><!-- -->\n<li class=\"g1-column g1-one-fourth g1-valign-top screenshot\"><br \/>\n<a title=\"Google Analytics\" data-g1-lightbox=\"gallery-screenshot\" href=\"https:\/\/www.sendblaster.com\/sendblaster\/release2\/sites\/default\/files\/image\/screenshots-sb4\/screenshot_analytics.jpg\"><img decoding=\"async\" width=\"1300\" height=\"852\" src=\"https:\/\/www.sendblaster.com\/sendblaster\/release2\/sites\/default\/files\/image\/screenshots-sb4\/screenshot_analytics.jpg\" alt=\"Google Analytics\" \/><\/a><br \/>\n<i>Google Analytics<\/i><br \/>\n<\/li><!-- -->\n<li class=\"g1-column g1-one-fourth g1-valign-top screenshot\"><br \/>\n<a title=\"Wid\u017cety\" data-g1-lightbox=\"gallery-screenshot\" href=\"https:\/\/www.sendblaster.com\/sendblaster\/release2\/sites\/default\/files\/image\/screenshots-sb4\/screenshot_widgets.jpg\"><img decoding=\"async\" width=\"1300\" height=\"852\" src=\"https:\/\/www.sendblaster.com\/sendblaster\/release2\/sites\/default\/files\/image\/screenshots-sb4\/screenshot_widgets.jpg\" alt=\"Wid\u017cety\" \/><\/a><br \/>\n<i>Wid\u017cety<\/i><br \/>\n<\/li><!-- -->\n<li class=\"g1-column g1-one-fourth g1-valign-top screenshot\"><br \/>\n<a title=\"Blacklist\" data-g1-lightbox=\"gallery-screenshot\" href=\"https:\/\/www.sendblaster.com\/sendblaster\/release2\/sites\/default\/files\/image\/screenshots-sb4\/screenshot_blacklist.jpg\"><img decoding=\"async\" width=\"1300\" height=\"852\" src=\"https:\/\/www.sendblaster.com\/sendblaster\/release2\/sites\/default\/files\/image\/screenshots-sb4\/screenshot_blacklist.jpg\" alt=\"Blacklist\" \/><\/a><br \/>\n<i>Blacklist<\/i><br \/>\n<\/li><!-- --><\/ul>\n<ul class=\"g1-grid\"><li class=\"g1-column g1-one-fourth g1-valign-top screenshot\"><br \/>\n<a title=\"Importowanie list\" data-g1-lightbox=\"gallery-screenshot\" href=\"https:\/\/www.sendblaster.com\/sendblaster\/release2\/sites\/default\/files\/image\/screenshots-sb4\/screenshot_import.jpg\"><img decoding=\"async\" width=\"1300\" height=\"852\" src=\"https:\/\/www.sendblaster.com\/sendblaster\/release2\/sites\/default\/files\/image\/screenshots-sb4\/screenshot_import.jpg\" alt=\"Importowanie list\" \/><\/a><br \/>\n<i>Importowanie list<\/i><br \/>\n<\/li><!-- -->\n<li class=\"g1-column g1-one-fourth g1-valign-top screenshot\"><br \/>\n<a title=\"Eksport list\" data-g1-lightbox=\"gallery-screenshot\" href=\"https:\/\/www.sendblaster.com\/sendblaster\/release2\/sites\/default\/files\/image\/screenshots-sb4\/screenshot_export.jpg\"><img decoding=\"async\" width=\"1300\" height=\"852\" src=\"https:\/\/www.sendblaster.com\/sendblaster\/release2\/sites\/default\/files\/image\/screenshots-sb4\/screenshot_export.jpg\" alt=\"Eksport list\" \/><\/a><br \/>\n<i>Eksport list<\/i><br \/>\n<\/li><!-- -->\n<li class=\"g1-column g1-one-fourth g1-valign-top screenshot\"><br \/>\n<a title=\"Subskrypcje\" data-g1-lightbox=\"gallery-screenshot\" href=\"https:\/\/www.sendblaster.com\/sendblaster\/release2\/sites\/default\/files\/image\/screenshots-sb4\/screenshot_subscription-management.jpg\"><img decoding=\"async\" width=\"1300\" height=\"852\" src=\"https:\/\/www.sendblaster.com\/sendblaster\/release2\/sites\/default\/files\/image\/screenshots-sb4\/screenshot_subscription-management.jpg\" alt=\"Subskrypcje\" \/><\/a><br \/>\n<i>Subskrypcje<\/i><br \/>\n<\/li><!-- -->\n<li class=\"g1-column g1-one-fourth g1-valign-top screenshot\"><br \/>\n<a title=\"Bounce back\" data-g1-lightbox=\"gallery-screenshot\" href=\"https:\/\/www.sendblaster.com\/sendblaster\/release2\/sites\/default\/files\/image\/screenshots-sb4\/screenshot_bounce-backs.jpg\"><img decoding=\"async\" width=\"1300\" height=\"852\" src=\"https:\/\/www.sendblaster.com\/sendblaster\/release2\/sites\/default\/files\/image\/screenshots-sb4\/screenshot_bounce-backs.jpg\" alt=\"Bounce back\" \/><\/a><br \/>\n<i>Bounce back<\/i><br \/>\n<\/li><!-- --><\/ul>\n<ul class=\"g1-grid\"><li class=\"g1-column g1-one-fourth g1-valign-top screenshot\"><br \/>\n<a title=\"Zarz\u0105dzanie polami\" data-g1-lightbox=\"gallery-screenshot\" href=\"https:\/\/www.sendblaster.com\/sendblaster\/release2\/sites\/default\/files\/image\/screenshots-sb4\/screenshot_fields-management.jpg\"><img decoding=\"async\" width=\"1300\" height=\"852\" src=\"https:\/\/www.sendblaster.com\/sendblaster\/release2\/sites\/default\/files\/image\/screenshots-sb4\/screenshot_fields-management.jpg\" alt=\"Zarz\u0105dzanie polami\" \/><\/a><br \/>\n<i>Zarz\u0105dzanie polami<\/i><br \/>\n<\/li><!-- -->\n<li class=\"g1-column g1-one-fourth g1-valign-top screenshot\"><br \/>\n<a title=\"Zaawansowane ustawienia\" data-g1-lightbox=\"gallery-screenshot\" href=\"https:\/\/www.sendblaster.com\/sendblaster\/release2\/sites\/default\/files\/image\/screenshots-sb4\/screenshot_advanced-settings.jpg\"><img decoding=\"async\" width=\"1300\" height=\"852\" src=\"https:\/\/www.sendblaster.com\/sendblaster\/release2\/sites\/default\/files\/image\/screenshots-sb4\/screenshot_advanced-settings.jpg\" alt=\"Zaawansowane ustawienia\" \/><\/a><br \/>\n<i>Zaawansowane ustawienia<\/i><br \/>\n<\/li><!-- -->\n<li class=\"g1-column g1-one-fourth g1-valign-top screenshot\"><br \/>\n<a title=\"Bezpiecze\u0144stwo\" data-g1-lightbox=\"gallery-screenshot\" href=\"https:\/\/www.sendblaster.com\/sendblaster\/release2\/sites\/default\/files\/image\/screenshots-sb4\/screenshot_security.jpg\"><img decoding=\"async\" width=\"1300\" height=\"852\" src=\"https:\/\/www.sendblaster.com\/sendblaster\/release2\/sites\/default\/files\/image\/screenshots-sb4\/screenshot_security.jpg\" alt=\"Bezpiecze\u0144stwo\" \/><\/a><br \/>\n<i>Bezpiecze\u0144stwo<\/i><br \/>\n<\/li><!-- -->\n<li class=\"g1-column g1-one-fourth g1-valign-top screenshot\"><br \/>\n<a title=\"Edytor uk\u0142ad\u00f3w\" data-g1-lightbox=\"gallery-screenshot\" href=\"https:\/\/www.sendblaster.com\/sendblaster\/release2\/sites\/default\/files\/image\/screenshots-sb4\/screenshot_layout-creation.jpg\"><img decoding=\"async\" width=\"1300\" height=\"852\" src=\"https:\/\/www.sendblaster.com\/sendblaster\/release2\/sites\/default\/files\/image\/screenshots-sb4\/screenshot_layout-creation.jpg\" alt=\"Edytor uk\u0142ad\u00f3w\" \/><\/a><br \/>\n<i>Edytor uk\u0142ad\u00f3w<\/i><br \/>\n<\/li><!-- --><\/ul>\n<ul class=\"g1-grid\"><li class=\"g1-column g1-one-fourth g1-valign-top screenshot\"><br \/>\n<a title=\"Przytnij i zamie\u0144\" data-g1-lightbox=\"gallery-screenshot\" href=\"https:\/\/www.sendblaster.com\/sendblaster\/release2\/sites\/default\/files\/image\/screenshots-sb4\/screenshot_crop-replace.jpg\"><img decoding=\"async\" width=\"1300\" height=\"852\" src=\"https:\/\/www.sendblaster.com\/sendblaster\/release2\/sites\/default\/files\/image\/screenshots-sb4\/screenshot_crop-replace.jpg\" alt=\"Przytnij i zamie\u0144\" \/><\/a><br \/>\n<i>Przytnij i zamie\u0144<\/i><br \/>\n<\/li><!-- -->\n<li class=\"g1-column g1-one-fourth g1-valign-top screenshot\"><br \/>\n<a title=\"Sprawd\u017a linki\" data-g1-lightbox=\"gallery-screenshot\" href=\"https:\/\/www.sendblaster.com\/sendblaster\/release2\/sites\/default\/files\/image\/screenshots-sb4\/screenshot_check-links.jpg\"><img decoding=\"async\" width=\"1300\" height=\"852\" src=\"https:\/\/www.sendblaster.com\/sendblaster\/release2\/sites\/default\/files\/image\/screenshots-sb4\/screenshot_check-links.jpg\" alt=\"Sprawd\u017a linki\" \/><\/a><br \/>\n<i>Sprawd\u017a linki<\/i><br \/>\n<\/li><!-- -->\n<li class=\"g1-column g1-one-fourth g1-valign-top screenshot\"><br \/>\n<a title=\"Fragmenty tekstu\" data-g1-lightbox=\"gallery-screenshot\" href=\"https:\/\/www.sendblaster.com\/sendblaster\/release2\/sites\/default\/files\/image\/screenshots-sb4\/screenshot_text-snippets.jpg\"><img decoding=\"async\" width=\"1300\" height=\"852\" src=\"https:\/\/www.sendblaster.com\/sendblaster\/release2\/sites\/default\/files\/image\/screenshots-sb4\/screenshot_text-snippets.jpg\" alt=\"Fragmenty tekstu\" \/><\/a><br \/>\n<i>Fragmenty tekstu<\/i><br \/>\n<\/li><!-- -->\n<li class=\"g1-column g1-one-fourth g1-valign-top screenshot\"><br \/>\n<a title=\"Programowalne tagi\" data-g1-lightbox=\"gallery-screenshot\" href=\"https:\/\/www.sendblaster.com\/sendblaster\/release2\/sites\/default\/files\/image\/screenshots-sb4\/screenshot_scripts.jpg\"><img decoding=\"async\" width=\"1300\" height=\"852\" src=\"https:\/\/www.sendblaster.com\/sendblaster\/release2\/sites\/default\/files\/image\/screenshots-sb4\/screenshot_scripts.jpg\" alt=\"Programowalne tagi\" \/><\/a><br \/>\n<i>Programowalne tagi<\/i><br \/>\n<\/li><!-- --><\/ul>\n","protected":false},"excerpt":{"rendered":"<p>Tu prezentujemy kilka ekran\u00f3w z g\u0142\u00f3wnych opcji naszego darmowego programu do masowej wysy\u0142ki SendBlaster. Jak mo\u017cesz zobaczy\u0107, nie ma menu g\u0142\u00f3wnego w Send-Blaster: Interfejs zosta\u0142 zaprojektowany by by\u0107 tak prostym jak to mo\u017cliwe, i w pe\u0142ni intuicyjny. &nbsp; <\/p>\n<p class=\"read-more-container\"><a class=\"button read-more\" href=\"https:\/\/www.sendblaster.com\/pl\/ekrany\/\" title=\"\">Kontynuuj czytanie<\/a><\/p>\n","protected":false},"author":1,"featured_media":0,"parent":0,"menu_order":0,"comment_status":"closed","ping_status":"closed","template":"","meta":{"_monsterinsights_skip_tracking":false,"_monsterinsights_sitenote_active":false,"_monsterinsights_sitenote_note":"","_monsterinsights_sitenote_category":0,"footnotes":""},"class_list":["post-2648","page","type-page","status-publish"],"yoast_head":"<!-- This site is optimized with the Yoast SEO plugin v23.5 - https:\/\/yoast.com\/wordpress\/plugins\/seo\/ -->\n<title>Ekrany - SendBlaster oprogramowanie do masowej wysy\u0142ki emaili<\/title>\n<meta name=\"description\" content=\"SendBlaster oprogramowanie do masowej wysy\u0142ki emaili Ekrany Tu prezentujemy kilka ekran\u00f3w z g\u0142\u00f3wnych opcji naszego darmowego programu do masowej wysy\u0142ki SendBlaster. Jak mo\u017cesz zobaczy\u0107, nie ma menu g\u0142\u00f3wnego w\" \/>\n<meta name=\"robots\" content=\"index, follow, max-snippet:-1, max-image-preview:large, max-video-preview:-1\" \/>\n<link rel=\"canonical\" href=\"https:\/\/www.sendblaster.com\/pl\/ekrany\/\" \/>\n<meta property=\"og:locale\" content=\"pl_PL\" \/>\n<meta property=\"og:type\" content=\"article\" \/>\n<meta property=\"og:title\" content=\"Ekrany - SendBlaster oprogramowanie do masowej wysy\u0142ki emaili\" \/>\n<meta property=\"og:description\" content=\"SendBlaster oprogramowanie do masowej wysy\u0142ki emaili Ekrany Tu prezentujemy kilka ekran\u00f3w z g\u0142\u00f3wnych opcji naszego darmowego programu do masowej wysy\u0142ki SendBlaster. Jak mo\u017cesz zobaczy\u0107, nie ma menu g\u0142\u00f3wnego w\" \/>\n<meta property=\"og:url\" content=\"https:\/\/www.sendblaster.com\/pl\/ekrany\/\" \/>\n<meta property=\"og:site_name\" content=\"SendBlaster oprogramowanie do masowej wysy\u0142ki emaili\" \/>\n<meta property=\"article:modified_time\" content=\"2021-04-12T15:41:30+00:00\" \/>\n<meta property=\"og:image\" content=\"https:\/\/www.sendblaster.com\/sendblaster\/release2\/sites\/default\/files\/image\/screenshots-sb4\/screenshot_home.jpg\" \/>\n<meta name=\"twitter:card\" content=\"summary_large_image\" \/>\n<meta name=\"twitter:label1\" content=\"Szacowany czas czytania\" \/>\n\t<meta name=\"twitter:data1\" content=\"2 minuty\" \/>\n<script type=\"application\/ld+json\" class=\"yoast-schema-graph\">{\"@context\":\"https:\/\/schema.org\",\"@graph\":[{\"@type\":\"WebPage\",\"@id\":\"https:\/\/www.sendblaster.com\/pl\/ekrany\/\",\"url\":\"https:\/\/www.sendblaster.com\/pl\/ekrany\/\",\"name\":\"Ekrany - SendBlaster oprogramowanie do masowej wysy\u0142ki emaili\",\"isPartOf\":{\"@id\":\"https:\/\/www.sendblaster.com\/#website\"},\"primaryImageOfPage\":{\"@id\":\"https:\/\/www.sendblaster.com\/pl\/ekrany\/#primaryimage\"},\"image\":{\"@id\":\"https:\/\/www.sendblaster.com\/pl\/ekrany\/#primaryimage\"},\"thumbnailUrl\":\"https:\/\/www.sendblaster.com\/sendblaster\/release2\/sites\/default\/files\/image\/screenshots-sb4\/screenshot_home.jpg\",\"datePublished\":\"2018-05-23T13:59:13+00:00\",\"dateModified\":\"2021-04-12T15:41:30+00:00\",\"description\":\"SendBlaster oprogramowanie do masowej wysy\u0142ki emaili Ekrany Tu prezentujemy kilka ekran\u00f3w z g\u0142\u00f3wnych opcji naszego darmowego programu do masowej wysy\u0142ki SendBlaster. Jak mo\u017cesz zobaczy\u0107, nie ma menu g\u0142\u00f3wnego w\",\"breadcrumb\":{\"@id\":\"https:\/\/www.sendblaster.com\/pl\/ekrany\/#breadcrumb\"},\"inLanguage\":\"pl-PL\",\"potentialAction\":[{\"@type\":\"ReadAction\",\"target\":[\"https:\/\/www.sendblaster.com\/pl\/ekrany\/\"]}]},{\"@type\":\"ImageObject\",\"inLanguage\":\"pl-PL\",\"@id\":\"https:\/\/www.sendblaster.com\/pl\/ekrany\/#primaryimage\",\"url\":\"https:\/\/www.sendblaster.com\/sendblaster\/release2\/sites\/default\/files\/image\/screenshots-sb4\/screenshot_home.jpg\",\"contentUrl\":\"https:\/\/www.sendblaster.com\/sendblaster\/release2\/sites\/default\/files\/image\/screenshots-sb4\/screenshot_home.jpg\"},{\"@type\":\"BreadcrumbList\",\"@id\":\"https:\/\/www.sendblaster.com\/pl\/ekrany\/#breadcrumb\",\"itemListElement\":[{\"@type\":\"ListItem\",\"position\":1,\"name\":\"Home\",\"item\":\"https:\/\/www.sendblaster.com\/pl\/\"},{\"@type\":\"ListItem\",\"position\":2,\"name\":\"Ekrany\"}]},{\"@type\":\"WebSite\",\"@id\":\"https:\/\/www.sendblaster.com\/#website\",\"url\":\"https:\/\/www.sendblaster.com\/\",\"name\":\"SendBlaster oprogramowanie do masowej wysy\u0142ki emaili\",\"description\":\"\",\"publisher\":{\"@id\":\"https:\/\/www.sendblaster.com\/#organization\"},\"potentialAction\":[{\"@type\":\"SearchAction\",\"target\":{\"@type\":\"EntryPoint\",\"urlTemplate\":\"https:\/\/www.sendblaster.com\/?s={search_term_string}\"},\"query-input\":{\"@type\":\"PropertyValueSpecification\",\"valueRequired\":true,\"valueName\":\"search_term_string\"}}],\"inLanguage\":\"pl-PL\"},{\"@type\":\"Organization\",\"@id\":\"https:\/\/www.sendblaster.com\/#organization\",\"name\":\"SendBlaster oprogramowanie do masowej wysy\u0142ki emaili\",\"url\":\"https:\/\/www.sendblaster.com\/\",\"logo\":{\"@type\":\"ImageObject\",\"inLanguage\":\"pl-PL\",\"@id\":\"https:\/\/www.sendblaster.com\/#\/schema\/logo\/image\/\",\"url\":\"https:\/\/www.sendblaster.com\/wp-content\/uploads\/2021\/09\/logo-svg-2021.svg\",\"contentUrl\":\"https:\/\/www.sendblaster.com\/wp-content\/uploads\/2021\/09\/logo-svg-2021.svg\",\"width\":350,\"height\":70,\"caption\":\"SendBlaster oprogramowanie do masowej wysy\u0142ki emaili\"},\"image\":{\"@id\":\"https:\/\/www.sendblaster.com\/#\/schema\/logo\/image\/\"}}]}<\/script>\n<!-- \/ Yoast SEO plugin. -->","yoast_head_json":{"title":"Ekrany - SendBlaster oprogramowanie do masowej wysy\u0142ki emaili","description":"SendBlaster oprogramowanie do masowej wysy\u0142ki emaili Ekrany Tu prezentujemy kilka ekran\u00f3w z g\u0142\u00f3wnych opcji naszego darmowego programu do masowej wysy\u0142ki SendBlaster. Jak mo\u017cesz zobaczy\u0107, nie ma menu g\u0142\u00f3wnego w","robots":{"index":"index","follow":"follow","max-snippet":"max-snippet:-1","max-image-preview":"max-image-preview:large","max-video-preview":"max-video-preview:-1"},"canonical":"https:\/\/www.sendblaster.com\/pl\/ekrany\/","og_locale":"pl_PL","og_type":"article","og_title":"Ekrany - SendBlaster oprogramowanie do masowej wysy\u0142ki emaili","og_description":"SendBlaster oprogramowanie do masowej wysy\u0142ki emaili Ekrany Tu prezentujemy kilka ekran\u00f3w z g\u0142\u00f3wnych opcji naszego darmowego programu do masowej wysy\u0142ki SendBlaster. Jak mo\u017cesz zobaczy\u0107, nie ma menu g\u0142\u00f3wnego w","og_url":"https:\/\/www.sendblaster.com\/pl\/ekrany\/","og_site_name":"SendBlaster oprogramowanie do masowej wysy\u0142ki emaili","article_modified_time":"2021-04-12T15:41:30+00:00","og_image":[{"url":"https:\/\/www.sendblaster.com\/sendblaster\/release2\/sites\/default\/files\/image\/screenshots-sb4\/screenshot_home.jpg"}],"twitter_card":"summary_large_image","twitter_misc":{"Szacowany czas czytania":"2 minuty"},"schema":{"@context":"https:\/\/schema.org","@graph":[{"@type":"WebPage","@id":"https:\/\/www.sendblaster.com\/pl\/ekrany\/","url":"https:\/\/www.sendblaster.com\/pl\/ekrany\/","name":"Ekrany - SendBlaster oprogramowanie do masowej wysy\u0142ki emaili","isPartOf":{"@id":"https:\/\/www.sendblaster.com\/#website"},"primaryImageOfPage":{"@id":"https:\/\/www.sendblaster.com\/pl\/ekrany\/#primaryimage"},"image":{"@id":"https:\/\/www.sendblaster.com\/pl\/ekrany\/#primaryimage"},"thumbnailUrl":"https:\/\/www.sendblaster.com\/sendblaster\/release2\/sites\/default\/files\/image\/screenshots-sb4\/screenshot_home.jpg","datePublished":"2018-05-23T13:59:13+00:00","dateModified":"2021-04-12T15:41:30+00:00","description":"SendBlaster oprogramowanie do masowej wysy\u0142ki emaili Ekrany Tu prezentujemy kilka ekran\u00f3w z g\u0142\u00f3wnych opcji naszego darmowego programu do masowej wysy\u0142ki SendBlaster. Jak mo\u017cesz zobaczy\u0107, nie ma menu g\u0142\u00f3wnego w","breadcrumb":{"@id":"https:\/\/www.sendblaster.com\/pl\/ekrany\/#breadcrumb"},"inLanguage":"pl-PL","potentialAction":[{"@type":"ReadAction","target":["https:\/\/www.sendblaster.com\/pl\/ekrany\/"]}]},{"@type":"ImageObject","inLanguage":"pl-PL","@id":"https:\/\/www.sendblaster.com\/pl\/ekrany\/#primaryimage","url":"https:\/\/www.sendblaster.com\/sendblaster\/release2\/sites\/default\/files\/image\/screenshots-sb4\/screenshot_home.jpg","contentUrl":"https:\/\/www.sendblaster.com\/sendblaster\/release2\/sites\/default\/files\/image\/screenshots-sb4\/screenshot_home.jpg"},{"@type":"BreadcrumbList","@id":"https:\/\/www.sendblaster.com\/pl\/ekrany\/#breadcrumb","itemListElement":[{"@type":"ListItem","position":1,"name":"Home","item":"https:\/\/www.sendblaster.com\/pl\/"},{"@type":"ListItem","position":2,"name":"Ekrany"}]},{"@type":"WebSite","@id":"https:\/\/www.sendblaster.com\/#website","url":"https:\/\/www.sendblaster.com\/","name":"SendBlaster oprogramowanie do masowej wysy\u0142ki emaili","description":"","publisher":{"@id":"https:\/\/www.sendblaster.com\/#organization"},"potentialAction":[{"@type":"SearchAction","target":{"@type":"EntryPoint","urlTemplate":"https:\/\/www.sendblaster.com\/?s={search_term_string}"},"query-input":{"@type":"PropertyValueSpecification","valueRequired":true,"valueName":"search_term_string"}}],"inLanguage":"pl-PL"},{"@type":"Organization","@id":"https:\/\/www.sendblaster.com\/#organization","name":"SendBlaster oprogramowanie do masowej wysy\u0142ki emaili","url":"https:\/\/www.sendblaster.com\/","logo":{"@type":"ImageObject","inLanguage":"pl-PL","@id":"https:\/\/www.sendblaster.com\/#\/schema\/logo\/image\/","url":"https:\/\/www.sendblaster.com\/wp-content\/uploads\/2021\/09\/logo-svg-2021.svg","contentUrl":"https:\/\/www.sendblaster.com\/wp-content\/uploads\/2021\/09\/logo-svg-2021.svg","width":350,"height":70,"caption":"SendBlaster oprogramowanie do masowej wysy\u0142ki emaili"},"image":{"@id":"https:\/\/www.sendblaster.com\/#\/schema\/logo\/image\/"}}]}},"_links":{"self":[{"href":"https:\/\/www.sendblaster.com\/pl\/wp-json\/wp\/v2\/pages\/2648"}],"collection":[{"href":"https:\/\/www.sendblaster.com\/pl\/wp-json\/wp\/v2\/pages"}],"about":[{"href":"https:\/\/www.sendblaster.com\/pl\/wp-json\/wp\/v2\/types\/page"}],"author":[{"embeddable":true,"href":"https:\/\/www.sendblaster.com\/pl\/wp-json\/wp\/v2\/users\/1"}],"replies":[{"embeddable":true,"href":"https:\/\/www.sendblaster.com\/pl\/wp-json\/wp\/v2\/comments?post=2648"}],"version-history":[{"count":3,"href":"https:\/\/www.sendblaster.com\/pl\/wp-json\/wp\/v2\/pages\/2648\/revisions"}],"predecessor-version":[{"id":5312,"href":"https:\/\/www.sendblaster.com\/pl\/wp-json\/wp\/v2\/pages\/2648\/revisions\/5312"}],"wp:attachment":[{"href":"https:\/\/www.sendblaster.com\/pl\/wp-json\/wp\/v2\/media?parent=2648"}],"curies":[{"name":"wp","href":"https:\/\/api.w.org\/{rel}","templated":true}]}}