{"id":2608,"date":"2018-05-23T13:04:17","date_gmt":"2018-05-23T13:04:17","guid":{"rendered":"https:\/\/www.sendblaster.com\/wpnew-2018\/?page_id=2608"},"modified":"2018-05-23T13:04:17","modified_gmt":"2018-05-23T13:04:17","slug":"pobieranie","status":"publish","type":"page","link":"https:\/\/www.sendblaster.com\/pl\/pobieranie\/","title":{"rendered":"F\u00e5 SendBlaster gratis &#8211; Norsk spr\u00e5k"},"content":{"rendered":"<p style=\"text-align: center;\"><a href=\"https:\/\/www.sendblaster.com\/services\/download\/downloadsendblasterfree.php\" title=\"Pobierz SendBlaster Free\" class=\"download-cta-big\">POBIERZ SENDBLASTER FREE<br \/><small>100% darmowe oprogramowanie<\/small><\/a><\/p>\n<p style=\"text-align: center;\" class=\"release-data\">Siste release: 4.4.2 | Releasedato: 2020\/04\/10 | St\u00f8rrelse: 40\nMB<\/p>\n<p>&nbsp;<\/p>\n<h2>Systemkrav<\/h2>\n<ul>\n<li><strong>Windows XP \/ Vista&nbsp;<\/strong><strong>\/ Windows 7 \/ Windows 8 \/ Windows 10<\/strong><\/li>\n<li>Microsoft Internet Explorer 8 eller h\u00f8yere<\/li>\n<li>100 MB tilgjengelig plass p\u00e5 harddisk<\/li>\n<li>1 GB RAM<\/li>\n<li>Internett-tilkobling (helst bredb\u00e5ndstilkobling)<\/li>\n<\/ul>\n<p>&nbsp;<\/p>\n<h2>Gratis og nyttige script for ditt web-omr\u00e5de<\/h2>\n<ul>\n<li><a href=\"https:\/\/www.sendblaster.com\/..\/wordpress-double-optin-widget-plugin-newsletter-subscription\" title=\"wordpress double optin widget plugin newsletter subscription\">WordPress double opt-in widget plugin for newsletter subscription<\/a><\/li>\n<li><a href=\"https:\/\/www.sendblaster.com\/..\/mailing-spam-check-rate\" title=\"mailing spam check rate\">Mailing Spam Check rate<\/a><\/li>\n<li><a href=\"https:\/\/www.sendblaster.com\/..\/support\/lists-importing\/double-opt-free-php-form-mail\" title=\"support, lists importing, double opt free php form mail\">Double Opt-in free PHP form mail<\/a><\/li>\n<li><a href=\"https:\/\/www.sendblaster.com\/..\/complete-fields-form-mail-scripts\" title=\"complete fields form mail scripts\">Complete fields form mail scripts<\/a><\/li>\n<li><a href=\"https:\/\/www.sendblaster.com\/..\/support\/lists-importing\/single-opt-php-form-mail\" title=\"support, lists importing, single opt php form mail\">Single Opt-in PHP form mail<\/a><\/li>\n<li><a href=\"https:\/\/www.sendblaster.com\/..\/create-your-own-permission-based-email-list-using-php-captcha-form-script\" title=\"create your own permission based email list using php captcha form script\">Create your own permission based email list using Php Captcha Form Script<\/a><\/li>\n<li><a href=\"https:\/\/www.sendblaster.com\/..\/asp-single-opt-and-double-opt-formmail-scripts\" title=\"asp single opt and double opt formmail scripts\">ASP single opt-in and double opt-in formmail scripts<\/a><\/li>\n<\/ul>\n","protected":false},"excerpt":{"rendered":"<p>POBIERZ SENDBLASTER FREE100% darmowe oprogramowanie Siste release: | Releasedato: | St\u00f8rrelse: MB &nbsp; Systemkrav Windows XP \/ Vista&nbsp;\/ Windows 7 \/ Windows 8 \/ Windows 10 Microsoft Internet Explorer 8 eller h\u00f8yere 100 MB tilgjengelig plass p\u00e5 harddisk 1 GB <\/p>\n<p class=\"read-more-container\"><a class=\"button read-more\" href=\"https:\/\/www.sendblaster.com\/pl\/pobieranie\/\" title=\"\">Kontynuuj czytanie<\/a><\/p>\n","protected":false},"author":1,"featured_media":0,"parent":0,"menu_order":0,"comment_status":"closed","ping_status":"closed","template":"","meta":{"_monsterinsights_skip_tracking":false,"_monsterinsights_sitenote_active":false,"_monsterinsights_sitenote_note":"","_monsterinsights_sitenote_category":0,"footnotes":""},"class_list":["post-2608","page","type-page","status-publish"],"yoast_head":"<!-- This site is optimized with the Yoast SEO plugin v23.5 - https:\/\/yoast.com\/wordpress\/plugins\/seo\/ -->\n<title>F\u00e5 SendBlaster gratis - Norsk spr\u00e5k - SendBlaster oprogramowanie do masowej wysy\u0142ki emaili<\/title>\n<meta name=\"description\" content=\"SendBlaster oprogramowanie do masowej wysy\u0142ki emaili F\u00e5 SendBlaster gratis - Norsk spr\u00e5k POBIERZ SENDBLASTER FREE100% darmowe oprogramowanie Siste release: | Releasedato: | St\u00f8rrelse: MB &nbsp; Systemkrav Windows XP \/ Vista&nbsp;\/ Windows 7 \/\" \/>\n<meta name=\"robots\" content=\"index, follow, max-snippet:-1, max-image-preview:large, max-video-preview:-1\" \/>\n<link rel=\"canonical\" href=\"https:\/\/www.sendblaster.com\/pl\/pobieranie\/\" \/>\n<meta property=\"og:locale\" content=\"pl_PL\" \/>\n<meta property=\"og:type\" content=\"article\" \/>\n<meta property=\"og:title\" content=\"F\u00e5 SendBlaster gratis - Norsk spr\u00e5k - SendBlaster oprogramowanie do masowej wysy\u0142ki emaili\" \/>\n<meta property=\"og:description\" content=\"SendBlaster oprogramowanie do masowej wysy\u0142ki emaili F\u00e5 SendBlaster gratis - Norsk spr\u00e5k POBIERZ SENDBLASTER FREE100% darmowe oprogramowanie Siste release: | Releasedato: | St\u00f8rrelse: MB &nbsp; Systemkrav Windows XP \/ Vista&nbsp;\/ Windows 7 \/\" \/>\n<meta property=\"og:url\" content=\"https:\/\/www.sendblaster.com\/pl\/pobieranie\/\" \/>\n<meta property=\"og:site_name\" content=\"SendBlaster oprogramowanie do masowej wysy\u0142ki emaili\" \/>\n<meta name=\"twitter:card\" content=\"summary_large_image\" \/>\n<meta name=\"twitter:label1\" content=\"Szacowany czas czytania\" \/>\n\t<meta name=\"twitter:data1\" content=\"1 minuta\" \/>\n<script type=\"application\/ld+json\" class=\"yoast-schema-graph\">{\"@context\":\"https:\/\/schema.org\",\"@graph\":[{\"@type\":\"WebPage\",\"@id\":\"https:\/\/www.sendblaster.com\/pl\/pobieranie\/\",\"url\":\"https:\/\/www.sendblaster.com\/pl\/pobieranie\/\",\"name\":\"F\u00e5 SendBlaster gratis - Norsk spr\u00e5k - SendBlaster oprogramowanie do masowej wysy\u0142ki emaili\",\"isPartOf\":{\"@id\":\"https:\/\/www.sendblaster.com\/#website\"},\"datePublished\":\"2018-05-23T13:04:17+00:00\",\"dateModified\":\"2018-05-23T13:04:17+00:00\",\"description\":\"SendBlaster oprogramowanie do masowej wysy\u0142ki emaili F\u00e5 SendBlaster gratis - Norsk spr\u00e5k POBIERZ SENDBLASTER FREE100% darmowe oprogramowanie Siste release: | Releasedato: | St\u00f8rrelse: MB &nbsp; Systemkrav Windows XP \/ Vista&nbsp;\/ Windows 7 \/\",\"breadcrumb\":{\"@id\":\"https:\/\/www.sendblaster.com\/pl\/pobieranie\/#breadcrumb\"},\"inLanguage\":\"pl-PL\",\"potentialAction\":[{\"@type\":\"ReadAction\",\"target\":[\"https:\/\/www.sendblaster.com\/pl\/pobieranie\/\"]}]},{\"@type\":\"BreadcrumbList\",\"@id\":\"https:\/\/www.sendblaster.com\/pl\/pobieranie\/#breadcrumb\",\"itemListElement\":[{\"@type\":\"ListItem\",\"position\":1,\"name\":\"Home\",\"item\":\"https:\/\/www.sendblaster.com\/pl\/\"},{\"@type\":\"ListItem\",\"position\":2,\"name\":\"F\u00e5 SendBlaster gratis &#8211; Norsk spr\u00e5k\"}]},{\"@type\":\"WebSite\",\"@id\":\"https:\/\/www.sendblaster.com\/#website\",\"url\":\"https:\/\/www.sendblaster.com\/\",\"name\":\"SendBlaster oprogramowanie do masowej wysy\u0142ki emaili\",\"description\":\"\",\"publisher\":{\"@id\":\"https:\/\/www.sendblaster.com\/#organization\"},\"potentialAction\":[{\"@type\":\"SearchAction\",\"target\":{\"@type\":\"EntryPoint\",\"urlTemplate\":\"https:\/\/www.sendblaster.com\/?s={search_term_string}\"},\"query-input\":{\"@type\":\"PropertyValueSpecification\",\"valueRequired\":true,\"valueName\":\"search_term_string\"}}],\"inLanguage\":\"pl-PL\"},{\"@type\":\"Organization\",\"@id\":\"https:\/\/www.sendblaster.com\/#organization\",\"name\":\"SendBlaster oprogramowanie do masowej wysy\u0142ki emaili\",\"url\":\"https:\/\/www.sendblaster.com\/\",\"logo\":{\"@type\":\"ImageObject\",\"inLanguage\":\"pl-PL\",\"@id\":\"https:\/\/www.sendblaster.com\/#\/schema\/logo\/image\/\",\"url\":\"https:\/\/www.sendblaster.com\/wp-content\/uploads\/2021\/09\/logo-svg-2021.svg\",\"contentUrl\":\"https:\/\/www.sendblaster.com\/wp-content\/uploads\/2021\/09\/logo-svg-2021.svg\",\"width\":350,\"height\":70,\"caption\":\"SendBlaster oprogramowanie do masowej wysy\u0142ki emaili\"},\"image\":{\"@id\":\"https:\/\/www.sendblaster.com\/#\/schema\/logo\/image\/\"}}]}<\/script>\n<!-- \/ Yoast SEO plugin. -->","yoast_head_json":{"title":"F\u00e5 SendBlaster gratis - Norsk spr\u00e5k - SendBlaster oprogramowanie do masowej wysy\u0142ki emaili","description":"SendBlaster oprogramowanie do masowej wysy\u0142ki emaili F\u00e5 SendBlaster gratis - Norsk spr\u00e5k POBIERZ SENDBLASTER FREE100% darmowe oprogramowanie Siste release: | Releasedato: | St\u00f8rrelse: MB &nbsp; Systemkrav Windows XP \/ Vista&nbsp;\/ Windows 7 \/","robots":{"index":"index","follow":"follow","max-snippet":"max-snippet:-1","max-image-preview":"max-image-preview:large","max-video-preview":"max-video-preview:-1"},"canonical":"https:\/\/www.sendblaster.com\/pl\/pobieranie\/","og_locale":"pl_PL","og_type":"article","og_title":"F\u00e5 SendBlaster gratis - Norsk spr\u00e5k - SendBlaster oprogramowanie do masowej wysy\u0142ki emaili","og_description":"SendBlaster oprogramowanie do masowej wysy\u0142ki emaili F\u00e5 SendBlaster gratis - Norsk spr\u00e5k POBIERZ SENDBLASTER FREE100% darmowe oprogramowanie Siste release: | Releasedato: | St\u00f8rrelse: MB &nbsp; Systemkrav Windows XP \/ Vista&nbsp;\/ Windows 7 \/","og_url":"https:\/\/www.sendblaster.com\/pl\/pobieranie\/","og_site_name":"SendBlaster oprogramowanie do masowej wysy\u0142ki emaili","twitter_card":"summary_large_image","twitter_misc":{"Szacowany czas czytania":"1 minuta"},"schema":{"@context":"https:\/\/schema.org","@graph":[{"@type":"WebPage","@id":"https:\/\/www.sendblaster.com\/pl\/pobieranie\/","url":"https:\/\/www.sendblaster.com\/pl\/pobieranie\/","name":"F\u00e5 SendBlaster gratis - Norsk spr\u00e5k - SendBlaster oprogramowanie do masowej wysy\u0142ki emaili","isPartOf":{"@id":"https:\/\/www.sendblaster.com\/#website"},"datePublished":"2018-05-23T13:04:17+00:00","dateModified":"2018-05-23T13:04:17+00:00","description":"SendBlaster oprogramowanie do masowej wysy\u0142ki emaili F\u00e5 SendBlaster gratis - Norsk spr\u00e5k POBIERZ SENDBLASTER FREE100% darmowe oprogramowanie Siste release: | Releasedato: | St\u00f8rrelse: MB &nbsp; Systemkrav Windows XP \/ Vista&nbsp;\/ Windows 7 \/","breadcrumb":{"@id":"https:\/\/www.sendblaster.com\/pl\/pobieranie\/#breadcrumb"},"inLanguage":"pl-PL","potentialAction":[{"@type":"ReadAction","target":["https:\/\/www.sendblaster.com\/pl\/pobieranie\/"]}]},{"@type":"BreadcrumbList","@id":"https:\/\/www.sendblaster.com\/pl\/pobieranie\/#breadcrumb","itemListElement":[{"@type":"ListItem","position":1,"name":"Home","item":"https:\/\/www.sendblaster.com\/pl\/"},{"@type":"ListItem","position":2,"name":"F\u00e5 SendBlaster gratis &#8211; Norsk spr\u00e5k"}]},{"@type":"WebSite","@id":"https:\/\/www.sendblaster.com\/#website","url":"https:\/\/www.sendblaster.com\/","name":"SendBlaster oprogramowanie do masowej wysy\u0142ki emaili","description":"","publisher":{"@id":"https:\/\/www.sendblaster.com\/#organization"},"potentialAction":[{"@type":"SearchAction","target":{"@type":"EntryPoint","urlTemplate":"https:\/\/www.sendblaster.com\/?s={search_term_string}"},"query-input":{"@type":"PropertyValueSpecification","valueRequired":true,"valueName":"search_term_string"}}],"inLanguage":"pl-PL"},{"@type":"Organization","@id":"https:\/\/www.sendblaster.com\/#organization","name":"SendBlaster oprogramowanie do masowej wysy\u0142ki emaili","url":"https:\/\/www.sendblaster.com\/","logo":{"@type":"ImageObject","inLanguage":"pl-PL","@id":"https:\/\/www.sendblaster.com\/#\/schema\/logo\/image\/","url":"https:\/\/www.sendblaster.com\/wp-content\/uploads\/2021\/09\/logo-svg-2021.svg","contentUrl":"https:\/\/www.sendblaster.com\/wp-content\/uploads\/2021\/09\/logo-svg-2021.svg","width":350,"height":70,"caption":"SendBlaster oprogramowanie do masowej wysy\u0142ki emaili"},"image":{"@id":"https:\/\/www.sendblaster.com\/#\/schema\/logo\/image\/"}}]}},"_links":{"self":[{"href":"https:\/\/www.sendblaster.com\/pl\/wp-json\/wp\/v2\/pages\/2608"}],"collection":[{"href":"https:\/\/www.sendblaster.com\/pl\/wp-json\/wp\/v2\/pages"}],"about":[{"href":"https:\/\/www.sendblaster.com\/pl\/wp-json\/wp\/v2\/types\/page"}],"author":[{"embeddable":true,"href":"https:\/\/www.sendblaster.com\/pl\/wp-json\/wp\/v2\/users\/1"}],"replies":[{"embeddable":true,"href":"https:\/\/www.sendblaster.com\/pl\/wp-json\/wp\/v2\/comments?post=2608"}],"version-history":[{"count":1,"href":"https:\/\/www.sendblaster.com\/pl\/wp-json\/wp\/v2\/pages\/2608\/revisions"}],"predecessor-version":[{"id":2611,"href":"https:\/\/www.sendblaster.com\/pl\/wp-json\/wp\/v2\/pages\/2608\/revisions\/2611"}],"wp:attachment":[{"href":"https:\/\/www.sendblaster.com\/pl\/wp-json\/wp\/v2\/media?parent=2608"}],"curies":[{"name":"wp","href":"https:\/\/api.w.org\/{rel}","templated":true}]}}