{"id":2604,"date":"2018-05-23T12:57:11","date_gmt":"2018-05-23T12:57:11","guid":{"rendered":"https:\/\/www.sendblaster.com\/wpnew-2018\/?page_id=2604"},"modified":"2018-07-03T08:38:11","modified_gmt":"2018-07-03T08:38:11","slug":"kup","status":"publish","type":"page","link":"https:\/\/www.sendblaster.com\/pl\/kup\/","title":{"rendered":"KUP Swojego SendBlaster PRO teraz!"},"content":{"rendered":"<p style=\"text-align: center;\"><a href=\"https:\/\/www.sendblaster.com\/newshop\/?lang=pl&#038;products=SBPE04-EXTEND\" title=\"Kup SendBlaster Pro\" class=\"buy-cta-big\">Kup SendBlaster Pro<br \/><small>Jednorazowa op\u0142ata, do\u017cywotnia licencja<\/small><\/a><\/p>\n<p>&nbsp;<\/p>\n<h2 style=\"text-align: center;\">Licencje zbiorcze lub dystrybutorzy<\/h2>\n<p style=\"text-align: center;\"><a href=\"https:\/\/www.sendblaster.com\/newshop\/?lang=pl&#038;multilicense=true&#038;products=S4ML02\" title=\"Kup licencje zbiorcze\" class=\"reseller-cta-big\">Kup licencje zbiorcze<br \/><small>Innkj\u00f8p bare 2 eksemplarer vil f\u00e5 dig en rabat<\/small><\/a><\/p>\n<p>&nbsp;<\/p>\n<h2>Terms of purchase<\/h2>\n<ul>\n<li><strong><\/strong><strong>Wszystkie licencje s\u0105 wieczne<\/strong>, brak ponownych op\u0142at<\/li>\n<li><strong>Licencja PRO zawiera darmowe wsparcie klienta<\/strong><\/li>\n<li><strong><\/strong><strong>Wysy\u0142aj nielimitowane wiadomo\u015bci<\/strong> korzystaj\u0105c z PRO programu do masowej wysy\u0142ki<\/li>\n<li><strong>Brak dodatkowych koszt\u00f3w za email<\/strong><\/li>\n<li><strong>Upgrade <\/strong>sw\u00f3j SendBlaster <a href=\"https:\/\/www.sendblaster.com\/newshop\/?lang=pl&#038;products=UP3X40\" title=\"kup 0\">Darmowy program do masowej wysy\u0142ki email<\/a><\/li>\n<li><a href=\"15-days-moneyback-guarantee\" title=\"Money back guarantee\">Satysfakcja gwarantowana: 15 dni na zwrot pieni\u0119dzy <\/a><\/li>\n<\/ul>\n<p>&nbsp;<\/p>\n<h2>Sposoby p\u0142atno\u015bci<\/h2>\n<p>Karty kredytowe<\/p>\n<p><img decoding=\"async\" width=\"275\" height=\"89\" src=\"https:\/\/www.sendblaster.com\/wp-content\/uploads\/2018\/03\/credi-card.png\" alt=\"Karty kredytowe\" \/><\/p>\n<p>PayPal<\/p>\n<p><img decoding=\"async\" width=\"376\" height=\"103\" src=\"https:\/\/www.sendblaster.com\/wp-content\/uploads\/2018\/03\/paypal.png\" alt=\"PayPal\" \/><\/p>\n<p>&nbsp;<\/p>\n<h2>Bezpieczna bramka<\/h2>\n<p>Jak tylko dokonasz p\u0142atno\u015bci swoj\u0105 kart\u0105 kredytow\u0105 (kt\u00f3ra jest przetwarzana w czasie rzeczywistym), wy\u015blemy ci Twoj\u0105 kod licencji Pro, kt\u00f3ry odbezpieczy opcje Pro \u2013 z <strong>natychmiastow\u0105 dostaw\u0105<\/strong>. Korzystanie z karty kredytowej jest bezpieczne<\/p>\n<ul>\n<li>karty z USA s\u0105 obci\u0105\u017cane w dolarach, koszt licencji to 110$<\/li>\n<li>Nie zbieramy bezpo\u015brednio (nawet nie widzimy) danych twojej karty; zamiast tego korzystamy z bramki naszego banku do obs\u0142ugi kart, kt\u00f3ry przetworzy dla nas Twoj\u0105 p\u0142atno\u015b\u0107<\/li>\n<li>P\u0142atno\u015b\u0107 jest szyfrowana protoko\u0142em Secure Sockets Layer (SSL) z kluczem enkrypcji 128-bits (najwy\u017cszy poziom dost\u0119pny komercyjny)<\/li>\n<li>Jako dodatkowego zabezpieczenia korzystamy ze standardu przemys\u0142owego <strong>VerifiedByVisa\u00ae<\/strong> i <strong>SecureCode\u00ae<\/strong><\/li>\n<\/ul>\n","protected":false},"excerpt":{"rendered":"<p>Kup SendBlaster ProJednorazowa op\u0142ata, do\u017cywotnia licencja &nbsp; Licencje zbiorcze lub dystrybutorzy Kup licencje zbiorczeInnkj\u00f8p bare 2 eksemplarer vil f\u00e5 dig en rabat &nbsp; Terms of purchase Wszystkie licencje s\u0105 wieczne, brak ponownych op\u0142at Licencja PRO zawiera darmowe wsparcie klienta Wysy\u0142aj <\/p>\n<p class=\"read-more-container\"><a class=\"button read-more\" href=\"https:\/\/www.sendblaster.com\/pl\/kup\/\" title=\"\">Kontynuuj czytanie<\/a><\/p>\n","protected":false},"author":1,"featured_media":0,"parent":0,"menu_order":0,"comment_status":"closed","ping_status":"closed","template":"","meta":{"_monsterinsights_skip_tracking":false,"_monsterinsights_sitenote_active":false,"_monsterinsights_sitenote_note":"","_monsterinsights_sitenote_category":0,"footnotes":""},"class_list":["post-2604","page","type-page","status-publish"],"yoast_head":"<!-- This site is optimized with the Yoast SEO plugin v23.5 - https:\/\/yoast.com\/wordpress\/plugins\/seo\/ -->\n<title>KUP Swojego SendBlaster PRO teraz! - SendBlaster oprogramowanie do masowej wysy\u0142ki emaili<\/title>\n<meta name=\"description\" content=\"SendBlaster oprogramowanie do masowej wysy\u0142ki emaili KUP Swojego SendBlaster PRO teraz! Kup SendBlaster ProJednorazowa op\u0142ata, do\u017cywotnia licencja &nbsp; Licencje zbiorcze lub dystrybutorzy Kup licencje zbiorczeInnkj\u00f8p bare 2 eksemplarer vil\" \/>\n<meta name=\"robots\" content=\"index, follow, max-snippet:-1, max-image-preview:large, max-video-preview:-1\" \/>\n<link rel=\"canonical\" href=\"https:\/\/www.sendblaster.com\/pl\/kup\/\" \/>\n<meta property=\"og:locale\" content=\"pl_PL\" \/>\n<meta property=\"og:type\" content=\"article\" \/>\n<meta property=\"og:title\" content=\"KUP Swojego SendBlaster PRO teraz! - SendBlaster oprogramowanie do masowej wysy\u0142ki emaili\" \/>\n<meta property=\"og:description\" content=\"SendBlaster oprogramowanie do masowej wysy\u0142ki emaili KUP Swojego SendBlaster PRO teraz! Kup SendBlaster ProJednorazowa op\u0142ata, do\u017cywotnia licencja &nbsp; Licencje zbiorcze lub dystrybutorzy Kup licencje zbiorczeInnkj\u00f8p bare 2 eksemplarer vil\" \/>\n<meta property=\"og:url\" content=\"https:\/\/www.sendblaster.com\/pl\/kup\/\" \/>\n<meta property=\"og:site_name\" content=\"SendBlaster oprogramowanie do masowej wysy\u0142ki emaili\" \/>\n<meta property=\"article:modified_time\" content=\"2018-07-03T08:38:11+00:00\" \/>\n<meta property=\"og:image\" content=\"https:\/\/www.sendblaster.com\/wp-content\/uploads\/2018\/03\/credi-card.png\" \/>\n<meta name=\"twitter:card\" content=\"summary_large_image\" \/>\n<meta name=\"twitter:label1\" content=\"Szacowany czas czytania\" \/>\n\t<meta name=\"twitter:data1\" content=\"1 minuta\" \/>\n<script type=\"application\/ld+json\" class=\"yoast-schema-graph\">{\"@context\":\"https:\/\/schema.org\",\"@graph\":[{\"@type\":\"WebPage\",\"@id\":\"https:\/\/www.sendblaster.com\/pl\/kup\/\",\"url\":\"https:\/\/www.sendblaster.com\/pl\/kup\/\",\"name\":\"KUP Swojego SendBlaster PRO teraz! - SendBlaster oprogramowanie do masowej wysy\u0142ki emaili\",\"isPartOf\":{\"@id\":\"https:\/\/www.sendblaster.com\/#website\"},\"primaryImageOfPage\":{\"@id\":\"https:\/\/www.sendblaster.com\/pl\/kup\/#primaryimage\"},\"image\":{\"@id\":\"https:\/\/www.sendblaster.com\/pl\/kup\/#primaryimage\"},\"thumbnailUrl\":\"https:\/\/www.sendblaster.com\/wp-content\/uploads\/2018\/03\/credi-card.png\",\"datePublished\":\"2018-05-23T12:57:11+00:00\",\"dateModified\":\"2018-07-03T08:38:11+00:00\",\"description\":\"SendBlaster oprogramowanie do masowej wysy\u0142ki emaili KUP Swojego SendBlaster PRO teraz! Kup SendBlaster ProJednorazowa op\u0142ata, do\u017cywotnia licencja &nbsp; Licencje zbiorcze lub dystrybutorzy Kup licencje zbiorczeInnkj\u00f8p bare 2 eksemplarer vil\",\"breadcrumb\":{\"@id\":\"https:\/\/www.sendblaster.com\/pl\/kup\/#breadcrumb\"},\"inLanguage\":\"pl-PL\",\"potentialAction\":[{\"@type\":\"ReadAction\",\"target\":[\"https:\/\/www.sendblaster.com\/pl\/kup\/\"]}]},{\"@type\":\"ImageObject\",\"inLanguage\":\"pl-PL\",\"@id\":\"https:\/\/www.sendblaster.com\/pl\/kup\/#primaryimage\",\"url\":\"https:\/\/www.sendblaster.com\/wp-content\/uploads\/2018\/03\/credi-card.png\",\"contentUrl\":\"https:\/\/www.sendblaster.com\/wp-content\/uploads\/2018\/03\/credi-card.png\"},{\"@type\":\"BreadcrumbList\",\"@id\":\"https:\/\/www.sendblaster.com\/pl\/kup\/#breadcrumb\",\"itemListElement\":[{\"@type\":\"ListItem\",\"position\":1,\"name\":\"Home\",\"item\":\"https:\/\/www.sendblaster.com\/pl\/\"},{\"@type\":\"ListItem\",\"position\":2,\"name\":\"KUP Swojego SendBlaster PRO teraz!\"}]},{\"@type\":\"WebSite\",\"@id\":\"https:\/\/www.sendblaster.com\/#website\",\"url\":\"https:\/\/www.sendblaster.com\/\",\"name\":\"SendBlaster oprogramowanie do masowej wysy\u0142ki emaili\",\"description\":\"\",\"publisher\":{\"@id\":\"https:\/\/www.sendblaster.com\/#organization\"},\"potentialAction\":[{\"@type\":\"SearchAction\",\"target\":{\"@type\":\"EntryPoint\",\"urlTemplate\":\"https:\/\/www.sendblaster.com\/?s={search_term_string}\"},\"query-input\":{\"@type\":\"PropertyValueSpecification\",\"valueRequired\":true,\"valueName\":\"search_term_string\"}}],\"inLanguage\":\"pl-PL\"},{\"@type\":\"Organization\",\"@id\":\"https:\/\/www.sendblaster.com\/#organization\",\"name\":\"SendBlaster oprogramowanie do masowej wysy\u0142ki emaili\",\"url\":\"https:\/\/www.sendblaster.com\/\",\"logo\":{\"@type\":\"ImageObject\",\"inLanguage\":\"pl-PL\",\"@id\":\"https:\/\/www.sendblaster.com\/#\/schema\/logo\/image\/\",\"url\":\"https:\/\/www.sendblaster.com\/wp-content\/uploads\/2021\/09\/logo-svg-2021.svg\",\"contentUrl\":\"https:\/\/www.sendblaster.com\/wp-content\/uploads\/2021\/09\/logo-svg-2021.svg\",\"width\":350,\"height\":70,\"caption\":\"SendBlaster oprogramowanie do masowej wysy\u0142ki emaili\"},\"image\":{\"@id\":\"https:\/\/www.sendblaster.com\/#\/schema\/logo\/image\/\"}}]}<\/script>\n<!-- \/ Yoast SEO plugin. -->","yoast_head_json":{"title":"KUP Swojego SendBlaster PRO teraz! - SendBlaster oprogramowanie do masowej wysy\u0142ki emaili","description":"SendBlaster oprogramowanie do masowej wysy\u0142ki emaili KUP Swojego SendBlaster PRO teraz! Kup SendBlaster ProJednorazowa op\u0142ata, do\u017cywotnia licencja &nbsp; Licencje zbiorcze lub dystrybutorzy Kup licencje zbiorczeInnkj\u00f8p bare 2 eksemplarer vil","robots":{"index":"index","follow":"follow","max-snippet":"max-snippet:-1","max-image-preview":"max-image-preview:large","max-video-preview":"max-video-preview:-1"},"canonical":"https:\/\/www.sendblaster.com\/pl\/kup\/","og_locale":"pl_PL","og_type":"article","og_title":"KUP Swojego SendBlaster PRO teraz! - SendBlaster oprogramowanie do masowej wysy\u0142ki emaili","og_description":"SendBlaster oprogramowanie do masowej wysy\u0142ki emaili KUP Swojego SendBlaster PRO teraz! Kup SendBlaster ProJednorazowa op\u0142ata, do\u017cywotnia licencja &nbsp; Licencje zbiorcze lub dystrybutorzy Kup licencje zbiorczeInnkj\u00f8p bare 2 eksemplarer vil","og_url":"https:\/\/www.sendblaster.com\/pl\/kup\/","og_site_name":"SendBlaster oprogramowanie do masowej wysy\u0142ki emaili","article_modified_time":"2018-07-03T08:38:11+00:00","og_image":[{"url":"https:\/\/www.sendblaster.com\/wp-content\/uploads\/2018\/03\/credi-card.png"}],"twitter_card":"summary_large_image","twitter_misc":{"Szacowany czas czytania":"1 minuta"},"schema":{"@context":"https:\/\/schema.org","@graph":[{"@type":"WebPage","@id":"https:\/\/www.sendblaster.com\/pl\/kup\/","url":"https:\/\/www.sendblaster.com\/pl\/kup\/","name":"KUP Swojego SendBlaster PRO teraz! - SendBlaster oprogramowanie do masowej wysy\u0142ki emaili","isPartOf":{"@id":"https:\/\/www.sendblaster.com\/#website"},"primaryImageOfPage":{"@id":"https:\/\/www.sendblaster.com\/pl\/kup\/#primaryimage"},"image":{"@id":"https:\/\/www.sendblaster.com\/pl\/kup\/#primaryimage"},"thumbnailUrl":"https:\/\/www.sendblaster.com\/wp-content\/uploads\/2018\/03\/credi-card.png","datePublished":"2018-05-23T12:57:11+00:00","dateModified":"2018-07-03T08:38:11+00:00","description":"SendBlaster oprogramowanie do masowej wysy\u0142ki emaili KUP Swojego SendBlaster PRO teraz! Kup SendBlaster ProJednorazowa op\u0142ata, do\u017cywotnia licencja &nbsp; Licencje zbiorcze lub dystrybutorzy Kup licencje zbiorczeInnkj\u00f8p bare 2 eksemplarer vil","breadcrumb":{"@id":"https:\/\/www.sendblaster.com\/pl\/kup\/#breadcrumb"},"inLanguage":"pl-PL","potentialAction":[{"@type":"ReadAction","target":["https:\/\/www.sendblaster.com\/pl\/kup\/"]}]},{"@type":"ImageObject","inLanguage":"pl-PL","@id":"https:\/\/www.sendblaster.com\/pl\/kup\/#primaryimage","url":"https:\/\/www.sendblaster.com\/wp-content\/uploads\/2018\/03\/credi-card.png","contentUrl":"https:\/\/www.sendblaster.com\/wp-content\/uploads\/2018\/03\/credi-card.png"},{"@type":"BreadcrumbList","@id":"https:\/\/www.sendblaster.com\/pl\/kup\/#breadcrumb","itemListElement":[{"@type":"ListItem","position":1,"name":"Home","item":"https:\/\/www.sendblaster.com\/pl\/"},{"@type":"ListItem","position":2,"name":"KUP Swojego SendBlaster PRO teraz!"}]},{"@type":"WebSite","@id":"https:\/\/www.sendblaster.com\/#website","url":"https:\/\/www.sendblaster.com\/","name":"SendBlaster oprogramowanie do masowej wysy\u0142ki emaili","description":"","publisher":{"@id":"https:\/\/www.sendblaster.com\/#organization"},"potentialAction":[{"@type":"SearchAction","target":{"@type":"EntryPoint","urlTemplate":"https:\/\/www.sendblaster.com\/?s={search_term_string}"},"query-input":{"@type":"PropertyValueSpecification","valueRequired":true,"valueName":"search_term_string"}}],"inLanguage":"pl-PL"},{"@type":"Organization","@id":"https:\/\/www.sendblaster.com\/#organization","name":"SendBlaster oprogramowanie do masowej wysy\u0142ki emaili","url":"https:\/\/www.sendblaster.com\/","logo":{"@type":"ImageObject","inLanguage":"pl-PL","@id":"https:\/\/www.sendblaster.com\/#\/schema\/logo\/image\/","url":"https:\/\/www.sendblaster.com\/wp-content\/uploads\/2021\/09\/logo-svg-2021.svg","contentUrl":"https:\/\/www.sendblaster.com\/wp-content\/uploads\/2021\/09\/logo-svg-2021.svg","width":350,"height":70,"caption":"SendBlaster oprogramowanie do masowej wysy\u0142ki emaili"},"image":{"@id":"https:\/\/www.sendblaster.com\/#\/schema\/logo\/image\/"}}]}},"_links":{"self":[{"href":"https:\/\/www.sendblaster.com\/pl\/wp-json\/wp\/v2\/pages\/2604"}],"collection":[{"href":"https:\/\/www.sendblaster.com\/pl\/wp-json\/wp\/v2\/pages"}],"about":[{"href":"https:\/\/www.sendblaster.com\/pl\/wp-json\/wp\/v2\/types\/page"}],"author":[{"embeddable":true,"href":"https:\/\/www.sendblaster.com\/pl\/wp-json\/wp\/v2\/users\/1"}],"replies":[{"embeddable":true,"href":"https:\/\/www.sendblaster.com\/pl\/wp-json\/wp\/v2\/comments?post=2604"}],"version-history":[{"count":3,"href":"https:\/\/www.sendblaster.com\/pl\/wp-json\/wp\/v2\/pages\/2604\/revisions"}],"predecessor-version":[{"id":3180,"href":"https:\/\/www.sendblaster.com\/pl\/wp-json\/wp\/v2\/pages\/2604\/revisions\/3180"}],"wp:attachment":[{"href":"https:\/\/www.sendblaster.com\/pl\/wp-json\/wp\/v2\/media?parent=2604"}],"curies":[{"name":"wp","href":"https:\/\/api.w.org\/{rel}","templated":true}]}}