{"id":2704,"date":"2018-05-24T07:37:20","date_gmt":"2018-05-24T07:37:20","guid":{"rendered":"https:\/\/www.sendblaster.com\/wpnew-2018\/?page_id=2704"},"modified":"2018-05-24T07:37:20","modified_gmt":"2018-05-24T07:37:20","slug":"generell-sitemap","status":"publish","type":"page","link":"https:\/\/www.sendblaster.com\/nb\/generell-sitemap\/","title":{"rendered":"Generell sitemap"},"content":{"rendered":"<div class=\"wsp-container\"><h2 class=\"wsp-pages-title\">Pages<\/h2>\n<ul class=\"wsp-pages-list\">\n<li class=\"page_item page-item-2546\"><a href=\"https:\/\/www.sendblaster.com\/nb\/600-e-postmaler-for-sendblaster\/\">300 e-postmaler for Sendblaster<\/a><\/li>\n<li class=\"page_item page-item-2534\"><a href=\"https:\/\/www.sendblaster.com\/nb\/analyser-data\/\">Analyser data<\/a><\/li>\n<li class=\"page_item page-item-2524\"><a href=\"https:\/\/www.sendblaster.com\/nb\/anti-spam-lovgivning\/\">Anti-Spam lovgivning<\/a><\/li>\n<li class=\"page_item page-item-3504\"><a href=\"https:\/\/www.sendblaster.com\/nb\/asp-single-opt-og-dobbel-opt-formmail-script\/\">ASP single opt-in og dobbel opt-in formmail script<\/a><\/li>\n<li class=\"page_item page-item-2539\"><a href=\"https:\/\/www.sendblaster.com\/nb\/den-originale-bulk-e-post-blast-softwaren\/\">Den originale bulk e-post blast softwaren<\/a><\/li>\n<li class=\"page_item page-item-2516\"><a href=\"https:\/\/www.sendblaster.com\/nb\/distributorer\/\">Distribut\u00f8rer, Multiple lisenser rabatterte priser<\/a><\/li>\n<li class=\"page_item page-item-2526\"><a href=\"https:\/\/www.sendblaster.com\/nb\/e-post-leveringsrate\/\">E-post leveringsrate<\/a><\/li>\n<li class=\"page_item page-item-2704\"><a href=\"https:\/\/www.sendblaster.com\/nb\/generell-sitemap\/\">Generell sitemap<\/a><\/li>\n<li class=\"page_item page-item-2890\"><a href=\"https:\/\/www.sendblaster.com\/nb\/regsiter\/\">Gratis aktiveringskod<\/a><\/li>\n<li class=\"page_item page-item-2528\"><a href=\"https:\/\/www.sendblaster.com\/nb\/gratis-e-postmaler\/\">Gratis e-postmaler<\/a><\/li>\n<li class=\"page_item page-item-2459\"><a href=\"https:\/\/www.sendblaster.com\/nb\/\">Home Page NB<\/a><\/li>\n<li class=\"page_item page-item-2541\"><a href=\"https:\/\/www.sendblaster.com\/nb\/e-post-markedsforings-laerebok\/\">Hvordan gj\u00f8re en e-post markedsf\u00f8ringskampanje<\/a><\/li>\n<li class=\"page_item page-item-2506\"><a href=\"https:\/\/www.sendblaster.com\/nb\/kjop\/\">KJ\u00d8P din SendBlaster PRO n\u00e5!<\/a><\/li>\n<li class=\"page_item page-item-2520\"><a href=\"https:\/\/www.sendblaster.com\/nb\/complete-fields-form-mail-scripts\/\">Komplette felt form mail script<\/a><\/li>\n<li class=\"page_item page-item-2544\"><a href=\"https:\/\/www.sendblaster.com\/nb\/lag-din-egen-rettighetsbaserte-e-postliste-ved-hjelp-av-php-captcha-form-script\/\">Lag din egen rettighetsbaserte e-postliste ved hjelp av Php Captcha Form Script<\/a><\/li>\n<li class=\"page_item page-item-2537\"><a href=\"https:\/\/www.sendblaster.com\/nb\/lag-innflytelses-e-post\/\">Lag innflytelses-e-post<\/a><\/li>\n<li class=\"page_item page-item-2511\"><a href=\"https:\/\/www.sendblaster.com\/nb\/last-ned-e-post-markedsforing\/\">Last ned E-post markedsf\u00f8ring<\/a><\/li>\n<li class=\"page_item page-item-2530\"><a href=\"https:\/\/www.sendblaster.com\/nb\/mailing-spam-check-rate\/\">Mailing Spam Check rate<\/a><\/li>\n<li class=\"page_item page-item-2954\"><a href=\"https:\/\/www.sendblaster.com\/nb\/multilicense-aktivisering-form\/\">Multilicense Aktivisering Form<\/a><\/li>\n<li class=\"page_item page-item-2508\"><a href=\"https:\/\/www.sendblaster.com\/nb\/desktop-bulk-e-postsender-egenskaper\/\">Nyhetsbrev programvarefunksjoner<\/a><\/li>\n<li class=\"page_item page-item-2522\"><a href=\"https:\/\/www.sendblaster.com\/nb\/sammenligningstabell-free-nyhetsbrev-software-vs-pro-masseposting-software\/\">Sammenligningstabell: FREE nyhetsbrev-software vs. PRO masseposting-software<\/a><\/li>\n<li class=\"page_item page-item-2532\"><a href=\"https:\/\/www.sendblaster.com\/nb\/send-bulk-e-post-din-egen-e-post-markedsforingskampanje-pa-fa-minutter\/\">Send bulk e-post: din egen e-post markedsf\u00f8ringskampanje p\u00e5 f\u00e5 minutter<\/a><\/li>\n<li class=\"page_item page-item-2514\"><a href=\"https:\/\/www.sendblaster.com\/nb\/skjermbilder\/\">Skjermbilder<\/a><\/li>\n<\/ul>\n<h2 class=\"wsp-posts-title\">Posts by category<\/h2>\n<ul class=\"wsp-posts-list\">\n\t<li><strong class=\"wsp-category-title\">Category: <a href=\"https:\/\/www.sendblaster.com\/nb\/brukerstotte\/\">Brukerst\u00f8tte<\/a><\/strong>\n<ul class=\"wsp-posts-list\">\t<li><strong class=\"wsp-category-title\">Category: <a href=\"https:\/\/www.sendblaster.com\/nb\/brukerstotte\/forslag\/\">Forslag<\/a><\/strong>\n<ul class=\"wsp-posts-list\">\t\t<li class=\"wsp-post\"><a href=\"https:\/\/www.sendblaster.com\/nb\/brukerstotte\/forslag\/guide-til-bedre-masseutsendig-av-e-post\/\">Guide til bedre masseutsendig av e-post<\/a><\/li>\n<\/ul><\/li>\n\t<li><strong class=\"wsp-category-title\">Category: <a href=\"https:\/\/www.sendblaster.com\/nb\/brukerstotte\/importering-av-lister\/\">Importering av lister<\/a><\/strong>\n<ul class=\"wsp-posts-list\">\t\t<li class=\"wsp-post\"><a href=\"https:\/\/www.sendblaster.com\/nb\/brukerstotte\/importering-av-lister\/wordpress-widget-double-opt-nyhetsbrev-abonnement\/\">WordPress widget double opt-in nyhetsbrev-abonnement<\/a><\/li>\n\t\t<li class=\"wsp-post\"><a href=\"https:\/\/www.sendblaster.com\/nb\/brukerstotte\/importering-av-lister\/dobbel-opt-gratis-php-form-mail\/\">Dobbel Opt-in gratis PHP form mail<\/a><\/li>\n<\/ul><\/li>\n\t<li><strong class=\"wsp-category-title\">Category: <a href=\"https:\/\/www.sendblaster.com\/nb\/brukerstotte\/rettighetsbasert-liste\/\">Rettighetsbasert liste<\/a><\/strong>\n<ul class=\"wsp-posts-list\">\t\t<li class=\"wsp-post\"><a href=\"https:\/\/www.sendblaster.com\/nb\/brukerstotte\/rettighetsbasert-liste\/hvordan-lage-en-rettighetsbasert-liste\/\">Hvordan lage en rettighetsbasert liste<\/a><\/li>\n<\/ul><\/li>\n\t<li><strong class=\"wsp-category-title\">Category: <a href=\"https:\/\/www.sendblaster.com\/nb\/brukerstotte\/video-laerebok\/\">Video-l\u00e6rebok<\/a><\/strong>\n<ul class=\"wsp-posts-list\">\t\t<li class=\"wsp-post\"><a href=\"https:\/\/www.sendblaster.com\/nb\/brukerstotte\/video-laerebok\/instruksjonsvideoer\/\">Instruksjonsvideoer<\/a><\/li>\n<\/ul><\/li>\n<\/ul><\/li>\n<\/ul>\n<\/div>\n","protected":false},"excerpt":{"rendered":"\n<p class=\"read-more-container\"><a class=\"button read-more\" href=\"https:\/\/www.sendblaster.com\/nb\/generell-sitemap\/\" title=\"\">Fortsett \u00e5 lese<\/a><\/p>\n","protected":false},"author":1,"featured_media":0,"parent":0,"menu_order":0,"comment_status":"closed","ping_status":"closed","template":"","meta":{"_monsterinsights_skip_tracking":false,"_monsterinsights_sitenote_active":false,"_monsterinsights_sitenote_note":"","_monsterinsights_sitenote_category":0,"footnotes":""},"class_list":["post-2704","page","type-page","status-publish"],"yoast_head":"<!-- This site is optimized with the Yoast SEO plugin v23.5 - https:\/\/yoast.com\/wordpress\/plugins\/seo\/ -->\n<title>Generell sitemap - SendBlaster E-postmarkedsf\u00f8ring programvare<\/title>\n<meta name=\"description\" content=\"SendBlaster E-postmarkedsf\u00f8ring programvare Generell sitemap\" \/>\n<meta name=\"robots\" content=\"index, follow, max-snippet:-1, max-image-preview:large, max-video-preview:-1\" \/>\n<link rel=\"canonical\" href=\"https:\/\/www.sendblaster.com\/nb\/generell-sitemap\/\" \/>\n<meta property=\"og:locale\" content=\"nb_NO\" \/>\n<meta property=\"og:type\" content=\"article\" \/>\n<meta property=\"og:title\" content=\"Generell sitemap - SendBlaster E-postmarkedsf\u00f8ring programvare\" \/>\n<meta property=\"og:description\" content=\"SendBlaster E-postmarkedsf\u00f8ring programvare Generell sitemap\" \/>\n<meta property=\"og:url\" content=\"https:\/\/www.sendblaster.com\/nb\/generell-sitemap\/\" \/>\n<meta property=\"og:site_name\" content=\"SendBlaster E-postmarkedsf\u00f8ring programvare\" \/>\n<meta name=\"twitter:card\" content=\"summary_large_image\" \/>\n<script type=\"application\/ld+json\" class=\"yoast-schema-graph\">{\"@context\":\"https:\/\/schema.org\",\"@graph\":[{\"@type\":\"WebPage\",\"@id\":\"https:\/\/www.sendblaster.com\/nb\/generell-sitemap\/\",\"url\":\"https:\/\/www.sendblaster.com\/nb\/generell-sitemap\/\",\"name\":\"Generell sitemap - SendBlaster E-postmarkedsf\u00f8ring programvare\",\"isPartOf\":{\"@id\":\"https:\/\/www.sendblaster.com\/#website\"},\"datePublished\":\"2018-05-24T07:37:20+00:00\",\"dateModified\":\"2018-05-24T07:37:20+00:00\",\"description\":\"SendBlaster E-postmarkedsf\u00f8ring programvare Generell sitemap\",\"breadcrumb\":{\"@id\":\"https:\/\/www.sendblaster.com\/nb\/generell-sitemap\/#breadcrumb\"},\"inLanguage\":\"nb-NO\",\"potentialAction\":[{\"@type\":\"ReadAction\",\"target\":[\"https:\/\/www.sendblaster.com\/nb\/generell-sitemap\/\"]}]},{\"@type\":\"BreadcrumbList\",\"@id\":\"https:\/\/www.sendblaster.com\/nb\/generell-sitemap\/#breadcrumb\",\"itemListElement\":[{\"@type\":\"ListItem\",\"position\":1,\"name\":\"Home\",\"item\":\"https:\/\/www.sendblaster.com\/nb\/\"},{\"@type\":\"ListItem\",\"position\":2,\"name\":\"Generell sitemap\"}]},{\"@type\":\"WebSite\",\"@id\":\"https:\/\/www.sendblaster.com\/#website\",\"url\":\"https:\/\/www.sendblaster.com\/\",\"name\":\"SendBlaster E-postmarkedsf\u00f8ring programvare\",\"description\":\"\",\"publisher\":{\"@id\":\"https:\/\/www.sendblaster.com\/#organization\"},\"potentialAction\":[{\"@type\":\"SearchAction\",\"target\":{\"@type\":\"EntryPoint\",\"urlTemplate\":\"https:\/\/www.sendblaster.com\/?s={search_term_string}\"},\"query-input\":{\"@type\":\"PropertyValueSpecification\",\"valueRequired\":true,\"valueName\":\"search_term_string\"}}],\"inLanguage\":\"nb-NO\"},{\"@type\":\"Organization\",\"@id\":\"https:\/\/www.sendblaster.com\/#organization\",\"name\":\"SendBlaster E-postmarkedsf\u00f8ring programvare\",\"url\":\"https:\/\/www.sendblaster.com\/\",\"logo\":{\"@type\":\"ImageObject\",\"inLanguage\":\"nb-NO\",\"@id\":\"https:\/\/www.sendblaster.com\/#\/schema\/logo\/image\/\",\"url\":\"https:\/\/www.sendblaster.com\/wp-content\/uploads\/2021\/09\/logo-svg-2021.svg\",\"contentUrl\":\"https:\/\/www.sendblaster.com\/wp-content\/uploads\/2021\/09\/logo-svg-2021.svg\",\"width\":350,\"height\":70,\"caption\":\"SendBlaster E-postmarkedsf\u00f8ring programvare\"},\"image\":{\"@id\":\"https:\/\/www.sendblaster.com\/#\/schema\/logo\/image\/\"}}]}<\/script>\n<!-- \/ Yoast SEO plugin. -->","yoast_head_json":{"title":"Generell sitemap - SendBlaster E-postmarkedsf\u00f8ring programvare","description":"SendBlaster E-postmarkedsf\u00f8ring programvare Generell sitemap","robots":{"index":"index","follow":"follow","max-snippet":"max-snippet:-1","max-image-preview":"max-image-preview:large","max-video-preview":"max-video-preview:-1"},"canonical":"https:\/\/www.sendblaster.com\/nb\/generell-sitemap\/","og_locale":"nb_NO","og_type":"article","og_title":"Generell sitemap - SendBlaster E-postmarkedsf\u00f8ring programvare","og_description":"SendBlaster E-postmarkedsf\u00f8ring programvare Generell sitemap","og_url":"https:\/\/www.sendblaster.com\/nb\/generell-sitemap\/","og_site_name":"SendBlaster E-postmarkedsf\u00f8ring programvare","twitter_card":"summary_large_image","schema":{"@context":"https:\/\/schema.org","@graph":[{"@type":"WebPage","@id":"https:\/\/www.sendblaster.com\/nb\/generell-sitemap\/","url":"https:\/\/www.sendblaster.com\/nb\/generell-sitemap\/","name":"Generell sitemap - SendBlaster E-postmarkedsf\u00f8ring programvare","isPartOf":{"@id":"https:\/\/www.sendblaster.com\/#website"},"datePublished":"2018-05-24T07:37:20+00:00","dateModified":"2018-05-24T07:37:20+00:00","description":"SendBlaster E-postmarkedsf\u00f8ring programvare Generell sitemap","breadcrumb":{"@id":"https:\/\/www.sendblaster.com\/nb\/generell-sitemap\/#breadcrumb"},"inLanguage":"nb-NO","potentialAction":[{"@type":"ReadAction","target":["https:\/\/www.sendblaster.com\/nb\/generell-sitemap\/"]}]},{"@type":"BreadcrumbList","@id":"https:\/\/www.sendblaster.com\/nb\/generell-sitemap\/#breadcrumb","itemListElement":[{"@type":"ListItem","position":1,"name":"Home","item":"https:\/\/www.sendblaster.com\/nb\/"},{"@type":"ListItem","position":2,"name":"Generell sitemap"}]},{"@type":"WebSite","@id":"https:\/\/www.sendblaster.com\/#website","url":"https:\/\/www.sendblaster.com\/","name":"SendBlaster E-postmarkedsf\u00f8ring programvare","description":"","publisher":{"@id":"https:\/\/www.sendblaster.com\/#organization"},"potentialAction":[{"@type":"SearchAction","target":{"@type":"EntryPoint","urlTemplate":"https:\/\/www.sendblaster.com\/?s={search_term_string}"},"query-input":{"@type":"PropertyValueSpecification","valueRequired":true,"valueName":"search_term_string"}}],"inLanguage":"nb-NO"},{"@type":"Organization","@id":"https:\/\/www.sendblaster.com\/#organization","name":"SendBlaster E-postmarkedsf\u00f8ring programvare","url":"https:\/\/www.sendblaster.com\/","logo":{"@type":"ImageObject","inLanguage":"nb-NO","@id":"https:\/\/www.sendblaster.com\/#\/schema\/logo\/image\/","url":"https:\/\/www.sendblaster.com\/wp-content\/uploads\/2021\/09\/logo-svg-2021.svg","contentUrl":"https:\/\/www.sendblaster.com\/wp-content\/uploads\/2021\/09\/logo-svg-2021.svg","width":350,"height":70,"caption":"SendBlaster E-postmarkedsf\u00f8ring programvare"},"image":{"@id":"https:\/\/www.sendblaster.com\/#\/schema\/logo\/image\/"}}]}},"_links":{"self":[{"href":"https:\/\/www.sendblaster.com\/nb\/wp-json\/wp\/v2\/pages\/2704"}],"collection":[{"href":"https:\/\/www.sendblaster.com\/nb\/wp-json\/wp\/v2\/pages"}],"about":[{"href":"https:\/\/www.sendblaster.com\/nb\/wp-json\/wp\/v2\/types\/page"}],"author":[{"embeddable":true,"href":"https:\/\/www.sendblaster.com\/nb\/wp-json\/wp\/v2\/users\/1"}],"replies":[{"embeddable":true,"href":"https:\/\/www.sendblaster.com\/nb\/wp-json\/wp\/v2\/comments?post=2704"}],"version-history":[{"count":1,"href":"https:\/\/www.sendblaster.com\/nb\/wp-json\/wp\/v2\/pages\/2704\/revisions"}],"predecessor-version":[{"id":2705,"href":"https:\/\/www.sendblaster.com\/nb\/wp-json\/wp\/v2\/pages\/2704\/revisions\/2705"}],"wp:attachment":[{"href":"https:\/\/www.sendblaster.com\/nb\/wp-json\/wp\/v2\/media?parent=2704"}],"curies":[{"name":"wp","href":"https:\/\/api.w.org\/{rel}","templated":true}]}}