{"id":2546,"date":"2018-05-22T08:38:55","date_gmt":"2018-05-22T08:38:55","guid":{"rendered":"https:\/\/www.sendblaster.com\/wpnew-2018\/?page_id=2546"},"modified":"2018-07-03T08:45:32","modified_gmt":"2018-07-03T08:45:32","slug":"600-e-postmaler-for-sendblaster","status":"publish","type":"page","link":"https:\/\/www.sendblaster.com\/nb\/600-e-postmaler-for-sendblaster\/","title":{"rendered":"300 e-postmaler for Sendblaster"},"content":{"rendered":"<p>Dette er ikke vanlige &laquo;gjennomsnittlige&raquo; maler: <strong>Sendblaster e-post malpakken<\/strong> inneholder <strong>300 nydelig utformede e-postoppsett<\/strong> med utrolige effekter, profesjonelt utf\u00f8rt av v\u00e5re designere. <strong>F\u00e5 mer ut av e-postkampanjene dine med 300 profesjonelle HTML e-postmaler!<\/strong><\/p>\n<p>&nbsp;<\/p>\n<ul class=\"g1-grid\"><li class=\"g1-column g1-one-third g1-valign-top\">\n<p style=\"text-align: center; margin-top: 0px;\"><img decoding=\"async\" width=\"618\" height=\"609\" src=\"https:\/\/www.sendblaster.com\/wp-content\/uploads\/2018\/04\/sendblaster_email_template_collection_1.jpg\" alt=\"E-postmaler for Sendblaster\" \/><br \/>\n<small><i>E-postmaler for bil og motor<\/i><\/small><\/p>\n<\/li><!-- -->\n<li class=\"g1-column g1-one-third g1-valign-top\">\n<p style=\"text-align: center; margin-top: 0px;\"><img decoding=\"async\" width=\"909\" height=\"804\" src=\"https:\/\/www.sendblaster.com\/wp-content\/uploads\/2018\/04\/sendblaster_email_template_collection_2.jpg\" alt=\"E-postmaler for Sendblaster\" \/><br \/>\n<small><i>E-postmaler for Sport og fitness<\/i><\/small><\/p>\n<\/li><!-- -->\n<li class=\"g1-column g1-one-third g1-valign-top\">\n<p style=\"text-align: center; margin-top: 0px;\"><img decoding=\"async\" width=\"782\" height=\"821\" src=\"https:\/\/www.sendblaster.com\/wp-content\/uploads\/2018\/04\/sendblaster_email_template_collection_9.jpg\" alt=\"E-postmaler for Sendblaster\" \/><br \/>\n<small><i>E-postmaler for gr\u00f8nn makt<\/i><\/small><\/p>\n<\/li><!-- --><\/ul>\n<ul class=\"g1-grid\"><li class=\"g1-column g1-one-third g1-valign-top\">\n<p style=\"text-align: center; margin-top: 0px;\"><img decoding=\"async\" width=\"799\" height=\"935\" src=\"https:\/\/www.sendblaster.com\/wp-content\/uploads\/2018\/04\/sendblaster_email_template_collection_4.jpg\" alt=\"E-postmaler for Sendblaster\" \/><br \/>\n<small><i>E-postmaler for selskaper og virksomheter<\/i><\/small><\/p>\n<\/li><!-- -->\n<li class=\"g1-column g1-one-third g1-valign-top\">\n<p style=\"text-align: center; margin-top: 0px;\"><img decoding=\"async\" width=\"698\" height=\"835\" src=\"https:\/\/www.sendblaster.com\/wp-content\/uploads\/2018\/04\/sendblaster_email_template_collection_5.jpg\" alt=\"E-postmaler for Sendblaster\" \/><br \/>\n<small><i>E-postmaler for mote<\/i><\/small><\/p>\n<\/li><!-- -->\n<li class=\"g1-column g1-one-third g1-valign-top\">\n<p style=\"text-align: center; margin-top: 0px;\"><img decoding=\"async\" width=\"909\" height=\"1189\" src=\"https:\/\/www.sendblaster.com\/wp-content\/uploads\/2018\/04\/sendblaster_email_template_collection_6.jpg\" alt=\"E-postmaler for Sendblaster\" \/><br \/>\n<small><i>E-postmaler for spill og gambling<\/i><\/small><\/p>\n<\/li><!-- --><\/ul>\n<ul class=\"g1-grid\"><li class=\"g1-column g1-one-third g1-valign-top\">\n<p style=\"text-align: center; margin-top: 0px;\"><img decoding=\"async\" width=\"752\" height=\"804\" src=\"https:\/\/www.sendblaster.com\/wp-content\/uploads\/2018\/04\/sendblaster_email_template_collection_12.jpg\" alt=\"E-postmaler for Sendblaster\" \/><br \/>\n<small><i>E-postmaler for programvarer og tjenester<\/i><\/small><\/p>\n<\/li><!-- -->\n<li class=\"g1-column g1-one-third g1-valign-top\">\n<p style=\"text-align: center; margin-top: 0px;\"><img decoding=\"async\" width=\"814\" height=\"1189\" src=\"https:\/\/www.sendblaster.com\/wp-content\/uploads\/2018\/04\/sendblaster_email_template_collection_8.jpg\" alt=\"E-postmaler for Sendblaster\" \/><br \/>\n<small><i>E-postmaler for e-handel<\/i><\/small><\/p>\n<\/li><!-- -->\n<li class=\"g1-column g1-one-third g1-valign-top\">\n<p style=\"text-align: center; margin-top: 0px;\"><img decoding=\"async\" width=\"698\" height=\"971\" src=\"https:\/\/www.sendblaster.com\/wp-content\/uploads\/2018\/04\/sendblaster_email_template_collection_3.jpg\" alt=\"E-postmaler for Sendblaster\" \/><br \/>\n<small><i>E-postmaler for mat og drikke<\/i><\/small><\/p>\n<\/li><!-- --><\/ul>\n<ul class=\"g1-grid\"><li class=\"g1-column g1-one-third g1-valign-top\">\n<p style=\"text-align: center; margin-top: 0px;\"><img decoding=\"async\" width=\"695\" height=\"1088\" src=\"https:\/\/www.sendblaster.com\/wp-content\/uploads\/2018\/04\/sendblaster_email_template_collection_10.jpg\" alt=\"E-postmaler for Sendblaster\" \/><br \/>\n<small><i>E-postmaler for reise og turisme<\/i><\/small><\/p>\n<\/li><!-- -->\n<li class=\"g1-column g1-one-third g1-valign-top\">\n<p style=\"text-align: center; margin-top: 0px;\"><img decoding=\"async\" width=\"845\" height=\"1223\" src=\"https:\/\/www.sendblaster.com\/wp-content\/uploads\/2018\/04\/sendblaster_email_template_collection_11.jpg\" alt=\"E-postmaler for Sendblaster\" \/><br \/>\n<small><i>E-postmaler for teknologi<\/i><\/small><\/p>\n<\/li><!-- -->\n<li class=\"g1-column g1-one-third g1-valign-top\">\n<p style=\"text-align: center; margin-top: 0px;\"><img decoding=\"async\" width=\"876\" height=\"855\" src=\"https:\/\/www.sendblaster.com\/wp-content\/uploads\/2018\/04\/sendblaster_email_template_collection_7.jpg\" alt=\"E-postmaler for Sendblaster\" \/><br \/>\n<small><i>E-postmaler for gr\u00f8nn makt<\/i><\/small><\/p>\n<\/li><!-- --><\/ul>\n<p>&nbsp;<\/p>\n<p style=\"text-align: center;\"><a href=\"https:\/\/www.sendblaster.com\/newshop\/?lang=nb&#038;products=ETC1SB\" title=\"Kjop Email Template Collection\" class=\"buy-cta-big\">KJ\u00d8P EMAIL TEMPLATE COLLECTION<br \/><small>300 e-postmaler for Sendblaster<\/small><\/a><\/p>\n","protected":false},"excerpt":{"rendered":"<p>Dette er ikke vanlige &laquo;gjennomsnittlige&raquo; maler: Sendblaster e-post malpakken inneholder 300 nydelig utformede e-postoppsett med utrolige effekter, profesjonelt utf\u00f8rt av v\u00e5re designere. F\u00e5 mer ut av e-postkampanjene dine med 300 profesjonelle HTML e-postmaler! &nbsp; &nbsp; KJ\u00d8P EMAIL TEMPLATE COLLECTION300 e-postmaler <\/p>\n<p class=\"read-more-container\"><a class=\"button read-more\" href=\"https:\/\/www.sendblaster.com\/nb\/600-e-postmaler-for-sendblaster\/\" title=\"\">Fortsett \u00e5 lese<\/a><\/p>\n","protected":false},"author":1,"featured_media":0,"parent":0,"menu_order":0,"comment_status":"closed","ping_status":"closed","template":"","meta":{"_monsterinsights_skip_tracking":false,"_monsterinsights_sitenote_active":false,"_monsterinsights_sitenote_note":"","_monsterinsights_sitenote_category":0,"footnotes":""},"class_list":["post-2546","page","type-page","status-publish"],"yoast_head":"<!-- This site is optimized with the Yoast SEO plugin v23.5 - https:\/\/yoast.com\/wordpress\/plugins\/seo\/ -->\n<title>300 e-postmaler for Sendblaster - SendBlaster E-postmarkedsf\u00f8ring programvare<\/title>\n<meta name=\"description\" content=\"SendBlaster E-postmarkedsf\u00f8ring programvare 300 e-postmaler for Sendblaster Dette er ikke vanlige &quot;gjennomsnittlige&quot; maler: Sendblaster e-post malpakken inneholder 300 nydelig utformede e-postoppsett med utrolige effekter,\" \/>\n<meta name=\"robots\" content=\"index, follow, max-snippet:-1, max-image-preview:large, max-video-preview:-1\" \/>\n<link rel=\"canonical\" href=\"https:\/\/www.sendblaster.com\/nb\/all\/600-e-postmaler-for-sendblaster\/\" \/>\n<meta property=\"og:locale\" content=\"nb_NO\" \/>\n<meta property=\"og:type\" content=\"article\" \/>\n<meta property=\"og:title\" content=\"300 e-postmaler for Sendblaster - SendBlaster E-postmarkedsf\u00f8ring programvare\" \/>\n<meta property=\"og:description\" content=\"SendBlaster E-postmarkedsf\u00f8ring programvare 300 e-postmaler for Sendblaster Dette er ikke vanlige &quot;gjennomsnittlige&quot; maler: Sendblaster e-post malpakken inneholder 300 nydelig utformede e-postoppsett med utrolige effekter,\" \/>\n<meta property=\"og:url\" content=\"https:\/\/www.sendblaster.com\/nb\/all\/600-e-postmaler-for-sendblaster\/\" \/>\n<meta property=\"og:site_name\" content=\"SendBlaster E-postmarkedsf\u00f8ring programvare\" \/>\n<meta property=\"article:modified_time\" content=\"2018-07-03T08:45:32+00:00\" \/>\n<meta property=\"og:image\" content=\"https:\/\/www.sendblaster.com\/wp-content\/uploads\/2018\/04\/sendblaster_email_template_collection_1.jpg\" \/>\n<meta name=\"twitter:card\" content=\"summary_large_image\" \/>\n<meta name=\"twitter:label1\" content=\"Ansl. lesetid\" \/>\n\t<meta name=\"twitter:data1\" content=\"1 minutt\" \/>\n<script type=\"application\/ld+json\" class=\"yoast-schema-graph\">{\"@context\":\"https:\/\/schema.org\",\"@graph\":[{\"@type\":\"WebPage\",\"@id\":\"https:\/\/www.sendblaster.com\/nb\/all\/600-e-postmaler-for-sendblaster\/\",\"url\":\"https:\/\/www.sendblaster.com\/nb\/all\/600-e-postmaler-for-sendblaster\/\",\"name\":\"300 e-postmaler for Sendblaster - SendBlaster E-postmarkedsf\u00f8ring programvare\",\"isPartOf\":{\"@id\":\"https:\/\/www.sendblaster.com\/#website\"},\"primaryImageOfPage\":{\"@id\":\"https:\/\/www.sendblaster.com\/nb\/all\/600-e-postmaler-for-sendblaster\/#primaryimage\"},\"image\":{\"@id\":\"https:\/\/www.sendblaster.com\/nb\/all\/600-e-postmaler-for-sendblaster\/#primaryimage\"},\"thumbnailUrl\":\"https:\/\/www.sendblaster.com\/wp-content\/uploads\/2018\/04\/sendblaster_email_template_collection_1.jpg\",\"datePublished\":\"2018-05-22T08:38:55+00:00\",\"dateModified\":\"2018-07-03T08:45:32+00:00\",\"description\":\"SendBlaster E-postmarkedsf\u00f8ring programvare 300 e-postmaler for Sendblaster Dette er ikke vanlige \\\"gjennomsnittlige\\\" maler: Sendblaster e-post malpakken inneholder 300 nydelig utformede e-postoppsett med utrolige effekter,\",\"breadcrumb\":{\"@id\":\"https:\/\/www.sendblaster.com\/nb\/all\/600-e-postmaler-for-sendblaster\/#breadcrumb\"},\"inLanguage\":\"nb-NO\",\"potentialAction\":[{\"@type\":\"ReadAction\",\"target\":[\"https:\/\/www.sendblaster.com\/nb\/all\/600-e-postmaler-for-sendblaster\/\"]}]},{\"@type\":\"ImageObject\",\"inLanguage\":\"nb-NO\",\"@id\":\"https:\/\/www.sendblaster.com\/nb\/all\/600-e-postmaler-for-sendblaster\/#primaryimage\",\"url\":\"https:\/\/www.sendblaster.com\/wp-content\/uploads\/2018\/04\/sendblaster_email_template_collection_1.jpg\",\"contentUrl\":\"https:\/\/www.sendblaster.com\/wp-content\/uploads\/2018\/04\/sendblaster_email_template_collection_1.jpg\"},{\"@type\":\"BreadcrumbList\",\"@id\":\"https:\/\/www.sendblaster.com\/nb\/all\/600-e-postmaler-for-sendblaster\/#breadcrumb\",\"itemListElement\":[{\"@type\":\"ListItem\",\"position\":1,\"name\":\"Home\",\"item\":\"https:\/\/www.sendblaster.com\/nb\/\"},{\"@type\":\"ListItem\",\"position\":2,\"name\":\"300 e-postmaler for Sendblaster\"}]},{\"@type\":\"WebSite\",\"@id\":\"https:\/\/www.sendblaster.com\/#website\",\"url\":\"https:\/\/www.sendblaster.com\/\",\"name\":\"SendBlaster E-postmarkedsf\u00f8ring programvare\",\"description\":\"\",\"publisher\":{\"@id\":\"https:\/\/www.sendblaster.com\/#organization\"},\"potentialAction\":[{\"@type\":\"SearchAction\",\"target\":{\"@type\":\"EntryPoint\",\"urlTemplate\":\"https:\/\/www.sendblaster.com\/?s={search_term_string}\"},\"query-input\":{\"@type\":\"PropertyValueSpecification\",\"valueRequired\":true,\"valueName\":\"search_term_string\"}}],\"inLanguage\":\"nb-NO\"},{\"@type\":\"Organization\",\"@id\":\"https:\/\/www.sendblaster.com\/#organization\",\"name\":\"SendBlaster E-postmarkedsf\u00f8ring programvare\",\"url\":\"https:\/\/www.sendblaster.com\/\",\"logo\":{\"@type\":\"ImageObject\",\"inLanguage\":\"nb-NO\",\"@id\":\"https:\/\/www.sendblaster.com\/#\/schema\/logo\/image\/\",\"url\":\"https:\/\/www.sendblaster.com\/wp-content\/uploads\/2021\/09\/logo-svg-2021.svg\",\"contentUrl\":\"https:\/\/www.sendblaster.com\/wp-content\/uploads\/2021\/09\/logo-svg-2021.svg\",\"width\":350,\"height\":70,\"caption\":\"SendBlaster E-postmarkedsf\u00f8ring programvare\"},\"image\":{\"@id\":\"https:\/\/www.sendblaster.com\/#\/schema\/logo\/image\/\"}}]}<\/script>\n<!-- \/ Yoast SEO plugin. -->","yoast_head_json":{"title":"300 e-postmaler for Sendblaster - SendBlaster E-postmarkedsf\u00f8ring programvare","description":"SendBlaster E-postmarkedsf\u00f8ring programvare 300 e-postmaler for Sendblaster Dette er ikke vanlige \"gjennomsnittlige\" maler: Sendblaster e-post malpakken inneholder 300 nydelig utformede e-postoppsett med utrolige effekter,","robots":{"index":"index","follow":"follow","max-snippet":"max-snippet:-1","max-image-preview":"max-image-preview:large","max-video-preview":"max-video-preview:-1"},"canonical":"https:\/\/www.sendblaster.com\/nb\/all\/600-e-postmaler-for-sendblaster\/","og_locale":"nb_NO","og_type":"article","og_title":"300 e-postmaler for Sendblaster - SendBlaster E-postmarkedsf\u00f8ring programvare","og_description":"SendBlaster E-postmarkedsf\u00f8ring programvare 300 e-postmaler for Sendblaster Dette er ikke vanlige \"gjennomsnittlige\" maler: Sendblaster e-post malpakken inneholder 300 nydelig utformede e-postoppsett med utrolige effekter,","og_url":"https:\/\/www.sendblaster.com\/nb\/all\/600-e-postmaler-for-sendblaster\/","og_site_name":"SendBlaster E-postmarkedsf\u00f8ring programvare","article_modified_time":"2018-07-03T08:45:32+00:00","og_image":[{"url":"https:\/\/www.sendblaster.com\/wp-content\/uploads\/2018\/04\/sendblaster_email_template_collection_1.jpg"}],"twitter_card":"summary_large_image","twitter_misc":{"Ansl. lesetid":"1 minutt"},"schema":{"@context":"https:\/\/schema.org","@graph":[{"@type":"WebPage","@id":"https:\/\/www.sendblaster.com\/nb\/all\/600-e-postmaler-for-sendblaster\/","url":"https:\/\/www.sendblaster.com\/nb\/all\/600-e-postmaler-for-sendblaster\/","name":"300 e-postmaler for Sendblaster - SendBlaster E-postmarkedsf\u00f8ring programvare","isPartOf":{"@id":"https:\/\/www.sendblaster.com\/#website"},"primaryImageOfPage":{"@id":"https:\/\/www.sendblaster.com\/nb\/all\/600-e-postmaler-for-sendblaster\/#primaryimage"},"image":{"@id":"https:\/\/www.sendblaster.com\/nb\/all\/600-e-postmaler-for-sendblaster\/#primaryimage"},"thumbnailUrl":"https:\/\/www.sendblaster.com\/wp-content\/uploads\/2018\/04\/sendblaster_email_template_collection_1.jpg","datePublished":"2018-05-22T08:38:55+00:00","dateModified":"2018-07-03T08:45:32+00:00","description":"SendBlaster E-postmarkedsf\u00f8ring programvare 300 e-postmaler for Sendblaster Dette er ikke vanlige \"gjennomsnittlige\" maler: Sendblaster e-post malpakken inneholder 300 nydelig utformede e-postoppsett med utrolige effekter,","breadcrumb":{"@id":"https:\/\/www.sendblaster.com\/nb\/all\/600-e-postmaler-for-sendblaster\/#breadcrumb"},"inLanguage":"nb-NO","potentialAction":[{"@type":"ReadAction","target":["https:\/\/www.sendblaster.com\/nb\/all\/600-e-postmaler-for-sendblaster\/"]}]},{"@type":"ImageObject","inLanguage":"nb-NO","@id":"https:\/\/www.sendblaster.com\/nb\/all\/600-e-postmaler-for-sendblaster\/#primaryimage","url":"https:\/\/www.sendblaster.com\/wp-content\/uploads\/2018\/04\/sendblaster_email_template_collection_1.jpg","contentUrl":"https:\/\/www.sendblaster.com\/wp-content\/uploads\/2018\/04\/sendblaster_email_template_collection_1.jpg"},{"@type":"BreadcrumbList","@id":"https:\/\/www.sendblaster.com\/nb\/all\/600-e-postmaler-for-sendblaster\/#breadcrumb","itemListElement":[{"@type":"ListItem","position":1,"name":"Home","item":"https:\/\/www.sendblaster.com\/nb\/"},{"@type":"ListItem","position":2,"name":"300 e-postmaler for Sendblaster"}]},{"@type":"WebSite","@id":"https:\/\/www.sendblaster.com\/#website","url":"https:\/\/www.sendblaster.com\/","name":"SendBlaster E-postmarkedsf\u00f8ring programvare","description":"","publisher":{"@id":"https:\/\/www.sendblaster.com\/#organization"},"potentialAction":[{"@type":"SearchAction","target":{"@type":"EntryPoint","urlTemplate":"https:\/\/www.sendblaster.com\/?s={search_term_string}"},"query-input":{"@type":"PropertyValueSpecification","valueRequired":true,"valueName":"search_term_string"}}],"inLanguage":"nb-NO"},{"@type":"Organization","@id":"https:\/\/www.sendblaster.com\/#organization","name":"SendBlaster E-postmarkedsf\u00f8ring programvare","url":"https:\/\/www.sendblaster.com\/","logo":{"@type":"ImageObject","inLanguage":"nb-NO","@id":"https:\/\/www.sendblaster.com\/#\/schema\/logo\/image\/","url":"https:\/\/www.sendblaster.com\/wp-content\/uploads\/2021\/09\/logo-svg-2021.svg","contentUrl":"https:\/\/www.sendblaster.com\/wp-content\/uploads\/2021\/09\/logo-svg-2021.svg","width":350,"height":70,"caption":"SendBlaster E-postmarkedsf\u00f8ring programvare"},"image":{"@id":"https:\/\/www.sendblaster.com\/#\/schema\/logo\/image\/"}}]}},"_links":{"self":[{"href":"https:\/\/www.sendblaster.com\/nb\/wp-json\/wp\/v2\/pages\/2546"}],"collection":[{"href":"https:\/\/www.sendblaster.com\/nb\/wp-json\/wp\/v2\/pages"}],"about":[{"href":"https:\/\/www.sendblaster.com\/nb\/wp-json\/wp\/v2\/types\/page"}],"author":[{"embeddable":true,"href":"https:\/\/www.sendblaster.com\/nb\/wp-json\/wp\/v2\/users\/1"}],"replies":[{"embeddable":true,"href":"https:\/\/www.sendblaster.com\/nb\/wp-json\/wp\/v2\/comments?post=2546"}],"version-history":[{"count":3,"href":"https:\/\/www.sendblaster.com\/nb\/wp-json\/wp\/v2\/pages\/2546\/revisions"}],"predecessor-version":[{"id":3197,"href":"https:\/\/www.sendblaster.com\/nb\/wp-json\/wp\/v2\/pages\/2546\/revisions\/3197"}],"wp:attachment":[{"href":"https:\/\/www.sendblaster.com\/nb\/wp-json\/wp\/v2\/media?parent=2546"}],"curies":[{"name":"wp","href":"https:\/\/api.w.org\/{rel}","templated":true}]}}