{"id":2541,"date":"2018-05-22T08:30:12","date_gmt":"2018-05-22T08:30:12","guid":{"rendered":"https:\/\/www.sendblaster.com\/wpnew-2018\/?page_id=2541"},"modified":"2018-05-22T08:30:12","modified_gmt":"2018-05-22T08:30:12","slug":"e-post-markedsforings-laerebok","status":"publish","type":"page","link":"https:\/\/www.sendblaster.com\/nb\/e-post-markedsforings-laerebok\/","title":{"rendered":"Hvordan gj\u00f8re en e-post markedsf\u00f8ringskampanje"},"content":{"rendered":"<p>E-post markedsf\u00f8ring er uten tvil det mest direkte og effektive verkt\u00f8y for \u00e5 oppn\u00e5 kundelojalitet. Hvis du har et web-omr\u00e5de, har du selvf\u00f8lgelig bes\u00f8kende, f\u00e5 eller mange, og de er opplagt interessert i ditt innhold.<\/p>\n<p>Muligheten til \u00e5 profilere interesserte kunder har en stor verdi, og hvis du bruker slike verkt\u00f8y som \u201cbetal pr klikk\u201d (som Google Adwords), s\u00e5 er det enda bedre, og det ville v\u00e6re synd \u00e5 ikke bruke rettighets markedsf\u00f8ringsverkt\u00f8y til \u00e5 samle informasjon for \u00e5 n\u00e5 dine m\u00e5l (f. eks salg, regnskap).<\/p>\n<p>P\u00e5 den annen side, upersonlige e-poster til ukjente mennesker er ulovlig, verdil\u00f8st, og negativt for ditt varemerke og ditt web-omr\u00e5de. En posting til 200 interesserte klienter er bedre enn en til 20000 uinteresserte.<\/p>\n<p>Her er de f\u00e5 n\u00f8dvendige skrittene for \u00e5 starte opp e-postmarkedsf\u00f8ring helt gratis (med <a href=\"last-ned-e-post-markedsforing\" title=\"last ned e post markedsforing\">gratisversjonen av bulk e-post softwaren SendBlaster<\/a>) eller til engangspris p\u00e5 85 euro:<\/p>\n<ul>\n<li><a href=\"support\/lists-importing\/imporering-av-lister\" title=\"support, lists importing, imporering av lister\">Imporering av lister<\/a><\/li>\n<li><a title=\"support, permission based list, hvordan lage en rettighetsbasert liste\" href=\"support\/permission-based-list\/hvordan-lage-en-rettighetsbasert-liste\">Hvordan lage en rettighetsbasert liste<\/a><\/li>\n<li><a title=\"support, suggestions, guide til bedre masseutsendig av e post\" href=\"support\/suggestions\/guide-til-bedre-masseutsendig-av-e-post\">Guide til bedre masseutsendig av e-post<\/a><\/li>\n<li><a title=\"anti spam lovgivning\" href=\"anti-spam-lovgivning\">Anti-Spam lovgivning<\/a><\/li>\n<li><a title=\"e post leveringsrate\" href=\"e-post-leveringsrate\">E-post leveringsrate<\/a><\/li>\n<li><a title=\"analyser data\" href=\"analyser-data\">Analyser data<\/a><\/li>\n<\/ul>\n","protected":false},"excerpt":{"rendered":"<p>E-post markedsf\u00f8ring er uten tvil det mest direkte og effektive verkt\u00f8y for \u00e5 oppn\u00e5 kundelojalitet. Hvis du har et web-omr\u00e5de, har du selvf\u00f8lgelig bes\u00f8kende, f\u00e5 eller mange, og de er opplagt interessert i ditt innhold. Muligheten til \u00e5 profilere interesserte <\/p>\n<p class=\"read-more-container\"><a class=\"button read-more\" href=\"https:\/\/www.sendblaster.com\/nb\/e-post-markedsforings-laerebok\/\" title=\"\">Fortsett \u00e5 lese<\/a><\/p>\n","protected":false},"author":1,"featured_media":0,"parent":0,"menu_order":0,"comment_status":"closed","ping_status":"closed","template":"g1_template_page_sidebar_right.php","meta":{"_monsterinsights_skip_tracking":false,"_monsterinsights_sitenote_active":false,"_monsterinsights_sitenote_note":"","_monsterinsights_sitenote_category":0,"footnotes":""},"class_list":["post-2541","page","type-page","status-publish"],"yoast_head":"<!-- This site is optimized with the Yoast SEO plugin v23.5 - https:\/\/yoast.com\/wordpress\/plugins\/seo\/ -->\n<title>Hvordan gj\u00f8re en e-post markedsf\u00f8ringskampanje - SendBlaster E-postmarkedsf\u00f8ring programvare<\/title>\n<meta name=\"description\" content=\"SendBlaster E-postmarkedsf\u00f8ring programvare Hvordan gj\u00f8re en e-post markedsf\u00f8ringskampanje E-post markedsf\u00f8ring er uten tvil det mest direkte og effektive verkt\u00f8y for \u00e5 oppn\u00e5 kundelojalitet. Hvis du har et web-omr\u00e5de, har du selvf\u00f8lgelig\" \/>\n<meta name=\"robots\" content=\"index, follow, max-snippet:-1, max-image-preview:large, max-video-preview:-1\" \/>\n<link rel=\"canonical\" href=\"https:\/\/www.sendblaster.com\/nb\/e-post-markedsforings-laerebok\/\" \/>\n<meta property=\"og:locale\" content=\"nb_NO\" \/>\n<meta property=\"og:type\" content=\"article\" \/>\n<meta property=\"og:title\" content=\"Hvordan gj\u00f8re en e-post markedsf\u00f8ringskampanje - SendBlaster E-postmarkedsf\u00f8ring programvare\" \/>\n<meta property=\"og:description\" content=\"SendBlaster E-postmarkedsf\u00f8ring programvare Hvordan gj\u00f8re en e-post markedsf\u00f8ringskampanje E-post markedsf\u00f8ring er uten tvil det mest direkte og effektive verkt\u00f8y for \u00e5 oppn\u00e5 kundelojalitet. Hvis du har et web-omr\u00e5de, har du selvf\u00f8lgelig\" \/>\n<meta property=\"og:url\" content=\"https:\/\/www.sendblaster.com\/nb\/e-post-markedsforings-laerebok\/\" \/>\n<meta property=\"og:site_name\" content=\"SendBlaster E-postmarkedsf\u00f8ring programvare\" \/>\n<meta name=\"twitter:card\" content=\"summary_large_image\" \/>\n<meta name=\"twitter:label1\" content=\"Ansl. lesetid\" \/>\n\t<meta name=\"twitter:data1\" content=\"1 minutt\" \/>\n<script type=\"application\/ld+json\" class=\"yoast-schema-graph\">{\"@context\":\"https:\/\/schema.org\",\"@graph\":[{\"@type\":\"WebPage\",\"@id\":\"https:\/\/www.sendblaster.com\/nb\/e-post-markedsforings-laerebok\/\",\"url\":\"https:\/\/www.sendblaster.com\/nb\/e-post-markedsforings-laerebok\/\",\"name\":\"Hvordan gj\u00f8re en e-post markedsf\u00f8ringskampanje - SendBlaster E-postmarkedsf\u00f8ring programvare\",\"isPartOf\":{\"@id\":\"https:\/\/www.sendblaster.com\/#website\"},\"datePublished\":\"2018-05-22T08:30:12+00:00\",\"dateModified\":\"2018-05-22T08:30:12+00:00\",\"description\":\"SendBlaster E-postmarkedsf\u00f8ring programvare Hvordan gj\u00f8re en e-post markedsf\u00f8ringskampanje E-post markedsf\u00f8ring er uten tvil det mest direkte og effektive verkt\u00f8y for \u00e5 oppn\u00e5 kundelojalitet. Hvis du har et web-omr\u00e5de, har du selvf\u00f8lgelig\",\"breadcrumb\":{\"@id\":\"https:\/\/www.sendblaster.com\/nb\/e-post-markedsforings-laerebok\/#breadcrumb\"},\"inLanguage\":\"nb-NO\",\"potentialAction\":[{\"@type\":\"ReadAction\",\"target\":[\"https:\/\/www.sendblaster.com\/nb\/e-post-markedsforings-laerebok\/\"]}]},{\"@type\":\"BreadcrumbList\",\"@id\":\"https:\/\/www.sendblaster.com\/nb\/e-post-markedsforings-laerebok\/#breadcrumb\",\"itemListElement\":[{\"@type\":\"ListItem\",\"position\":1,\"name\":\"Home\",\"item\":\"https:\/\/www.sendblaster.com\/nb\/\"},{\"@type\":\"ListItem\",\"position\":2,\"name\":\"Hvordan gj\u00f8re en e-post markedsf\u00f8ringskampanje\"}]},{\"@type\":\"WebSite\",\"@id\":\"https:\/\/www.sendblaster.com\/#website\",\"url\":\"https:\/\/www.sendblaster.com\/\",\"name\":\"SendBlaster E-postmarkedsf\u00f8ring programvare\",\"description\":\"\",\"publisher\":{\"@id\":\"https:\/\/www.sendblaster.com\/#organization\"},\"potentialAction\":[{\"@type\":\"SearchAction\",\"target\":{\"@type\":\"EntryPoint\",\"urlTemplate\":\"https:\/\/www.sendblaster.com\/?s={search_term_string}\"},\"query-input\":{\"@type\":\"PropertyValueSpecification\",\"valueRequired\":true,\"valueName\":\"search_term_string\"}}],\"inLanguage\":\"nb-NO\"},{\"@type\":\"Organization\",\"@id\":\"https:\/\/www.sendblaster.com\/#organization\",\"name\":\"SendBlaster E-postmarkedsf\u00f8ring programvare\",\"url\":\"https:\/\/www.sendblaster.com\/\",\"logo\":{\"@type\":\"ImageObject\",\"inLanguage\":\"nb-NO\",\"@id\":\"https:\/\/www.sendblaster.com\/#\/schema\/logo\/image\/\",\"url\":\"https:\/\/www.sendblaster.com\/wp-content\/uploads\/2021\/09\/logo-svg-2021.svg\",\"contentUrl\":\"https:\/\/www.sendblaster.com\/wp-content\/uploads\/2021\/09\/logo-svg-2021.svg\",\"width\":350,\"height\":70,\"caption\":\"SendBlaster E-postmarkedsf\u00f8ring programvare\"},\"image\":{\"@id\":\"https:\/\/www.sendblaster.com\/#\/schema\/logo\/image\/\"}}]}<\/script>\n<!-- \/ Yoast SEO plugin. -->","yoast_head_json":{"title":"Hvordan gj\u00f8re en e-post markedsf\u00f8ringskampanje - SendBlaster E-postmarkedsf\u00f8ring programvare","description":"SendBlaster E-postmarkedsf\u00f8ring programvare Hvordan gj\u00f8re en e-post markedsf\u00f8ringskampanje E-post markedsf\u00f8ring er uten tvil det mest direkte og effektive verkt\u00f8y for \u00e5 oppn\u00e5 kundelojalitet. Hvis du har et web-omr\u00e5de, har du selvf\u00f8lgelig","robots":{"index":"index","follow":"follow","max-snippet":"max-snippet:-1","max-image-preview":"max-image-preview:large","max-video-preview":"max-video-preview:-1"},"canonical":"https:\/\/www.sendblaster.com\/nb\/e-post-markedsforings-laerebok\/","og_locale":"nb_NO","og_type":"article","og_title":"Hvordan gj\u00f8re en e-post markedsf\u00f8ringskampanje - SendBlaster E-postmarkedsf\u00f8ring programvare","og_description":"SendBlaster E-postmarkedsf\u00f8ring programvare Hvordan gj\u00f8re en e-post markedsf\u00f8ringskampanje E-post markedsf\u00f8ring er uten tvil det mest direkte og effektive verkt\u00f8y for \u00e5 oppn\u00e5 kundelojalitet. Hvis du har et web-omr\u00e5de, har du selvf\u00f8lgelig","og_url":"https:\/\/www.sendblaster.com\/nb\/e-post-markedsforings-laerebok\/","og_site_name":"SendBlaster E-postmarkedsf\u00f8ring programvare","twitter_card":"summary_large_image","twitter_misc":{"Ansl. lesetid":"1 minutt"},"schema":{"@context":"https:\/\/schema.org","@graph":[{"@type":"WebPage","@id":"https:\/\/www.sendblaster.com\/nb\/e-post-markedsforings-laerebok\/","url":"https:\/\/www.sendblaster.com\/nb\/e-post-markedsforings-laerebok\/","name":"Hvordan gj\u00f8re en e-post markedsf\u00f8ringskampanje - SendBlaster E-postmarkedsf\u00f8ring programvare","isPartOf":{"@id":"https:\/\/www.sendblaster.com\/#website"},"datePublished":"2018-05-22T08:30:12+00:00","dateModified":"2018-05-22T08:30:12+00:00","description":"SendBlaster E-postmarkedsf\u00f8ring programvare Hvordan gj\u00f8re en e-post markedsf\u00f8ringskampanje E-post markedsf\u00f8ring er uten tvil det mest direkte og effektive verkt\u00f8y for \u00e5 oppn\u00e5 kundelojalitet. Hvis du har et web-omr\u00e5de, har du selvf\u00f8lgelig","breadcrumb":{"@id":"https:\/\/www.sendblaster.com\/nb\/e-post-markedsforings-laerebok\/#breadcrumb"},"inLanguage":"nb-NO","potentialAction":[{"@type":"ReadAction","target":["https:\/\/www.sendblaster.com\/nb\/e-post-markedsforings-laerebok\/"]}]},{"@type":"BreadcrumbList","@id":"https:\/\/www.sendblaster.com\/nb\/e-post-markedsforings-laerebok\/#breadcrumb","itemListElement":[{"@type":"ListItem","position":1,"name":"Home","item":"https:\/\/www.sendblaster.com\/nb\/"},{"@type":"ListItem","position":2,"name":"Hvordan gj\u00f8re en e-post markedsf\u00f8ringskampanje"}]},{"@type":"WebSite","@id":"https:\/\/www.sendblaster.com\/#website","url":"https:\/\/www.sendblaster.com\/","name":"SendBlaster E-postmarkedsf\u00f8ring programvare","description":"","publisher":{"@id":"https:\/\/www.sendblaster.com\/#organization"},"potentialAction":[{"@type":"SearchAction","target":{"@type":"EntryPoint","urlTemplate":"https:\/\/www.sendblaster.com\/?s={search_term_string}"},"query-input":{"@type":"PropertyValueSpecification","valueRequired":true,"valueName":"search_term_string"}}],"inLanguage":"nb-NO"},{"@type":"Organization","@id":"https:\/\/www.sendblaster.com\/#organization","name":"SendBlaster E-postmarkedsf\u00f8ring programvare","url":"https:\/\/www.sendblaster.com\/","logo":{"@type":"ImageObject","inLanguage":"nb-NO","@id":"https:\/\/www.sendblaster.com\/#\/schema\/logo\/image\/","url":"https:\/\/www.sendblaster.com\/wp-content\/uploads\/2021\/09\/logo-svg-2021.svg","contentUrl":"https:\/\/www.sendblaster.com\/wp-content\/uploads\/2021\/09\/logo-svg-2021.svg","width":350,"height":70,"caption":"SendBlaster E-postmarkedsf\u00f8ring programvare"},"image":{"@id":"https:\/\/www.sendblaster.com\/#\/schema\/logo\/image\/"}}]}},"_links":{"self":[{"href":"https:\/\/www.sendblaster.com\/nb\/wp-json\/wp\/v2\/pages\/2541"}],"collection":[{"href":"https:\/\/www.sendblaster.com\/nb\/wp-json\/wp\/v2\/pages"}],"about":[{"href":"https:\/\/www.sendblaster.com\/nb\/wp-json\/wp\/v2\/types\/page"}],"author":[{"embeddable":true,"href":"https:\/\/www.sendblaster.com\/nb\/wp-json\/wp\/v2\/users\/1"}],"replies":[{"embeddable":true,"href":"https:\/\/www.sendblaster.com\/nb\/wp-json\/wp\/v2\/comments?post=2541"}],"version-history":[{"count":2,"href":"https:\/\/www.sendblaster.com\/nb\/wp-json\/wp\/v2\/pages\/2541\/revisions"}],"predecessor-version":[{"id":2543,"href":"https:\/\/www.sendblaster.com\/nb\/wp-json\/wp\/v2\/pages\/2541\/revisions\/2543"}],"wp:attachment":[{"href":"https:\/\/www.sendblaster.com\/nb\/wp-json\/wp\/v2\/media?parent=2541"}],"curies":[{"name":"wp","href":"https:\/\/api.w.org\/{rel}","templated":true}]}}