{"id":2534,"date":"2018-05-22T08:22:29","date_gmt":"2018-05-22T08:22:29","guid":{"rendered":"https:\/\/www.sendblaster.com\/wpnew-2018\/?page_id=2534"},"modified":"2021-04-12T12:16:30","modified_gmt":"2021-04-12T12:16:30","slug":"analyser-data","status":"publish","type":"page","link":"https:\/\/www.sendblaster.com\/nb\/analyser-data\/","title":{"rendered":"Analyser data"},"content":{"rendered":"<p style=\"text-align: center;\"><img decoding=\"async\" width=\"1390\" height=\"885\" src=\"https:\/\/www.sendblaster.com\/wp-content\/uploads\/2018\/03\/analyze-results-mailing-large.jpg\" alt=\"Analyser data\" class=\"features-image\" \/><\/p>\n<p style=\"text-align: center; margin-bottom: 0px;\"><a href=\"https:\/\/www.sendblaster.com\/nb\/last-ned-e-post-markedsforing\/\" title=\"Last ned gratis\" class=\"download-cta\">Last ned gratis<\/a><a href=\"https:\/\/www.sendblaster.com\/nb\/kjop\/\" title=\"Kj\u00f8p SendBlaster Pro\" class=\"buy-cta\">Kj\u00f8p SendBlaster Pro<\/a><\/p>\n<p>&nbsp;<\/p>\n<p>Effektiv e-post markedsf\u00f8ring forutsetter spesifikke verkt\u00f8y for analysering av data.<\/p>\n<p>SendBlaster &amp; <strong>Google Analytics<\/strong> gir deg svaret p\u00e5 om dine kunder kj\u00f8pte ditt produkt, abonnerte p\u00e5 din nettside eller fullf\u00f8rte m\u00e5l du satte i din Google Analytics etter \u00e5 ha lest e-poster.<\/p>\n<p>&nbsp;<\/p>\n<h2>Google Analytics<\/h2>\n<p>Hva skjer etter at dine mottagere klikker p\u00e5 en link i din e-post? Google Analytics er et <strong>helt gratis<\/strong> web analyseverkt\u00f8y som kan spore dine mottageres handlinger n\u00e5r de n\u00e5r ditt web-omr\u00e5de, og gi deg di svarene du trenger.<\/p>\n<ul>\n<li><a href=\"https:\/\/www.sendblaster.com\/..\/support\/email-tracking\/analyze-your-campaigns-with-google-analytics\" title=\"support, email tracking, analyze your campaigns with google analytics\">L\u00e6r mer om Google Analytics<\/a><\/li>\n<\/ul>\n","protected":false},"excerpt":{"rendered":"<p>&nbsp; Effektiv e-post markedsf\u00f8ring forutsetter spesifikke verkt\u00f8y for analysering av data. SendBlaster &amp; Google Analytics gir deg svaret p\u00e5 om dine kunder kj\u00f8pte ditt produkt, abonnerte p\u00e5 din nettside eller fullf\u00f8rte m\u00e5l du satte i din Google Analytics etter \u00e5 <\/p>\n<p class=\"read-more-container\"><a class=\"button read-more\" href=\"https:\/\/www.sendblaster.com\/nb\/analyser-data\/\" title=\"\">Fortsett \u00e5 lese<\/a><\/p>\n","protected":false},"author":1,"featured_media":0,"parent":0,"menu_order":0,"comment_status":"closed","ping_status":"closed","template":"","meta":{"_monsterinsights_skip_tracking":false,"_monsterinsights_sitenote_active":false,"_monsterinsights_sitenote_note":"","_monsterinsights_sitenote_category":0,"footnotes":""},"class_list":["post-2534","page","type-page","status-publish"],"yoast_head":"<!-- This site is optimized with the Yoast SEO plugin v23.5 - https:\/\/yoast.com\/wordpress\/plugins\/seo\/ -->\n<title>Analyser data - SendBlaster E-postmarkedsf\u00f8ring programvare<\/title>\n<meta name=\"description\" content=\"SendBlaster E-postmarkedsf\u00f8ring programvare Analyser data &nbsp; Effektiv e-post markedsf\u00f8ring forutsetter spesifikke verkt\u00f8y for analysering av data. SendBlaster &amp; Google Analytics gir deg svaret p\u00e5 om dine\" \/>\n<meta name=\"robots\" content=\"index, follow, max-snippet:-1, max-image-preview:large, max-video-preview:-1\" \/>\n<link rel=\"canonical\" href=\"https:\/\/www.sendblaster.com\/nb\/analyser-data\/\" \/>\n<meta property=\"og:locale\" content=\"nb_NO\" \/>\n<meta property=\"og:type\" content=\"article\" \/>\n<meta property=\"og:title\" content=\"Analyser data - SendBlaster E-postmarkedsf\u00f8ring programvare\" \/>\n<meta property=\"og:description\" content=\"SendBlaster E-postmarkedsf\u00f8ring programvare Analyser data &nbsp; Effektiv e-post markedsf\u00f8ring forutsetter spesifikke verkt\u00f8y for analysering av data. SendBlaster &amp; Google Analytics gir deg svaret p\u00e5 om dine\" \/>\n<meta property=\"og:url\" content=\"https:\/\/www.sendblaster.com\/nb\/analyser-data\/\" \/>\n<meta property=\"og:site_name\" content=\"SendBlaster E-postmarkedsf\u00f8ring programvare\" \/>\n<meta property=\"article:modified_time\" content=\"2021-04-12T12:16:30+00:00\" \/>\n<meta property=\"og:image\" content=\"https:\/\/www.sendblaster.com\/wp-content\/uploads\/2018\/03\/analyze-results-mailing-large.jpg\" \/>\n<meta name=\"twitter:card\" content=\"summary_large_image\" \/>\n<meta name=\"twitter:label1\" content=\"Ansl. lesetid\" \/>\n\t<meta name=\"twitter:data1\" content=\"1 minutt\" \/>\n<script type=\"application\/ld+json\" class=\"yoast-schema-graph\">{\"@context\":\"https:\/\/schema.org\",\"@graph\":[{\"@type\":\"WebPage\",\"@id\":\"https:\/\/www.sendblaster.com\/nb\/analyser-data\/\",\"url\":\"https:\/\/www.sendblaster.com\/nb\/analyser-data\/\",\"name\":\"Analyser data - SendBlaster E-postmarkedsf\u00f8ring programvare\",\"isPartOf\":{\"@id\":\"https:\/\/www.sendblaster.com\/#website\"},\"primaryImageOfPage\":{\"@id\":\"https:\/\/www.sendblaster.com\/nb\/analyser-data\/#primaryimage\"},\"image\":{\"@id\":\"https:\/\/www.sendblaster.com\/nb\/analyser-data\/#primaryimage\"},\"thumbnailUrl\":\"https:\/\/www.sendblaster.com\/wp-content\/uploads\/2018\/03\/analyze-results-mailing-large.jpg\",\"datePublished\":\"2018-05-22T08:22:29+00:00\",\"dateModified\":\"2021-04-12T12:16:30+00:00\",\"description\":\"SendBlaster E-postmarkedsf\u00f8ring programvare Analyser data &nbsp; Effektiv e-post markedsf\u00f8ring forutsetter spesifikke verkt\u00f8y for analysering av data. SendBlaster &amp; Google Analytics gir deg svaret p\u00e5 om dine\",\"breadcrumb\":{\"@id\":\"https:\/\/www.sendblaster.com\/nb\/analyser-data\/#breadcrumb\"},\"inLanguage\":\"nb-NO\",\"potentialAction\":[{\"@type\":\"ReadAction\",\"target\":[\"https:\/\/www.sendblaster.com\/nb\/analyser-data\/\"]}]},{\"@type\":\"ImageObject\",\"inLanguage\":\"nb-NO\",\"@id\":\"https:\/\/www.sendblaster.com\/nb\/analyser-data\/#primaryimage\",\"url\":\"https:\/\/www.sendblaster.com\/wp-content\/uploads\/2018\/03\/analyze-results-mailing-large.jpg\",\"contentUrl\":\"https:\/\/www.sendblaster.com\/wp-content\/uploads\/2018\/03\/analyze-results-mailing-large.jpg\"},{\"@type\":\"BreadcrumbList\",\"@id\":\"https:\/\/www.sendblaster.com\/nb\/analyser-data\/#breadcrumb\",\"itemListElement\":[{\"@type\":\"ListItem\",\"position\":1,\"name\":\"Home\",\"item\":\"https:\/\/www.sendblaster.com\/nb\/\"},{\"@type\":\"ListItem\",\"position\":2,\"name\":\"Analyser data\"}]},{\"@type\":\"WebSite\",\"@id\":\"https:\/\/www.sendblaster.com\/#website\",\"url\":\"https:\/\/www.sendblaster.com\/\",\"name\":\"SendBlaster E-postmarkedsf\u00f8ring programvare\",\"description\":\"\",\"publisher\":{\"@id\":\"https:\/\/www.sendblaster.com\/#organization\"},\"potentialAction\":[{\"@type\":\"SearchAction\",\"target\":{\"@type\":\"EntryPoint\",\"urlTemplate\":\"https:\/\/www.sendblaster.com\/?s={search_term_string}\"},\"query-input\":{\"@type\":\"PropertyValueSpecification\",\"valueRequired\":true,\"valueName\":\"search_term_string\"}}],\"inLanguage\":\"nb-NO\"},{\"@type\":\"Organization\",\"@id\":\"https:\/\/www.sendblaster.com\/#organization\",\"name\":\"SendBlaster E-postmarkedsf\u00f8ring programvare\",\"url\":\"https:\/\/www.sendblaster.com\/\",\"logo\":{\"@type\":\"ImageObject\",\"inLanguage\":\"nb-NO\",\"@id\":\"https:\/\/www.sendblaster.com\/#\/schema\/logo\/image\/\",\"url\":\"https:\/\/www.sendblaster.com\/wp-content\/uploads\/2021\/09\/logo-svg-2021.svg\",\"contentUrl\":\"https:\/\/www.sendblaster.com\/wp-content\/uploads\/2021\/09\/logo-svg-2021.svg\",\"width\":350,\"height\":70,\"caption\":\"SendBlaster E-postmarkedsf\u00f8ring programvare\"},\"image\":{\"@id\":\"https:\/\/www.sendblaster.com\/#\/schema\/logo\/image\/\"}}]}<\/script>\n<!-- \/ Yoast SEO plugin. -->","yoast_head_json":{"title":"Analyser data - SendBlaster E-postmarkedsf\u00f8ring programvare","description":"SendBlaster E-postmarkedsf\u00f8ring programvare Analyser data &nbsp; Effektiv e-post markedsf\u00f8ring forutsetter spesifikke verkt\u00f8y for analysering av data. SendBlaster &amp; Google Analytics gir deg svaret p\u00e5 om dine","robots":{"index":"index","follow":"follow","max-snippet":"max-snippet:-1","max-image-preview":"max-image-preview:large","max-video-preview":"max-video-preview:-1"},"canonical":"https:\/\/www.sendblaster.com\/nb\/analyser-data\/","og_locale":"nb_NO","og_type":"article","og_title":"Analyser data - SendBlaster E-postmarkedsf\u00f8ring programvare","og_description":"SendBlaster E-postmarkedsf\u00f8ring programvare Analyser data &nbsp; Effektiv e-post markedsf\u00f8ring forutsetter spesifikke verkt\u00f8y for analysering av data. SendBlaster &amp; Google Analytics gir deg svaret p\u00e5 om dine","og_url":"https:\/\/www.sendblaster.com\/nb\/analyser-data\/","og_site_name":"SendBlaster E-postmarkedsf\u00f8ring programvare","article_modified_time":"2021-04-12T12:16:30+00:00","og_image":[{"url":"https:\/\/www.sendblaster.com\/wp-content\/uploads\/2018\/03\/analyze-results-mailing-large.jpg"}],"twitter_card":"summary_large_image","twitter_misc":{"Ansl. lesetid":"1 minutt"},"schema":{"@context":"https:\/\/schema.org","@graph":[{"@type":"WebPage","@id":"https:\/\/www.sendblaster.com\/nb\/analyser-data\/","url":"https:\/\/www.sendblaster.com\/nb\/analyser-data\/","name":"Analyser data - SendBlaster E-postmarkedsf\u00f8ring programvare","isPartOf":{"@id":"https:\/\/www.sendblaster.com\/#website"},"primaryImageOfPage":{"@id":"https:\/\/www.sendblaster.com\/nb\/analyser-data\/#primaryimage"},"image":{"@id":"https:\/\/www.sendblaster.com\/nb\/analyser-data\/#primaryimage"},"thumbnailUrl":"https:\/\/www.sendblaster.com\/wp-content\/uploads\/2018\/03\/analyze-results-mailing-large.jpg","datePublished":"2018-05-22T08:22:29+00:00","dateModified":"2021-04-12T12:16:30+00:00","description":"SendBlaster E-postmarkedsf\u00f8ring programvare Analyser data &nbsp; Effektiv e-post markedsf\u00f8ring forutsetter spesifikke verkt\u00f8y for analysering av data. SendBlaster &amp; Google Analytics gir deg svaret p\u00e5 om dine","breadcrumb":{"@id":"https:\/\/www.sendblaster.com\/nb\/analyser-data\/#breadcrumb"},"inLanguage":"nb-NO","potentialAction":[{"@type":"ReadAction","target":["https:\/\/www.sendblaster.com\/nb\/analyser-data\/"]}]},{"@type":"ImageObject","inLanguage":"nb-NO","@id":"https:\/\/www.sendblaster.com\/nb\/analyser-data\/#primaryimage","url":"https:\/\/www.sendblaster.com\/wp-content\/uploads\/2018\/03\/analyze-results-mailing-large.jpg","contentUrl":"https:\/\/www.sendblaster.com\/wp-content\/uploads\/2018\/03\/analyze-results-mailing-large.jpg"},{"@type":"BreadcrumbList","@id":"https:\/\/www.sendblaster.com\/nb\/analyser-data\/#breadcrumb","itemListElement":[{"@type":"ListItem","position":1,"name":"Home","item":"https:\/\/www.sendblaster.com\/nb\/"},{"@type":"ListItem","position":2,"name":"Analyser data"}]},{"@type":"WebSite","@id":"https:\/\/www.sendblaster.com\/#website","url":"https:\/\/www.sendblaster.com\/","name":"SendBlaster E-postmarkedsf\u00f8ring programvare","description":"","publisher":{"@id":"https:\/\/www.sendblaster.com\/#organization"},"potentialAction":[{"@type":"SearchAction","target":{"@type":"EntryPoint","urlTemplate":"https:\/\/www.sendblaster.com\/?s={search_term_string}"},"query-input":{"@type":"PropertyValueSpecification","valueRequired":true,"valueName":"search_term_string"}}],"inLanguage":"nb-NO"},{"@type":"Organization","@id":"https:\/\/www.sendblaster.com\/#organization","name":"SendBlaster E-postmarkedsf\u00f8ring programvare","url":"https:\/\/www.sendblaster.com\/","logo":{"@type":"ImageObject","inLanguage":"nb-NO","@id":"https:\/\/www.sendblaster.com\/#\/schema\/logo\/image\/","url":"https:\/\/www.sendblaster.com\/wp-content\/uploads\/2021\/09\/logo-svg-2021.svg","contentUrl":"https:\/\/www.sendblaster.com\/wp-content\/uploads\/2021\/09\/logo-svg-2021.svg","width":350,"height":70,"caption":"SendBlaster E-postmarkedsf\u00f8ring programvare"},"image":{"@id":"https:\/\/www.sendblaster.com\/#\/schema\/logo\/image\/"}}]}},"_links":{"self":[{"href":"https:\/\/www.sendblaster.com\/nb\/wp-json\/wp\/v2\/pages\/2534"}],"collection":[{"href":"https:\/\/www.sendblaster.com\/nb\/wp-json\/wp\/v2\/pages"}],"about":[{"href":"https:\/\/www.sendblaster.com\/nb\/wp-json\/wp\/v2\/types\/page"}],"author":[{"embeddable":true,"href":"https:\/\/www.sendblaster.com\/nb\/wp-json\/wp\/v2\/users\/1"}],"replies":[{"embeddable":true,"href":"https:\/\/www.sendblaster.com\/nb\/wp-json\/wp\/v2\/comments?post=2534"}],"version-history":[{"count":3,"href":"https:\/\/www.sendblaster.com\/nb\/wp-json\/wp\/v2\/pages\/2534\/revisions"}],"predecessor-version":[{"id":5297,"href":"https:\/\/www.sendblaster.com\/nb\/wp-json\/wp\/v2\/pages\/2534\/revisions\/5297"}],"wp:attachment":[{"href":"https:\/\/www.sendblaster.com\/nb\/wp-json\/wp\/v2\/media?parent=2534"}],"curies":[{"name":"wp","href":"https:\/\/api.w.org\/{rel}","templated":true}]}}