{"id":2532,"date":"2018-05-22T08:19:39","date_gmt":"2018-05-22T08:19:39","guid":{"rendered":"https:\/\/www.sendblaster.com\/wpnew-2018\/?page_id=2532"},"modified":"2018-05-22T08:19:39","modified_gmt":"2018-05-22T08:19:39","slug":"send-bulk-e-post-din-egen-e-post-markedsforingskampanje-pa-fa-minutter","status":"publish","type":"page","link":"https:\/\/www.sendblaster.com\/nb\/send-bulk-e-post-din-egen-e-post-markedsforingskampanje-pa-fa-minutter\/","title":{"rendered":"Send bulk e-post: din egen e-post markedsf\u00f8ringskampanje p\u00e5 f\u00e5 minutter"},"content":{"rendered":"<p style=\"text-align: center;\"><img decoding=\"async\" width=\"815\" height=\"447\" src=\"https:\/\/www.sendblaster.com\/wp-content\/uploads\/2018\/03\/your-email-marketing-campaign-in-minutes.png\" alt=\"Send bulk e-post: din egen e-post markedsf\u00f8ringskampanje p\u00e5 f\u00e5 minutter\" \/><\/p>\n<p>SendBlaster is a <strong>free bulk email software<\/strong>, a mass email marketing program and a bulk emailing sender.  In today&#8217;s Internet <strong>marketing strategies<\/strong>, being on search engines is not enough: sales are a matter of trust. Web visitors become customers when you give them the content they&#8217;re searching for. Emailing and sending personalized content is legal when you gather <strong>new mailing list users<\/strong>, using <a title=\"Single Opt-in PHP form mail\" href=\"support\/lists-importing\/single-opt-php-form-mail\">free opt-in subscription modules<\/a> in your websites.  When you catch interested subscribers the key for a winning and cheap email marketing is to mass email the prospects using a bulk <strong><a title=\"Nyhetsbrev programvarefunksjoner\" href=\"desktop-bulk-e-postsender-egenskaper\">email blast<\/a> software<\/strong> as an <strong>email marketing program: <\/strong>the <strong><a title=\"Last ned E-post markedsf\u00f8ring\" href=\"last-ned-e-post-markedsforing\">free mass email<\/a> newsletter sender<\/strong> will automatically deliver mass emails and personalized emails to subscribed users in your emailing list.  <em>Turn occasional website visitors into recurring <\/em>users and customers by sending legitimate and confirmed bulk email newsletters, updates and targeted email offers: using a downloadable bulk email <strong>software on your PC<\/strong>.<\/p>\n<ul>\n<li><a title=\"last ned e post markedsforing\" href=\"last-ned-e-post-markedsforing\"><strong>Download<\/strong><\/a> SendBlaster <a title=\"last ned e post markedsforing\" href=\"last-ned-e-post-markedsforing\">Free Bulk email software<\/a>, and send today mass newsletters and email offers.<\/li>\n<li><a title=\"Single Opt-in PHP form mail\" href=\"support\/lists-importing\/single-opt-php-form-mail\">Download free php opt-in form mail newsletter subscription module<\/a> for website mailing list <strong>permission legitimate <\/strong>subscription (<a title=\"Dobbel Opt-in gratis PHP form mail\" href=\"support\/lists-importing\/dobbel-opt-gratis-php-form-mail\">verified double optin<\/a> and <a title=\"Lag din egen rettighetsbaserte e-postliste ved hjelp av Php Captcha Form Script\" href=\"lag-din-egen-rettighetsbaserte-e-postliste-ved-hjelp-av-php-captcha-form-script\">captcha Php<\/a> closed-loop opt-in scripts). SendBlaster <strong>bulk emailing software<\/strong> imports multiple user&#8217;s details into your local mailing list.<\/li>\n<li><strong>Create<\/strong> or <a title=\"Import from MS Outlook, Excel, Access via CSV file\" href=\"https:\/\/www.sendblaster.com\/..\/support\/lists-importing\/import-ms-outlook-excel-access-csv-file\"><strong>import<\/strong>.csv mailing list<\/a> and start your customer oriented permission bulk email marketing.<\/li>\n<li><strong>Send massive emails<\/strong> and contact multiple customers with one click send.<\/li>\n<\/ul>\n<p>Legitimate <a title=\"Advanced hints on better email sending\" href=\"https:\/\/www.sendblaster.com\/..\/support\/suggestions\/advanced-hints-better-email-sending\">direct bulk email marketing<\/a>: the best way of establishing a successful relationship with potential clients&#8230; sending bulk emails, with your contact&#8217;s permission of course!<\/p>\n<ul>\n<li><a title=\"Nyhetsbrev programvarefunksjoner\" href=\"desktop-bulk-e-postsender-egenskaper\">bulk emailer <strong>features<\/strong> list<\/a><\/li>\n<li><a title=\"Last ned E-post markedsf\u00f8ring\" href=\"last-ned-e-post-markedsforing\">free <strong>bulk email software download<\/strong> <\/a><\/li>\n<li><a title=\"Skjermbilder\" href=\"skjermbilder\">email sender <strong>software screenshots<\/strong><\/a><\/li>\n<li><a title=\"Kj\u00f8p\" href=\"kjop\">buy bulk email software <strong>PRO license<\/strong><\/a><\/li>\n<\/ul>\n<p style=\"text-align: center; margin-bottom: 0px;\"><a href=\"https:\/\/www.sendblaster.com\/nb\/last-ned-e-post-markedsforing\/\" title=\"Last ned gratis\" class=\"download-cta\">Last ned gratis<\/a><a href=\"https:\/\/www.sendblaster.com\/nb\/kjop\/\" title=\"Kj\u00f8p SendBlaster Pro\" class=\"buy-cta\">Kj\u00f8p SendBlaster Pro<\/a><\/p>\n","protected":false},"excerpt":{"rendered":"<p>SendBlaster is a free bulk email software, a mass email marketing program and a bulk emailing sender. In today&#8217;s Internet marketing strategies, being on search engines is not enough: sales are a matter of trust. Web visitors become customers when <\/p>\n<p class=\"read-more-container\"><a class=\"button read-more\" href=\"https:\/\/www.sendblaster.com\/nb\/send-bulk-e-post-din-egen-e-post-markedsforingskampanje-pa-fa-minutter\/\" title=\"\">Fortsett \u00e5 lese<\/a><\/p>\n","protected":false},"author":1,"featured_media":0,"parent":0,"menu_order":0,"comment_status":"closed","ping_status":"closed","template":"","meta":{"_monsterinsights_skip_tracking":false,"_monsterinsights_sitenote_active":false,"_monsterinsights_sitenote_note":"","_monsterinsights_sitenote_category":0,"footnotes":""},"class_list":["post-2532","page","type-page","status-publish"],"yoast_head":"<!-- This site is optimized with the Yoast SEO plugin v23.5 - https:\/\/yoast.com\/wordpress\/plugins\/seo\/ -->\n<title>Send bulk e-post: din egen e-post markedsf\u00f8ringskampanje p\u00e5 f\u00e5 minutter - SendBlaster E-postmarkedsf\u00f8ring programvare<\/title>\n<meta name=\"description\" content=\"SendBlaster E-postmarkedsf\u00f8ring programvare Send bulk e-post: din egen e-post markedsf\u00f8ringskampanje p\u00e5 f\u00e5 minutter SendBlaster is a free bulk email software, a mass email marketing program and a bulk emailing sender. In today&#039;s Internet marketing strategies, being on\" \/>\n<meta name=\"robots\" content=\"index, follow, max-snippet:-1, max-image-preview:large, max-video-preview:-1\" \/>\n<link rel=\"canonical\" href=\"https:\/\/www.sendblaster.com\/nb\/send-bulk-e-post-din-egen-e-post-markedsforingskampanje-pa-fa-minutter\/\" \/>\n<meta property=\"og:locale\" content=\"nb_NO\" \/>\n<meta property=\"og:type\" content=\"article\" \/>\n<meta property=\"og:title\" content=\"Send bulk e-post: din egen e-post markedsf\u00f8ringskampanje p\u00e5 f\u00e5 minutter - SendBlaster E-postmarkedsf\u00f8ring programvare\" \/>\n<meta property=\"og:description\" content=\"SendBlaster E-postmarkedsf\u00f8ring programvare Send bulk e-post: din egen e-post markedsf\u00f8ringskampanje p\u00e5 f\u00e5 minutter SendBlaster is a free bulk email software, a mass email marketing program and a bulk emailing sender. In today&#039;s Internet marketing strategies, being on\" \/>\n<meta property=\"og:url\" content=\"https:\/\/www.sendblaster.com\/nb\/send-bulk-e-post-din-egen-e-post-markedsforingskampanje-pa-fa-minutter\/\" \/>\n<meta property=\"og:site_name\" content=\"SendBlaster E-postmarkedsf\u00f8ring programvare\" \/>\n<meta property=\"og:image\" content=\"https:\/\/www.sendblaster.com\/wp-content\/uploads\/2018\/03\/your-email-marketing-campaign-in-minutes.png\" \/>\n<meta name=\"twitter:card\" content=\"summary_large_image\" \/>\n<meta name=\"twitter:label1\" content=\"Ansl. lesetid\" \/>\n\t<meta name=\"twitter:data1\" content=\"1 minutt\" \/>\n<script type=\"application\/ld+json\" class=\"yoast-schema-graph\">{\"@context\":\"https:\/\/schema.org\",\"@graph\":[{\"@type\":\"WebPage\",\"@id\":\"https:\/\/www.sendblaster.com\/nb\/send-bulk-e-post-din-egen-e-post-markedsforingskampanje-pa-fa-minutter\/\",\"url\":\"https:\/\/www.sendblaster.com\/nb\/send-bulk-e-post-din-egen-e-post-markedsforingskampanje-pa-fa-minutter\/\",\"name\":\"Send bulk e-post: din egen e-post markedsf\u00f8ringskampanje p\u00e5 f\u00e5 minutter - SendBlaster E-postmarkedsf\u00f8ring programvare\",\"isPartOf\":{\"@id\":\"https:\/\/www.sendblaster.com\/#website\"},\"primaryImageOfPage\":{\"@id\":\"https:\/\/www.sendblaster.com\/nb\/send-bulk-e-post-din-egen-e-post-markedsforingskampanje-pa-fa-minutter\/#primaryimage\"},\"image\":{\"@id\":\"https:\/\/www.sendblaster.com\/nb\/send-bulk-e-post-din-egen-e-post-markedsforingskampanje-pa-fa-minutter\/#primaryimage\"},\"thumbnailUrl\":\"https:\/\/www.sendblaster.com\/wp-content\/uploads\/2018\/03\/your-email-marketing-campaign-in-minutes.png\",\"datePublished\":\"2018-05-22T08:19:39+00:00\",\"dateModified\":\"2018-05-22T08:19:39+00:00\",\"description\":\"SendBlaster E-postmarkedsf\u00f8ring programvare Send bulk e-post: din egen e-post markedsf\u00f8ringskampanje p\u00e5 f\u00e5 minutter SendBlaster is a free bulk email software, a mass email marketing program and a bulk emailing sender. In today's Internet marketing strategies, being on\",\"breadcrumb\":{\"@id\":\"https:\/\/www.sendblaster.com\/nb\/send-bulk-e-post-din-egen-e-post-markedsforingskampanje-pa-fa-minutter\/#breadcrumb\"},\"inLanguage\":\"nb-NO\",\"potentialAction\":[{\"@type\":\"ReadAction\",\"target\":[\"https:\/\/www.sendblaster.com\/nb\/send-bulk-e-post-din-egen-e-post-markedsforingskampanje-pa-fa-minutter\/\"]}]},{\"@type\":\"ImageObject\",\"inLanguage\":\"nb-NO\",\"@id\":\"https:\/\/www.sendblaster.com\/nb\/send-bulk-e-post-din-egen-e-post-markedsforingskampanje-pa-fa-minutter\/#primaryimage\",\"url\":\"https:\/\/www.sendblaster.com\/wp-content\/uploads\/2018\/03\/your-email-marketing-campaign-in-minutes.png\",\"contentUrl\":\"https:\/\/www.sendblaster.com\/wp-content\/uploads\/2018\/03\/your-email-marketing-campaign-in-minutes.png\"},{\"@type\":\"BreadcrumbList\",\"@id\":\"https:\/\/www.sendblaster.com\/nb\/send-bulk-e-post-din-egen-e-post-markedsforingskampanje-pa-fa-minutter\/#breadcrumb\",\"itemListElement\":[{\"@type\":\"ListItem\",\"position\":1,\"name\":\"Home\",\"item\":\"https:\/\/www.sendblaster.com\/nb\/\"},{\"@type\":\"ListItem\",\"position\":2,\"name\":\"Send bulk e-post: din egen e-post markedsf\u00f8ringskampanje p\u00e5 f\u00e5 minutter\"}]},{\"@type\":\"WebSite\",\"@id\":\"https:\/\/www.sendblaster.com\/#website\",\"url\":\"https:\/\/www.sendblaster.com\/\",\"name\":\"SendBlaster E-postmarkedsf\u00f8ring programvare\",\"description\":\"\",\"publisher\":{\"@id\":\"https:\/\/www.sendblaster.com\/#organization\"},\"potentialAction\":[{\"@type\":\"SearchAction\",\"target\":{\"@type\":\"EntryPoint\",\"urlTemplate\":\"https:\/\/www.sendblaster.com\/?s={search_term_string}\"},\"query-input\":{\"@type\":\"PropertyValueSpecification\",\"valueRequired\":true,\"valueName\":\"search_term_string\"}}],\"inLanguage\":\"nb-NO\"},{\"@type\":\"Organization\",\"@id\":\"https:\/\/www.sendblaster.com\/#organization\",\"name\":\"SendBlaster E-postmarkedsf\u00f8ring programvare\",\"url\":\"https:\/\/www.sendblaster.com\/\",\"logo\":{\"@type\":\"ImageObject\",\"inLanguage\":\"nb-NO\",\"@id\":\"https:\/\/www.sendblaster.com\/#\/schema\/logo\/image\/\",\"url\":\"https:\/\/www.sendblaster.com\/wp-content\/uploads\/2021\/09\/logo-svg-2021.svg\",\"contentUrl\":\"https:\/\/www.sendblaster.com\/wp-content\/uploads\/2021\/09\/logo-svg-2021.svg\",\"width\":350,\"height\":70,\"caption\":\"SendBlaster E-postmarkedsf\u00f8ring programvare\"},\"image\":{\"@id\":\"https:\/\/www.sendblaster.com\/#\/schema\/logo\/image\/\"}}]}<\/script>\n<!-- \/ Yoast SEO plugin. -->","yoast_head_json":{"title":"Send bulk e-post: din egen e-post markedsf\u00f8ringskampanje p\u00e5 f\u00e5 minutter - SendBlaster E-postmarkedsf\u00f8ring programvare","description":"SendBlaster E-postmarkedsf\u00f8ring programvare Send bulk e-post: din egen e-post markedsf\u00f8ringskampanje p\u00e5 f\u00e5 minutter SendBlaster is a free bulk email software, a mass email marketing program and a bulk emailing sender. In today's Internet marketing strategies, being on","robots":{"index":"index","follow":"follow","max-snippet":"max-snippet:-1","max-image-preview":"max-image-preview:large","max-video-preview":"max-video-preview:-1"},"canonical":"https:\/\/www.sendblaster.com\/nb\/send-bulk-e-post-din-egen-e-post-markedsforingskampanje-pa-fa-minutter\/","og_locale":"nb_NO","og_type":"article","og_title":"Send bulk e-post: din egen e-post markedsf\u00f8ringskampanje p\u00e5 f\u00e5 minutter - SendBlaster E-postmarkedsf\u00f8ring programvare","og_description":"SendBlaster E-postmarkedsf\u00f8ring programvare Send bulk e-post: din egen e-post markedsf\u00f8ringskampanje p\u00e5 f\u00e5 minutter SendBlaster is a free bulk email software, a mass email marketing program and a bulk emailing sender. In today's Internet marketing strategies, being on","og_url":"https:\/\/www.sendblaster.com\/nb\/send-bulk-e-post-din-egen-e-post-markedsforingskampanje-pa-fa-minutter\/","og_site_name":"SendBlaster E-postmarkedsf\u00f8ring programvare","og_image":[{"url":"https:\/\/www.sendblaster.com\/wp-content\/uploads\/2018\/03\/your-email-marketing-campaign-in-minutes.png"}],"twitter_card":"summary_large_image","twitter_misc":{"Ansl. lesetid":"1 minutt"},"schema":{"@context":"https:\/\/schema.org","@graph":[{"@type":"WebPage","@id":"https:\/\/www.sendblaster.com\/nb\/send-bulk-e-post-din-egen-e-post-markedsforingskampanje-pa-fa-minutter\/","url":"https:\/\/www.sendblaster.com\/nb\/send-bulk-e-post-din-egen-e-post-markedsforingskampanje-pa-fa-minutter\/","name":"Send bulk e-post: din egen e-post markedsf\u00f8ringskampanje p\u00e5 f\u00e5 minutter - SendBlaster E-postmarkedsf\u00f8ring programvare","isPartOf":{"@id":"https:\/\/www.sendblaster.com\/#website"},"primaryImageOfPage":{"@id":"https:\/\/www.sendblaster.com\/nb\/send-bulk-e-post-din-egen-e-post-markedsforingskampanje-pa-fa-minutter\/#primaryimage"},"image":{"@id":"https:\/\/www.sendblaster.com\/nb\/send-bulk-e-post-din-egen-e-post-markedsforingskampanje-pa-fa-minutter\/#primaryimage"},"thumbnailUrl":"https:\/\/www.sendblaster.com\/wp-content\/uploads\/2018\/03\/your-email-marketing-campaign-in-minutes.png","datePublished":"2018-05-22T08:19:39+00:00","dateModified":"2018-05-22T08:19:39+00:00","description":"SendBlaster E-postmarkedsf\u00f8ring programvare Send bulk e-post: din egen e-post markedsf\u00f8ringskampanje p\u00e5 f\u00e5 minutter SendBlaster is a free bulk email software, a mass email marketing program and a bulk emailing sender. In today's Internet marketing strategies, being on","breadcrumb":{"@id":"https:\/\/www.sendblaster.com\/nb\/send-bulk-e-post-din-egen-e-post-markedsforingskampanje-pa-fa-minutter\/#breadcrumb"},"inLanguage":"nb-NO","potentialAction":[{"@type":"ReadAction","target":["https:\/\/www.sendblaster.com\/nb\/send-bulk-e-post-din-egen-e-post-markedsforingskampanje-pa-fa-minutter\/"]}]},{"@type":"ImageObject","inLanguage":"nb-NO","@id":"https:\/\/www.sendblaster.com\/nb\/send-bulk-e-post-din-egen-e-post-markedsforingskampanje-pa-fa-minutter\/#primaryimage","url":"https:\/\/www.sendblaster.com\/wp-content\/uploads\/2018\/03\/your-email-marketing-campaign-in-minutes.png","contentUrl":"https:\/\/www.sendblaster.com\/wp-content\/uploads\/2018\/03\/your-email-marketing-campaign-in-minutes.png"},{"@type":"BreadcrumbList","@id":"https:\/\/www.sendblaster.com\/nb\/send-bulk-e-post-din-egen-e-post-markedsforingskampanje-pa-fa-minutter\/#breadcrumb","itemListElement":[{"@type":"ListItem","position":1,"name":"Home","item":"https:\/\/www.sendblaster.com\/nb\/"},{"@type":"ListItem","position":2,"name":"Send bulk e-post: din egen e-post markedsf\u00f8ringskampanje p\u00e5 f\u00e5 minutter"}]},{"@type":"WebSite","@id":"https:\/\/www.sendblaster.com\/#website","url":"https:\/\/www.sendblaster.com\/","name":"SendBlaster E-postmarkedsf\u00f8ring programvare","description":"","publisher":{"@id":"https:\/\/www.sendblaster.com\/#organization"},"potentialAction":[{"@type":"SearchAction","target":{"@type":"EntryPoint","urlTemplate":"https:\/\/www.sendblaster.com\/?s={search_term_string}"},"query-input":{"@type":"PropertyValueSpecification","valueRequired":true,"valueName":"search_term_string"}}],"inLanguage":"nb-NO"},{"@type":"Organization","@id":"https:\/\/www.sendblaster.com\/#organization","name":"SendBlaster E-postmarkedsf\u00f8ring programvare","url":"https:\/\/www.sendblaster.com\/","logo":{"@type":"ImageObject","inLanguage":"nb-NO","@id":"https:\/\/www.sendblaster.com\/#\/schema\/logo\/image\/","url":"https:\/\/www.sendblaster.com\/wp-content\/uploads\/2021\/09\/logo-svg-2021.svg","contentUrl":"https:\/\/www.sendblaster.com\/wp-content\/uploads\/2021\/09\/logo-svg-2021.svg","width":350,"height":70,"caption":"SendBlaster E-postmarkedsf\u00f8ring programvare"},"image":{"@id":"https:\/\/www.sendblaster.com\/#\/schema\/logo\/image\/"}}]}},"_links":{"self":[{"href":"https:\/\/www.sendblaster.com\/nb\/wp-json\/wp\/v2\/pages\/2532"}],"collection":[{"href":"https:\/\/www.sendblaster.com\/nb\/wp-json\/wp\/v2\/pages"}],"about":[{"href":"https:\/\/www.sendblaster.com\/nb\/wp-json\/wp\/v2\/types\/page"}],"author":[{"embeddable":true,"href":"https:\/\/www.sendblaster.com\/nb\/wp-json\/wp\/v2\/users\/1"}],"replies":[{"embeddable":true,"href":"https:\/\/www.sendblaster.com\/nb\/wp-json\/wp\/v2\/comments?post=2532"}],"version-history":[{"count":1,"href":"https:\/\/www.sendblaster.com\/nb\/wp-json\/wp\/v2\/pages\/2532\/revisions"}],"predecessor-version":[{"id":2533,"href":"https:\/\/www.sendblaster.com\/nb\/wp-json\/wp\/v2\/pages\/2532\/revisions\/2533"}],"wp:attachment":[{"href":"https:\/\/www.sendblaster.com\/nb\/wp-json\/wp\/v2\/media?parent=2532"}],"curies":[{"name":"wp","href":"https:\/\/api.w.org\/{rel}","templated":true}]}}