{"id":2511,"date":"2018-05-22T07:51:59","date_gmt":"2018-05-22T07:51:59","guid":{"rendered":"https:\/\/www.sendblaster.com\/wpnew-2018\/?page_id=2511"},"modified":"2018-05-22T07:51:59","modified_gmt":"2018-05-22T07:51:59","slug":"last-ned-e-post-markedsforing","status":"publish","type":"page","link":"https:\/\/www.sendblaster.com\/nb\/last-ned-e-post-markedsforing\/","title":{"rendered":"Last ned E-post markedsf\u00f8ring"},"content":{"rendered":"<p style=\"text-align: center;\"><a href=\"https:\/\/www.sendblaster.com\/services\/download\/downloadsendblasterfree.php\" title=\"Last ned SendBlaster Free\" class=\"download-cta-big\">LAST NED GRATIS<br \/><small>100% gratis nyhetsbrev program<\/small><\/a><\/p>\n<p style=\"text-align: center;\" class=\"release-data\">Siste release: 4.4.2 | Releasedato: 2020\/04\/10 | St\u00f8rrelse: 40\nMB<\/p>\n<p>&nbsp;<\/p>\n<h2>Systemkrav<\/h2>\n<ul>\n<li><strong>Windows XP \/ Vista&nbsp;<\/strong><strong>\/ Windows 7 \/ Windows 8 \/ Windows 10<\/strong><\/li>\n<li>Microsoft Internet Explorer 8 eller h\u00f8yere<\/li>\n<li>100 MB tilgjengelig plass p\u00e5 harddisk<\/li>\n<li>1 GB RAM<\/li>\n<li>Internett-tilkobling (helst bredb\u00e5ndstilkobling)<\/li>\n<\/ul>\n<p>&nbsp;<\/p>\n<h2>Gratis og nyttige script for ditt web-omr\u00e5de<\/h2>\n<ul>\n<li><a href=\"wordpress-dobbel-optin-widget-plugin-nyhetsbrev-abonnement\" title=\"wordpress dobbel optin widget plugin nyhetsbrev abonnement\">WordPress dobbel optin widget plugin for nyhetsbrev-abonnement<\/a><\/li>\n<li><a href=\"mailing-spam-check-rate\" title=\"mailing spam check rate\">Mailing Spam Check rate<\/a><\/li>\n<li><a href=\"support\/lists-importing\/dobbel-opt-gratis-php-form-mail\" title=\"support, lists importing, dobbel opt gratis php form mail\">Dobbel Opt-in gratis PHP form mail<\/a><\/li>\n<li><a href=\"komplette-felt-form-mail-script\" title=\"komplette felt form mail script\">Komplette felt form mail script<\/a><\/li>\n<li><a href=\"support\/lists-importing\/single-opt-php-form-mail\" title=\"support, lists importing, single opt php form mail\">Single Opt-in PHP form mail<\/a><\/li>\n<li><a href=\"lag-din-egen-rettighetsbaserte-e-postliste-ved-hjelp-av-php-captcha-form-script\" title=\"lag din egen rettighetsbaserte e postliste ved hjelp av php captcha form script\">Lag din egen rettighetsbaserte e-postliste ved hjelp av Php Captcha Form Script<\/a><\/li>\n<li><a href=\"asp-single-opt-og-dobbel-opt-formmail-script\" title=\"asp single opt og dobbel opt formmail script\">ASP single opt-in og dobbel opt-in formmail script<\/a><\/li>\n<\/ul>\n","protected":false},"excerpt":{"rendered":"<p>LAST NED GRATIS100% gratis nyhetsbrev program Siste release: | Releasedato: | St\u00f8rrelse: MB &nbsp; Systemkrav Windows XP \/ Vista&nbsp;\/ Windows 7 \/ Windows 8 \/ Windows 10 Microsoft Internet Explorer 8 eller h\u00f8yere 100 MB tilgjengelig plass p\u00e5 harddisk 1 <\/p>\n<p class=\"read-more-container\"><a class=\"button read-more\" href=\"https:\/\/www.sendblaster.com\/nb\/last-ned-e-post-markedsforing\/\" title=\"\">Fortsett \u00e5 lese<\/a><\/p>\n","protected":false},"author":1,"featured_media":0,"parent":0,"menu_order":0,"comment_status":"closed","ping_status":"closed","template":"","meta":{"_monsterinsights_skip_tracking":false,"_monsterinsights_sitenote_active":false,"_monsterinsights_sitenote_note":"","_monsterinsights_sitenote_category":0,"footnotes":""},"class_list":["post-2511","page","type-page","status-publish"],"yoast_head":"<!-- This site is optimized with the Yoast SEO plugin v23.5 - https:\/\/yoast.com\/wordpress\/plugins\/seo\/ -->\n<title>Last ned E-post markedsf\u00f8ring - SendBlaster E-postmarkedsf\u00f8ring programvare<\/title>\n<meta name=\"description\" content=\"SendBlaster E-postmarkedsf\u00f8ring programvare Last ned E-post markedsf\u00f8ring LAST NED GRATIS100% gratis nyhetsbrev program Siste release: | Releasedato: | St\u00f8rrelse: MB &nbsp; Systemkrav Windows XP \/ Vista&nbsp;\/ Windows 7 \/\" \/>\n<meta name=\"robots\" content=\"index, follow, max-snippet:-1, max-image-preview:large, max-video-preview:-1\" \/>\n<link rel=\"canonical\" href=\"https:\/\/www.sendblaster.com\/nb\/last-ned-e-post-markedsforing\/\" \/>\n<meta property=\"og:locale\" content=\"nb_NO\" \/>\n<meta property=\"og:type\" content=\"article\" \/>\n<meta property=\"og:title\" content=\"Last ned E-post markedsf\u00f8ring - SendBlaster E-postmarkedsf\u00f8ring programvare\" \/>\n<meta property=\"og:description\" content=\"SendBlaster E-postmarkedsf\u00f8ring programvare Last ned E-post markedsf\u00f8ring LAST NED GRATIS100% gratis nyhetsbrev program Siste release: | Releasedato: | St\u00f8rrelse: MB &nbsp; Systemkrav Windows XP \/ Vista&nbsp;\/ Windows 7 \/\" \/>\n<meta property=\"og:url\" content=\"https:\/\/www.sendblaster.com\/nb\/last-ned-e-post-markedsforing\/\" \/>\n<meta property=\"og:site_name\" content=\"SendBlaster E-postmarkedsf\u00f8ring programvare\" \/>\n<meta name=\"twitter:card\" content=\"summary_large_image\" \/>\n<meta name=\"twitter:label1\" content=\"Ansl. lesetid\" \/>\n\t<meta name=\"twitter:data1\" content=\"1 minutt\" \/>\n<script type=\"application\/ld+json\" class=\"yoast-schema-graph\">{\"@context\":\"https:\/\/schema.org\",\"@graph\":[{\"@type\":\"WebPage\",\"@id\":\"https:\/\/www.sendblaster.com\/nb\/last-ned-e-post-markedsforing\/\",\"url\":\"https:\/\/www.sendblaster.com\/nb\/last-ned-e-post-markedsforing\/\",\"name\":\"Last ned E-post markedsf\u00f8ring - SendBlaster E-postmarkedsf\u00f8ring programvare\",\"isPartOf\":{\"@id\":\"https:\/\/www.sendblaster.com\/#website\"},\"datePublished\":\"2018-05-22T07:51:59+00:00\",\"dateModified\":\"2018-05-22T07:51:59+00:00\",\"description\":\"SendBlaster E-postmarkedsf\u00f8ring programvare Last ned E-post markedsf\u00f8ring LAST NED GRATIS100% gratis nyhetsbrev program Siste release: | Releasedato: | St\u00f8rrelse: MB &nbsp; Systemkrav Windows XP \/ Vista&nbsp;\/ Windows 7 \/\",\"breadcrumb\":{\"@id\":\"https:\/\/www.sendblaster.com\/nb\/last-ned-e-post-markedsforing\/#breadcrumb\"},\"inLanguage\":\"nb-NO\",\"potentialAction\":[{\"@type\":\"ReadAction\",\"target\":[\"https:\/\/www.sendblaster.com\/nb\/last-ned-e-post-markedsforing\/\"]}]},{\"@type\":\"BreadcrumbList\",\"@id\":\"https:\/\/www.sendblaster.com\/nb\/last-ned-e-post-markedsforing\/#breadcrumb\",\"itemListElement\":[{\"@type\":\"ListItem\",\"position\":1,\"name\":\"Home\",\"item\":\"https:\/\/www.sendblaster.com\/nb\/\"},{\"@type\":\"ListItem\",\"position\":2,\"name\":\"Last ned E-post markedsf\u00f8ring\"}]},{\"@type\":\"WebSite\",\"@id\":\"https:\/\/www.sendblaster.com\/#website\",\"url\":\"https:\/\/www.sendblaster.com\/\",\"name\":\"SendBlaster E-postmarkedsf\u00f8ring programvare\",\"description\":\"\",\"publisher\":{\"@id\":\"https:\/\/www.sendblaster.com\/#organization\"},\"potentialAction\":[{\"@type\":\"SearchAction\",\"target\":{\"@type\":\"EntryPoint\",\"urlTemplate\":\"https:\/\/www.sendblaster.com\/?s={search_term_string}\"},\"query-input\":{\"@type\":\"PropertyValueSpecification\",\"valueRequired\":true,\"valueName\":\"search_term_string\"}}],\"inLanguage\":\"nb-NO\"},{\"@type\":\"Organization\",\"@id\":\"https:\/\/www.sendblaster.com\/#organization\",\"name\":\"SendBlaster E-postmarkedsf\u00f8ring programvare\",\"url\":\"https:\/\/www.sendblaster.com\/\",\"logo\":{\"@type\":\"ImageObject\",\"inLanguage\":\"nb-NO\",\"@id\":\"https:\/\/www.sendblaster.com\/#\/schema\/logo\/image\/\",\"url\":\"https:\/\/www.sendblaster.com\/wp-content\/uploads\/2021\/09\/logo-svg-2021.svg\",\"contentUrl\":\"https:\/\/www.sendblaster.com\/wp-content\/uploads\/2021\/09\/logo-svg-2021.svg\",\"width\":350,\"height\":70,\"caption\":\"SendBlaster E-postmarkedsf\u00f8ring programvare\"},\"image\":{\"@id\":\"https:\/\/www.sendblaster.com\/#\/schema\/logo\/image\/\"}}]}<\/script>\n<!-- \/ Yoast SEO plugin. -->","yoast_head_json":{"title":"Last ned E-post markedsf\u00f8ring - SendBlaster E-postmarkedsf\u00f8ring programvare","description":"SendBlaster E-postmarkedsf\u00f8ring programvare Last ned E-post markedsf\u00f8ring LAST NED GRATIS100% gratis nyhetsbrev program Siste release: | Releasedato: | St\u00f8rrelse: MB &nbsp; Systemkrav Windows XP \/ Vista&nbsp;\/ Windows 7 \/","robots":{"index":"index","follow":"follow","max-snippet":"max-snippet:-1","max-image-preview":"max-image-preview:large","max-video-preview":"max-video-preview:-1"},"canonical":"https:\/\/www.sendblaster.com\/nb\/last-ned-e-post-markedsforing\/","og_locale":"nb_NO","og_type":"article","og_title":"Last ned E-post markedsf\u00f8ring - SendBlaster E-postmarkedsf\u00f8ring programvare","og_description":"SendBlaster E-postmarkedsf\u00f8ring programvare Last ned E-post markedsf\u00f8ring LAST NED GRATIS100% gratis nyhetsbrev program Siste release: | Releasedato: | St\u00f8rrelse: MB &nbsp; Systemkrav Windows XP \/ Vista&nbsp;\/ Windows 7 \/","og_url":"https:\/\/www.sendblaster.com\/nb\/last-ned-e-post-markedsforing\/","og_site_name":"SendBlaster E-postmarkedsf\u00f8ring programvare","twitter_card":"summary_large_image","twitter_misc":{"Ansl. lesetid":"1 minutt"},"schema":{"@context":"https:\/\/schema.org","@graph":[{"@type":"WebPage","@id":"https:\/\/www.sendblaster.com\/nb\/last-ned-e-post-markedsforing\/","url":"https:\/\/www.sendblaster.com\/nb\/last-ned-e-post-markedsforing\/","name":"Last ned E-post markedsf\u00f8ring - SendBlaster E-postmarkedsf\u00f8ring programvare","isPartOf":{"@id":"https:\/\/www.sendblaster.com\/#website"},"datePublished":"2018-05-22T07:51:59+00:00","dateModified":"2018-05-22T07:51:59+00:00","description":"SendBlaster E-postmarkedsf\u00f8ring programvare Last ned E-post markedsf\u00f8ring LAST NED GRATIS100% gratis nyhetsbrev program Siste release: | Releasedato: | St\u00f8rrelse: MB &nbsp; Systemkrav Windows XP \/ Vista&nbsp;\/ Windows 7 \/","breadcrumb":{"@id":"https:\/\/www.sendblaster.com\/nb\/last-ned-e-post-markedsforing\/#breadcrumb"},"inLanguage":"nb-NO","potentialAction":[{"@type":"ReadAction","target":["https:\/\/www.sendblaster.com\/nb\/last-ned-e-post-markedsforing\/"]}]},{"@type":"BreadcrumbList","@id":"https:\/\/www.sendblaster.com\/nb\/last-ned-e-post-markedsforing\/#breadcrumb","itemListElement":[{"@type":"ListItem","position":1,"name":"Home","item":"https:\/\/www.sendblaster.com\/nb\/"},{"@type":"ListItem","position":2,"name":"Last ned E-post markedsf\u00f8ring"}]},{"@type":"WebSite","@id":"https:\/\/www.sendblaster.com\/#website","url":"https:\/\/www.sendblaster.com\/","name":"SendBlaster E-postmarkedsf\u00f8ring programvare","description":"","publisher":{"@id":"https:\/\/www.sendblaster.com\/#organization"},"potentialAction":[{"@type":"SearchAction","target":{"@type":"EntryPoint","urlTemplate":"https:\/\/www.sendblaster.com\/?s={search_term_string}"},"query-input":{"@type":"PropertyValueSpecification","valueRequired":true,"valueName":"search_term_string"}}],"inLanguage":"nb-NO"},{"@type":"Organization","@id":"https:\/\/www.sendblaster.com\/#organization","name":"SendBlaster E-postmarkedsf\u00f8ring programvare","url":"https:\/\/www.sendblaster.com\/","logo":{"@type":"ImageObject","inLanguage":"nb-NO","@id":"https:\/\/www.sendblaster.com\/#\/schema\/logo\/image\/","url":"https:\/\/www.sendblaster.com\/wp-content\/uploads\/2021\/09\/logo-svg-2021.svg","contentUrl":"https:\/\/www.sendblaster.com\/wp-content\/uploads\/2021\/09\/logo-svg-2021.svg","width":350,"height":70,"caption":"SendBlaster E-postmarkedsf\u00f8ring programvare"},"image":{"@id":"https:\/\/www.sendblaster.com\/#\/schema\/logo\/image\/"}}]}},"_links":{"self":[{"href":"https:\/\/www.sendblaster.com\/nb\/wp-json\/wp\/v2\/pages\/2511"}],"collection":[{"href":"https:\/\/www.sendblaster.com\/nb\/wp-json\/wp\/v2\/pages"}],"about":[{"href":"https:\/\/www.sendblaster.com\/nb\/wp-json\/wp\/v2\/types\/page"}],"author":[{"embeddable":true,"href":"https:\/\/www.sendblaster.com\/nb\/wp-json\/wp\/v2\/users\/1"}],"replies":[{"embeddable":true,"href":"https:\/\/www.sendblaster.com\/nb\/wp-json\/wp\/v2\/comments?post=2511"}],"version-history":[{"count":2,"href":"https:\/\/www.sendblaster.com\/nb\/wp-json\/wp\/v2\/pages\/2511\/revisions"}],"predecessor-version":[{"id":2513,"href":"https:\/\/www.sendblaster.com\/nb\/wp-json\/wp\/v2\/pages\/2511\/revisions\/2513"}],"wp:attachment":[{"href":"https:\/\/www.sendblaster.com\/nb\/wp-json\/wp\/v2\/media?parent=2511"}],"curies":[{"name":"wp","href":"https:\/\/api.w.org\/{rel}","templated":true}]}}